{"id":13938,"date":"2023-11-08T15:53:26","date_gmt":"2023-11-08T15:53:26","guid":{"rendered":"https:\/\/moverdb.com\/freight-forwarder\/freight-forwarding-uk\/edinburgh-freight-forwarder\/"},"modified":"2026-01-08T13:17:29","modified_gmt":"2026-01-08T13:17:29","slug":"edinburgh-freight-forwarder","status":"publish","type":"page","link":"https:\/\/moverdb.com\/hu\/freight-forwarder\/freight-forwarding-uk\/edinburgh-freight-forwarder\/","title":{"rendered":"3 legjobb edinburgh-i sz\u00e1ll\u00edtm\u00e1nyoz\u00f3 c\u00e9g (2024)"},"content":{"rendered":"<p>Az al\u00e1bbiakban megvizsg\u00e1ljuk a 3 <em>\"legjobb\"<\/em> Sz\u00e1ll\u00edtm\u00e1nyoz\u00e1si v\u00e1llalatok <a href=\"\" data-internallinksmanager029f6b8e52c=\"44\" title=\"Edinburgh\">Edinburgh<\/a> a 4-b\u0151l.<\/p>\n<p>Ha t\u00f6bbet szeretne megtudni arr\u00f3l, hogyan v\u00e1lasztottuk ki a legjobbakat, k\u00e9rj\u00fck, tekintse meg a v\u00e9g\u00e9n tal\u00e1lhat\u00f3 GYIK r\u00e9szt.<\/p>\n<p><em>K\u00e9rj\u00fck, ne feledje, hogy az al\u00e1bbi list\u00e1k nem \u00e1llnak meghat\u00e1rozott sorrendben, \u00e9s nem tesz\u00fcnk aj\u00e1nl\u00e1sokat egyetlen adott c\u00e9gre sem.<\/em><\/p>\n<div id=\"ez-toc-container\" class=\"ez-toc-v2_0_82_2 ez-toc-wrap-left counter-hierarchy ez-toc-counter ez-toc-transparent ez-toc-container-direction\">\n<div class=\"ez-toc-title-container\">\n<p class=\"ez-toc-title\" style=\"cursor:inherit\">Szakaszok<\/p>\n<span class=\"ez-toc-title-toggle\"><a href=\"#\" class=\"ez-toc-pull-right ez-toc-btn ez-toc-btn-xs ez-toc-btn-default ez-toc-toggle\" aria-label=\"Toggle Tartalomjegyz\u00e9k\"><span class=\"ez-toc-js-icon-con\"><span class=\"\"><span class=\"eztoc-hide\" style=\"display:none;\">Toggle<\/span><span class=\"ez-toc-icon-toggle-span\"><svg style=\"fill: #999;color:#999\" xmlns=\"http:\/\/www.w3.org\/2000\/svg\" class=\"list-377408\" width=\"20px\" height=\"20px\" viewbox=\"0 0 24 24\" fill=\"none\"><path d=\"M6 6H4v2h2V6zm14 0H8v2h12V6zM4 11h2v2H4v-2zm16 0H8v2h12v-2zM4 16h2v2H4v-2zm16 0H8v2h12v-2z\" fill=\"currentColor\"><\/path><\/svg><svg style=\"fill: #999;color:#999\" class=\"arrow-unsorted-368013\" xmlns=\"http:\/\/www.w3.org\/2000\/svg\" width=\"10px\" height=\"10px\" viewbox=\"0 0 24 24\" version=\"1.2\" baseprofile=\"tiny\"><path d=\"M18.2 9.3l-6.2-6.3-6.2 6.3c-.2.2-.3.4-.3.7s.1.5.3.7c.2.2.4.3.7.3h11c.3 0 .5-.1.7-.3.2-.2.3-.5.3-.7s-.1-.5-.3-.7zM5.8 14.7l6.2 6.3 6.2-6.3c.2-.2.3-.5.3-.7s-.1-.5-.3-.7c-.2-.2-.4-.3-.7-.3h-11c-.3 0-.5.1-.7.3-.2.2-.3.5-.3.7s.1.5.3.7z\"\/><\/svg><\/span><\/span><\/span><\/a><\/span><\/div>\n<nav><ul class='ez-toc-list ez-toc-list-level-1 eztoc-toggle-hide-by-default' ><li class='ez-toc-page-1 ez-toc-heading-level-2'><a class=\"ez-toc-link ez-toc-heading-1\" href=\"https:\/\/moverdb.com\/hu\/freight-forwarder\/freight-forwarding-uk\/edinburgh-freight-forwarder\/#SM_Globally_Sorted_Ltd\" >SM Globally Sorted Ltd<\/a><\/li><li class='ez-toc-page-1 ez-toc-heading-level-2'><a class=\"ez-toc-link ez-toc-heading-2\" href=\"https:\/\/moverdb.com\/hu\/freight-forwarder\/freight-forwarding-uk\/edinburgh-freight-forwarder\/#W_F_S_Worldwide_Flight_Services\" >W F S Worldwide Flight Services<\/a><\/li><li class='ez-toc-page-1 ez-toc-heading-level-2'><a class=\"ez-toc-link ez-toc-heading-3\" href=\"https:\/\/moverdb.com\/hu\/freight-forwarder\/freight-forwarding-uk\/edinburgh-freight-forwarder\/#SeaRatescom\" >SeaRates.com<\/a><\/li><li class='ez-toc-page-1 ez-toc-heading-level-2'><a class=\"ez-toc-link ez-toc-heading-4\" href=\"https:\/\/moverdb.com\/hu\/freight-forwarder\/freight-forwarding-uk\/edinburgh-freight-forwarder\/#How_we_picked_the_best_Edinburgh_Freight_Forwarding_Companies\" >Hogyan v\u00e1lasztottuk ki a legjobb Edinburgh-i sz\u00e1ll\u00edtm\u00e1nyoz\u00f3 c\u00e9geket<\/a><\/li><\/ul><\/nav><\/div>\n<h2><span class=\"ez-toc-section\" id=\"SM_Globally_Sorted_Ltd\"><\/span>SM Globally Sorted Ltd<span class=\"ez-toc-section-end\"><\/span><\/h2>\n<p><img decoding=\"async\" src=\"https:\/\/moverdb.com\/wp-content\/uploads\/AF1QipOorZq_NRmHUfR9a8a0Zo8rZlJrHoPOt5J04PX9w408-h306-k-no.jpg\" alt='SM Globally Sorted Ltd' class=\"aligncenter\"><\/p>\n<p><strong>A v\u00e1llalkoz\u00e1s le\u00edr\u00e1sa: <\/strong>\u00c9jjel-nappal dolgozunk annak \u00e9rdek\u00e9ben, hogy minden alkalommal id\u0151ben teljes\u00edts\u00fck a megrendel\u00e9st.<\/p>\n<p>Tegye meg az els\u0151 l\u00e9p\u00e9seket, \u00e9s mi megmutatjuk, mire vagyunk k\u00e9pesek.<\/p>\n<p>.<\/p>\n<p>.<\/p>\n<p>.<\/p>\n<p>* P\u00e9nz\u00fcgyi szolg\u00e1ltat\u00e1sok<br \/>\n* Rendezv\u00e9nyek gy\u00e1rt\u00e1sa<br \/>\n* Kont\u00e9ner\/sz\u00e1ll\u00edtm\u00e1ny foglal\u00e1sok<br \/>\n* Sz\u00e1ll\u00edtm\u00e1nyoz\u00e1s<br \/>\n* csomagfelad\u00e1si\/gy\u0171jt\u00e9si pont<\/p>\n<p><strong>Tov\u00e1bbi szolg\u00e1ltat\u00e1sok:<\/strong><\/p>\n<p>Kont\u00e9nersz\u00e1ll\u00edt\u00f3<\/p>\n<p>Zenei menedzsment \u00e9s prom\u00f3ci\u00f3<\/p>\n<p><strong>C\u00edm:<\/strong> 36 Great Jct St, Leith, Edinburgh EH6 5LA<\/p>\n<p><a href=\"http:\/\/www.smgloballysorted.com\/\" target=\"_new\" rel=\"noopener\">SM Globally Sorted Ltd honlapja<\/a><\/p>\n<p><strong>\u00c9rt\u00e9kel\u00e9si pontsz\u00e1m: <\/strong>4.9<br \/> <strong>V\u00e9lem\u00e9nyek sz\u00e1ma:<\/strong> 15<br \/><a href=\"https:\/\/www.google.co.uk\/maps?cid=16894534534254457382&#038;hl=en&#038;gl=GB\" target=\"_new\" rel=\"noopener\">V\u00e9lem\u00e9nyek olvas\u00e1sa<\/a><\/p>\n<h2><span class=\"ez-toc-section\" id=\"W_F_S_Worldwide_Flight_Services\"><\/span>W F S Worldwide Flight Services<span class=\"ez-toc-section-end\"><\/span><\/h2>\n<p><img decoding=\"async\" src=\"https:\/\/moverdb.com\/wp-content\/uploads\/thumbnailpanoid2OkUi80ZislwqT5KAKk3HAcb_clientsearch.gws-prod.gpsw408h240yaw239.jpg\" alt='W F S Worldwide Flight Services' class=\"aligncenter\"><\/p>\n<p><strong>A v\u00e1llalkoz\u00e1s le\u00edr\u00e1sa: <\/strong>Teherfuvaroz\u00e1si szolg\u00e1ltat\u00e1sok<\/p>\n<p><strong>Tov\u00e1bbi szolg\u00e1ltat\u00e1sok:<\/strong><\/p>\n<p>Nincs list\u00e1zva<\/p>\n<p><strong>C\u00edm:<\/strong> Cargo Terminal, Turnhouse Rd, Edinburgh EH12 0AL<\/p>\n<p><a href=\"http:\/\/www.wfs.aero\/\" target=\"_new\" rel=\"noopener\">W F S Worldwide Flight Services honlapja<\/a><\/p>\n<p><strong>\u00c9rt\u00e9kel\u00e9si pontsz\u00e1m: <\/strong>4.4<br \/> <strong>V\u00e9lem\u00e9nyek sz\u00e1ma:<\/strong> 31<br \/><a href=\"https:\/\/www.google.co.uk\/maps?cid=9592439010681384546&#038;hl=en&#038;gl=GB\" target=\"_new\" rel=\"noopener\">V\u00e9lem\u00e9nyek olvas\u00e1sa<\/a><\/p>\n<h2><span class=\"ez-toc-section\" id=\"SeaRatescom\"><\/span>SeaRates.com<span class=\"ez-toc-section-end\"><\/span><\/h2>\n<p><img decoding=\"async\" src=\"https:\/\/moverdb.com\/wp-content\/uploads\/thumbnailpanoidUuONa3h8VoqRKpoir87Ikgcb_clientsearch.gws-prod.gpsw408h240yaw332.jpg\" alt='SeaRates.com' class=\"aligncenter\"><\/p>\n<p><strong>A v\u00e1llalkoz\u00e1s le\u00edr\u00e1sa: <\/strong>Nincs megadva<\/p>\n<p><strong>Tov\u00e1bbi szolg\u00e1ltat\u00e1sok:<\/strong><\/p>\n<p>Sz\u00e1ll\u00edt\u00f3 c\u00e9g<\/p>\n<p><strong>C\u00edm:<\/strong> 101 Rose St S Ln, Edinburgh EH4 4UQ<\/p>\n<p><a href=\"https:\/\/www.searates.com\/\" target=\"_new\" rel=\"noopener\">SeaRates.com weboldal<\/a><\/p>\n<p><strong>\u00c9rt\u00e9kel\u00e9si pontsz\u00e1m: <\/strong>4.4<br \/> <strong>V\u00e9lem\u00e9nyek sz\u00e1ma:<\/strong> 16<br \/><a href=\"https:\/\/www.google.co.uk\/maps?cid=1187702434461284683&#038;hl=en&#038;gl=GB\" target=\"_new\" rel=\"noopener\">V\u00e9lem\u00e9nyek olvas\u00e1sa<\/a><\/p>\n<h2><span class=\"ez-toc-section\" id=\"How_we_picked_the_best_Edinburgh_Freight_Forwarding_Companies\"><\/span>Hogyan v\u00e1lasztottuk ki a legjobb Edinburgh-i sz\u00e1ll\u00edtm\u00e1nyoz\u00f3 c\u00e9geket<span class=\"ez-toc-section-end\"><\/span><\/h2>\n<p>A Google Maps seg\u00edts\u00e9g\u00e9vel 4 edinburgh-i sz\u00e1ll\u00edtm\u00e1nyoz\u00f3 c\u00e9get tartalmaz\u00f3 adatsorral kezdt\u00fck, \u00e9s lesz\u0171k\u00edtett\u00fck a 3 legjobbra.<\/p>\n<p>Ehhez elt\u00e1vol\u00edtottunk minden olyan v\u00e1llalatot, amely:<\/p>\n<ul>\n<li> Nem volt honlapja<\/li>\n<li> Nem volt \u00e9rt\u00e9kel\u00e9s<\/li>\n<li> 2.0 alatti \u00e1tlagos \u00e9rt\u00e9kel\u00e9si pontsz\u00e1mmal rendelkezett<\/li>\n<\/ul>\n<p>Ekkor, ha 17 vagy ann\u00e1l kevesebb sz\u00e1ll\u00edt\u00f3nk volt, akkor mindet felsoroltuk.<\/p>\n<p>Azokban a v\u00e1rosokban, ahol 17-n\u00e9l t\u00f6bb sz\u00e1ll\u00edtm\u00e1nyoz\u00f3 maradt, tov\u00e1bbi m\u00f3dos\u00edt\u00e1sokat hajtottunk v\u00e9gre az\u00e1ltal, hogy vagy megemelt\u00fck a sz\u00fcks\u00e9ges \u00e9rt\u00e9kel\u00e9si pontsz\u00e1mot (pl. a minim\u00e1lis 2,0-r\u00f3l 4,0-ra) \u00e9s\/vagy megn\u00f6velt\u00fck a sz\u00fcks\u00e9ges \u00e9rt\u00e9kel\u00e9sek minim\u00e1lis sz\u00e1m\u00e1t (pl. legal\u00e1bb 1 \u00e9rt\u00e9kel\u00e9sr\u0151l legal\u00e1bb 10-re).<\/p>\n<p>Megjegyzend\u0151, hogy csak a Google Maps \u00e1ttekint\u00e9si adatait haszn\u00e1ltuk fel, m\u00e1s, harmadik f\u00e9lt\u0151l sz\u00e1rmaz\u00f3 weboldalakat nem.<\/p>\n<p>Tov\u00e1bbi v\u00e1rosok:<\/p>\n<p><a href=\"https:\/\/moverdb.com\/hu\/szallitmanyozo\/freight-forwarding-uk\/wakefield-freight-forwarder\/\">Wakefield sz\u00e1ll\u00edtm\u00e1nyoz\u00f3<\/a><br \/><a href=\"https:\/\/moverdb.com\/hu\/szallitmanyozo\/freight-forwarding-uk\/christchurch-freight-forwarder\/\">Christchurch sz\u00e1ll\u00edtm\u00e1nyoz\u00f3<\/a><br \/><a href=\"https:\/\/moverdb.com\/hu\/szallitmanyozo\/freight-forwarding-uk\/braintree-freight-forwarder\/\">Braintree sz\u00e1ll\u00edtm\u00e1nyoz\u00f3<\/a><br \/><a href=\"https:\/\/moverdb.com\/hu\/szallitmanyozo\/freight-forwarding-uk\/ilford-freight-forwarder\/\">Ilford sz\u00e1ll\u00edtm\u00e1nyoz\u00f3<\/a><br \/><a href=\"https:\/\/moverdb.com\/hu\/szallitmanyozo\/freight-forwarding-uk\/stockport-freight-forwarder\/\">Stockport sz\u00e1ll\u00edtm\u00e1nyoz\u00f3<\/a><\/p>","protected":false},"excerpt":{"rendered":"<p>Below we look at the 3 &#8220;best&#8221; Freight Forwarding companies in Edinburgh out of 4. To learn more about how we chose the best please consult our FAQ section at the end. Please not the following listings are in no particular order and we are not making any recommendations for any particular company. SM Globally [&hellip;]<\/p>\n","protected":false},"author":1,"featured_media":0,"parent":13427,"menu_order":0,"comment_status":"open","ping_status":"open","template":"","meta":{"_genesis_hide_title":false,"_genesis_hide_breadcrumbs":false,"_genesis_hide_singular_image":false,"_genesis_hide_footer_widgets":false,"_genesis_custom_body_class":"","_genesis_custom_post_class":"","_genesis_layout":"","footnotes":""},"class_list":{"0":"post-13938","1":"page","2":"type-page","3":"status-publish","5":"entry"},"_links":{"self":[{"href":"https:\/\/moverdb.com\/hu\/wp-json\/wp\/v2\/pages\/13938","targetHints":{"allow":["GET"]}}],"collection":[{"href":"https:\/\/moverdb.com\/hu\/wp-json\/wp\/v2\/pages"}],"about":[{"href":"https:\/\/moverdb.com\/hu\/wp-json\/wp\/v2\/types\/page"}],"author":[{"embeddable":true,"href":"https:\/\/moverdb.com\/hu\/wp-json\/wp\/v2\/users\/1"}],"replies":[{"embeddable":true,"href":"https:\/\/moverdb.com\/hu\/wp-json\/wp\/v2\/comments?post=13938"}],"version-history":[{"count":1,"href":"https:\/\/moverdb.com\/hu\/wp-json\/wp\/v2\/pages\/13938\/revisions"}],"predecessor-version":[{"id":15765,"href":"https:\/\/moverdb.com\/hu\/wp-json\/wp\/v2\/pages\/13938\/revisions\/15765"}],"up":[{"embeddable":true,"href":"https:\/\/moverdb.com\/hu\/wp-json\/wp\/v2\/pages\/13427"}],"wp:attachment":[{"href":"https:\/\/moverdb.com\/hu\/wp-json\/wp\/v2\/media?parent=13938"}],"curies":[{"name":"wp","href":"https:\/\/api.w.org\/{rel}","templated":true}]}}