{"id":13926,"date":"2023-11-08T15:53:26","date_gmt":"2023-11-08T15:53:26","guid":{"rendered":"https:\/\/moverdb.com\/freight-forwarder\/freight-forwarding-uk\/milton-keynes-freight-forwarder\/"},"modified":"2026-01-08T13:17:53","modified_gmt":"2026-01-08T13:17:53","slug":"milton-keynes-freight-forwarder","status":"publish","type":"page","link":"https:\/\/moverdb.com\/hu\/freight-forwarder\/freight-forwarding-uk\/milton-keynes-freight-forwarder\/","title":{"rendered":"4 Legjobb Milton Keynes sz\u00e1ll\u00edtm\u00e1nyoz\u00f3 c\u00e9gek (2024)"},"content":{"rendered":"<p>Az al\u00e1bbiakban megvizsg\u00e1ljuk a 4 <em>\"legjobb\"<\/em> Sz\u00e1ll\u00edtm\u00e1nyoz\u00e1si c\u00e9gek Milton Keynes-ben 15-b\u0151l.<\/p>\n<p>Ha t\u00f6bbet szeretne megtudni arr\u00f3l, hogyan v\u00e1lasztottuk ki a legjobbakat, k\u00e9rj\u00fck, tekintse meg a v\u00e9g\u00e9n tal\u00e1lhat\u00f3 GYIK r\u00e9szt.<\/p>\n<p><em>K\u00e9rj\u00fck, ne feledje, hogy az al\u00e1bbi list\u00e1k nem \u00e1llnak meghat\u00e1rozott sorrendben, \u00e9s nem tesz\u00fcnk aj\u00e1nl\u00e1sokat egyetlen adott c\u00e9gre sem.<\/em><\/p>\n<div id=\"ez-toc-container\" class=\"ez-toc-v2_0_82_2 ez-toc-wrap-left counter-hierarchy ez-toc-counter ez-toc-transparent ez-toc-container-direction\">\n<div class=\"ez-toc-title-container\">\n<p class=\"ez-toc-title\" style=\"cursor:inherit\">Szakaszok<\/p>\n<span class=\"ez-toc-title-toggle\"><a href=\"#\" class=\"ez-toc-pull-right ez-toc-btn ez-toc-btn-xs ez-toc-btn-default ez-toc-toggle\" aria-label=\"Toggle Tartalomjegyz\u00e9k\"><span class=\"ez-toc-js-icon-con\"><span class=\"\"><span class=\"eztoc-hide\" style=\"display:none;\">Toggle<\/span><span class=\"ez-toc-icon-toggle-span\"><svg style=\"fill: #999;color:#999\" xmlns=\"http:\/\/www.w3.org\/2000\/svg\" class=\"list-377408\" width=\"20px\" height=\"20px\" viewbox=\"0 0 24 24\" fill=\"none\"><path d=\"M6 6H4v2h2V6zm14 0H8v2h12V6zM4 11h2v2H4v-2zm16 0H8v2h12v-2zM4 16h2v2H4v-2zm16 0H8v2h12v-2z\" fill=\"currentColor\"><\/path><\/svg><svg style=\"fill: #999;color:#999\" class=\"arrow-unsorted-368013\" xmlns=\"http:\/\/www.w3.org\/2000\/svg\" width=\"10px\" height=\"10px\" viewbox=\"0 0 24 24\" version=\"1.2\" baseprofile=\"tiny\"><path d=\"M18.2 9.3l-6.2-6.3-6.2 6.3c-.2.2-.3.4-.3.7s.1.5.3.7c.2.2.4.3.7.3h11c.3 0 .5-.1.7-.3.2-.2.3-.5.3-.7s-.1-.5-.3-.7zM5.8 14.7l6.2 6.3 6.2-6.3c.2-.2.3-.5.3-.7s-.1-.5-.3-.7c-.2-.2-.4-.3-.7-.3h-11c-.3 0-.5.1-.7.3-.2.2-.3.5-.3.7s.1.5.3.7z\"\/><\/svg><\/span><\/span><\/span><\/a><\/span><\/div>\n<nav><ul class='ez-toc-list ez-toc-list-level-1 eztoc-toggle-hide-by-default' ><li class='ez-toc-page-1 ez-toc-heading-level-2'><a class=\"ez-toc-link ez-toc-heading-1\" href=\"https:\/\/moverdb.com\/hu\/freight-forwarder\/freight-forwarding-uk\/milton-keynes-freight-forwarder\/#FNC_Network_Ltd\" >FNC Network Ltd<\/a><\/li><li class='ez-toc-page-1 ez-toc-heading-level-2'><a class=\"ez-toc-link ez-toc-heading-2\" href=\"https:\/\/moverdb.com\/hu\/freight-forwarder\/freight-forwarding-uk\/milton-keynes-freight-forwarder\/#Intercargo_Ltd\" >Intercargo Ltd<\/a><\/li><li class='ez-toc-page-1 ez-toc-heading-level-2'><a class=\"ez-toc-link ez-toc-heading-3\" href=\"https:\/\/moverdb.com\/hu\/freight-forwarder\/freight-forwarding-uk\/milton-keynes-freight-forwarder\/#UNIQUE_LINE_CARGO\" >EGYEDI VONALAS RAKOM\u00c1NY<\/a><\/li><li class='ez-toc-page-1 ez-toc-heading-level-2'><a class=\"ez-toc-link ez-toc-heading-4\" href=\"https:\/\/moverdb.com\/hu\/freight-forwarder\/freight-forwarding-uk\/milton-keynes-freight-forwarder\/#MK_Logistics_Ltd\" >MK Logistics Ltd.<\/a><\/li><li class='ez-toc-page-1 ez-toc-heading-level-2'><a class=\"ez-toc-link ez-toc-heading-5\" href=\"https:\/\/moverdb.com\/hu\/freight-forwarder\/freight-forwarding-uk\/milton-keynes-freight-forwarder\/#How_we_picked_the_best_Milton_Keynes_Freight_Forwarding_Companies\" >Hogyan v\u00e1lasztottuk ki a legjobb Milton Keynes sz\u00e1ll\u00edtm\u00e1nyoz\u00f3 c\u00e9geket<\/a><\/li><\/ul><\/nav><\/div>\n<h2><span class=\"ez-toc-section\" id=\"FNC_Network_Ltd\"><\/span>FNC Network Ltd<span class=\"ez-toc-section-end\"><\/span><\/h2>\n<p><img decoding=\"async\" src=\"https:\/\/moverdb.com\/wp-content\/uploads\/AF1QipOV8jcFuLVMdfSg6cyIQQwDgS5nT2E50tnxeMNAw674-h240-k-no.png\" alt='FNC Network Ltd' class=\"aligncenter\"><\/p>\n<p><strong>A v\u00e1llalkoz\u00e1s le\u00edr\u00e1sa: <\/strong>Az FNC egy glob\u00e1lis logisztikai h\u00e1l\u00f3zat (<a href=\"https:\/\/moverdb.com\/hu\/freight-forwarder\/\" data-internallinksmanager029f6b8e52c=\"17\" title=\"Sz\u00e1ll\u00edtm\u00e1nyoz\u00f3 \u00e9s NVOCC nemzetk\u00f6zi k\u00f6lts\u00e9g \u00e9s c\u00e9gek \u00fatmutat\u00f3ja\">sz\u00e1ll\u00edtm\u00e1nyoz\u00f3<\/a> h\u00e1l\u00f3zat) t\u00f6bb mint 490+ k\u00f6z\u00e9pm\u00e9ret\u0171 sz\u00e1ll\u00edtm\u00e1nyoz\u00f3 \u00e9s logisztikai v\u00e1llalatot foglal mag\u00e1ban a vil\u00e1g t\u00f6bb mint 100 orsz\u00e1g\u00e1ban.<\/p>\n<p> Az FNC-t ez az egyed\u00fcl\u00e1ll\u00f3 multidiszciplin\u00e1ris m\u00f3dszertan teszi k\u00fcl\u00f6nlegess\u00e9 az \u00fcgyfelek kiszolg\u00e1l\u00e1s\u00e1ra.<\/p>\n<p><strong>Tov\u00e1bbi szolg\u00e1ltat\u00e1sok:<\/strong><\/p>\n<p>Nincs list\u00e1zva<\/p>\n<p><strong>C\u00edm:<\/strong> Ruby House 26. sz\u00e1m, Merrivale Mews, Milton Keynes MK9 2FD<\/p>\n<p><a href=\"https:\/\/www.fnc-group.com\/\" target=\"_new\" rel=\"noopener\">FNC Network Ltd honlapja<\/a><\/p>\n<p><strong>\u00c9rt\u00e9kel\u00e9si pontsz\u00e1m: <\/strong>4<br \/> <strong>V\u00e9lem\u00e9nyek sz\u00e1ma:<\/strong> 1<br \/><a href=\"https:\/\/www.google.co.uk\/maps?cid=12266208101070289601&#038;hl=en&#038;gl=GB\" target=\"_new\" rel=\"noopener\">V\u00e9lem\u00e9nyek olvas\u00e1sa<\/a><\/p>\n<h2><span class=\"ez-toc-section\" id=\"Intercargo_Ltd\"><\/span>Intercargo Ltd<span class=\"ez-toc-section-end\"><\/span><\/h2>\n<p><img decoding=\"async\" src=\"https:\/\/moverdb.com\/wp-content\/uploads\/thumbnailpanoidQKc-N1sbIDPjPfhNYN3elgcb_clientsearch.gws-prod.gpsw408h240yaw313.jpg\" alt='Intercargo Ltd' class=\"aligncenter\"><\/p>\n<p><strong>A v\u00e1llalkoz\u00e1s le\u00edr\u00e1sa: <\/strong>Nincs megadva<\/p>\n<p><strong>Tov\u00e1bbi szolg\u00e1ltat\u00e1sok:<\/strong><\/p>\n<p>Sz\u00e1ll\u00edt\u00f3 c\u00e9g<\/p>\n<p><strong>C\u00edm:<\/strong> 399 Silbury Blvd, Milton Keynes MK9 2AH<\/p>\n<p><a href=\"https:\/\/www.intercargo.co.uk\/\" target=\"_new\" rel=\"noopener\">Intercargo Ltd honlapja<\/a><\/p>\n<p><strong>\u00c9rt\u00e9kel\u00e9si pontsz\u00e1m: <\/strong>4<br \/> <strong>V\u00e9lem\u00e9nyek sz\u00e1ma:<\/strong> 5<br \/><a href=\"https:\/\/www.google.co.uk\/maps?cid=3103686203224116342&#038;hl=en&#038;gl=GB\" target=\"_new\" rel=\"noopener\">V\u00e9lem\u00e9nyek olvas\u00e1sa<\/a><\/p>\n<h2><span class=\"ez-toc-section\" id=\"UNIQUE_LINE_CARGO\"><\/span>EGYEDI VONALAS RAKOM\u00c1NY<span class=\"ez-toc-section-end\"><\/span><\/h2>\n<p><img decoding=\"async\" src=\"https:\/\/moverdb.com\/wp-content\/uploads\/thumbnailpanoidqlJvOTHifna-W8rgWrF8kgcb_clientsearch.gws-prod.gpsw408h240yaw319.jpg\" alt='EGYEDI VONALAS RAKOM\u00c1NY' class=\"aligncenter\"><\/p>\n<p><strong>A v\u00e1llalkoz\u00e1s le\u00edr\u00e1sa: <\/strong>Az Unique line cargo az \u00d6n ig\u00e9nyeire szabott megold\u00e1st k\u00edn\u00e1l.<\/p>\n<p> Szakosodtunk a l\u00e9gi sz\u00e1ll\u00edtm\u00e1nyoz\u00e1sra, tengeri sz\u00e1ll\u00edtm\u00e1nyoz\u00e1sra<\/p>\n<p><strong>Tov\u00e1bbi szolg\u00e1ltat\u00e1sok:<\/strong><\/p>\n<p>Logisztikai szolg\u00e1ltat\u00e1s<\/p>\n<p><strong>C\u00edm:<\/strong> 3 Tranlands Brigg, Heelands, Milton Keynes MK13 7NS<\/p>\n<p><a href=\"http:\/\/uniquelinecargo.com\/\" target=\"_new\" rel=\"noopener\">UNIQUE LINE CARGO weboldal<\/a><\/p>\n<p><strong>\u00c9rt\u00e9kel\u00e9si pontsz\u00e1m: <\/strong>5<br \/> <strong>V\u00e9lem\u00e9nyek sz\u00e1ma:<\/strong> 2<br \/><a href=\"https:\/\/www.google.co.uk\/maps?cid=16355674871711643784&#038;hl=en&#038;gl=GB\" target=\"_new\" rel=\"noopener\">V\u00e9lem\u00e9nyek olvas\u00e1sa<\/a><\/p>\n<h2><span class=\"ez-toc-section\" id=\"MK_Logistics_Ltd\"><\/span>MK Logistics Ltd.<span class=\"ez-toc-section-end\"><\/span><\/h2>\n<p><img decoding=\"async\" src=\"https:\/\/moverdb.com\/wp-content\/uploads\/AF1QipPEv3SI-Z0F35JxhR5C0iLc1QcPd_yo2K5eKvkfw408-h544-k-no.jpg\" alt='MK Logistics Ltd.' class=\"aligncenter\"><\/p>\n<p><strong>A v\u00e1llalkoz\u00e1s le\u00edr\u00e1sa: <\/strong>Nincs megadva<\/p>\n<p><strong>Tov\u00e1bbi szolg\u00e1ltat\u00e1sok:<\/strong><\/p>\n<p>Nincs list\u00e1zva<\/p>\n<p><strong>C\u00edm:<\/strong> 16 Potters Ln, Kiln Farm, Milton Keynes MK11 3HF<\/p>\n<p><a href=\"http:\/\/mklogistics.co.uk\/\" target=\"_new\" rel=\"noopener\">MK Logistics Ltd honlapja<\/a><\/p>\n<p><strong>\u00c9rt\u00e9kel\u00e9si pontsz\u00e1m: <\/strong>3.2<br \/> <strong>V\u00e9lem\u00e9nyek sz\u00e1ma:<\/strong> 26<br \/><a href=\"https:\/\/www.google.co.uk\/maps?cid=10402364518129700822&#038;hl=en&#038;gl=GB\" target=\"_new\" rel=\"noopener\">V\u00e9lem\u00e9nyek olvas\u00e1sa<\/a><\/p>\n<h2><span class=\"ez-toc-section\" id=\"How_we_picked_the_best_Milton_Keynes_Freight_Forwarding_Companies\"><\/span>Hogyan v\u00e1lasztottuk ki a legjobb Milton Keynes sz\u00e1ll\u00edtm\u00e1nyoz\u00f3 c\u00e9geket<span class=\"ez-toc-section-end\"><\/span><\/h2>\n<p>Egy 15 Milton Keynes-i sz\u00e1ll\u00edtm\u00e1nyoz\u00f3 c\u00e9get tartalmaz\u00f3 adathalmazzal kezdt\u00fck, amelyet a Google Maps seg\u00edts\u00e9g\u00e9vel tal\u00e1ltunk, \u00e9s lesz\u0171k\u00edtett\u00fck a 4 legjobbra.<\/p>\n<p>Ehhez elt\u00e1vol\u00edtottunk minden olyan v\u00e1llalatot, amely:<\/p>\n<ul>\n<li> Nem volt honlapja<\/li>\n<li> Nem volt \u00e9rt\u00e9kel\u00e9s<\/li>\n<li> 2.0 alatti \u00e1tlagos \u00e9rt\u00e9kel\u00e9si pontsz\u00e1mmal rendelkezett<\/li>\n<\/ul>\n<p>Ekkor, ha 17 vagy ann\u00e1l kevesebb sz\u00e1ll\u00edt\u00f3nk volt, akkor mindet felsoroltuk.<\/p>\n<p>Azokban a v\u00e1rosokban, ahol 17-n\u00e9l t\u00f6bb sz\u00e1ll\u00edtm\u00e1nyoz\u00f3 maradt, tov\u00e1bbi m\u00f3dos\u00edt\u00e1sokat hajtottunk v\u00e9gre az\u00e1ltal, hogy vagy megemelt\u00fck a sz\u00fcks\u00e9ges \u00e9rt\u00e9kel\u00e9si pontsz\u00e1mot (pl. a minim\u00e1lis 2,0-r\u00f3l 4,0-ra) \u00e9s\/vagy megn\u00f6velt\u00fck a sz\u00fcks\u00e9ges \u00e9rt\u00e9kel\u00e9sek minim\u00e1lis sz\u00e1m\u00e1t (pl. legal\u00e1bb 1 \u00e9rt\u00e9kel\u00e9sr\u0151l legal\u00e1bb 10-re).<\/p>\n<p>Megjegyzend\u0151, hogy csak a Google Maps \u00e1ttekint\u00e9si adatait haszn\u00e1ltuk fel, m\u00e1s, harmadik f\u00e9lt\u0151l sz\u00e1rmaz\u00f3 weboldalakat nem.<\/p>\n<p>Tov\u00e1bbi v\u00e1rosok:<\/p>\n<p><a href=\"https:\/\/moverdb.com\/hu\/szallitmanyozo\/freight-forwarding-uk\/aberdeen-freight-forwarder\/\">Aberdeen sz\u00e1ll\u00edtm\u00e1nyoz\u00f3<\/a><br \/><a href=\"https:\/\/moverdb.com\/hu\/szallitmanyozo\/freight-forwarding-uk\/heywood-freight-forwarder\/\">Heywood sz\u00e1ll\u00edtm\u00e1nyoz\u00f3<\/a><br \/><a href=\"https:\/\/moverdb.com\/hu\/szallitmanyozo\/freight-forwarding-uk\/edinburgh-freight-forwarder\/\">Edinburgh sz\u00e1ll\u00edtm\u00e1nyoz\u00f3<\/a><br \/><a href=\"https:\/\/moverdb.com\/hu\/szallitmanyozo\/freight-forwarding-uk\/wakefield-freight-forwarder\/\">Wakefield sz\u00e1ll\u00edtm\u00e1nyoz\u00f3<\/a><br \/><a href=\"https:\/\/moverdb.com\/hu\/szallitmanyozo\/freight-forwarding-uk\/christchurch-freight-forwarder\/\">Christchurch sz\u00e1ll\u00edtm\u00e1nyoz\u00f3<\/a><\/p>","protected":false},"excerpt":{"rendered":"<p>Below we look at the 4 &#8220;best&#8221; Freight Forwarding companies in Milton Keynes out of 15. To learn more about how we chose the best please consult our FAQ section at the end. Please not the following listings are in no particular order and we are not making any recommendations for any particular company. FNC [&hellip;]<\/p>\n","protected":false},"author":1,"featured_media":0,"parent":13427,"menu_order":0,"comment_status":"open","ping_status":"open","template":"","meta":{"_genesis_hide_title":false,"_genesis_hide_breadcrumbs":false,"_genesis_hide_singular_image":false,"_genesis_hide_footer_widgets":false,"_genesis_custom_body_class":"","_genesis_custom_post_class":"","_genesis_layout":"","footnotes":""},"class_list":{"0":"post-13926","1":"page","2":"type-page","3":"status-publish","5":"entry"},"_links":{"self":[{"href":"https:\/\/moverdb.com\/hu\/wp-json\/wp\/v2\/pages\/13926","targetHints":{"allow":["GET"]}}],"collection":[{"href":"https:\/\/moverdb.com\/hu\/wp-json\/wp\/v2\/pages"}],"about":[{"href":"https:\/\/moverdb.com\/hu\/wp-json\/wp\/v2\/types\/page"}],"author":[{"embeddable":true,"href":"https:\/\/moverdb.com\/hu\/wp-json\/wp\/v2\/users\/1"}],"replies":[{"embeddable":true,"href":"https:\/\/moverdb.com\/hu\/wp-json\/wp\/v2\/comments?post=13926"}],"version-history":[{"count":1,"href":"https:\/\/moverdb.com\/hu\/wp-json\/wp\/v2\/pages\/13926\/revisions"}],"predecessor-version":[{"id":15786,"href":"https:\/\/moverdb.com\/hu\/wp-json\/wp\/v2\/pages\/13926\/revisions\/15786"}],"up":[{"embeddable":true,"href":"https:\/\/moverdb.com\/hu\/wp-json\/wp\/v2\/pages\/13427"}],"wp:attachment":[{"href":"https:\/\/moverdb.com\/hu\/wp-json\/wp\/v2\/media?parent=13926"}],"curies":[{"name":"wp","href":"https:\/\/api.w.org\/{rel}","templated":true}]}}