{"id":13893,"date":"2023-11-08T15:53:26","date_gmt":"2023-11-08T15:53:26","guid":{"rendered":"https:\/\/moverdb.com\/freight-forwarder\/freight-forwarding-uk\/nottingham-freight-forwarder\/"},"modified":"2026-01-08T13:17:55","modified_gmt":"2026-01-08T13:17:55","slug":"nottingham-freight-forwarder","status":"publish","type":"page","link":"https:\/\/moverdb.com\/hu\/freight-forwarder\/freight-forwarding-uk\/nottingham-freight-forwarder\/","title":{"rendered":"4 Legjobb Nottingham sz\u00e1ll\u00edtm\u00e1nyoz\u00f3 c\u00e9gek (2024)"},"content":{"rendered":"<p>Az al\u00e1bbiakban megvizsg\u00e1ljuk a 4 <em>\"legjobb\"<\/em> Sz\u00e1ll\u00edtm\u00e1nyoz\u00f3 c\u00e9gek Nottinghamben 11-b\u0151l.<\/p>\n<p>Ha t\u00f6bbet szeretne megtudni arr\u00f3l, hogyan v\u00e1lasztottuk ki a legjobbakat, k\u00e9rj\u00fck, tekintse meg a v\u00e9g\u00e9n tal\u00e1lhat\u00f3 GYIK r\u00e9szt.<\/p>\n<p><em>K\u00e9rj\u00fck, ne feledje, hogy az al\u00e1bbi list\u00e1k nem \u00e1llnak meghat\u00e1rozott sorrendben, \u00e9s nem tesz\u00fcnk aj\u00e1nl\u00e1sokat egyetlen adott c\u00e9gre sem.<\/em><\/p>\n<div id=\"ez-toc-container\" class=\"ez-toc-v2_0_82_2 ez-toc-wrap-left counter-hierarchy ez-toc-counter ez-toc-transparent ez-toc-container-direction\">\n<div class=\"ez-toc-title-container\">\n<p class=\"ez-toc-title\" style=\"cursor:inherit\">Szakaszok<\/p>\n<span class=\"ez-toc-title-toggle\"><a href=\"#\" class=\"ez-toc-pull-right ez-toc-btn ez-toc-btn-xs ez-toc-btn-default ez-toc-toggle\" aria-label=\"Toggle Tartalomjegyz\u00e9k\"><span class=\"ez-toc-js-icon-con\"><span class=\"\"><span class=\"eztoc-hide\" style=\"display:none;\">Toggle<\/span><span class=\"ez-toc-icon-toggle-span\"><svg style=\"fill: #999;color:#999\" xmlns=\"http:\/\/www.w3.org\/2000\/svg\" class=\"list-377408\" width=\"20px\" height=\"20px\" viewbox=\"0 0 24 24\" fill=\"none\"><path d=\"M6 6H4v2h2V6zm14 0H8v2h12V6zM4 11h2v2H4v-2zm16 0H8v2h12v-2zM4 16h2v2H4v-2zm16 0H8v2h12v-2z\" fill=\"currentColor\"><\/path><\/svg><svg style=\"fill: #999;color:#999\" class=\"arrow-unsorted-368013\" xmlns=\"http:\/\/www.w3.org\/2000\/svg\" width=\"10px\" height=\"10px\" viewbox=\"0 0 24 24\" version=\"1.2\" baseprofile=\"tiny\"><path d=\"M18.2 9.3l-6.2-6.3-6.2 6.3c-.2.2-.3.4-.3.7s.1.5.3.7c.2.2.4.3.7.3h11c.3 0 .5-.1.7-.3.2-.2.3-.5.3-.7s-.1-.5-.3-.7zM5.8 14.7l6.2 6.3 6.2-6.3c.2-.2.3-.5.3-.7s-.1-.5-.3-.7c-.2-.2-.4-.3-.7-.3h-11c-.3 0-.5.1-.7.3-.2.2-.3.5-.3.7s.1.5.3.7z\"\/><\/svg><\/span><\/span><\/span><\/a><\/span><\/div>\n<nav><ul class='ez-toc-list ez-toc-list-level-1 eztoc-toggle-hide-by-default' ><li class='ez-toc-page-1 ez-toc-heading-level-2'><a class=\"ez-toc-link ez-toc-heading-1\" href=\"https:\/\/moverdb.com\/hu\/freight-forwarder\/freight-forwarding-uk\/nottingham-freight-forwarder\/#Transatlantic_Shipping_Ltd_incorporating_TransAtlantic_Line_UK_Ltd\" >Transatlantic Shipping Ltd (a TransAtlantic Line UK Ltd-t mag\u00e1ban foglal\u00f3 v\u00e1llalat)<\/a><\/li><li class='ez-toc-page-1 ez-toc-heading-level-2'><a class=\"ez-toc-link ez-toc-heading-2\" href=\"https:\/\/moverdb.com\/hu\/freight-forwarder\/freight-forwarding-uk\/nottingham-freight-forwarder\/#Energy_Freight_Forwarding_Limited\" >Energy Freight Forwarding Limited<\/a><\/li><li class='ez-toc-page-1 ez-toc-heading-level-2'><a class=\"ez-toc-link ez-toc-heading-3\" href=\"https:\/\/moverdb.com\/hu\/freight-forwarder\/freight-forwarding-uk\/nottingham-freight-forwarder\/#Page_Freight_Services\" >Page Freight Services<\/a><\/li><li class='ez-toc-page-1 ez-toc-heading-level-2'><a class=\"ez-toc-link ez-toc-heading-4\" href=\"https:\/\/moverdb.com\/hu\/freight-forwarder\/freight-forwarding-uk\/nottingham-freight-forwarder\/#Baxter_Freight_Ltd\" >Baxter Freight Ltd<\/a><\/li><li class='ez-toc-page-1 ez-toc-heading-level-2'><a class=\"ez-toc-link ez-toc-heading-5\" href=\"https:\/\/moverdb.com\/hu\/freight-forwarder\/freight-forwarding-uk\/nottingham-freight-forwarder\/#How_we_picked_the_best_Nottingham_Freight_Forwarding_Companies\" >Hogyan v\u00e1lasztottuk ki a legjobb nottinghami sz\u00e1ll\u00edtm\u00e1nyoz\u00f3 c\u00e9geket<\/a><\/li><\/ul><\/nav><\/div>\n<h2><span class=\"ez-toc-section\" id=\"Transatlantic_Shipping_Ltd_incorporating_TransAtlantic_Line_UK_Ltd\"><\/span>Transatlantic Shipping Ltd (a TransAtlantic Line UK Ltd-t mag\u00e1ban foglal\u00f3 v\u00e1llalat)<span class=\"ez-toc-section-end\"><\/span><\/h2>\n<p><img decoding=\"async\" src=\"https:\/\/moverdb.com\/wp-content\/uploads\/thumbnailpanoidL1AeGUQ4uasBSZ4JikVVRgcb_clientsearch.gws-prod.gpsw408h240yaw336.jpg\" alt='Transatlantic Shipping Ltd (a TransAtlantic Line UK Ltd-t mag\u00e1ban foglal\u00f3 v\u00e1llalat)' class=\"aligncenter\"><\/p>\n<p><strong>A v\u00e1llalkoz\u00e1s le\u00edr\u00e1sa: <\/strong>Nincs megadva<\/p>\n<p><strong>Tov\u00e1bbi szolg\u00e1ltat\u00e1sok:<\/strong><\/p>\n<p>V\u00e1m\u00fcgyn\u00f6k<\/p>\n<p>Sz\u00e1ll\u00edt\u00e1si szolg\u00e1ltat\u00e1s<\/p>\n<p><strong>C\u00edm:<\/strong> Unit 11, Ash Court, Engine Ln, Newthorpe, Nottingham NG16 3RP<\/p>\n<p><a href=\"http:\/\/www.transatlantic-shipping.co.uk\/\" target=\"_new\" rel=\"noopener\">Transatlantic Shipping Ltd (amely mag\u00e1ban foglalja a TransAtlantic Line UK Ltd-t) honlapja<\/a><\/p>\n<p><strong>\u00c9rt\u00e9kel\u00e9si pontsz\u00e1m: <\/strong>4.6<br \/> <strong>V\u00e9lem\u00e9nyek sz\u00e1ma:<\/strong> 9<br \/><a href=\"https:\/\/www.google.co.uk\/maps?cid=1290499519586239723&#038;hl=en&#038;gl=GB\" target=\"_new\" rel=\"noopener\">V\u00e9lem\u00e9nyek olvas\u00e1sa<\/a><\/p>\n<h2><span class=\"ez-toc-section\" id=\"Energy_Freight_Forwarding_Limited\"><\/span>Energy Freight Forwarding Limited<span class=\"ez-toc-section-end\"><\/span><\/h2>\n<p><img decoding=\"async\" src=\"https:\/\/moverdb.com\/wp-content\/uploads\/thumbnailpanoidt7LKqqAIOdMupRxAYDsdaAcb_clientsearch.gws-prod.gpsw408h240yaw124.jpg\" alt='Energy Freight Forwarding Limited' class=\"aligncenter\"><\/p>\n<p><strong>A v\u00e1llalkoz\u00e1s le\u00edr\u00e1sa: <\/strong>Nincs megadva<\/p>\n<p><strong>Tov\u00e1bbi szolg\u00e1ltat\u00e1sok:<\/strong><\/p>\n<p>Nincs list\u00e1zva<\/p>\n<p><strong>C\u00edm:<\/strong> Cemetery Walk, Eastwood, Nottingham NG16 3TU<\/p>\n<p><a href=\"https:\/\/www.energy-freight.com\/\" target=\"_new\" rel=\"noopener\">Energy Freight Forwarding Limited honlapja<\/a><\/p>\n<p><strong>\u00c9rt\u00e9kel\u00e9si pontsz\u00e1m: <\/strong>5<br \/> <strong>V\u00e9lem\u00e9nyek sz\u00e1ma:<\/strong> 1<br \/><a href=\"https:\/\/www.google.co.uk\/maps?cid=4179558663476636128&#038;hl=en&#038;gl=GB\" target=\"_new\" rel=\"noopener\">V\u00e9lem\u00e9nyek olvas\u00e1sa<\/a><\/p>\n<h2><span class=\"ez-toc-section\" id=\"Page_Freight_Services\"><\/span>Page Freight Services<span class=\"ez-toc-section-end\"><\/span><\/h2>\n<p><img decoding=\"async\" src=\"https:\/\/moverdb.com\/wp-content\/uploads\/thumbnailpanoidO0zddtK-cDwYcujmDuaDvAcb_clientsearch.gws-prod.gpsw408h240yaw124.jpg\" alt='Page Freight Services' class=\"aligncenter\"><\/p>\n<p><strong>A v\u00e1llalkoz\u00e1s le\u00edr\u00e1sa: <\/strong>A Page Freight Services rendelkezik azokkal a k\u00e9pess\u00e9gekkel \u00e9s tapasztalatokkal, amelyekkel teljes\u00edteni tudja az \u00d6n csomagk\u00fcld\u00e9si ig\u00e9nyeit, legyen sz\u00f3 ak\u00e1r vil\u00e1gm\u00e9ret\u0171, eur\u00f3pai, <a href=\"https:\/\/moverdb.com\/hu\/moving-to-the-uk\/\" data-internallinksmanager029f6b8e52c=\"93\" title=\"Az Egyes\u00fclt Kir\u00e1lys\u00e1gba k\u00f6lt\u00f6zik? 2022 Meg\u00e9lhet\u00e9si k\u00f6lts\u00e9gek \u00e9s k\u00f6lt\u00f6z\u00e9si tippek\">UK<\/a> vagy Nottinghamben.<\/p>\n<p> V\u00e9gpontt\u00f3l v\u00e9gpontig tart\u00f3 szolg\u00e1ltat\u00e1st ny\u00fajtunk, a t\u00e1rol\u00e1st\u00f3l \u00e9s rakt\u00e1roz\u00e1st\u00f3l, valamint a pick &amp; pack m\u0171veletekt\u0151l eg\u00e9szen a kisz\u00e1ll\u00edt\u00e1si c\u00e9l\u00e1llom\u00e1sig.<\/p>\n<p> Tov\u00e1bb\u00e1, magas szint\u0171 helyi \u00fcgyf\u00e9lszolg\u00e1latunk azt jelenti, hogy \u00d6n a v\u00e1llalkoz\u00e1s\u00e1nak m\u0171k\u00f6dtet\u00e9s\u00e9re \u00f6sszpontos\u00edthat, tudva, hogy csomagja j\u00f3 kezekben van.<\/p>\n<p><strong>Tov\u00e1bbi szolg\u00e1ltat\u00e1sok:<\/strong><\/p>\n<p>Nincs list\u00e1zva<\/p>\n<p><strong>C\u00edm:<\/strong> Sz\u00e9khely, 2 Ernest Rd, Carlton, Nottingham NG4 1JU<\/p>\n<p><a href=\"https:\/\/pagefreight.co.uk\/\" target=\"_new\" rel=\"noopener\">Oldal Freight Services weboldal<\/a><\/p>\n<p><strong>\u00c9rt\u00e9kel\u00e9si pontsz\u00e1m: <\/strong>5<br \/> <strong>V\u00e9lem\u00e9nyek sz\u00e1ma:<\/strong> 2<br \/><a href=\"https:\/\/www.google.co.uk\/maps?cid=13782312718122494679&#038;hl=en&#038;gl=GB\" target=\"_new\" rel=\"noopener\">V\u00e9lem\u00e9nyek olvas\u00e1sa<\/a><\/p>\n<h2><span class=\"ez-toc-section\" id=\"Baxter_Freight_Ltd\"><\/span>Baxter Freight Ltd<span class=\"ez-toc-section-end\"><\/span><\/h2>\n<p><img decoding=\"async\" src=\"https:\/\/moverdb.com\/wp-content\/uploads\/AF1QipN-2cmmjLatV4B4ljscxN907XUMvbVpf1qLuiE6w408-h272-k-no.jpg\" alt='Baxter Freight Ltd' class=\"aligncenter\"><\/p>\n<p><strong>A v\u00e1llalkoz\u00e1s le\u00edr\u00e1sa: <\/strong>Az Egyes\u00fclt Kir\u00e1lys\u00e1gban m\u0171k\u00f6d\u0151, \u00fcgyf\u00e9lszolg\u00e1lat-orient\u00e1lt logisztikai szolg\u00e1ltat\u00f3 vagyunk.<\/p>\n<p> Legyen sz\u00f3 k\u00f6z\u00fati vagy vas\u00fati, tengeri vagy l\u00e9gi sz\u00e1ll\u00edt\u00e1sr\u00f3l, mi arra szakosodtunk, hogy a lehet\u0151 legk\u00f6lts\u00e9ghat\u00e9konyabb \u00e9s legid\u0151hat\u00e9konyabb m\u00f3don sz\u00e1ll\u00edtsuk \u00e1ruj\u00e1t A-b\u00f3l B-be.<\/p>\n<p> Elk\u00f6telezett \u00fcgyf\u00e9lmenedzsereink szem\u00e9lyes kiszolg\u00e1l\u00e1st ny\u00fajtanak glob\u00e1lis el\u00e9r\u00e9ssel, kihaszn\u00e1lva a DHL Freight \u00e9s a Gerlach Customs v\u00e1llalatokkal val\u00f3 partners\u00e9g\u00fcnket a teljes k\u00f6r\u0171 logisztikai megold\u00e1s megteremt\u00e9se \u00e9rdek\u00e9ben.<\/p>\n<p> Az \u00fcgyf\u00e9lszolg\u00e1latot kiterjedt k\u00f6z\u00fati \u00e1rufuvaroz\u00e1si h\u00e1l\u00f3zattal \u00e9s piacvezet\u0151 v\u00e1mszolg\u00e1ltat\u00e1sok ny\u00fajt\u00e1s\u00e1val kombin\u00e1ljuk.<\/p>\n<p> AEO akkredit\u00e1ci\u00f3val is rendelkez\u00fcnk, h\u00e1zon bel\u00fcli v\u00e1mszak\u00e9rt\u0151kkel.<\/p>\n<p><strong>Tov\u00e1bbi szolg\u00e1ltat\u00e1sok:<\/strong><\/p>\n<p>Nincs list\u00e1zva<\/p>\n<p><strong>C\u00edm:<\/strong> Abbeyfield Court, Abbott House, Abbeyfield Rd, Nottingham NG7 2SZ<\/p>\n<p><a href=\"https:\/\/baxterfreight.com\/\" target=\"_new\" rel=\"noopener\">Baxter Freight Ltd honlapja<\/a><\/p>\n<p><strong>\u00c9rt\u00e9kel\u00e9si pontsz\u00e1m: <\/strong>3.8<br \/> <strong>V\u00e9lem\u00e9nyek sz\u00e1ma:<\/strong> 19<br \/><a href=\"https:\/\/www.google.co.uk\/maps?cid=9037623678773980102&#038;hl=en&#038;gl=GB\" target=\"_new\" rel=\"noopener\">V\u00e9lem\u00e9nyek olvas\u00e1sa<\/a><\/p>\n<h2><span class=\"ez-toc-section\" id=\"How_we_picked_the_best_Nottingham_Freight_Forwarding_Companies\"><\/span>Hogyan v\u00e1lasztottuk ki a legjobb nottinghami sz\u00e1ll\u00edtm\u00e1nyoz\u00f3 c\u00e9geket<span class=\"ez-toc-section-end\"><\/span><\/h2>\n<p>A Google Maps seg\u00edts\u00e9g\u00e9vel 11 nottinghami sz\u00e1ll\u00edtm\u00e1nyoz\u00f3 c\u00e9get tartalmaz\u00f3 adatsorral kezdt\u00fck, \u00e9s lesz\u0171k\u00edtett\u00fck a 4 legjobbra.<\/p>\n<p>Ehhez elt\u00e1vol\u00edtottunk minden olyan v\u00e1llalatot, amely:<\/p>\n<ul>\n<li> Nem volt honlapja<\/li>\n<li> Nem volt \u00e9rt\u00e9kel\u00e9s<\/li>\n<li> 2.0 alatti \u00e1tlagos \u00e9rt\u00e9kel\u00e9si pontsz\u00e1mmal rendelkezett<\/li>\n<\/ul>\n<p>Ekkor, ha 17 vagy ann\u00e1l kevesebb sz\u00e1ll\u00edt\u00f3nk volt, akkor mindet felsoroltuk.<\/p>\n<p>Azokban a v\u00e1rosokban, ahol 17-n\u00e9l t\u00f6bb sz\u00e1ll\u00edtm\u00e1nyoz\u00f3 maradt, tov\u00e1bbi m\u00f3dos\u00edt\u00e1sokat hajtottunk v\u00e9gre az\u00e1ltal, hogy vagy megemelt\u00fck a sz\u00fcks\u00e9ges \u00e9rt\u00e9kel\u00e9si pontsz\u00e1mot (pl. a minim\u00e1lis 2,0-r\u00f3l 4,0-ra) \u00e9s\/vagy megn\u00f6velt\u00fck a sz\u00fcks\u00e9ges \u00e9rt\u00e9kel\u00e9sek minim\u00e1lis sz\u00e1m\u00e1t (pl. legal\u00e1bb 1 \u00e9rt\u00e9kel\u00e9sr\u0151l legal\u00e1bb 10-re).<\/p>\n<p>Megjegyzend\u0151, hogy csak a Google Maps \u00e1ttekint\u00e9si adatait haszn\u00e1ltuk fel, m\u00e1s, harmadik f\u00e9lt\u0151l sz\u00e1rmaz\u00f3 weboldalakat nem.<\/p>\n<p>Tov\u00e1bbi v\u00e1rosok:<\/p>\n<p><a href=\"https:\/\/moverdb.com\/hu\/szallitmanyozo\/freight-forwarding-uk\/rotherham-freight-forwarder\/\">Rotherham sz\u00e1ll\u00edtm\u00e1nyoz\u00f3<\/a><br \/><a href=\"https:\/\/moverdb.com\/hu\/szallitmanyozo\/freight-forwarding-uk\/crawley-freight-forwarder\/\">Crawley sz\u00e1ll\u00edtm\u00e1nyoz\u00f3<\/a><br \/><a href=\"https:\/\/moverdb.com\/hu\/szallitmanyozo\/freight-forwarding-uk\/warrington-freight-forwarder\/\">Warrington sz\u00e1ll\u00edtm\u00e1nyoz\u00f3<\/a><br \/><a href=\"https:\/\/moverdb.com\/hu\/szallitmanyozo\/freight-forwarding-uk\/grimsby-freight-forwarder\/\">Grimsby sz\u00e1ll\u00edtm\u00e1nyoz\u00f3<\/a><br \/><a href=\"https:\/\/moverdb.com\/hu\/szallitmanyozo\/freight-forwarding-uk\/cardiff-freight-forwarder\/\">Cardiff sz\u00e1ll\u00edtm\u00e1nyoz\u00f3<\/a><\/p>","protected":false},"excerpt":{"rendered":"<p>Below we look at the 4 &#8220;best&#8221; Freight Forwarding companies in Nottingham out of 11. To learn more about how we chose the best please consult our FAQ section at the end. Please not the following listings are in no particular order and we are not making any recommendations for any particular company. Transatlantic Shipping [&hellip;]<\/p>\n","protected":false},"author":1,"featured_media":0,"parent":13427,"menu_order":0,"comment_status":"open","ping_status":"open","template":"","meta":{"_genesis_hide_title":false,"_genesis_hide_breadcrumbs":false,"_genesis_hide_singular_image":false,"_genesis_hide_footer_widgets":false,"_genesis_custom_body_class":"","_genesis_custom_post_class":"","_genesis_layout":"","footnotes":""},"class_list":{"0":"post-13893","1":"page","2":"type-page","3":"status-publish","5":"entry"},"_links":{"self":[{"href":"https:\/\/moverdb.com\/hu\/wp-json\/wp\/v2\/pages\/13893","targetHints":{"allow":["GET"]}}],"collection":[{"href":"https:\/\/moverdb.com\/hu\/wp-json\/wp\/v2\/pages"}],"about":[{"href":"https:\/\/moverdb.com\/hu\/wp-json\/wp\/v2\/types\/page"}],"author":[{"embeddable":true,"href":"https:\/\/moverdb.com\/hu\/wp-json\/wp\/v2\/users\/1"}],"replies":[{"embeddable":true,"href":"https:\/\/moverdb.com\/hu\/wp-json\/wp\/v2\/comments?post=13893"}],"version-history":[{"count":1,"href":"https:\/\/moverdb.com\/hu\/wp-json\/wp\/v2\/pages\/13893\/revisions"}],"predecessor-version":[{"id":15787,"href":"https:\/\/moverdb.com\/hu\/wp-json\/wp\/v2\/pages\/13893\/revisions\/15787"}],"up":[{"embeddable":true,"href":"https:\/\/moverdb.com\/hu\/wp-json\/wp\/v2\/pages\/13427"}],"wp:attachment":[{"href":"https:\/\/moverdb.com\/hu\/wp-json\/wp\/v2\/media?parent=13893"}],"curies":[{"name":"wp","href":"https:\/\/api.w.org\/{rel}","templated":true}]}}