{"id":13762,"date":"2023-11-08T15:52:42","date_gmt":"2023-11-08T15:52:42","guid":{"rendered":"https:\/\/moverdb.com\/freight-forwarder\/freight-forwarding-uk\/west-drayton-freight-forwarder\/"},"modified":"2026-01-08T13:18:17","modified_gmt":"2026-01-08T13:18:17","slug":"west-drayton-freight-forwarder","status":"publish","type":"page","link":"https:\/\/moverdb.com\/hu\/freight-forwarder\/freight-forwarding-uk\/west-drayton-freight-forwarder\/","title":{"rendered":"8 legjobb West Drayton sz\u00e1ll\u00edtm\u00e1nyoz\u00f3 c\u00e9gek (2024)"},"content":{"rendered":"<p>Az al\u00e1bbiakban a 8 <em>\"legjobb\"<\/em> Sz\u00e1ll\u00edtm\u00e1nyoz\u00e1si c\u00e9gek West Draytonban 19 k\u00f6z\u00fcl.<\/p>\n<p>Ha t\u00f6bbet szeretne megtudni arr\u00f3l, hogyan v\u00e1lasztottuk ki a legjobbakat, k\u00e9rj\u00fck, tekintse meg a v\u00e9g\u00e9n tal\u00e1lhat\u00f3 GYIK r\u00e9szt.<\/p>\n<p><em>K\u00e9rj\u00fck, ne feledje, hogy az al\u00e1bbi list\u00e1k nem \u00e1llnak meghat\u00e1rozott sorrendben, \u00e9s nem tesz\u00fcnk aj\u00e1nl\u00e1sokat egyetlen adott c\u00e9gre sem.<\/em><\/p>\n<div id=\"ez-toc-container\" class=\"ez-toc-v2_0_82_2 ez-toc-wrap-left counter-hierarchy ez-toc-counter ez-toc-transparent ez-toc-container-direction\">\n<div class=\"ez-toc-title-container\">\n<p class=\"ez-toc-title\" style=\"cursor:inherit\">Szakaszok<\/p>\n<span class=\"ez-toc-title-toggle\"><a href=\"#\" class=\"ez-toc-pull-right ez-toc-btn ez-toc-btn-xs ez-toc-btn-default ez-toc-toggle\" aria-label=\"Toggle Tartalomjegyz\u00e9k\"><span class=\"ez-toc-js-icon-con\"><span class=\"\"><span class=\"eztoc-hide\" style=\"display:none;\">Toggle<\/span><span class=\"ez-toc-icon-toggle-span\"><svg style=\"fill: #999;color:#999\" xmlns=\"http:\/\/www.w3.org\/2000\/svg\" class=\"list-377408\" width=\"20px\" height=\"20px\" viewbox=\"0 0 24 24\" fill=\"none\"><path d=\"M6 6H4v2h2V6zm14 0H8v2h12V6zM4 11h2v2H4v-2zm16 0H8v2h12v-2zM4 16h2v2H4v-2zm16 0H8v2h12v-2z\" fill=\"currentColor\"><\/path><\/svg><svg style=\"fill: #999;color:#999\" class=\"arrow-unsorted-368013\" xmlns=\"http:\/\/www.w3.org\/2000\/svg\" width=\"10px\" height=\"10px\" viewbox=\"0 0 24 24\" version=\"1.2\" baseprofile=\"tiny\"><path d=\"M18.2 9.3l-6.2-6.3-6.2 6.3c-.2.2-.3.4-.3.7s.1.5.3.7c.2.2.4.3.7.3h11c.3 0 .5-.1.7-.3.2-.2.3-.5.3-.7s-.1-.5-.3-.7zM5.8 14.7l6.2 6.3 6.2-6.3c.2-.2.3-.5.3-.7s-.1-.5-.3-.7c-.2-.2-.4-.3-.7-.3h-11c-.3 0-.5.1-.7.3-.2.2-.3.5-.3.7s.1.5.3.7z\"\/><\/svg><\/span><\/span><\/span><\/a><\/span><\/div>\n<nav><ul class='ez-toc-list ez-toc-list-level-1 eztoc-toggle-hide-by-default' ><li class='ez-toc-page-1 ez-toc-heading-level-2'><a class=\"ez-toc-link ez-toc-heading-1\" href=\"https:\/\/moverdb.com\/hu\/freight-forwarder\/freight-forwarding-uk\/west-drayton-freight-forwarder\/#Senator_International_Freight\" >Szen\u00e1tor nemzetk\u00f6zi sz\u00e1ll\u00edtm\u00e1nyoz\u00e1s<\/a><\/li><li class='ez-toc-page-1 ez-toc-heading-level-2'><a class=\"ez-toc-link ez-toc-heading-2\" href=\"https:\/\/moverdb.com\/hu\/freight-forwarder\/freight-forwarding-uk\/west-drayton-freight-forwarder\/#Logfret_UK_Ltd\" >Logfret UK Ltd<\/a><\/li><li class='ez-toc-page-1 ez-toc-heading-level-2'><a class=\"ez-toc-link ez-toc-heading-3\" href=\"https:\/\/moverdb.com\/hu\/freight-forwarder\/freight-forwarding-uk\/west-drayton-freight-forwarder\/#Air_Menzies_International\" >Air Menzies International<\/a><\/li><li class='ez-toc-page-1 ez-toc-heading-level-2'><a class=\"ez-toc-link ez-toc-heading-4\" href=\"https:\/\/moverdb.com\/hu\/freight-forwarder\/freight-forwarding-uk\/west-drayton-freight-forwarder\/#ETL_Logistics\" >ETL logisztika<\/a><\/li><li class='ez-toc-page-1 ez-toc-heading-level-2'><a class=\"ez-toc-link ez-toc-heading-5\" href=\"https:\/\/moverdb.com\/hu\/freight-forwarder\/freight-forwarding-uk\/west-drayton-freight-forwarder\/#Nissin_UK_Ltd\" >Nissin UK Ltd<\/a><\/li><li class='ez-toc-page-1 ez-toc-heading-level-2'><a class=\"ez-toc-link ez-toc-heading-6\" href=\"https:\/\/moverdb.com\/hu\/freight-forwarder\/freight-forwarding-uk\/west-drayton-freight-forwarder\/#Digital_Freight_Ltd\" >Digital Freight Ltd<\/a><\/li><li class='ez-toc-page-1 ez-toc-heading-level-2'><a class=\"ez-toc-link ez-toc-heading-7\" href=\"https:\/\/moverdb.com\/hu\/freight-forwarder\/freight-forwarding-uk\/west-drayton-freight-forwarder\/#Superior_Freight_Services_UK_Ltd\" >Superior Freight Services (UK) Ltd<\/a><\/li><li class='ez-toc-page-1 ez-toc-heading-level-2'><a class=\"ez-toc-link ez-toc-heading-8\" href=\"https:\/\/moverdb.com\/hu\/freight-forwarder\/freight-forwarding-uk\/west-drayton-freight-forwarder\/#Brunel_Air_Cargo_Services_Ltd\" >Brunel Air Cargo Services Ltd.<\/a><\/li><li class='ez-toc-page-1 ez-toc-heading-level-2'><a class=\"ez-toc-link ez-toc-heading-9\" href=\"https:\/\/moverdb.com\/hu\/freight-forwarder\/freight-forwarding-uk\/west-drayton-freight-forwarder\/#How_we_picked_the_best_West_Drayton_Freight_Forwarding_Companies\" >Hogyan v\u00e1lasztottuk ki a legjobb West Drayton sz\u00e1ll\u00edtm\u00e1nyoz\u00f3 c\u00e9geket<\/a><\/li><\/ul><\/nav><\/div>\n<h2><span class=\"ez-toc-section\" id=\"Senator_International_Freight\"><\/span>Szen\u00e1tor nemzetk\u00f6zi sz\u00e1ll\u00edtm\u00e1nyoz\u00e1s<span class=\"ez-toc-section-end\"><\/span><\/h2>\n<p><img decoding=\"async\" src=\"https:\/\/moverdb.com\/wp-content\/uploads\/AF1QipOISErVT_w5a_rhL9s_IXJhB1Y9Edx06xzP-Kqww426-h240-k-no.jpg\" alt='Szen\u00e1tor nemzetk\u00f6zi sz\u00e1ll\u00edtm\u00e1nyoz\u00e1s' class=\"aligncenter\"><\/p>\n<p><strong>A v\u00e1llalkoz\u00e1s le\u00edr\u00e1sa: <\/strong>Nincs megadva<\/p>\n<p><strong>Tov\u00e1bbi szolg\u00e1ltat\u00e1sok:<\/strong><\/p>\n<p>Nincs list\u00e1zva<\/p>\n<p><strong>C\u00edm:<\/strong> 4, 280 Heathrow Blvd, Bath Rd, Harmondsworth, Sipson, West Drayton UB7 0DQ<\/p>\n<p><a href=\"http:\/\/www.senator-international.com\/\" target=\"_new\" rel=\"noopener\">Senator International Freight honlapja<\/a><\/p>\n<p><strong>\u00c9rt\u00e9kel\u00e9si pontsz\u00e1m: <\/strong>4<br \/> <strong>V\u00e9lem\u00e9nyek sz\u00e1ma:<\/strong> 1<br \/><a href=\"https:\/\/www.google.co.uk\/maps?cid=7267190133147730441&#038;hl=en&#038;gl=GB\" target=\"_new\" rel=\"noopener\">V\u00e9lem\u00e9nyek olvas\u00e1sa<\/a><\/p>\n<h2><span class=\"ez-toc-section\" id=\"Logfret_UK_Ltd\"><\/span>Logfret UK Ltd<span class=\"ez-toc-section-end\"><\/span><\/h2>\n<p><img decoding=\"async\" src=\"https:\/\/moverdb.com\/wp-content\/uploads\/thumbnailpanoidfT-VDVki58AcK1BL-pH6ngcb_clientsearch.gws-prod.gpsw408h240yaw299.jpg\" alt='Logfret UK Ltd' class=\"aligncenter\"><\/p>\n<p><strong>A v\u00e1llalkoz\u00e1s le\u00edr\u00e1sa: <\/strong>Nincs megadva<\/p>\n<p><strong>Tov\u00e1bbi szolg\u00e1ltat\u00e1sok:<\/strong><\/p>\n<p>Nincs list\u00e1zva<\/p>\n<p><strong>C\u00edm:<\/strong> Unit 2\/Polar Park\/Bath Rd, West Drayton UB7 0DG<\/p>\n<p><a href=\"https:\/\/www.logfret.co.uk\/\" target=\"_new\" rel=\"noopener\">Logfret UK Ltd honlapja<\/a><\/p>\n<p><strong>\u00c9rt\u00e9kel\u00e9si pontsz\u00e1m: <\/strong>3<br \/> <strong>V\u00e9lem\u00e9nyek sz\u00e1ma:<\/strong> 2<br \/><a href=\"https:\/\/www.google.co.uk\/maps?cid=14718266833171163331&#038;hl=en&#038;gl=GB\" target=\"_new\" rel=\"noopener\">V\u00e9lem\u00e9nyek olvas\u00e1sa<\/a><\/p>\n<h2><span class=\"ez-toc-section\" id=\"Air_Menzies_International\"><\/span>Air Menzies International<span class=\"ez-toc-section-end\"><\/span><\/h2>\n<p><img decoding=\"async\" src=\"https:\/\/moverdb.com\/wp-content\/uploads\/AF1QipNP4OKj8zu0hLPm64ZwJ692I5GN_x0364w7GlWnw408-h306-k-no.jpg\" alt='Air Menzies International' class=\"aligncenter\"><\/p>\n<p><strong>A v\u00e1llalkoz\u00e1s le\u00edr\u00e1sa: <\/strong>1976 \u00f3ta vagyunk a nagykereskedelmi l\u00e9gi \u00e1rufuvaroz\u00e1si piac \u00e9lvonal\u00e1ban.<\/p>\n<p> Innovat\u00edv rakom\u00e1nyterm\u00e9kek kifejleszt\u00e9se<br \/>\n\u00e9s a leg\u00fajabb technol\u00f3gi\u00e1k felhaszn\u00e1l\u00e1s\u00e1val piacvezet\u0151 term\u00e9keket \u00e9s szolg\u00e1ltat\u00e1sokat hozunk l\u00e9tre \u00fcgyfeleink sz\u00e1m\u00e1ra:<\/p>\n<p>Az AMI-n\u00e9l egyszer\u0171 elk\u00e9pzel\u00e9s\u00fcnk van: a legjobb nagykereskedelmi \u00e1rufuvaroz\u00e1si partnerek vagyunk, akik kiv\u00e1l\u00f3 szolg\u00e1ltat\u00e1st ny\u00fajtanak.<\/p>\n<p><strong>Tov\u00e1bbi szolg\u00e1ltat\u00e1sok:<\/strong><\/p>\n<p>Fut\u00e1rszolg\u00e1lat<\/p>\n<p>Import-export v\u00e1llalat<\/p>\n<p><strong>C\u00edm:<\/strong> Unit 2B Polar Pk, Bath Rd, Heathrow, Harmondsworth, West Drayton UB7 0DG<\/p>\n<p><a href=\"https:\/\/airmenzies.com\/\" target=\"_new\" rel=\"noopener\">Air Menzies International honlapja<\/a><\/p>\n<p><strong>\u00c9rt\u00e9kel\u00e9si pontsz\u00e1m: <\/strong>4<br \/> <strong>V\u00e9lem\u00e9nyek sz\u00e1ma:<\/strong> 94<br \/><a href=\"https:\/\/www.google.co.uk\/maps?cid=10524140971545474116&#038;hl=en&#038;gl=GB\" target=\"_new\" rel=\"noopener\">V\u00e9lem\u00e9nyek olvas\u00e1sa<\/a><\/p>\n<h2><span class=\"ez-toc-section\" id=\"ETL_Logistics\"><\/span>ETL logisztika<span class=\"ez-toc-section-end\"><\/span><\/h2>\n<p><img decoding=\"async\" src=\"https:\/\/moverdb.com\/wp-content\/uploads\/AF1QipMqegtRBRy9LGArdUuKDt5ZX90gP0WRLsl_dsbnw408-h306-k-no.jpg\" alt='ETL logisztika' class=\"aligncenter\"><\/p>\n<p><strong>A v\u00e1llalkoz\u00e1s le\u00edr\u00e1sa: <\/strong>Sz\u00e1ll\u00edtm\u00e1nyoz\u00e1si \u00e9s fuvaroz\u00e1si szolg\u00e1ltat\u00e1sok<\/p>\n<p><strong>Tov\u00e1bbi szolg\u00e1ltat\u00e1sok:<\/strong><\/p>\n<p>Fut\u00e1rszolg\u00e1lat<\/p>\n<p>T\u00e1rol\u00f3 l\u00e9tes\u00edtm\u00e9ny<\/p>\n<p>Sz\u00e1ll\u00edt\u00e1si szolg\u00e1ltat\u00e1s<\/p>\n<p>Teherfuvaroz\u00f3 c\u00e9g<\/p>\n<p><strong>C\u00edm:<\/strong> Unit 1 Polar Pk, Bath Rd, Harmondsworth, West Drayton UB7 0EX<\/p>\n<p><a href=\"http:\/\/www.etl-logistics.com\/\" target=\"_new\" rel=\"noopener\">ETL Logistics honlapja<\/a><\/p>\n<p><strong>\u00c9rt\u00e9kel\u00e9si pontsz\u00e1m: <\/strong>5<br \/> <strong>V\u00e9lem\u00e9nyek sz\u00e1ma:<\/strong> 1<br \/><a href=\"https:\/\/www.google.co.uk\/maps?cid=11743352734587467770&#038;hl=en&#038;gl=GB\" target=\"_new\" rel=\"noopener\">V\u00e9lem\u00e9nyek olvas\u00e1sa<\/a><\/p>\n<h2><span class=\"ez-toc-section\" id=\"Nissin_UK_Ltd\"><\/span>Nissin UK Ltd<span class=\"ez-toc-section-end\"><\/span><\/h2>\n<p><img decoding=\"async\" src=\"https:\/\/moverdb.com\/wp-content\/uploads\/AF1QipNGm-ZyySUrcQE472NCTVt2P-CIfKssWmr172MWw426-h240-k-no.jpg\" alt='Nissin UK Ltd' class=\"aligncenter\"><\/p>\n<p><strong>A v\u00e1llalkoz\u00e1s le\u00edr\u00e1sa: <\/strong>Nissin <a href=\"https:\/\/moverdb.com\/hu\/moving-to-the-uk\/\" data-internallinksmanager029f6b8e52c=\"93\" title=\"Az Egyes\u00fclt Kir\u00e1lys\u00e1gba k\u00f6lt\u00f6zik? 2022 Meg\u00e9lhet\u00e9si k\u00f6lts\u00e9gek \u00e9s k\u00f6lt\u00f6z\u00e9si tippek\">UK<\/a> sz\u00e9les k\u00f6r\u0171 szak\u00e9rtelemmel rendelkezik, integr\u00e1lt logisztikai szolg\u00e1ltat\u00e1sokat k\u00edn\u00e1l.<\/p>\n<p> A ter\u00fclet\u00fcnk specialist\u00e1jak\u00e9nt sz\u00e1razf\u00f6ldi, l\u00e9gi \u00e9s tengeri sz\u00e1ll\u00edtm\u00e1nyoz\u00e1ssal, valamint minden kapcsol\u00f3d\u00f3 logisztikai szolg\u00e1ltat\u00e1ssal foglalkozunk.<\/p>\n<p> Glob\u00e1lis h\u00e1l\u00f3zatunkon kereszt\u00fcl k\u00e9pesek vagyunk \u00f6sszekapcsolni a legfontosabb helysz\u00edneket a vil\u00e1g minden t\u00e1j\u00e1n.<\/p>\n<p><strong>Tov\u00e1bbi szolg\u00e1ltat\u00e1sok:<\/strong><\/p>\n<p>Nincs list\u00e1zva<\/p>\n<p><strong>C\u00edm:<\/strong> Unit 5, Horton Industrial Park, Horton Rd, West Drayton UB7 8JD<\/p>\n<p><a href=\"https:\/\/nissinuk.com\/\" target=\"_new\" rel=\"noopener\">Nissin UK Ltd honlapja<\/a><\/p>\n<p><strong>\u00c9rt\u00e9kel\u00e9si pontsz\u00e1m: <\/strong>4.3<br \/> <strong>V\u00e9lem\u00e9nyek sz\u00e1ma:<\/strong> 11<br \/><a href=\"https:\/\/www.google.co.uk\/maps?cid=6135907761394379491&#038;hl=en&#038;gl=GB\" target=\"_new\" rel=\"noopener\">V\u00e9lem\u00e9nyek olvas\u00e1sa<\/a><\/p>\n<h2><span class=\"ez-toc-section\" id=\"Digital_Freight_Ltd\"><\/span>Digital Freight Ltd<span class=\"ez-toc-section-end\"><\/span><\/h2>\n<p><img decoding=\"async\" src=\"https:\/\/moverdb.com\/wp-content\/uploads\/AF1QipPBFgDudXHeLkpxrKAHMl9ByIj43vKO6waE7bUVw408-h406-k-no.png\" alt='Digital Freight Ltd' class=\"aligncenter\"><\/p>\n<p><strong>A v\u00e1llalkoz\u00e1s le\u00edr\u00e1sa: <\/strong>Nincs megadva<\/p>\n<p><strong>Tov\u00e1bbi szolg\u00e1ltat\u00e1sok:<\/strong><\/p>\n<p>Logisztikai szolg\u00e1ltat\u00e1s<\/p>\n<p>Sz\u00e1ll\u00edt\u00f3 c\u00e9g<\/p>\n<p><strong>C\u00edm:<\/strong> 6 Saxon Way, Harmondsworth, West Drayton UB7 0LW<\/p>\n<p><a href=\"http:\/\/www.digitalfreight.co.uk\/\" target=\"_new\" rel=\"noopener\">Digital Freight Ltd honlapja<\/a><\/p>\n<p><strong>\u00c9rt\u00e9kel\u00e9si pontsz\u00e1m: <\/strong>5<br \/> <strong>V\u00e9lem\u00e9nyek sz\u00e1ma:<\/strong> 4<br \/><a href=\"https:\/\/www.google.co.uk\/maps?cid=16144390286023381618&#038;hl=en&#038;gl=GB\" target=\"_new\" rel=\"noopener\">V\u00e9lem\u00e9nyek olvas\u00e1sa<\/a><\/p>\n<h2><span class=\"ez-toc-section\" id=\"Superior_Freight_Services_UK_Ltd\"><\/span>Superior Freight Services (UK) Ltd<span class=\"ez-toc-section-end\"><\/span><\/h2>\n<p><img decoding=\"async\" src=\"https:\/\/moverdb.com\/wp-content\/uploads\/AF1QipN3aqf2_s1Ob-wZrc4_Y1O84Q5TTSrD4CPLip1Mw426-h240-k-no.jpg\" alt='Superior Freight Services (UK) Ltd' class=\"aligncenter\"><\/p>\n<p><strong>A v\u00e1llalkoz\u00e1s le\u00edr\u00e1sa: <\/strong><a href=\"https:\/\/moverdb.com\/hu\/freight-forwarder\/\" data-internallinksmanager029f6b8e52c=\"17\" title=\"Sz\u00e1ll\u00edtm\u00e1nyoz\u00f3 \u00e9s NVOCC nemzetk\u00f6zi k\u00f6lts\u00e9g \u00e9s c\u00e9gek \u00fatmutat\u00f3ja\">Sz\u00e1ll\u00edtm\u00e1nyoz\u00f3<\/a>, V\u00e1m\u00fcgyn\u00f6k, aki testreszabott ell\u00e1t\u00e1si l\u00e1nc megold\u00e1sokat k\u00edn\u00e1l az \u00d6n v\u00e1llalkoz\u00e1s\u00e1nak.<\/p>\n<p><strong>Tov\u00e1bbi szolg\u00e1ltat\u00e1sok:<\/strong><\/p>\n<p>Nincs list\u00e1zva<\/p>\n<p><strong>C\u00edm:<\/strong> Unit 1 Polar Pk, Harmondsworth, West Drayton UB7 0EX<\/p>\n<p><a href=\"http:\/\/www.supuk.com\/\" target=\"_new\" rel=\"noopener\">Superior Freight Services (UK) Ltd honlapja<\/a><\/p>\n<p><strong>\u00c9rt\u00e9kel\u00e9si pontsz\u00e1m: <\/strong>4.4<br \/> <strong>V\u00e9lem\u00e9nyek sz\u00e1ma:<\/strong> 8<br \/><a href=\"https:\/\/www.google.co.uk\/maps?cid=10974161933277074827&#038;hl=en&#038;gl=GB\" target=\"_new\" rel=\"noopener\">V\u00e9lem\u00e9nyek olvas\u00e1sa<\/a><\/p>\n<h2><span class=\"ez-toc-section\" id=\"Brunel_Air_Cargo_Services_Ltd\"><\/span>Brunel Air Cargo Services Ltd.<span class=\"ez-toc-section-end\"><\/span><\/h2>\n<p><img decoding=\"async\" src=\"https:\/\/moverdb.com\/wp-content\/uploads\/AF1QipO3yUJ-8NmSj3R0uMmk1hKBwtZF-e3CglfxXg2w408-h271-k-no.jpg\" alt='Brunel Air Cargo Services Ltd.' class=\"aligncenter\"><\/p>\n<p><strong>A v\u00e1llalkoz\u00e1s le\u00edr\u00e1sa: <\/strong>Nincs megadva<\/p>\n<p><strong>Tov\u00e1bbi szolg\u00e1ltat\u00e1sok:<\/strong><\/p>\n<p>Nincs list\u00e1zva<\/p>\n<p><strong>C\u00edm:<\/strong> 6. egys\u00e9g Airport Gate, Bath Rd, Harmondsworth, Sipson, West Drayton UB7 0NA<\/p>\n<p><a href=\"http:\/\/www.brunelaircargo.co.uk\/\" target=\"_new\" rel=\"noopener\">Brunel Air Cargo Services Ltd honlapja<\/a><\/p>\n<p><strong>\u00c9rt\u00e9kel\u00e9si pontsz\u00e1m: <\/strong>4.9<br \/> <strong>V\u00e9lem\u00e9nyek sz\u00e1ma:<\/strong> 8<br \/><a href=\"https:\/\/www.google.co.uk\/maps?cid=12541096950748876461&#038;hl=en&#038;gl=GB\" target=\"_new\" rel=\"noopener\">V\u00e9lem\u00e9nyek olvas\u00e1sa<\/a><\/p>\n<h2><span class=\"ez-toc-section\" id=\"How_we_picked_the_best_West_Drayton_Freight_Forwarding_Companies\"><\/span>Hogyan v\u00e1lasztottuk ki a legjobb West Drayton sz\u00e1ll\u00edtm\u00e1nyoz\u00f3 c\u00e9geket<span class=\"ez-toc-section-end\"><\/span><\/h2>\n<p>19 West Drayton sz\u00e1ll\u00edtm\u00e1nyoz\u00e1si v\u00e1llalatot tartalmaz\u00f3 adatsorral kezdt\u00fck, amelyeket a Google Maps seg\u00edts\u00e9g\u00e9vel tal\u00e1ltunk, majd lesz\u0171k\u00edtett\u00fck a 8 legjobbra.<\/p>\n<p>Ehhez elt\u00e1vol\u00edtottunk minden olyan v\u00e1llalatot, amely:<\/p>\n<ul>\n<li> Nem volt honlapja<\/li>\n<li> Nem volt \u00e9rt\u00e9kel\u00e9s<\/li>\n<li> 2.0 alatti \u00e1tlagos \u00e9rt\u00e9kel\u00e9si pontsz\u00e1mmal rendelkezett<\/li>\n<\/ul>\n<p>Ekkor, ha 17 vagy ann\u00e1l kevesebb sz\u00e1ll\u00edt\u00f3nk volt, akkor mindet felsoroltuk.<\/p>\n<p>Azokban a v\u00e1rosokban, ahol 17-n\u00e9l t\u00f6bb sz\u00e1ll\u00edtm\u00e1nyoz\u00f3 maradt, tov\u00e1bbi m\u00f3dos\u00edt\u00e1sokat hajtottunk v\u00e9gre az\u00e1ltal, hogy vagy megemelt\u00fck a sz\u00fcks\u00e9ges \u00e9rt\u00e9kel\u00e9si pontsz\u00e1mot (pl. a minim\u00e1lis 2,0-r\u00f3l 4,0-ra) \u00e9s\/vagy megn\u00f6velt\u00fck a sz\u00fcks\u00e9ges \u00e9rt\u00e9kel\u00e9sek minim\u00e1lis sz\u00e1m\u00e1t (pl. legal\u00e1bb 1 \u00e9rt\u00e9kel\u00e9sr\u0151l legal\u00e1bb 10-re).<\/p>\n<p>Megjegyzend\u0151, hogy csak a Google Maps \u00e1ttekint\u00e9si adatait haszn\u00e1ltuk fel, m\u00e1s, harmadik f\u00e9lt\u0151l sz\u00e1rmaz\u00f3 weboldalakat nem.<\/p>\n<p>Tov\u00e1bbi v\u00e1rosok:<\/p>\n<p><a href=\"https:\/\/moverdb.com\/hu\/szallitmanyozo\/freight-forwarding-uk\/glasgow-freight-forwarder\/\">Glasgow sz\u00e1ll\u00edtm\u00e1nyoz\u00f3<\/a><br \/><a href=\"https:\/\/moverdb.com\/hu\/szallitmanyozo\/freight-forwarding-uk\/barking-freight-forwarder\/\">Barking sz\u00e1ll\u00edtm\u00e1nyoz\u00f3<\/a><br \/><a href=\"https:\/\/moverdb.com\/hu\/szallitmanyozo\/freight-forwarding-uk\/staines-freight-forwarder\/\">Staines sz\u00e1ll\u00edtm\u00e1nyoz\u00f3<\/a><br \/><a href=\"https:\/\/moverdb.com\/hu\/szallitmanyozo\/freight-forwarding-uk\/leicester-freight-forwarder\/\">Leicester sz\u00e1ll\u00edtm\u00e1nyoz\u00f3<\/a><br \/><a href=\"https:\/\/moverdb.com\/hu\/szallitmanyozo\/freight-forwarding-uk\/dartford-freight-forwarder\/\">Dartford sz\u00e1ll\u00edtm\u00e1nyoz\u00f3<\/a><\/p>","protected":false},"excerpt":{"rendered":"<p>Below we look at the 8 &#8220;best&#8221; Freight Forwarding companies in West Drayton out of 19. To learn more about how we chose the best please consult our FAQ section at the end. Please not the following listings are in no particular order and we are not making any recommendations for any particular company. Senator [&hellip;]<\/p>\n","protected":false},"author":1,"featured_media":0,"parent":13427,"menu_order":0,"comment_status":"open","ping_status":"open","template":"","meta":{"_genesis_hide_title":false,"_genesis_hide_breadcrumbs":false,"_genesis_hide_singular_image":false,"_genesis_hide_footer_widgets":false,"_genesis_custom_body_class":"","_genesis_custom_post_class":"","_genesis_layout":"","footnotes":""},"class_list":{"0":"post-13762","1":"page","2":"type-page","3":"status-publish","5":"entry"},"_links":{"self":[{"href":"https:\/\/moverdb.com\/hu\/wp-json\/wp\/v2\/pages\/13762","targetHints":{"allow":["GET"]}}],"collection":[{"href":"https:\/\/moverdb.com\/hu\/wp-json\/wp\/v2\/pages"}],"about":[{"href":"https:\/\/moverdb.com\/hu\/wp-json\/wp\/v2\/types\/page"}],"author":[{"embeddable":true,"href":"https:\/\/moverdb.com\/hu\/wp-json\/wp\/v2\/users\/1"}],"replies":[{"embeddable":true,"href":"https:\/\/moverdb.com\/hu\/wp-json\/wp\/v2\/comments?post=13762"}],"version-history":[{"count":1,"href":"https:\/\/moverdb.com\/hu\/wp-json\/wp\/v2\/pages\/13762\/revisions"}],"predecessor-version":[{"id":15807,"href":"https:\/\/moverdb.com\/hu\/wp-json\/wp\/v2\/pages\/13762\/revisions\/15807"}],"up":[{"embeddable":true,"href":"https:\/\/moverdb.com\/hu\/wp-json\/wp\/v2\/pages\/13427"}],"wp:attachment":[{"href":"https:\/\/moverdb.com\/hu\/wp-json\/wp\/v2\/media?parent=13762"}],"curies":[{"name":"wp","href":"https:\/\/api.w.org\/{rel}","templated":true}]}}