{"id":13667,"date":"2023-11-08T15:51:25","date_gmt":"2023-11-08T15:51:25","guid":{"rendered":"https:\/\/moverdb.com\/freight-forwarder\/freight-forwarding-uk\/ashford-freight-forwarder\/"},"modified":"2026-01-08T14:55:32","modified_gmt":"2026-01-08T14:55:32","slug":"ashford-freight-forwarder","status":"publish","type":"page","link":"https:\/\/moverdb.com\/hu\/freight-forwarder\/freight-forwarding-uk\/ashford-freight-forwarder\/","title":{"rendered":"12 Legjobb Ashfordi sz\u00e1ll\u00edtm\u00e1nyoz\u00f3 c\u00e9gek (2024)"},"content":{"rendered":"<p>Az al\u00e1bbiakban a 12 <em>\"legjobb\"<\/em> Sz\u00e1ll\u00edtm\u00e1nyoz\u00f3 c\u00e9gek Ashfordban 18 k\u00f6z\u00fcl.<\/p>\n<p>Ha t\u00f6bbet szeretne megtudni arr\u00f3l, hogyan v\u00e1lasztottuk ki a legjobbakat, k\u00e9rj\u00fck, tekintse meg a v\u00e9g\u00e9n tal\u00e1lhat\u00f3 GYIK r\u00e9szt.<\/p>\n<p><em>K\u00e9rj\u00fck, ne feledje, hogy az al\u00e1bbi list\u00e1k nem \u00e1llnak meghat\u00e1rozott sorrendben, \u00e9s nem tesz\u00fcnk aj\u00e1nl\u00e1sokat egyetlen adott c\u00e9gre sem.<\/em><\/p>\n<div id=\"ez-toc-container\" class=\"ez-toc-v2_0_82_2 ez-toc-wrap-left counter-hierarchy ez-toc-counter ez-toc-transparent ez-toc-container-direction\">\n<div class=\"ez-toc-title-container\">\n<p class=\"ez-toc-title\" style=\"cursor:inherit\">Szakaszok<\/p>\n<span class=\"ez-toc-title-toggle\"><a href=\"#\" class=\"ez-toc-pull-right ez-toc-btn ez-toc-btn-xs ez-toc-btn-default ez-toc-toggle\" aria-label=\"Toggle Tartalomjegyz\u00e9k\"><span class=\"ez-toc-js-icon-con\"><span class=\"\"><span class=\"eztoc-hide\" style=\"display:none;\">Toggle<\/span><span class=\"ez-toc-icon-toggle-span\"><svg style=\"fill: #999;color:#999\" xmlns=\"http:\/\/www.w3.org\/2000\/svg\" class=\"list-377408\" width=\"20px\" height=\"20px\" viewbox=\"0 0 24 24\" fill=\"none\"><path d=\"M6 6H4v2h2V6zm14 0H8v2h12V6zM4 11h2v2H4v-2zm16 0H8v2h12v-2zM4 16h2v2H4v-2zm16 0H8v2h12v-2z\" fill=\"currentColor\"><\/path><\/svg><svg style=\"fill: #999;color:#999\" class=\"arrow-unsorted-368013\" xmlns=\"http:\/\/www.w3.org\/2000\/svg\" width=\"10px\" height=\"10px\" viewbox=\"0 0 24 24\" version=\"1.2\" baseprofile=\"tiny\"><path d=\"M18.2 9.3l-6.2-6.3-6.2 6.3c-.2.2-.3.4-.3.7s.1.5.3.7c.2.2.4.3.7.3h11c.3 0 .5-.1.7-.3.2-.2.3-.5.3-.7s-.1-.5-.3-.7zM5.8 14.7l6.2 6.3 6.2-6.3c.2-.2.3-.5.3-.7s-.1-.5-.3-.7c-.2-.2-.4-.3-.7-.3h-11c-.3 0-.5.1-.7.3-.2.2-.3.5-.3.7s.1.5.3.7z\"\/><\/svg><\/span><\/span><\/span><\/a><\/span><\/div>\n<nav><ul class='ez-toc-list ez-toc-list-level-1 eztoc-toggle-hide-by-default' ><li class='ez-toc-page-1 ez-toc-heading-level-2'><a class=\"ez-toc-link ez-toc-heading-1\" href=\"https:\/\/moverdb.com\/hu\/freight-forwarder\/freight-forwarding-uk\/ashford-freight-forwarder\/#Rock-it_Global\" >Rock-it Global<\/a><\/li><li class='ez-toc-page-1 ez-toc-heading-level-2'><a class=\"ez-toc-link ez-toc-heading-2\" href=\"https:\/\/moverdb.com\/hu\/freight-forwarder\/freight-forwarding-uk\/ashford-freight-forwarder\/#TLC_World_Logistics\" >TLC World Logistics<\/a><\/li><li class='ez-toc-page-1 ez-toc-heading-level-2'><a class=\"ez-toc-link ez-toc-heading-3\" href=\"https:\/\/moverdb.com\/hu\/freight-forwarder\/freight-forwarding-uk\/ashford-freight-forwarder\/#E_M_S_Cargo_Ltd\" >E M S Cargo Ltd.<\/a><\/li><li class='ez-toc-page-1 ez-toc-heading-level-2'><a class=\"ez-toc-link ez-toc-heading-4\" href=\"https:\/\/moverdb.com\/hu\/freight-forwarder\/freight-forwarding-uk\/ashford-freight-forwarder\/#Moonbridge_Air_Project_Services_Ltd\" >Moonbridge Air &amp; Project Services Ltd<\/a><\/li><li class='ez-toc-page-1 ez-toc-heading-level-2'><a class=\"ez-toc-link ez-toc-heading-5\" href=\"https:\/\/moverdb.com\/hu\/freight-forwarder\/freight-forwarding-uk\/ashford-freight-forwarder\/#S-Logibis_UK_Ltd\" >S-Logibis UK Ltd<\/a><\/li><li class='ez-toc-page-1 ez-toc-heading-level-2'><a class=\"ez-toc-link ez-toc-heading-6\" href=\"https:\/\/moverdb.com\/hu\/freight-forwarder\/freight-forwarding-uk\/ashford-freight-forwarder\/#Freedom_Logistics_International_Ltd\" >Freedom Logistics International Ltd.<\/a><\/li><li class='ez-toc-page-1 ez-toc-heading-level-2'><a class=\"ez-toc-link ez-toc-heading-7\" href=\"https:\/\/moverdb.com\/hu\/freight-forwarder\/freight-forwarding-uk\/ashford-freight-forwarder\/#Allfreight_Packing_Services\" >Allfreight csomagol\u00e1si szolg\u00e1ltat\u00e1sok<\/a><\/li><li class='ez-toc-page-1 ez-toc-heading-level-2'><a class=\"ez-toc-link ez-toc-heading-8\" href=\"https:\/\/moverdb.com\/hu\/freight-forwarder\/freight-forwarding-uk\/ashford-freight-forwarder\/#Velta_International_Air_Freight_Office\" >Velta Nemzetk\u00f6zi L\u00e9gi Tehersz\u00e1ll\u00edt\u00e1si Iroda<\/a><\/li><li class='ez-toc-page-1 ez-toc-heading-level-2'><a class=\"ez-toc-link ez-toc-heading-9\" href=\"https:\/\/moverdb.com\/hu\/freight-forwarder\/freight-forwarding-uk\/ashford-freight-forwarder\/#EasyLift_Freight_Solutions\" >EasyLift Freight Solutions<\/a><\/li><li class='ez-toc-page-1 ez-toc-heading-level-2'><a class=\"ez-toc-link ez-toc-heading-10\" href=\"https:\/\/moverdb.com\/hu\/freight-forwarder\/freight-forwarding-uk\/ashford-freight-forwarder\/#NTS_International_Express_Ltd\" >NTS International Express Ltd.<\/a><\/li><li class='ez-toc-page-1 ez-toc-heading-level-2'><a class=\"ez-toc-link ez-toc-heading-11\" href=\"https:\/\/moverdb.com\/hu\/freight-forwarder\/freight-forwarding-uk\/ashford-freight-forwarder\/#Chas_Mortimer\" >Chas Mortimer<\/a><\/li><li class='ez-toc-page-1 ez-toc-heading-level-2'><a class=\"ez-toc-link ez-toc-heading-12\" href=\"https:\/\/moverdb.com\/hu\/freight-forwarder\/freight-forwarding-uk\/ashford-freight-forwarder\/#The_Custom_House_Transit\" >A v\u00e1mh\u00e1z (tranzit)<\/a><\/li><li class='ez-toc-page-1 ez-toc-heading-level-2'><a class=\"ez-toc-link ez-toc-heading-13\" href=\"https:\/\/moverdb.com\/hu\/freight-forwarder\/freight-forwarding-uk\/ashford-freight-forwarder\/#How_we_picked_the_best_Ashford_Freight_Forwarding_Companies\" >Hogyan v\u00e1lasztottuk ki a legjobb Ashfordi Sz\u00e1ll\u00edtm\u00e1nyoz\u00f3 c\u00e9geket<\/a><\/li><\/ul><\/nav><\/div>\n<h2><span class=\"ez-toc-section\" id=\"Rock-it_Global\"><\/span>Rock-it Global<span class=\"ez-toc-section-end\"><\/span><\/h2>\n<p><img decoding=\"async\" src=\"https:\/\/moverdb.com\/wp-content\/uploads\/AF1QipMXzbTN-eDFicPm4qmEDTgVrqaoDwPda3RJXPP-w408-h544-k-no.jpg\" alt='Rock-it Global' class=\"aligncenter\"><\/p>\n<p><strong>A v\u00e1llalkoz\u00e1s le\u00edr\u00e1sa: <\/strong>A Rock-it Global az \u00e9l\u0151 rendezv\u00e9nyek sz\u00e1ll\u00edtm\u00e1nyoz\u00e1s\u00e1nak \u00e9s logisztikai szolg\u00e1ltat\u00e1sainak vezet\u0151 szolg\u00e1ltat\u00f3jak\u00e9nt a nagy tapasztalattal rendelkez\u0151 \u00fcgyn\u00f6k\u00f6ket az ipar\u00e1g legmegb\u00edzhat\u00f3bb glob\u00e1lis h\u00e1l\u00f3zat\u00e1val egyes\u00edti, hogy rendk\u00edv\u00fcli rendezv\u00e9nyeket biztos\u00edtson.<\/p>\n<p> \u00c9vtizedeken \u00e1t \u00e9p\u00edtett\u00fcnk kapcsolatokat a vil\u00e1g legmegb\u00edzhat\u00f3bb \u00e9s legakkredit\u00e1ltabb tehersz\u00e1ll\u00edt\u00f3 \u00fcgyn\u00f6ks\u00e9geivel, hogy sz\u00e1ll\u00edtm\u00e1nyai biztons\u00e1gosan \u00e9s id\u0151ben meg\u00e9rkezzenek, f\u00fcggetlen\u00fcl a helysz\u00ednt\u0151l.<\/p>\n<p><strong>Tov\u00e1bbi szolg\u00e1ltat\u00e1sok:<\/strong><\/p>\n<p>Sz\u00e1ll\u00edt\u00f3 c\u00e9g<\/p>\n<p><strong>C\u00edm:<\/strong> Abbeygate House, Challenge Rd, Ashford TW15 1AX<\/p>\n<p><a href=\"http:\/\/rockit.global\/\" target=\"_new\" rel=\"noopener\">Rock-it Global honlapja<\/a><\/p>\n<p><strong>\u00c9rt\u00e9kel\u00e9si pontsz\u00e1m: <\/strong>4.5<br \/> <strong>V\u00e9lem\u00e9nyek sz\u00e1ma:<\/strong> 40<br \/><a href=\"https:\/\/www.google.co.uk\/maps?cid=2195633308109349762&#038;hl=en&#038;gl=GB\" target=\"_new\" rel=\"noopener\">V\u00e9lem\u00e9nyek olvas\u00e1sa<\/a><\/p>\n<h2><span class=\"ez-toc-section\" id=\"TLC_World_Logistics\"><\/span>TLC World Logistics<span class=\"ez-toc-section-end\"><\/span><\/h2>\n<p><img decoding=\"async\" src=\"https:\/\/moverdb.com\/wp-content\/uploads\/AF1QipPd_AwaquiUSQanF1fNMy4jib7LrJ6Kla3MoZt_w408-h544-k-no.jpg\" alt='TLC World Logistics' class=\"aligncenter\"><\/p>\n<p><strong>A v\u00e1llalkoz\u00e1s le\u00edr\u00e1sa: <\/strong>A term\u00e9k A-t\u00f3l B-ig t\u00f6rt\u00e9n\u0151 eljuttat\u00e1sa a minimum, amit elv\u00e1rhat.<\/p>\n<p> Itt a TLC World Logistics-n\u00e9l a nev\u00fcnk mindent elmond! Gondoskodunk \u00fcgyfeleinkr\u0151l, \u00e9s mindent megtesz\u00fcnk az\u00e9rt, hogy az \u00d6n logisztikai szolg\u00e1ltat\u00f3ja legy\u00fcnk.<\/p>\n<p>Elk\u00f6telezett csapatunk id\u0151t ford\u00edt arra, hogy megismerje az \u00d6n ig\u00e9nyeit \u00e9s meg\u00e9rtse egyedi ig\u00e9nyeit, hogy minden alkalommal z\u00f6kken\u0151mentes \u00e9lm\u00e9nyt ny\u00fajthassunk.<\/p>\n<p>A sz\u00e1ll\u00edtm\u00e1nyoz\u00e1s a DNS-\u00fcnkben van, \u00e9s a l\u00e9gi, tengeri \u00e9s k\u00f6z\u00fati sz\u00e1ll\u00edtm\u00e1nyoz\u00e1sban r\u00e9g\u00f3ta fenn\u00e1ll\u00f3 kapcsolatainkat kihaszn\u00e1lva seg\u00edt\u00fcnk elker\u00fclni az esetleges fejf\u00e1j\u00e1st, \u00e9s biztos\u00edtjuk, hogy a rakom\u00e1ny a megfelel\u0151 id\u0151ben \u00e9s a megfelel\u0151 \u00e1llapotban \u00e9rkezzen meg a c\u00e9l\u00e1llom\u00e1sra.<\/p>\n<p><strong>Tov\u00e1bbi szolg\u00e1ltat\u00e1sok:<\/strong><\/p>\n<p>Nincs list\u00e1zva<\/p>\n<p><strong>C\u00edm:<\/strong> Littleton House, Littleton Rd, Ashford TW15 1UU, 23. egys\u00e9g, Littleton House, Littleton Rd, Ashford TW15 1UU<\/p>\n<p><a href=\"http:\/\/tlc-wlogistics.uk\/\" target=\"_new\" rel=\"noopener\">TLC World Logistics honlapja<\/a><\/p>\n<p><strong>\u00c9rt\u00e9kel\u00e9si pontsz\u00e1m: <\/strong>5<br \/> <strong>V\u00e9lem\u00e9nyek sz\u00e1ma:<\/strong> 3<br \/><a href=\"https:\/\/www.google.co.uk\/maps?cid=16083155512195829948&#038;hl=en&#038;gl=GB\" target=\"_new\" rel=\"noopener\">V\u00e9lem\u00e9nyek olvas\u00e1sa<\/a><\/p>\n<h2><span class=\"ez-toc-section\" id=\"E_M_S_Cargo_Ltd\"><\/span>E M S Cargo Ltd.<span class=\"ez-toc-section-end\"><\/span><\/h2>\n<p><img decoding=\"async\" src=\"https:\/\/moverdb.com\/wp-content\/uploads\/thumbnailpanoid7NtfghzoYVSs7rogPVJUTAcb_clientsearch.gws-prod.gpsw408h240yaw196.jpg\" alt='E M S Cargo Ltd.' class=\"aligncenter\"><\/p>\n<p><strong>A v\u00e1llalkoz\u00e1s le\u00edr\u00e1sa: <\/strong>Nincs megadva<\/p>\n<p><strong>Tov\u00e1bbi szolg\u00e1ltat\u00e1sok:<\/strong><\/p>\n<p>Nincs list\u00e1zva<\/p>\n<p><strong>C\u00edm:<\/strong> Ashford House, 41-45 Church Rd, Ashford TW15 2TQ<\/p>\n<p><a href=\"https:\/\/www.ems-cargo.co.uk\/\" target=\"_new\" rel=\"noopener\">E M S Cargo Ltd honlapja<\/a><\/p>\n<p><strong>\u00c9rt\u00e9kel\u00e9si pontsz\u00e1m: <\/strong>4<br \/> <strong>V\u00e9lem\u00e9nyek sz\u00e1ma:<\/strong> 1<br \/><a href=\"https:\/\/www.google.co.uk\/maps?cid=7899510178891633001&#038;hl=en&#038;gl=GB\" target=\"_new\" rel=\"noopener\">V\u00e9lem\u00e9nyek olvas\u00e1sa<\/a><\/p>\n<h2><span class=\"ez-toc-section\" id=\"Moonbridge_Air_Project_Services_Ltd\"><\/span>Moonbridge Air &amp; Project Services Ltd<span class=\"ez-toc-section-end\"><\/span><\/h2>\n<p><img decoding=\"async\" src=\"https:\/\/moverdb.com\/wp-content\/uploads\/thumbnailpanoidd-5tlTL16SC9zsRxLbJZAwcb_clientsearch.gws-prod.gpsw408h240yaw269.jpg\" alt='Moonbridge Air &amp; Project Services Ltd' class=\"aligncenter\"><\/p>\n<p><strong>A v\u00e1llalkoz\u00e1s le\u00edr\u00e1sa: <\/strong>Nincs megadva<\/p>\n<p><strong>Tov\u00e1bbi szolg\u00e1ltat\u00e1sok:<\/strong><\/p>\n<p>Fut\u00e1rszolg\u00e1lat<\/p>\n<p>Sz\u00e1ll\u00edt\u00f3 c\u00e9g<\/p>\n<p>T\u00e1rol\u00f3 l\u00e9tes\u00edtm\u00e9ny<\/p>\n<p><strong>C\u00edm:<\/strong> 304 Challenge Rd, Feltham, Ashford TW15 1AX<\/p>\n<p><a href=\"http:\/\/www.moonbridge.co.uk\/\" target=\"_new\" rel=\"noopener\">Moonbridge Air &amp; Project Services Ltd honlapja<\/a><\/p>\n<p><strong>\u00c9rt\u00e9kel\u00e9si pontsz\u00e1m: <\/strong>4<br \/> <strong>V\u00e9lem\u00e9nyek sz\u00e1ma:<\/strong> 1<br \/><a href=\"https:\/\/www.google.co.uk\/maps?cid=14440356351156623702&#038;hl=en&#038;gl=GB\" target=\"_new\" rel=\"noopener\">V\u00e9lem\u00e9nyek olvas\u00e1sa<\/a><\/p>\n<h2><span class=\"ez-toc-section\" id=\"S-Logibis_UK_Ltd\"><\/span>S-Logibis UK Ltd<span class=\"ez-toc-section-end\"><\/span><\/h2>\n<p><img decoding=\"async\" src=\"https:\/\/moverdb.com\/wp-content\/uploads\/AF1QipOTDxMw1-hGpG44HoKGWL8P5r8UM0WuRNCHeQhMw426-h240-k-no.jpg\" alt='S-Logibis UK Ltd' class=\"aligncenter\"><\/p>\n<p><strong>A v\u00e1llalkoz\u00e1s le\u00edr\u00e1sa: <\/strong>Nincs megadva<\/p>\n<p><strong>Tov\u00e1bbi szolg\u00e1ltat\u00e1sok:<\/strong><\/p>\n<p>Nincs list\u00e1zva<\/p>\n<p><strong>C\u00edm:<\/strong> Unit 201 Challenge Rd, Feltham, Ashford TW15 1AX<\/p>\n<p><a href=\"https:\/\/s-logibis.co.uk\/contents.php?category=10&#038;code=1004\" target=\"_new\" rel=\"noopener\">S-Logibis UK Ltd honlapja<\/a><\/p>\n<p><strong>\u00c9rt\u00e9kel\u00e9si pontsz\u00e1m: <\/strong>4.4<br \/> <strong>V\u00e9lem\u00e9nyek sz\u00e1ma:<\/strong> 5<br \/><a href=\"https:\/\/www.google.co.uk\/maps?cid=6835984102190395091&#038;hl=en&#038;gl=GB\" target=\"_new\" rel=\"noopener\">V\u00e9lem\u00e9nyek olvas\u00e1sa<\/a><\/p>\n<h2><span class=\"ez-toc-section\" id=\"Freedom_Logistics_International_Ltd\"><\/span>Freedom Logistics International Ltd.<span class=\"ez-toc-section-end\"><\/span><\/h2>\n<p><img decoding=\"async\" src=\"https:\/\/moverdb.com\/wp-content\/uploads\/thumbnailpanoidH3zz5a7r1p-R4G5aFS56pwcb_clientsearch.gws-prod.gpsw408h240yaw98.jpg\" alt='Freedom Logistics International Ltd.' class=\"aligncenter\"><\/p>\n<p><strong>A v\u00e1llalkoz\u00e1s le\u00edr\u00e1sa: <\/strong>Nincs megadva<\/p>\n<p><strong>Tov\u00e1bbi szolg\u00e1ltat\u00e1sok:<\/strong><\/p>\n<p>Rendezv\u00e9nyszervez\u00e9si szolg\u00e1ltat\u00e1s<\/p>\n<p>Logisztikai szolg\u00e1ltat\u00e1s<\/p>\n<p>H\u0171t\u00f6tt sz\u00e1ll\u00edt\u00e1si szolg\u00e1ltat\u00e1s<\/p>\n<p>Rakt\u00e1r<\/p>\n<p><strong>C\u00edm:<\/strong> 204-es egys\u00e9g, Bedfont Ipari Park, Challenge Rd, Ashford TW15 1AX<\/p>\n<p><a href=\"http:\/\/www.freedomlogisticsuk.co.uk\/\" target=\"_new\" rel=\"noopener\">Freedom Logistics International Ltd honlapja<\/a><\/p>\n<p><strong>\u00c9rt\u00e9kel\u00e9si pontsz\u00e1m: <\/strong>4.6<br \/> <strong>V\u00e9lem\u00e9nyek sz\u00e1ma:<\/strong> 10<br \/><a href=\"https:\/\/www.google.co.uk\/maps?cid=17066085133262224157&#038;hl=en&#038;gl=GB\" target=\"_new\" rel=\"noopener\">V\u00e9lem\u00e9nyek olvas\u00e1sa<\/a><\/p>\n<h2><span class=\"ez-toc-section\" id=\"Allfreight_Packing_Services\"><\/span>Allfreight csomagol\u00e1si szolg\u00e1ltat\u00e1sok<span class=\"ez-toc-section-end\"><\/span><\/h2>\n<p><img decoding=\"async\" src=\"https:\/\/moverdb.com\/wp-content\/uploads\/AF1QipOyI1N28LrVGYHJP56hFnzcvncZq5mCd6_ny2fxw408-h301-k-no.png\" alt='Allfreight csomagol\u00e1si szolg\u00e1ltat\u00e1sok' class=\"aligncenter\"><\/p>\n<p><strong>A v\u00e1llalkoz\u00e1s le\u00edr\u00e1sa: <\/strong>Nincs megadva<\/p>\n<p><strong>Tov\u00e1bbi szolg\u00e1ltat\u00e1sok:<\/strong><\/p>\n<p>Nincs list\u00e1zva<\/p>\n<p><strong>C\u00edm:<\/strong> 11. egys\u00e9g, Ashford Business Complex, 166 Feltham Rd, Shepperton, Ashford TW15 1YQ<\/p>\n<p><a href=\"http:\/\/www.all-freightpacking.co.uk\/\" target=\"_new\" rel=\"noopener\">Allfreight csomagol\u00e1si szolg\u00e1ltat\u00e1sok honlapja<\/a><\/p>\n<p><strong>\u00c9rt\u00e9kel\u00e9si pontsz\u00e1m: <\/strong>4.5<br \/> <strong>V\u00e9lem\u00e9nyek sz\u00e1ma:<\/strong> 19<br \/><a href=\"https:\/\/www.google.co.uk\/maps?cid=11733537550063034568&#038;hl=en&#038;gl=GB\" target=\"_new\" rel=\"noopener\">V\u00e9lem\u00e9nyek olvas\u00e1sa<\/a><\/p>\n<h2><span class=\"ez-toc-section\" id=\"Velta_International_Air_Freight_Office\"><\/span>Velta Nemzetk\u00f6zi L\u00e9gi Tehersz\u00e1ll\u00edt\u00e1si Iroda<span class=\"ez-toc-section-end\"><\/span><\/h2>\n<p><img decoding=\"async\" src=\"https:\/\/moverdb.com\/wp-content\/uploads\/thumbnailpanoidH3zz5a7r1p-R4G5aFS56pwcb_clientsearch.gws-prod.gpsw408h240yaw102.jpg\" alt='Velta Nemzetk\u00f6zi L\u00e9gi Tehersz\u00e1ll\u00edt\u00e1si Iroda' class=\"aligncenter\"><\/p>\n<p><strong>A v\u00e1llalkoz\u00e1s le\u00edr\u00e1sa: <\/strong>Nincs megadva<\/p>\n<p><strong>Tov\u00e1bbi szolg\u00e1ltat\u00e1sok:<\/strong><\/p>\n<p>Nincs list\u00e1zva<\/p>\n<p><strong>C\u00edm:<\/strong> 202-es \u00e9p\u00fclet, Bedfont Industrial Park North, Challenge Rd, Ashford TW15 1AX<\/p>\n<p><a href=\"http:\/\/www.velta.co.uk\/\" target=\"_new\" rel=\"noopener\">Velta Nemzetk\u00f6zi L\u00e9gi Tehersz\u00e1ll\u00edt\u00e1si Iroda honlapja<\/a><\/p>\n<p><strong>\u00c9rt\u00e9kel\u00e9si pontsz\u00e1m: <\/strong>5<br \/> <strong>V\u00e9lem\u00e9nyek sz\u00e1ma:<\/strong> 2<br \/><a href=\"https:\/\/www.google.co.uk\/maps?cid=13870450745036940580&#038;hl=en&#038;gl=GB\" target=\"_new\" rel=\"noopener\">V\u00e9lem\u00e9nyek olvas\u00e1sa<\/a><\/p>\n<h2><span class=\"ez-toc-section\" id=\"EasyLift_Freight_Solutions\"><\/span>EasyLift Freight Solutions<span class=\"ez-toc-section-end\"><\/span><\/h2>\n<p><img decoding=\"async\" src=\"https:\/\/moverdb.com\/wp-content\/uploads\/AF1QipNoTFk2reRz4itzxpVwuzSmMHMIDP0X-M9yAK_Uw408-h544-k-no.jpg\" alt='EasyLift Freight Solutions' class=\"aligncenter\"><\/p>\n<p><strong>A v\u00e1llalkoz\u00e1s le\u00edr\u00e1sa: <\/strong>Nincs megadva<\/p>\n<p><strong>Tov\u00e1bbi szolg\u00e1ltat\u00e1sok:<\/strong><\/p>\n<p>Forgalmaz\u00e1si szolg\u00e1ltat\u00e1s<\/p>\n<p>\u00d6n\u00e1ll\u00f3 t\u00e1rol\u00f3 l\u00e9tes\u00edtm\u00e9ny<\/p>\n<p><strong>C\u00edm:<\/strong> Ashford TN24 8DH<\/p>\n<p><a href=\"https:\/\/easylift.info\/\" target=\"_new\" rel=\"noopener\">EasyLift Freight Solutions weboldal<\/a><\/p>\n<p><strong>\u00c9rt\u00e9kel\u00e9si pontsz\u00e1m: <\/strong>4.8<br \/> <strong>V\u00e9lem\u00e9nyek sz\u00e1ma:<\/strong> 12<br \/><a href=\"https:\/\/www.google.co.uk\/maps?cid=950958352833815491&#038;hl=en&#038;gl=GB\" target=\"_new\" rel=\"noopener\">V\u00e9lem\u00e9nyek olvas\u00e1sa<\/a><\/p>\n<h2><span class=\"ez-toc-section\" id=\"NTS_International_Express_Ltd\"><\/span>NTS International Express Ltd.<span class=\"ez-toc-section-end\"><\/span><\/h2>\n<p><img decoding=\"async\" src=\"https:\/\/moverdb.com\/wp-content\/uploads\/AF1QipMMDXPy6pvHsu76FfdjUDwqP6jdAn79G66Tg41Zw408-h273-k-no.jpg\" alt='NTS International Express Ltd.' class=\"aligncenter\"><\/p>\n<p><strong>A v\u00e1llalkoz\u00e1s le\u00edr\u00e1sa: <\/strong>Szak\u00e9rt\u0151k a k\u00f6vetkez\u0151 ter\u00fcleteken <a href=\"https:\/\/moverdb.com\/hu\/moving-to-the-uk\/\" data-internallinksmanager029f6b8e52c=\"93\" title=\"Az Egyes\u00fclt Kir\u00e1lys\u00e1gba k\u00f6lt\u00f6zik? 2022 Meg\u00e9lhet\u00e9si k\u00f6lts\u00e9gek \u00e9s k\u00f6lt\u00f6z\u00e9si tippek\">UK<\/a> &amp; Eur\u00f3pai gyorssz\u00e1ll\u00edt\u00e1s<\/p>\n<p><strong>Tov\u00e1bbi szolg\u00e1ltat\u00e1sok:<\/strong><\/p>\n<p>Fut\u00e1rszolg\u00e1lat<\/p>\n<p>Sz\u00e1ll\u00edt\u00e1si szolg\u00e1ltat\u00e1s<\/p>\n<p>Teherfuvaroz\u00f3 c\u00e9g<\/p>\n<p><strong>C\u00edm:<\/strong> 3 Capel Cl, Leacon Rd, Ashford TN23 4GY<\/p>\n<p><a href=\"http:\/\/www.nts-express.co.uk\/\" target=\"_new\" rel=\"noopener\">NTS International Express Ltd honlapja<\/a><\/p>\n<p><strong>\u00c9rt\u00e9kel\u00e9si pontsz\u00e1m: <\/strong>4.7<br \/> <strong>V\u00e9lem\u00e9nyek sz\u00e1ma:<\/strong> 30<br \/><a href=\"https:\/\/www.google.co.uk\/maps?cid=18209474387153204652&#038;hl=en&#038;gl=GB\" target=\"_new\" rel=\"noopener\">V\u00e9lem\u00e9nyek olvas\u00e1sa<\/a><\/p>\n<h2><span class=\"ez-toc-section\" id=\"Chas_Mortimer\"><\/span>Chas Mortimer<span class=\"ez-toc-section-end\"><\/span><\/h2>\n<p><img decoding=\"async\" src=\"https:\/\/moverdb.com\/wp-content\/uploads\/thumbnailpanoid4AZ2ZR0VKsME0G27IC11lQcb_clientsearch.gws-prod.gpsw408h240yaw18.jpg\" alt='Chas Mortimer' class=\"aligncenter\"><\/p>\n<p><strong>A v\u00e1llalkoz\u00e1s le\u00edr\u00e1sa: <\/strong>Nincs megadva<\/p>\n<p><strong>Tov\u00e1bbi szolg\u00e1ltat\u00e1sok:<\/strong><\/p>\n<p>Nincs list\u00e1zva<\/p>\n<p><strong>C\u00edm:<\/strong> Charing Hill, Charing, Ashford TN27 0NL<\/p>\n<p><a href=\"http:\/\/www.chasmortimer.co.uk\/\" target=\"_new\" rel=\"noopener\">Chas Mortimer honlapja<\/a><\/p>\n<p><strong>\u00c9rt\u00e9kel\u00e9si pontsz\u00e1m: <\/strong>4.5<br \/> <strong>V\u00e9lem\u00e9nyek sz\u00e1ma:<\/strong> 13<br \/><a href=\"https:\/\/www.google.co.uk\/maps?cid=6374741749147290751&#038;hl=en&#038;gl=GB\" target=\"_new\" rel=\"noopener\">V\u00e9lem\u00e9nyek olvas\u00e1sa<\/a><\/p>\n<h2><span class=\"ez-toc-section\" id=\"The_Custom_House_Transit\"><\/span>A v\u00e1mh\u00e1z (tranzit)<span class=\"ez-toc-section-end\"><\/span><\/h2>\n<p><img decoding=\"async\" src=\"https:\/\/moverdb.com\/wp-content\/uploads\/AF1QipPoSxMCWeMcNFCXVcSmFvJEvFjuUTNYjg_e4OC_w426-h240-k-no.jpg\" alt='A v\u00e1mh\u00e1z (tranzit)' class=\"aligncenter\"><\/p>\n<p><strong>A v\u00e1llalkoz\u00e1s le\u00edr\u00e1sa: <\/strong>A Custom House egy f\u00fcggetlen v\u00e1m\u00fcgyn\u00f6k (v\u00e1m\u00fcgyn\u00f6k), amelynek sz\u00e9khelye a kenti Ashford melletti Sevingtonban tal\u00e1lhat\u00f3.<\/p>\n<p> Mi vagyunk a hat\u00e1r\u0151rs\u00e9g f\u0151 belf\u00f6ldi hat\u00e1r\u00e1llom\u00e1s\u00e1n, az Egyes\u00fclt Kir\u00e1lys\u00e1g \u00e9s a kontinent\u00e1lis Eur\u00f3pa k\u00f6z\u00f6tti kereskedelem f\u0151 csom\u00f3pontj\u00e1n\u00e1l.<\/p>\n<p>El\u0151seg\u00edtj\u00fck az importot, exportot \u00e9s tranzitot az \u00f6sszes UK <a href=\"https:\/\/moverdb.com\/hu\/top-49-container-ports\/\" data-internallinksmanager029f6b8e52c=\"80\" title=\"Top 49 legnagyobb \u00e9s legforgalmasabb kont\u00e9nerkik\u00f6t\u0151 2025-ben\">kik\u00f6t\u0151k<\/a>, de a doveri kik\u00f6t\u0151n \u00e9s a Csatorna-alag\u00faton \u00e1thalad\u00f3 kereskedelemre szakosodott.<\/p>\n<p><strong>Tov\u00e1bbi szolg\u00e1ltat\u00e1sok:<\/strong><\/p>\n<p>V\u00e1llalati iroda<\/p>\n<p><strong>C\u00edm:<\/strong> 21. egys\u00e9g, Arrowhead Road Waterbrook, Park, Ashford TN24 0FL<\/p>\n<p><a href=\"http:\/\/www.thecustomhouse.co.uk\/\" target=\"_new\" rel=\"noopener\">A v\u00e1mh\u00e1z (tranzit) honlapja<\/a><\/p>\n<p><strong>\u00c9rt\u00e9kel\u00e9si pontsz\u00e1m: <\/strong>4.4<br \/> <strong>V\u00e9lem\u00e9nyek sz\u00e1ma:<\/strong> 30<br \/><a href=\"https:\/\/www.google.co.uk\/maps?cid=13081807234282010606&#038;hl=en&#038;gl=GB\" target=\"_new\" rel=\"noopener\">V\u00e9lem\u00e9nyek olvas\u00e1sa<\/a><\/p>\n<h2><span class=\"ez-toc-section\" id=\"How_we_picked_the_best_Ashford_Freight_Forwarding_Companies\"><\/span>Hogyan v\u00e1lasztottuk ki a legjobb Ashfordi Sz\u00e1ll\u00edtm\u00e1nyoz\u00f3 c\u00e9geket<span class=\"ez-toc-section-end\"><\/span><\/h2>\n<p>A Google Maps seg\u00edts\u00e9g\u00e9vel 18 Ashfordi sz\u00e1ll\u00edtm\u00e1nyoz\u00f3 c\u00e9get tartalmaz\u00f3 adatsorral kezdt\u00fck, \u00e9s a legjobb 12-re sz\u0171k\u00edtett\u00fck a k\u00f6rt.<\/p>\n<p>Ehhez elt\u00e1vol\u00edtottunk minden olyan v\u00e1llalatot, amely:<\/p>\n<ul>\n<li> Nem volt honlapja<\/li>\n<li> Nem volt \u00e9rt\u00e9kel\u00e9s<\/li>\n<li> 2.0 alatti \u00e1tlagos \u00e9rt\u00e9kel\u00e9si pontsz\u00e1mmal rendelkezett<\/li>\n<\/ul>\n<p>Ekkor, ha 17 vagy ann\u00e1l kevesebb sz\u00e1ll\u00edt\u00f3nk volt, akkor mindet felsoroltuk.<\/p>\n<p>Azokban a v\u00e1rosokban, ahol 17-n\u00e9l t\u00f6bb sz\u00e1ll\u00edtm\u00e1nyoz\u00f3 maradt, tov\u00e1bbi m\u00f3dos\u00edt\u00e1sokat hajtottunk v\u00e9gre az\u00e1ltal, hogy vagy megemelt\u00fck a sz\u00fcks\u00e9ges \u00e9rt\u00e9kel\u00e9si pontsz\u00e1mot (pl. a minim\u00e1lis 2,0-r\u00f3l 4,0-ra) \u00e9s\/vagy megn\u00f6velt\u00fck a sz\u00fcks\u00e9ges \u00e9rt\u00e9kel\u00e9sek minim\u00e1lis sz\u00e1m\u00e1t (pl. legal\u00e1bb 1 \u00e9rt\u00e9kel\u00e9sr\u0151l legal\u00e1bb 10-re).<\/p>\n<p>Megjegyzend\u0151, hogy csak a Google Maps \u00e1ttekint\u00e9si adatait haszn\u00e1ltuk fel, m\u00e1s, harmadik f\u00e9lt\u0151l sz\u00e1rmaz\u00f3 weboldalakat nem.<\/p>\n<p>Tov\u00e1bbi v\u00e1rosok:<\/p>\n<p><a href=\"https:\/\/moverdb.com\/hu\/szallitmanyozo\/freight-forwarding-uk\/egham-freight-forwarder\/\">Egham sz\u00e1ll\u00edtm\u00e1nyoz\u00f3<\/a><br \/><a href=\"https:\/\/moverdb.com\/hu\/szallitmanyozo\/freight-forwarding-uk\/leeds-freight-forwarder\/\">Leeds sz\u00e1ll\u00edtm\u00e1nyoz\u00f3<\/a><br \/><a href=\"https:\/\/moverdb.com\/hu\/szallitmanyozo\/freight-forwarding-uk\/belfast-freight-forwarder\/\">Belfast sz\u00e1ll\u00edtm\u00e1nyoz\u00f3<\/a><br \/><a href=\"https:\/\/moverdb.com\/hu\/szallitmanyozo\/freight-forwarding-uk\/hayes-freight-forwarder\/\">Hayes sz\u00e1ll\u00edtm\u00e1nyoz\u00f3<\/a><br \/><a href=\"https:\/\/moverdb.com\/hu\/szallitmanyozo\/freight-forwarding-uk\/bradford-freight-forwarder\/\">Bradford sz\u00e1ll\u00edtm\u00e1nyoz\u00f3<\/a><\/p>","protected":false},"excerpt":{"rendered":"<p>Below we look at the 12 &#8220;best&#8221; Freight Forwarding companies in Ashford out of 18. To learn more about how we chose the best please consult our FAQ section at the end. Please not the following listings are in no particular order and we are not making any recommendations for any particular company. Rock-it Global [&hellip;]<\/p>\n","protected":false},"author":1,"featured_media":0,"parent":13427,"menu_order":0,"comment_status":"open","ping_status":"open","template":"","meta":{"_genesis_hide_title":false,"_genesis_hide_breadcrumbs":false,"_genesis_hide_singular_image":false,"_genesis_hide_footer_widgets":false,"_genesis_custom_body_class":"","_genesis_custom_post_class":"","_genesis_layout":"","footnotes":""},"class_list":{"0":"post-13667","1":"page","2":"type-page","3":"status-publish","5":"entry"},"_links":{"self":[{"href":"https:\/\/moverdb.com\/hu\/wp-json\/wp\/v2\/pages\/13667","targetHints":{"allow":["GET"]}}],"collection":[{"href":"https:\/\/moverdb.com\/hu\/wp-json\/wp\/v2\/pages"}],"about":[{"href":"https:\/\/moverdb.com\/hu\/wp-json\/wp\/v2\/types\/page"}],"author":[{"embeddable":true,"href":"https:\/\/moverdb.com\/hu\/wp-json\/wp\/v2\/users\/1"}],"replies":[{"embeddable":true,"href":"https:\/\/moverdb.com\/hu\/wp-json\/wp\/v2\/comments?post=13667"}],"version-history":[{"count":1,"href":"https:\/\/moverdb.com\/hu\/wp-json\/wp\/v2\/pages\/13667\/revisions"}],"predecessor-version":[{"id":15685,"href":"https:\/\/moverdb.com\/hu\/wp-json\/wp\/v2\/pages\/13667\/revisions\/15685"}],"up":[{"embeddable":true,"href":"https:\/\/moverdb.com\/hu\/wp-json\/wp\/v2\/pages\/13427"}],"wp:attachment":[{"href":"https:\/\/moverdb.com\/hu\/wp-json\/wp\/v2\/media?parent=13667"}],"curies":[{"name":"wp","href":"https:\/\/api.w.org\/{rel}","templated":true}]}}