{"id":13654,"date":"2023-11-08T15:51:25","date_gmt":"2023-11-08T15:51:25","guid":{"rendered":"https:\/\/moverdb.com\/freight-forwarder\/freight-forwarding-uk\/dover-freight-forwarder\/"},"modified":"2026-01-08T14:55:33","modified_gmt":"2026-01-08T14:55:33","slug":"dover-freight-forwarder","status":"publish","type":"page","link":"https:\/\/moverdb.com\/hu\/freight-forwarder\/freight-forwarding-uk\/dover-freight-forwarder\/","title":{"rendered":"12 Legjobb Dover sz\u00e1ll\u00edtm\u00e1nyoz\u00f3 c\u00e9gek (2024)"},"content":{"rendered":"<p>Az al\u00e1bbiakban a 12 <em>\"legjobb\"<\/em> Doveri sz\u00e1ll\u00edtm\u00e1nyoz\u00f3 c\u00e9gek a 25-b\u0151l.<\/p>\n<p>Ha t\u00f6bbet szeretne megtudni arr\u00f3l, hogyan v\u00e1lasztottuk ki a legjobbakat, k\u00e9rj\u00fck, tekintse meg a v\u00e9g\u00e9n tal\u00e1lhat\u00f3 GYIK r\u00e9szt.<\/p>\n<p><em>K\u00e9rj\u00fck, ne feledje, hogy az al\u00e1bbi list\u00e1k nem \u00e1llnak meghat\u00e1rozott sorrendben, \u00e9s nem tesz\u00fcnk aj\u00e1nl\u00e1sokat egyetlen adott c\u00e9gre sem.<\/em><\/p>\n<div id=\"ez-toc-container\" class=\"ez-toc-v2_0_82_2 ez-toc-wrap-left counter-hierarchy ez-toc-counter ez-toc-transparent ez-toc-container-direction\">\n<div class=\"ez-toc-title-container\">\n<p class=\"ez-toc-title\" style=\"cursor:inherit\">Szakaszok<\/p>\n<span class=\"ez-toc-title-toggle\"><a href=\"#\" class=\"ez-toc-pull-right ez-toc-btn ez-toc-btn-xs ez-toc-btn-default ez-toc-toggle\" aria-label=\"Toggle Tartalomjegyz\u00e9k\"><span class=\"ez-toc-js-icon-con\"><span class=\"\"><span class=\"eztoc-hide\" style=\"display:none;\">Toggle<\/span><span class=\"ez-toc-icon-toggle-span\"><svg style=\"fill: #999;color:#999\" xmlns=\"http:\/\/www.w3.org\/2000\/svg\" class=\"list-377408\" width=\"20px\" height=\"20px\" viewbox=\"0 0 24 24\" fill=\"none\"><path d=\"M6 6H4v2h2V6zm14 0H8v2h12V6zM4 11h2v2H4v-2zm16 0H8v2h12v-2zM4 16h2v2H4v-2zm16 0H8v2h12v-2z\" fill=\"currentColor\"><\/path><\/svg><svg style=\"fill: #999;color:#999\" class=\"arrow-unsorted-368013\" xmlns=\"http:\/\/www.w3.org\/2000\/svg\" width=\"10px\" height=\"10px\" viewbox=\"0 0 24 24\" version=\"1.2\" baseprofile=\"tiny\"><path d=\"M18.2 9.3l-6.2-6.3-6.2 6.3c-.2.2-.3.4-.3.7s.1.5.3.7c.2.2.4.3.7.3h11c.3 0 .5-.1.7-.3.2-.2.3-.5.3-.7s-.1-.5-.3-.7zM5.8 14.7l6.2 6.3 6.2-6.3c.2-.2.3-.5.3-.7s-.1-.5-.3-.7c-.2-.2-.4-.3-.7-.3h-11c-.3 0-.5.1-.7.3-.2.2-.3.5-.3.7s.1.5.3.7z\"\/><\/svg><\/span><\/span><\/span><\/a><\/span><\/div>\n<nav><ul class='ez-toc-list ez-toc-list-level-1 eztoc-toggle-hide-by-default' ><li class='ez-toc-page-1 ez-toc-heading-level-2'><a class=\"ez-toc-link ez-toc-heading-1\" href=\"https:\/\/moverdb.com\/hu\/freight-forwarder\/freight-forwarding-uk\/dover-freight-forwarder\/#DHL_Freight\" >DHL Freight<\/a><\/li><li class='ez-toc-page-1 ez-toc-heading-level-2'><a class=\"ez-toc-link ez-toc-heading-2\" href=\"https:\/\/moverdb.com\/hu\/freight-forwarder\/freight-forwarding-uk\/dover-freight-forwarder\/#Global_Freight_Connections_Ltd\" >Global Freight Connections Ltd.<\/a><\/li><li class='ez-toc-page-1 ez-toc-heading-level-2'><a class=\"ez-toc-link ez-toc-heading-3\" href=\"https:\/\/moverdb.com\/hu\/freight-forwarder\/freight-forwarding-uk\/dover-freight-forwarder\/#JSA_GLOBAL_LTD_DOVER\" >JSA GLOBAL LTD DOVER<\/a><\/li><li class='ez-toc-page-1 ez-toc-heading-level-2'><a class=\"ez-toc-link ez-toc-heading-4\" href=\"https:\/\/moverdb.com\/hu\/freight-forwarder\/freight-forwarding-uk\/dover-freight-forwarder\/#Comfret_TTD_Ltd\" >Comfret TTD Ltd<\/a><\/li><li class='ez-toc-page-1 ez-toc-heading-level-2'><a class=\"ez-toc-link ez-toc-heading-5\" href=\"https:\/\/moverdb.com\/hu\/freight-forwarder\/freight-forwarding-uk\/dover-freight-forwarder\/#Freight_Direct_Ltd\" >Freight Direct Ltd<\/a><\/li><li class='ez-toc-page-1 ez-toc-heading-level-2'><a class=\"ez-toc-link ez-toc-heading-6\" href=\"https:\/\/moverdb.com\/hu\/freight-forwarder\/freight-forwarding-uk\/dover-freight-forwarder\/#Clearfr8_Ltd_Customs_Clearance_Logistics\" >Clearfr8 Ltd V\u00e1mkezel\u00e9s \u00e9s logisztika<\/a><\/li><li class='ez-toc-page-1 ez-toc-heading-level-2'><a class=\"ez-toc-link ez-toc-heading-7\" href=\"https:\/\/moverdb.com\/hu\/freight-forwarder\/freight-forwarding-uk\/dover-freight-forwarder\/#Eurolink_Services_Ltd\" >Eurolink Services Ltd<\/a><\/li><li class='ez-toc-page-1 ez-toc-heading-level-2'><a class=\"ez-toc-link ez-toc-heading-8\" href=\"https:\/\/moverdb.com\/hu\/freight-forwarder\/freight-forwarding-uk\/dover-freight-forwarder\/#FS_Mackenzie_Ltd\" >F.S. Mackenzie Ltd.<\/a><\/li><li class='ez-toc-page-1 ez-toc-heading-level-2'><a class=\"ez-toc-link ez-toc-heading-9\" href=\"https:\/\/moverdb.com\/hu\/freight-forwarder\/freight-forwarding-uk\/dover-freight-forwarder\/#COYOTE_Logistics_UK\" >COYOTE Logistics (Egyes\u00fclt Kir\u00e1lys\u00e1g)<\/a><\/li><li class='ez-toc-page-1 ez-toc-heading-level-2'><a class=\"ez-toc-link ez-toc-heading-10\" href=\"https:\/\/moverdb.com\/hu\/freight-forwarder\/freight-forwarding-uk\/dover-freight-forwarder\/#Clear_Fr8_Limited\" >Tiszta Fr8 Limited<\/a><\/li><li class='ez-toc-page-1 ez-toc-heading-level-2'><a class=\"ez-toc-link ez-toc-heading-11\" href=\"https:\/\/moverdb.com\/hu\/freight-forwarder\/freight-forwarding-uk\/dover-freight-forwarder\/#Sitra_UK_Ltd\" >Sitra UK Ltd<\/a><\/li><li class='ez-toc-page-1 ez-toc-heading-level-2'><a class=\"ez-toc-link ez-toc-heading-12\" href=\"https:\/\/moverdb.com\/hu\/freight-forwarder\/freight-forwarding-uk\/dover-freight-forwarder\/#Priority_Freight\" >Els\u0151bbs\u00e9gi tehersz\u00e1ll\u00edt\u00e1s<\/a><\/li><li class='ez-toc-page-1 ez-toc-heading-level-2'><a class=\"ez-toc-link ez-toc-heading-13\" href=\"https:\/\/moverdb.com\/hu\/freight-forwarder\/freight-forwarding-uk\/dover-freight-forwarder\/#How_we_picked_the_best_Dover_Freight_Forwarding_Companies\" >Hogyan v\u00e1lasztottuk ki a legjobb doveri sz\u00e1ll\u00edtm\u00e1nyoz\u00f3 c\u00e9geket<\/a><\/li><\/ul><\/nav><\/div>\n<h2><span class=\"ez-toc-section\" id=\"DHL_Freight\"><\/span>DHL Freight<span class=\"ez-toc-section-end\"><\/span><\/h2>\n<p><img decoding=\"async\" src=\"https:\/\/moverdb.com\/wp-content\/uploads\/thumbnailpanoidhyIMg0p_vRkaauSQ64sAmwcb_clientsearch.gws-prod.gpsw408h240yaw243.jpg\" alt='DHL Freight' class=\"aligncenter\"><\/p>\n<p><strong>A v\u00e1llalkoz\u00e1s le\u00edr\u00e1sa: <\/strong>Nincs megadva<\/p>\n<p><strong>Tov\u00e1bbi szolg\u00e1ltat\u00e1sok:<\/strong><\/p>\n<p>Nincs list\u00e1zva<\/p>\n<p><strong>C\u00edm:<\/strong> Charlton House, Dour St, Dover CT16 1AT, <a href=\"https:\/\/moverdb.com\/hu\/moving-to-the-uk\/\" data-internallinksmanager029f6b8e52c=\"93\" title=\"Az Egyes\u00fclt Kir\u00e1lys\u00e1gba k\u00f6lt\u00f6zik? 2022 Meg\u00e9lhet\u00e9si k\u00f6lts\u00e9gek \u00e9s k\u00f6lt\u00f6z\u00e9si tippek\">Egyes\u00fclt Kir\u00e1lys\u00e1g<\/a><\/p>\n<p><a href=\"http:\/\/www.dhl.co.uk\/freight\" target=\"_new\" rel=\"noopener\">DHL Freight honlapja<\/a><\/p>\n<p><strong>\u00c9rt\u00e9kel\u00e9si pontsz\u00e1m: <\/strong>5<br \/> <strong>V\u00e9lem\u00e9nyek sz\u00e1ma:<\/strong> 2<br \/><a href=\"https:\/\/www.google.fr\/maps?cid=8689316315570098281&#038;hl=en&#038;gl=FR\" target=\"_new\" rel=\"noopener\">V\u00e9lem\u00e9nyek olvas\u00e1sa<\/a><\/p>\n<h2><span class=\"ez-toc-section\" id=\"Global_Freight_Connections_Ltd\"><\/span>Global Freight Connections Ltd.<span class=\"ez-toc-section-end\"><\/span><\/h2>\n<p><img decoding=\"async\" src=\"https:\/\/moverdb.com\/wp-content\/uploads\/AF1QipMGVrsQ6MvlRYJcMBYXdSS9D9g3rWx0v5MjAGilw408-h408-k-no.jpg\" alt='Global Freight Connections Ltd.' class=\"aligncenter\"><\/p>\n<p><strong>A v\u00e1llalkoz\u00e1s le\u00edr\u00e1sa: <\/strong>A GFC-t 2002-ben alap\u00edtotta Paul Marshall \u00fcgyvezet\u0151 igazgat\u00f3.<\/p>\n<p> Megalakul\u00e1sunk \u00f3ta m\u00e9ret\u00fcnk \u00e9s h\u00edrnev\u00fcnk alapj\u00e1n vezet\u0151 f\u00fcggetlen c\u00e9gg\u00e9 v\u00e1ltunk <a href=\"https:\/\/moverdb.com\/hu\/freight-forwarder\/\" data-internallinksmanager029f6b8e52c=\"17\" title=\"Sz\u00e1ll\u00edtm\u00e1nyoz\u00f3 \u00e9s NVOCC nemzetk\u00f6zi k\u00f6lts\u00e9g \u00e9s c\u00e9gek \u00fatmutat\u00f3ja\">sz\u00e1ll\u00edtm\u00e1nyoz\u00f3<\/a> az eg\u00e9sz ipar\u00e1gban ismert \u00e9s elismert a professzion\u00e1lis \u00e9s megb\u00edzhat\u00f3 szolg\u00e1ltat\u00e1s\u00e9rt, mik\u00f6zben fenntartjuk a fontos szem\u00e9lyes kapcsolatokat \u00fcgyfeleinkkel.<\/p>\n<p>A GFC siker\u00e9t egy rendk\u00edv\u00fcl tapasztalt \u00e9s elk\u00f6telezett csapat \u00e9rte el, amely egy\u00fctt dolgozik azon, hogy fenntartsa az \u00fcgyfeleink \u00e1ltal elv\u00e1rt magas sz\u00ednvonalat, valamint a k\u00e9zzel kiv\u00e1lasztott \u00fcgyn\u00f6k\u00f6k \u00e9s partnerek vil\u00e1gm\u00e9ret\u0171 h\u00e1l\u00f3zat\u00e1val egy\u00fctt lehet\u0151v\u00e9 tegye, hogy <a href=\"https:\/\/moverdb.com\/hu\/moving-to-the-united-states\/\" data-internallinksmanager029f6b8e52c=\"94\" title=\"Az Egyes\u00fclt \u00c1llamokba k\u00f6lt\u00f6zik? 2022 Meg\u00e9lhet\u00e9si k\u00f6lts\u00e9gek \u00e9s k\u00f6lt\u00f6z\u00e9si tippek\">us<\/a> els\u0151 oszt\u00e1ly\u00fa, vil\u00e1gm\u00e9ret\u0171 szolg\u00e1ltat\u00e1st ny\u00fajtani.<\/p>\n<p><strong>Tov\u00e1bbi szolg\u00e1ltat\u00e1sok:<\/strong><\/p>\n<p>Nincs list\u00e1zva<\/p>\n<p><strong>C\u00edm:<\/strong> Poulton Business Park, Poulton Cl, Dover CT17 0HL<\/p>\n<p><a href=\"https:\/\/www.gfc-group.co.uk\/\" target=\"_new\" rel=\"noopener\">Global Freight Connections Ltd honlapja<\/a><\/p>\n<p><strong>\u00c9rt\u00e9kel\u00e9si pontsz\u00e1m: <\/strong>5<br \/> <strong>V\u00e9lem\u00e9nyek sz\u00e1ma:<\/strong> 1<br \/><a href=\"https:\/\/www.google.co.uk\/maps?cid=5202575149502542298&#038;hl=en&#038;gl=GB\" target=\"_new\" rel=\"noopener\">V\u00e9lem\u00e9nyek olvas\u00e1sa<\/a><\/p>\n<h2><span class=\"ez-toc-section\" id=\"JSA_GLOBAL_LTD_DOVER\"><\/span>JSA GLOBAL LTD DOVER<span class=\"ez-toc-section-end\"><\/span><\/h2>\n<p><img decoding=\"async\" src=\"https:\/\/moverdb.com\/wp-content\/uploads\/thumbnailpanoidej2wXG3j1YMIc4VZMkXnFQcb_clientsearch.gws-prod.gpsw408h240yaw84.jpg\" alt='JSA GLOBAL LTD DOVER' class=\"aligncenter\"><\/p>\n<p><strong>A v\u00e1llalkoz\u00e1s le\u00edr\u00e1sa: <\/strong>Nincs megadva<\/p>\n<p><strong>Tov\u00e1bbi szolg\u00e1ltat\u00e1sok:<\/strong><\/p>\n<p>Nincs list\u00e1zva<\/p>\n<p><strong>C\u00edm:<\/strong> Lord Warden Square, Dover CT17 9EH<\/p>\n<p><a href=\"http:\/\/www.jsaglobal.com\/home\" target=\"_new\" rel=\"noopener\">JSA GLOBAL LTD DOVER honlapja<\/a><\/p>\n<p><strong>\u00c9rt\u00e9kel\u00e9si pontsz\u00e1m: <\/strong>4<br \/> <strong>V\u00e9lem\u00e9nyek sz\u00e1ma:<\/strong> 3<br \/><a href=\"https:\/\/www.google.co.uk\/maps?cid=8521773904523701803&#038;hl=en&#038;gl=GB\" target=\"_new\" rel=\"noopener\">V\u00e9lem\u00e9nyek olvas\u00e1sa<\/a><\/p>\n<h2><span class=\"ez-toc-section\" id=\"Comfret_TTD_Ltd\"><\/span>Comfret TTD Ltd<span class=\"ez-toc-section-end\"><\/span><\/h2>\n<p><img decoding=\"async\" src=\"https:\/\/moverdb.com\/wp-content\/uploads\/thumbnailpanoidAbR95c620APvNEPVFZYCnQcb_clientsearch.gws-prod.gpsw408h240yaw89.jpg\" alt='Comfret TTD Ltd' class=\"aligncenter\"><\/p>\n<p><strong>A v\u00e1llalkoz\u00e1s le\u00edr\u00e1sa: <\/strong>Nincs megadva<\/p>\n<p><strong>Tov\u00e1bbi szolg\u00e1ltat\u00e1sok:<\/strong><\/p>\n<p>Nincs list\u00e1zva<\/p>\n<p><strong>C\u00edm:<\/strong> White Cliffs Business Centre, Honeywood Road, Whitfield, Dover CT16 3EH<\/p>\n<p><a href=\"https:\/\/www.comfret-ttd.com\/\" target=\"_new\" rel=\"noopener\">Comfret TTD Ltd honlapja<\/a><\/p>\n<p><strong>\u00c9rt\u00e9kel\u00e9si pontsz\u00e1m: <\/strong>5<br \/> <strong>V\u00e9lem\u00e9nyek sz\u00e1ma:<\/strong> 1<br \/><a href=\"https:\/\/www.google.co.uk\/maps?cid=11232541911890760340&#038;hl=en&#038;gl=GB\" target=\"_new\" rel=\"noopener\">V\u00e9lem\u00e9nyek olvas\u00e1sa<\/a><\/p>\n<h2><span class=\"ez-toc-section\" id=\"Freight_Direct_Ltd\"><\/span>Freight Direct Ltd<span class=\"ez-toc-section-end\"><\/span><\/h2>\n<p><img decoding=\"async\" src=\"https:\/\/moverdb.com\/wp-content\/uploads\/thumbnailpanoidS2dNWLK7C9yxbDvnlWEjEwcb_clientsearch.gws-prod.gpsw408h240yaw54.jpg\" alt='Freight Direct Ltd' class=\"aligncenter\"><\/p>\n<p><strong>A v\u00e1llalkoz\u00e1s le\u00edr\u00e1sa: <\/strong>Nincs megadva<\/p>\n<p><strong>Tov\u00e1bbi szolg\u00e1ltat\u00e1sok:<\/strong><\/p>\n<p>Nincs list\u00e1zva<\/p>\n<p><strong>C\u00edm:<\/strong> Honeywood House, 1A, Honeywood Rd, Whitfield, Dover CT16 3EH<\/p>\n<p><a href=\"http:\/\/www.freightdirectuk.com\/\" target=\"_new\" rel=\"noopener\">Freight Direct Ltd honlapja<\/a><\/p>\n<p><strong>\u00c9rt\u00e9kel\u00e9si pontsz\u00e1m: <\/strong>5<br \/> <strong>V\u00e9lem\u00e9nyek sz\u00e1ma:<\/strong> 1<br \/><a href=\"https:\/\/www.google.co.uk\/maps?cid=14905862351930954093&#038;hl=en&#038;gl=GB\" target=\"_new\" rel=\"noopener\">V\u00e9lem\u00e9nyek olvas\u00e1sa<\/a><\/p>\n<h2><span class=\"ez-toc-section\" id=\"Clearfr8_Ltd_Customs_Clearance_Logistics\"><\/span>Clearfr8 Ltd V\u00e1mkezel\u00e9s \u00e9s logisztika<span class=\"ez-toc-section-end\"><\/span><\/h2>\n<p><img decoding=\"async\" src=\"https:\/\/moverdb.com\/wp-content\/uploads\/thumbnailpanoidAaLYoxrdlEiAML_EHwEfLgcb_clientsearch.gws-prod.gpsw408h240yaw274.jpg\" alt='Clearfr8 Ltd V\u00e1mkezel\u00e9s \u00e9s logisztika' class=\"aligncenter\"><\/p>\n<p><strong>A v\u00e1llalkoz\u00e1s le\u00edr\u00e1sa: <\/strong>Nincs megadva<\/p>\n<p><strong>Tov\u00e1bbi szolg\u00e1ltat\u00e1sok:<\/strong><\/p>\n<p>V\u00e1m\u00fcgyn\u00f6k<\/p>\n<p>Forgalmaz\u00e1si szolg\u00e1ltat\u00e1s<\/p>\n<p>Rakt\u00e1r<\/p>\n<p><strong>C\u00edm:<\/strong> Clear Fr8 Limited, Hammond House, Limekiln St, Dover CT17 9EF<\/p>\n<p><a href=\"http:\/\/www.clearfr8.com\/\" target=\"_new\" rel=\"noopener\">Clearfr8 Ltd v\u00e1mkezel\u00e9s \u00e9s logisztika honlapja<\/a><\/p>\n<p><strong>\u00c9rt\u00e9kel\u00e9si pontsz\u00e1m: <\/strong>5<br \/> <strong>V\u00e9lem\u00e9nyek sz\u00e1ma:<\/strong> 1<br \/><a href=\"https:\/\/www.google.co.uk\/maps?cid=5654440680659315796&#038;hl=en&#038;gl=GB\" target=\"_new\" rel=\"noopener\">V\u00e9lem\u00e9nyek olvas\u00e1sa<\/a><\/p>\n<h2><span class=\"ez-toc-section\" id=\"Eurolink_Services_Ltd\"><\/span>Eurolink Services Ltd<span class=\"ez-toc-section-end\"><\/span><\/h2>\n<p><img decoding=\"async\" src=\"https:\/\/moverdb.com\/wp-content\/uploads\/thumbnailpanoidJBG7V8Fd5MK_7iAZ-38tNwcb_clientsearch.gws-prod.gpsw408h240yaw83.jpg\" alt='Eurolink Services Ltd' class=\"aligncenter\"><\/p>\n<p><strong>A v\u00e1llalkoz\u00e1s le\u00edr\u00e1sa: <\/strong>Nincs megadva<\/p>\n<p><strong>Tov\u00e1bbi szolg\u00e1ltat\u00e1sok:<\/strong><\/p>\n<p>Nincs list\u00e1zva<\/p>\n<p><strong>C\u00edm:<\/strong> Mezzanine Floor, Lord Warden House, 22 24 Lord Warden Square, Dover CT17 9EQ<\/p>\n<p><a href=\"http:\/\/www.eurolinkservices.co.uk\/\" target=\"_new\" rel=\"noopener\">Eurolink Services Ltd honlapja<\/a><\/p>\n<p><strong>\u00c9rt\u00e9kel\u00e9si pontsz\u00e1m: <\/strong>5<br \/> <strong>V\u00e9lem\u00e9nyek sz\u00e1ma:<\/strong> 1<br \/><a href=\"https:\/\/www.google.co.uk\/maps?cid=4330724897310804793&#038;hl=en&#038;gl=GB\" target=\"_new\" rel=\"noopener\">V\u00e9lem\u00e9nyek olvas\u00e1sa<\/a><\/p>\n<h2><span class=\"ez-toc-section\" id=\"FS_Mackenzie_Ltd\"><\/span>F.S. Mackenzie Ltd.<span class=\"ez-toc-section-end\"><\/span><\/h2>\n<p><img decoding=\"async\" src=\"https:\/\/moverdb.com\/wp-content\/uploads\/thumbnailpanoidQeKKdycD6JvMEUMtwmvKdgcb_clientsearch.gws-prod.gpsw408h240yaw207.jpg\" alt='F.S. Mackenzie Ltd.' class=\"aligncenter\"><\/p>\n<p><strong>A v\u00e1llalkoz\u00e1s le\u00edr\u00e1sa: <\/strong>Vil\u00e1gm\u00e9ret\u0171 fuvaroz\u00e1si megold\u00e1sok<\/p>\n<p><strong>Tov\u00e1bbi szolg\u00e1ltat\u00e1sok:<\/strong><\/p>\n<p>Nincs list\u00e1zva<\/p>\n<p><strong>C\u00edm:<\/strong> Poulton Cl, Dover CT17 0HL<\/p>\n<p><a href=\"http:\/\/www.fsmac.com\/\" target=\"_new\" rel=\"noopener\">F.S. Mackenzie Ltd honlapja<\/a><\/p>\n<p><strong>\u00c9rt\u00e9kel\u00e9si pontsz\u00e1m: <\/strong>5<br \/> <strong>V\u00e9lem\u00e9nyek sz\u00e1ma:<\/strong> 1<br \/><a href=\"https:\/\/www.google.co.uk\/maps?cid=11366469388786379796&#038;hl=en&#038;gl=GB\" target=\"_new\" rel=\"noopener\">V\u00e9lem\u00e9nyek olvas\u00e1sa<\/a><\/p>\n<h2><span class=\"ez-toc-section\" id=\"COYOTE_Logistics_UK\"><\/span>COYOTE Logistics (Egyes\u00fclt Kir\u00e1lys\u00e1g)<span class=\"ez-toc-section-end\"><\/span><\/h2>\n<p><img decoding=\"async\" src=\"https:\/\/moverdb.com\/wp-content\/uploads\/AF1QipMgBiMHtiTU_WOBKJlCNciXJxwEO0sZDTZCWR6qw426-h240-k-no.jpg\" alt='COYOTE Logistics (Egyes\u00fclt Kir\u00e1lys\u00e1g)' class=\"aligncenter\"><\/p>\n<p><strong>A v\u00e1llalkoz\u00e1s le\u00edr\u00e1sa: <\/strong>Nincs megadva<\/p>\n<p><strong>Tov\u00e1bbi szolg\u00e1ltat\u00e1sok:<\/strong><\/p>\n<p>Nincs list\u00e1zva<\/p>\n<p><strong>C\u00edm:<\/strong> \u00d6t\u00f6dik emelet Maybrook House, Queens Gardens, Dover CT17 9AH<\/p>\n<p><a href=\"https:\/\/www.coyotelogistics.com\/\" target=\"_new\" rel=\"noopener\">COYOTE Logistics (UK) honlapja<\/a><\/p>\n<p><strong>\u00c9rt\u00e9kel\u00e9si pontsz\u00e1m: <\/strong>4.2<br \/> <strong>V\u00e9lem\u00e9nyek sz\u00e1ma:<\/strong> 6<br \/><a href=\"https:\/\/www.google.co.uk\/maps?cid=6956996484917909858&#038;hl=en&#038;gl=GB\" target=\"_new\" rel=\"noopener\">V\u00e9lem\u00e9nyek olvas\u00e1sa<\/a><\/p>\n<h2><span class=\"ez-toc-section\" id=\"Clear_Fr8_Limited\"><\/span>Tiszta Fr8 Limited<span class=\"ez-toc-section-end\"><\/span><\/h2>\n<p><img decoding=\"async\" src=\"https:\/\/moverdb.com\/wp-content\/uploads\/thumbnailpanoidDGHBrRu0t1iyy4EgzoEIwQcb_clientsearch.gws-prod.gpsw408h240yaw59.jpg\" alt='Tiszta Fr8 Limited' class=\"aligncenter\"><\/p>\n<p><strong>A v\u00e1llalkoz\u00e1s le\u00edr\u00e1sa: <\/strong>A 2017-ben alap\u00edtott Clear Fr8 Limited 50 \u00e9ves tapasztalattal rendelkezik a fuvaroz\u00e1si, v\u00e1mkezel\u00e9si \u00e9s sz\u00e1ll\u00edt\u00e1si ipar\u00e1gban, \u00e9s biztos kezekben gondoskodik az \u00d6n \u00e9s \u00fcgyfelei ig\u00e9nyeir\u0151l.<\/p>\n<p> Legyen sz\u00f3 k\u00f6z\u00fati, tengeri, l\u00e9gi vagy vas\u00fati sz\u00e1ll\u00edt\u00e1sr\u00f3l, a Clear Fr8 Limited azzal t\u0171nik ki, hogy ingyenes \u00e9s p\u00e1rtatlan tan\u00e1csad\u00e1st ny\u00fajt \u00fcgyfeleinek a v\u00e1mkezel\u00e9ssel, a sz\u00e1ll\u00edtm\u00e1nyoz\u00e1ssal vagy a l\u00e1ncell\u00e1t\u00e1si megold\u00e1sokkal kapcsolatos valamennyi k\u00e9rd\u00e9sben.<\/p>\n<p> Az Egyes\u00fclt Kir\u00e1lys\u00e1g minden fontosabb k\u00f6z\u00fati, tengeri, l\u00e9gi \u00e9s vas\u00fati \u00fatvonal\u00e1t lefedve. <a href=\"https:\/\/moverdb.com\/hu\/top-49-container-ports\/\" data-internallinksmanager029f6b8e52c=\"80\" title=\"Top 49 legnagyobb \u00e9s legforgalmasabb kont\u00e9nerkik\u00f6t\u0151 2025-ben\">kik\u00f6t\u0151k<\/a> a Dover mellett, Kentben tal\u00e1lhat\u00f3 24 \u00f3r\u00e1s irod\u00e1nkb\u00f3l a helyi ismeretekkel biztos\u00edtjuk, hogy az \u00d6n vagy \u00fcgyfelei sz\u00e1ll\u00edtm\u00e1nya id\u0151ben \u00e9s a v\u00e1mszab\u00e1lyoknak megfelel\u0151en \u00e9rkezzen meg hozz\u00e1juk.<\/p>\n<p><strong>Tov\u00e1bbi szolg\u00e1ltat\u00e1sok:<\/strong><\/p>\n<p>Nincs list\u00e1zva<\/p>\n<p><strong>C\u00edm:<\/strong> Hammond House, Limekiln St, Dover CT17 9EF<\/p>\n<p><a href=\"https:\/\/clearfr8.com\/\" target=\"_new\" rel=\"noopener\">Clear Fr8 Limited honlapja<\/a><\/p>\n<p><strong>\u00c9rt\u00e9kel\u00e9si pontsz\u00e1m: <\/strong>5<br \/> <strong>V\u00e9lem\u00e9nyek sz\u00e1ma:<\/strong> 4<br \/><a href=\"https:\/\/www.google.co.uk\/maps?cid=3034304738884427400&#038;hl=en&#038;gl=GB\" target=\"_new\" rel=\"noopener\">V\u00e9lem\u00e9nyek olvas\u00e1sa<\/a><\/p>\n<h2><span class=\"ez-toc-section\" id=\"Sitra_UK_Ltd\"><\/span>Sitra UK Ltd<span class=\"ez-toc-section-end\"><\/span><\/h2>\n<p><img decoding=\"async\" src=\"https:\/\/moverdb.com\/wp-content\/uploads\/AF1QipMwdG9b4UoI5D2KNqlDYX5p4ThRV66T5so8Fzoxw426-h240-k-no.jpg\" alt='Sitra UK Ltd' class=\"aligncenter\"><\/p>\n<p><strong>A v\u00e1llalkoz\u00e1s le\u00edr\u00e1sa: <\/strong>Nincs megadva<\/p>\n<p><strong>Tov\u00e1bbi szolg\u00e1ltat\u00e1sok:<\/strong><\/p>\n<p>Nincs list\u00e1zva<\/p>\n<p><strong>C\u00edm:<\/strong> 2 Honeywood Cl, Whitfield, Dover CT16 3PX<\/p>\n<p><a href=\"https:\/\/www.sitra-group.com\/en\/\" target=\"_new\" rel=\"noopener\">Sitra UK Ltd honlapja<\/a><\/p>\n<p><strong>\u00c9rt\u00e9kel\u00e9si pontsz\u00e1m: <\/strong>3.9<br \/> <strong>V\u00e9lem\u00e9nyek sz\u00e1ma:<\/strong> 52<br \/><a href=\"https:\/\/www.google.co.uk\/maps?cid=14668402309509598013&#038;hl=en&#038;gl=GB\" target=\"_new\" rel=\"noopener\">V\u00e9lem\u00e9nyek olvas\u00e1sa<\/a><\/p>\n<h2><span class=\"ez-toc-section\" id=\"Priority_Freight\"><\/span>Els\u0151bbs\u00e9gi tehersz\u00e1ll\u00edt\u00e1s<span class=\"ez-toc-section-end\"><\/span><\/h2>\n<p><img decoding=\"async\" src=\"https:\/\/moverdb.com\/wp-content\/uploads\/thumbnailpanoid81W6LbQTKvtEkULieMa29Qcb_clientsearch.gws-prod.gpsw408h240yaw319.jpg\" alt='Els\u0151bbs\u00e9gi tehersz\u00e1ll\u00edt\u00e1s' class=\"aligncenter\"><\/p>\n<p><strong>A v\u00e1llalkoz\u00e1s le\u00edr\u00e1sa: <\/strong>Nincs megadva<\/p>\n<p><strong>Tov\u00e1bbi szolg\u00e1ltat\u00e1sok:<\/strong><\/p>\n<p>Nincs list\u00e1zva<\/p>\n<p><strong>C\u00edm:<\/strong> Whitfield, Dover CT16 3NJ<\/p>\n<p><a href=\"https:\/\/priorityfreight.com\/\" target=\"_new\" rel=\"noopener\">Priority Freight weboldal<\/a><\/p>\n<p><strong>\u00c9rt\u00e9kel\u00e9si pontsz\u00e1m: <\/strong>5<br \/> <strong>V\u00e9lem\u00e9nyek sz\u00e1ma:<\/strong> 3<br \/><a href=\"https:\/\/www.google.co.uk\/maps?cid=5254570117316346898&#038;hl=en&#038;gl=GB\" target=\"_new\" rel=\"noopener\">V\u00e9lem\u00e9nyek olvas\u00e1sa<\/a><\/p>\n<h2><span class=\"ez-toc-section\" id=\"How_we_picked_the_best_Dover_Freight_Forwarding_Companies\"><\/span>Hogyan v\u00e1lasztottuk ki a legjobb doveri sz\u00e1ll\u00edtm\u00e1nyoz\u00f3 c\u00e9geket<span class=\"ez-toc-section-end\"><\/span><\/h2>\n<p>Egy 25 doveri sz\u00e1ll\u00edtm\u00e1nyoz\u00f3 c\u00e9get tartalmaz\u00f3 adathalmazb\u00f3l indultunk ki, amelyet a Google Maps seg\u00edts\u00e9g\u00e9vel tal\u00e1ltunk meg, majd lesz\u0171k\u00edtett\u00fck a 12 legjobbra.<\/p>\n<p>Ehhez elt\u00e1vol\u00edtottunk minden olyan v\u00e1llalatot, amely:<\/p>\n<ul>\n<li> Nem volt honlapja<\/li>\n<li> Nem volt \u00e9rt\u00e9kel\u00e9s<\/li>\n<li> 2.0 alatti \u00e1tlagos \u00e9rt\u00e9kel\u00e9si pontsz\u00e1mmal rendelkezett<\/li>\n<\/ul>\n<p>Ekkor, ha 17 vagy ann\u00e1l kevesebb sz\u00e1ll\u00edt\u00f3nk volt, akkor mindet felsoroltuk.<\/p>\n<p>Azokban a v\u00e1rosokban, ahol 17-n\u00e9l t\u00f6bb sz\u00e1ll\u00edtm\u00e1nyoz\u00f3 maradt, tov\u00e1bbi m\u00f3dos\u00edt\u00e1sokat hajtottunk v\u00e9gre az\u00e1ltal, hogy vagy megemelt\u00fck a sz\u00fcks\u00e9ges \u00e9rt\u00e9kel\u00e9si pontsz\u00e1mot (pl. a minim\u00e1lis 2,0-r\u00f3l 4,0-ra) \u00e9s\/vagy megn\u00f6velt\u00fck a sz\u00fcks\u00e9ges \u00e9rt\u00e9kel\u00e9sek minim\u00e1lis sz\u00e1m\u00e1t (pl. legal\u00e1bb 1 \u00e9rt\u00e9kel\u00e9sr\u0151l legal\u00e1bb 10-re).<\/p>\n<p>Megjegyzend\u0151, hogy csak a Google Maps \u00e1ttekint\u00e9si adatait haszn\u00e1ltuk fel, m\u00e1s, harmadik f\u00e9lt\u0151l sz\u00e1rmaz\u00f3 weboldalakat nem.<\/p>\n<p>Tov\u00e1bbi v\u00e1rosok:<\/p>\n<p><a href=\"https:\/\/moverdb.com\/hu\/szallitmanyozo\/freight-forwarding-uk\/ashford-freight-forwarder\/\">Ashfordi sz\u00e1ll\u00edtm\u00e1nyoz\u00f3<\/a><br \/><a href=\"https:\/\/moverdb.com\/hu\/szallitmanyozo\/freight-forwarding-uk\/egham-freight-forwarder\/\">Egham sz\u00e1ll\u00edtm\u00e1nyoz\u00f3<\/a><br \/><a href=\"https:\/\/moverdb.com\/hu\/szallitmanyozo\/freight-forwarding-uk\/leeds-freight-forwarder\/\">Leeds sz\u00e1ll\u00edtm\u00e1nyoz\u00f3<\/a><br \/><a href=\"https:\/\/moverdb.com\/hu\/szallitmanyozo\/freight-forwarding-uk\/belfast-freight-forwarder\/\">Belfast sz\u00e1ll\u00edtm\u00e1nyoz\u00f3<\/a><br \/><a href=\"https:\/\/moverdb.com\/hu\/szallitmanyozo\/freight-forwarding-uk\/hayes-freight-forwarder\/\">Hayes sz\u00e1ll\u00edtm\u00e1nyoz\u00f3<\/a><\/p>","protected":false},"excerpt":{"rendered":"<p>Below we look at the 12 &#8220;best&#8221; Freight Forwarding companies in Dover out of 25. To learn more about how we chose the best please consult our FAQ section at the end. Please not the following listings are in no particular order and we are not making any recommendations for any particular company. DHL Freight [&hellip;]<\/p>\n","protected":false},"author":1,"featured_media":0,"parent":13427,"menu_order":0,"comment_status":"open","ping_status":"open","template":"","meta":{"_genesis_hide_title":false,"_genesis_hide_breadcrumbs":false,"_genesis_hide_singular_image":false,"_genesis_hide_footer_widgets":false,"_genesis_custom_body_class":"","_genesis_custom_post_class":"","_genesis_layout":"","footnotes":""},"class_list":{"0":"post-13654","1":"page","2":"type-page","3":"status-publish","5":"entry"},"_links":{"self":[{"href":"https:\/\/moverdb.com\/hu\/wp-json\/wp\/v2\/pages\/13654","targetHints":{"allow":["GET"]}}],"collection":[{"href":"https:\/\/moverdb.com\/hu\/wp-json\/wp\/v2\/pages"}],"about":[{"href":"https:\/\/moverdb.com\/hu\/wp-json\/wp\/v2\/types\/page"}],"author":[{"embeddable":true,"href":"https:\/\/moverdb.com\/hu\/wp-json\/wp\/v2\/users\/1"}],"replies":[{"embeddable":true,"href":"https:\/\/moverdb.com\/hu\/wp-json\/wp\/v2\/comments?post=13654"}],"version-history":[{"count":1,"href":"https:\/\/moverdb.com\/hu\/wp-json\/wp\/v2\/pages\/13654\/revisions"}],"predecessor-version":[{"id":15686,"href":"https:\/\/moverdb.com\/hu\/wp-json\/wp\/v2\/pages\/13654\/revisions\/15686"}],"up":[{"embeddable":true,"href":"https:\/\/moverdb.com\/hu\/wp-json\/wp\/v2\/pages\/13427"}],"wp:attachment":[{"href":"https:\/\/moverdb.com\/hu\/wp-json\/wp\/v2\/media?parent=13654"}],"curies":[{"name":"wp","href":"https:\/\/api.w.org\/{rel}","templated":true}]}}