{"id":11807,"date":"2023-09-11T13:19:11","date_gmt":"2023-09-11T13:19:11","guid":{"rendered":"https:\/\/moverdb.com\/?page_id=11807"},"modified":"2026-01-08T14:46:00","modified_gmt":"2026-01-08T14:46:00","slug":"money-transfer-template","status":"publish","type":"page","link":"https:\/\/moverdb.com\/hu\/international-money-transfer-services\/money-transfer-template\/","title":{"rendered":"{{mpg_v\u00e1llalat_1}} vs {{mpg_v\u00e1llalat_2}}: D\u00edjak \u00e9s v\u00e9lem\u00e9nyek \u00f6sszehasonl\u00edt\u00e1sa"},"content":{"rendered":"<p>Mind a {{mpg_company_1}}, mind a {{mpg_company_2}} n\u00e9pszer\u0171ek. <a href=\"https:\/\/moverdb.com\/hu\/international-money-transfer-services\/\" data-internallinksmanager029f6b8e52c=\"239\" title=\"11 Legjobb nemzetk\u00f6zi p\u00e9nz\u00e1tutal\u00e1si szolg\u00e1ltat\u00e1sok 2026-ben\">nemzetk\u00f6zi p\u00e9nz\u00e1tutal\u00e1si szolg\u00e1ltat\u00e1sok<\/a>. De melyik a jobb?<\/p>\n\n\n\n<p>Az al\u00e1bbiakban \u00f6sszehasonl\u00edtjuk \u0151ket a d\u00edjak \u00e9s a v\u00e9lem\u00e9nyek alapj\u00e1n.<\/p>\n\n\n\n<div id=\"ez-toc-container\" class=\"ez-toc-v2_0_82_2 ez-toc-wrap-left counter-hierarchy ez-toc-counter ez-toc-transparent ez-toc-container-direction\">\n<div class=\"ez-toc-title-container\">\n<p class=\"ez-toc-title\" style=\"cursor:inherit\">Szakaszok<\/p>\n<span class=\"ez-toc-title-toggle\"><a href=\"#\" class=\"ez-toc-pull-right ez-toc-btn ez-toc-btn-xs ez-toc-btn-default ez-toc-toggle\" aria-label=\"Toggle Tartalomjegyz\u00e9k\"><span class=\"ez-toc-js-icon-con\"><span class=\"\"><span class=\"eztoc-hide\" style=\"display:none;\">Toggle<\/span><span class=\"ez-toc-icon-toggle-span\"><svg style=\"fill: #999;color:#999\" xmlns=\"http:\/\/www.w3.org\/2000\/svg\" class=\"list-377408\" width=\"20px\" height=\"20px\" viewbox=\"0 0 24 24\" fill=\"none\"><path d=\"M6 6H4v2h2V6zm14 0H8v2h12V6zM4 11h2v2H4v-2zm16 0H8v2h12v-2zM4 16h2v2H4v-2zm16 0H8v2h12v-2z\" fill=\"currentColor\"><\/path><\/svg><svg style=\"fill: #999;color:#999\" class=\"arrow-unsorted-368013\" xmlns=\"http:\/\/www.w3.org\/2000\/svg\" width=\"10px\" height=\"10px\" viewbox=\"0 0 24 24\" version=\"1.2\" baseprofile=\"tiny\"><path d=\"M18.2 9.3l-6.2-6.3-6.2 6.3c-.2.2-.3.4-.3.7s.1.5.3.7c.2.2.4.3.7.3h11c.3 0 .5-.1.7-.3.2-.2.3-.5.3-.7s-.1-.5-.3-.7zM5.8 14.7l6.2 6.3 6.2-6.3c.2-.2.3-.5.3-.7s-.1-.5-.3-.7c-.2-.2-.4-.3-.7-.3h-11c-.3 0-.5.1-.7.3-.2.2-.3.5-.3.7s.1.5.3.7z\"\/><\/svg><\/span><\/span><\/span><\/a><\/span><\/div>\n<nav><ul class='ez-toc-list ez-toc-list-level-1 eztoc-toggle-hide-by-default' ><li class='ez-toc-page-1 ez-toc-heading-level-2'><a class=\"ez-toc-link ez-toc-heading-1\" href=\"https:\/\/moverdb.com\/hu\/international-money-transfer-services\/money-transfer-template\/#Fees\" >D\u00edjak<\/a><\/li><li class='ez-toc-page-1 ez-toc-heading-level-2'><a class=\"ez-toc-link ez-toc-heading-2\" href=\"https:\/\/moverdb.com\/hu\/international-money-transfer-services\/money-transfer-template\/#Reviews\" >V\u00e9lem\u00e9nyek<\/a><\/li><li class='ez-toc-page-1 ez-toc-heading-level-2'><a class=\"ez-toc-link ez-toc-heading-3\" href=\"https:\/\/moverdb.com\/hu\/international-money-transfer-services\/money-transfer-template\/#Features\" >Jellemz\u0151k<\/a><\/li><li class='ez-toc-page-1 ez-toc-heading-level-2'><a class=\"ez-toc-link ez-toc-heading-4\" href=\"https:\/\/moverdb.com\/hu\/international-money-transfer-services\/money-transfer-template\/#Company_Comparison\" >V\u00e1llalati \u00f6sszehasonl\u00edt\u00e1s<\/a><\/li><li class='ez-toc-page-1 ez-toc-heading-level-2'><a class=\"ez-toc-link ez-toc-heading-5\" href=\"https:\/\/moverdb.com\/hu\/international-money-transfer-services\/money-transfer-template\/#mpg_company_1_Pros_Cons\" >{{mpg_company_1}} El\u0151ny\u00f6k \u00e9s h\u00e1tr\u00e1nyok<\/a><ul class='ez-toc-list-level-3' ><li class='ez-toc-heading-level-3'><a class=\"ez-toc-link ez-toc-heading-6\" href=\"https:\/\/moverdb.com\/hu\/international-money-transfer-services\/money-transfer-template\/#mpg_company_1_Pros\" >{{mpg_company_1}} El\u0151ny\u00f6k<\/a><\/li><li class='ez-toc-page-1 ez-toc-heading-level-3'><a class=\"ez-toc-link ez-toc-heading-7\" href=\"https:\/\/moverdb.com\/hu\/international-money-transfer-services\/money-transfer-template\/#mpg_company_1_Cons\" >{{mpg_company_1}} H\u00e1tr\u00e1nyok<\/a><\/li><\/ul><\/li><li class='ez-toc-page-1 ez-toc-heading-level-2'><a class=\"ez-toc-link ez-toc-heading-8\" href=\"https:\/\/moverdb.com\/hu\/international-money-transfer-services\/money-transfer-template\/#mpg_company_2_Pros_Cons\" >{{mpg_company_2}} El\u0151ny\u00f6k \u00e9s h\u00e1tr\u00e1nyok<\/a><ul class='ez-toc-list-level-3' ><li class='ez-toc-heading-level-3'><a class=\"ez-toc-link ez-toc-heading-9\" href=\"https:\/\/moverdb.com\/hu\/international-money-transfer-services\/money-transfer-template\/#mpg_company_2_Pros\" >{{mpg_company_2}} El\u0151ny\u00f6k<\/a><\/li><li class='ez-toc-page-1 ez-toc-heading-level-3'><a class=\"ez-toc-link ez-toc-heading-10\" href=\"https:\/\/moverdb.com\/hu\/international-money-transfer-services\/money-transfer-template\/#mpg_company_2_Cons\" >{{mpg_company_2}} H\u00e1tr\u00e1nyok<\/a><\/li><\/ul><\/li><\/ul><\/nav><\/div>\n<h2 class=\"wp-block-heading\"><span class=\"ez-toc-section\" id=\"Fees\"><\/span>D\u00edjak<span class=\"ez-toc-section-end\"><\/span><\/h2>\n\n\n\n<figure class=\"wp-block-table\"><table><tbody><tr><td><\/td><td><strong><a href=\"\/hu\/{{mpg_url_1}}\/\" rel=\"nofollow\">{{mpg_company_1}}<\/a><\/strong><\/td><td><strong><a href=\"\/hu\/{{mpg_url_2}}\/\" rel=\"nofollow\">{{mpg_company_2}}<\/a><\/strong><\/td><\/tr><tr><td><strong>Honlap<\/strong><\/td><td><a href=\"\/hu\/{{mpg_url_1}}\/\" rel=\"nofollow\"><img decoding=\"async\" src=\"{{mpg_image_url_1}}\"><\/a><\/td><td><a href=\"\/hu\/{{mpg_url_2}}\/\" rel=\"nofollow\"><img decoding=\"async\" src=\"{{mpg_image_url_2}}\"><\/a><\/td><\/tr><tr><td><strong>\u00c1tutal\u00e1si d\u00edj<\/strong><\/td><td>{{mpg_transfer_fee_1}}<\/td><td>{{mpg_transfer_fee_2}}<\/td><\/tr><tr><td><strong>\u00c1tlagos \u00e1rfolyamfel\u00e1r<\/strong><\/td><td>{{mpg_\u00e1tlagos_v\u00e1lt\u00e1si_ar\u00e1ny_markup_1}}<\/td><td>{{mpg_\u00e1tlagos_v\u00e1lt\u00e1si_ar\u00e1ny_markup_2}}<\/td><\/tr><tr><td><strong>Minim\u00e1lis \u00e1tutal\u00e1si \u00f6sszeg<\/strong><\/td><td>{{mpg_minimum_\u00e1tutal\u00e1s_\u00f6sszeg_1}}<\/td><td>{{mpg_minimum_\u00e1tviteli_mennyis\u00e9g_2}}<\/td><\/tr><tr><td><strong>Maxim\u00e1lis \u00e1tutal\u00e1si \u00f6sszeg<\/strong><\/td><td>{{mpg_maximum_transfer_amount_1}}<\/td><td>{{mpg_maximum_transfer_amount_2}}<\/td><\/tr><\/tbody><\/table><figcaption class=\"wp-element-caption\"><em>Minden inform\u00e1ci\u00f3 az egyes v\u00e1llalatok honlapj\u00e1r\u00f3l sz\u00e1rmazik, de az\u00f3ta megv\u00e1ltozott.<\/em> <\/figcaption><\/figure>\n\n\n<div class=\"cg-box-layout-seven    cg-orange\"  data-bottom-arrow=\"true\"><div class=\"cg-our-top-pick\">Legjobb min\u0151s\u00edt\u00e9s\u0171 p\u00e9nz\u00e1tutal\u00e1si szolg\u00e1ltat\u00e1s<\/div><div class=\"cg-layout-row\"><div class=\"cg-layout-img\"><a href=\"https:\/\/www.currenciesdirect.com\/aff\/v1\/moverdb.php\" target=\"_blank\" rel=\"nofollow noopener\" class=\"cg-aff-link\" data-post-title=\"Currencies Direct\" data-aff-link=\"https:\/\/www.currenciesdirect.com\/aff\/v1\/moverdb.php\" data-post-type=\"box\" data-post-id=\"153684\"><img decoding=\"async\" src=\"https:\/\/moverdb.com\/wp-content\/uploads\/currencies-direct-1.png\" class=\"cg-img-1\" alt=\"Currencies Direct\"><\/a><\/div><div class=\"cg-layout-content\"><div class=\"cg-text\"><p><span style=\"font-size: 14pt;\"><strong><a href=\"https:\/\/moverdb.com\/hu\/international-money-transfer-services\/currencies-direct-review\/\" data-internallinksmanager029f6b8e52c=\"237\" title=\"Currencies Direct Nemzetk\u00f6zi P\u00e9nz\u00e1tutal\u00e1s fel\u00fclvizsg\u00e1lata 2023\">Currencies Direct<\/a> <\/strong>a legjobbra \u00e9rt\u00e9kelt nemzetk\u00f6zi p\u00e9nz\u00e1tutal\u00e1si szolg\u00e1ltat\u00e1s a list\u00e1nkon.<\/span><\/p><ul><li><span style=\"font-size: 14pt;\"><strong>4.9 az 5-b\u0151l <\/strong>a Trustpilot-on t\u00f6bb mint 8,000 \u00e9rt\u00e9kel\u00e9s alapj\u00e1n &nbsp;<\/span><\/li><li><span style=\"font-size: 14pt;\"><strong>Nincs \u00e1tutal\u00e1si d\u00edj<\/strong><\/span><\/li><li><span style=\"font-size: 14pt;\">Bank-ver\u0151 kamatl\u00e1bak<\/span><\/li><li><span style=\"font-size: 14pt;\">D\u00edjnyertes szolg\u00e1ltat\u00e1s<\/span><\/li><li><span style=\"font-size: 14pt;\"><strong>Exkluz\u00edv Amazon aj\u00e1nd\u00e9kk\u00e1rtya aj\u00e1nlat<\/strong> a MoverDB.com felhaszn\u00e1l\u00f3i sz\u00e1m\u00e1ra&nbsp;<\/span><\/li><\/ul><\/div><div class=\"cg-lc-button\"><span class='cta-copy'><a href=\"https:\/\/www.currenciesdirect.com\/aff\/v1\/moverdb.php\" class=\"cg-one-button cg-btn cg-red  cg-aff-link cg-btn-lg\" data-post-id=\"153684\" data-post-type=\"box\" data-aff-link=\"https:\/\/www.currenciesdirect.com\/aff\/v1\/moverdb.php\" data-style=\"default\" data-post-title=\"Currencies Direct\" data-extra=\"arrow\" style=\"\" target=\"\" rel=\"nofollow noopener\">K\u00e9rjen ingyenes \u00e1raj\u00e1nlatot most!<\/a><\/span><\/span><\/div><\/div><div class=\"cg-bottom-arrow\"><\/div><\/div><\/div>\n\n\n\n\n\n<p><\/p>\n\n\n\n<h2 class=\"wp-block-heading\"><span class=\"ez-toc-section\" id=\"Reviews\"><\/span>V\u00e9lem\u00e9nyek<span class=\"ez-toc-section-end\"><\/span><\/h2>\n\n\n\n<figure class=\"wp-block-table\"><table><tbody><tr><td><\/td><td><strong><a href=\"\/hu\/{{mpg_url_1}}\/\" rel=\"nofollow\">{{mpg_company_1}}<\/a><\/strong><\/td><td><strong><a href=\"\/hu\/{{mpg_url_2}}\/\" rel=\"nofollow\">{{mpg_company_2}}<\/a><\/strong><\/td><\/tr><tr><td><strong>Trustpilot \u00e9rt\u00e9kel\u00e9s<\/strong><\/td><td><a href=\"\/hu\/{{mpg_truspilot_url_1}}\/\" target=\"_new\" rel=\"noopener\">{{mpg_trustpilot_rating_1}}<\/a><\/td><td><a href=\"\/hu\/{{mpg_truspilot_url_2}}\/\" target=\"_new\" rel=\"noopener\">{{mpg_trustpilot_rating_2}}<\/a><\/td><\/tr><tr><td><strong>A Trustpilot-v\u00e9lem\u00e9nyek sz\u00e1ma<\/strong><\/td><td>{{mpg_trustpilot_number_of_reviews_1}}<\/td><td>{{mpg_trustpilot_number_of_reviews_2}}<\/td><\/tr><tr><td><strong>iOS alkalmaz\u00e1s \u00e9rt\u00e9kel\u00e9se<\/strong><\/td><td><a href=\"\/hu\/{{mpg_ios_app_url_1}}\/\" target=\"_new\" rel=\"noopener\">{{mpg_ios_app_rating_1}}<\/a><\/td><td><a href=\"\/hu\/{{mpg_ios_app_url_2}}\/\" target=\"_new\" rel=\"noopener\">{{mpg_ios_app_rating_2}}<\/a><\/td><\/tr><tr><td><strong>Az iOS alkalmaz\u00e1s\u00e9rt\u00e9kel\u00e9sek sz\u00e1ma<\/strong><\/td><td>{{mpg_ios_app_number_of_reviews_1}}<\/td><td>{{mpg_ios_app_number_of_reviews_2}}<\/td><\/tr><tr><td><strong>Android alkalmaz\u00e1s \u00e9rt\u00e9kel\u00e9se<\/strong><\/td><td><a href=\"\/hu\/{{mpg_android_app_url_1}}\/\" target=\"_new\" rel=\"noopener\">{{mpg_android_app_rating_1}}<\/a><\/td><td><a href=\"\/hu\/{{mpg_android_app_url_2}}\/\" target=\"_new\" rel=\"noopener\">{{mpg_android_app_rating_2}}<\/a><\/td><\/tr><tr><td>Az Android alkalmaz\u00e1s\u00e9rt\u00e9kel\u00e9sek sz\u00e1ma<\/td><td>{{mpg_android_app_number_of_reviews_1}}<\/td><td>{{mpg_android_app_number_of_reviews_2}}<\/td><\/tr><\/tbody><\/table><figcaption class=\"wp-element-caption\"><em>A k\u00f6zz\u00e9t\u00e9tel id\u0151pontj\u00e1ban a vonatkoz\u00f3 honlapokr\u00f3l sz\u00e1rmaz\u00f3 adatok. <\/em><\/figcaption><\/figure>\n\n\n\n<p><\/p>\n\n\n\n<h2 class=\"wp-block-heading\"><span class=\"ez-toc-section\" id=\"Features\"><\/span>Jellemz\u0151k<span class=\"ez-toc-section-end\"><\/span><\/h2>\n\n\n\n<figure class=\"wp-block-table\"><table><tbody><tr><td><\/td><td><strong><a href=\"\/hu\/{{mpg_url_1}}\/\" rel=\"nofollow\">{{mpg_company_1}}<\/a><\/strong><\/td><td><strong><a href=\"\/hu\/{{mpg_url_2}}\/\" rel=\"nofollow\">{{mpg_company_2}}<\/a><\/strong><\/td><\/tr><tr><td><strong>Alkalmaz\u00e1s transzferek<\/strong><\/td><td>{{mpg_app_transfers_1}}<\/td><td>{{mpg_app_transfers_2}}<\/td><\/tr><tr><td><strong>Online \u00e1tutal\u00e1sok<\/strong><\/td><td>{{mpg_online_transfers_1}}<\/td><td>{{mpg_online_transfers_2}}<\/td><\/tr><tr><td><strong>Telefonos \u00e1tutal\u00e1sok<\/strong><\/td><td>{{mpg_phone_transfers_1}}<\/td><td>{{mpg_phone_transfers_2}}<\/td><\/tr><tr><td><strong>Szem\u00e9lyes \u00e1tutal\u00e1sok<\/strong><\/td><td>{{mpg_in-person_transfers_1}}<\/td><td>{{mpg_in-person_transfers_2}}<\/td><\/tr><tr><td><strong>El\u00e9rhet\u0151 orsz\u00e1gok<\/strong><\/td><td>{{mpg_available_countries_1}}<\/td><td>{{mpg_el\u00e9rhet\u0151_orsz\u00e1gok_2}}<\/td><\/tr><tr><td><strong>A p\u00e9nznemek sz\u00e1ma<\/strong><\/td><td>{{mpg_number_of_currencies_1}}<\/td><td>{{mpg_number_of_currencies_2}}<\/td><\/tr><tr><td><strong>Fizet\u00e9si m\u00f3dok<\/strong><\/td><td>{{mpg_payment_methods_1}}<\/td><td>{{mpg_payment_methods_2}}<\/td><\/tr><tr><td><strong>Fogad\u00e1si m\u00f3dszerek<\/strong><\/td><td>{{mpg_receiving_methods_1}}<\/td><td>{{mpg_receiving_methods_2}}<\/td><\/tr><tr><td><strong>K\u00e9szp\u00e9nzfelv\u00e9teli lehet\u0151s\u00e9g<\/strong><\/td><td>{{mpg_cash_pickup_option_1}}<\/td><td>{{mpg_cash_pickup_option_2}}<\/td><\/tr><tr><td><strong>Fizet\u00e9sek rugalmass\u00e1ga<\/strong><\/td><td>{{mpg_payments_flexibility_1}}<\/td><td>{{mpg_fizet\u00e9sek_rugalmass\u00e1g_2}}<\/td><\/tr><tr><td><strong>T\u00e1mogatott nyelvek<\/strong><\/td><td>{{mpg_supported_languages_1}}<\/td><td>{{mpg_supported_languages_2}}<\/td><\/tr><tr><td><strong>\u00c1tviteli sebess\u00e9g<\/strong><\/td><td>{{mpg_transfer_speed_1}}<\/td><td>{{mpg_transfer_speed_2}}<\/td><\/tr><tr><td><strong>Dedik\u00e1lt keresked\u0151<\/strong><\/td><td>{{mpg_dedicated_dealer_1}}<\/td><td>{{mpg_dedicated_dealer_2}}<\/td><\/tr><tr><td><strong>Azonnali egy\u00e9ni \u00e1raj\u00e1nlat<\/strong><\/td><td>{{mpg_instant_custom_quote_1}}<\/td><td>{{mpg_instant_custom_quote_2}}<\/td><\/tr><tr><td><strong>\u00dczleti jellemz\u0151k<\/strong><\/td><td>{{mpg_business_features_1}}<\/td><td>{{mpg_business_features_2}}<\/td><\/tr><tr><td><strong>Bet\u00e9ti k\u00e1rtya<\/strong><\/td><td>{{mpg_debit_card_1}}<\/td><td>{{mpg_debit_card_2}}<\/td><\/tr><tr><td><strong>Lemond\u00e1si szab\u00e1lyzat<\/strong><\/td><td>{{mpg_cancellation_policy_1}}<\/td><td>{{mpg_cancellation_policy_2}}<\/td><\/tr><tr><td><strong>Alkalmass\u00e1g<\/strong><\/td><td>{{mpg_suitability_1}}<\/td><td>{{mpg_suitability_2}}<\/td><\/tr><\/tbody><\/table><\/figure>\n\n\n<div class=\"cg-box-layout-seven    cg-orange\"  data-bottom-arrow=\"true\"><div class=\"cg-our-top-pick\">Legjobb min\u0151s\u00edt\u00e9s\u0171 p\u00e9nz\u00e1tutal\u00e1si szolg\u00e1ltat\u00e1s<\/div><div class=\"cg-layout-row\"><div class=\"cg-layout-img\"><a href=\"https:\/\/www.currenciesdirect.com\/aff\/v1\/moverdb.php\" target=\"_blank\" rel=\"nofollow noopener\" class=\"cg-aff-link\" data-post-title=\"Currencies Direct\" data-aff-link=\"https:\/\/www.currenciesdirect.com\/aff\/v1\/moverdb.php\" data-post-type=\"box\" data-post-id=\"153684\"><img decoding=\"async\" src=\"https:\/\/moverdb.com\/wp-content\/uploads\/currencies-direct-1.png\" class=\"cg-img-1\" alt=\"Currencies Direct\"><\/a><\/div><div class=\"cg-layout-content\"><div class=\"cg-text\"><p><span style=\"font-size: 14pt;\"><strong>Currencies Direct <\/strong>a legjobbra \u00e9rt\u00e9kelt nemzetk\u00f6zi p\u00e9nz\u00e1tutal\u00e1si szolg\u00e1ltat\u00e1s a list\u00e1nkon.<\/span><\/p><ul><li><span style=\"font-size: 14pt;\"><strong>4.9 az 5-b\u0151l <\/strong>a Trustpilot-on t\u00f6bb mint 8,000 \u00e9rt\u00e9kel\u00e9s alapj\u00e1n &nbsp;<\/span><\/li><li><span style=\"font-size: 14pt;\"><strong>Nincs \u00e1tutal\u00e1si d\u00edj<\/strong><\/span><\/li><li><span style=\"font-size: 14pt;\">Bank-ver\u0151 kamatl\u00e1bak<\/span><\/li><li><span style=\"font-size: 14pt;\">D\u00edjnyertes szolg\u00e1ltat\u00e1s<\/span><\/li><li><span style=\"font-size: 14pt;\"><strong>Exkluz\u00edv Amazon aj\u00e1nd\u00e9kk\u00e1rtya aj\u00e1nlat<\/strong> a MoverDB.com felhaszn\u00e1l\u00f3i sz\u00e1m\u00e1ra&nbsp;<\/span><\/li><\/ul><\/div><div class=\"cg-lc-button\"><span class='cta-copy'><a href=\"https:\/\/www.currenciesdirect.com\/aff\/v1\/moverdb.php\" class=\"cg-one-button cg-btn cg-red  cg-aff-link cg-btn-lg\" data-post-id=\"153684\" data-post-type=\"box\" data-aff-link=\"https:\/\/www.currenciesdirect.com\/aff\/v1\/moverdb.php\" data-style=\"default\" data-post-title=\"Currencies Direct\" data-extra=\"arrow\" style=\"\" target=\"\" rel=\"nofollow noopener\">K\u00e9rjen ingyenes \u00e1raj\u00e1nlatot most!<\/a><\/span><\/span><\/div><\/div><div class=\"cg-bottom-arrow\"><\/div><\/div><\/div>\n\n\n\n\n\n<h2 class=\"wp-block-heading\"><span class=\"ez-toc-section\" id=\"Company_Comparison\"><\/span>V\u00e1llalati \u00f6sszehasonl\u00edt\u00e1s<span class=\"ez-toc-section-end\"><\/span><\/h2>\n\n\n\n<figure class=\"wp-block-table\"><table><tbody><tr><td><\/td><td><strong><a href=\"\/hu\/{{mpg_url_1}}\/\" rel=\"nofollow\">{{mpg_company_1}}<\/a><\/strong><\/td><td><strong><a href=\"https:\/\/moverdb.com\/wp-admin\/%7B%7Bmpg_url_2%7D%7D\">{{mpg_company_2}}<\/a><\/strong><\/td><\/tr><tr><td><strong>Alap\u00edt\u00e1s \u00e9ve<\/strong><\/td><td>{{mpg_yead_founded_1}}<\/td><td>{{mpg_yead_founded_2}}<\/td><\/tr><tr><td><strong>Sz\u00e9khely<\/strong><\/td><td>{{mpg_headquarters_1}}<\/td><td>{{mpg_headquarters_2}}<\/td><\/tr><tr><td><strong>Egy\u00e9b irodai helysz\u00ednek<\/strong><\/td><td>{{mpg_m\u00e1s_hivatalok_helysz\u00edne_1}}<\/td><td>{{mpg_egy\u00e9b_hivatalok_helysz\u00edne_2}}<\/td><\/tr><tr><td><strong>\u00c9ves keresked\u00e9si volumen<\/strong><\/td><td>{{mpg_annual_trading_volume_1}}<\/td><td>{{mpg_annual_trading_volume_2}}<\/td><\/tr><tr><td><strong>Alkalmazottak sz\u00e1ma<\/strong><\/td><td>{{mpg_number_of_employees_1}}<\/td><td>{{mpg_number_of_employees_2}}<\/td><\/tr><tr><td><strong>\u00dcgyfelek sz\u00e1ma<\/strong><\/td><td>{{mpg_number_of_clients_1}}<\/td><td>{{mpg_number_of_clients_2}}<\/td><\/tr><tr><td><strong>Szab\u00e1lyoz\u00f3 int\u00e9zm\u00e9nyek<\/strong><\/td><td>{{mpg_szab\u00e1lyoz\u00f3_int\u00e9zm\u00e9ny_1}}<\/td><td>{{mpg_szab\u00e1lyoz\u00f3_int\u00e9zm\u00e9ny_2}}<\/td><\/tr><tr><td><strong>D\u00edjak<\/strong><\/td><td>{{mpg_awards_1}}<\/td><td>{{mpg_awards_2}}<\/td><\/tr><\/tbody><\/table><figcaption class=\"wp-element-caption\"><em>A v\u00e1llalat webhelyeir\u0151l \u00e9s m\u00e1s harmadik f\u00e9l webhelyeir\u0151l sz\u00e1rmaz\u00f3 adatok. Az adatok a k\u00f6zz\u00e9t\u00e9tel id\u0151pontj\u00e1ban pontosnak tekinthet\u0151k, de az\u00f3ta v\u00e1ltozhattak.<\/em><\/figcaption><\/figure>\n\n\n\n<h2 class=\"wp-block-heading\"><span class=\"ez-toc-section\" id=\"mpg_company_1_Pros_Cons\"><\/span>{{mpg_company_1}} El\u0151ny\u00f6k \u00e9s h\u00e1tr\u00e1nyok<span class=\"ez-toc-section-end\"><\/span><\/h2>\n\n\n\n<p><a href=\"\/hu\/{{mpg_url_1}}\/\" rel=\"nofollow\"><img decoding=\"async\" src=\"{{mpg_image_url_1}}\"><\/a><\/p>\n\n\n\n<h3 class=\"wp-block-heading\" style=\"color: green\"><span class=\"ez-toc-section\" id=\"mpg_company_1_Pros\"><\/span>{{mpg_company_1}} El\u0151ny\u00f6k<span class=\"ez-toc-section-end\"><\/span><\/h3>\n\n\n\n<p>{{mpg_pros_1}}<\/p>\n\n\n\n<h3 class=\"wp-block-heading\" style=\"color: red\"><span class=\"ez-toc-section\" id=\"mpg_company_1_Cons\"><\/span>{{mpg_company_1}} H\u00e1tr\u00e1nyok<span class=\"ez-toc-section-end\"><\/span><\/h3>\n\n\n\n<p>{{mpg_cons_1}}<\/p>\n\n\n\n<h2 class=\"wp-block-heading\"><span class=\"ez-toc-section\" id=\"mpg_company_2_Pros_Cons\"><\/span>{{mpg_company_2}} El\u0151ny\u00f6k \u00e9s h\u00e1tr\u00e1nyok<span class=\"ez-toc-section-end\"><\/span><\/h2>\n\n\n\n<p><a href=\"\/hu\/{{mpg_url_2}}\/\" rel=\"nofollow\"><img decoding=\"async\" src=\"{{mpg_image_url_2}}\"><\/a><\/p>\n\n\n\n<h3 class=\"wp-block-heading\" style=\"color: green\"><span class=\"ez-toc-section\" id=\"mpg_company_2_Pros\"><\/span>{{mpg_company_2}} El\u0151ny\u00f6k<span class=\"ez-toc-section-end\"><\/span><\/h3>\n\n\n\n<p>{{mpg_pros_2}}<\/p>\n\n\n\n<h3 class=\"wp-block-heading\" style=\"color: red\"><span class=\"ez-toc-section\" id=\"mpg_company_2_Cons\"><\/span>{{mpg_company_2}} H\u00e1tr\u00e1nyok<span class=\"ez-toc-section-end\"><\/span><\/h3>\n\n\n\n<p>{{mpg_cons_2}}<\/p>\n\n\n<div class=\"cg-box-layout-seven    cg-orange\"  data-bottom-arrow=\"true\"><div class=\"cg-our-top-pick\">Legjobb min\u0151s\u00edt\u00e9s\u0171 p\u00e9nz\u00e1tutal\u00e1si szolg\u00e1ltat\u00e1s<\/div><div class=\"cg-layout-row\"><div class=\"cg-layout-img\"><a href=\"https:\/\/www.currenciesdirect.com\/aff\/v1\/moverdb.php\" target=\"_blank\" rel=\"nofollow noopener\" class=\"cg-aff-link\" data-post-title=\"Currencies Direct\" data-aff-link=\"https:\/\/www.currenciesdirect.com\/aff\/v1\/moverdb.php\" data-post-type=\"box\" data-post-id=\"153684\"><img decoding=\"async\" src=\"https:\/\/moverdb.com\/wp-content\/uploads\/currencies-direct-1.png\" class=\"cg-img-1\" alt=\"Currencies Direct\"><\/a><\/div><div class=\"cg-layout-content\"><div class=\"cg-text\"><p><span style=\"font-size: 14pt;\"><strong>Currencies Direct <\/strong>a legjobbra \u00e9rt\u00e9kelt nemzetk\u00f6zi p\u00e9nz\u00e1tutal\u00e1si szolg\u00e1ltat\u00e1s a list\u00e1nkon.<\/span><\/p><ul><li><span style=\"font-size: 14pt;\"><strong>4.9 az 5-b\u0151l <\/strong>a Trustpilot-on t\u00f6bb mint 8,000 \u00e9rt\u00e9kel\u00e9s alapj\u00e1n &nbsp;<\/span><\/li><li><span style=\"font-size: 14pt;\"><strong>Nincs \u00e1tutal\u00e1si d\u00edj<\/strong><\/span><\/li><li><span style=\"font-size: 14pt;\">Bank-ver\u0151 kamatl\u00e1bak<\/span><\/li><li><span style=\"font-size: 14pt;\">D\u00edjnyertes szolg\u00e1ltat\u00e1s<\/span><\/li><li><span style=\"font-size: 14pt;\"><strong>Exkluz\u00edv Amazon aj\u00e1nd\u00e9kk\u00e1rtya aj\u00e1nlat<\/strong> a MoverDB.com felhaszn\u00e1l\u00f3i sz\u00e1m\u00e1ra&nbsp;<\/span><\/li><\/ul><\/div><div class=\"cg-lc-button\"><span class='cta-copy'><a href=\"https:\/\/www.currenciesdirect.com\/aff\/v1\/moverdb.php\" class=\"cg-one-button cg-btn cg-red  cg-aff-link cg-btn-lg\" data-post-id=\"153684\" data-post-type=\"box\" data-aff-link=\"https:\/\/www.currenciesdirect.com\/aff\/v1\/moverdb.php\" data-style=\"default\" data-post-title=\"Currencies Direct\" data-extra=\"arrow\" style=\"\" target=\"\" rel=\"nofollow noopener\">K\u00e9rjen ingyenes \u00e1raj\u00e1nlatot most!<\/a><\/span><\/span><\/div><\/div><div class=\"cg-bottom-arrow\"><\/div><\/div><\/div>\n\n\n\n\n<\/p>\n<p>Tov\u00e1bbi \u00f6sszehasonl\u00edt\u00e1sok:<\/p>\n<p>{{mpg_link}}<\/p>\n\n\n<p><\/p>","protected":false},"excerpt":{"rendered":"<p>Both {{mpg_company_1}} and {{mpg_company_2}} are popular international money transfer services. But which one is better? Below we compare them on their fees and reviews. Fees {{mpg_company_1}} {{mpg_company_2}} Homepage Transfer Fee {{mpg_transfer_fee_1}} {{mpg_transfer_fee_2}} Average Exchange Rate Markup {{mpg_average_exchange_rate_markup_1}} {{mpg_average_exchange_rate_markup_2}} Minimum Transfer Amount {{mpg_minimum_transfer_amount_1}} {{mpg_minimum_transfer_amount_2}} Maximum Transfer Amount {{mpg_maximum_transfer_amount_1}} {{mpg_maximum_transfer_amount_2}} All information taken from each company&#8217;s website, [&hellip;]<\/p>\n","protected":false},"author":1,"featured_media":0,"parent":7319,"menu_order":0,"comment_status":"closed","ping_status":"closed","template":"","meta":{"_genesis_hide_title":false,"_genesis_hide_breadcrumbs":false,"_genesis_hide_singular_image":false,"_genesis_hide_footer_widgets":false,"_genesis_custom_body_class":"","_genesis_custom_post_class":"","_genesis_layout":"","footnotes":""},"class_list":{"0":"post-11807","1":"page","2":"type-page","3":"status-publish","5":"entry"},"_links":{"self":[{"href":"https:\/\/moverdb.com\/hu\/wp-json\/wp\/v2\/pages\/11807","targetHints":{"allow":["GET"]}}],"collection":[{"href":"https:\/\/moverdb.com\/hu\/wp-json\/wp\/v2\/pages"}],"about":[{"href":"https:\/\/moverdb.com\/hu\/wp-json\/wp\/v2\/types\/page"}],"author":[{"embeddable":true,"href":"https:\/\/moverdb.com\/hu\/wp-json\/wp\/v2\/users\/1"}],"replies":[{"embeddable":true,"href":"https:\/\/moverdb.com\/hu\/wp-json\/wp\/v2\/comments?post=11807"}],"version-history":[{"count":27,"href":"https:\/\/moverdb.com\/hu\/wp-json\/wp\/v2\/pages\/11807\/revisions"}],"predecessor-version":[{"id":15503,"href":"https:\/\/moverdb.com\/hu\/wp-json\/wp\/v2\/pages\/11807\/revisions\/15503"}],"up":[{"embeddable":true,"href":"https:\/\/moverdb.com\/hu\/wp-json\/wp\/v2\/pages\/7319"}],"wp:attachment":[{"href":"https:\/\/moverdb.com\/hu\/wp-json\/wp\/v2\/media?parent=11807"}],"curies":[{"name":"wp","href":"https:\/\/api.w.org\/{rel}","templated":true}]}}