{"id":11666,"date":"2023-11-29T10:31:41","date_gmt":"2023-11-29T10:31:41","guid":{"rendered":"https:\/\/moverdb.com\/?page_id=11666"},"modified":"2026-01-08T15:24:27","modified_gmt":"2026-01-08T15:24:27","slug":"moving-companies-us-tennessee","status":"publish","type":"page","link":"https:\/\/moverdb.com\/hu\/moving-companies\/moving-companies-us-tennessee\/","title":{"rendered":"3 legjobb nemzetk\u00f6zi k\u00f6lt\u00f6ztet\u0151 c\u00e9gek Tennessee-ben"},"content":{"rendered":"<p>K\u00f6lt\u00f6z\u00e9st tervez? Akkor vegye ig\u00e9nybe egy <a href=\"https:\/\/moverdb.com\/hu\/moving-companies\/\" data-internallinksmanager029f6b8e52c=\"79\" title=\"Top 25 nemzetk\u00f6zi k\u00f6lt\u00f6ztet\u0151 c\u00e9gek online\">k\u00f6lt\u00f6ztet\u0151 c\u00e9g<\/a> val\u00f3ban seg\u00edthetne a munkaterhel\u00e9s cs\u00f6kkent\u00e9s\u00e9ben. Seg\u00edts\u00e9get ny\u00fajthatnak a k\u00f6lt\u00f6z\u00e9s megtervez\u00e9s\u00e9ben, a sz\u00e1ll\u00edt\u00e1s megszervez\u00e9s\u00e9ben, a holmik csomagol\u00e1s\u00e1ban \u00e9s a nemzetk\u00f6zi k\u00f6lt\u00f6z\u00e9sek v\u00e1mkezel\u00e9s\u00e9ben. Az al\u00e1bbiakban \u00f6ssze\u00e1ll\u00edtottunk egy list\u00e1t <a href=\"https:\/\/moverdb.com\/hu\/moving-to-the-united-states\/moving-to-tennessee\/\" data-internallinksmanager029f6b8e52c=\"406\" title=\"Tennessee-be k\u00f6lt\u00f6zik? 2023 Lakhat\u00e1si k\u00f6lts\u00e9gek \u00e9s k\u00f6lt\u00f6z\u00e9si tippek\">Tennessee<\/a> alap\u00fa <a href=\"https:\/\/moverdb.com\/hu\/international-removals\/\" data-internallinksmanager029f6b8e52c=\"27\" title=\"36 legjobb nemzetk\u00f6zi k\u00f6lt\u00f6ztet\u0151 c\u00e9gek az Egyes\u00fclt Kir\u00e1lys\u00e1gban\">k\u00f6lt\u00f6ztet\u0151 c\u00e9gek<\/a> amelyek tagjai a <a href=\"https:\/\/moverdb.com\/hu\/iam\/\" data-internallinksmanager029f6b8e52c=\"23\" title=\"A K\u00f6lt\u00f6ztet\u0151k Nemzetk\u00f6zi Sz\u00f6vets\u00e9ge (IAM) magyar\u00e1zata\">K\u00f6lt\u00f6ztet\u0151k Nemzetk\u00f6zi Sz\u00f6vets\u00e9ge<\/a> (IAM) \u00e9s\/vagy <a href=\"https:\/\/moverdb.com\/hu\/fidi-faim\/\" data-internallinksmanager029f6b8e52c=\"16\" title=\"FIDI &amp; FAIM (FIDI akkredit\u00e1lt nemzetk\u00f6zi fuvaroz\u00f3) magyar\u00e1zata\">FIDI<\/a> Akkredit\u00e1lt nemzetk\u00f6zi k\u00f6lt\u00f6ztet\u0151 (FAIM), aki seg\u00edthet \u00d6nnek a k\u00f6lt\u00f6z\u00e9sben.<\/p>\n<h2><strong>1. Apex k\u00f6lt\u00f6ztet\u00e9s \u00e9s t\u00e1rol\u00e1s<\/strong><\/h2>\n<p><img loading=\"lazy\" decoding=\"async\" class=\"alignnone size-full wp-image-11256\" src=\"https:\/\/moverdb.com\/wp-content\/uploads\/Apex-Moving-Storage-international-moving-company.png\" alt=\"Apex Moving &amp; Storage nemzetk\u00f6zi k\u00f6lt\u00f6ztet\u0151 c\u00e9g\" width=\"1440\" height=\"680\" data-wp-pid=\"11256\" srcset=\"https:\/\/moverdb.com\/wp-content\/uploads\/Apex-Moving-Storage-international-moving-company.png 1440w, https:\/\/moverdb.com\/wp-content\/uploads\/Apex-Moving-Storage-international-moving-company-300x142.png 300w, https:\/\/moverdb.com\/wp-content\/uploads\/Apex-Moving-Storage-international-moving-company-1024x484.png 1024w, https:\/\/moverdb.com\/wp-content\/uploads\/Apex-Moving-Storage-international-moving-company-18x9.png 18w, https:\/\/moverdb.com\/wp-content\/uploads\/Apex-Moving-Storage-international-moving-company-600x283.png 600w\" sizes=\"auto, (max-width: 1440px) 100vw, 1440px\" \/><\/p>\n<ul>\n<li>Helyi \u00e9s t\u00e1vols\u00e1gi k\u00f6lt\u00f6z\u00e9sek<\/li>\n<li>Nemzetk\u00f6zi k\u00f6lt\u00f6z\u00e9sek<\/li>\n<li>Lakoss\u00e1gi k\u00f6lt\u00f6z\u00e9sek<\/li>\n<li>Kereskedelmi k\u00f6lt\u00f6z\u00e9sek<\/li>\n<li>V\u00e1llalati \u00e1thelyez\u00e9sek<\/li>\n<li>Teljes k\u00f6r\u0171 csomagol\u00e1si szolg\u00e1ltat\u00e1s<\/li>\n<li>Sz\u00e1ll\u00edt\u00e1si meg\u00e1llapod\u00e1sok<\/li>\n<li>V\u00e1mkezel\u00e9s<\/li>\n<li>Teherg\u00e9pkocsi-k\u00f6vet\u0151 technol\u00f3gia<\/li>\n<li>T\u00e1rol\u00e1si szolg\u00e1ltat\u00e1sok<\/li>\n<\/ul>\n<p>Az Apex Moving &amp; Storage egy 1972-ben alap\u00edtott k\u00f6lt\u00f6ztet\u0151 c\u00e9g, amelynek sz\u00e9khelye Antioch. Atlas Interstate Agent, amely \u00f6sszek\u00f6ti \u0151ket a profi k\u00f6lt\u00f6ztet\u0151k nemzetk\u00f6zi h\u00e1l\u00f3zat\u00e1val, hogy t\u00e1mogassa \u0151ket. Az IAM tagjak\u00e9nt 45 \u00e9ves tapasztalattal rendelkeznek.<\/p>\n<p>Az Apex Moving &amp; Storage gondoskodik a kis \u00e9s nagy k\u00f6lt\u00f6z\u00e9sekr\u0151l, \u00e9s minden ig\u00e9nyt kiel\u00e9g\u00edt\u0151, k\u00f6lts\u00e9gvet\u00e9s-bar\u00e1t lehet\u0151s\u00e9geket k\u00edn\u00e1l. H\u00e1zr\u00f3l h\u00e1zra t\u00f6rt\u00e9n\u0151 k\u00f6lt\u00f6z\u00e9si szolg\u00e1ltat\u00e1sokat k\u00edn\u00e1lnak, a k\u00f6lt\u00f6z\u00e9s el\u0151tti konzult\u00e1ci\u00f3val \u00e9s egy szem\u00e9lyes k\u00f6lt\u00f6z\u00e9si koordin\u00e1torral, aki t\u00e1mogatja \u00d6nt. Teljes k\u00f6r\u0171 csomagol\u00e1si szolg\u00e1ltat\u00e1st k\u00edn\u00e1lnak, \u00e9s k\u00fclf\u00f6ldre k\u00f6lt\u00f6z\u00e9s eset\u00e9n megszervezik a sz\u00e1ll\u00edt\u00e1st v\u00e1mkezel\u00e9ssel egy\u00fctt.<\/p>\n<p>Weboldal: <a href=\"http:\/\/www.apexmoving.com\/\" target=\"_blank\" rel=\"noopener\">http:\/\/www.apexmoving.com\/<\/a><\/p>\n<h2><strong>2. Elizabeth k\u00f6lt\u00f6ztet\u0151 szolg\u00e1ltat\u00e1sa<\/strong><\/h2>\n<p><img loading=\"lazy\" decoding=\"async\" class=\"alignnone size-full wp-image-11315\" src=\"https:\/\/moverdb.com\/wp-content\/uploads\/Elizabeths-Moving-Service-international-moving-company.png\" alt=\"Elizabeths Moving Service nemzetk\u00f6zi k\u00f6lt\u00f6ztet\u0151 c\u00e9g\" width=\"1440\" height=\"675\" data-wp-pid=\"11315\" srcset=\"https:\/\/moverdb.com\/wp-content\/uploads\/Elizabeths-Moving-Service-international-moving-company.png 1440w, https:\/\/moverdb.com\/wp-content\/uploads\/Elizabeths-Moving-Service-international-moving-company-300x141.png 300w, https:\/\/moverdb.com\/wp-content\/uploads\/Elizabeths-Moving-Service-international-moving-company-1024x480.png 1024w, https:\/\/moverdb.com\/wp-content\/uploads\/Elizabeths-Moving-Service-international-moving-company-18x8.png 18w, https:\/\/moverdb.com\/wp-content\/uploads\/Elizabeths-Moving-Service-international-moving-company-600x281.png 600w\" sizes=\"auto, (max-width: 1440px) 100vw, 1440px\" \/><\/p>\n<ul>\n<li>Helyi k\u00f6lt\u00f6z\u00e9sek<\/li>\n<li>Hossz\u00fa t\u00e1v\u00fa k\u00f6lt\u00f6z\u00e9sek<\/li>\n<li>H\u00e1ztart\u00e1si k\u00f6lt\u00f6z\u00e9sek<\/li>\n<li>Irodai \u00e9s kereskedelmi k\u00f6lt\u00f6z\u00e9sek<\/li>\n<li>Egyedi k\u00f6lt\u00f6z\u00e9si terv<\/li>\n<li>Csomagol\u00e1si szolg\u00e1ltat\u00e1s<\/li>\n<li>Sz\u00e1ll\u00edt\u00e1si meg\u00e1llapod\u00e1sok<\/li>\n<li>K\u00e9sz\u00fcl\u00e9k telep\u00edt\u00e9s<\/li>\n<li>K\u00e9pz\u0151m\u0171v\u00e9szeti kezel\u00e9s<\/li>\n<li>Biztons\u00e1gos rakt\u00e1rhelyis\u00e9gek<\/li>\n<\/ul>\n<p>Az Elizabeth's Moving Service egy k\u00f6lt\u00f6ztet\u0151 \u00e9s t\u00e1rol\u00f3 c\u00e9g, amelynek sz\u00e9khelye Chattanooga. Az IAM tagja, hat\u00e9ves tapasztalattal rendelkeznek, ami lehet\u0151v\u00e9 teszi sz\u00e1mukra, hogy a k\u00f6lt\u00f6ztet\u0151\u00fcgyn\u00f6k\u00f6k h\u00e1l\u00f3zat\u00e1val egy\u00fcttm\u0171k\u00f6dve a m\u0171k\u00f6d\u00e9si ter\u00fclet\u00fck\u00f6n k\u00edv\u00fcli szolg\u00e1ltat\u00e1sokat is ny\u00fajtsanak.<\/p>\n<p>Az Elizabeth's Moving Service h\u00e1zon bel\u00fcli felm\u00e9r\u00e9st k\u00edn\u00e1l a pontos \u00e1raj\u00e1nlat elk\u00e9sz\u00edt\u00e9s\u00e9hez. Teljes k\u00f6r\u0171 szolg\u00e1ltat\u00e1st k\u00edn\u00e1lnak, ahol csomagolj\u00e1k \u00e9s sz\u00e1ll\u00edtj\u00e1k a holmij\u00e1t helyi, t\u00e1vols\u00e1gi \u00e9s nemzetk\u00f6zi k\u00f6lt\u00f6z\u00e9sekhez. Kiv\u00e1l\u00f3 min\u0151s\u00e9g\u0171 csomagol\u00e1si szolg\u00e1ltat\u00e1sokat ny\u00fajtanak k\u00e9pzett csomagol\u00f3kkal, akik megv\u00e9dik a holmij\u00e1t a sz\u00e1ll\u00edt\u00e1s sor\u00e1n, ami mag\u00e1ban foglalja a t\u00f6r\u00e9keny t\u00e1rgyak f\u00e1b\u00f3l k\u00e9sz\u00fclt l\u00e1d\u00e1kat \u00e9s az otthon\u00e1nak v\u00e9delm\u00e9t a k\u00f6lt\u00f6z\u00e9s sor\u00e1n.<\/p>\n<p>Weboldal: <a href=\"http:\/\/www.elizabethsmoving.com\" target=\"_blank\" rel=\"noopener\">http:\/\/www.elizabethsmoving.com<\/a><\/p>\n<h2><strong>3. Still Transfer Company<\/strong><\/h2>\n<p><img loading=\"lazy\" decoding=\"async\" class=\"alignnone size-full wp-image-11449\" src=\"https:\/\/moverdb.com\/wp-content\/uploads\/Still-Transfer-Company-international-moving-company.png\" alt=\"Still Transfer Company nemzetk\u00f6zi k\u00f6lt\u00f6ztet\u0151 c\u00e9g\" width=\"1440\" height=\"677\" data-wp-pid=\"11449\" srcset=\"https:\/\/moverdb.com\/wp-content\/uploads\/Still-Transfer-Company-international-moving-company.png 1440w, https:\/\/moverdb.com\/wp-content\/uploads\/Still-Transfer-Company-international-moving-company-300x141.png 300w, https:\/\/moverdb.com\/wp-content\/uploads\/Still-Transfer-Company-international-moving-company-1024x481.png 1024w, https:\/\/moverdb.com\/wp-content\/uploads\/Still-Transfer-Company-international-moving-company-18x8.png 18w, https:\/\/moverdb.com\/wp-content\/uploads\/Still-Transfer-Company-international-moving-company-600x282.png 600w\" sizes=\"auto, (max-width: 1440px) 100vw, 1440px\" \/><\/p>\n<ul>\n<li>Helyi \u00e9s t\u00e1vols\u00e1gi k\u00f6lt\u00f6z\u00e9sek<\/li>\n<li>Nemzetk\u00f6zi k\u00f6lt\u00f6z\u00e9sek<\/li>\n<li>Lakoss\u00e1gi k\u00f6lt\u00f6z\u00e9sek<\/li>\n<li>Kereskedelmi \u00e9s irodai k\u00f6lt\u00f6z\u00e9sek<\/li>\n<li>Csomagol\u00e1si szolg\u00e1ltat\u00e1s<\/li>\n<li>Sz\u00e1ll\u00edt\u00e1si meg\u00e1llapod\u00e1sok<\/li>\n<li>V\u00e1m\u00fcgyn\u00f6ki tev\u00e9kenys\u00e9g<\/li>\n<li>Zenei hangszer mozog<\/li>\n<li>Biztons\u00e1gos r\u00f6vid \u00e9s hossz\u00fa t\u00e1v\u00fa t\u00e1rol\u00e1s<\/li>\n<\/ul>\n<p>A Still Transfer Company egy 1928-ban alap\u00edtott k\u00f6lt\u00f6ztet\u0151 \u00e9s sz\u00e1ll\u00edtm\u00e1nyoz\u00e1si v\u00e1llalat, amelynek sz\u00e9khelye Kingsportban tal\u00e1lhat\u00f3. Az IAM tagja, 95 \u00e9ves tapasztalattal rendelkezik, ami a k\u00f6lt\u00f6ztet\u0151 c\u00e9gek vil\u00e1gm\u00e9ret\u0171 h\u00e1l\u00f3zat\u00e1t biztos\u00edtja sz\u00e1mukra, amellyel egy\u00fctt dolgozhatnak a szolg\u00e1ltat\u00e1sok ny\u00fajt\u00e1sa \u00e9rdek\u00e9ben.<\/p>\n<p>A Still Transfer Company kis \u00e9s nagy k\u00f6lt\u00f6ztet\u00e9si szolg\u00e1ltat\u00e1sokat k\u00edn\u00e1l helyi, t\u00e1vols\u00e1gi \u00e9s nemzetk\u00f6zi k\u00f6lt\u00f6z\u00e9sekhez lakoss\u00e1gi, kereskedelmi, irodai \u00e9s ipari k\u00f6lt\u00f6z\u00e9sekhez. K\u00f6lt\u00f6ztet\u00e9si \u00e9s csomagol\u00e1si szolg\u00e1ltat\u00e1sokat ny\u00fajtanak, hogy a holmij\u00e1t biztons\u00e1gosan eljuttass\u00e1k a c\u00e9l\u00e1llom\u00e1sra, \u00e9s v\u00e1m\u00fcgyn\u00f6ki tev\u00e9kenys\u00e9get is v\u00e9geznek. R\u00f6vid vagy hossz\u00fa t\u00e1v\u00fa biztons\u00e1gos t\u00e1rol\u00e1si lehet\u0151s\u00e9geket is k\u00edn\u00e1lnak.<\/p>\n<p>Weboldal: <a href=\"http:\/\/www.stilltransfer.net\" target=\"_blank\" rel=\"noopener\">http:\/\/www.stilltransfer.net<\/a><\/p>","protected":false},"excerpt":{"rendered":"<p>Are you planning a move? Then engaging the services of a moving company could really help ease the workload. They can assist with planning your move, transportation arrangements, packing your belongings and handling customs on international moves. Below we have compiled a list of Tennessee based removal companies that are members of the International Association [&hellip;]<\/p>\n","protected":false},"author":4,"featured_media":11256,"parent":190,"menu_order":0,"comment_status":"closed","ping_status":"closed","template":"","meta":{"_genesis_hide_title":false,"_genesis_hide_breadcrumbs":false,"_genesis_hide_singular_image":false,"_genesis_hide_footer_widgets":false,"_genesis_custom_body_class":"","_genesis_custom_post_class":"","_genesis_layout":"","footnotes":""},"class_list":{"0":"post-11666","1":"page","2":"type-page","3":"status-publish","4":"has-post-thumbnail","6":"entry"},"_links":{"self":[{"href":"https:\/\/moverdb.com\/hu\/wp-json\/wp\/v2\/pages\/11666","targetHints":{"allow":["GET"]}}],"collection":[{"href":"https:\/\/moverdb.com\/hu\/wp-json\/wp\/v2\/pages"}],"about":[{"href":"https:\/\/moverdb.com\/hu\/wp-json\/wp\/v2\/types\/page"}],"author":[{"embeddable":true,"href":"https:\/\/moverdb.com\/hu\/wp-json\/wp\/v2\/users\/4"}],"replies":[{"embeddable":true,"href":"https:\/\/moverdb.com\/hu\/wp-json\/wp\/v2\/comments?post=11666"}],"version-history":[{"count":1,"href":"https:\/\/moverdb.com\/hu\/wp-json\/wp\/v2\/pages\/11666\/revisions"}],"predecessor-version":[{"id":11667,"href":"https:\/\/moverdb.com\/hu\/wp-json\/wp\/v2\/pages\/11666\/revisions\/11667"}],"up":[{"embeddable":true,"href":"https:\/\/moverdb.com\/hu\/wp-json\/wp\/v2\/pages\/190"}],"wp:featuredmedia":[{"embeddable":true,"href":"https:\/\/moverdb.com\/hu\/wp-json\/wp\/v2\/media\/11256"}],"wp:attachment":[{"href":"https:\/\/moverdb.com\/hu\/wp-json\/wp\/v2\/media?parent=11666"}],"curies":[{"name":"wp","href":"https:\/\/api.w.org\/{rel}","templated":true}]}}