{"id":11654,"date":"2023-11-29T10:37:27","date_gmt":"2023-11-29T10:37:27","guid":{"rendered":"https:\/\/moverdb.com\/?page_id=11654"},"modified":"2026-01-08T15:24:52","modified_gmt":"2026-01-08T15:24:52","slug":"moving-companies-us-san-diego","status":"publish","type":"page","link":"https:\/\/moverdb.com\/hu\/moving-companies\/moving-companies-us-san-diego\/","title":{"rendered":"4 legjobb nemzetk\u00f6zi k\u00f6lt\u00f6ztet\u0151 c\u00e9gek San Diego v\u00e1ros\u00e1ban"},"content":{"rendered":"<p>A k\u00f6lt\u00f6z\u00e9s stresszes lehet, annyi mindent kell \u00e1tgondolni \u00e9s kezelni, \u00edgy seg\u00edts\u00e9get kaphat egy <a href=\"https:\/\/moverdb.com\/hu\/moving-companies\/\" data-internallinksmanager029f6b8e52c=\"79\" title=\"Top 25 nemzetk\u00f6zi k\u00f6lt\u00f6ztet\u0151 c\u00e9gek online\">k\u00f6lt\u00f6ztet\u0151 c\u00e9g<\/a> t\u00e9nyleg sokat sz\u00e1m\u00edthat. Megb\u00edzhat egy k\u00f6lt\u00f6ztet\u0151 c\u00e9get a k\u00f6lt\u00f6z\u00e9s megtervez\u00e9s\u00e9vel \u00e9s megszervez\u00e9s\u00e9vel, a csomagol\u00e1ssal \u00e9s kicsomagol\u00e1ssal, valamint a nemzetk\u00f6zi k\u00f6lt\u00f6z\u00e9sek v\u00e1melj\u00e1r\u00e1sainak lebonyol\u00edt\u00e1s\u00e1val. Az al\u00e1bbiakban \u00f6ssze\u00e1ll\u00edtottunk egy list\u00e1t a San Dieg\u00f3-i sz\u00e9khely\u0171 <a href=\"https:\/\/moverdb.com\/hu\/international-removals\/\" data-internallinksmanager029f6b8e52c=\"27\" title=\"36 legjobb nemzetk\u00f6zi k\u00f6lt\u00f6ztet\u0151 c\u00e9gek az Egyes\u00fclt Kir\u00e1lys\u00e1gban\">k\u00f6lt\u00f6ztet\u0151 c\u00e9gek<\/a> amelyek tagjai a <a href=\"https:\/\/moverdb.com\/hu\/iam\/\" data-internallinksmanager029f6b8e52c=\"23\" title=\"A K\u00f6lt\u00f6ztet\u0151k Nemzetk\u00f6zi Sz\u00f6vets\u00e9ge (IAM) magyar\u00e1zata\">K\u00f6lt\u00f6ztet\u0151k Nemzetk\u00f6zi Sz\u00f6vets\u00e9ge<\/a> (IAM) \u00e9s\/vagy <a href=\"https:\/\/moverdb.com\/hu\/fidi-faim\/\" data-internallinksmanager029f6b8e52c=\"16\" title=\"FIDI &amp; FAIM (FIDI akkredit\u00e1lt nemzetk\u00f6zi fuvaroz\u00f3) magyar\u00e1zata\">FIDI<\/a> Akkredit\u00e1lt nemzetk\u00f6zi k\u00f6lt\u00f6ztet\u0151 (FAIM), aki seg\u00edthet \u00d6nnek a k\u00f6lt\u00f6z\u00e9sben.<\/p>\n<div id=\"ez-toc-container\" class=\"ez-toc-v2_0_82_2 ez-toc-wrap-left counter-hierarchy ez-toc-counter ez-toc-transparent ez-toc-container-direction\">\n<div class=\"ez-toc-title-container\">\n<p class=\"ez-toc-title\" style=\"cursor:inherit\">Szakaszok<\/p>\n<span class=\"ez-toc-title-toggle\"><a href=\"#\" class=\"ez-toc-pull-right ez-toc-btn ez-toc-btn-xs ez-toc-btn-default ez-toc-toggle\" aria-label=\"Toggle Tartalomjegyz\u00e9k\"><span class=\"ez-toc-js-icon-con\"><span class=\"\"><span class=\"eztoc-hide\" style=\"display:none;\">Toggle<\/span><span class=\"ez-toc-icon-toggle-span\"><svg style=\"fill: #999;color:#999\" xmlns=\"http:\/\/www.w3.org\/2000\/svg\" class=\"list-377408\" width=\"20px\" height=\"20px\" viewbox=\"0 0 24 24\" fill=\"none\"><path d=\"M6 6H4v2h2V6zm14 0H8v2h12V6zM4 11h2v2H4v-2zm16 0H8v2h12v-2zM4 16h2v2H4v-2zm16 0H8v2h12v-2z\" fill=\"currentColor\"><\/path><\/svg><svg style=\"fill: #999;color:#999\" class=\"arrow-unsorted-368013\" xmlns=\"http:\/\/www.w3.org\/2000\/svg\" width=\"10px\" height=\"10px\" viewbox=\"0 0 24 24\" version=\"1.2\" baseprofile=\"tiny\"><path d=\"M18.2 9.3l-6.2-6.3-6.2 6.3c-.2.2-.3.4-.3.7s.1.5.3.7c.2.2.4.3.7.3h11c.3 0 .5-.1.7-.3.2-.2.3-.5.3-.7s-.1-.5-.3-.7zM5.8 14.7l6.2 6.3 6.2-6.3c.2-.2.3-.5.3-.7s-.1-.5-.3-.7c-.2-.2-.4-.3-.7-.3h-11c-.3 0-.5.1-.7.3-.2.2-.3.5-.3.7s.1.5.3.7z\"\/><\/svg><\/span><\/span><\/span><\/a><\/span><\/div>\n<nav><ul class='ez-toc-list ez-toc-list-level-1 eztoc-toggle-hide-by-default' ><li class='ez-toc-page-1 ez-toc-heading-level-2'><a class=\"ez-toc-link ez-toc-heading-1\" href=\"https:\/\/moverdb.com\/hu\/moving-companies\/moving-companies-us-san-diego\/#1_ACE_Relocation_Systems\" >1. ACE Relocation Systems<\/a><\/li><li class='ez-toc-page-1 ez-toc-heading-level-2'><a class=\"ez-toc-link ez-toc-heading-2\" href=\"https:\/\/moverdb.com\/hu\/moving-companies\/moving-companies-us-san-diego\/#2_DeWitt_Move_Worldwide\" >2. DeWitt Move Worldwide<\/a><\/li><li class='ez-toc-page-1 ez-toc-heading-level-2'><a class=\"ez-toc-link ez-toc-heading-3\" href=\"https:\/\/moverdb.com\/hu\/moving-companies\/moving-companies-us-san-diego\/#3_Johnson_Storage_Moving\" >3. Johnson Storage &amp; Moving<\/a><\/li><li class='ez-toc-page-1 ez-toc-heading-level-2'><a class=\"ez-toc-link ez-toc-heading-4\" href=\"https:\/\/moverdb.com\/hu\/moving-companies\/moving-companies-us-san-diego\/#4_Sullivan_Moving_Storage\" >4. Sullivan K\u00f6lt\u00f6ztet\u00e9s \u00e9s rakt\u00e1roz\u00e1s<\/a><\/li><\/ul><\/nav><\/div>\n<h2><span class=\"ez-toc-section\" id=\"1_ACE_Relocation_Systems\"><\/span><strong>1. ACE Relocation Systems<\/strong><span class=\"ez-toc-section-end\"><\/span><\/h2>\n<p><img loading=\"lazy\" decoding=\"async\" class=\"alignnone size-full wp-image-11240\" src=\"https:\/\/moverdb.com\/wp-content\/uploads\/ACE-Relocation-Systems-international-moving-company.png\" alt=\"ACE Relocation Systems nemzetk\u00f6zi k\u00f6lt\u00f6ztet\u0151 c\u00e9g\" width=\"1440\" height=\"680\" data-wp-pid=\"11240\" srcset=\"https:\/\/moverdb.com\/wp-content\/uploads\/ACE-Relocation-Systems-international-moving-company.png 1440w, https:\/\/moverdb.com\/wp-content\/uploads\/ACE-Relocation-Systems-international-moving-company-300x142.png 300w, https:\/\/moverdb.com\/wp-content\/uploads\/ACE-Relocation-Systems-international-moving-company-1024x484.png 1024w, https:\/\/moverdb.com\/wp-content\/uploads\/ACE-Relocation-Systems-international-moving-company-18x9.png 18w, https:\/\/moverdb.com\/wp-content\/uploads\/ACE-Relocation-Systems-international-moving-company-600x283.png 600w\" sizes=\"auto, (max-width: 1440px) 100vw, 1440px\" \/><\/p>\n<ul>\n<li>Helyi \u00e9s t\u00e1vols\u00e1gi k\u00f6lt\u00f6z\u00e9sek<\/li>\n<li>Nemzetk\u00f6zi k\u00f6lt\u00f6z\u00e9sek<\/li>\n<li>Lakoss\u00e1gi k\u00f6lt\u00f6z\u00e9sek<\/li>\n<li>\u00dczleti l\u00e9p\u00e9sek<\/li>\n<li>V\u00e1llalati \u00e1thelyez\u00e9sek<\/li>\n<li>Csomagol\u00e1si lehet\u0151s\u00e9gek v\u00e1laszt\u00e9ka<\/li>\n<li>Sz\u00e1ll\u00edt\u00e1si szab\u00e1lyok<\/li>\n<li>J\u00e1rm\u0171sz\u00e1ll\u00edt\u00e1s<\/li>\n<li>Biztos\u00edt\u00e1s<\/li>\n<li>Biztons\u00e1gos r\u00f6vid \u00e9s hossz\u00fa t\u00e1v\u00fa t\u00e1rol\u00e1s<\/li>\n<\/ul>\n<p>Az ACE Relocation Systems egy 1985-ben alap\u00edtott k\u00f6lt\u00f6ztet\u0151, rakt\u00e1roz\u00e1si \u00e9s disztrib\u00faci\u00f3s v\u00e1llalat, amelynek k\u00f6zpontja San Dieg\u00f3ban van, \u00e9s tov\u00e1bbi kilenc telephelye van az Egyes\u00fclt \u00c1llamokban. <a href=\"https:\/\/moverdb.com\/hu\/moving-to-the-united-states\/\" data-internallinksmanager029f6b8e52c=\"94\" title=\"Az Egyes\u00fclt \u00c1llamokba k\u00f6lt\u00f6zik? 2022 Meg\u00e9lhet\u00e9si k\u00f6lts\u00e9gek \u00e9s k\u00f6lt\u00f6z\u00e9si tippek\">US<\/a>. \u0150k az Atlas Van Lines \u00fcgyn\u00f6kei, ami hozz\u00e1f\u00e9r\u00e9st biztos\u00edt sz\u00e1mukra egy glob\u00e1lis \u00fcgyn\u00f6kh\u00e1l\u00f3zathoz. Tagjai az IAM-nek, 55 \u00e9ves tapasztalattal rendelkeznek.<\/p>\n<p>Az ACE Relocation Systems szem\u00e9lyre szabott k\u00f6lt\u00f6ztet\u00e9si szolg\u00e1ltat\u00e1sokat k\u00edn\u00e1l, amelyek magukban foglalj\u00e1k az \u00e1tfog\u00f3 csomagol\u00e1si \u00e9s kicsomagol\u00e1si szolg\u00e1ltat\u00e1sokat, a r\u00e9szleges csomagol\u00e1si \u00e9s a csak sz\u00e1ll\u00edt\u00e1sra vonatkoz\u00f3 lehet\u0151s\u00e9geket. L\u00e9gi vagy kont\u00e9neres sz\u00e1ll\u00edt\u00e1st szerveznek, biztos\u00edtva az \u00d6n holmij\u00e1t a sz\u00e1ll\u00edt\u00e1s sor\u00e1n. K\u00fcl\u00f6nf\u00e9le j\u00e1rm\u0171vek, k\u00f6zt\u00fck aut\u00f3k \u00e9s haj\u00f3k sz\u00e1ll\u00edt\u00e1s\u00e1t is el tudj\u00e1k int\u00e9zni.<\/p>\n<p>Weboldal: <a href=\"https:\/\/www.acerelocation.com\/\" target=\"_blank\" rel=\"noopener\">https:\/\/www.acerelocation.com\/<\/a><\/p>\n<h2><span class=\"ez-toc-section\" id=\"2_DeWitt_Move_Worldwide\"><\/span><strong>2. DeWitt Move Worldwide<\/strong><span class=\"ez-toc-section-end\"><\/span><\/h2>\n<p><img loading=\"lazy\" decoding=\"async\" class=\"alignnone size-full wp-image-11306\" src=\"https:\/\/moverdb.com\/wp-content\/uploads\/DeWitt-Move-Worldwide-international-moving-company.png\" alt=\"DeWitt Move Worldwide nemzetk\u00f6zi k\u00f6lt\u00f6ztet\u0151 c\u00e9g\" width=\"1440\" height=\"676\" data-wp-pid=\"11306\" srcset=\"https:\/\/moverdb.com\/wp-content\/uploads\/DeWitt-Move-Worldwide-international-moving-company.png 1440w, https:\/\/moverdb.com\/wp-content\/uploads\/DeWitt-Move-Worldwide-international-moving-company-300x141.png 300w, https:\/\/moverdb.com\/wp-content\/uploads\/DeWitt-Move-Worldwide-international-moving-company-1024x481.png 1024w, https:\/\/moverdb.com\/wp-content\/uploads\/DeWitt-Move-Worldwide-international-moving-company-18x8.png 18w, https:\/\/moverdb.com\/wp-content\/uploads\/DeWitt-Move-Worldwide-international-moving-company-600x282.png 600w\" sizes=\"auto, (max-width: 1440px) 100vw, 1440px\" \/><\/p>\n<ul>\n<li>Nemzeti l\u00e9p\u00e9sek<\/li>\n<li>Nemzetk\u00f6zi k\u00f6lt\u00f6z\u00e9sek<\/li>\n<li>Lakoss\u00e1gi k\u00f6lt\u00f6z\u00e9sek<\/li>\n<li>V\u00e1llalati \u00e1thelyez\u00e9sek<\/li>\n<li>Szem\u00e9lyre szabott k\u00f6lt\u00f6z\u00e9si terv<\/li>\n<li>Csomagol\u00e1si szolg\u00e1ltat\u00e1s<\/li>\n<li>V\u00e1mkezel\u00e9s<\/li>\n<li>M\u0171v\u00e9szi munka kezel\u00e9se<\/li>\n<li>J\u00e1rm\u0171sz\u00e1ll\u00edt\u00e1s<\/li>\n<li>Rakt\u00e1roz\u00e1si lehet\u0151s\u00e9gek<\/li>\n<\/ul>\n<p>A DeWitt Move Worldwide egy 1927-ben alakult k\u00f6lt\u00f6ztet\u00e9si szolg\u00e1ltat\u00f3 v\u00e1llalat, amely a The DeWitt Companies r\u00e9sze \u00e9s sz\u00e9khelye San Dieg\u00f3ban tal\u00e1lhat\u00f3. Saj\u00e1t testv\u00e9rv\u00e1llalataikon kereszt\u00fcl t\u00f6bb mint 100 orsz\u00e1gban tev\u00e9kenykednek, \u00e9s ellen\u0151rz\u00f6tt nemzetk\u00f6zi partnerek h\u00e1l\u00f3zat\u00e1val rendelkeznek. Az IAM tagjak\u00e9nt 96 \u00e9ves tapasztalattal rendelkeznek.<\/p>\n<p>A DeWitt Move Worldwide szem\u00e9lyes vagy virtu\u00e1lis k\u00f6lt\u00f6z\u00e9s el\u0151tti felm\u00e9r\u00e9st k\u00edn\u00e1l az \u00d6n k\u00f6lt\u00f6z\u00e9si ig\u00e9nyeinek felm\u00e9r\u00e9s\u00e9re, \u00e9s egy DeWitt Move Worldwide szak\u00e9rt\u0151t biztos\u00edt a k\u00f6lt\u00f6z\u00e9s lebonyol\u00edt\u00e1s\u00e1ra. \u0150k \u00d6nnel egy\u00fctt meghat\u00e1rozz\u00e1k a legjobb k\u00f6lt\u00f6z\u00e9si lehet\u0151s\u00e9geket, \u00e9s az \u00d6n k\u00f6lts\u00e9gvet\u00e9s\u00e9hez igaz\u00edtott, szem\u00e9lyre szabott k\u00f6lt\u00f6z\u00e9si tervet k\u00e9sz\u00edtenek.<\/p>\n<p>Weboldal: <a href=\"https:\/\/www.dewittmove.com\" target=\"_blank\" rel=\"noopener\">https:\/\/www.dewittmove.com<\/a><\/p>\n<h2><span class=\"ez-toc-section\" id=\"3_Johnson_Storage_Moving\"><\/span><strong>3. Johnson Storage &amp; Moving<\/strong><span class=\"ez-toc-section-end\"><\/span><\/h2>\n<p><img loading=\"lazy\" decoding=\"async\" class=\"alignnone size-full wp-image-11356\" src=\"https:\/\/moverdb.com\/wp-content\/uploads\/Johnson-Storage-Moving-international-moving-company.png\" alt=\"Johnson Storage &amp; Moving nemzetk\u00f6zi k\u00f6lt\u00f6ztet\u0151 c\u00e9g\" width=\"1440\" height=\"677\" data-wp-pid=\"11356\" srcset=\"https:\/\/moverdb.com\/wp-content\/uploads\/Johnson-Storage-Moving-international-moving-company.png 1440w, https:\/\/moverdb.com\/wp-content\/uploads\/Johnson-Storage-Moving-international-moving-company-300x141.png 300w, https:\/\/moverdb.com\/wp-content\/uploads\/Johnson-Storage-Moving-international-moving-company-1024x481.png 1024w, https:\/\/moverdb.com\/wp-content\/uploads\/Johnson-Storage-Moving-international-moving-company-18x8.png 18w, https:\/\/moverdb.com\/wp-content\/uploads\/Johnson-Storage-Moving-international-moving-company-600x282.png 600w\" sizes=\"auto, (max-width: 1440px) 100vw, 1440px\" \/><\/p>\n<ul>\n<li>Helyi \u00e9s \u00e1llamk\u00f6zi k\u00f6lt\u00f6z\u00e9sek<\/li>\n<li>Nemzetk\u00f6zi k\u00f6lt\u00f6z\u00e9sek<\/li>\n<li>Lakoss\u00e1gi k\u00f6lt\u00f6z\u00e9sek<\/li>\n<li>Kereskedelmi k\u00f6lt\u00f6z\u00e9sek<\/li>\n<li>V\u00e1llalati \u00e1thelyez\u00e9s<\/li>\n<li>Szem\u00e9lyes k\u00f6lt\u00f6z\u00e9si tan\u00e1csad\u00f3<\/li>\n<li>Csomagol\u00e1si szolg\u00e1ltat\u00e1s<\/li>\n<li>Sz\u00e1ll\u00edt\u00e1si meg\u00e1llapod\u00e1sok<\/li>\n<li>V\u00e1mkezel\u00e9s<\/li>\n<li>T\u00e1rol\u00e1si megold\u00e1sok<\/li>\n<\/ul>\n<p>A Johnson Storage &amp; Moving egy 1900 \u00f3ta m\u0171k\u00f6d\u0151 k\u00f6lt\u00f6ztet\u0151 c\u00e9g, amely 12 irod\u00e1val rendelkezik az Egyes\u00fclt \u00c1llamokban, k\u00f6zt\u00fck San Dieg\u00f3ban is. Glob\u00e1lis partnerh\u00e1l\u00f3zattal rendelkeznek, amely lehet\u0151v\u00e9 teszi sz\u00e1mukra, hogy a vil\u00e1g t\u00f6bb mint 200 orsz\u00e1g\u00e1ba sz\u00e1ll\u00edtsanak t\u00e1rgyakat. A FIDI \u00e1ltal akkredit\u00e1ltak.<\/p>\n<p>A Johnson Storage &amp; Moving ingyenes h\u00e1zon bel\u00fcli vagy virtu\u00e1lis \u00e1raj\u00e1nlatot k\u00edn\u00e1l, amely felm\u00e9ri az \u00d6n k\u00f6lt\u00f6z\u00e9si volumen\u00e9t. Szem\u00e9lyes k\u00f6lt\u00f6z\u00e9si tan\u00e1csad\u00f3t biztos\u00edtanak, aki seg\u00edt \u00d6nnek a k\u00f6lt\u00f6z\u00e9s minden l\u00e9p\u00e9s\u00e9ben, \u00e9s szem\u00e9lyre szabott k\u00f6lt\u00f6z\u00e9si tervet k\u00e9sz\u00edt. Teljes k\u00f6r\u0171 csomagol\u00e1si szolg\u00e1ltat\u00e1st ny\u00fajtanak, hogy biztos\u00edts\u00e1k rakom\u00e1nya biztons\u00e1g\u00e1t \u00e9s v\u00e9delm\u00e9t, \u00e9s gondoskodnak a v\u00e1mkezel\u00e9sr\u0151l.<\/p>\n<p>Weboldal: <a href=\"https:\/\/www.johnsonstorage.com\" target=\"_blank\" rel=\"noopener\">https:\/\/www.johnsonstorage.com<\/a><\/p>\n<h2><span class=\"ez-toc-section\" id=\"4_Sullivan_Moving_Storage\"><\/span><strong>4. Sullivan K\u00f6lt\u00f6ztet\u00e9s \u00e9s rakt\u00e1roz\u00e1s<\/strong><span class=\"ez-toc-section-end\"><\/span><\/h2>\n<p><img loading=\"lazy\" decoding=\"async\" class=\"alignnone size-full wp-image-11451\" src=\"https:\/\/moverdb.com\/wp-content\/uploads\/Sullivan-Moving-Storage-international-moving-company.png\" alt=\"Sullivan Moving &amp; Storage nemzetk\u00f6zi k\u00f6lt\u00f6ztet\u0151 c\u00e9g\" width=\"1440\" height=\"683\" data-wp-pid=\"11451\" srcset=\"https:\/\/moverdb.com\/wp-content\/uploads\/Sullivan-Moving-Storage-international-moving-company.png 1440w, https:\/\/moverdb.com\/wp-content\/uploads\/Sullivan-Moving-Storage-international-moving-company-300x142.png 300w, https:\/\/moverdb.com\/wp-content\/uploads\/Sullivan-Moving-Storage-international-moving-company-1024x486.png 1024w, https:\/\/moverdb.com\/wp-content\/uploads\/Sullivan-Moving-Storage-international-moving-company-18x9.png 18w, https:\/\/moverdb.com\/wp-content\/uploads\/Sullivan-Moving-Storage-international-moving-company-600x285.png 600w\" sizes=\"auto, (max-width: 1440px) 100vw, 1440px\" \/><\/p>\n<ul>\n<li>Helyi \u00e9s t\u00e1vols\u00e1gi k\u00f6lt\u00f6z\u00e9sek<\/li>\n<li>Nemzetk\u00f6zi k\u00f6lt\u00f6z\u00e9sek<\/li>\n<li>H\u00e1ztart\u00e1si k\u00f6lt\u00f6z\u00e9sek<\/li>\n<li>Alkalmazottak \u00e1thelyez\u00e9se<\/li>\n<li>Irodai k\u00f6lt\u00f6z\u00e9sek<\/li>\n<li>Dedik\u00e1lt k\u00f6lt\u00f6z\u00e9si koordin\u00e1tor<\/li>\n<li>Csomagol\u00e1si szolg\u00e1ltat\u00e1s<\/li>\n<li>A sz\u00e1ll\u00edt\u00e1s megszervez\u00e9se<\/li>\n<li>V\u00e1mkezel\u00e9s<\/li>\n<li>R\u00f6vid \u00e9s hossz\u00fa t\u00e1v\u00fa t\u00e1rol\u00e1s<\/li>\n<\/ul>\n<p>A Sullivan Moving &amp; Storage egy 1912-ben San Dieg\u00f3ban alap\u00edtott k\u00f6lt\u00f6ztet\u0151 c\u00e9g, amely a United Van Lines egyik alap\u00edt\u00f3 \u00fcgyn\u00f6ke. A k\u00f6lt\u00f6ztet\u0151 c\u00e9gek glob\u00e1lis h\u00e1l\u00f3zat\u00e1val rendelkeznek, amely lehet\u0151v\u00e9 teszi sz\u00e1mukra, hogy az \u00fcgyfeleket a vil\u00e1g b\u00e1rmely pontj\u00e1ra k\u00f6lt\u00f6ztess\u00e9k. Az IAM tagja, 12 \u00e9ves tapasztalattal rendelkeznek, \u00e9s a FIDI \u00e1ltal akkredit\u00e1ltak.<\/p>\n<p>A Sullivan Moving &amp; Storage az \u00d6n k\u00f6lt\u00f6z\u00e9si mennyis\u00e9g\u00e9nek felm\u00e9r\u00e9se \u00e9s \u00e1raj\u00e1nlatk\u00e9sz\u00edt\u00e9s c\u00e9lj\u00e1b\u00f3l \u00f6nkiszolg\u00e1l\u00f3 \u00e1tj\u00e1r\u00e1st, virtu\u00e1lis vide\u00f3s \u00e1tj\u00e1r\u00e1st vagy h\u00e1zon bel\u00fcli \u00e1tj\u00e1r\u00e1st k\u00edn\u00e1l. Megtervezik a k\u00f6lt\u00f6z\u00e9s\u00e9t, \u00e9s egy dedik\u00e1lt k\u00f6lt\u00f6z\u00e9si koordin\u00e1tort biztos\u00edtanak, aki a folyamat minden l\u00e9p\u00e9s\u00e9ben seg\u00edt \u00d6nnek. Csomagol\u00e1si szolg\u00e1ltat\u00e1sokat, sz\u00e1ll\u00edt\u00e1st \u00e9s v\u00e1mkezel\u00e9st k\u00edn\u00e1lnak.<\/p>\n<p>Weboldal: <a href=\"http:\/\/www.sullivanunited.com\" target=\"_blank\" rel=\"noopener\">http:\/\/www.sullivanunited.com<\/a><\/p>","protected":false},"excerpt":{"rendered":"<p>Moving can get stressful with so many things to think about and manage, so getting some help from a moving company can really make a difference. You can engage a moving company to plan and organise your move, pack and unpack, and manage customs procedures for international moves. Below we have compiled a list of [&hellip;]<\/p>\n","protected":false},"author":4,"featured_media":11240,"parent":190,"menu_order":0,"comment_status":"closed","ping_status":"closed","template":"","meta":{"_genesis_hide_title":false,"_genesis_hide_breadcrumbs":false,"_genesis_hide_singular_image":false,"_genesis_hide_footer_widgets":false,"_genesis_custom_body_class":"","_genesis_custom_post_class":"","_genesis_layout":"","footnotes":""},"class_list":{"0":"post-11654","1":"page","2":"type-page","3":"status-publish","4":"has-post-thumbnail","6":"entry"},"_links":{"self":[{"href":"https:\/\/moverdb.com\/hu\/wp-json\/wp\/v2\/pages\/11654","targetHints":{"allow":["GET"]}}],"collection":[{"href":"https:\/\/moverdb.com\/hu\/wp-json\/wp\/v2\/pages"}],"about":[{"href":"https:\/\/moverdb.com\/hu\/wp-json\/wp\/v2\/types\/page"}],"author":[{"embeddable":true,"href":"https:\/\/moverdb.com\/hu\/wp-json\/wp\/v2\/users\/4"}],"replies":[{"embeddable":true,"href":"https:\/\/moverdb.com\/hu\/wp-json\/wp\/v2\/comments?post=11654"}],"version-history":[{"count":1,"href":"https:\/\/moverdb.com\/hu\/wp-json\/wp\/v2\/pages\/11654\/revisions"}],"predecessor-version":[{"id":11655,"href":"https:\/\/moverdb.com\/hu\/wp-json\/wp\/v2\/pages\/11654\/revisions\/11655"}],"up":[{"embeddable":true,"href":"https:\/\/moverdb.com\/hu\/wp-json\/wp\/v2\/pages\/190"}],"wp:featuredmedia":[{"embeddable":true,"href":"https:\/\/moverdb.com\/hu\/wp-json\/wp\/v2\/media\/11240"}],"wp:attachment":[{"href":"https:\/\/moverdb.com\/hu\/wp-json\/wp\/v2\/media?parent=11654"}],"curies":[{"name":"wp","href":"https:\/\/api.w.org\/{rel}","templated":true}]}}