{"id":11651,"date":"2023-11-29T10:38:44","date_gmt":"2023-11-29T10:38:44","guid":{"rendered":"https:\/\/moverdb.com\/?page_id=11651"},"modified":"2026-01-08T15:24:50","modified_gmt":"2026-01-08T15:24:50","slug":"moving-companies-us-pennsylvania","status":"publish","type":"page","link":"https:\/\/moverdb.com\/hu\/moving-companies\/moving-companies-us-pennsylvania\/","title":{"rendered":"A 4 legjobb nemzetk\u00f6zi k\u00f6lt\u00f6ztet\u0151 c\u00e9gek Pennsylvani\u00e1ban"},"content":{"rendered":"<p>K\u00f6lt\u00f6z\u00e9skor sok mindent kell tennie, p\u00e9ld\u00e1ul szervezni, csomagolni, megszervezni a sz\u00e1ll\u00edt\u00e1st \u00e9s a v\u00e1mkezel\u00e9seket, ha k\u00fclf\u00f6ldre k\u00f6lt\u00f6zik, de ezt nem kell egyed\u00fcl megtennie. A <a href=\"https:\/\/moverdb.com\/hu\/moving-companies\/\" data-internallinksmanager029f6b8e52c=\"79\" title=\"Top 25 nemzetk\u00f6zi k\u00f6lt\u00f6ztet\u0151 c\u00e9gek online\">k\u00f6lt\u00f6ztet\u0151 c\u00e9g<\/a> seg\u00edthet az \u00f6sszes vagy n\u00e9h\u00e1ny ilyen feladat elv\u00e9gz\u00e9s\u00e9ben, hogy megk\u00f6nny\u00edtse a k\u00f6lt\u00f6z\u00e9st. Az al\u00e1bbiakban \u00f6ssze\u00e1ll\u00edtottunk egy list\u00e1t <a href=\"https:\/\/moverdb.com\/hu\/moving-to-the-united-states\/moving-to-pennsylvania\/\" data-internallinksmanager029f6b8e52c=\"404\" title=\"Pennsylvani\u00e1ba k\u00f6lt\u00f6zik? 2023 Lakhat\u00e1si k\u00f6lts\u00e9gek \u00e9s k\u00f6lt\u00f6z\u00e9si tippek\">Pennsylvania<\/a> alap\u00fa <a href=\"https:\/\/moverdb.com\/hu\/international-removals\/\" data-internallinksmanager029f6b8e52c=\"27\" title=\"36 legjobb nemzetk\u00f6zi k\u00f6lt\u00f6ztet\u0151 c\u00e9gek az Egyes\u00fclt Kir\u00e1lys\u00e1gban\">k\u00f6lt\u00f6ztet\u0151 c\u00e9gek<\/a> amelyek tagjai a <a href=\"https:\/\/moverdb.com\/hu\/iam\/\" data-internallinksmanager029f6b8e52c=\"23\" title=\"A K\u00f6lt\u00f6ztet\u0151k Nemzetk\u00f6zi Sz\u00f6vets\u00e9ge (IAM) magyar\u00e1zata\">K\u00f6lt\u00f6ztet\u0151k Nemzetk\u00f6zi Sz\u00f6vets\u00e9ge<\/a> (IAM) \u00e9s\/vagy <a href=\"https:\/\/moverdb.com\/hu\/fidi-faim\/\" data-internallinksmanager029f6b8e52c=\"16\" title=\"FIDI &amp; FAIM (FIDI akkredit\u00e1lt nemzetk\u00f6zi fuvaroz\u00f3) magyar\u00e1zata\">FIDI<\/a> Akkredit\u00e1lt nemzetk\u00f6zi k\u00f6lt\u00f6ztet\u0151 (FAIM), aki seg\u00edthet \u00d6nnek a k\u00f6lt\u00f6z\u00e9sben.<\/p>\n<div id=\"ez-toc-container\" class=\"ez-toc-v2_0_82_2 ez-toc-wrap-left counter-hierarchy ez-toc-counter ez-toc-transparent ez-toc-container-direction\">\n<div class=\"ez-toc-title-container\">\n<p class=\"ez-toc-title\" style=\"cursor:inherit\">Szakaszok<\/p>\n<span class=\"ez-toc-title-toggle\"><a href=\"#\" class=\"ez-toc-pull-right ez-toc-btn ez-toc-btn-xs ez-toc-btn-default ez-toc-toggle\" aria-label=\"Toggle Tartalomjegyz\u00e9k\"><span class=\"ez-toc-js-icon-con\"><span class=\"\"><span class=\"eztoc-hide\" style=\"display:none;\">Toggle<\/span><span class=\"ez-toc-icon-toggle-span\"><svg style=\"fill: #999;color:#999\" xmlns=\"http:\/\/www.w3.org\/2000\/svg\" class=\"list-377408\" width=\"20px\" height=\"20px\" viewbox=\"0 0 24 24\" fill=\"none\"><path d=\"M6 6H4v2h2V6zm14 0H8v2h12V6zM4 11h2v2H4v-2zm16 0H8v2h12v-2zM4 16h2v2H4v-2zm16 0H8v2h12v-2z\" fill=\"currentColor\"><\/path><\/svg><svg style=\"fill: #999;color:#999\" class=\"arrow-unsorted-368013\" xmlns=\"http:\/\/www.w3.org\/2000\/svg\" width=\"10px\" height=\"10px\" viewbox=\"0 0 24 24\" version=\"1.2\" baseprofile=\"tiny\"><path d=\"M18.2 9.3l-6.2-6.3-6.2 6.3c-.2.2-.3.4-.3.7s.1.5.3.7c.2.2.4.3.7.3h11c.3 0 .5-.1.7-.3.2-.2.3-.5.3-.7s-.1-.5-.3-.7zM5.8 14.7l6.2 6.3 6.2-6.3c.2-.2.3-.5.3-.7s-.1-.5-.3-.7c-.2-.2-.4-.3-.7-.3h-11c-.3 0-.5.1-.7.3-.2.2-.3.5-.3.7s.1.5.3.7z\"\/><\/svg><\/span><\/span><\/span><\/a><\/span><\/div>\n<nav><ul class='ez-toc-list ez-toc-list-level-1 eztoc-toggle-hide-by-default' ><li class='ez-toc-page-1 ez-toc-heading-level-2'><a class=\"ez-toc-link ez-toc-heading-1\" href=\"https:\/\/moverdb.com\/hu\/moving-companies\/moving-companies-us-pennsylvania\/#1_Aires\" >1. Aires<\/a><\/li><li class='ez-toc-page-1 ez-toc-heading-level-2'><a class=\"ez-toc-link ez-toc-heading-2\" href=\"https:\/\/moverdb.com\/hu\/moving-companies\/moving-companies-us-pennsylvania\/#2_Champion_International_Moving\" >2. Champion International Moving<\/a><\/li><li class='ez-toc-page-1 ez-toc-heading-level-2'><a class=\"ez-toc-link ez-toc-heading-3\" href=\"https:\/\/moverdb.com\/hu\/moving-companies\/moving-companies-us-pennsylvania\/#3_Movers_Specialty_Service\" >3. K\u00f6lt\u00f6ztet\u0151k Speci\u00e1lis szolg\u00e1ltat\u00e1s<\/a><\/li><li class='ez-toc-page-1 ez-toc-heading-level-2'><a class=\"ez-toc-link ez-toc-heading-4\" href=\"https:\/\/moverdb.com\/hu\/moving-companies\/moving-companies-us-pennsylvania\/#4_Reads_Moving_Systems\" >4. Olvassa Moving Systems<\/a><\/li><\/ul><\/nav><\/div>\n<h2><span class=\"ez-toc-section\" id=\"1_Aires\"><\/span><strong>1. Aires<\/strong><span class=\"ez-toc-section-end\"><\/span><\/h2>\n<p><img loading=\"lazy\" decoding=\"async\" class=\"alignnone size-full wp-image-11247\" src=\"https:\/\/moverdb.com\/wp-content\/uploads\/Aires-international-moving-company.png\" alt=\"Aires nemzetk\u00f6zi k\u00f6lt\u00f6ztet\u0151 c\u00e9g\" width=\"1440\" height=\"678\" data-wp-pid=\"11247\" srcset=\"https:\/\/moverdb.com\/wp-content\/uploads\/Aires-international-moving-company.png 1440w, https:\/\/moverdb.com\/wp-content\/uploads\/Aires-international-moving-company-300x141.png 300w, https:\/\/moverdb.com\/wp-content\/uploads\/Aires-international-moving-company-1024x482.png 1024w, https:\/\/moverdb.com\/wp-content\/uploads\/Aires-international-moving-company-18x8.png 18w, https:\/\/moverdb.com\/wp-content\/uploads\/Aires-international-moving-company-600x283.png 600w\" sizes=\"auto, (max-width: 1440px) 100vw, 1440px\" \/><\/p>\n<ul>\n<li>Nemzeti \u00e1thelyez\u00e9sek<\/li>\n<li>Nemzetk\u00f6zi \u00e1thelyez\u00e9sek<\/li>\n<li>H\u00e1ztart\u00e1s \u00e1thelyez\u00e9se<\/li>\n<li>Alkalmazottak \u00e1thelyez\u00e9se<\/li>\n<li>Indul\u00e1si szolg\u00e1ltat\u00e1sok<\/li>\n<li>C\u00e9l\u00e1llom\u00e1s \u00e9s leteleped\u00e9si szolg\u00e1ltat\u00e1sok<\/li>\n<li>Bev\u00e1ndorl\u00e1si szolg\u00e1ltat\u00e1sok<\/li>\n<li>Ingatlanszolg\u00e1ltat\u00e1sok<\/li>\n<li>Iskolai keres\u00e9s<\/li>\n<li>Kultur\u00e1lis \u00e9s nyelvi k\u00e9pz\u00e9s<\/li>\n<\/ul>\n<p>Az Aires egy 1981-ben alap\u00edtott k\u00f6lt\u00f6ztet\u00e9si \u00e9s sz\u00e1ll\u00edtm\u00e1nyoz\u00e1si v\u00e1llalat, amelynek sz\u00e9khelye Pittsburghben van, \u00e9s tov\u00e1bbi \u00f6t m\u00e1sik <a href=\"https:\/\/moverdb.com\/hu\/moving-to-the-united-states\/\" data-internallinksmanager029f6b8e52c=\"94\" title=\"Az Egyes\u00fclt \u00c1llamokba k\u00f6lt\u00f6zik? 2022 Meg\u00e9lhet\u00e9si k\u00f6lts\u00e9gek \u00e9s k\u00f6lt\u00f6z\u00e9si tippek\">US<\/a> irod\u00e1k \u00e9s nemzetk\u00f6zi irod\u00e1k <a href=\"https:\/\/moverdb.com\/hu\/moving-to-hong-kong\/\" data-internallinksmanager029f6b8e52c=\"350\" title=\"Hongkongba k\u00f6lt\u00f6zik? 2023 Meg\u00e9lhet\u00e9si k\u00f6lts\u00e9gek \u00e9s k\u00f6lt\u00f6z\u00e9si tippek\">Hong Kong<\/a>, London, <a href=\"https:\/\/moverdb.com\/hu\/moving-to-singapore\/\" data-internallinksmanager029f6b8e52c=\"68\" title=\"Szingap\u00farba k\u00f6lt\u00f6zik? 2022 \u00c9letk\u00f6lts\u00e9gek \u00e9s k\u00f6lt\u00f6z\u00e9si tippek\">Szingap\u00far<\/a>, Sanghaj \u00e9s Mumbai. Megb\u00edzhat\u00f3 szolg\u00e1ltat\u00f3k kiterjedt h\u00e1l\u00f3zata t\u00e1mogatja \u0151ket. Az IAM tagja 42 \u00e9ves tapasztalattal rendelkeznek, \u00e9s a FIDI \u00e1ltal akkredit\u00e1ltak.<\/p>\n<p>Az Aires a v\u00e1llalatoknak a munkav\u00e1llal\u00f3ik \u00e1thelyez\u00e9s\u00e9vel kapcsolatos t\u00e1mogat\u00e1s\u00e1ra szakosodott, \u00e9s szolg\u00e1ltat\u00e1sok sz\u00e9les sk\u00e1l\u00e1j\u00e1t ny\u00fajtja, hogy seg\u00edtse a munkav\u00e1llal\u00f3kat a k\u00f6lt\u00f6z\u00e9sben \u00e9s az \u00faj otthonukban val\u00f3 elhelyezked\u00e9sben. Szolg\u00e1ltat\u00e1saik k\u00f6z\u00e9 tartoznak az indul\u00e1si szolg\u00e1ltat\u00e1sok, mint p\u00e9ld\u00e1ul a k\u00f6lt\u00f6z\u00e9s \u00e9s a bev\u00e1ndorl\u00e1s, valamint a c\u00e9l\u00e1llom\u00e1s szolg\u00e1ltat\u00e1sai, mint p\u00e9ld\u00e1ul a lakhat\u00e1s \u00e9s az iskolakeres\u00e9s.<\/p>\n<p>Weboldal: <a href=\"https:\/\/www.aires.com\/\" target=\"_blank\" rel=\"noopener\">https:\/\/www.aires.com\/<\/a><\/p>\n<h2><span class=\"ez-toc-section\" id=\"2_Champion_International_Moving\"><\/span><strong>2. Champion International Moving<\/strong><span class=\"ez-toc-section-end\"><\/span><\/h2>\n<p><img loading=\"lazy\" decoding=\"async\" class=\"alignnone size-full wp-image-11285\" src=\"https:\/\/moverdb.com\/wp-content\/uploads\/Champion-International-Moving-company.png\" alt=\"Champion Nemzetk\u00f6zi K\u00f6lt\u00f6ztet\u0151 c\u00e9g\" width=\"1440\" height=\"676\" data-wp-pid=\"11285\" srcset=\"https:\/\/moverdb.com\/wp-content\/uploads\/Champion-International-Moving-company.png 1440w, https:\/\/moverdb.com\/wp-content\/uploads\/Champion-International-Moving-company-300x141.png 300w, https:\/\/moverdb.com\/wp-content\/uploads\/Champion-International-Moving-company-1024x481.png 1024w, https:\/\/moverdb.com\/wp-content\/uploads\/Champion-International-Moving-company-18x8.png 18w, https:\/\/moverdb.com\/wp-content\/uploads\/Champion-International-Moving-company-600x282.png 600w\" sizes=\"auto, (max-width: 1440px) 100vw, 1440px\" \/><\/p>\n<ul>\n<li>Nemzeti l\u00e9p\u00e9sek<\/li>\n<li>Nemzetk\u00f6zi k\u00f6lt\u00f6z\u00e9sek<\/li>\n<li>Lakoss\u00e1gi k\u00f6lt\u00f6z\u00e9sek<\/li>\n<li>\u00dczleti l\u00e9p\u00e9sek<\/li>\n<li>Dedik\u00e1lt k\u00f6lt\u00f6z\u00e9si szak\u00e9rt\u0151<\/li>\n<li>Csomagol\u00e1si szolg\u00e1ltat\u00e1s<\/li>\n<li>H\u00e1zi\u00e1llat mozog<\/li>\n<li>J\u00e1rm\u0171sz\u00e1ll\u00edt\u00e1s<\/li>\n<li>Biztos\u00edt\u00e1s<\/li>\n<li>T\u00e1rol\u00e1si szolg\u00e1ltat\u00e1sok<\/li>\n<\/ul>\n<p>A Champion International Moving egy 1991-ben alap\u00edtott k\u00f6lt\u00f6ztet\u00e9sszervez\u0151 c\u00e9g, amelynek sz\u00e9khelye Pittsburghben tal\u00e1lhat\u00f3. A c\u00e9g a <a href=\"https:\/\/moverdb.com\/hu\/harmony-relocation-network\/\" data-internallinksmanager029f6b8e52c=\"20\" title=\"A Harmony Relocation Network (HRN) magyar\u00e1zata\">Harmony Relocation Network<\/a> ami azt jelenti, hogy t\u00e1rsadalmilag felel\u0151s m\u00f3don m\u0171k\u00f6dnek, \u00e9s olyan k\u00f6lt\u00f6ztet\u0151 c\u00e9gek h\u00e1l\u00f3zat\u00e1val dolgoznak egy\u00fctt, amelyek ugyan\u00edgy m\u0171k\u00f6dnek. Az IAM tagja, 32 \u00e9ves tapasztalattal rendelkeznek, \u00e9s a FIDI \u00e1ltal akkredit\u00e1ltak.<\/p>\n<p>A Champion International Moving orsz\u00e1gos \u00e9s nemzetk\u00f6zi k\u00f6lt\u00f6ztet\u00e9st k\u00edn\u00e1l lakoss\u00e1gi \u00e9s \u00fczleti \u00fcgyfelek sz\u00e1m\u00e1ra, egyetlen kapcsolattart\u00f3val, aki egy elk\u00f6telezett k\u00f6lt\u00f6z\u00e9si szakember. Csomagol\u00e1si szolg\u00e1ltat\u00e1st ny\u00fajtanak a holmij\u00e1nak v\u00e9delme \u00e9rdek\u00e9ben, \u00e9s megszervezik a sz\u00e1ll\u00edt\u00e1st, majd \u00e9rkez\u00e9skor kirakodnak.<\/p>\n<p>Weboldal: <a href=\"http:\/\/www.champmove.com\" target=\"_blank\" rel=\"noopener\">http:\/\/www.champmove.com<\/a><\/p>\n<h2><span class=\"ez-toc-section\" id=\"3_Movers_Specialty_Service\"><\/span><strong>3. K\u00f6lt\u00f6ztet\u0151k Speci\u00e1lis szolg\u00e1ltat\u00e1s<\/strong><span class=\"ez-toc-section-end\"><\/span><\/h2>\n<p><img loading=\"lazy\" decoding=\"async\" class=\"alignnone size-full wp-image-11384\" src=\"https:\/\/moverdb.com\/wp-content\/uploads\/Movers-Specialty-Service-international-moving-company.png\" alt=\"Movers Specialty Service nemzetk\u00f6zi k\u00f6lt\u00f6ztet\u0151 c\u00e9g\" width=\"1440\" height=\"677\" data-wp-pid=\"11384\" srcset=\"https:\/\/moverdb.com\/wp-content\/uploads\/Movers-Specialty-Service-international-moving-company.png 1440w, https:\/\/moverdb.com\/wp-content\/uploads\/Movers-Specialty-Service-international-moving-company-300x141.png 300w, https:\/\/moverdb.com\/wp-content\/uploads\/Movers-Specialty-Service-international-moving-company-1024x481.png 1024w, https:\/\/moverdb.com\/wp-content\/uploads\/Movers-Specialty-Service-international-moving-company-18x8.png 18w, https:\/\/moverdb.com\/wp-content\/uploads\/Movers-Specialty-Service-international-moving-company-600x282.png 600w\" sizes=\"auto, (max-width: 1440px) 100vw, 1440px\" \/><\/p>\n<ul>\n<li>Nemzeti szolg\u00e1ltat\u00e1sok<\/li>\n<li>H\u00e1ztart\u00e1si k\u00f6lt\u00f6ztet\u00e9si szolg\u00e1ltat\u00e1sok<\/li>\n<li>Kereskedelmi k\u00f6lt\u00f6ztet\u0151 szolg\u00e1ltat\u00e1sok<\/li>\n<li>Helysz\u00edni k\u00f6lt\u00f6z\u00e9si menedzsment<\/li>\n<li>Burkol\u00e1si szolg\u00e1ltat\u00e1sok<\/li>\n<li>K\u00e9pz\u0151m\u0171v\u00e9szeti kezel\u00e9s<\/li>\n<li>B\u00fatorok sz\u00e9tszerel\u00e9se \u00e9s \u00f6sszeszerel\u00e9se<\/li>\n<li>Elt\u00e1vol\u00edt\u00e1si \u00e9s telep\u00edt\u00e9si szolg\u00e1ltat\u00e1sok<\/li>\n<li>Speci\u00e1lis t\u00e1rgyak mozgat\u00e1s\u00e1val kapcsolatos szolg\u00e1ltat\u00e1sok<\/li>\n<li>Szobal\u00e1ny szolg\u00e1ltat\u00e1s<\/li>\n<\/ul>\n<p>A Movers Specialty Service egy 1978-ban alap\u00edtott, harmadik f\u00e9llel egy\u00fcttm\u0171k\u00f6d\u0151 k\u00f6lt\u00f6ztet\u0151 c\u00e9g, amelynek sz\u00e9khelye Montgomeryville-ben tal\u00e1lhat\u00f3. Az USA eg\u00e9sz ter\u00fclet\u00e9n ny\u00fajtanak szolg\u00e1ltat\u00e1sokat k\u00e9pzett szakemberek gondosan \u00f6ssze\u00e1ll\u00edtott h\u00e1l\u00f3zat\u00e1nak seg\u00edts\u00e9g\u00e9vel. Az IAM tagjak\u00e9nt 45 \u00e9ves tapasztalattal rendelkeznek.<\/p>\n<p>A Movers Specialty Service speci\u00e1lis t\u00e1mogat\u00f3 szolg\u00e1ltat\u00e1sokat ny\u00fajt a k\u00f6lt\u00f6ztet\u0151k \u00e9s k\u00f6lt\u00f6ztet\u0151 c\u00e9gek sz\u00e1m\u00e1ra az Egyes\u00fclt \u00c1llamokon bel\u00fcli sz\u00e1rmaz\u00e1si vagy rendeltet\u00e9si hely\u00fck\u00f6n. Speci\u00e1lis k\u00f6lt\u00f6ztet\u00e9si szolg\u00e1ltat\u00e1sokat k\u00edn\u00e1lnak, amelyek magukban foglalj\u00e1k a k\u00e9sz\u00fcl\u00e9kek le- \u00e9s \u00f6sszekapcsol\u00e1s\u00e1t, berendez\u00e9sek \u00e9s b\u00fatorok sz\u00e9t- \u00e9s \u00f6sszeszerel\u00e9s\u00e9t, telev\u00edzi\u00f3k\u00e9sz\u00fcl\u00e9kek le- \u00e9s felszerel\u00e9s\u00e9t, berendez\u00e9si t\u00e1rgyak elt\u00e1vol\u00edt\u00e1s\u00e1t\/be\u00e9p\u00edt\u00e9s\u00e9t \u00e9s \u00e1ruk l\u00e1d\u00e1z\u00e1s\u00e1t. T\u00f6r\u00e9keny \u00e9s terjedelmes t\u00e1rgyakat, p\u00e9ld\u00e1ul zongor\u00e1kat \u00e9s \u00e1ll\u00f3\u00f3r\u00e1kat is tudnak sz\u00e1ll\u00edtani.<\/p>\n<p>Weboldal: <a href=\"http:\/\/mss1.com\" target=\"_blank\" rel=\"noopener\">http:\/\/mss1.com<\/a><\/p>\n<h2><span class=\"ez-toc-section\" id=\"4_Reads_Moving_Systems\"><\/span><strong>4. Olvassa Moving Systems<\/strong><span class=\"ez-toc-section-end\"><\/span><\/h2>\n<p><img loading=\"lazy\" decoding=\"async\" class=\"alignnone size-full wp-image-11418\" src=\"https:\/\/moverdb.com\/wp-content\/uploads\/Reads-Moving-Systems-international-moving-company.png\" alt=\"Reads Moving Systems nemzetk\u00f6zi k\u00f6lt\u00f6ztet\u0151 c\u00e9g\" width=\"1440\" height=\"677\" data-wp-pid=\"11418\" srcset=\"https:\/\/moverdb.com\/wp-content\/uploads\/Reads-Moving-Systems-international-moving-company.png 1440w, https:\/\/moverdb.com\/wp-content\/uploads\/Reads-Moving-Systems-international-moving-company-300x141.png 300w, https:\/\/moverdb.com\/wp-content\/uploads\/Reads-Moving-Systems-international-moving-company-1024x481.png 1024w, https:\/\/moverdb.com\/wp-content\/uploads\/Reads-Moving-Systems-international-moving-company-18x8.png 18w, https:\/\/moverdb.com\/wp-content\/uploads\/Reads-Moving-Systems-international-moving-company-600x282.png 600w\" sizes=\"auto, (max-width: 1440px) 100vw, 1440px\" \/><\/p>\n<ul>\n<li>Helyi k\u00f6lt\u00f6z\u00e9sek<\/li>\n<li>Nemzetk\u00f6zi k\u00f6lt\u00f6z\u00e9sek<\/li>\n<li>H\u00e1ztart\u00e1si k\u00f6lt\u00f6z\u00e9sek<\/li>\n<li>Irodai \u00e9s ipari k\u00f6lt\u00f6ztet\u00e9s<\/li>\n<li>K\u00f6lt\u00f6z\u00e9s el\u0151tti tervez\u00e9s<\/li>\n<li>Csomagol\u00e1si szolg\u00e1ltat\u00e1s<\/li>\n<li>Crating<\/li>\n<li>A sz\u00e1ll\u00edt\u00e1s megszervez\u00e9se<\/li>\n<li>Sz\u00e1rmaz\u00e1si \u00e9s rendeltet\u00e9si hely szerinti szolg\u00e1ltat\u00e1sok<\/li>\n<li>Rakt\u00e1roz\u00e1si lehet\u0151s\u00e9gek<\/li>\n<\/ul>\n<p>A Reads Moving Systems egy 1937-ben alakult k\u00f6lt\u00f6ztet\u0151 \u00e9s t\u00e1rol\u00f3 c\u00e9g, amelynek sz\u00e9khelye Huntingdon Valleyben tal\u00e1lhat\u00f3, \u00e9s telephelyei vannak a k\u00f6vetkez\u0151 helyeken is <a href=\"https:\/\/moverdb.com\/hu\/moving-to-the-united-states\/moving-to-florida\/\" data-internallinksmanager029f6b8e52c=\"331\" title=\"K\u00f6lt\u00f6z\u00e9s Florid\u00e1ba? 2023 \u00c9letk\u00f6lts\u00e9gek \u00e9s k\u00f6lt\u00f6z\u00e9si tippek\">Florida<\/a> \u00e9s <a href=\"https:\/\/moverdb.com\/hu\/moving-to-the-united-states\/moving-to-georgia\/\" data-internallinksmanager029f6b8e52c=\"402\" title=\"K\u00f6lt\u00f6z\u00e9s Gr\u00fazi\u00e1ba? 2023 \u00c9letk\u00f6lts\u00e9gek \u00e9s k\u00f6lt\u00f6z\u00e9si tippek\">Georgia<\/a>. \u0150k egy Atlas Van Lines \u00fcgyn\u00f6k, amely biztos\u00edtja sz\u00e1mukra a mozg\u00f3 c\u00e9gek h\u00e1l\u00f3zat\u00e1t, hogy dolgozzanak egy\u00fctt. Tagjai az IAM-nek, 50 \u00e9ves tapasztalattal rendelkeznek.<\/p>\n<p>A Reads Moving Systems versenyk\u00e9pes \u00e1rakat k\u00edn\u00e1l k\u00f6lt\u00f6ztet\u00e9si szolg\u00e1ltat\u00e1saihoz. K\u00f6lt\u00f6z\u00e9s el\u0151tti tervez\u00e9st biztos\u00edtanak a k\u00f6lt\u00f6z\u00e9sszervez\u00e9si koordin\u00e1toraikkal, hogy el\u0151k\u00e9sz\u00edts\u00e9k a k\u00f6lt\u00f6z\u00e9st. Csomagol\u00e1si \u00e9s csomagol\u00e1si szolg\u00e1ltat\u00e1st k\u00edn\u00e1lnak a t\u00e1rgyak v\u00e9delme \u00e9rdek\u00e9ben, \u00e9s nemzetk\u00f6zi k\u00f6lt\u00f6z\u00e9sek eset\u00e9n kont\u00e9nerbe rakodj\u00e1k azokat.<\/p>\n<p>Weboldal: <a href=\"http:\/\/www.readsmoving.com\" target=\"_blank\" rel=\"noopener\">http:\/\/www.readsmoving.com<\/a><\/p>","protected":false},"excerpt":{"rendered":"<p>When you are moving there is so much to do like organising, packing, arranging transportation and managing customs if moving abroad, but you don\u2019t have to do this alone. A moving company can help with all or some of these tasks to make moving easier. Below we have compiled a list of Pennsylvania based removal [&hellip;]<\/p>\n","protected":false},"author":4,"featured_media":11247,"parent":190,"menu_order":0,"comment_status":"closed","ping_status":"closed","template":"","meta":{"_genesis_hide_title":false,"_genesis_hide_breadcrumbs":false,"_genesis_hide_singular_image":false,"_genesis_hide_footer_widgets":false,"_genesis_custom_body_class":"","_genesis_custom_post_class":"","_genesis_layout":"","footnotes":""},"class_list":{"0":"post-11651","1":"page","2":"type-page","3":"status-publish","4":"has-post-thumbnail","6":"entry"},"_links":{"self":[{"href":"https:\/\/moverdb.com\/hu\/wp-json\/wp\/v2\/pages\/11651","targetHints":{"allow":["GET"]}}],"collection":[{"href":"https:\/\/moverdb.com\/hu\/wp-json\/wp\/v2\/pages"}],"about":[{"href":"https:\/\/moverdb.com\/hu\/wp-json\/wp\/v2\/types\/page"}],"author":[{"embeddable":true,"href":"https:\/\/moverdb.com\/hu\/wp-json\/wp\/v2\/users\/4"}],"replies":[{"embeddable":true,"href":"https:\/\/moverdb.com\/hu\/wp-json\/wp\/v2\/comments?post=11651"}],"version-history":[{"count":2,"href":"https:\/\/moverdb.com\/hu\/wp-json\/wp\/v2\/pages\/11651\/revisions"}],"predecessor-version":[{"id":11653,"href":"https:\/\/moverdb.com\/hu\/wp-json\/wp\/v2\/pages\/11651\/revisions\/11653"}],"up":[{"embeddable":true,"href":"https:\/\/moverdb.com\/hu\/wp-json\/wp\/v2\/pages\/190"}],"wp:featuredmedia":[{"embeddable":true,"href":"https:\/\/moverdb.com\/hu\/wp-json\/wp\/v2\/media\/11247"}],"wp:attachment":[{"href":"https:\/\/moverdb.com\/hu\/wp-json\/wp\/v2\/media?parent=11651"}],"curies":[{"name":"wp","href":"https:\/\/api.w.org\/{rel}","templated":true}]}}