{"id":11645,"date":"2023-11-29T10:51:46","date_gmt":"2023-11-29T10:51:46","guid":{"rendered":"https:\/\/moverdb.com\/?page_id=11645"},"modified":"2026-01-08T15:29:00","modified_gmt":"2026-01-08T15:29:00","slug":"moving-companies-us-north-carolina","status":"publish","type":"page","link":"https:\/\/moverdb.com\/hu\/moving-companies\/moving-companies-us-north-carolina\/","title":{"rendered":"5 legjobb nemzetk\u00f6zi k\u00f6lt\u00f6ztet\u0151 c\u00e9gek \u00c9szak-Karolin\u00e1ban"},"content":{"rendered":"<p>A k\u00f6lt\u00f6z\u00e9s az egyik legstresszesebb id\u0151szak lehet az \u00e9let\u00e9ben, ez\u00e9rt mi\u00e9rt ne cs\u00f6kkenten\u00e9 a nyom\u00e1st egy olyan c\u00e9g alkalmaz\u00e1s\u00e1val, amely <a href=\"https:\/\/moverdb.com\/hu\/moving-companies\/\" data-internallinksmanager029f6b8e52c=\"79\" title=\"Top 25 nemzetk\u00f6zi k\u00f6lt\u00f6ztet\u0151 c\u00e9gek online\">k\u00f6lt\u00f6ztet\u0151 c\u00e9g<\/a> hogy elv\u00e9gezze a munka egy r\u00e9sz\u00e9t helyetted? Ez mag\u00e1ban foglalhatja a k\u00f6lt\u00f6z\u00e9s megtervez\u00e9s\u00e9t, a holmik becsomagol\u00e1s\u00e1t, a sz\u00e1ll\u00edt\u00e1s megszervez\u00e9s\u00e9t \u00e9s a v\u00e1mkezel\u00e9seket. Az al\u00e1bbiakban \u00f6ssze\u00e1ll\u00edtottunk egy list\u00e1t <a href=\"https:\/\/moverdb.com\/hu\/moving-to-the-united-states\/moving-to-north-carolina\/\" data-internallinksmanager029f6b8e52c=\"411\" title=\"K\u00f6lt\u00f6z\u00e9s \u00c9szak-Karolin\u00e1ba? 2023 \u00c9letk\u00f6lts\u00e9gek \u00e9s k\u00f6lt\u00f6z\u00e9si tippek\">\u00c9szak-Karolina<\/a> alap\u00fa <a href=\"https:\/\/moverdb.com\/hu\/international-removals\/\" data-internallinksmanager029f6b8e52c=\"27\" title=\"36 legjobb nemzetk\u00f6zi k\u00f6lt\u00f6ztet\u0151 c\u00e9gek az Egyes\u00fclt Kir\u00e1lys\u00e1gban\">k\u00f6lt\u00f6ztet\u0151 c\u00e9gek<\/a> amelyek tagjai a <a href=\"https:\/\/moverdb.com\/hu\/iam\/\" data-internallinksmanager029f6b8e52c=\"23\" title=\"A K\u00f6lt\u00f6ztet\u0151k Nemzetk\u00f6zi Sz\u00f6vets\u00e9ge (IAM) magyar\u00e1zata\">K\u00f6lt\u00f6ztet\u0151k Nemzetk\u00f6zi Sz\u00f6vets\u00e9ge<\/a> (IAM) \u00e9s\/vagy <a href=\"https:\/\/moverdb.com\/hu\/fidi-faim\/\" data-internallinksmanager029f6b8e52c=\"16\" title=\"FIDI &amp; FAIM (FIDI akkredit\u00e1lt nemzetk\u00f6zi fuvaroz\u00f3) magyar\u00e1zata\">FIDI<\/a> Akkredit\u00e1lt nemzetk\u00f6zi k\u00f6lt\u00f6ztet\u0151 (FAIM), aki seg\u00edthet \u00d6nnek a k\u00f6lt\u00f6z\u00e9sben.<\/p>\n<div id=\"ez-toc-container\" class=\"ez-toc-v2_0_83 ez-toc-wrap-left counter-hierarchy ez-toc-counter ez-toc-transparent ez-toc-container-direction\">\n<div class=\"ez-toc-title-container\">\n<p class=\"ez-toc-title\" style=\"cursor:inherit\">Szakaszok<\/p>\n<span class=\"ez-toc-title-toggle\"><a href=\"#\" class=\"ez-toc-pull-right ez-toc-btn ez-toc-btn-xs ez-toc-btn-default ez-toc-toggle\" aria-label=\"Toggle Tartalomjegyz\u00e9k\"><span class=\"ez-toc-js-icon-con\"><span class=\"\"><span class=\"eztoc-hide\" style=\"display:none;\">Toggle<\/span><span class=\"ez-toc-icon-toggle-span\"><svg style=\"fill: #999;color:#999\" xmlns=\"http:\/\/www.w3.org\/2000\/svg\" class=\"list-377408\" width=\"20px\" height=\"20px\" viewbox=\"0 0 24 24\" fill=\"none\"><path d=\"M6 6H4v2h2V6zm14 0H8v2h12V6zM4 11h2v2H4v-2zm16 0H8v2h12v-2zM4 16h2v2H4v-2zm16 0H8v2h12v-2z\" fill=\"currentColor\"><\/path><\/svg><svg style=\"fill: #999;color:#999\" class=\"arrow-unsorted-368013\" xmlns=\"http:\/\/www.w3.org\/2000\/svg\" width=\"10px\" height=\"10px\" viewbox=\"0 0 24 24\" version=\"1.2\" baseprofile=\"tiny\"><path d=\"M18.2 9.3l-6.2-6.3-6.2 6.3c-.2.2-.3.4-.3.7s.1.5.3.7c.2.2.4.3.7.3h11c.3 0 .5-.1.7-.3.2-.2.3-.5.3-.7s-.1-.5-.3-.7zM5.8 14.7l6.2 6.3 6.2-6.3c.2-.2.3-.5.3-.7s-.1-.5-.3-.7c-.2-.2-.4-.3-.7-.3h-11c-.3 0-.5.1-.7.3-.2.2-.3.5-.3.7s.1.5.3.7z\"\/><\/svg><\/span><\/span><\/span><\/a><\/span><\/div>\n<nav><ul class='ez-toc-list ez-toc-list-level-1 eztoc-toggle-hide-by-default' ><li class='ez-toc-page-1 ez-toc-heading-level-2'><a class=\"ez-toc-link ez-toc-heading-1\" href=\"https:\/\/moverdb.com\/hu\/moving-companies\/moving-companies-us-north-carolina\/#1_All_American_Relocation\" >1. All American Relocation<\/a><\/li><li class='ez-toc-page-1 ez-toc-heading-level-2'><a class=\"ez-toc-link ez-toc-heading-2\" href=\"https:\/\/moverdb.com\/hu\/moving-companies\/moving-companies-us-north-carolina\/#2_Hilldrup\" >2. Hilldrup<\/a><\/li><li class='ez-toc-page-1 ez-toc-heading-level-2'><a class=\"ez-toc-link ez-toc-heading-3\" href=\"https:\/\/moverdb.com\/hu\/moving-companies\/moving-companies-us-north-carolina\/#3_Sandhills_Moving_Storage\" >3. Sandhills Moving &amp; Storage<\/a><\/li><li class='ez-toc-page-1 ez-toc-heading-level-2'><a class=\"ez-toc-link ez-toc-heading-4\" href=\"https:\/\/moverdb.com\/hu\/moving-companies\/moving-companies-us-north-carolina\/#4_Seacorp\" >4. Seacorp<\/a><\/li><li class='ez-toc-page-1 ez-toc-heading-level-2'><a class=\"ez-toc-link ez-toc-heading-5\" href=\"https:\/\/moverdb.com\/hu\/moving-companies\/moving-companies-us-north-carolina\/#5_Zippy_Shell\" >5. Zippy Shell<\/a><\/li><\/ul><\/nav><\/div>\n<h2><span class=\"ez-toc-section\" id=\"1_All_American_Relocation\"><\/span><strong>1. All American Relocation<\/strong><span class=\"ez-toc-section-end\"><\/span><\/h2>\n<p><img loading=\"lazy\" decoding=\"async\" class=\"alignnone size-full wp-image-11251\" src=\"https:\/\/moverdb.com\/wp-content\/uploads\/All-American-Relocation-international-moving-company.png\" alt=\"All American Relocation nemzetk\u00f6zi k\u00f6lt\u00f6ztet\u0151 c\u00e9g\" width=\"1440\" height=\"675\" data-wp-pid=\"11251\" srcset=\"https:\/\/moverdb.com\/wp-content\/uploads\/All-American-Relocation-international-moving-company.png 1440w, https:\/\/moverdb.com\/wp-content\/uploads\/All-American-Relocation-international-moving-company-300x141.png 300w, https:\/\/moverdb.com\/wp-content\/uploads\/All-American-Relocation-international-moving-company-1024x480.png 1024w, https:\/\/moverdb.com\/wp-content\/uploads\/All-American-Relocation-international-moving-company-18x8.png 18w, https:\/\/moverdb.com\/wp-content\/uploads\/All-American-Relocation-international-moving-company-600x281.png 600w\" sizes=\"auto, (max-width: 1440px) 100vw, 1440px\" \/><\/p>\n<ul>\n<li>Helyi \u00e9s t\u00e1vols\u00e1gi k\u00f6lt\u00f6z\u00e9sek<\/li>\n<li>Nemzetk\u00f6zi k\u00f6lt\u00f6z\u00e9sek<\/li>\n<li>Lakoss\u00e1gi k\u00f6lt\u00f6z\u00e9sek<\/li>\n<li>Irodai k\u00f6lt\u00f6z\u00e9sek<\/li>\n<li>Alkalmazottak \u00e1thelyez\u00e9se<\/li>\n<li>H\u00e1zt\u00f3l-h\u00e1zig szolg\u00e1ltat\u00e1s<\/li>\n<li>Csomagol\u00e1si szolg\u00e1ltat\u00e1s<\/li>\n<li>Sz\u00e1ll\u00edt\u00e1s l\u00e9gi, tengeri \u00e9s sz\u00e1razf\u00f6ldi \u00faton<\/li>\n<li><a href=\"https:\/\/moverdb.com\/hu\/car-transport-shipping\/\" data-internallinksmanager029f6b8e52c=\"2\" title=\"2026 Nemzetk\u00f6zi aut\u00f3sz\u00e1ll\u00edt\u00e1s \u00e9s j\u00e1rm\u0171sz\u00e1ll\u00edt\u00e1s \u00e1raj\u00e1nlatok\">J\u00e1rm\u0171sz\u00e1ll\u00edt\u00e1s<\/a><\/li>\n<li>R\u00f6vid \u00e9s hossz\u00fa t\u00e1v\u00fa t\u00e1rol\u00e1s<\/li>\n<\/ul>\n<p>Az All American Relocation egy teljes k\u00f6r\u0171 szolg\u00e1ltat\u00e1st ny\u00fajt\u00f3 k\u00f6lt\u00f6ztet\u0151 c\u00e9g, amelynek telephelyei Rayleigh-ben \u00e9s Charlotte-ban tal\u00e1lhat\u00f3k. \u0150k a Mayflower \u00fcgyn\u00f6kei, ami biztos\u00edtja sz\u00e1mukra a k\u00f6lt\u00f6ztet\u0151 \u00fcgyn\u00f6k\u00f6k h\u00e1l\u00f3zat\u00e1t, akikkel egy\u00fctt dolgozhatnak. Az IAM tagja 25 \u00e9ves tapasztalattal rendelkeznek.<\/p>\n<p>Az All American Relocation ingyenes <a href=\"https:\/\/moverdb.com\/hu\/quotes\/\" data-internallinksmanager029f6b8e52c=\"26\" title=\"Nemzetk\u00f6zi k\u00f6lt\u00f6z\u00e9si \u00e1raj\u00e1nlatok: 12 k\u00e9rd\u00e9s, hogy k\u00e9rdezze meg a k\u00f6lt\u00f6ztet\u0151\">k\u00f6lt\u00f6z\u00e9si \u00e1raj\u00e1nlat<\/a> \u00e9s vide\u00f3s felm\u00e9r\u00e9s az \u00d6n ig\u00e9nyeinek felm\u00e9r\u00e9s\u00e9re. H\u00e1zhoz men\u0151 szolg\u00e1ltat\u00e1st ny\u00fajtanak, egy dedik\u00e1lt k\u00f6lt\u00f6z\u00e9si koordin\u00e1torral, aki ir\u00e1ny\u00edtja a k\u00f6lt\u00f6z\u00e9st. K\u00e9pzett csomagol\u00f3csapatot biztos\u00edtanak, amely a legmagasabb min\u0151s\u00e9g\u0171, a nemzetk\u00f6zi szabv\u00e1nyoknak megfelel\u0151 csomagol\u00f3anyagokat haszn\u00e1lja. Emellett j\u00e1rm\u0171sz\u00e1ll\u00edt\u00e1st, \u00c9szak-Karolin\u00e1ban kiindul\u00e1si \u00e9s c\u00e9l\u00e1llom\u00e1s-szolg\u00e1ltat\u00e1st, valamint t\u00e1rol\u00e1si lehet\u0151s\u00e9geket is k\u00edn\u00e1lnak.<\/p>\n<p>Weboldal: <a href=\"http:\/\/www.aarelocation.com\" target=\"_blank\" rel=\"noopener\">http:\/\/www.aarelocation.com<\/a><\/p>\n<h2><span class=\"ez-toc-section\" id=\"2_Hilldrup\"><\/span><strong>2. Hilldrup<\/strong><span class=\"ez-toc-section-end\"><\/span><\/h2>\n<p><img loading=\"lazy\" decoding=\"async\" class=\"alignnone size-full wp-image-11339\" src=\"https:\/\/moverdb.com\/wp-content\/uploads\/Hilldrup-international-moving-company.png\" alt=\"Hilldrup nemzetk\u00f6zi k\u00f6lt\u00f6ztet\u0151 c\u00e9g\" width=\"1440\" height=\"674\" data-wp-pid=\"11339\" srcset=\"https:\/\/moverdb.com\/wp-content\/uploads\/Hilldrup-international-moving-company.png 1440w, https:\/\/moverdb.com\/wp-content\/uploads\/Hilldrup-international-moving-company-300x140.png 300w, https:\/\/moverdb.com\/wp-content\/uploads\/Hilldrup-international-moving-company-1024x479.png 1024w, https:\/\/moverdb.com\/wp-content\/uploads\/Hilldrup-international-moving-company-18x8.png 18w, https:\/\/moverdb.com\/wp-content\/uploads\/Hilldrup-international-moving-company-600x281.png 600w\" sizes=\"auto, (max-width: 1440px) 100vw, 1440px\" \/><\/p>\n<ul>\n<li>Helyi \u00e9s t\u00e1vols\u00e1gi k\u00f6lt\u00f6z\u00e9sek<\/li>\n<li>Nemzetk\u00f6zi \u00e1thelyez\u00e9sek<\/li>\n<li>Lakoss\u00e1gi k\u00f6lt\u00f6z\u00e9sek<\/li>\n<li>Kereskedelmi \u00e9s irodai k\u00f6lt\u00f6z\u00e9sek<\/li>\n<li>Alkalmazottak \u00e1thelyez\u00e9se<\/li>\n<li>Dedik\u00e1lt k\u00f6lt\u00f6z\u00e9si tan\u00e1csad\u00f3<\/li>\n<li>Virtu\u00e1lis felm\u00e9r\u00e9s<\/li>\n<li>Csomagol\u00e1si szolg\u00e1ltat\u00e1s<\/li>\n<li>V\u00e9dje otthon\u00e1t<\/li>\n<li>R\u00f6vid \u00e9s hossz\u00fa t\u00e1v\u00fa t\u00e1rol\u00e1s<\/li>\n<\/ul>\n<p>A Hilldrup egy 1903-ban alap\u00edtott k\u00f6lt\u00f6ztet\u0151, rakt\u00e1roz\u00e1si \u00e9s logisztikai v\u00e1llalat, amelynek 10 telephelye van, k\u00f6zt\u00fck az \u00e9szak-karolinai Charlotte \u00e9s Garner. A United Van Lines \u00e9s a Mayflower Transit c\u00e9gekkel \u00e1llnak kapcsolatban, ami sz\u00e9les \u00fcgyn\u00f6kh\u00e1l\u00f3zatot biztos\u00edt sz\u00e1mukra. Az IAM tagja, 120 \u00e9ves tapasztalattal rendelkeznek, \u00e9s a FIDI \u00e1ltal akkredit\u00e1ltak.<\/p>\n<p>A Hilldrup az \u00d6n ig\u00e9nyeihez igaz\u00edtott k\u00f6lt\u00f6z\u00e9si megold\u00e1sokat k\u00edn\u00e1l, a szolg\u00e1ltat\u00e1sok sz\u00e9les sk\u00e1l\u00e1j\u00e1val, amely a teljes k\u00f6r\u0171 csomagol\u00e1st\u00f3l a bark\u00e1csol\u00e1si lehet\u0151s\u00e9gekig terjed. Egy k\u00f6lt\u00f6z\u00e9si tan\u00e1csad\u00f3t biztos\u00edtanak, aki egyetlen kapcsolattart\u00f3 pontk\u00e9nt szolg\u00e1l a k\u00f6lt\u00f6z\u00e9s sor\u00e1n. Csomagol\u00e1si szolg\u00e1ltat\u00e1suk a legjobb csomagol\u00f3anyagokat haszn\u00e1lja, \u00e9s a t\u00f6r\u00e9keny t\u00e1rgyakat egyedi m\u00f3don csomagolja \u00e9s l\u00e1d\u00e1zza.<\/p>\n<p>Weboldal: <a href=\"https:\/\/www.hilldrup.com\/\" target=\"_blank\" rel=\"noopener\">https:\/\/www.hilldrup.com\/\/<\/a><\/p>\n<h2><span class=\"ez-toc-section\" id=\"3_Sandhills_Moving_Storage\"><\/span><strong>3. Sandhills Moving &amp; Storage<\/strong><span class=\"ez-toc-section-end\"><\/span><\/h2>\n<p><img loading=\"lazy\" decoding=\"async\" class=\"alignnone size-full wp-image-11433\" src=\"https:\/\/moverdb.com\/wp-content\/uploads\/Sandhill-Moving-Storage-international-moving-company.png\" alt=\"Sandhill Moving &amp; Storage nemzetk\u00f6zi k\u00f6lt\u00f6ztet\u0151 c\u00e9g\" width=\"1440\" height=\"676\" data-wp-pid=\"11433\" srcset=\"https:\/\/moverdb.com\/wp-content\/uploads\/Sandhill-Moving-Storage-international-moving-company.png 1440w, https:\/\/moverdb.com\/wp-content\/uploads\/Sandhill-Moving-Storage-international-moving-company-300x141.png 300w, https:\/\/moverdb.com\/wp-content\/uploads\/Sandhill-Moving-Storage-international-moving-company-1024x481.png 1024w, https:\/\/moverdb.com\/wp-content\/uploads\/Sandhill-Moving-Storage-international-moving-company-18x8.png 18w, https:\/\/moverdb.com\/wp-content\/uploads\/Sandhill-Moving-Storage-international-moving-company-600x282.png 600w\" sizes=\"auto, (max-width: 1440px) 100vw, 1440px\" \/><\/p>\n<ul>\n<li>Helyi \u00e9s t\u00e1vols\u00e1gi k\u00f6lt\u00f6z\u00e9sek<\/li>\n<li>Nemzetk\u00f6zi k\u00f6lt\u00f6z\u00e9sek<\/li>\n<li>Lakoss\u00e1gi k\u00f6lt\u00f6z\u00e9sek<\/li>\n<li>Kereskedelmi \u00e9s irodai k\u00f6lt\u00f6z\u00e9sek<\/li>\n<li>Szem\u00e9lyes k\u00f6lt\u00f6z\u00e9si koordin\u00e1tor<\/li>\n<li>Csomagol\u00e1si szolg\u00e1ltat\u00e1s<\/li>\n<li>Sz\u00e1ll\u00edt\u00e1si meg\u00e1llapod\u00e1sok<\/li>\n<li>V\u00e1mt\u00e1mogat\u00e1s<\/li>\n<li>Sz\u00e1ll\u00edt\u00e1s nyomon k\u00f6vet\u00e9se<\/li>\n<li>Rakt\u00e1roz\u00e1si lehet\u0151s\u00e9gek<\/li>\n<\/ul>\n<p>A Sandhills Moving &amp; Storage egy sz\u00e1ll\u00edtm\u00e1nyoz\u00e1sra \u00e9s t\u00e1rol\u00e1sra szakosodott k\u00f6lt\u00f6ztet\u0151 c\u00e9g, melynek telephelyei Southern Pines, Sanford \u00e9s Pittsboro. Teljes k\u00f6r\u0171 szolg\u00e1ltat\u00e1st ny\u00fajt\u00f3 Mayflower k\u00f6lt\u00f6ztet\u0151 c\u00e9g, amely hozz\u00e1f\u00e9r\u00e9st biztos\u00edt sz\u00e1mukra a t\u00f6bb mint 180 orsz\u00e1gban m\u0171k\u00f6d\u0151 nemzetk\u00f6zi k\u00f6lt\u00f6ztet\u0151i h\u00e1l\u00f3zathoz, \u00e9s az IAM tagja.<\/p>\n<p>A Sandhills Moving &amp; Storage \u00e1tfog\u00f3 k\u00f6lt\u00f6z\u00e9si menedzsment szolg\u00e1ltat\u00e1sokat k\u00edn\u00e1l, \u00e9s egy szem\u00e9lyes k\u00f6lt\u00f6z\u00e9si koordin\u00e1tort jel\u00f6l ki, aki a k\u00f6lt\u00f6z\u00e9s sor\u00e1n v\u00e9gig seg\u00edti \u00d6nt. Szem\u00e9lyre szabhat\u00f3 k\u00f6lt\u00f6z\u00e9si szolg\u00e1ltat\u00e1sokat k\u00edn\u00e1lnak, amelyek magukban foglalj\u00e1k a csomagol\u00e1si szolg\u00e1ltat\u00e1sokat, a sz\u00e1ll\u00edt\u00e1s megszervez\u00e9s\u00e9t, valamint a dokument\u00e1ci\u00f3 \u00e9s a v\u00e1mkezel\u00e9s kezel\u00e9s\u00e9t. R\u00f6vid t\u00e1v\u00fa t\u00e1rol\u00e1si lehet\u0151s\u00e9geket is k\u00edn\u00e1lnak.<\/p>\n<p>Weboldal: <a href=\"http:\/\/www.sandhillsmoving.com\" target=\"_blank\" rel=\"noopener\">http:\/\/www.sandhillsmoving.com<\/a><\/p>\n<h2><span class=\"ez-toc-section\" id=\"4_Seacorp\"><\/span><strong>4. Seacorp<\/strong><span class=\"ez-toc-section-end\"><\/span><\/h2>\n<p><img loading=\"lazy\" decoding=\"async\" class=\"alignnone size-full wp-image-11438\" src=\"https:\/\/moverdb.com\/wp-content\/uploads\/Seacorp-international-moving-company.png\" alt=\"Seacorp nemzetk\u00f6zi k\u00f6lt\u00f6ztet\u0151 c\u00e9g\" width=\"1440\" height=\"676\" data-wp-pid=\"11438\" srcset=\"https:\/\/moverdb.com\/wp-content\/uploads\/Seacorp-international-moving-company.png 1440w, https:\/\/moverdb.com\/wp-content\/uploads\/Seacorp-international-moving-company-300x141.png 300w, https:\/\/moverdb.com\/wp-content\/uploads\/Seacorp-international-moving-company-1024x481.png 1024w, https:\/\/moverdb.com\/wp-content\/uploads\/Seacorp-international-moving-company-18x8.png 18w, https:\/\/moverdb.com\/wp-content\/uploads\/Seacorp-international-moving-company-600x282.png 600w\" sizes=\"auto, (max-width: 1440px) 100vw, 1440px\" \/><\/p>\n<ul>\n<li>Nemzeti \u00e1rufuvaroz\u00e1s<\/li>\n<li>Nemzetk\u00f6zi fuvaroz\u00e1s<\/li>\n<li>H\u00e1zt\u00f3l-h\u00e1zig tart\u00f3 logisztika<\/li>\n<li>Sz\u00e1ll\u00edt\u00e1si menedzsment<\/li>\n<li>Burkol\u00e1s \u00e9s raklapoz\u00e1s<\/li>\n<li>L\u00e9gi, tengeri \u00e9s teheraut\u00f3-sz\u00e1ll\u00edt\u00e1s<\/li>\n<li>Sz\u00e1ll\u00edt\u00e1s nyomon k\u00f6vet\u00e9se<\/li>\n<li>V\u00e1mkezel\u00e9s<\/li>\n<li>Import- \u00e9s exportkezel\u00e9s<\/li>\n<li>Biztos\u00edt\u00e1s<\/li>\n<\/ul>\n<p>A Seacorp egy 1998-ban alakult logisztikai v\u00e1llalat, amelynek sz\u00e9khelye az \u00e9szak-karolinai Lincolntonban tal\u00e1lhat\u00f3. Kiterjedt glob\u00e1lis \u00fcgyn\u00f6kh\u00e1l\u00f3zattal rendelkeznek, amely t\u00e1mogatja \u0151ket szolg\u00e1ltat\u00e1saik ny\u00fajt\u00e1s\u00e1ban vil\u00e1gszerte. Az IAM tagjak\u00e9nt 25 \u00e9ves tapasztalattal rendelkeznek.<\/p>\n<p>A Seacorp a legversenyk\u00e9pesebb \u00e1rakat \u00e9s a legjobb sz\u00e1ll\u00edt\u00e1si id\u0151t keresi az \u00d6n sz\u00e1ll\u00edtm\u00e1nya sz\u00e1m\u00e1ra. L\u00e9gi, tengeri vagy teheraut\u00f3s sz\u00e1ll\u00edt\u00e1st is tudnak szervezni. T\u00f6bbf\u00e9le kont\u00e9nerv\u00e1ltozatot k\u00edn\u00e1lnak, bele\u00e9rtve a teljes kont\u00e9nerrakom\u00e1nyokat \u00e9s a kevesebb, mint teljes kont\u00e9nerrakom\u00e1nyokat. Szolg\u00e1ltat\u00e1saik k\u00f6z\u00e9 tartozik a kiviteli v\u00e1mkezel\u00e9s \u00e9s a tengeri biztos\u00edt\u00e1s.<\/p>\n<p>Weboldal: <a href=\"http:\/\/www.seacorpnc.com\" target=\"_blank\" rel=\"noopener\">http:\/\/www.seacorpnc.com<\/a><\/p>\n<h2><span class=\"ez-toc-section\" id=\"5_Zippy_Shell\"><\/span><strong>5. Zippy Shell<\/strong><span class=\"ez-toc-section-end\"><\/span><\/h2>\n<p><img loading=\"lazy\" decoding=\"async\" class=\"alignnone size-full wp-image-11483\" src=\"https:\/\/moverdb.com\/wp-content\/uploads\/Zippy-Shell-international-moving-company.png\" alt=\"Zippy Shell nemzetk\u00f6zi k\u00f6lt\u00f6ztet\u0151 c\u00e9g\" width=\"1440\" height=\"676\" data-wp-pid=\"11483\" srcset=\"https:\/\/moverdb.com\/wp-content\/uploads\/Zippy-Shell-international-moving-company.png 1440w, https:\/\/moverdb.com\/wp-content\/uploads\/Zippy-Shell-international-moving-company-300x141.png 300w, https:\/\/moverdb.com\/wp-content\/uploads\/Zippy-Shell-international-moving-company-1024x481.png 1024w, https:\/\/moverdb.com\/wp-content\/uploads\/Zippy-Shell-international-moving-company-18x8.png 18w, https:\/\/moverdb.com\/wp-content\/uploads\/Zippy-Shell-international-moving-company-600x282.png 600w\" sizes=\"auto, (max-width: 1440px) 100vw, 1440px\" \/><\/p>\n<ul>\n<li>Helyi k\u00f6lt\u00f6z\u00e9sek<\/li>\n<li>Hossz\u00fa t\u00e1v\u00fa k\u00f6lt\u00f6z\u00e9sek<\/li>\n<li>Lakoss\u00e1gi k\u00f6lt\u00f6z\u00e9sek<\/li>\n<li>V\u00e1llalati \u00e1thelyez\u00e9sek<\/li>\n<li>Egyetlen kapcsolattart\u00f3 pont<\/li>\n<li>H\u00e1zt\u00f3l-h\u00e1zig szolg\u00e1ltat\u00e1s<\/li>\n<li>Csomagol\u00e1si szolg\u00e1ltat\u00e1sok harmadik f\u00e9l \u00e1ltal<\/li>\n<li>Teheraut\u00f3-sz\u00e1ll\u00edt\u00e1s<\/li>\n<li>Aut\u00f3sz\u00e1ll\u00edt\u00e1s<\/li>\n<li>Biztons\u00e1gos t\u00e1rol\u00e1si megold\u00e1sok<\/li>\n<\/ul>\n<p>A Zippy Shell egy k\u00f6lt\u00f6ztet\u0151 \u00e9s t\u00e1rol\u00f3 c\u00e9g, amelynek sz\u00e9khelye Wake Forestben tal\u00e1lhat\u00f3. Helyi \u00e9s t\u00e1vols\u00e1gi k\u00f6lt\u00f6ztet\u00e9si \u00e9s t\u00e1rol\u00e1si megold\u00e1sokat k\u00edn\u00e1lnak a <a href=\"https:\/\/moverdb.com\/hu\/moving-to-the-united-states\/\" data-internallinksmanager029f6b8e52c=\"94\" title=\"Az Egyes\u00fclt \u00c1llamokba k\u00f6lt\u00f6zik? 2022 Meg\u00e9lhet\u00e9si k\u00f6lts\u00e9gek \u00e9s k\u00f6lt\u00f6z\u00e9si tippek\">US<\/a> saj\u00e1t teheraut\u00f3kkal \u00e9s kont\u00e9nerekkel. Az IAM tagja, 14 \u00e9ves tapasztalattal rendelkeznek.<\/p>\n<p>A Zippy Shell egyedi \u00e9s hordozhat\u00f3 k\u00f6lt\u00f6z\u00e9si \u00e9s t\u00e1rol\u00e1si megold\u00e1sokat k\u00edn\u00e1l, mivel egy hordozhat\u00f3 kont\u00e9nert sz\u00e1ll\u00edt \u00d6nnek, \u00e9s ak\u00e1r h\u00e1rom napot is hagy \u00d6nnek, hogy saj\u00e1t maga csomagolja be, vagy harmadik f\u00e9l csomagol\u00e1si szolg\u00e1ltat\u00e1s\u00e1t vegye ig\u00e9nybe. A hordozhat\u00f3 kont\u00e9nert \u00e1tveszik \u00e9s elviszik az \u00d6n c\u00e9l\u00e1llom\u00e1s\u00e1ra, vagy biztons\u00e1gos l\u00e9tes\u00edtm\u00e9nyeikben t\u00e1rolj\u00e1k orsz\u00e1gszerte r\u00f6vid vagy hossz\u00fa t\u00e1von.<\/p>\n<p>Weboldal: <a href=\"http:\/\/zippyshell.com\" target=\"_blank\" rel=\"noopener\">http:\/\/zippyshell.com<\/a><\/p>","protected":false},"excerpt":{"rendered":"<p>Moving can be one of the most stressful times in your life so why not reduce the pressure by employing a moving company to do some of the work for you? This can include planning the move, packing your belongings, arranging transport and handling customs. Below we have compiled a list of North Carolina based [&hellip;]<\/p>\n","protected":false},"author":4,"featured_media":11251,"parent":190,"menu_order":0,"comment_status":"closed","ping_status":"closed","template":"","meta":{"_genesis_hide_title":false,"_genesis_hide_breadcrumbs":false,"_genesis_hide_singular_image":false,"_genesis_hide_footer_widgets":false,"_genesis_custom_body_class":"","_genesis_custom_post_class":"","_genesis_layout":"","footnotes":""},"class_list":{"0":"post-11645","1":"page","2":"type-page","3":"status-publish","4":"has-post-thumbnail","6":"entry"},"_links":{"self":[{"href":"https:\/\/moverdb.com\/hu\/wp-json\/wp\/v2\/pages\/11645","targetHints":{"allow":["GET"]}}],"collection":[{"href":"https:\/\/moverdb.com\/hu\/wp-json\/wp\/v2\/pages"}],"about":[{"href":"https:\/\/moverdb.com\/hu\/wp-json\/wp\/v2\/types\/page"}],"author":[{"embeddable":true,"href":"https:\/\/moverdb.com\/hu\/wp-json\/wp\/v2\/users\/4"}],"replies":[{"embeddable":true,"href":"https:\/\/moverdb.com\/hu\/wp-json\/wp\/v2\/comments?post=11645"}],"version-history":[{"count":2,"href":"https:\/\/moverdb.com\/hu\/wp-json\/wp\/v2\/pages\/11645\/revisions"}],"predecessor-version":[{"id":11647,"href":"https:\/\/moverdb.com\/hu\/wp-json\/wp\/v2\/pages\/11645\/revisions\/11647"}],"up":[{"embeddable":true,"href":"https:\/\/moverdb.com\/hu\/wp-json\/wp\/v2\/pages\/190"}],"wp:featuredmedia":[{"embeddable":true,"href":"https:\/\/moverdb.com\/hu\/wp-json\/wp\/v2\/media\/11251"}],"wp:attachment":[{"href":"https:\/\/moverdb.com\/hu\/wp-json\/wp\/v2\/media?parent=11645"}],"curies":[{"name":"wp","href":"https:\/\/api.w.org\/{rel}","templated":true}]}}