{"id":11624,"date":"2023-11-22T15:50:03","date_gmt":"2023-11-22T15:50:03","guid":{"rendered":"https:\/\/moverdb.com\/?page_id=11624"},"modified":"2026-01-08T15:30:12","modified_gmt":"2026-01-08T15:30:12","slug":"moving-companies-nevada","status":"publish","type":"page","link":"https:\/\/moverdb.com\/hu\/moving-companies\/moving-companies-nevada\/","title":{"rendered":"A legjobb nemzetk\u00f6zi k\u00f6lt\u00f6ztet\u0151 c\u00e9gek Nevad\u00e1ban"},"content":{"rendered":"<p>A k\u00f6lt\u00f6z\u00e9s az egyik legstresszesebb id\u0151szak lehet az \u00e9letedben, mi\u00e9rt pr\u00f3b\u00e1ln\u00e1d meg egyed\u00fcl csin\u00e1lni? A <a href=\"https:\/\/moverdb.com\/hu\/moving-companies\/\" data-internallinksmanager029f6b8e52c=\"79\" title=\"Top 25 nemzetk\u00f6zi k\u00f6lt\u00f6ztet\u0151 c\u00e9gek online\">k\u00f6lt\u00f6ztet\u0151 c\u00e9g<\/a> sz\u00e1mos feladatot v\u00e1llalhat, p\u00e9ld\u00e1ul a k\u00f6lt\u00f6z\u00e9s megszervez\u00e9s\u00e9t, a sz\u00e1ll\u00edt\u00e1s megszervez\u00e9s\u00e9t, a csomagol\u00e1st \u00e9s a pap\u00edrmunka elv\u00e9gz\u00e9s\u00e9t. Az al\u00e1bbiakban \u00f6ssze\u00e1ll\u00edtottunk egy list\u00e1t <a href=\"https:\/\/moverdb.com\/hu\/moving-to-the-united-states\/moving-to-nevada\/\" data-internallinksmanager029f6b8e52c=\"457\" title=\"K\u00f6lt\u00f6z\u00e9s Nevad\u00e1ba? 2024 \u00c9letk\u00f6lts\u00e9gek \u00e9s k\u00f6lt\u00f6z\u00e9si tippek\">Nevada<\/a> alap\u00fa <a href=\"https:\/\/moverdb.com\/hu\/international-removals\/\" data-internallinksmanager029f6b8e52c=\"27\" title=\"36 legjobb nemzetk\u00f6zi k\u00f6lt\u00f6ztet\u0151 c\u00e9gek az Egyes\u00fclt Kir\u00e1lys\u00e1gban\">k\u00f6lt\u00f6ztet\u0151 c\u00e9gek<\/a> amelyek tagjai a <a href=\"https:\/\/moverdb.com\/hu\/iam\/\" data-internallinksmanager029f6b8e52c=\"23\" title=\"A K\u00f6lt\u00f6ztet\u0151k Nemzetk\u00f6zi Sz\u00f6vets\u00e9ge (IAM) magyar\u00e1zata\">K\u00f6lt\u00f6ztet\u0151k Nemzetk\u00f6zi Sz\u00f6vets\u00e9ge<\/a> (IAM) \u00e9s\/vagy <a href=\"https:\/\/moverdb.com\/hu\/fidi-faim\/\" data-internallinksmanager029f6b8e52c=\"16\" title=\"FIDI &amp; FAIM (FIDI akkredit\u00e1lt nemzetk\u00f6zi fuvaroz\u00f3) magyar\u00e1zata\">FIDI<\/a> Akkredit\u00e1lt nemzetk\u00f6zi k\u00f6lt\u00f6ztet\u0151 (FAIM), aki seg\u00edthet \u00d6nnek a k\u00f6lt\u00f6z\u00e9sben.<\/p>\n<h2><strong>RenoRelo<\/strong><\/h2>\n<p><img loading=\"lazy\" decoding=\"async\" class=\"alignnone size-full wp-image-11423\" src=\"https:\/\/moverdb.com\/wp-content\/uploads\/RenoRelo-international-moving-company.png\" alt=\"RenoRelo nemzetk\u00f6zi k\u00f6lt\u00f6ztet\u0151 c\u00e9g\" width=\"1440\" height=\"679\" data-wp-pid=\"11423\" srcset=\"https:\/\/moverdb.com\/wp-content\/uploads\/RenoRelo-international-moving-company.png 1440w, https:\/\/moverdb.com\/wp-content\/uploads\/RenoRelo-international-moving-company-300x141.png 300w, https:\/\/moverdb.com\/wp-content\/uploads\/RenoRelo-international-moving-company-1024x483.png 1024w, https:\/\/moverdb.com\/wp-content\/uploads\/RenoRelo-international-moving-company-18x8.png 18w, https:\/\/moverdb.com\/wp-content\/uploads\/RenoRelo-international-moving-company-600x283.png 600w\" sizes=\"auto, (max-width: 1440px) 100vw, 1440px\" \/><\/p>\n<ul>\n<li>Helyi \u00e9s orsz\u00e1gos k\u00f6lt\u00f6z\u00e9sek<\/li>\n<li>Vil\u00e1gm\u00e9ret\u0171 mozg\u00e1sok<\/li>\n<li>Lakoss\u00e1gi k\u00f6lt\u00f6z\u00e9sek<\/li>\n<li>Kereskedelmi \u00e9s irodai k\u00f6lt\u00f6z\u00e9sek<\/li>\n<li>V\u00e1llalati \u00e1thelyez\u00e9sek<\/li>\n<li>Teljes k\u00f6r\u0171 megold\u00e1sok<\/li>\n<li>Csomagol\u00e1si szolg\u00e1ltat\u00e1s<\/li>\n<li>Crating<\/li>\n<li>Sz\u00e1ll\u00edt\u00e1si meg\u00e1llapod\u00e1sok<\/li>\n<li>Rakt\u00e1roz\u00e1si lehet\u0151s\u00e9gek<\/li>\n<\/ul>\n<p>A RenoRelo egy teljes k\u00f6r\u0171 szolg\u00e1ltat\u00e1st ny\u00fajt\u00f3 k\u00f6lt\u00f6ztet\u0151 c\u00e9g, amelynek telephelyei Ren\u00f3ban, Spokane-ben \u00e9s Boise-ban tal\u00e1lhat\u00f3k. \u0150k a United Van Lines \u00fcgyn\u00f6kei, ami a k\u00f6lt\u00f6ztet\u0151 c\u00e9gek h\u00e1l\u00f3zat\u00e1t biztos\u00edtja sz\u00e1mukra, hogy egy\u00fcttm\u0171k\u00f6djenek a szolg\u00e1ltat\u00e1saik ny\u00fajt\u00e1s\u00e1hoz a m\u0171k\u00f6d\u00e9si ter\u00fclet\u00fck\u00f6n k\u00edv\u00fcl is. \u00d6t\u00e9ves tapasztalattal rendelkez\u0151 IAM-tagok.<\/p>\n<p>A RenoRelo teljes k\u00f6r\u0171 k\u00f6lt\u00f6z\u00e9si megold\u00e1sokat k\u00edn\u00e1l a lakoss\u00e1gi, kereskedelmi \u00e9s irodai k\u00f6lt\u00f6z\u00e9sekhez, valamint a v\u00e1llalati k\u00f6lt\u00f6z\u00e9sekhez a k\u00f6vetkez\u0151 ter\u00fcleteken <a href=\"https:\/\/moverdb.com\/hu\/moving-to-the-united-states\/\" data-internallinksmanager029f6b8e52c=\"94\" title=\"Az Egyes\u00fclt \u00c1llamokba k\u00f6lt\u00f6zik? 2022 Meg\u00e9lhet\u00e9si k\u00f6lts\u00e9gek \u00e9s k\u00f6lt\u00f6z\u00e9si tippek\">US<\/a> \u00e9s nemzetk\u00f6zi szinten. Csomagol\u00e1si \u00e9s dobozol\u00e1si szolg\u00e1ltat\u00e1sokat ny\u00fajtanak, hogy megv\u00e9dj\u00e9k a holmij\u00e1t a sz\u00e1ll\u00edt\u00e1s sor\u00e1n. Megszervezik az \u00d6n holmij\u00e1nak sz\u00e1ll\u00edt\u00e1s\u00e1t, \u00e9s koordin\u00e1lj\u00e1k a harmadik felekkel a c\u00e9l\u00e1llom\u00e1sra t\u00f6rt\u00e9n\u0151 sz\u00e1ll\u00edt\u00e1st.<\/p>\n<p>Weboldal: <a href=\"http:\/\/renoreloww.com\" target=\"_blank\" rel=\"noopener\">http:\/\/renoreloww.com<\/a><\/p>\n<h2>Egy\u00e9b hasznos \u00fatik\u00f6nyvek az Egyes\u00fclt \u00c1llamokr\u00f3l<\/h2>\n<ul>\n<li> <a href=\"https:\/\/moverdb.com\/hu\/koltozes-az-egyesult-allamokba-2022-lakhatasi-koltsegek-athelyezesi-tippek\/moving-to-las-vegas\/\">Las Vegasba k\u00f6lt\u00f6zik? 2024 Lakhat\u00e1si k\u00f6lts\u00e9gek \u00e9s k\u00f6lt\u00f6z\u00e9si tippek<\/a><\/li>\n<li> <a href=\"https:\/\/moverdb.com\/hu\/koltozes-az-egyesult-allamokba-2022-lakhatasi-koltsegek-athelyezesi-tippek\/moving-to-nevada\/\">K\u00f6lt\u00f6z\u00e9s Nevad\u00e1ba? 2024 \u00c9letk\u00f6lts\u00e9gek \u00e9s k\u00f6lt\u00f6z\u00e9si tippek<\/a><\/li>\n<li> <a href=\"https:\/\/moverdb.com\/hu\/koltozes-az-egyesult-allamokba-2022-lakhatasi-koltsegek-athelyezesi-tippek\/movers-cost\/\">Mennyibe ker\u00fcl a k\u00f6lt\u00f6ztet\u0151k b\u00e9rl\u00e9se? 2024-es amerikai megtakar\u00edt\u00e1si \u00fatmutat\u00f3<\/a><\/li>\n<li> <a href=\"https:\/\/moverdb.com\/hu\/koltozes-az-egyesult-allamokba-2022-lakhatasi-koltsegek-athelyezesi-tippek\/\">Az Egyes\u00fclt \u00c1llamokba k\u00f6lt\u00f6zik? 2022 Meg\u00e9lhet\u00e9si k\u00f6lts\u00e9gek \u00e9s k\u00f6lt\u00f6z\u00e9si tippek<\/a><\/li>\n<li> <a href=\"https:\/\/moverdb.com\/hu\/koltozes-az-egyesult-allamokba-2022-lakhatasi-koltsegek-athelyezesi-tippek\/places-to-live-in-the-us\/\">13 Legjobb helyek az Egyes\u00fclt \u00c1llamokban \u00e9lni<\/a><\/li>\n<li> <a href=\"https:\/\/moverdb.com\/hu\/koltozes-az-egyesult-allamokba-2022-lakhatasi-koltsegek-athelyezesi-tippek\/elo\/\">21 titok az Egyes\u00fclt \u00c1llamokban \u00e9l\u00e9sr\u0151l, amit tudnod kell k\u00f6lt\u00f6z\u00e9s el\u0151tt<\/a><\/li>\n<\/ul>","protected":false},"excerpt":{"rendered":"<p>Moving can be one of the most stressful times in your life so why try to do it all by yourself? A moving company can take on many of the tasks such as organising the move, arranging transport, packing and completing paperwork. Below we have compiled a list of Nevada based removal companies that are [&hellip;]<\/p>\n","protected":false},"author":4,"featured_media":11423,"parent":190,"menu_order":0,"comment_status":"closed","ping_status":"closed","template":"","meta":{"_genesis_hide_title":false,"_genesis_hide_breadcrumbs":false,"_genesis_hide_singular_image":false,"_genesis_hide_footer_widgets":false,"_genesis_custom_body_class":"","_genesis_custom_post_class":"","_genesis_layout":"","footnotes":""},"class_list":{"0":"post-11624","1":"page","2":"type-page","3":"status-publish","4":"has-post-thumbnail","6":"entry"},"_links":{"self":[{"href":"https:\/\/moverdb.com\/hu\/wp-json\/wp\/v2\/pages\/11624","targetHints":{"allow":["GET"]}}],"collection":[{"href":"https:\/\/moverdb.com\/hu\/wp-json\/wp\/v2\/pages"}],"about":[{"href":"https:\/\/moverdb.com\/hu\/wp-json\/wp\/v2\/types\/page"}],"author":[{"embeddable":true,"href":"https:\/\/moverdb.com\/hu\/wp-json\/wp\/v2\/users\/4"}],"replies":[{"embeddable":true,"href":"https:\/\/moverdb.com\/hu\/wp-json\/wp\/v2\/comments?post=11624"}],"version-history":[{"count":4,"href":"https:\/\/moverdb.com\/hu\/wp-json\/wp\/v2\/pages\/11624\/revisions"}],"predecessor-version":[{"id":17660,"href":"https:\/\/moverdb.com\/hu\/wp-json\/wp\/v2\/pages\/11624\/revisions\/17660"}],"up":[{"embeddable":true,"href":"https:\/\/moverdb.com\/hu\/wp-json\/wp\/v2\/pages\/190"}],"wp:featuredmedia":[{"embeddable":true,"href":"https:\/\/moverdb.com\/hu\/wp-json\/wp\/v2\/media\/11423"}],"wp:attachment":[{"href":"https:\/\/moverdb.com\/hu\/wp-json\/wp\/v2\/media?parent=11624"}],"curies":[{"name":"wp","href":"https:\/\/api.w.org\/{rel}","templated":true}]}}