{"id":11602,"date":"2023-11-29T10:33:42","date_gmt":"2023-11-29T10:33:42","guid":{"rendered":"https:\/\/moverdb.com\/?page_id=11602"},"modified":"2026-01-08T15:24:17","modified_gmt":"2026-01-08T15:24:17","slug":"moving-companies-us-jacksonville","status":"publish","type":"page","link":"https:\/\/moverdb.com\/hu\/moving-companies\/moving-companies-us-jacksonville\/","title":{"rendered":"3 legjobb nemzetk\u00f6zi k\u00f6lt\u00f6ztet\u0151 c\u00e9gek Jacksonville-ben"},"content":{"rendered":"<p>Ha helyi, orsz\u00e1gos vagy nemzetk\u00f6zi k\u00f6lt\u00f6z\u00e9st tervez Jacksonville-be vagy Jacksonville-b\u0151l, sz\u00fcks\u00e9ge lehet n\u00e9mi seg\u00edts\u00e9gre. <a href=\"https:\/\/moverdb.com\/hu\/moving-companies\/\" data-internallinksmanager029f6b8e52c=\"79\" title=\"Top 25 nemzetk\u00f6zi k\u00f6lt\u00f6ztet\u0151 c\u00e9gek online\">K\u00f6lt\u00f6ztet\u0151 c\u00e9gek<\/a> sz\u00e1mos seg\u00edts\u00e9get ny\u00fajt, bele\u00e9rtve a tervez\u00e9st, a csomagol\u00e1st, a sz\u00e1ll\u00edt\u00e1st, a v\u00e1mkezel\u00e9st \u00e9s a kicsomagol\u00e1si szolg\u00e1ltat\u00e1sokat. Az al\u00e1bbiakban \u00f6ssze\u00e1ll\u00edtottunk egy list\u00e1t a jacksonville-i sz\u00e9khely\u0171 <a href=\"https:\/\/moverdb.com\/hu\/international-removals\/\" data-internallinksmanager029f6b8e52c=\"27\" title=\"36 legjobb nemzetk\u00f6zi k\u00f6lt\u00f6ztet\u0151 c\u00e9gek az Egyes\u00fclt Kir\u00e1lys\u00e1gban\">k\u00f6lt\u00f6ztet\u0151 c\u00e9gek<\/a> amelyek tagjai a <a href=\"https:\/\/moverdb.com\/hu\/iam\/\" data-internallinksmanager029f6b8e52c=\"23\" title=\"A K\u00f6lt\u00f6ztet\u0151k Nemzetk\u00f6zi Sz\u00f6vets\u00e9ge (IAM) magyar\u00e1zata\">K\u00f6lt\u00f6ztet\u0151k Nemzetk\u00f6zi Sz\u00f6vets\u00e9ge<\/a> (IAM) \u00e9s\/vagy <a href=\"https:\/\/moverdb.com\/hu\/fidi-faim\/\" data-internallinksmanager029f6b8e52c=\"16\" title=\"FIDI &amp; FAIM (FIDI akkredit\u00e1lt nemzetk\u00f6zi fuvaroz\u00f3) magyar\u00e1zata\">FIDI<\/a> Akkredit\u00e1lt nemzetk\u00f6zi k\u00f6lt\u00f6ztet\u0151 (FAIM), aki seg\u00edthet \u00d6nnek a k\u00f6lt\u00f6z\u00e9sben.<\/p>\n<h2><strong>1. Conser K\u00f6lt\u00f6ztet\u00e9s \u00e9s rakt\u00e1roz\u00e1s<\/strong><\/h2>\n<p><img loading=\"lazy\" decoding=\"async\" class=\"alignnone size-full wp-image-11292\" src=\"https:\/\/moverdb.com\/wp-content\/uploads\/Conser-Moving-Storage-international-moving-company.png\" alt=\"Conser Moving &amp; Storage nemzetk\u00f6zi k\u00f6lt\u00f6ztet\u0151 c\u00e9g\" width=\"1440\" height=\"681\" data-wp-pid=\"11292\" srcset=\"https:\/\/moverdb.com\/wp-content\/uploads\/Conser-Moving-Storage-international-moving-company.png 1440w, https:\/\/moverdb.com\/wp-content\/uploads\/Conser-Moving-Storage-international-moving-company-300x142.png 300w, https:\/\/moverdb.com\/wp-content\/uploads\/Conser-Moving-Storage-international-moving-company-1024x484.png 1024w, https:\/\/moverdb.com\/wp-content\/uploads\/Conser-Moving-Storage-international-moving-company-18x9.png 18w, https:\/\/moverdb.com\/wp-content\/uploads\/Conser-Moving-Storage-international-moving-company-600x284.png 600w\" sizes=\"auto, (max-width: 1440px) 100vw, 1440px\" \/><\/p>\n<ul>\n<li>Helyi k\u00f6lt\u00f6z\u00e9sek<\/li>\n<li>Hossz\u00fa t\u00e1v\u00fa k\u00f6lt\u00f6z\u00e9sek<\/li>\n<li>Lakoss\u00e1gi k\u00f6lt\u00f6z\u00e9sek<\/li>\n<li>Irodai k\u00f6lt\u00f6z\u00e9sek<\/li>\n<li>Szem\u00e9lyre szabott szolg\u00e1ltat\u00e1s<\/li>\n<li>A k\u00f6lt\u00f6z\u00e9si lehet\u0151s\u00e9gek v\u00e1laszt\u00e9ka<\/li>\n<li>Mozg\u00e1sir\u00e1ny\u00edt\u00e1s<\/li>\n<li>Sz\u00e1ll\u00edt\u00e1si meg\u00e1llapod\u00e1s<\/li>\n<li>Mozg\u00e1sv\u00e9delem<\/li>\n<li>Rakt\u00e1roz\u00e1si lehet\u0151s\u00e9gek<\/li>\n<\/ul>\n<p>A Conser Moving &amp; Storage egy k\u00f6lt\u00f6ztet\u0151 \u00e9s k\u00f6lt\u00f6ztet\u0151 c\u00e9g, amely hazai \u00e9s katonai k\u00f6lt\u00f6z\u00e9sekre szakosodott, \u00e9s sz\u00e9khelye Jacksonville-ben tal\u00e1lhat\u00f3. \u0150k a Mayflower Transit \u00fcgyn\u00f6kei, amely t\u00f6bb mint 90 \u00e9ve ny\u00fajt k\u00f6lt\u00f6ztet\u00e9si szolg\u00e1ltat\u00e1sokat. Tagjai az IAM-nek, 11 \u00e9ves tapasztalattal rendelkeznek.<\/p>\n<p>A Conser K\u00f6lt\u00f6ztet\u00e9s \u00e9s Rakt\u00e1roz\u00e1s minden t\u00e1mogat\u00e1st megad \u00d6nnek, amire sz\u00fcks\u00e9ge van a k\u00f6lt\u00f6z\u00e9shez, \u00e9s lehet\u0151v\u00e9 teszi, hogy az \u00d6n \u00e1ltal ig\u00e9nyelt szolg\u00e1ltat\u00e1sok szem\u00e9lyre szabhat\u00f3 opci\u00f3kkal rendelkez\u0151 k\u00f6lt\u00f6ztet\u00e9si tervet k\u00e9sz\u00edtsen. Seg\u00edtenek megtal\u00e1lni az \u00d6n ig\u00e9nyeinek, k\u00f6lts\u00e9gvet\u00e9s\u00e9nek \u00e9s \u00fctemterv\u00e9nek megfelel\u0151 k\u00f6lt\u00f6ztet\u00e9si tervet.<\/p>\n<p>Weboldal: <a href=\"https:\/\/consermoving.com\" target=\"_blank\" rel=\"noopener\">https:\/\/consermoving.com<\/a><\/p>\n<h2><strong>2. DN Van Lines<\/strong><\/h2>\n<p><img loading=\"lazy\" decoding=\"async\" class=\"alignnone size-full wp-image-11307\" src=\"https:\/\/moverdb.com\/wp-content\/uploads\/DN-Van-Lines-international-moving-company.png\" alt=\"DN Van Lines nemzetk\u00f6zi k\u00f6lt\u00f6ztet\u0151 c\u00e9g\" width=\"1440\" height=\"670\" data-wp-pid=\"11307\" srcset=\"https:\/\/moverdb.com\/wp-content\/uploads\/DN-Van-Lines-international-moving-company.png 1440w, https:\/\/moverdb.com\/wp-content\/uploads\/DN-Van-Lines-international-moving-company-300x140.png 300w, https:\/\/moverdb.com\/wp-content\/uploads\/DN-Van-Lines-international-moving-company-1024x476.png 1024w, https:\/\/moverdb.com\/wp-content\/uploads\/DN-Van-Lines-international-moving-company-18x8.png 18w, https:\/\/moverdb.com\/wp-content\/uploads\/DN-Van-Lines-international-moving-company-600x279.png 600w\" sizes=\"auto, (max-width: 1440px) 100vw, 1440px\" \/><\/p>\n<ul>\n<li>Helyi \u00e9s \u00e1llamk\u00f6zi k\u00f6lt\u00f6z\u00e9sek<\/li>\n<li>Nemzetk\u00f6zi k\u00f6lt\u00f6z\u00e9sek<\/li>\n<li>H\u00e1ztart\u00e1si k\u00f6lt\u00f6z\u00e9sek<\/li>\n<li>Irodai \u00e9s kereskedelmi k\u00f6lt\u00f6z\u00e9sek<\/li>\n<li>Szem\u00e9lyi k\u00f6lt\u00f6z\u00e9si menedzser<\/li>\n<li>Csomagol\u00e1si szolg\u00e1ltat\u00e1sok<\/li>\n<li>K\u00e9szletgazd\u00e1lkod\u00e1s<\/li>\n<li>Sz\u00e1ll\u00edt\u00e1si meg\u00e1llapod\u00e1s<\/li>\n<li>Biztos\u00edt\u00e1s<\/li>\n<li>T\u00e1rol\u00e1si szolg\u00e1ltat\u00e1sok<\/li>\n<\/ul>\n<p>A DN Van Lines egy 2001-ben alap\u00edtott k\u00f6lt\u00f6ztet\u0151 \u00e9s t\u00e1rol\u00f3 c\u00e9g, melynek telephelyei Jacksonville-ben tal\u00e1lhat\u00f3k, <a href=\"https:\/\/moverdb.com\/hu\/moving-to-the-united-states\/moving-to-massachusetts\/\" data-internallinksmanager029f6b8e52c=\"412\" title=\"Massachusettsbe k\u00f6lt\u00f6zik? 2023 Lakhat\u00e1si k\u00f6lts\u00e9gek \u00e9s k\u00f6lt\u00f6z\u00e9si tippek\">Massachusetts<\/a> \u00e9s <a href=\"https:\/\/moverdb.com\/hu\/moving-to-the-united-states\/moving-to-virginia\/\" data-internallinksmanager029f6b8e52c=\"442\" title=\"K\u00f6lt\u00f6z\u00e9s Virgini\u00e1ba? 2023 \u00c9letk\u00f6lts\u00e9gek \u00e9s k\u00f6lt\u00f6z\u00e9si tippek\">Virginia<\/a>. A k\u00f6lt\u00f6ztet\u0151 szolg\u00e1ltat\u00f3k megb\u00edzhat\u00f3 h\u00e1l\u00f3zat\u00e1val dolgoznak egy\u00fctt vil\u00e1gszerte, hogy seg\u00edts\u00e9k \u0151ket. Az IAM tagjak\u00e9nt 14 \u00e9ves tapasztalattal rendelkeznek.<\/p>\n<p>A DN Van Lines ingyenes becsl\u00e9st \u00e9s helysz\u00edni vagy virtu\u00e1lis felm\u00e9r\u00e9st k\u00edn\u00e1l az \u00d6n k\u00f6lt\u00f6z\u00e9si ig\u00e9nyeinek felm\u00e9r\u00e9s\u00e9re. Szem\u00e9lyes k\u00f6lt\u00f6z\u00e9si menedzsert biztos\u00edtanak, aki r\u00e9szletes, az \u00d6n ig\u00e9nyeire szabott k\u00f6lt\u00f6z\u00e9si tervet k\u00e9sz\u00edt, \u00e9s a k\u00f6lt\u00f6z\u00e9s sor\u00e1n v\u00e9gig seg\u00edti \u00d6nt. Csomagol\u00e1si szolg\u00e1ltat\u00e1st ny\u00fajtanak, amely mag\u00e1ban foglalja az \u00d6n t\u00e1rgyainak r\u00e9szletes lelt\u00e1roz\u00e1s\u00e1t.<\/p>\n<p>Weboldal: <a href=\"http:\/\/www.dnvanlines.com\" target=\"_blank\" rel=\"noopener\">http:\/\/www.dnvanlines.com<\/a><\/p>\n<h2><strong>3. Suddath<\/strong><\/h2>\n<p><img loading=\"lazy\" decoding=\"async\" class=\"alignnone size-full wp-image-11450\" src=\"https:\/\/moverdb.com\/wp-content\/uploads\/Suddath-international-moving-company.png\" alt=\"Suddath nemzetk\u00f6zi k\u00f6lt\u00f6ztet\u0151 c\u00e9g\" width=\"1440\" height=\"677\" data-wp-pid=\"11450\" srcset=\"https:\/\/moverdb.com\/wp-content\/uploads\/Suddath-international-moving-company.png 1440w, https:\/\/moverdb.com\/wp-content\/uploads\/Suddath-international-moving-company-300x141.png 300w, https:\/\/moverdb.com\/wp-content\/uploads\/Suddath-international-moving-company-1024x481.png 1024w, https:\/\/moverdb.com\/wp-content\/uploads\/Suddath-international-moving-company-18x8.png 18w, https:\/\/moverdb.com\/wp-content\/uploads\/Suddath-international-moving-company-600x282.png 600w\" sizes=\"auto, (max-width: 1440px) 100vw, 1440px\" \/><\/p>\n<ul>\n<li>Helyi \u00e9s t\u00e1vols\u00e1gi k\u00f6lt\u00f6z\u00e9sek<\/li>\n<li>Nemzetk\u00f6zi k\u00f6lt\u00f6z\u00e9sek<\/li>\n<li>H\u00e1ztart\u00e1si k\u00f6lt\u00f6z\u00e9sek<\/li>\n<li>Kereskedelmi k\u00f6lt\u00f6z\u00e9sek<\/li>\n<li>V\u00e9gpontt\u00f3l v\u00e9gpontig tart\u00f3 szolg\u00e1ltat\u00e1s<\/li>\n<li>Csomagol\u00e1si szolg\u00e1ltat\u00e1s<\/li>\n<li>V\u00e1mt\u00e1mogat\u00e1s<\/li>\n<li>J\u00e1rm\u0171- \u00e9s kis\u00e1llatsz\u00e1ll\u00edt\u00e1s<\/li>\n<li>Biztos\u00edt\u00e1s<\/li>\n<li>R\u00f6vid \u00e9s hossz\u00fa t\u00e1v\u00fa t\u00e1rol\u00e1s<\/li>\n<\/ul>\n<p>A Suddath egy k\u00f6lt\u00f6ztet\u0151 \u00e9s logisztikai v\u00e1llalat, amelyet 1919-ben alap\u00edtottak Jacksonville-ben, \u00e9s tov\u00e1bbi 19 telephely\u00fck van az Egyes\u00fclt \u00c1llamokban. <a href=\"https:\/\/moverdb.com\/hu\/moving-to-the-united-states\/\" data-internallinksmanager029f6b8e52c=\"94\" title=\"Az Egyes\u00fclt \u00c1llamokba k\u00f6lt\u00f6zik? 2022 Meg\u00e9lhet\u00e9si k\u00f6lts\u00e9gek \u00e9s k\u00f6lt\u00f6z\u00e9si tippek\">US<\/a>. Az ellen\u0151rz\u00f6tt \u00e9s bev\u00e1lt v\u00e1llalatok glob\u00e1lis partnerh\u00e1l\u00f3zata seg\u00edt nekik abban, hogy a vil\u00e1g 180 orsz\u00e1g\u00e1ban v\u00e9gpontt\u00f3l v\u00e9gpontig tart\u00f3 szolg\u00e1ltat\u00e1sokat ny\u00fajtsanak. Az IAM tagjak\u00e9nt 104 \u00e9ves tapasztalattal rendelkeznek.<\/p>\n<p>A Suddath egyablakos \u00fcgyint\u00e9z\u00e9st biztos\u00edt minden k\u00f6lt\u00f6z\u00e9si ig\u00e9nye sz\u00e1m\u00e1ra, egy dedik\u00e1lt k\u00f6lt\u00f6z\u00e9si tan\u00e1csad\u00f3val, aki minden l\u00e9p\u00e9sn\u00e9l t\u00e1mogatja \u00d6nt, \u00e9s a k\u00f6lts\u00e9gvet\u00e9st is betartja. Szem\u00e9lyre szabott megk\u00f6zel\u00edt\u00e9st ny\u00fajtanak, \u00e9s eligaz\u00edtj\u00e1k \u00d6nt a v\u00e1mok, a dokument\u00e1ci\u00f3 \u00e9s a biztos\u00edt\u00e1sok ter\u00e9n. Tov\u00e1bbi szolg\u00e1ltat\u00e1sokat is k\u00edn\u00e1lnak, bele\u00e9rtve a leteleped\u00e9si \u00e9s takar\u00edt\u00e1si szolg\u00e1ltat\u00e1sokat.<\/p>\n<p>Weboldal: <a href=\"https:\/\/suddath.com\" target=\"_blank\" rel=\"noopener\">https:\/\/suddath.com<\/a><\/p>","protected":false},"excerpt":{"rendered":"<p>If you are planning a move locally, nationally or internationally to or from Jacksonville you may want some assistance. Moving companies offer a variety of help including planning, packing, transportation, customs handling and unpacking services. Below we have compiled a list of Jacksonville based removal companies that are members of the International Association of Movers [&hellip;]<\/p>\n","protected":false},"author":4,"featured_media":11292,"parent":190,"menu_order":0,"comment_status":"closed","ping_status":"closed","template":"","meta":{"_genesis_hide_title":false,"_genesis_hide_breadcrumbs":false,"_genesis_hide_singular_image":false,"_genesis_hide_footer_widgets":false,"_genesis_custom_body_class":"","_genesis_custom_post_class":"","_genesis_layout":"","footnotes":""},"class_list":{"0":"post-11602","1":"page","2":"type-page","3":"status-publish","4":"has-post-thumbnail","6":"entry"},"_links":{"self":[{"href":"https:\/\/moverdb.com\/hu\/wp-json\/wp\/v2\/pages\/11602","targetHints":{"allow":["GET"]}}],"collection":[{"href":"https:\/\/moverdb.com\/hu\/wp-json\/wp\/v2\/pages"}],"about":[{"href":"https:\/\/moverdb.com\/hu\/wp-json\/wp\/v2\/types\/page"}],"author":[{"embeddable":true,"href":"https:\/\/moverdb.com\/hu\/wp-json\/wp\/v2\/users\/4"}],"replies":[{"embeddable":true,"href":"https:\/\/moverdb.com\/hu\/wp-json\/wp\/v2\/comments?post=11602"}],"version-history":[{"count":1,"href":"https:\/\/moverdb.com\/hu\/wp-json\/wp\/v2\/pages\/11602\/revisions"}],"predecessor-version":[{"id":11603,"href":"https:\/\/moverdb.com\/hu\/wp-json\/wp\/v2\/pages\/11602\/revisions\/11603"}],"up":[{"embeddable":true,"href":"https:\/\/moverdb.com\/hu\/wp-json\/wp\/v2\/pages\/190"}],"wp:featuredmedia":[{"embeddable":true,"href":"https:\/\/moverdb.com\/hu\/wp-json\/wp\/v2\/media\/11292"}],"wp:attachment":[{"href":"https:\/\/moverdb.com\/hu\/wp-json\/wp\/v2\/media?parent=11602"}],"curies":[{"name":"wp","href":"https:\/\/api.w.org\/{rel}","templated":true}]}}