{"id":11600,"date":"2023-11-29T10:45:01","date_gmt":"2023-11-29T10:45:01","guid":{"rendered":"https:\/\/moverdb.com\/?page_id=11600"},"modified":"2026-01-08T15:25:08","modified_gmt":"2026-01-08T15:25:08","slug":"moving-companies-us-indiana","status":"publish","type":"page","link":"https:\/\/moverdb.com\/hu\/moving-companies\/moving-companies-us-indiana\/","title":{"rendered":"5 legjobb nemzetk\u00f6zi k\u00f6lt\u00f6ztet\u0151 c\u00e9gek Indiana-ban"},"content":{"rendered":"<p>A k\u00f6lt\u00f6z\u00e9s stresszes id\u0151szak lehet, hiszen sok mindent kell megoldani. Ez\u00e9rt sokan ig\u00e9nybe veszik egy k\u00f6lt\u00f6ztet\u0151 seg\u00edts\u00e9g\u00e9t. <a href=\"https:\/\/moverdb.com\/hu\/moving-companies\/\" data-internallinksmanager029f6b8e52c=\"79\" title=\"Top 25 nemzetk\u00f6zi k\u00f6lt\u00f6ztet\u0151 c\u00e9gek online\">k\u00f6lt\u00f6ztet\u0151 c\u00e9g<\/a> mivel \u0151k tudj\u00e1k ir\u00e1ny\u00edtani a k\u00f6lt\u00f6z\u00e9st, csomagolni, sz\u00e1ll\u00edtani a holmij\u00e1t, \u00e9s nemzetk\u00f6zi k\u00f6lt\u00f6z\u00e9s eset\u00e9n a v\u00e1melj\u00e1r\u00e1sokat is elint\u00e9zik. Az al\u00e1bbiakban \u00f6ssze\u00e1ll\u00edtottunk egy list\u00e1t <a href=\"https:\/\/moverdb.com\/hu\/moving-to-the-united-states\/moving-to-indiana\/\" data-internallinksmanager029f6b8e52c=\"445\" title=\"Indiana-ba k\u00f6lt\u00f6z\u00e9s? 2023 \u00c9letk\u00f6lts\u00e9gek \u00e9s k\u00f6lt\u00f6z\u00e9si tippek\">Indiana<\/a> alap\u00fa <a href=\"https:\/\/moverdb.com\/hu\/international-removals\/\" data-internallinksmanager029f6b8e52c=\"27\" title=\"36 legjobb nemzetk\u00f6zi k\u00f6lt\u00f6ztet\u0151 c\u00e9gek az Egyes\u00fclt Kir\u00e1lys\u00e1gban\">k\u00f6lt\u00f6ztet\u0151 c\u00e9gek<\/a> amelyek tagjai a <a href=\"https:\/\/moverdb.com\/hu\/iam\/\" data-internallinksmanager029f6b8e52c=\"23\" title=\"A K\u00f6lt\u00f6ztet\u0151k Nemzetk\u00f6zi Sz\u00f6vets\u00e9ge (IAM) magyar\u00e1zata\">K\u00f6lt\u00f6ztet\u0151k Nemzetk\u00f6zi Sz\u00f6vets\u00e9ge<\/a> (IAM) \u00e9s\/vagy <a href=\"https:\/\/moverdb.com\/hu\/fidi-faim\/\" data-internallinksmanager029f6b8e52c=\"16\" title=\"FIDI &amp; FAIM (FIDI akkredit\u00e1lt nemzetk\u00f6zi fuvaroz\u00f3) magyar\u00e1zata\">FIDI<\/a> Akkredit\u00e1lt nemzetk\u00f6zi k\u00f6lt\u00f6ztet\u0151 (FAIM), aki seg\u00edthet \u00d6nnek a k\u00f6lt\u00f6z\u00e9sben.<\/p>\n<div id=\"ez-toc-container\" class=\"ez-toc-v2_0_82_2 ez-toc-wrap-left counter-hierarchy ez-toc-counter ez-toc-transparent ez-toc-container-direction\">\n<div class=\"ez-toc-title-container\">\n<p class=\"ez-toc-title\" style=\"cursor:inherit\">Szakaszok<\/p>\n<span class=\"ez-toc-title-toggle\"><a href=\"#\" class=\"ez-toc-pull-right ez-toc-btn ez-toc-btn-xs ez-toc-btn-default ez-toc-toggle\" aria-label=\"Toggle Tartalomjegyz\u00e9k\"><span class=\"ez-toc-js-icon-con\"><span class=\"\"><span class=\"eztoc-hide\" style=\"display:none;\">Toggle<\/span><span class=\"ez-toc-icon-toggle-span\"><svg style=\"fill: #999;color:#999\" xmlns=\"http:\/\/www.w3.org\/2000\/svg\" class=\"list-377408\" width=\"20px\" height=\"20px\" viewbox=\"0 0 24 24\" fill=\"none\"><path d=\"M6 6H4v2h2V6zm14 0H8v2h12V6zM4 11h2v2H4v-2zm16 0H8v2h12v-2zM4 16h2v2H4v-2zm16 0H8v2h12v-2z\" fill=\"currentColor\"><\/path><\/svg><svg style=\"fill: #999;color:#999\" class=\"arrow-unsorted-368013\" xmlns=\"http:\/\/www.w3.org\/2000\/svg\" width=\"10px\" height=\"10px\" viewbox=\"0 0 24 24\" version=\"1.2\" baseprofile=\"tiny\"><path d=\"M18.2 9.3l-6.2-6.3-6.2 6.3c-.2.2-.3.4-.3.7s.1.5.3.7c.2.2.4.3.7.3h11c.3 0 .5-.1.7-.3.2-.2.3-.5.3-.7s-.1-.5-.3-.7zM5.8 14.7l6.2 6.3 6.2-6.3c.2-.2.3-.5.3-.7s-.1-.5-.3-.7c-.2-.2-.4-.3-.7-.3h-11c-.3 0-.5.1-.7.3-.2.2-.3.5-.3.7s.1.5.3.7z\"\/><\/svg><\/span><\/span><\/span><\/a><\/span><\/div>\n<nav><ul class='ez-toc-list ez-toc-list-level-1 eztoc-toggle-hide-by-default' ><li class='ez-toc-page-1 ez-toc-heading-level-2'><a class=\"ez-toc-link ez-toc-heading-1\" href=\"https:\/\/moverdb.com\/hu\/moving-companies\/moving-companies-us-indiana\/#1_Atlas_International\" >1. Atlas International<\/a><\/li><li class='ez-toc-page-1 ez-toc-heading-level-2'><a class=\"ez-toc-link ez-toc-heading-2\" href=\"https:\/\/moverdb.com\/hu\/moving-companies\/moving-companies-us-indiana\/#2_Atlantic_Relocation_Systems\" >2. Atlantic Relocation Systems<\/a><\/li><li class='ez-toc-page-1 ez-toc-heading-level-2'><a class=\"ez-toc-link ez-toc-heading-3\" href=\"https:\/\/moverdb.com\/hu\/moving-companies\/moving-companies-us-indiana\/#3_Reindeer_Auto_Moving\" >3. R\u00e9nszarvas automatikus mozgat\u00e1sa<\/a><\/li><li class='ez-toc-page-1 ez-toc-heading-level-2'><a class=\"ez-toc-link ez-toc-heading-4\" href=\"https:\/\/moverdb.com\/hu\/moving-companies\/moving-companies-us-indiana\/#4_Wheaton_World_Wide_Moving\" >4. Wheaton World Wide Moving<\/a><\/li><li class='ez-toc-page-1 ez-toc-heading-level-2'><a class=\"ez-toc-link ez-toc-heading-5\" href=\"https:\/\/moverdb.com\/hu\/moving-companies\/moving-companies-us-indiana\/#5_Wickman_Worldwide_Services\" >5. Wickman Worldwide Services<\/a><\/li><\/ul><\/nav><\/div>\n<h2><span class=\"ez-toc-section\" id=\"1_Atlas_International\"><\/span><strong>1. Atlas International<\/strong><span class=\"ez-toc-section-end\"><\/span><\/h2>\n<p><img loading=\"lazy\" decoding=\"async\" class=\"alignnone size-full wp-image-11263\" src=\"https:\/\/moverdb.com\/wp-content\/uploads\/Atlas-International-moving-company-3.png\" alt=\"Atlas Nemzetk\u00f6zi k\u00f6lt\u00f6ztet\u0151 c\u00e9g\" width=\"1440\" height=\"676\" data-wp-pid=\"11263\" srcset=\"https:\/\/moverdb.com\/wp-content\/uploads\/Atlas-International-moving-company-3.png 1440w, https:\/\/moverdb.com\/wp-content\/uploads\/Atlas-International-moving-company-3-300x141.png 300w, https:\/\/moverdb.com\/wp-content\/uploads\/Atlas-International-moving-company-3-1024x481.png 1024w, https:\/\/moverdb.com\/wp-content\/uploads\/Atlas-International-moving-company-3-18x8.png 18w, https:\/\/moverdb.com\/wp-content\/uploads\/Atlas-International-moving-company-3-600x282.png 600w\" sizes=\"auto, (max-width: 1440px) 100vw, 1440px\" \/><\/p>\n<ul>\n<li>Nemzetk\u00f6zi \u00e1thelyez\u00e9sek<\/li>\n<li>Lakoss\u00e1gi \u00e1thelyez\u00e9sek<\/li>\n<li>V\u00e1llalati \u00e1thelyez\u00e9sek<\/li>\n<li>H\u00e1zt\u00f3l-h\u00e1zig szolg\u00e1ltat\u00e1s<\/li>\n<li>Professzion\u00e1lis csomagol\u00e1si szolg\u00e1ltat\u00e1s<\/li>\n<li>Tengeri \u00e9s l\u00e9gi sz\u00e1ll\u00edt\u00e1s<\/li>\n<li>Kont\u00e9nerv\u00e1laszt\u00e9k<\/li>\n<li>V\u00e1mkezel\u00e9s<\/li>\n<li>V\u00e9delmi tervek<\/li>\n<li>Rakt\u00e1roz\u00e1si lehet\u0151s\u00e9gek<\/li>\n<\/ul>\n<p>Az Atlas International egy 1960-ban alakult nemzetk\u00f6zi k\u00f6lt\u00f6ztet\u0151 c\u00e9g, amelynek sz\u00e9khelye Evansville-ben tal\u00e1lhat\u00f3. \u00c1tfog\u00f3 glob\u00e1lis h\u00e1l\u00f3zattal rendelkeznek, amely seg\u00edti \u0151ket a vil\u00e1gm\u00e9ret\u0171 k\u00f6lt\u00f6ztet\u00e9si szolg\u00e1ltat\u00e1sok ny\u00fajt\u00e1s\u00e1ban. Az IAM tagja 38 \u00e9ves tapasztalattal \u00e9s a FIDI akkredit\u00e1ci\u00f3j\u00e1val.<\/p>\n<p>Az Atlas International ingyenes k\u00f6lt\u00f6z\u00e9si felm\u00e9r\u00e9st \u00e9s becsl\u00e9st k\u00edn\u00e1l. Egyedi k\u00f6lt\u00f6z\u00e9si tervet k\u00e9sz\u00edtenek, amely teljes k\u00f6r\u0171 szolg\u00e1ltat\u00e1st ny\u00fajt a k\u00f6lt\u00f6z\u00e9s sor\u00e1n. H\u00e1zt\u00f3l-h\u00e1zig tart\u00f3 k\u00f6lt\u00f6ztet\u00e9si szolg\u00e1ltat\u00e1st ny\u00fajtanak nemzetk\u00f6zi k\u00f6lt\u00f6ztet\u00e9si szak\u00e9rt\u0151k t\u00e1mogat\u00e1s\u00e1val. Olyan csomagol\u00e1si szolg\u00e1ltat\u00e1st ny\u00fajtanak, amely megv\u00e9di a t\u00e1rgyait, \u00e9s a t\u00f6r\u00e9keny t\u00e1rgyakra k\u00fcl\u00f6n\u00f6s gondot ford\u00edtanak.<\/p>\n<p>Weboldal: <a href=\"https:\/\/www.atlasintl.com\/\" target=\"_blank\" rel=\"noopener\">https:\/\/www.atlasintl.com\/<\/a><\/p>\n<h2><span class=\"ez-toc-section\" id=\"2_Atlantic_Relocation_Systems\"><\/span><strong>2. Atlantic Relocation Systems<\/strong><span class=\"ez-toc-section-end\"><\/span><\/h2>\n<p><img loading=\"lazy\" decoding=\"async\" class=\"alignnone size-full wp-image-11262\" src=\"https:\/\/moverdb.com\/wp-content\/uploads\/Atlantic-Relocation-Systems-international-moving-company.png\" alt=\"Atlantic Relocation Systems nemzetk\u00f6zi k\u00f6lt\u00f6ztet\u0151 c\u00e9g\" width=\"1440\" height=\"677\" data-wp-pid=\"11262\" srcset=\"https:\/\/moverdb.com\/wp-content\/uploads\/Atlantic-Relocation-Systems-international-moving-company.png 1440w, https:\/\/moverdb.com\/wp-content\/uploads\/Atlantic-Relocation-Systems-international-moving-company-300x141.png 300w, https:\/\/moverdb.com\/wp-content\/uploads\/Atlantic-Relocation-Systems-international-moving-company-1024x481.png 1024w, https:\/\/moverdb.com\/wp-content\/uploads\/Atlantic-Relocation-Systems-international-moving-company-18x8.png 18w, https:\/\/moverdb.com\/wp-content\/uploads\/Atlantic-Relocation-Systems-international-moving-company-600x282.png 600w\" sizes=\"auto, (max-width: 1440px) 100vw, 1440px\" \/><\/p>\n<ul>\n<li>Helyi \u00e9s t\u00e1vols\u00e1gi k\u00f6lt\u00f6z\u00e9sek<\/li>\n<li>Nemzetk\u00f6zi k\u00f6lt\u00f6z\u00e9sek<\/li>\n<li>H\u00e1ztart\u00e1si k\u00f6lt\u00f6z\u00e9sek<\/li>\n<li>Irodai k\u00f6lt\u00f6z\u00e9sek<\/li>\n<li>Kijel\u00f6lt \u00e1thelyez\u00e9si koordin\u00e1tor<\/li>\n<li>Csomagol\u00e1si szolg\u00e1ltat\u00e1s<\/li>\n<li>K\u00f6z\u00fati, l\u00e9gi \u00e9s tengeri fuvaroz\u00e1s<\/li>\n<li>T\u00e1mogat\u00e1s a v\u00e1mokkal kapcsolatban<\/li>\n<li>M\u0171v\u00e9szi munka kezel\u00e9se<\/li>\n<li>T\u00e1rol\u00e1si megold\u00e1sok<\/li>\n<\/ul>\n<p>Az Atlantic Relocation Systems egy nemzetk\u00f6zi k\u00f6lt\u00f6ztet\u00e9si szolg\u00e1ltat\u00e1sokat k\u00edn\u00e1l\u00f3 k\u00f6lt\u00f6ztet\u0151 c\u00e9g, amely 1984-ben alakult, \u00e9s 13 telephellyel rendelkezik, k\u00f6zt\u00fck egy Indianapolisban. Az Atlas Van Lines csoport r\u00e9szek\u00e9nt hozz\u00e1f\u00e9rnek az Atlas Van Lines h\u00e1l\u00f3zat\u00e1hoz. <a href=\"https:\/\/moverdb.com\/hu\/moving-to-the-united-states\/\" data-internallinksmanager029f6b8e52c=\"94\" title=\"Az Egyes\u00fclt \u00c1llamokba k\u00f6lt\u00f6zik? 2022 Meg\u00e9lhet\u00e9si k\u00f6lts\u00e9gek \u00e9s k\u00f6lt\u00f6z\u00e9si tippek\">US<\/a> k\u00f6lt\u00f6ztet\u0151 c\u00e9gek, valamint egy sz\u00e9lesebb nemzetk\u00f6zi h\u00e1l\u00f3zat seg\u00edti \u0151ket. Az IAM tagjak\u00e9nt 35 \u00e9ves tapasztalattal rendelkeznek.<\/p>\n<p>Az Atlantic Relocation Systems helyi \u00e9s t\u00e1vols\u00e1gi k\u00f6lt\u00f6ztet\u00e9si szolg\u00e1ltat\u00e1sokat k\u00edn\u00e1l, amelyek ingyenes h\u00e1zon bel\u00fcli becsl\u00e9st biztos\u00edtanak. Nemzetk\u00f6zi k\u00f6lt\u00f6z\u00e9sek eset\u00e9n nemzetk\u00f6zi k\u00f6lt\u00f6z\u00e9si koordin\u00e1tort biztos\u00edtanak, aki a folyamat sor\u00e1n v\u00e9gig ir\u00e1ny\u00edtja a k\u00f6lt\u00f6z\u00e9st. \u00c1tfog\u00f3 csomagol\u00e1si, sz\u00e1ll\u00edt\u00e1si \u00e9s dokument\u00e1ci\u00f3s szolg\u00e1ltat\u00e1sokat ny\u00fajtanak.<\/p>\n<p>Weboldal: <a href=\"http:\/\/www.atlanticrelocation.com\" target=\"_blank\" rel=\"noopener\">http:\/\/www.atlanticrelocation.com<\/a><\/p>\n<h2><span class=\"ez-toc-section\" id=\"3_Reindeer_Auto_Moving\"><\/span><strong>3. R\u00e9nszarvas automatikus mozgat\u00e1sa<\/strong><span class=\"ez-toc-section-end\"><\/span><\/h2>\n<p><img loading=\"lazy\" decoding=\"async\" class=\"alignnone size-full wp-image-11420\" src=\"https:\/\/moverdb.com\/wp-content\/uploads\/Reindeer-Auto-Relocation-international-moving-company.png\" alt=\"Reindeer Auto Relocation nemzetk\u00f6zi k\u00f6lt\u00f6ztet\u0151 c\u00e9g\" width=\"1440\" height=\"662\" data-wp-pid=\"11420\" srcset=\"https:\/\/moverdb.com\/wp-content\/uploads\/Reindeer-Auto-Relocation-international-moving-company.png 1440w, https:\/\/moverdb.com\/wp-content\/uploads\/Reindeer-Auto-Relocation-international-moving-company-300x138.png 300w, https:\/\/moverdb.com\/wp-content\/uploads\/Reindeer-Auto-Relocation-international-moving-company-1024x471.png 1024w, https:\/\/moverdb.com\/wp-content\/uploads\/Reindeer-Auto-Relocation-international-moving-company-18x8.png 18w, https:\/\/moverdb.com\/wp-content\/uploads\/Reindeer-Auto-Relocation-international-moving-company-600x276.png 600w\" sizes=\"auto, (max-width: 1440px) 100vw, 1440px\" \/><\/p>\n<ul>\n<li>J\u00e1rm\u0171 \u00e1thelyez\u00e9si szak\u00e9rt\u0151<\/li>\n<li>Nemzeti \u00e1thelyez\u00e9sek<\/li>\n<li>Nemzetk\u00f6zi \u00e1thelyez\u00e9sek<\/li>\n<li>Egy\u00e9ni \u00e1thelyez\u00e9sek<\/li>\n<li>V\u00e1llalati \u00e1thelyez\u00e9sek<\/li>\n<li>Szem\u00e9lyre szabott szolg\u00e1ltat\u00e1s<\/li>\n<li>H\u00e1zt\u00f3l-h\u00e1zig szolg\u00e1ltat\u00e1s<\/li>\n<li>Biztons\u00e1gos sz\u00e1ll\u00edt\u00e1s<\/li>\n<li>Nyomon k\u00f6vet\u00e9si szolg\u00e1ltat\u00e1s<\/li>\n<li>Biztos\u00edt\u00e1s<\/li>\n<\/ul>\n<p>A Reindeer Auto Moving egy 1997 \u00f3ta m\u0171k\u00f6d\u0151, Zionsville-i sz\u00e9khely\u0171, orsz\u00e1gos \u00e9s nemzetk\u00f6zi k\u00f6lt\u00f6ztet\u00e9ssel \u00e9s fuvaroz\u00e1ssal foglalkoz\u00f3 c\u00e9g. J\u00f3 h\u00edr\u0171 \u00e9s biztos\u00edtott fuvaroz\u00f3k kiterjedt h\u00e1l\u00f3zat\u00e1val rendelkeznek, amelyek seg\u00edtik \u0151ket szolg\u00e1ltat\u00e1saik ny\u00fajt\u00e1s\u00e1ban orsz\u00e1gos \u00e9s nemzetk\u00f6zi szinten. H\u00e9t\u00e9ves tapasztalattal rendelkez\u0151 IAM-tagok.<\/p>\n<p>A Reindeer Auto Moving szem\u00e9lyre szabott szolg\u00e1ltat\u00e1st k\u00edn\u00e1l a k\u00f6lt\u00f6ztet\u0151 j\u00e1rm\u0171vekkel, h\u00e1zt\u00f3l-h\u00e1zig szolg\u00e1ltat\u00e1ssal. Biztons\u00e1gosan \u00e9s biztons\u00e1gosan veszik fel \u00e9s sz\u00e1ll\u00edtj\u00e1k el j\u00e1rm\u0171v\u00e9t a c\u00e9l\u00e1llom\u00e1sra, mik\u00f6zben az eg\u00e9sz folyamat sor\u00e1n nyomon k\u00f6vetik a folyamat menet\u00e9t. Garant\u00e1lt \u00e1tv\u00e9teli \u00e9s sz\u00e1ll\u00edt\u00e1si id\u0151pontokat k\u00edn\u00e1lnak ny\u00edlt vagy z\u00e1rt sz\u00e1ll\u00edt\u00e1si lehet\u0151s\u00e9gekkel.<\/p>\n<p>Weboldal: <a href=\"http:\/\/www.reindeerauto.com\" target=\"_blank\" rel=\"noopener\">http:\/\/www.reindeerauto.com<\/a><\/p>\n<h2><span class=\"ez-toc-section\" id=\"4_Wheaton_World_Wide_Moving\"><\/span><strong>4. Wheaton World Wide Moving<\/strong><span class=\"ez-toc-section-end\"><\/span><\/h2>\n<p><img loading=\"lazy\" decoding=\"async\" class=\"alignnone size-full wp-image-11478\" src=\"https:\/\/moverdb.com\/wp-content\/uploads\/Wheaton-World-Wide-Moving-international-moving-company.png\" alt=\"Wheaton World Wide Moving nemzetk\u00f6zi k\u00f6lt\u00f6ztet\u0151 c\u00e9g\" width=\"1440\" height=\"677\" data-wp-pid=\"11478\" srcset=\"https:\/\/moverdb.com\/wp-content\/uploads\/Wheaton-World-Wide-Moving-international-moving-company.png 1440w, https:\/\/moverdb.com\/wp-content\/uploads\/Wheaton-World-Wide-Moving-international-moving-company-300x141.png 300w, https:\/\/moverdb.com\/wp-content\/uploads\/Wheaton-World-Wide-Moving-international-moving-company-1024x481.png 1024w, https:\/\/moverdb.com\/wp-content\/uploads\/Wheaton-World-Wide-Moving-international-moving-company-18x8.png 18w, https:\/\/moverdb.com\/wp-content\/uploads\/Wheaton-World-Wide-Moving-international-moving-company-600x282.png 600w\" sizes=\"auto, (max-width: 1440px) 100vw, 1440px\" \/><\/p>\n<ul>\n<li>Helyi \u00e9s t\u00e1vols\u00e1gi k\u00f6lt\u00f6z\u00e9sek<\/li>\n<li>Nemzetk\u00f6zi k\u00f6lt\u00f6z\u00e9sek<\/li>\n<li>H\u00e1ztart\u00e1si k\u00f6lt\u00f6z\u00e9sek<\/li>\n<li>Kereskedelmi k\u00f6lt\u00f6z\u00e9sek<\/li>\n<li>V\u00e1llalati \u00e1thelyez\u00e9sek<\/li>\n<li>Csomagol\u00e1si szolg\u00e1ltat\u00e1sok<\/li>\n<li>Sz\u00e1ll\u00edt\u00e1si meg\u00e1llapod\u00e1sok<\/li>\n<li><a href=\"https:\/\/moverdb.com\/hu\/car-transport-shipping\/\" data-internallinksmanager029f6b8e52c=\"2\" title=\"2026 Nemzetk\u00f6zi aut\u00f3sz\u00e1ll\u00edt\u00e1s \u00e9s j\u00e1rm\u0171sz\u00e1ll\u00edt\u00e1s \u00e1raj\u00e1nlatok\">J\u00e1rm\u0171sz\u00e1ll\u00edt\u00e1s<\/a><\/li>\n<li>V\u00e9delmi tervek<\/li>\n<li>R\u00f6vid \u00e9s hossz\u00fa t\u00e1v\u00fa t\u00e1rol\u00e1s<\/li>\n<\/ul>\n<p>A Wheaton World Wide Moving egy 1945-ben alap\u00edtott nemzetk\u00f6zi k\u00f6lt\u00f6ztet\u0151 c\u00e9g, amelynek sz\u00e9khelye Indianapolisban tal\u00e1lhat\u00f3. Az Egyes\u00fclt \u00c1llamokat lefed\u0151 \u00fcgyn\u00f6kh\u00e1l\u00f3zaton kereszt\u00fcl m\u0171k\u00f6dnek, amelyet a magas sz\u00ednvonal biztos\u00edt\u00e1sa \u00e9rdek\u00e9ben ellen\u0151riztek. Az IAM tagja, 78 \u00e9ves tapasztalattal rendelkeznek.<\/p>\n<p>A Wheaton World Wide Moving egy teljes k\u00f6r\u0171 szolg\u00e1ltat\u00e1st ny\u00fajt\u00f3 k\u00f6lt\u00f6ztet\u0151 c\u00e9g, amely egy dedik\u00e1lt k\u00f6lt\u00f6z\u00e9si menedzsert jel\u00f6l ki. Egy h\u00e1zon bel\u00fcli vagy virtu\u00e1lis becsl\u00e9ssel kezd\u0151dik, hogy meg\u00e1llap\u00edtsuk a k\u00f6lt\u00f6z\u00e9s volumen\u00e9t. Csomagol\u00e1si szolg\u00e1ltat\u00e1st k\u00edn\u00e1lnak, amely lehet az \u00f6sszes t\u00e1rgy\u00e1ra vagy csak a t\u00f6r\u00e9keny \u00e9s k\u00e9nyes t\u00e1rgyakra.<\/p>\n<p>Weboldal: <a href=\"http:\/\/www.wheatonworldwide.com\" target=\"_blank\" rel=\"noopener\">http:\/\/www.wheatonworldwide.com<\/a><\/p>\n<h2><span class=\"ez-toc-section\" id=\"5_Wickman_Worldwide_Services\"><\/span><strong>5. Wickman Worldwide Services<\/strong><span class=\"ez-toc-section-end\"><\/span><\/h2>\n<p><img loading=\"lazy\" decoding=\"async\" class=\"alignnone size-full wp-image-11479\" src=\"https:\/\/moverdb.com\/wp-content\/uploads\/Wickman-Worldwide-Services-international-moving-company.png\" alt=\"Wickman Worldwide Services nemzetk\u00f6zi k\u00f6lt\u00f6ztet\u0151 c\u00e9g\" width=\"1440\" height=\"675\" data-wp-pid=\"11479\" srcset=\"https:\/\/moverdb.com\/wp-content\/uploads\/Wickman-Worldwide-Services-international-moving-company.png 1440w, https:\/\/moverdb.com\/wp-content\/uploads\/Wickman-Worldwide-Services-international-moving-company-300x141.png 300w, https:\/\/moverdb.com\/wp-content\/uploads\/Wickman-Worldwide-Services-international-moving-company-1024x480.png 1024w, https:\/\/moverdb.com\/wp-content\/uploads\/Wickman-Worldwide-Services-international-moving-company-18x8.png 18w, https:\/\/moverdb.com\/wp-content\/uploads\/Wickman-Worldwide-Services-international-moving-company-600x281.png 600w\" sizes=\"auto, (max-width: 1440px) 100vw, 1440px\" \/><\/p>\n<ul>\n<li>Nemzetk\u00f6zi k\u00f6lt\u00f6z\u00e9sek<\/li>\n<li>H\u00e1ztart\u00e1si k\u00f6lt\u00f6z\u00e9sek<\/li>\n<li>K\u00f6lt\u00f6z\u00e9s el\u0151tti felm\u00e9r\u00e9s<\/li>\n<li>Professzion\u00e1lis csomagol\u00e1si szolg\u00e1ltat\u00e1s<\/li>\n<li>Teherg\u00e9pkocsi-, vas\u00fati, tengeri \u00e9s l\u00e9gi sz\u00e1ll\u00edt\u00e1s<\/li>\n<li>V\u00e1mkezel\u00e9s<\/li>\n<li>J\u00e1rm\u0171sz\u00e1ll\u00edt\u00e1s<\/li>\n<li>Harmadik f\u00e9lt\u0151l sz\u00e1rmaz\u00f3 szolg\u00e1ltat\u00e1sok opcion\u00e1lis extrak\u00e9nt<\/li>\n<li>Biztos\u00edt\u00e1s<\/li>\n<li>Biztons\u00e1gos t\u00e1rol\u00e1s<\/li>\n<\/ul>\n<p>A Wickman Worldwide Services egy nemzetk\u00f6zi k\u00f6lt\u00f6ztet\u00e9si \u00e9s <a href=\"https:\/\/moverdb.com\/hu\/shipping-companies\/\" data-internallinksmanager029f6b8e52c=\"4\" title=\"Top 10 nemzetk\u00f6zi kont\u00e9nersz\u00e1ll\u00edt\u00f3 c\u00e9gek\">haj\u00f3z\u00e1si v\u00e1llalat<\/a> 1997-ben alap\u00edtott\u00e1k, sz\u00e9khelye Indianapolisban tal\u00e1lhat\u00f3. T\u00f6bb mint 150 orsz\u00e1gra kiterjed\u0151 \u00fcgyn\u00f6ks\u00e9gi h\u00e1l\u00f3zattal rendelkeznek, amely seg\u00edti \u0151ket a k\u00f6lt\u00f6z\u00e9sek lebonyol\u00edt\u00e1s\u00e1ban a vil\u00e1g minden t\u00e1j\u00e1n. Az IAM tagjak\u00e9nt 26 \u00e9ves tapasztalattal rendelkeznek.<\/p>\n<p>A Wickman Worldwide Services k\u00f6lt\u00f6z\u00e9s el\u0151tti felm\u00e9r\u00e9st k\u00edn\u00e1l, hogy r\u00e9szletes felm\u00e9r\u00e9st v\u00e9gezzen az \u00d6n ig\u00e9nyeinek meg\u00e1llap\u00edt\u00e1sa \u00e9s egy szem\u00e9lyre szabott \u00e1raj\u00e1nlat elk\u00e9sz\u00edt\u00e9se \u00e9rdek\u00e9ben. Szakk\u00e9pzett \u00e9s biztos\u00edtott k\u00f6lt\u00f6ztet\u0151kkel professzion\u00e1lis csomagol\u00e1si szolg\u00e1ltat\u00e1st ny\u00fajtanak, akik biztons\u00e1gosan becsomagolj\u00e1k az \u00d6n holmij\u00e1t a k\u00f6lt\u00f6z\u00e9shez. Megszervezik a sz\u00e1ll\u00edt\u00e1st teheraut\u00f3val, vas\u00faton, tengeren vagy l\u00e9gi \u00faton, v\u00e1mkezel\u00e9ssel, \u00e9s meg\u00e9rkez\u00e9skor kicsomagolj\u00e1k \u00e9s \u00f6sszeszerelik a b\u00fatorokat.<\/p>\n<p>Weboldal: <a href=\"http:\/\/wickmanworldwide.com\" target=\"_blank\" rel=\"noopener\">http:\/\/wickmanworldwide.com<\/a><\/p>","protected":false},"excerpt":{"rendered":"<p>Moving can be a stressful time with so many things to juggle. This is why many people enlist the help of a moving company as they can manage the move, pack, transport your belongings and sort out customs processes if moving internationally. Below we have compiled a list of Indiana based removal companies that are [&hellip;]<\/p>\n","protected":false},"author":4,"featured_media":11263,"parent":190,"menu_order":0,"comment_status":"closed","ping_status":"closed","template":"","meta":{"_genesis_hide_title":false,"_genesis_hide_breadcrumbs":false,"_genesis_hide_singular_image":false,"_genesis_hide_footer_widgets":false,"_genesis_custom_body_class":"","_genesis_custom_post_class":"","_genesis_layout":"","footnotes":""},"class_list":{"0":"post-11600","1":"page","2":"type-page","3":"status-publish","4":"has-post-thumbnail","6":"entry"},"_links":{"self":[{"href":"https:\/\/moverdb.com\/hu\/wp-json\/wp\/v2\/pages\/11600","targetHints":{"allow":["GET"]}}],"collection":[{"href":"https:\/\/moverdb.com\/hu\/wp-json\/wp\/v2\/pages"}],"about":[{"href":"https:\/\/moverdb.com\/hu\/wp-json\/wp\/v2\/types\/page"}],"author":[{"embeddable":true,"href":"https:\/\/moverdb.com\/hu\/wp-json\/wp\/v2\/users\/4"}],"replies":[{"embeddable":true,"href":"https:\/\/moverdb.com\/hu\/wp-json\/wp\/v2\/comments?post=11600"}],"version-history":[{"count":1,"href":"https:\/\/moverdb.com\/hu\/wp-json\/wp\/v2\/pages\/11600\/revisions"}],"predecessor-version":[{"id":11601,"href":"https:\/\/moverdb.com\/hu\/wp-json\/wp\/v2\/pages\/11600\/revisions\/11601"}],"up":[{"embeddable":true,"href":"https:\/\/moverdb.com\/hu\/wp-json\/wp\/v2\/pages\/190"}],"wp:featuredmedia":[{"embeddable":true,"href":"https:\/\/moverdb.com\/hu\/wp-json\/wp\/v2\/media\/11263"}],"wp:attachment":[{"href":"https:\/\/moverdb.com\/hu\/wp-json\/wp\/v2\/media?parent=11600"}],"curies":[{"name":"wp","href":"https:\/\/api.w.org\/{rel}","templated":true}]}}