{"id":11574,"date":"2023-11-29T10:39:50","date_gmt":"2023-11-29T10:39:50","guid":{"rendered":"https:\/\/moverdb.com\/?page_id=11574"},"modified":"2026-01-08T15:24:45","modified_gmt":"2026-01-08T15:24:45","slug":"moving-companies-in-honolulu-usa","status":"publish","type":"page","link":"https:\/\/moverdb.com\/hu\/moving-companies\/moving-companies-in-honolulu-usa\/","title":{"rendered":"4 legjobb nemzetk\u00f6zi k\u00f6lt\u00f6ztet\u0151 c\u00e9gek Honolulu v\u00e1ros\u00e1ban"},"content":{"rendered":"<p>A helyi vagy t\u00e1vols\u00e1gi k\u00f6lt\u00f6z\u00e9s megtervez\u00e9se bonyolult \u00e9s stresszes lehet, ez\u00e9rt egy <a href=\"https:\/\/moverdb.com\/hu\/moving-companies\/\" data-internallinksmanager029f6b8e52c=\"79\" title=\"Top 25 nemzetk\u00f6zi k\u00f6lt\u00f6ztet\u0151 c\u00e9gek online\">k\u00f6lt\u00f6ztet\u0151 c\u00e9g<\/a> hogy \u00e1tvegyenek n\u00e9h\u00e1ny szerepet, az val\u00f3ban seg\u00edthet. Az al\u00e1bbiakban \u00f6ssze\u00e1ll\u00edtottunk egy list\u00e1t a honolului sz\u00e9khely\u0171 <a href=\"https:\/\/moverdb.com\/hu\/international-removals\/\" data-internallinksmanager029f6b8e52c=\"27\" title=\"36 legjobb nemzetk\u00f6zi k\u00f6lt\u00f6ztet\u0151 c\u00e9gek az Egyes\u00fclt Kir\u00e1lys\u00e1gban\">k\u00f6lt\u00f6ztet\u0151 c\u00e9gek<\/a> amelyek tagjai a <a href=\"https:\/\/moverdb.com\/hu\/iam\/\" data-internallinksmanager029f6b8e52c=\"23\" title=\"A K\u00f6lt\u00f6ztet\u0151k Nemzetk\u00f6zi Sz\u00f6vets\u00e9ge (IAM) magyar\u00e1zata\">K\u00f6lt\u00f6ztet\u0151k Nemzetk\u00f6zi Sz\u00f6vets\u00e9ge<\/a> (IAM) \u00e9s\/vagy <a href=\"https:\/\/moverdb.com\/hu\/fidi-faim\/\" data-internallinksmanager029f6b8e52c=\"16\" title=\"FIDI &amp; FAIM (FIDI akkredit\u00e1lt nemzetk\u00f6zi fuvaroz\u00f3) magyar\u00e1zata\">FIDI<\/a> Akkredit\u00e1lt nemzetk\u00f6zi k\u00f6lt\u00f6ztet\u0151 (FAIM), aki seg\u00edthet \u00d6nnek a k\u00f6lt\u00f6z\u00e9sben.<\/p>\n<div id=\"ez-toc-container\" class=\"ez-toc-v2_0_82_2 ez-toc-wrap-left counter-hierarchy ez-toc-counter ez-toc-transparent ez-toc-container-direction\">\n<div class=\"ez-toc-title-container\">\n<p class=\"ez-toc-title\" style=\"cursor:inherit\">Szakaszok<\/p>\n<span class=\"ez-toc-title-toggle\"><a href=\"#\" class=\"ez-toc-pull-right ez-toc-btn ez-toc-btn-xs ez-toc-btn-default ez-toc-toggle\" aria-label=\"Toggle Tartalomjegyz\u00e9k\"><span class=\"ez-toc-js-icon-con\"><span class=\"\"><span class=\"eztoc-hide\" style=\"display:none;\">Toggle<\/span><span class=\"ez-toc-icon-toggle-span\"><svg style=\"fill: #999;color:#999\" xmlns=\"http:\/\/www.w3.org\/2000\/svg\" class=\"list-377408\" width=\"20px\" height=\"20px\" viewbox=\"0 0 24 24\" fill=\"none\"><path d=\"M6 6H4v2h2V6zm14 0H8v2h12V6zM4 11h2v2H4v-2zm16 0H8v2h12v-2zM4 16h2v2H4v-2zm16 0H8v2h12v-2z\" fill=\"currentColor\"><\/path><\/svg><svg style=\"fill: #999;color:#999\" class=\"arrow-unsorted-368013\" xmlns=\"http:\/\/www.w3.org\/2000\/svg\" width=\"10px\" height=\"10px\" viewbox=\"0 0 24 24\" version=\"1.2\" baseprofile=\"tiny\"><path d=\"M18.2 9.3l-6.2-6.3-6.2 6.3c-.2.2-.3.4-.3.7s.1.5.3.7c.2.2.4.3.7.3h11c.3 0 .5-.1.7-.3.2-.2.3-.5.3-.7s-.1-.5-.3-.7zM5.8 14.7l6.2 6.3 6.2-6.3c.2-.2.3-.5.3-.7s-.1-.5-.3-.7c-.2-.2-.4-.3-.7-.3h-11c-.3 0-.5.1-.7.3-.2.2-.3.5-.3.7s.1.5.3.7z\"\/><\/svg><\/span><\/span><\/span><\/a><\/span><\/div>\n<nav><ul class='ez-toc-list ez-toc-list-level-1 eztoc-toggle-hide-by-default' ><li class='ez-toc-page-1 ez-toc-heading-level-2'><a class=\"ez-toc-link ez-toc-heading-1\" href=\"https:\/\/moverdb.com\/hu\/moving-companies\/moving-companies-in-honolulu-usa\/#1_Island_Movers\" >1. Island Movers<\/a><\/li><li class='ez-toc-page-1 ez-toc-heading-level-2'><a class=\"ez-toc-link ez-toc-heading-2\" href=\"https:\/\/moverdb.com\/hu\/moving-companies\/moving-companies-in-honolulu-usa\/#2_Royal_Hawaiian_Movers\" >2. Royal Hawaiian Movers<\/a><\/li><li class='ez-toc-page-1 ez-toc-heading-level-2'><a class=\"ez-toc-link ez-toc-heading-3\" href=\"https:\/\/moverdb.com\/hu\/moving-companies\/moving-companies-in-honolulu-usa\/#3_WestPac_International\" >3. WestPac International<\/a><\/li><li class='ez-toc-page-1 ez-toc-heading-level-2'><a class=\"ez-toc-link ez-toc-heading-4\" href=\"https:\/\/moverdb.com\/hu\/moving-companies\/moving-companies-in-honolulu-usa\/#4_World_Wide_Movers_Inc\" >4. World Wide Movers Inc<\/a><\/li><\/ul><\/nav><\/div>\n<h2><span class=\"ez-toc-section\" id=\"1_Island_Movers\"><\/span><strong>1. Island Movers<\/strong><span class=\"ez-toc-section-end\"><\/span><\/h2>\n<p><img loading=\"lazy\" decoding=\"async\" class=\"alignnone size-full wp-image-11354\" src=\"https:\/\/moverdb.com\/wp-content\/uploads\/Island-Movers-international-moving-company.png\" alt=\"Island Movers nemzetk\u00f6zi k\u00f6lt\u00f6ztet\u0151 c\u00e9g\" width=\"1440\" height=\"676\" data-wp-pid=\"11354\" srcset=\"https:\/\/moverdb.com\/wp-content\/uploads\/Island-Movers-international-moving-company.png 1440w, https:\/\/moverdb.com\/wp-content\/uploads\/Island-Movers-international-moving-company-300x141.png 300w, https:\/\/moverdb.com\/wp-content\/uploads\/Island-Movers-international-moving-company-1024x481.png 1024w, https:\/\/moverdb.com\/wp-content\/uploads\/Island-Movers-international-moving-company-18x8.png 18w, https:\/\/moverdb.com\/wp-content\/uploads\/Island-Movers-international-moving-company-600x282.png 600w\" sizes=\"auto, (max-width: 1440px) 100vw, 1440px\" \/><\/p>\n<ul>\n<li>Helyi \u00e9s orsz\u00e1gos k\u00f6lt\u00f6z\u00e9sek<\/li>\n<li>Nemzetk\u00f6zi k\u00f6lt\u00f6z\u00e9sek<\/li>\n<li>Lakoss\u00e1gi k\u00f6lt\u00f6z\u00e9sek<\/li>\n<li>\u00dczleti l\u00e9p\u00e9sek<\/li>\n<li>Mozg\u00e1sir\u00e1ny\u00edt\u00e1s<\/li>\n<li>H\u00e1zr\u00f3l h\u00e1zra vagy h\u00e1zr\u00f3l h\u00e1zra<a href=\"https:\/\/moverdb.com\/hu\/top-49-container-ports\/\" data-internallinksmanager029f6b8e52c=\"80\" title=\"Top 49 legnagyobb \u00e9s legforgalmasabb kont\u00e9nerkik\u00f6t\u0151 2025-ben\">port<\/a> szolg\u00e1ltat\u00e1s<\/li>\n<li>Ingyenes becsl\u00e9s<\/li>\n<li>Csomagol\u00e1si szolg\u00e1ltat\u00e1si lehet\u0151s\u00e9gek<\/li>\n<li>Sz\u00e1ll\u00edt\u00e1si meg\u00e1llapod\u00e1sok<\/li>\n<li>R\u00f6vid \u00e9s hossz\u00fa t\u00e1v\u00fa t\u00e1rol\u00e1s<\/li>\n<\/ul>\n<p>Az Island Movers egy 1958-ban alap\u00edtott k\u00f6lt\u00f6ztet\u0151 \u00e9s sz\u00e1ll\u00edtm\u00e1nyoz\u00e1si v\u00e1llalat, amelynek sz\u00e9khelye Honoluluban tal\u00e1lhat\u00f3. Partner\u00fcgyn\u00f6k\u00f6kkel dolgoznak vil\u00e1gszerte, hogy glob\u00e1lisan sz\u00e1ll\u00edtsanak k\u00f6lt\u00f6ztet\u00e9si szolg\u00e1ltat\u00e1sokat a k\u00f6vetkez\u0151 helyekre vagy helyr\u0151l. <a href=\"https:\/\/moverdb.com\/hu\/moving-to-the-united-states\/moving-to-hawaii\/\" data-internallinksmanager029f6b8e52c=\"403\" title=\"Hawaiira k\u00f6lt\u00f6zik? 2023 Lakhat\u00e1si k\u00f6lts\u00e9gek \u00e9s k\u00f6lt\u00f6z\u00e9si tippek\">Hawaii<\/a>. Az IAM tagja, 65 \u00e9ves tapasztalattal.<\/p>\n<p>Az Island Movers k\u00f6lt\u00f6z\u00e9si szolg\u00e1ltat\u00e1sokat k\u00edn\u00e1l a k\u00f6lt\u00f6z\u00e9s hawaii r\u00e9sz\u00e9hez, \u00e9s egy\u00fcttm\u0171k\u00f6dik partnereivel vagy az \u00d6n \u00e1ltal v\u00e1lasztott k\u00f6lt\u00f6ztet\u0151 c\u00e9ggel a jelenlegi tart\u00f3zkod\u00e1si hely\u00e9n, hogy koordin\u00e1lja a k\u00f6lt\u00f6z\u00e9st. Hawaii k\u00f6lt\u00f6z\u00e9sekhez csomagol\u00e1si szolg\u00e1ltat\u00e1sokat k\u00edn\u00e1lnak, vagy \u00f6nmaga is csomagolhat. Hawaiin t\u00e1rol\u00e1si megold\u00e1sokat k\u00edn\u00e1lnak hossz\u00fa vagy r\u00f6vid t\u00e1v\u00fa t\u00e1rol\u00e1s lehet\u0151s\u00e9g\u00e9vel biztons\u00e1gos rakt\u00e1rakban vagy 20' vagy 40' kont\u00e9nerekben.<\/p>\n<p>Weboldal: <a href=\"https:\/\/www.islandmovers.com\/\" target=\"_blank\" rel=\"noopener\">https:\/\/www.islandmovers.com\/<\/a><\/p>\n<h2><span class=\"ez-toc-section\" id=\"2_Royal_Hawaiian_Movers\"><\/span><strong>2. Royal Hawaiian Movers<\/strong><span class=\"ez-toc-section-end\"><\/span><\/h2>\n<p><img loading=\"lazy\" decoding=\"async\" class=\"alignnone size-full wp-image-11429\" src=\"https:\/\/moverdb.com\/wp-content\/uploads\/Royal-Hawaiian-Movers-international-moving-company.png\" alt=\"Royal Hawaiian Movers nemzetk\u00f6zi k\u00f6lt\u00f6ztet\u0151 c\u00e9g\" width=\"1440\" height=\"683\" data-wp-pid=\"11429\" srcset=\"https:\/\/moverdb.com\/wp-content\/uploads\/Royal-Hawaiian-Movers-international-moving-company.png 1440w, https:\/\/moverdb.com\/wp-content\/uploads\/Royal-Hawaiian-Movers-international-moving-company-300x142.png 300w, https:\/\/moverdb.com\/wp-content\/uploads\/Royal-Hawaiian-Movers-international-moving-company-1024x486.png 1024w, https:\/\/moverdb.com\/wp-content\/uploads\/Royal-Hawaiian-Movers-international-moving-company-18x9.png 18w, https:\/\/moverdb.com\/wp-content\/uploads\/Royal-Hawaiian-Movers-international-moving-company-600x285.png 600w\" sizes=\"auto, (max-width: 1440px) 100vw, 1440px\" \/><\/p>\n<ul>\n<li>Helyi \u00e9s orsz\u00e1gos k\u00f6lt\u00f6z\u00e9sek<\/li>\n<li>Nemzetk\u00f6zi k\u00f6lt\u00f6z\u00e9sek<\/li>\n<li>H\u00e1ztart\u00e1si k\u00f6lt\u00f6z\u00e9sek<\/li>\n<li>\u00dczleti \u00e1thelyez\u00e9sek<\/li>\n<li>Szem\u00e9lyre szabott szolg\u00e1ltat\u00e1sok<\/li>\n<li>Csomagol\u00e1si szolg\u00e1ltat\u00e1s<\/li>\n<li>Sz\u00e1ll\u00edt\u00e1si meg\u00e1llapod\u00e1sok<\/li>\n<li>V\u00e1mt\u00e1mogat\u00e1s<\/li>\n<li>J\u00e1rm\u0171sz\u00e1ll\u00edt\u00e1s<\/li>\n<li>Rakt\u00e1roz\u00e1si lehet\u0151s\u00e9gek<\/li>\n<\/ul>\n<p>A Royal Hawaiian Movers egy 1982-ben alap\u00edtott k\u00f6lt\u00f6ztet\u0151 \u00e9s sz\u00e1ll\u00edt\u00f3 c\u00e9g, amelynek irod\u00e1i Honolulu, Kahului, Keaau, Kailua \u00e9s Lihue v\u00e1rosokban tal\u00e1lhat\u00f3k. A The DeWitt Companies csal\u00e1d tagja, amely integr\u00e1lt k\u00f6lt\u00f6ztet\u00e9si \u00e9s t\u00e1rol\u00e1si szolg\u00e1ltat\u00e1si h\u00e1l\u00f3zattal rendelkezik. Tagjai az IAM-nek 41 \u00e9ves tapasztalattal.<\/p>\n<p>A Royal Hawaiian Movers szem\u00e9lyes vagy virtu\u00e1lis k\u00f6lt\u00f6z\u00e9s el\u0151tti felm\u00e9r\u00e9st \u00e9s tervez\u00e9si szolg\u00e1ltat\u00e1st k\u00edn\u00e1l, hogy megszervezze k\u00f6lt\u00f6z\u00e9s\u00e9t ak\u00e1r h\u00e1zt\u00f3l h\u00e1zig, ak\u00e1r kik\u00f6t\u0151t\u0151l kik\u00f6t\u0151ig. Szem\u00e9lyre szabott, az \u00d6n ig\u00e9nyeire szabott szolg\u00e1ltat\u00e1st ny\u00fajtanak, \u00e9s t\u00e1mogatj\u00e1k \u00d6nt a k\u00f6lt\u00f6z\u00e9s minden aspektus\u00e1ban, bele\u00e9rtve a holmik becsomagol\u00e1s\u00e1t, a kirakod\u00e1st \u00e9s a lak\u00e1s \u00f6sszeszerel\u00e9s\u00e9t, a sz\u00e1ll\u00edt\u00e1st, a szok\u00e1sokat \u00e9s a kultur\u00e1lis tan\u00e1csad\u00e1st.<\/p>\n<p>Weboldal: <a href=\"https:\/\/www.royalhawaiianmovers.com\/\" target=\"_blank\" rel=\"noopener\">https:\/\/www.royalhawaiianmovers.com\/<\/a><\/p>\n<h2><span class=\"ez-toc-section\" id=\"3_WestPac_International\"><\/span><strong>3. WestPac International<\/strong><span class=\"ez-toc-section-end\"><\/span><\/h2>\n<p><img loading=\"lazy\" decoding=\"async\" class=\"alignnone size-full wp-image-11477\" src=\"https:\/\/moverdb.com\/wp-content\/uploads\/WestPac-International-moving-company.png\" alt=\"WestPac International k\u00f6lt\u00f6ztet\u0151 c\u00e9g\" width=\"1440\" height=\"682\" data-wp-pid=\"11477\" srcset=\"https:\/\/moverdb.com\/wp-content\/uploads\/WestPac-International-moving-company.png 1440w, https:\/\/moverdb.com\/wp-content\/uploads\/WestPac-International-moving-company-300x142.png 300w, https:\/\/moverdb.com\/wp-content\/uploads\/WestPac-International-moving-company-1024x485.png 1024w, https:\/\/moverdb.com\/wp-content\/uploads\/WestPac-International-moving-company-18x9.png 18w, https:\/\/moverdb.com\/wp-content\/uploads\/WestPac-International-moving-company-600x284.png 600w\" sizes=\"auto, (max-width: 1440px) 100vw, 1440px\" \/><\/p>\n<ul>\n<li>Helyi \u00e9s orsz\u00e1gos k\u00f6lt\u00f6z\u00e9sek<\/li>\n<li>Nemzetk\u00f6zi k\u00f6lt\u00f6z\u00e9sek<\/li>\n<li>Lakoss\u00e1gi k\u00f6lt\u00f6z\u00e9sek<\/li>\n<li>Irod\u00e1k \u00e1thelyez\u00e9se<\/li>\n<li>H\u00e1zt\u00f3l-h\u00e1zig szolg\u00e1ltat\u00e1s<\/li>\n<li>Csomagol\u00e1s \u00e9s csomagol\u00e1s<\/li>\n<li>Kiv\u00e1l\u00f3 min\u0151s\u00e9g\u0171 csomagol\u00f3anyagok<\/li>\n<li>A sz\u00e1ll\u00edt\u00e1s megszervez\u00e9se<\/li>\n<li>Biztos\u00edt\u00e1s<\/li>\n<li>Biztons\u00e1gos r\u00f6vid \u00e9s hossz\u00fa t\u00e1v\u00fa t\u00e1rol\u00e1s<\/li>\n<\/ul>\n<p>A WestPac International egy t\u00f6bb mint 25 \u00e9ves tapasztalattal rendelkez\u0151 nemzetk\u00f6zi k\u00f6lt\u00f6ztet\u0151 c\u00e9g, amelynek sz\u00e9khelye Honoluluban tal\u00e1lhat\u00f3. 23 \u00e9ves tapasztalattal az IAM tagja, ami hozz\u00e1f\u00e9r\u00e9st biztos\u00edt sz\u00e1mukra a k\u00f6lt\u00f6ztet\u0151 c\u00e9gek nemzetk\u00f6zi h\u00e1l\u00f3zat\u00e1hoz, amelyek t\u00e1mogatni tudj\u00e1k \u0151ket a vil\u00e1gm\u00e9ret\u0171 k\u00f6lt\u00f6ztet\u00e9si szolg\u00e1ltat\u00e1sokkal.<\/p>\n<p>A WestPac International ingyenes \u00e1raj\u00e1nlatot ad, \u00e9s a legjobb lehet\u0151s\u00e9get \u00e9s \u00e1rat keresi az \u00d6n k\u00f6lt\u00f6z\u00e9se sz\u00e1m\u00e1ra. Csomagol\u00e1si \u00e9s dobozol\u00e1si szolg\u00e1ltat\u00e1st ny\u00fajtanak, amely kiv\u00e1l\u00f3 min\u0151s\u00e9g\u0171 k\u00f6lt\u00f6ztet\u0151anyagokat haszn\u00e1l, vagy \u00f6nmaga is csomagolhat a biztos\u00edtott csomagol\u00f3anyagokkal. Megszervezik a holmij\u00e1nak a c\u00e9l\u00e1llom\u00e1sra t\u00f6rt\u00e9n\u0151 sz\u00e1ll\u00edt\u00e1s\u00e1t, \u00e9s biztos\u00edt\u00e1st is ny\u00fajtanak.<\/p>\n<p>Weboldal: <a href=\"https:\/\/www.westpacinternational.com\/\" target=\"_blank\" rel=\"noopener\">https:\/\/www.westpacinternational.com\/<\/a><\/p>\n<h2><span class=\"ez-toc-section\" id=\"4_World_Wide_Movers_Inc\"><\/span><strong>4. World Wide Movers Inc<\/strong><span class=\"ez-toc-section-end\"><\/span><\/h2>\n<p><img loading=\"lazy\" decoding=\"async\" class=\"alignnone size-full wp-image-11480\" src=\"https:\/\/moverdb.com\/wp-content\/uploads\/World-Wide-Movers-Inc-international-moving-company.png\" alt=\"World Wide Movers Inc nemzetk\u00f6zi k\u00f6lt\u00f6ztet\u0151 c\u00e9g\" width=\"1440\" height=\"678\" data-wp-pid=\"11480\" srcset=\"https:\/\/moverdb.com\/wp-content\/uploads\/World-Wide-Movers-Inc-international-moving-company.png 1440w, https:\/\/moverdb.com\/wp-content\/uploads\/World-Wide-Movers-Inc-international-moving-company-300x141.png 300w, https:\/\/moverdb.com\/wp-content\/uploads\/World-Wide-Movers-Inc-international-moving-company-1024x482.png 1024w, https:\/\/moverdb.com\/wp-content\/uploads\/World-Wide-Movers-Inc-international-moving-company-18x8.png 18w, https:\/\/moverdb.com\/wp-content\/uploads\/World-Wide-Movers-Inc-international-moving-company-600x283.png 600w\" sizes=\"auto, (max-width: 1440px) 100vw, 1440px\" \/><\/p>\n<ul>\n<li>Helyi \u00e9s orsz\u00e1gos k\u00f6lt\u00f6z\u00e9sek<\/li>\n<li>Nemzetk\u00f6zi \u00e1thelyez\u00e9sek<\/li>\n<li>Lakoss\u00e1gi k\u00f6lt\u00f6z\u00e9sek<\/li>\n<li>V\u00e1llalati \u00e1thelyez\u00e9sek<\/li>\n<li>Szem\u00e9lyre szabott k\u00f6lt\u00f6z\u00e9si terv<\/li>\n<li>Csomagol\u00e1si szolg\u00e1ltat\u00e1s<\/li>\n<li>Sz\u00e1ll\u00edt\u00e1si meg\u00e1llapod\u00e1sok<\/li>\n<li><a href=\"https:\/\/moverdb.com\/hu\/car-transport-shipping\/\" data-internallinksmanager029f6b8e52c=\"2\" title=\"2026 Nemzetk\u00f6zi aut\u00f3sz\u00e1ll\u00edt\u00e1s \u00e9s j\u00e1rm\u0171sz\u00e1ll\u00edt\u00e1s \u00e1raj\u00e1nlatok\">J\u00e1rm\u0171sz\u00e1ll\u00edt\u00e1s<\/a><\/li>\n<li>Biztos\u00edt\u00e1s<\/li>\n<li>Rakt\u00e1roz\u00e1si lehet\u0151s\u00e9gek<\/li>\n<\/ul>\n<p>A World Wide Movers Inc egy 1963-ban alap\u00edtott k\u00f6lt\u00f6ztet\u0151 \u00e9s t\u00e1rol\u00f3 c\u00e9g, amelynek sz\u00e9khelye Honolulu. A United Van Lines, a Mayflower Transit \u00e9s az UniGroup \u00fcgyn\u00f6ke. Az IAM tagja, 60 \u00e9ves tapasztalattal rendelkeznek.<\/p>\n<p>A World Wide Movers Inc. ingyenes \u00e1raj\u00e1nlatot ad, \u00e9s szem\u00e9lyre szabott k\u00f6lt\u00f6z\u00e9si tervet k\u00e9sz\u00edt az \u00d6n ig\u00e9nyeinek, \u00fctemterv\u00e9nek \u00e9s k\u00f6lts\u00e9gvet\u00e9s\u00e9nek megfelel\u0151en. Csomagol\u00e1si lehet\u0151s\u00e9geket k\u00edn\u00e1lnak, hogy \u00d6n rugalmasan d\u00f6nthesse el, mennyire szeretne r\u00e9szt venni a k\u00f6lt\u00f6z\u00e9sben - teljes csomagol\u00e1si szolg\u00e1ltat\u00e1s, t\u00f6r\u00e9keny csomagol\u00e1s \u00e9s bark\u00e1cscsomagol\u00e1s. Profi k\u00f6lt\u00f6ztet\u0151csapatuk az ipar\u00e1gi szabv\u00e1nyos anyagokat \u00e9s m\u00f3dszereket haszn\u00e1l a t\u00e1rgyak v\u00e9delm\u00e9re, \u00e9s egyedi l\u00e1d\u00e1kat is tudnak biztos\u00edtani.<\/p>\n<p>Weboldal: <a href=\"https:\/\/world-widemovers.com\/honolulu-hawaii-moving-company\/\" target=\"_blank\" rel=\"noopener\">https:\/\/world-widemovers.com\/honolulu-hawaii-moving-company\/<\/a><\/p>","protected":false},"excerpt":{"rendered":"<p>Planning a move locally or long distance can be complicated and stressful so involving a moving company to take on some of the roles can really help. Below we have compiled a list of Honolulu based removal companies that are members of the International Association of Movers (IAM) and\/or FIDI Accredited International Mover (FAIM) who [&hellip;]<\/p>\n","protected":false},"author":4,"featured_media":11354,"parent":190,"menu_order":0,"comment_status":"closed","ping_status":"closed","template":"","meta":{"_genesis_hide_title":false,"_genesis_hide_breadcrumbs":false,"_genesis_hide_singular_image":false,"_genesis_hide_footer_widgets":false,"_genesis_custom_body_class":"","_genesis_custom_post_class":"","_genesis_layout":"","footnotes":""},"class_list":{"0":"post-11574","1":"page","2":"type-page","3":"status-publish","4":"has-post-thumbnail","6":"entry"},"_links":{"self":[{"href":"https:\/\/moverdb.com\/hu\/wp-json\/wp\/v2\/pages\/11574","targetHints":{"allow":["GET"]}}],"collection":[{"href":"https:\/\/moverdb.com\/hu\/wp-json\/wp\/v2\/pages"}],"about":[{"href":"https:\/\/moverdb.com\/hu\/wp-json\/wp\/v2\/types\/page"}],"author":[{"embeddable":true,"href":"https:\/\/moverdb.com\/hu\/wp-json\/wp\/v2\/users\/4"}],"replies":[{"embeddable":true,"href":"https:\/\/moverdb.com\/hu\/wp-json\/wp\/v2\/comments?post=11574"}],"version-history":[{"count":1,"href":"https:\/\/moverdb.com\/hu\/wp-json\/wp\/v2\/pages\/11574\/revisions"}],"predecessor-version":[{"id":11575,"href":"https:\/\/moverdb.com\/hu\/wp-json\/wp\/v2\/pages\/11574\/revisions\/11575"}],"up":[{"embeddable":true,"href":"https:\/\/moverdb.com\/hu\/wp-json\/wp\/v2\/pages\/190"}],"wp:featuredmedia":[{"embeddable":true,"href":"https:\/\/moverdb.com\/hu\/wp-json\/wp\/v2\/media\/11354"}],"wp:attachment":[{"href":"https:\/\/moverdb.com\/hu\/wp-json\/wp\/v2\/media?parent=11574"}],"curies":[{"name":"wp","href":"https:\/\/api.w.org\/{rel}","templated":true}]}}