{"id":11566,"date":"2023-11-29T10:45:44","date_gmt":"2023-11-29T10:45:44","guid":{"rendered":"https:\/\/moverdb.com\/?page_id=11566"},"modified":"2026-01-08T15:25:07","modified_gmt":"2026-01-08T15:25:07","slug":"moving-companies-us-georgia","status":"publish","type":"page","link":"https:\/\/moverdb.com\/hu\/moving-companies\/moving-companies-us-georgia\/","title":{"rendered":"5 legjobb nemzetk\u00f6zi k\u00f6lt\u00f6ztet\u0151 c\u00e9gek Georgia"},"content":{"rendered":"<p>K\u00f6lt\u00f6z\u00e9skor sok mindent kell tennie, p\u00e9ld\u00e1ul megtervezni \u00e9s megszervezni a k\u00f6lt\u00f6z\u00e9st, kiv\u00e1lasztani a sz\u00e1ll\u00edt\u00e1si szolg\u00e1ltat\u00f3t, becsomagolni a holmij\u00e1t, \u00e9s ha k\u00fclf\u00f6ldre k\u00f6lt\u00f6zik, a v\u00e1mkezel\u00e9ssel is foglalkozni kell. E tev\u00e9kenys\u00e9gek k\u00f6z\u00fcl sok mindent elv\u00e9gezhet egy <a href=\"https:\/\/moverdb.com\/hu\/moving-companies\/\" data-internallinksmanager029f6b8e52c=\"79\" title=\"Top 25 nemzetk\u00f6zi k\u00f6lt\u00f6ztet\u0151 c\u00e9gek online\">k\u00f6lt\u00f6ztet\u0151 c\u00e9g<\/a>. Az al\u00e1bbiakban \u00f6ssze\u00e1ll\u00edtottunk egy list\u00e1t <a href=\"https:\/\/moverdb.com\/hu\/moving-to-the-united-states\/moving-to-georgia\/\" data-internallinksmanager029f6b8e52c=\"402\" title=\"K\u00f6lt\u00f6z\u00e9s Gr\u00fazi\u00e1ba? 2023 \u00c9letk\u00f6lts\u00e9gek \u00e9s k\u00f6lt\u00f6z\u00e9si tippek\">Georgia<\/a> alap\u00fa <a href=\"https:\/\/moverdb.com\/hu\/international-removals\/\" data-internallinksmanager029f6b8e52c=\"27\" title=\"36 legjobb nemzetk\u00f6zi k\u00f6lt\u00f6ztet\u0151 c\u00e9gek az Egyes\u00fclt Kir\u00e1lys\u00e1gban\">k\u00f6lt\u00f6ztet\u0151 c\u00e9gek<\/a> amelyek tagjai a <a href=\"https:\/\/moverdb.com\/hu\/iam\/\" data-internallinksmanager029f6b8e52c=\"23\" title=\"A K\u00f6lt\u00f6ztet\u0151k Nemzetk\u00f6zi Sz\u00f6vets\u00e9ge (IAM) magyar\u00e1zata\">K\u00f6lt\u00f6ztet\u0151k Nemzetk\u00f6zi Sz\u00f6vets\u00e9ge<\/a> (IAM) \u00e9s\/vagy <a href=\"https:\/\/moverdb.com\/hu\/fidi-faim\/\" data-internallinksmanager029f6b8e52c=\"16\" title=\"FIDI &amp; FAIM (FIDI akkredit\u00e1lt nemzetk\u00f6zi fuvaroz\u00f3) magyar\u00e1zata\">FIDI<\/a> Akkredit\u00e1lt nemzetk\u00f6zi k\u00f6lt\u00f6ztet\u0151 (FAIM), aki seg\u00edthet \u00d6nnek a k\u00f6lt\u00f6z\u00e9sben.<\/p>\n<div id=\"ez-toc-container\" class=\"ez-toc-v2_0_82_2 ez-toc-wrap-left counter-hierarchy ez-toc-counter ez-toc-transparent ez-toc-container-direction\">\n<div class=\"ez-toc-title-container\">\n<p class=\"ez-toc-title\" style=\"cursor:inherit\">Szakaszok<\/p>\n<span class=\"ez-toc-title-toggle\"><a href=\"#\" class=\"ez-toc-pull-right ez-toc-btn ez-toc-btn-xs ez-toc-btn-default ez-toc-toggle\" aria-label=\"Toggle Tartalomjegyz\u00e9k\"><span class=\"ez-toc-js-icon-con\"><span class=\"\"><span class=\"eztoc-hide\" style=\"display:none;\">Toggle<\/span><span class=\"ez-toc-icon-toggle-span\"><svg style=\"fill: #999;color:#999\" xmlns=\"http:\/\/www.w3.org\/2000\/svg\" class=\"list-377408\" width=\"20px\" height=\"20px\" viewbox=\"0 0 24 24\" fill=\"none\"><path d=\"M6 6H4v2h2V6zm14 0H8v2h12V6zM4 11h2v2H4v-2zm16 0H8v2h12v-2zM4 16h2v2H4v-2zm16 0H8v2h12v-2z\" fill=\"currentColor\"><\/path><\/svg><svg style=\"fill: #999;color:#999\" class=\"arrow-unsorted-368013\" xmlns=\"http:\/\/www.w3.org\/2000\/svg\" width=\"10px\" height=\"10px\" viewbox=\"0 0 24 24\" version=\"1.2\" baseprofile=\"tiny\"><path d=\"M18.2 9.3l-6.2-6.3-6.2 6.3c-.2.2-.3.4-.3.7s.1.5.3.7c.2.2.4.3.7.3h11c.3 0 .5-.1.7-.3.2-.2.3-.5.3-.7s-.1-.5-.3-.7zM5.8 14.7l6.2 6.3 6.2-6.3c.2-.2.3-.5.3-.7s-.1-.5-.3-.7c-.2-.2-.4-.3-.7-.3h-11c-.3 0-.5.1-.7.3-.2.2-.3.5-.3.7s.1.5.3.7z\"\/><\/svg><\/span><\/span><\/span><\/a><\/span><\/div>\n<nav><ul class='ez-toc-list ez-toc-list-level-1 eztoc-toggle-hide-by-default' ><li class='ez-toc-page-1 ez-toc-heading-level-2'><a class=\"ez-toc-link ez-toc-heading-1\" href=\"https:\/\/moverdb.com\/hu\/moving-companies\/moving-companies-us-georgia\/#1_A1_Freeman_Moving_Group\" >1. A1 Freeman Moving Group<\/a><\/li><li class='ez-toc-page-1 ez-toc-heading-level-2'><a class=\"ez-toc-link ez-toc-heading-2\" href=\"https:\/\/moverdb.com\/hu\/moving-companies\/moving-companies-us-georgia\/#2_Atlantic_Relocation_Systems\" >2. Atlantic Relocation Systems<\/a><\/li><li class='ez-toc-page-1 ez-toc-heading-level-2'><a class=\"ez-toc-link ez-toc-heading-3\" href=\"https:\/\/moverdb.com\/hu\/moving-companies\/moving-companies-us-georgia\/#3_Armstrong\" >3. Armstrong<\/a><\/li><li class='ez-toc-page-1 ez-toc-heading-level-2'><a class=\"ez-toc-link ez-toc-heading-4\" href=\"https:\/\/moverdb.com\/hu\/moving-companies\/moving-companies-us-georgia\/#4_Beltmann_Moving_Storage\" >4. Beltmann K\u00f6lt\u00f6ztet\u00e9s \u00e9s rakt\u00e1roz\u00e1s<\/a><\/li><li class='ez-toc-page-1 ez-toc-heading-level-2'><a class=\"ez-toc-link ez-toc-heading-5\" href=\"https:\/\/moverdb.com\/hu\/moving-companies\/moving-companies-us-georgia\/#5_Hilldrup\" >5. Hilldrup<\/a><\/li><\/ul><\/nav><\/div>\n<h2><span class=\"ez-toc-section\" id=\"1_A1_Freeman_Moving_Group\"><\/span><strong>1. A1 Freeman Moving Group<\/strong><span class=\"ez-toc-section-end\"><\/span><\/h2>\n<p><img loading=\"lazy\" decoding=\"async\" class=\"alignnone size-full wp-image-11236\" src=\"https:\/\/moverdb.com\/wp-content\/uploads\/A1-Freeman-Moving-Group-international-moving-company.png\" alt=\"A1 Freeman Moving Group nemzetk\u00f6zi k\u00f6lt\u00f6ztet\u0151 c\u00e9g\" width=\"1440\" height=\"675\" data-wp-pid=\"11236\" srcset=\"https:\/\/moverdb.com\/wp-content\/uploads\/A1-Freeman-Moving-Group-international-moving-company.png 1440w, https:\/\/moverdb.com\/wp-content\/uploads\/A1-Freeman-Moving-Group-international-moving-company-300x141.png 300w, https:\/\/moverdb.com\/wp-content\/uploads\/A1-Freeman-Moving-Group-international-moving-company-1024x480.png 1024w, https:\/\/moverdb.com\/wp-content\/uploads\/A1-Freeman-Moving-Group-international-moving-company-18x8.png 18w, https:\/\/moverdb.com\/wp-content\/uploads\/A1-Freeman-Moving-Group-international-moving-company-600x281.png 600w\" sizes=\"auto, (max-width: 1440px) 100vw, 1440px\" \/><\/p>\n<ul>\n<li>Helyi \u00e9s t\u00e1vols\u00e1gi k\u00f6lt\u00f6z\u00e9sek<\/li>\n<li>Nemzetk\u00f6zi k\u00f6lt\u00f6z\u00e9sek<\/li>\n<li>H\u00e1ztart\u00e1si k\u00f6lt\u00f6z\u00e9sek<\/li>\n<li>\u00dczleti \u00e1thelyez\u00e9sek<\/li>\n<li>Testreszabott szolg\u00e1ltat\u00e1sok<\/li>\n<li>\u00dcgyf\u00e9lszolg\u00e1lati tan\u00e1csad\u00f3<\/li>\n<li>Csomagol\u00e1si szolg\u00e1ltat\u00e1s<\/li>\n<li>Sz\u00e1ll\u00edt\u00e1si meg\u00e1llapod\u00e1sok<\/li>\n<li>V\u00e1mt\u00e1mogat\u00e1s<\/li>\n<li>Mozg\u00e1s concierge a k\u00f6lt\u00f6z\u00e9s ut\u00e1ni nyomon k\u00f6vet\u00e9shez<\/li>\n<\/ul>\n<p>Az A1 Freeman Moving Group egy 1974 \u00f3ta m\u0171k\u00f6d\u0151 k\u00f6lt\u00f6ztet\u0151 \u00e9s sz\u00e1ll\u00edt\u00f3 c\u00e9g, amelynek sz\u00e9khelye a k\u00f6vetkez\u0151 v\u00e1rosban tal\u00e1lhat\u00f3 <a href=\"https:\/\/moverdb.com\/hu\/moving-to-atlanta\/\" data-internallinksmanager029f6b8e52c=\"32\" title=\"Atlant\u00e1ba k\u00f6lt\u00f6zik? 2022 Lakhat\u00e1si k\u00f6lts\u00e9gek \u00e9s k\u00f6lt\u00f6z\u00e9si tippek\">Atlanta<\/a>. \u0150k olyan sz\u00e1ll\u00edt\u00e1si szakemberek h\u00e1l\u00f3zata, akik helyi, orsz\u00e1gos \u00e9s nemzetk\u00f6zi k\u00f6lt\u00f6ztet\u00e9si szolg\u00e1ltat\u00e1sokat tudnak ny\u00fajtani. Az IAM tagjak\u00e9nt 33 \u00e9ves tapasztalattal rendelkeznek.<\/p>\n<p>Az A1 Freeman Moving Group a k\u00f6lt\u00f6z\u00e9s el\u0151tt tan\u00e1csad\u00e1st k\u00edn\u00e1l egyik k\u00e9pvisel\u0151j\u00e9vel, aki v\u00e9gigk\u00eds\u00e9ri \u00d6nt a folyamaton, \u00e9s seg\u00edt megtervezni a k\u00f6lt\u00f6z\u00e9st. Kijel\u00f6lnek egy \u00fcgyf\u00e9lszolg\u00e1lati tan\u00e1csad\u00f3t, aki a k\u00f6lt\u00f6z\u00e9s minden l\u00e9p\u00e9s\u00e9t ir\u00e1ny\u00edtja. \u0150k k\u00e9sz\u00edtenek egy k\u00f6lt\u00f6z\u00e9si tervet, amely mag\u00e1ban foglalja a csomagol\u00e1si, sz\u00e1ll\u00edt\u00e1si, v\u00e1mkezel\u00e9si \u00e9s leteleped\u00e9si szolg\u00e1ltat\u00e1sokat.<\/p>\n<p>Weboldal: <a href=\"http:\/\/www.a1freemanatlanta.com\/\" target=\"_blank\" rel=\"noopener\">http:\/\/www.a1freemanatlanta.com\/<\/a><\/p>\n<h2><span class=\"ez-toc-section\" id=\"2_Atlantic_Relocation_Systems\"><\/span><strong>2. Atlantic Relocation Systems<\/strong><span class=\"ez-toc-section-end\"><\/span><\/h2>\n<p><img loading=\"lazy\" decoding=\"async\" class=\"alignnone size-full wp-image-11262\" src=\"https:\/\/moverdb.com\/wp-content\/uploads\/Atlantic-Relocation-Systems-international-moving-company.png\" alt=\"Atlantic Relocation Systems nemzetk\u00f6zi k\u00f6lt\u00f6ztet\u0151 c\u00e9g\" width=\"1440\" height=\"677\" data-wp-pid=\"11262\" srcset=\"https:\/\/moverdb.com\/wp-content\/uploads\/Atlantic-Relocation-Systems-international-moving-company.png 1440w, https:\/\/moverdb.com\/wp-content\/uploads\/Atlantic-Relocation-Systems-international-moving-company-300x141.png 300w, https:\/\/moverdb.com\/wp-content\/uploads\/Atlantic-Relocation-Systems-international-moving-company-1024x481.png 1024w, https:\/\/moverdb.com\/wp-content\/uploads\/Atlantic-Relocation-Systems-international-moving-company-18x8.png 18w, https:\/\/moverdb.com\/wp-content\/uploads\/Atlantic-Relocation-Systems-international-moving-company-600x282.png 600w\" sizes=\"auto, (max-width: 1440px) 100vw, 1440px\" \/><\/p>\n<ul>\n<li>Helyi \u00e9s t\u00e1vols\u00e1gi k\u00f6lt\u00f6z\u00e9sek<\/li>\n<li>Nemzetk\u00f6zi k\u00f6lt\u00f6z\u00e9sek<\/li>\n<li>Lakoss\u00e1gi k\u00f6lt\u00f6z\u00e9sek<\/li>\n<li>Irodai k\u00f6lt\u00f6z\u00e9sek<\/li>\n<li>\u00c1thelyez\u00e9si koordin\u00e1tor<\/li>\n<li>Csomagol\u00e1si szolg\u00e1ltat\u00e1s<\/li>\n<li>K\u00f6z\u00fati, tengeri \u00e9s l\u00e9gi sz\u00e1ll\u00edt\u00e1s<\/li>\n<li>Dokument\u00e1ci\u00f3s seg\u00edts\u00e9gny\u00fajt\u00e1s<\/li>\n<li>M\u0171alkot\u00e1sok sz\u00e1ll\u00edt\u00e1sa<\/li>\n<li>T\u00e1rol\u00f3 l\u00e9tes\u00edtm\u00e9ny<\/li>\n<\/ul>\n<p>Az Atlantic Relocation Systems egy 1984-ben alap\u00edtott nemzetk\u00f6zi k\u00f6lt\u00f6ztet\u0151 c\u00e9g, amely 13 fi\u00f3kteleppel rendelkezik szerte a vil\u00e1gon. <a href=\"https:\/\/moverdb.com\/hu\/moving-to-the-united-states\/\" data-internallinksmanager029f6b8e52c=\"94\" title=\"Az Egyes\u00fclt \u00c1llamokba k\u00f6lt\u00f6zik? 2022 Meg\u00e9lhet\u00e9si k\u00f6lts\u00e9gek \u00e9s k\u00f6lt\u00f6z\u00e9si tippek\">US<\/a> az egyik Atlant\u00e1ban. \u0150k az Atlas Van Lines v\u00e1llalat, amely az eg\u00e9sz Egyes\u00fclt \u00c1llamokban lefedetts\u00e9get biztos\u00edt sz\u00e1mukra, \u00e9s nemzetk\u00f6zi h\u00e1l\u00f3zatokhoz is hozz\u00e1f\u00e9rnek, hogy t\u00e1mogass\u00e1k \u0151ket. Tagjai az IAM-nek, 52 \u00e9ves tapasztalattal rendelkeznek.<\/p>\n<p>Az Atlantic Relocation Systems nemzetk\u00f6zi k\u00f6lt\u00f6ztet\u0151k sz\u00e1m\u00e1ra nemzetk\u00f6zi k\u00f6lt\u00f6z\u00e9si koordin\u00e1tort biztos\u00edt, aki seg\u00edt \u00d6nnek a k\u00f6lt\u00f6z\u00e9s sor\u00e1n. A helyi k\u00f6lt\u00f6ztet\u0151k ingyenes h\u00e1zon bel\u00fcli becsl\u00e9st k\u00edn\u00e1lnak. Csomagol\u00e1si szolg\u00e1ltat\u00e1st ny\u00fajtanak, hogy megv\u00e9dj\u00e9k holmij\u00e1t a k\u00f6z\u00fati, tengeri vagy l\u00e9gi sz\u00e1ll\u00edt\u00e1s sor\u00e1n, \u00e9s seg\u00edts\u00e9get ny\u00fajtanak a dokument\u00e1ci\u00f3 kit\u00f6lt\u00e9s\u00e9ben.<\/p>\n<p>Weboldal: <a href=\"https:\/\/www.atlanticrelocation.com\/\" target=\"_blank\" rel=\"noopener\">https:\/\/www.atlanticrelocation.com\/<\/a><\/p>\n<h2><span class=\"ez-toc-section\" id=\"3_Armstrong\"><\/span><strong>3. Armstrong<\/strong><span class=\"ez-toc-section-end\"><\/span><\/h2>\n<p><img loading=\"lazy\" decoding=\"async\" class=\"alignnone size-full wp-image-11261\" src=\"https:\/\/moverdb.com\/wp-content\/uploads\/Armstrong-international-moving-company.png\" alt=\"Armstrong nemzetk\u00f6zi k\u00f6lt\u00f6ztet\u0151 c\u00e9g\" width=\"1440\" height=\"676\" data-wp-pid=\"11261\" srcset=\"https:\/\/moverdb.com\/wp-content\/uploads\/Armstrong-international-moving-company.png 1440w, https:\/\/moverdb.com\/wp-content\/uploads\/Armstrong-international-moving-company-300x141.png 300w, https:\/\/moverdb.com\/wp-content\/uploads\/Armstrong-international-moving-company-1024x481.png 1024w, https:\/\/moverdb.com\/wp-content\/uploads\/Armstrong-international-moving-company-18x8.png 18w, https:\/\/moverdb.com\/wp-content\/uploads\/Armstrong-international-moving-company-600x282.png 600w\" sizes=\"auto, (max-width: 1440px) 100vw, 1440px\" \/><\/p>\n<ul>\n<li>Helyi \u00e9s t\u00e1vols\u00e1gi k\u00f6lt\u00f6z\u00e9sek<\/li>\n<li>Nemzetk\u00f6zi k\u00f6lt\u00f6z\u00e9sek<\/li>\n<li>Lakoss\u00e1gi k\u00f6lt\u00f6z\u00e9sek<\/li>\n<li>Irodai k\u00f6lt\u00f6z\u00e9sek<\/li>\n<li>Alkalmazottak \u00e1thelyez\u00e9se<\/li>\n<li>Csomagol\u00e1si lehet\u0151s\u00e9gek<\/li>\n<li>L\u00e9gi, tengeri \u00e9s sz\u00e1razf\u00f6ldi sz\u00e1ll\u00edt\u00e1s<\/li>\n<li>V\u00e1mkezel\u00e9s<\/li>\n<li>C\u00e9l\u00e1llom\u00e1si szolg\u00e1ltat\u00e1sok<\/li>\n<li>R\u00f6vid \u00e9s hossz\u00fa t\u00e1v\u00fa t\u00e1rol\u00e1s<\/li>\n<\/ul>\n<p>Az Armstrong egy k\u00f6lt\u00f6ztet\u0151, k\u00f6lt\u00f6ztet\u0151 \u00e9s logisztikai v\u00e1llalat, amely orsz\u00e1gszerte 32 telephellyel rendelkezik, k\u00f6zt\u00fck egy atlantai telephellyel. Partnereik \u00e9s le\u00e1nyv\u00e1llalataik h\u00e1l\u00f3zata seg\u00edti \u0151ket szolg\u00e1ltat\u00e1saik nemzetk\u00f6zi ny\u00fajt\u00e1s\u00e1ban. Az IAM tagja, 38 \u00e9ves tapasztalattal rendelkeznek, \u00e9s a FIDI \u00e1ltal akkredit\u00e1ltak.<\/p>\n<p>Az Armstrong olyan k\u00f6lt\u00f6ztet\u00e9si szolg\u00e1ltat\u00e1sokat k\u00edn\u00e1l, amelyek magukban foglalj\u00e1k a teljes k\u00f6r\u0171 vagy r\u00e9szleges csomagol\u00e1si \u00e9s kicsomagol\u00e1si lehet\u0151s\u00e9geket, amelyek magukban foglalhatj\u00e1k a dobozol\u00e1st \u00e9s a speci\u00e1lis csomagol\u00e1st, valamint az \u00d6n tulajdon\u00e1nak v\u00e9delm\u00e9t a k\u00f6lt\u00f6z\u00e9s sor\u00e1n. Megszervezik a sz\u00e1ll\u00edt\u00e1st v\u00e1mkezel\u00e9ssel egy\u00fctt. A tov\u00e1bbi szolg\u00e1ltat\u00e1sok k\u00f6z\u00e9 tartozik a kultur\u00e1lis k\u00e9pz\u00e9s, a lak\u00e1selad\u00e1s \u00e9s -b\u00e9rl\u00e9s, valamint a t\u00e1rol\u00e1si lehet\u0151s\u00e9gek.<\/p>\n<p>Weboldal: <a href=\"https:\/\/www.armstrongrelocation.com\/\" target=\"_blank\" rel=\"noopener\">https:\/\/www.armstrongrelocation.com\/<\/a><\/p>\n<h2><span class=\"ez-toc-section\" id=\"4_Beltmann_Moving_Storage\"><\/span><strong>4. Beltmann K\u00f6lt\u00f6ztet\u00e9s \u00e9s rakt\u00e1roz\u00e1s<\/strong><span class=\"ez-toc-section-end\"><\/span><\/h2>\n<p><img loading=\"lazy\" decoding=\"async\" class=\"alignnone size-full wp-image-11269\" src=\"https:\/\/moverdb.com\/wp-content\/uploads\/Beltmann-Relocation-Group-international-moving-company.png\" alt=\"Beltmann Relocation Group nemzetk\u00f6zi k\u00f6lt\u00f6ztet\u0151 c\u00e9g\" width=\"1440\" height=\"682\" data-wp-pid=\"11269\" srcset=\"https:\/\/moverdb.com\/wp-content\/uploads\/Beltmann-Relocation-Group-international-moving-company.png 1440w, https:\/\/moverdb.com\/wp-content\/uploads\/Beltmann-Relocation-Group-international-moving-company-300x142.png 300w, https:\/\/moverdb.com\/wp-content\/uploads\/Beltmann-Relocation-Group-international-moving-company-1024x485.png 1024w, https:\/\/moverdb.com\/wp-content\/uploads\/Beltmann-Relocation-Group-international-moving-company-18x9.png 18w, https:\/\/moverdb.com\/wp-content\/uploads\/Beltmann-Relocation-Group-international-moving-company-600x284.png 600w\" sizes=\"auto, (max-width: 1440px) 100vw, 1440px\" \/><\/p>\n<ul>\n<li>Helyi \u00e9s t\u00e1vols\u00e1gi k\u00f6lt\u00f6z\u00e9sek<\/li>\n<li>Nemzetk\u00f6zi k\u00f6lt\u00f6z\u00e9sek<\/li>\n<li>Lakoss\u00e1gi k\u00f6lt\u00f6z\u00e9sek<\/li>\n<li>Irodai k\u00f6lt\u00f6z\u00e9sek<\/li>\n<li>V\u00e1llalati \u00e1thelyez\u00e9sek<\/li>\n<li>Testreszabhat\u00f3 szolg\u00e1ltat\u00e1sok<\/li>\n<li>Mozg\u00e1s tan\u00e1csad\u00f3<\/li>\n<li>Csomagol\u00e1si szolg\u00e1ltat\u00e1s<\/li>\n<li>Sz\u00e1ll\u00edt\u00e1si meg\u00e1llapod\u00e1sok<\/li>\n<li>Biztons\u00e1gos t\u00e1rol\u00e1s<\/li>\n<\/ul>\n<p>A Beltmann Moving &amp; Storage egy 1923-ban alap\u00edtott k\u00f6lt\u00f6ztet\u0151 c\u00e9g, amely 11 telephellyel rendelkezik az Egyes\u00fclt \u00c1llamokban, bele\u00e9rtve Atlant\u00e1t is. A North American Van Lines-hoz tartoznak, ami nagyobb lefedetts\u00e9get biztos\u00edt sz\u00e1mukra, valamint nemzetk\u00f6zi h\u00e1l\u00f3zattal rendelkeznek. Az IAM tagja, 24 \u00e9ves tapasztalattal rendelkeznek.<\/p>\n<p>A Beltmann K\u00f6lt\u00f6ztet\u00e9s \u00e9s Rakt\u00e1roz\u00e1s szem\u00e9lyre szabhat\u00f3 csomagokat k\u00edn\u00e1l, \u00edgy \u00d6n csak az \u00d6n \u00e1ltal ig\u00e9nyelt szolg\u00e1ltat\u00e1sok\u00e9rt fizet, \u00e9s seg\u00edt a k\u00f6lts\u00e9gvet\u00e9sen bel\u00fcl maradni. Szem\u00e9lyre szabott t\u00e1mogat\u00e1st \u00e9s all-inclusive csomagokat k\u00edn\u00e1lnak, amelyek mindent elint\u00e9zhetnek, vagy v\u00e1laszthat egyedi szolg\u00e1ltat\u00e1sokat is. K\u00f6lt\u00f6z\u00e9si tan\u00e1csad\u00f3juk megszervezi k\u00f6lt\u00f6z\u00e9s\u00e9t, bele\u00e9rtve a csomagol\u00e1st \u00e9s a c\u00e9l\u00e1llom\u00e1sra t\u00f6rt\u00e9n\u0151 sz\u00e1ll\u00edt\u00e1st.<\/p>\n<p>Weboldal: <a href=\"http:\/\/www.beltmann.com\/\" target=\"_blank\" rel=\"noopener\">http:\/\/www.beltmann.com\/<\/a><\/p>\n<h2><span class=\"ez-toc-section\" id=\"5_Hilldrup\"><\/span><strong>5. Hilldrup<\/strong><span class=\"ez-toc-section-end\"><\/span><\/h2>\n<p><img loading=\"lazy\" decoding=\"async\" class=\"alignnone size-full wp-image-11339\" src=\"https:\/\/moverdb.com\/wp-content\/uploads\/Hilldrup-international-moving-company.png\" alt=\"Hilldrup nemzetk\u00f6zi k\u00f6lt\u00f6ztet\u0151 c\u00e9g\" width=\"1440\" height=\"674\" data-wp-pid=\"11339\" srcset=\"https:\/\/moverdb.com\/wp-content\/uploads\/Hilldrup-international-moving-company.png 1440w, https:\/\/moverdb.com\/wp-content\/uploads\/Hilldrup-international-moving-company-300x140.png 300w, https:\/\/moverdb.com\/wp-content\/uploads\/Hilldrup-international-moving-company-1024x479.png 1024w, https:\/\/moverdb.com\/wp-content\/uploads\/Hilldrup-international-moving-company-18x8.png 18w, https:\/\/moverdb.com\/wp-content\/uploads\/Hilldrup-international-moving-company-600x281.png 600w\" sizes=\"auto, (max-width: 1440px) 100vw, 1440px\" \/><\/p>\n<ul>\n<li>Helyi \u00e9s t\u00e1vols\u00e1gi k\u00f6lt\u00f6z\u00e9sek<\/li>\n<li>Nemzetk\u00f6zi k\u00f6lt\u00f6z\u00e9sek<\/li>\n<li>Lakoss\u00e1gi k\u00f6lt\u00f6z\u00e9sek<\/li>\n<li>\u00dczleti l\u00e9p\u00e9sek<\/li>\n<li>K\u00f6lt\u00f6ztet\u0151 csomagok v\u00e1laszt\u00e9ka<\/li>\n<li>Mozg\u00e1s tan\u00e1csad\u00f3<\/li>\n<li>Csomagol\u00e1si szolg\u00e1ltat\u00e1s<\/li>\n<li>Sz\u00e1ll\u00edt\u00e1si szab\u00e1lyok<\/li>\n<li>Nyomon k\u00f6vet\u00e9si friss\u00edt\u00e9sek<\/li>\n<li>R\u00f6vid \u00e9s hossz\u00fa t\u00e1v\u00fa t\u00e1rol\u00e1s<\/li>\n<\/ul>\n<p>A Hilldrup egy 1903-ban alap\u00edtott k\u00f6lt\u00f6ztet\u0151 \u00e9s t\u00e1rol\u00f3 c\u00e9g, amely 10 telephellyel rendelkezik az USA d\u00e9lkeleti \u00e9s k\u00f6z\u00e9p-atlanti r\u00e9sz\u00e9n, k\u00f6zt\u00fck egy atlantai telephellyel. Vezet\u0151 szervezetekkel \u00e1llnak nemzetk\u00f6zi kapcsolatban, hogy t\u00e1mogass\u00e1k \u00fcgyfeleiket \u00e9s nemzetk\u00f6zi szolg\u00e1ltat\u00e1sokat ny\u00fajtsanak, amelyek k\u00f6z\u00e9 tartozik a United Van Lines \u00e9s a Mayflower Transit. A FIDI \u00e1ltal akkredit\u00e1ltak.<\/p>\n<p>A Hilldrup k\u00f6lt\u00f6z\u00e9si tan\u00e1csad\u00f3t biztos\u00edt a k\u00f6lt\u00f6z\u00e9s lebonyol\u00edt\u00e1s\u00e1hoz, \u00e9s a bark\u00e1csol\u00e1st\u00f3l a teljes k\u00f6r\u0171 csomagol\u00e1sig sz\u00e1mos csomagot k\u00edn\u00e1l. Virtu\u00e1lis k\u00f6lt\u00f6z\u00e9si felm\u00e9r\u00e9st k\u00edn\u00e1lnak, hogy felm\u00e9rj\u00e9k az \u00d6n ig\u00e9nyeit \u00e9s \u00e1raj\u00e1nlatot adjanak. A legjobb csomagol\u00f3anyagokat haszn\u00e1lj\u00e1k, hogy megv\u00e9dj\u00e9k a holmij\u00e1t a sz\u00e1ll\u00edt\u00e1s sor\u00e1n, \u00e9s egyedi csomagol\u00e1si \u00e9s l\u00e1d\u00e1z\u00e1si lehet\u0151s\u00e9geket k\u00edn\u00e1lnak a t\u00f6r\u00e9keny t\u00e1rgyak sz\u00e1m\u00e1ra.<\/p>\n<p>Weboldal: <a href=\"https:\/\/www.hilldrup.com\/\" target=\"_blank\" rel=\"noopener\">https:\/\/www.hilldrup.com\/<\/a><\/p>","protected":false},"excerpt":{"rendered":"<p>When you are moving there is a lot to do such as planning and organising the move, selecting a transportation provider and packing your belongings, and if you are moving abroad handling customs too. Many of these activities can be completed by a moving company. Below we have compiled a list of Georgia based removal [&hellip;]<\/p>\n","protected":false},"author":4,"featured_media":11236,"parent":190,"menu_order":0,"comment_status":"closed","ping_status":"closed","template":"","meta":{"_genesis_hide_title":false,"_genesis_hide_breadcrumbs":false,"_genesis_hide_singular_image":false,"_genesis_hide_footer_widgets":false,"_genesis_custom_body_class":"","_genesis_custom_post_class":"","_genesis_layout":"","footnotes":""},"class_list":{"0":"post-11566","1":"page","2":"type-page","3":"status-publish","4":"has-post-thumbnail","6":"entry"},"_links":{"self":[{"href":"https:\/\/moverdb.com\/hu\/wp-json\/wp\/v2\/pages\/11566","targetHints":{"allow":["GET"]}}],"collection":[{"href":"https:\/\/moverdb.com\/hu\/wp-json\/wp\/v2\/pages"}],"about":[{"href":"https:\/\/moverdb.com\/hu\/wp-json\/wp\/v2\/types\/page"}],"author":[{"embeddable":true,"href":"https:\/\/moverdb.com\/hu\/wp-json\/wp\/v2\/users\/4"}],"replies":[{"embeddable":true,"href":"https:\/\/moverdb.com\/hu\/wp-json\/wp\/v2\/comments?post=11566"}],"version-history":[{"count":3,"href":"https:\/\/moverdb.com\/hu\/wp-json\/wp\/v2\/pages\/11566\/revisions"}],"predecessor-version":[{"id":11570,"href":"https:\/\/moverdb.com\/hu\/wp-json\/wp\/v2\/pages\/11566\/revisions\/11570"}],"up":[{"embeddable":true,"href":"https:\/\/moverdb.com\/hu\/wp-json\/wp\/v2\/pages\/190"}],"wp:featuredmedia":[{"embeddable":true,"href":"https:\/\/moverdb.com\/hu\/wp-json\/wp\/v2\/media\/11236"}],"wp:attachment":[{"href":"https:\/\/moverdb.com\/hu\/wp-json\/wp\/v2\/media?parent=11566"}],"curies":[{"name":"wp","href":"https:\/\/api.w.org\/{rel}","templated":true}]}}