{"id":11560,"date":"2023-11-29T10:28:15","date_gmt":"2023-11-29T10:28:15","guid":{"rendered":"https:\/\/moverdb.com\/?page_id=11560"},"modified":"2026-01-08T15:24:13","modified_gmt":"2026-01-08T15:24:13","slug":"moving-companies-in-el-paso-usa","status":"publish","type":"page","link":"https:\/\/moverdb.com\/hu\/moving-companies\/moving-companies-in-el-paso-usa\/","title":{"rendered":"3 legjobb nemzetk\u00f6zi k\u00f6lt\u00f6ztet\u0151 c\u00e9gek El Paso v\u00e1ros\u00e1ban"},"content":{"rendered":"<p>El Pas\u00f3n bel\u00fcl, El Pas\u00f3ba vagy El Pas\u00f3b\u00f3l tervez k\u00f6lt\u00f6zni? Akkor vegye ig\u00e9nybe a seg\u00edts\u00e9g\u00e9t egy <a href=\"https:\/\/moverdb.com\/hu\/moving-companies\/\" data-internallinksmanager029f6b8e52c=\"79\" title=\"Top 25 nemzetk\u00f6zi k\u00f6lt\u00f6ztet\u0151 c\u00e9gek online\">k\u00f6lt\u00f6ztet\u0151 c\u00e9g<\/a> a csomagol\u00e1s, a sz\u00e1ll\u00edt\u00e1s megszervez\u00e9se \u00e9s a v\u00e1mkezel\u00e9s a nemzetk\u00f6zi k\u00f6lt\u00f6z\u00e9sek sor\u00e1n cs\u00f6kkentheti a stresszt. Az al\u00e1bbiakban \u00f6ssze\u00e1ll\u00edtottunk egy list\u00e1t az El Paso-i sz\u00e9khely\u0171 <a href=\"https:\/\/moverdb.com\/hu\/international-removals\/\" data-internallinksmanager029f6b8e52c=\"27\" title=\"36 legjobb nemzetk\u00f6zi k\u00f6lt\u00f6ztet\u0151 c\u00e9gek az Egyes\u00fclt Kir\u00e1lys\u00e1gban\">k\u00f6lt\u00f6ztet\u0151 c\u00e9gek<\/a> amelyek tagjai a <a href=\"https:\/\/moverdb.com\/hu\/iam\/\" data-internallinksmanager029f6b8e52c=\"23\" title=\"A K\u00f6lt\u00f6ztet\u0151k Nemzetk\u00f6zi Sz\u00f6vets\u00e9ge (IAM) magyar\u00e1zata\">K\u00f6lt\u00f6ztet\u0151k Nemzetk\u00f6zi Sz\u00f6vets\u00e9ge<\/a> (IAM) \u00e9s\/vagy <a href=\"https:\/\/moverdb.com\/hu\/fidi-faim\/\" data-internallinksmanager029f6b8e52c=\"16\" title=\"FIDI &amp; FAIM (FIDI akkredit\u00e1lt nemzetk\u00f6zi fuvaroz\u00f3) magyar\u00e1zata\">FIDI<\/a> Akkredit\u00e1lt nemzetk\u00f6zi k\u00f6lt\u00f6ztet\u0151 (FAIM), aki seg\u00edthet \u00d6nnek a k\u00f6lt\u00f6z\u00e9sben.<\/p>\n<h2><strong>1. Deseret Nemzetk\u00f6zi Sz\u00e1ll\u00edtm\u00e1nyoz\u00e1s<\/strong><\/h2>\n<p><img loading=\"lazy\" decoding=\"async\" class=\"alignnone size-full wp-image-11305\" src=\"https:\/\/moverdb.com\/wp-content\/uploads\/Deseret-International-Forwarding-moving-company.png\" alt=\"Deseret International Forwarding k\u00f6lt\u00f6ztet\u0151 c\u00e9g\" width=\"1440\" height=\"676\" data-wp-pid=\"11305\" srcset=\"https:\/\/moverdb.com\/wp-content\/uploads\/Deseret-International-Forwarding-moving-company.png 1440w, https:\/\/moverdb.com\/wp-content\/uploads\/Deseret-International-Forwarding-moving-company-300x141.png 300w, https:\/\/moverdb.com\/wp-content\/uploads\/Deseret-International-Forwarding-moving-company-1024x481.png 1024w, https:\/\/moverdb.com\/wp-content\/uploads\/Deseret-International-Forwarding-moving-company-18x8.png 18w, https:\/\/moverdb.com\/wp-content\/uploads\/Deseret-International-Forwarding-moving-company-600x282.png 600w\" sizes=\"auto, (max-width: 1440px) 100vw, 1440px\" \/><\/p>\n<ul>\n<li>Nemzetk\u00f6zi k\u00f6lt\u00f6z\u00e9sek<\/li>\n<li>H\u00e1ztart\u00e1si k\u00f6lt\u00f6z\u00e9sek<\/li>\n<li>V\u00e1llalati k\u00f6lt\u00f6z\u00e9sek<\/li>\n<li>H\u00e1zr\u00f3l h\u00e1zra vagy <a href=\"https:\/\/moverdb.com\/hu\/top-49-container-ports\/\" data-internallinksmanager029f6b8e52c=\"80\" title=\"Top 49 legnagyobb \u00e9s legforgalmasabb kont\u00e9nerkik\u00f6t\u0151 2025-ben\">port<\/a>-h\u00e1zt\u00f3l-h\u00e1zig szolg\u00e1ltat\u00e1s<\/li>\n<li>Szem\u00e9lyes k\u00f6lt\u00f6z\u00e9s koordin\u00e1tora<\/li>\n<li>Csomagol\u00e1si szolg\u00e1ltat\u00e1s<\/li>\n<li>L\u00e9gi, tengeri \u00e9s sz\u00e1razf\u00f6ldi sz\u00e1ll\u00edt\u00e1s<\/li>\n<li>Online k\u00fcldem\u00e9nyk\u00f6vet\u00e9s<\/li>\n<li>Minden kock\u00e1zatra kiterjed\u0151 biztos\u00edt\u00e1s<\/li>\n<li>Biztons\u00e1gos t\u00e1rol\u00e1s<\/li>\n<\/ul>\n<p>A Deseret International Forwarding a h\u00e1ztart\u00e1si \u00e1ruk nemzetk\u00f6zi sz\u00e1ll\u00edtm\u00e1nyoz\u00e1s\u00e1ra \u00f6sszpontos\u00edt, \u00e9s sz\u00e9khelye El Pas\u00f3ban tal\u00e1lhat\u00f3. Megb\u00edzhat\u00f3 glob\u00e1lis kapcsolati h\u00e1l\u00f3val rendelkeznek m\u00e1s k\u00f6lt\u00f6ztet\u0151\u00fcgyn\u00f6k\u00f6kkel, hogy nemzetk\u00f6zi k\u00f6lt\u00f6ztet\u00e9si szolg\u00e1ltat\u00e1sokat k\u00edn\u00e1ljanak. Az IAM tagjak\u00e9nt 31 \u00e9ves tapasztalattal rendelkeznek.<\/p>\n<p>A Deseret International Forwarding szem\u00e9lyes k\u00f6lt\u00f6z\u00e9si koordin\u00e1torai t\u00e1mogatj\u00e1k \u00d6nt a k\u00f6lt\u00f6z\u00e9s sor\u00e1n, \u00e9s seg\u00edtenek kiv\u00e1lasztani a legjobb m\u00f3dj\u00e1t az \u00faj otthon\u00e1ba val\u00f3 k\u00f6lt\u00f6z\u00e9snek. H\u00e1zr\u00f3l h\u00e1zra vagy portr\u00f3l h\u00e1zra szolg\u00e1ltat\u00e1st k\u00edn\u00e1lnak, amely mag\u00e1ban foglalhatja a holmij\u00e1nak csomagol\u00e1s\u00e1t is. Megszervezik a holmij\u00e1nak biztons\u00e1gos sz\u00e1ll\u00edt\u00e1s\u00e1t l\u00e9gi, tengeri vagy sz\u00e1razf\u00f6ldi \u00faton.<\/p>\n<p>Weboldal: <a href=\"http:\/\/www.deseret-intl.com\/\" target=\"_blank\" rel=\"noopener\">http:\/\/www.deseret-intl.com\/<\/a><\/p>\n<h2><strong>2. ITO<\/strong><\/h2>\n<p><img loading=\"lazy\" decoding=\"async\" class=\"alignnone size-full wp-image-11355\" src=\"https:\/\/moverdb.com\/wp-content\/uploads\/ITO-El-Paso-international-moving-company.png\" alt=\"ITO El Paso nemzetk\u00f6zi k\u00f6lt\u00f6ztet\u0151 c\u00e9g\" width=\"1440\" height=\"683\" data-wp-pid=\"11355\" srcset=\"https:\/\/moverdb.com\/wp-content\/uploads\/ITO-El-Paso-international-moving-company.png 1440w, https:\/\/moverdb.com\/wp-content\/uploads\/ITO-El-Paso-international-moving-company-300x142.png 300w, https:\/\/moverdb.com\/wp-content\/uploads\/ITO-El-Paso-international-moving-company-1024x486.png 1024w, https:\/\/moverdb.com\/wp-content\/uploads\/ITO-El-Paso-international-moving-company-18x9.png 18w, https:\/\/moverdb.com\/wp-content\/uploads\/ITO-El-Paso-international-moving-company-600x285.png 600w\" sizes=\"auto, (max-width: 1440px) 100vw, 1440px\" \/><\/p>\n<ul>\n<li>Nemzeti l\u00e9p\u00e9sek<\/li>\n<li>Nemzetk\u00f6zi k\u00f6lt\u00f6z\u00e9sek<\/li>\n<li>H\u00e1ztart\u00e1s \u00e1thelyez\u00e9se<\/li>\n<li>Irod\u00e1k \u00e1thelyez\u00e9se<\/li>\n<li>Els\u0151 konzult\u00e1ci\u00f3<\/li>\n<li>Csomagol\u00e1si szolg\u00e1ltat\u00e1s<\/li>\n<li>Sz\u00e1ll\u00edt\u00e1si meg\u00e1llapod\u00e1sok<\/li>\n<li>V\u00e1mkezel\u00e9s<\/li>\n<li>K\u00e9zm\u0171ves szolg\u00e1ltat\u00e1sok<\/li>\n<li>Biztons\u00e1gos t\u00e1rol\u00e1s<\/li>\n<\/ul>\n<p>Az ITO egy nemzetk\u00f6zi k\u00f6lt\u00f6ztet\u0151 c\u00e9g, amely a k\u00f6vetkez\u0151 orsz\u00e1gokban rendelkezik kirendelts\u00e9gekkel <a href=\"https:\/\/moverdb.com\/hu\/moving-to-the-united-states\/\" data-internallinksmanager029f6b8e52c=\"94\" title=\"Az Egyes\u00fclt \u00c1llamokba k\u00f6lt\u00f6zik? 2022 Meg\u00e9lhet\u00e9si k\u00f6lts\u00e9gek \u00e9s k\u00f6lt\u00f6z\u00e9si tippek\">USA<\/a>, <a href=\"https:\/\/moverdb.com\/hu\/moving-to-germany\/\" data-internallinksmanager029f6b8e52c=\"321\" title=\"N\u00e9metorsz\u00e1gba k\u00f6lt\u00f6zik? 2023 Meg\u00e9lhet\u00e9si k\u00f6lts\u00e9gek \u00e9s k\u00f6lt\u00f6z\u00e9si tippek\">N\u00e9metorsz\u00e1g<\/a> \u00e9s Afrika. Az Egyes\u00fclt \u00c1llamokban El Pas\u00f3ban, Wichita Fallsban \u00e9s Norfolkban vannak irod\u00e1ik. Nemzetk\u00f6zi szinten saj\u00e1t fi\u00f3kjaik \u00e9s nemzetk\u00f6zi partnerh\u00e1l\u00f3zatuk seg\u00edts\u00e9g\u00e9vel dolgoznak. Az IAM tagjak\u00e9nt 47 \u00e9ves tapasztalattal rendelkeznek.<\/p>\n<p>Az ITO kezdeti konzult\u00e1ci\u00f3t \u00e9s tan\u00e1csad\u00e1st k\u00edn\u00e1l a felk\u00e9sz\u00fcl\u00e9shez. Standard \u00e9s speci\u00e1lis csomagol\u00e1st biztos\u00edtanak a t\u00e1rgyak v\u00e9delm\u00e9re, valamint a b\u00fatorok sz\u00e9t- \u00e9s \u00f6sszeszerel\u00e9s\u00e9re. Sz\u00fcks\u00e9g eset\u00e9n k\u00e9zm\u0171ves szolg\u00e1ltat\u00e1sokat is tudnak ny\u00fajtani. Sz\u00e1mos sz\u00e1ll\u00edt\u00e1si lehet\u0151s\u00e9get k\u00edn\u00e1lnak, bele\u00e9rtve egyes r\u00e9gi\u00f3kban a gy\u0171jt\u0151kont\u00e9nereket is.<\/p>\n<p>Weboldal: <a href=\"https:\/\/www.ito-movers.de\/?lang=en\" target=\"_blank\" rel=\"noopener\">https:\/\/www.ito-movers.de\/?lang=en<\/a><\/p>\n<h2><strong>3. TIS Worldwide<\/strong><\/h2>\n<p><img loading=\"lazy\" decoding=\"async\" class=\"alignnone size-full wp-image-11456\" src=\"https:\/\/moverdb.com\/wp-content\/uploads\/TIS-Worldwide-international-moving-company.png\" alt=\"TIS Worldwide nemzetk\u00f6zi k\u00f6lt\u00f6ztet\u0151 c\u00e9g\" width=\"1440\" height=\"682\" data-wp-pid=\"11456\" srcset=\"https:\/\/moverdb.com\/wp-content\/uploads\/TIS-Worldwide-international-moving-company.png 1440w, https:\/\/moverdb.com\/wp-content\/uploads\/TIS-Worldwide-international-moving-company-300x142.png 300w, https:\/\/moverdb.com\/wp-content\/uploads\/TIS-Worldwide-international-moving-company-1024x485.png 1024w, https:\/\/moverdb.com\/wp-content\/uploads\/TIS-Worldwide-international-moving-company-18x9.png 18w, https:\/\/moverdb.com\/wp-content\/uploads\/TIS-Worldwide-international-moving-company-600x284.png 600w\" sizes=\"auto, (max-width: 1440px) 100vw, 1440px\" \/><\/p>\n<ul>\n<li>Sz\u00e1ll\u00edtm\u00e1nyoz\u00e1si szolg\u00e1ltat\u00e1sok<\/li>\n<li>Nemzetk\u00f6zi sz\u00e1ll\u00edt\u00e1s<\/li>\n<li>Ir\u00e1ny\u00edtott logisztika<\/li>\n<li>Szem\u00e9lyre szabott szolg\u00e1ltat\u00e1s<\/li>\n<li>H\u00e1zt\u00f3l-h\u00e1zig szolg\u00e1ltat\u00e1s<\/li>\n<li>Kik\u00f6t\u0151k k\u00f6z\u00f6tti szolg\u00e1ltat\u00e1s<\/li>\n<li>Teherg\u00e9pkocsi-, vas\u00fati, k\u00f6z\u00fati \u00e9s tengeri sz\u00e1ll\u00edt\u00e1s<\/li>\n<li>Teljes \u00e9s kev\u00e9sb\u00e9 teljes terhel\u00e9s<\/li>\n<li>Rakom\u00e1nyk\u00f6vet\u00e9s<\/li>\n<li>Rakt\u00e1roz\u00e1si lehet\u0151s\u00e9gek<\/li>\n<\/ul>\n<p>A TIS Worldwide egy 1976-ban alap\u00edtott pr\u00e9mium logisztikai szolg\u00e1ltat\u00f3, amelynek sz\u00e9khelye El Paso. A vil\u00e1g legt\u00f6bb orsz\u00e1g\u00e1ban \u00fcgyn\u00f6kh\u00e1l\u00f3zattal rendelkeznek, amely seg\u00edti \u0151ket a nemzetk\u00f6zi szolg\u00e1ltat\u00e1sok ny\u00fajt\u00e1s\u00e1ban. Az IAM tagja, 47 \u00e9ves tapasztalattal rendelkeznek.<\/p>\n<p>A TIS Worldwide szem\u00e9lyre szabott szolg\u00e1ltat\u00e1st ny\u00fajt, \u00e9s a legkedvez\u0151bb sz\u00e1ll\u00edt\u00e1si lehet\u0151s\u00e9geket keresi fel az \u00d6n sz\u00e1ll\u00edtm\u00e1ny\u00e1hoz, hogy a legversenyk\u00e9pesebb k\u00f6lts\u00e9geket \u00e9s min\u0151s\u00e9gi szolg\u00e1ltat\u00e1st kapja. Sz\u00e1mos sz\u00e1ll\u00edt\u00e1si lehet\u0151s\u00e9get k\u00edn\u00e1lnak, bele\u00e9rtve a h\u00e1zt\u00f3l-h\u00e1zig \u00e9s a kik\u00f6t\u0151t\u0151l-kik\u00f6t\u0151ig szolg\u00e1ltat\u00e1sokat teljes \u00e9s kev\u00e9sb\u00e9 teljes kont\u00e9nerrakom\u00e1nyok, valamint projektrakom\u00e1nyok sz\u00e1m\u00e1ra.<\/p>\n<p>Weboldal: <a href=\"https:\/\/www.tis-shipping.com\/\" target=\"_blank\" rel=\"noopener\">https:\/\/www.tis-shipping.com\/<\/a><\/p>","protected":false},"excerpt":{"rendered":"<p>Are you planning on moving within, to or from El Paso? Then enlisting the help of a moving company to pack, arrange transport and handle customs for international moves can reduce the stress. Below we have compiled a list of El Paso based removal companies that are members of the International Association of Movers (IAM) [&hellip;]<\/p>\n","protected":false},"author":4,"featured_media":11305,"parent":190,"menu_order":0,"comment_status":"closed","ping_status":"closed","template":"","meta":{"_genesis_hide_title":false,"_genesis_hide_breadcrumbs":false,"_genesis_hide_singular_image":false,"_genesis_hide_footer_widgets":false,"_genesis_custom_body_class":"","_genesis_custom_post_class":"","_genesis_layout":"","footnotes":""},"class_list":{"0":"post-11560","1":"page","2":"type-page","3":"status-publish","4":"has-post-thumbnail","6":"entry"},"_links":{"self":[{"href":"https:\/\/moverdb.com\/hu\/wp-json\/wp\/v2\/pages\/11560","targetHints":{"allow":["GET"]}}],"collection":[{"href":"https:\/\/moverdb.com\/hu\/wp-json\/wp\/v2\/pages"}],"about":[{"href":"https:\/\/moverdb.com\/hu\/wp-json\/wp\/v2\/types\/page"}],"author":[{"embeddable":true,"href":"https:\/\/moverdb.com\/hu\/wp-json\/wp\/v2\/users\/4"}],"replies":[{"embeddable":true,"href":"https:\/\/moverdb.com\/hu\/wp-json\/wp\/v2\/comments?post=11560"}],"version-history":[{"count":1,"href":"https:\/\/moverdb.com\/hu\/wp-json\/wp\/v2\/pages\/11560\/revisions"}],"predecessor-version":[{"id":11561,"href":"https:\/\/moverdb.com\/hu\/wp-json\/wp\/v2\/pages\/11560\/revisions\/11561"}],"up":[{"embeddable":true,"href":"https:\/\/moverdb.com\/hu\/wp-json\/wp\/v2\/pages\/190"}],"wp:featuredmedia":[{"embeddable":true,"href":"https:\/\/moverdb.com\/hu\/wp-json\/wp\/v2\/media\/11305"}],"wp:attachment":[{"href":"https:\/\/moverdb.com\/hu\/wp-json\/wp\/v2\/media?parent=11560"}],"curies":[{"name":"wp","href":"https:\/\/api.w.org\/{rel}","templated":true}]}}