{"id":11558,"date":"2023-11-29T10:29:34","date_gmt":"2023-11-29T10:29:34","guid":{"rendered":"https:\/\/moverdb.com\/?page_id=11558"},"modified":"2026-01-08T15:24:12","modified_gmt":"2026-01-08T15:24:12","slug":"moving-companies-us-danbury","status":"publish","type":"page","link":"https:\/\/moverdb.com\/hu\/moving-companies\/moving-companies-us-danbury\/","title":{"rendered":"3 legjobb nemzetk\u00f6zi k\u00f6lt\u00f6ztet\u0151 c\u00e9g Danburyben"},"content":{"rendered":"<p>A k\u00f6lt\u00f6z\u00e9s megtervez\u00e9se \u00e9s ir\u00e1ny\u00edt\u00e1sa stresszes lehet, \u00edgy a k\u00f6lt\u00f6z\u00e9s megtervez\u00e9se \u00e9s ir\u00e1ny\u00edt\u00e1sa <a href=\"https:\/\/moverdb.com\/hu\/moving-companies\/\" data-internallinksmanager029f6b8e52c=\"79\" title=\"Top 25 nemzetk\u00f6zi k\u00f6lt\u00f6ztet\u0151 c\u00e9gek online\">k\u00f6lt\u00f6ztet\u0151 c\u00e9g<\/a> a csomagol\u00e1st \u00e9s a sz\u00e1ll\u00edt\u00e1st megk\u00f6nny\u00edtheti. Az al\u00e1bbiakban \u00f6ssze\u00e1ll\u00edtottunk egy list\u00e1t a Danbury-i sz\u00e9khely\u0171 <a href=\"https:\/\/moverdb.com\/hu\/international-removals\/\" data-internallinksmanager029f6b8e52c=\"27\" title=\"36 legjobb nemzetk\u00f6zi k\u00f6lt\u00f6ztet\u0151 c\u00e9gek az Egyes\u00fclt Kir\u00e1lys\u00e1gban\">k\u00f6lt\u00f6ztet\u0151 c\u00e9gek<\/a> amelyek tagjai a <a href=\"https:\/\/moverdb.com\/hu\/iam\/\" data-internallinksmanager029f6b8e52c=\"23\" title=\"A K\u00f6lt\u00f6ztet\u0151k Nemzetk\u00f6zi Sz\u00f6vets\u00e9ge (IAM) magyar\u00e1zata\">K\u00f6lt\u00f6ztet\u0151k Nemzetk\u00f6zi Sz\u00f6vets\u00e9ge<\/a> (IAM) \u00e9s\/vagy <a href=\"https:\/\/moverdb.com\/hu\/fidi-faim\/\" data-internallinksmanager029f6b8e52c=\"16\" title=\"FIDI &amp; FAIM (FIDI akkredit\u00e1lt nemzetk\u00f6zi fuvaroz\u00f3) magyar\u00e1zata\">FIDI<\/a> Akkredit\u00e1lt nemzetk\u00f6zi k\u00f6lt\u00f6ztet\u0151 (FAIM), aki seg\u00edthet \u00d6nnek a k\u00f6lt\u00f6z\u00e9sben.<\/p>\n<h2><strong>1. Continuum International<\/strong><\/h2>\n<p><img loading=\"lazy\" decoding=\"async\" class=\"alignnone size-full wp-image-11296\" src=\"https:\/\/moverdb.com\/wp-content\/uploads\/Continuum-International-moving-company.png\" alt=\"Continuum Nemzetk\u00f6zi k\u00f6lt\u00f6ztet\u0151 c\u00e9g\" width=\"1440\" height=\"677\" data-wp-pid=\"11296\" srcset=\"https:\/\/moverdb.com\/wp-content\/uploads\/Continuum-International-moving-company.png 1440w, https:\/\/moverdb.com\/wp-content\/uploads\/Continuum-International-moving-company-300x141.png 300w, https:\/\/moverdb.com\/wp-content\/uploads\/Continuum-International-moving-company-1024x481.png 1024w, https:\/\/moverdb.com\/wp-content\/uploads\/Continuum-International-moving-company-18x8.png 18w, https:\/\/moverdb.com\/wp-content\/uploads\/Continuum-International-moving-company-600x282.png 600w\" sizes=\"auto, (max-width: 1440px) 100vw, 1440px\" \/><\/p>\n<ul>\n<li>Nemzeti \u00e1thelyez\u00e9sek<\/li>\n<li>Nemzetk\u00f6zi \u00e1thelyez\u00e9sek<\/li>\n<li>V\u00e1llalat \u00e1thelyez\u00e9sek<\/li>\n<li>H\u00e1zt\u00f3l-h\u00e1zig szolg\u00e1ltat\u00e1s<\/li>\n<li>Testre szabott szolg\u00e1ltat\u00e1sok<\/li>\n<li>Csomagol\u00e1si szolg\u00e1ltat\u00e1s<\/li>\n<li>Sz\u00e1ll\u00edt\u00e1s l\u00e9gi, tengeri vagy teheraut\u00f3val<\/li>\n<li>Dokumentumok el\u0151k\u00e9sz\u00edt\u00e9se<\/li>\n<li>Tranzitbiztos\u00edt\u00e1s<\/li>\n<li>Rakt\u00e1roz\u00e1si lehet\u0151s\u00e9gek<\/li>\n<\/ul>\n<p>A Continuum International egy t\u00f6bb mint 20 \u00e9ve m\u0171k\u00f6d\u0151, glob\u00e1lis k\u00f6lt\u00f6ztet\u00e9si \u00e9s megb\u00edz\u00e1sszervez\u00e9si szolg\u00e1ltat\u00e1sokat ny\u00fajt\u00f3 v\u00e1llalat, amely Danburyben \u00e9s Brookfieldben rendelkezik telephellyel. Glob\u00e1lis partnerkapcsolatokkal rendelkeznek, amelyek lehet\u0151v\u00e9 teszik sz\u00e1mukra, hogy szolg\u00e1ltat\u00e1saikat nemzetk\u00f6zi szinten ny\u00fajts\u00e1k. Az IAM tagjak\u00e9nt 24 \u00e9ves tapasztalattal rendelkeznek.<\/p>\n<p>A Continuum International szem\u00e9lyre szabott, h\u00e1zt\u00f3l-h\u00e1zig tart\u00f3 k\u00f6lt\u00f6z\u00e9si \u00e9s k\u00f6lt\u00f6ztet\u00e9si szolg\u00e1ltat\u00e1sokat k\u00edn\u00e1l egy hozz\u00e1rendelt k\u00f6lt\u00f6z\u00e9si tan\u00e1csad\u00f3val. K\u00f6lt\u00f6z\u00e9s el\u0151tti felm\u00e9r\u00e9st k\u00edn\u00e1lnak, hogy felm\u00e9rj\u00e9k az \u00d6n k\u00f6lt\u00f6z\u00e9si ig\u00e9nyeit \u00e9s \u00f6ssze\u00e1ll\u00edts\u00e1k a k\u00f6lt\u00f6z\u00e9si tervet. \u0150k csomagolj\u00e1k be a holmij\u00e1t, biztos\u00edtva, hogy a csomagol\u00f3anyagok megfeleljenek a sz\u00e1ll\u00edt\u00e1si m\u00f3dnak \u00e9s a rendeltet\u00e9si helynek.<\/p>\n<p>Weboldal: <a href=\"https:\/\/www.continuumrelo.com\/\" target=\"_blank\" rel=\"noopener\">https:\/\/www.continuumrelo.com\/<\/a><\/p>\n<h2><strong>2. Interconex<\/strong><\/h2>\n<p><img loading=\"lazy\" decoding=\"async\" class=\"alignnone size-full wp-image-11345\" src=\"https:\/\/moverdb.com\/wp-content\/uploads\/Interconex-international-moving-company.png\" alt=\"Interconex nemzetk\u00f6zi k\u00f6lt\u00f6ztet\u0151 c\u00e9g\" width=\"1440\" height=\"678\" data-wp-pid=\"11345\" srcset=\"https:\/\/moverdb.com\/wp-content\/uploads\/Interconex-international-moving-company.png 1440w, https:\/\/moverdb.com\/wp-content\/uploads\/Interconex-international-moving-company-300x141.png 300w, https:\/\/moverdb.com\/wp-content\/uploads\/Interconex-international-moving-company-1024x482.png 1024w, https:\/\/moverdb.com\/wp-content\/uploads\/Interconex-international-moving-company-18x8.png 18w, https:\/\/moverdb.com\/wp-content\/uploads\/Interconex-international-moving-company-600x283.png 600w\" sizes=\"auto, (max-width: 1440px) 100vw, 1440px\" \/><\/p>\n<ul>\n<li>Nemzeti l\u00e9p\u00e9sek<\/li>\n<li>Nemzetk\u00f6zi k\u00f6lt\u00f6z\u00e9sek<\/li>\n<li>H\u00e1ztart\u00e1si k\u00f6lt\u00f6z\u00e9sek<\/li>\n<li>V\u00e1llalati k\u00f6lt\u00f6z\u00e9sek<\/li>\n<li>H\u00e1zt\u00f3l-h\u00e1zig szolg\u00e1ltat\u00e1s<\/li>\n<li>Csomagol\u00e1si szolg\u00e1ltat\u00e1s<\/li>\n<li>Sz\u00e1ll\u00edt\u00e1si meg\u00e1llapod\u00e1sok<\/li>\n<li>V\u00e1mkezel\u00e9s<\/li>\n<li>H\u00e1zi\u00e1llat \u00e1thelyez\u00e9s<\/li>\n<li>Biztons\u00e1gos t\u00e1rol\u00e1si szolg\u00e1ltat\u00e1sok<\/li>\n<\/ul>\n<p>Az Interconex egy 1969-ben alap\u00edtott, teljes k\u00f6r\u0171 szolg\u00e1ltat\u00e1st ny\u00fajt\u00f3 h\u00e1ztart\u00e1si ing\u00f3s\u00e1gokat sz\u00e1ll\u00edt\u00f3 v\u00e1llalat, amelynek sz\u00e9khelye Danburyben tal\u00e1lhat\u00f3. K\u00e9zzel kiv\u00e1lasztott nemzetk\u00f6zi partnerekkel dolgoznak egy\u00fctt, hogy szolg\u00e1ltat\u00e1saikat vil\u00e1gszerte ny\u00fajthass\u00e1k. A FIDI akkredit\u00e1lta \u0151ket.<\/p>\n<p>Az Interconex kezdeti felm\u00e9r\u00e9st k\u00edn\u00e1l az \u00d6n k\u00f6lt\u00f6z\u00e9si ig\u00e9nyeinek meghat\u00e1roz\u00e1s\u00e1hoz. Olyan csomagol\u00e1si szolg\u00e1ltat\u00e1st ny\u00fajtanak, amely a legjobb min\u0151s\u00e9g\u0171 csomagol\u00f3anyagokat \u00e9s k\u00e9pzett csomagol\u00f3kat haszn\u00e1l, hogy megv\u00e9dj\u00e9k a holmij\u00e1t. Ez mag\u00e1ban foglalhat speci\u00e1lis csomagol\u00f3anyagokat \u00e9s szem\u00e9lyre szabott l\u00e1d\u00e1kat. Tov\u00e1bbi szolg\u00e1ltat\u00e1sokat k\u00edn\u00e1lnak, amelyek k\u00f6z\u00e9 tartozik a rep\u00fcl\u0151t\u00e9ri sz\u00e1ll\u00edt\u00e1s, portaszolg\u00e1lat, ezermester seg\u00edts\u00e9g, szobal\u00e1ny-szolg\u00e1lat, ideiglenes sz\u00e1ll\u00e1s, c\u00e9l\u00e1llom\u00e1s-szolg\u00e1ltat\u00e1s, h\u00e1zi\u00e1llat-\u00e1thelyez\u00e9s, minden kock\u00e1zatra kiterjed\u0151 biztos\u00edt\u00e1s \u00e9s t\u00e1rol\u00e1s.<\/p>\n<p>Weboldal: <a href=\"https:\/\/www.interconex.com\/\" target=\"_blank\" rel=\"noopener\">https:\/\/www.interconex.com\/<\/a><\/p>\n<h2><strong>3. Intermove Ltd.<\/strong><\/h2>\n<p><img loading=\"lazy\" decoding=\"async\" class=\"alignnone size-full wp-image-11346\" src=\"https:\/\/moverdb.com\/wp-content\/uploads\/Intermove-Danbury-international-moving-company.png\" alt=\"Intermove Danbury nemzetk\u00f6zi k\u00f6lt\u00f6ztet\u0151 c\u00e9g\" width=\"1440\" height=\"680\" data-wp-pid=\"11346\" srcset=\"https:\/\/moverdb.com\/wp-content\/uploads\/Intermove-Danbury-international-moving-company.png 1440w, https:\/\/moverdb.com\/wp-content\/uploads\/Intermove-Danbury-international-moving-company-300x142.png 300w, https:\/\/moverdb.com\/wp-content\/uploads\/Intermove-Danbury-international-moving-company-1024x484.png 1024w, https:\/\/moverdb.com\/wp-content\/uploads\/Intermove-Danbury-international-moving-company-18x9.png 18w, https:\/\/moverdb.com\/wp-content\/uploads\/Intermove-Danbury-international-moving-company-600x283.png 600w\" sizes=\"auto, (max-width: 1440px) 100vw, 1440px\" \/><\/p>\n<ul>\n<li>Nemzetk\u00f6zi \u00e1thelyez\u00e9sek<\/li>\n<li>H\u00e1ztart\u00e1s \u00e1thelyez\u00e9se<\/li>\n<li>V\u00e1llalati \u00e1thelyez\u00e9sek<\/li>\n<li>H\u00e1zt\u00f3l-h\u00e1zig szolg\u00e1ltat\u00e1s<\/li>\n<li>Ingyenes becsl\u00e9s<\/li>\n<li>Virtu\u00e1lis \u00e9s helysz\u00edni seg\u00edts\u00e9gny\u00fajt\u00e1s<\/li>\n<li>L\u00e9gi, tengeri \u00e9s sz\u00e1razf\u00f6ldi sz\u00e1ll\u00edt\u00e1s<\/li>\n<li>Dokument\u00e1ci\u00f3s t\u00e1mogat\u00e1s<\/li>\n<li>Biztos\u00edt\u00e1s<\/li>\n<\/ul>\n<p>Az Intermove Ltd egy 1977-ben alap\u00edtott nemzetk\u00f6zi k\u00f6lt\u00f6ztet\u0151 \u00e9s k\u00f6lt\u00f6ztet\u0151 c\u00e9g, amelynek sz\u00e9khelye Danburyben tal\u00e1lhat\u00f3. Megb\u00edzhat\u00f3 nemzetk\u00f6zi k\u00f6lt\u00f6ztet\u0151 c\u00e9gek h\u00e1l\u00f3zat\u00e1val rendelkeznek, amelyek seg\u00edtenek nekik a h\u00e1zt\u00f3l-h\u00e1zig szolg\u00e1ltat\u00e1sok ny\u00fajt\u00e1s\u00e1ban az eg\u00e9sz vil\u00e1gon. Az IAM tagjak\u00e9nt 46 \u00e9ves tapasztalattal rendelkeznek.<\/p>\n<p>Az Intermove Ltd. ingyenes becsl\u00e9st k\u00edn\u00e1l nemzetk\u00f6zi k\u00f6lt\u00f6ztet\u00e9si szakembereik tan\u00e1csad\u00e1s\u00e1val \u00e9s t\u00e1mogat\u00e1s\u00e1val, ak\u00e1r virtu\u00e1lisan, ak\u00e1r a helysz\u00ednen, nemzetk\u00f6zi k\u00f6lt\u00f6z\u00e9sek eset\u00e9n. Megszervezik a holmij\u00e1nak biztons\u00e1gos sz\u00e1ll\u00edt\u00e1s\u00e1t l\u00e9gi, tengeri vagy sz\u00e1razf\u00f6ldi \u00faton, \u00e9s seg\u00edts\u00e9get ny\u00fajtanak a dokument\u00e1ci\u00f3val kapcsolatban. Biztos\u00edt\u00e1si fedezetet ny\u00fajtanak a szakszer\u0171en csomagolt rakom\u00e1nyok sz\u00e1m\u00e1ra.<\/p>\n<p>Weboldal: <a href=\"https:\/\/www.intermove.com\/\" target=\"_blank\" rel=\"noopener\">https:\/\/www.intermove.com\/<\/a><\/p>","protected":false},"excerpt":{"rendered":"<p>Planning and managing your move can be stressful so getting a moving company in to pack and transport your belongings can ease the pressure. Below we have compiled a list of Danbury based removal companies that are members of the International Association of Movers (IAM) and\/or FIDI Accredited International Mover (FAIM) who could assist you [&hellip;]<\/p>\n","protected":false},"author":4,"featured_media":11296,"parent":190,"menu_order":0,"comment_status":"closed","ping_status":"closed","template":"","meta":{"_genesis_hide_title":false,"_genesis_hide_breadcrumbs":false,"_genesis_hide_singular_image":false,"_genesis_hide_footer_widgets":false,"_genesis_custom_body_class":"","_genesis_custom_post_class":"","_genesis_layout":"","footnotes":""},"class_list":{"0":"post-11558","1":"page","2":"type-page","3":"status-publish","4":"has-post-thumbnail","6":"entry"},"_links":{"self":[{"href":"https:\/\/moverdb.com\/hu\/wp-json\/wp\/v2\/pages\/11558","targetHints":{"allow":["GET"]}}],"collection":[{"href":"https:\/\/moverdb.com\/hu\/wp-json\/wp\/v2\/pages"}],"about":[{"href":"https:\/\/moverdb.com\/hu\/wp-json\/wp\/v2\/types\/page"}],"author":[{"embeddable":true,"href":"https:\/\/moverdb.com\/hu\/wp-json\/wp\/v2\/users\/4"}],"replies":[{"embeddable":true,"href":"https:\/\/moverdb.com\/hu\/wp-json\/wp\/v2\/comments?post=11558"}],"version-history":[{"count":1,"href":"https:\/\/moverdb.com\/hu\/wp-json\/wp\/v2\/pages\/11558\/revisions"}],"predecessor-version":[{"id":11559,"href":"https:\/\/moverdb.com\/hu\/wp-json\/wp\/v2\/pages\/11558\/revisions\/11559"}],"up":[{"embeddable":true,"href":"https:\/\/moverdb.com\/hu\/wp-json\/wp\/v2\/pages\/190"}],"wp:featuredmedia":[{"embeddable":true,"href":"https:\/\/moverdb.com\/hu\/wp-json\/wp\/v2\/media\/11296"}],"wp:attachment":[{"href":"https:\/\/moverdb.com\/hu\/wp-json\/wp\/v2\/media?parent=11558"}],"curies":[{"name":"wp","href":"https:\/\/api.w.org\/{rel}","templated":true}]}}