{"id":11556,"date":"2023-11-29T10:30:30","date_gmt":"2023-11-29T10:30:30","guid":{"rendered":"https:\/\/moverdb.com\/?page_id=11556"},"modified":"2026-01-08T15:24:11","modified_gmt":"2026-01-08T15:24:11","slug":"moving-companies-us-connecticut","status":"publish","type":"page","link":"https:\/\/moverdb.com\/hu\/moving-companies\/moving-companies-us-connecticut\/","title":{"rendered":"3 legjobb nemzetk\u00f6zi k\u00f6lt\u00f6ztet\u0151 c\u00e9gek Connecticutban"},"content":{"rendered":"<p>Ha \u00d6n k\u00f6lt\u00f6zik, \u00e9rdemes lehet ig\u00e9nybe venni a szolg\u00e1ltat\u00e1sait egy <a href=\"https:\/\/moverdb.com\/hu\/moving-companies\/\" data-internallinksmanager029f6b8e52c=\"79\" title=\"Top 25 nemzetk\u00f6zi k\u00f6lt\u00f6ztet\u0151 c\u00e9gek online\">k\u00f6lt\u00f6ztet\u0151 c\u00e9g<\/a> a terhel\u00e9s al\u00e1t\u00e1maszt\u00e1s\u00e1ra \u00e9s cs\u00f6kkent\u00e9s\u00e9re. Seg\u00edtenek a k\u00f6lt\u00f6z\u00e9s megtervez\u00e9s\u00e9ben, a holmik csomagol\u00e1s\u00e1ban, a sz\u00e1ll\u00edt\u00e1s megszervez\u00e9s\u00e9ben \u00e9s a nemzetk\u00f6zi k\u00f6lt\u00f6z\u00e9sek v\u00e1mkezel\u00e9s\u00e9ben. Az al\u00e1bbiakban \u00f6ssze\u00e1ll\u00edtottunk egy list\u00e1t <a href=\"https:\/\/moverdb.com\/hu\/moving-to-the-united-states\/moving-to-connecticut\/\" data-internallinksmanager029f6b8e52c=\"444\" title=\"Connecticutba k\u00f6lt\u00f6zik? 2023 Lakhat\u00e1si k\u00f6lts\u00e9gek \u00e9s k\u00f6lt\u00f6z\u00e9si tippek\">Connecticut<\/a> alap\u00fa <a href=\"https:\/\/moverdb.com\/hu\/international-removals\/\" data-internallinksmanager029f6b8e52c=\"27\" title=\"36 legjobb nemzetk\u00f6zi k\u00f6lt\u00f6ztet\u0151 c\u00e9gek az Egyes\u00fclt Kir\u00e1lys\u00e1gban\">k\u00f6lt\u00f6ztet\u0151 c\u00e9gek<\/a> amelyek tagjai a <a href=\"https:\/\/moverdb.com\/hu\/iam\/\" data-internallinksmanager029f6b8e52c=\"23\" title=\"A K\u00f6lt\u00f6ztet\u0151k Nemzetk\u00f6zi Sz\u00f6vets\u00e9ge (IAM) magyar\u00e1zata\">K\u00f6lt\u00f6ztet\u0151k Nemzetk\u00f6zi Sz\u00f6vets\u00e9ge<\/a> (IAM) \u00e9s\/vagy <a href=\"https:\/\/moverdb.com\/hu\/fidi-faim\/\" data-internallinksmanager029f6b8e52c=\"16\" title=\"FIDI &amp; FAIM (FIDI akkredit\u00e1lt nemzetk\u00f6zi fuvaroz\u00f3) magyar\u00e1zata\">FIDI<\/a> Akkredit\u00e1lt nemzetk\u00f6zi k\u00f6lt\u00f6ztet\u0151 (FAIM), aki seg\u00edthet \u00d6nnek a k\u00f6lt\u00f6z\u00e9sben.<\/p>\n<h2><strong>1. Brimar \u00e1thelyez\u00e9s<\/strong><\/h2>\n<p><img loading=\"lazy\" decoding=\"async\" class=\"alignnone size-full wp-image-11277\" src=\"https:\/\/moverdb.com\/wp-content\/uploads\/Brimar-Relocations-international-moving-company.png\" alt=\"Brimar Relocations nemzetk\u00f6zi k\u00f6lt\u00f6ztet\u0151 c\u00e9g\" width=\"1440\" height=\"679\" data-wp-pid=\"11277\" srcset=\"https:\/\/moverdb.com\/wp-content\/uploads\/Brimar-Relocations-international-moving-company.png 1440w, https:\/\/moverdb.com\/wp-content\/uploads\/Brimar-Relocations-international-moving-company-300x141.png 300w, https:\/\/moverdb.com\/wp-content\/uploads\/Brimar-Relocations-international-moving-company-1024x483.png 1024w, https:\/\/moverdb.com\/wp-content\/uploads\/Brimar-Relocations-international-moving-company-18x8.png 18w, https:\/\/moverdb.com\/wp-content\/uploads\/Brimar-Relocations-international-moving-company-600x283.png 600w\" sizes=\"auto, (max-width: 1440px) 100vw, 1440px\" \/><\/p>\n<ul>\n<li>Nemzeti l\u00e9p\u00e9sek<\/li>\n<li>Nemzetk\u00f6zi k\u00f6lt\u00f6z\u00e9sek<\/li>\n<li>H\u00e1ztart\u00e1si k\u00f6lt\u00f6z\u00e9sek<\/li>\n<li>V\u00e1llalati \u00e1thelyez\u00e9sek<\/li>\n<li>H\u00e1zt\u00f3l-h\u00e1zig szolg\u00e1ltat\u00e1s<\/li>\n<li>Sz\u00e1ll\u00edt\u00e1si meg\u00e1llapod\u00e1sok<\/li>\n<li>V\u00e1mt\u00e1mogat\u00e1s<\/li>\n<li>K\u00e9pz\u0151m\u0171v\u00e9szeti kezel\u00e9s<\/li>\n<li>Biztos\u00edt\u00e1s<\/li>\n<li>Rakt\u00e1roz\u00e1si lehet\u0151s\u00e9gek<\/li>\n<\/ul>\n<p>A Brimar Relocations egy 2007-ben alap\u00edtott nemzetk\u00f6zi k\u00f6lt\u00f6ztet\u0151 c\u00e9g, amelynek sz\u00e9khelye Stamfordban van, \u00e9s irod\u00e1ja van a k\u00f6vetkez\u0151 v\u00e1rosban <a href=\"https:\/\/moverdb.com\/hu\/moving-to-france\/moving-to-paris\/\" data-internallinksmanager029f6b8e52c=\"407\" title=\"P\u00e1rizsba k\u00f6lt\u00f6zik? 2023 Lakhat\u00e1si k\u00f6lts\u00e9gek \u00e9s k\u00f6lt\u00f6z\u00e9si tippek\">P\u00e1rizs<\/a>. Vil\u00e1gszerte fejlett \u00fcgyn\u00f6kh\u00e1l\u00f3zattal rendelkeznek, amely seg\u00edti \u0151ket a nemzetk\u00f6zi k\u00f6lt\u00f6z\u00e9sek v\u00e9grehajt\u00e1s\u00e1ban. Tagjai az IAM-nek 14 \u00e9ves tapasztalattal rendelkeznek.<\/p>\n<p>A Brimar Relocation orsz\u00e1gos \u00e9s nemzetk\u00f6zi k\u00f6lt\u00f6ztet\u00e9si \u00e9s k\u00f6lt\u00f6ztet\u00e9si szolg\u00e1ltat\u00e1sokat k\u00edn\u00e1l, valamint v\u00e1llalati k\u00f6lt\u00f6ztet\u00e9sekre specializ\u00e1l\u00f3dott, \u00e9s k\u00e9pes kezelni a k\u00e9pz\u0151m\u0171v\u00e9szeti alkot\u00e1sokat. H\u00e1zr\u00f3l h\u00e1zra t\u00f6rt\u00e9n\u0151 k\u00f6lt\u00f6ztet\u00e9si szolg\u00e1ltat\u00e1sokat ny\u00fajtanak, ahol int\u00e9zkednek a holmij\u00e1nak a c\u00e9l\u00e1llom\u00e1sra t\u00f6rt\u00e9n\u0151 sz\u00e1ll\u00edt\u00e1s\u00e1r\u00f3l, amely mag\u00e1ban foglalhatja a dobozol\u00e1st \u00e9s a t\u00e1rol\u00e1st, valamint az alapvet\u0151 biztos\u00edt\u00e1si fedezetet.<\/p>\n<p>Weboldal: <a href=\"http:\/\/www.brimarrelo.com\" target=\"_blank\" rel=\"noopener\">http:\/\/www.brimarrelo.com<\/a><\/p>\n<h2><strong>2. Meyer<\/strong><\/h2>\n<p><img loading=\"lazy\" decoding=\"async\" class=\"alignnone size-full wp-image-11376\" src=\"https:\/\/moverdb.com\/wp-content\/uploads\/Meyer-international-moving-company.png\" alt=\"Meyer nemzetk\u00f6zi k\u00f6lt\u00f6ztet\u0151 c\u00e9g\" width=\"1440\" height=\"680\" data-wp-pid=\"11376\" srcset=\"https:\/\/moverdb.com\/wp-content\/uploads\/Meyer-international-moving-company.png 1440w, https:\/\/moverdb.com\/wp-content\/uploads\/Meyer-international-moving-company-300x142.png 300w, https:\/\/moverdb.com\/wp-content\/uploads\/Meyer-international-moving-company-1024x484.png 1024w, https:\/\/moverdb.com\/wp-content\/uploads\/Meyer-international-moving-company-18x9.png 18w, https:\/\/moverdb.com\/wp-content\/uploads\/Meyer-international-moving-company-600x283.png 600w\" sizes=\"auto, (max-width: 1440px) 100vw, 1440px\" \/><\/p>\n<ul>\n<li>Helyi \u00e9s t\u00e1vols\u00e1gi k\u00f6lt\u00f6z\u00e9sek<\/li>\n<li>Nemzetk\u00f6zi \u00e1thelyez\u00e9sek<\/li>\n<li>Lakoss\u00e1gi \u00e1thelyez\u00e9sek<\/li>\n<li>Irod\u00e1k \u00e1thelyez\u00e9se<\/li>\n<li>V\u00e1llalati \u00e1thelyez\u00e9sek<\/li>\n<li>H\u00e1zt\u00f3l-h\u00e1zig szolg\u00e1ltat\u00e1s<\/li>\n<li>Dedik\u00e1lt k\u00f6lt\u00f6z\u00e9si koordin\u00e1tor<\/li>\n<li>Csomagol\u00e1si lehet\u0151s\u00e9gek<\/li>\n<li><a href=\"https:\/\/moverdb.com\/hu\/car-transport-shipping\/\" data-internallinksmanager029f6b8e52c=\"2\" title=\"2026 Nemzetk\u00f6zi aut\u00f3sz\u00e1ll\u00edt\u00e1s \u00e9s j\u00e1rm\u0171sz\u00e1ll\u00edt\u00e1s \u00e1raj\u00e1nlatok\">J\u00e1rm\u0171sz\u00e1ll\u00edt\u00e1s<\/a><\/li>\n<li>T\u00e1rol\u00e1si megold\u00e1sok<\/li>\n<\/ul>\n<p>A Meyer egy 1915-ben alap\u00edtott, stratfordi sz\u00e9khely\u0171 logisztikai, k\u00f6lt\u00f6ztet\u00e9si \u00e9s t\u00e1rol\u00e1si megold\u00e1sokkal foglalkoz\u00f3 v\u00e1llalat. A United Van Lines h\u00e1l\u00f3zat\u00e1nak r\u00e9sze, amely hozz\u00e1f\u00e9r\u00e9st biztos\u00edt sz\u00e1mukra a k\u00f6lt\u00f6ztet\u0151 c\u00e9gekhez, hogy t\u00e1mogass\u00e1k \u0151ket szolg\u00e1ltat\u00e1saik ny\u00fajt\u00e1s\u00e1ban. Az IAM tagjak\u00e9nt 108 \u00e9ves tapasztalattal rendelkeznek.<\/p>\n<p>A Meyer k\u00f6lt\u00f6z\u00e9si konzult\u00e1ci\u00f3t k\u00edn\u00e1l az \u00d6n k\u00f6lt\u00f6z\u00e9si ig\u00e9nyeinek \u00e9s mennyis\u00e9g\u00e9nek felm\u00e9r\u00e9s\u00e9re. Egyetlen kapcsolattart\u00f3k\u00e9nt egy dedik\u00e1lt k\u00f6lt\u00f6z\u00e9si koordin\u00e1tort biztos\u00edtanak, aki a k\u00f6lt\u00f6z\u00e9s minden aspektus\u00e1t kezeli. Megkeresik az \u00d6n ig\u00e9nyeinek legmegfelel\u0151bb k\u00f6lt\u00f6z\u00e9si megold\u00e1st, \u00e9s h\u00e1zt\u00f3l-h\u00e1zig szolg\u00e1ltat\u00e1st ny\u00fajtanak, teljes k\u00f6r\u0171 csomagol\u00e1si szolg\u00e1ltat\u00e1s vagy saj\u00e1t csomagol\u00e1s lehet\u0151s\u00e9g\u00e9vel.<\/p>\n<p>Weboldal: <a href=\"http:\/\/www.williambmeyer.com\" target=\"_blank\" rel=\"noopener\">http:\/\/www.williambmeyer.com<\/a><\/p>\n<h2><strong>3. WorldCare Pet Transport<\/strong><\/h2>\n<p><img loading=\"lazy\" decoding=\"async\" class=\"alignnone size-full wp-image-11481\" src=\"https:\/\/moverdb.com\/wp-content\/uploads\/WorldCare-Pet-Transport-international-moving-company.png\" alt=\"WorldCare Pet Transport nemzetk\u00f6zi k\u00f6lt\u00f6ztet\u0151 c\u00e9g\" width=\"1440\" height=\"683\" data-wp-pid=\"11481\" srcset=\"https:\/\/moverdb.com\/wp-content\/uploads\/WorldCare-Pet-Transport-international-moving-company.png 1440w, https:\/\/moverdb.com\/wp-content\/uploads\/WorldCare-Pet-Transport-international-moving-company-300x142.png 300w, https:\/\/moverdb.com\/wp-content\/uploads\/WorldCare-Pet-Transport-international-moving-company-1024x486.png 1024w, https:\/\/moverdb.com\/wp-content\/uploads\/WorldCare-Pet-Transport-international-moving-company-18x9.png 18w, https:\/\/moverdb.com\/wp-content\/uploads\/WorldCare-Pet-Transport-international-moving-company-600x285.png 600w\" sizes=\"auto, (max-width: 1440px) 100vw, 1440px\" \/><\/p>\n<ul>\n<li>Orsz\u00e1gos szolg\u00e1ltat\u00e1s<\/li>\n<li>Nemzetk\u00f6zi szolg\u00e1ltat\u00e1s<\/li>\n<li>Priv\u00e1t kis\u00e1llat k\u00f6lt\u00f6z\u00e9sek<\/li>\n<li>V\u00e1llalati h\u00e1zi\u00e1llat \u00e1thelyez\u00e9sek<\/li>\n<li>\u00c1tfog\u00f3 szolg\u00e1ltat\u00e1s<\/li>\n<li>H\u00e1zt\u00f3l-h\u00e1zig szolg\u00e1ltat\u00e1s<\/li>\n<li>Mindenf\u00e9le h\u00e1zi\u00e1llat sz\u00e1m\u00e1ra<\/li>\n<li>Rendez\u00e9s hat\u00e9kony sz\u00e1ll\u00edt\u00e1s<\/li>\n<li>J\u00e1ratokat sz\u00e1ll\u00edt\u00f3 l\u00e9git\u00e1rsas\u00e1gok<\/li>\n<li>\u00c1llatorvosi szolg\u00e1ltat\u00e1sok<\/li>\n<\/ul>\n<p>A WorldCare Pet Transport egy t\u00f6bb mint 10 \u00e9ve m\u0171k\u00f6d\u0151 nemzetk\u00f6zi kis\u00e1llatsz\u00e1ll\u00edt\u00f3 v\u00e1llalat. H\u00e1ztart\u00e1si ing\u00f3s\u00e1gok k\u00f6lt\u00f6ztet\u0151ivel, k\u00f6lt\u00f6ztet\u00e9sszervez\u0151 c\u00e9gekkel \u00e9s hum\u00e1ner\u0151forr\u00e1s-felel\u0151s\u00f6kkel dolgoznak egy\u00fctt. Az USDA-n\u00e1l azonnali kezel\u0151k\u00e9nt vannak bejegyezve. Tagjai az IAM-nek, 22 \u00e9ves tapasztalattal rendelkeznek.<\/p>\n<p>A WorldCare Pet Transport \u00e1tfog\u00f3 kis\u00e1llat-\u00e1thelyez\u00e9si szolg\u00e1ltat\u00e1st ny\u00fajt, amely a vil\u00e1g b\u00e1rmely pontj\u00e1n felveszi \u00e9s elsz\u00e1ll\u00edtja kedvenc\u00e9t. \u0150k v\u00e9gzik az \u00f6sszes utaz\u00e1si el\u0151k\u00e9sz\u00fcletet, biztos\u00edtva a legk\u00f6zvetlenebb \u00e9s legk\u00f6lts\u00e9ghat\u00e9konyabb j\u00e1ratokat, valamint minden m\u00e9retben j\u00f3v\u00e1hagyott rep\u00fcl\u0151hordoz\u00f3t biztos\u00edtanak. \u00c1llatorvosi szolg\u00e1ltat\u00e1sokat is biztos\u00edtanak, bele\u00e9rtve az eg\u00e9szs\u00e9g\u00fcgyi vizsg\u00e1latokat, v\u00e9rmint\u00e1kat, bizony\u00edtv\u00e1nyokat \u00e9s mikrochipeket.<\/p>\n<p>Weboldal: <a href=\"http:\/\/www.WorldCarePet.com\" target=\"_blank\" rel=\"noopener\">http:\/\/www.WorldCarePet.com<\/a><\/p>","protected":false},"excerpt":{"rendered":"<p>If you are moving, you may want to employ the services of a moving company to support and lessen the load. They can help with planning the move, packing your belongings, arranging transport and handling customs for international moves. Below we have compiled a list of Connecticut based removal companies that are members of the [&hellip;]<\/p>\n","protected":false},"author":4,"featured_media":11277,"parent":190,"menu_order":0,"comment_status":"closed","ping_status":"closed","template":"","meta":{"_genesis_hide_title":false,"_genesis_hide_breadcrumbs":false,"_genesis_hide_singular_image":false,"_genesis_hide_footer_widgets":false,"_genesis_custom_body_class":"","_genesis_custom_post_class":"","_genesis_layout":"","footnotes":""},"class_list":{"0":"post-11556","1":"page","2":"type-page","3":"status-publish","4":"has-post-thumbnail","6":"entry"},"_links":{"self":[{"href":"https:\/\/moverdb.com\/hu\/wp-json\/wp\/v2\/pages\/11556","targetHints":{"allow":["GET"]}}],"collection":[{"href":"https:\/\/moverdb.com\/hu\/wp-json\/wp\/v2\/pages"}],"about":[{"href":"https:\/\/moverdb.com\/hu\/wp-json\/wp\/v2\/types\/page"}],"author":[{"embeddable":true,"href":"https:\/\/moverdb.com\/hu\/wp-json\/wp\/v2\/users\/4"}],"replies":[{"embeddable":true,"href":"https:\/\/moverdb.com\/hu\/wp-json\/wp\/v2\/comments?post=11556"}],"version-history":[{"count":1,"href":"https:\/\/moverdb.com\/hu\/wp-json\/wp\/v2\/pages\/11556\/revisions"}],"predecessor-version":[{"id":11557,"href":"https:\/\/moverdb.com\/hu\/wp-json\/wp\/v2\/pages\/11556\/revisions\/11557"}],"up":[{"embeddable":true,"href":"https:\/\/moverdb.com\/hu\/wp-json\/wp\/v2\/pages\/190"}],"wp:featuredmedia":[{"embeddable":true,"href":"https:\/\/moverdb.com\/hu\/wp-json\/wp\/v2\/media\/11277"}],"wp:attachment":[{"href":"https:\/\/moverdb.com\/hu\/wp-json\/wp\/v2\/media?parent=11556"}],"curies":[{"name":"wp","href":"https:\/\/api.w.org\/{rel}","templated":true}]}}