{"id":11548,"date":"2023-11-29T10:41:59","date_gmt":"2023-11-29T10:41:59","guid":{"rendered":"https:\/\/moverdb.com\/?page_id=11548"},"modified":"2026-01-08T15:24:37","modified_gmt":"2026-01-08T15:24:37","slug":"moving-companies-us-alexandria","status":"publish","type":"page","link":"https:\/\/moverdb.com\/hu\/moving-companies\/moving-companies-us-alexandria\/","title":{"rendered":"4 legjobb nemzetk\u00f6zi k\u00f6lt\u00f6ztet\u0151 c\u00e9gek Alexandria v\u00e1ros\u00e1ban"},"content":{"rendered":"<p>A k\u00f6lt\u00f6z\u00e9s nagyon elfoglalt id\u0151szak lehet, sok mindent meg kell szervezni, ez\u00e9rt sokan kapnak egy <a href=\"https:\/\/moverdb.com\/hu\/moving-companies\/\" data-internallinksmanager029f6b8e52c=\"79\" title=\"Top 25 nemzetk\u00f6zi k\u00f6lt\u00f6ztet\u0151 c\u00e9gek online\">k\u00f6lt\u00f6ztet\u0151 c\u00e9g<\/a> mivel \u0151k tudj\u00e1k becsomagolni, bepakolni \u00e9s sz\u00e1ll\u00edtani, valamint a c\u00e9l\u00e1llom\u00e1son kirakodni az \u00d6n t\u00e1rgyait. Az al\u00e1bbiakban \u00f6ssze\u00e1ll\u00edtottunk egy list\u00e1t az alexandriai sz\u00e9khely\u0171 <a href=\"https:\/\/moverdb.com\/hu\/international-removals\/\" data-internallinksmanager029f6b8e52c=\"27\" title=\"36 legjobb nemzetk\u00f6zi k\u00f6lt\u00f6ztet\u0151 c\u00e9gek az Egyes\u00fclt Kir\u00e1lys\u00e1gban\">k\u00f6lt\u00f6ztet\u0151 c\u00e9gek<\/a> amelyek tagjai a <a href=\"https:\/\/moverdb.com\/hu\/iam\/\" data-internallinksmanager029f6b8e52c=\"23\" title=\"A K\u00f6lt\u00f6ztet\u0151k Nemzetk\u00f6zi Sz\u00f6vets\u00e9ge (IAM) magyar\u00e1zata\">K\u00f6lt\u00f6ztet\u0151k Nemzetk\u00f6zi Sz\u00f6vets\u00e9ge<\/a> (IAM) \u00e9s\/vagy <a href=\"https:\/\/moverdb.com\/hu\/fidi-faim\/\" data-internallinksmanager029f6b8e52c=\"16\" title=\"FIDI &amp; FAIM (FIDI akkredit\u00e1lt nemzetk\u00f6zi fuvaroz\u00f3) magyar\u00e1zata\">FIDI<\/a> Akkredit\u00e1lt nemzetk\u00f6zi k\u00f6lt\u00f6ztet\u0151 (FAIM), aki seg\u00edthet \u00d6nnek a k\u00f6lt\u00f6z\u00e9sben.<\/p>\n<div id=\"ez-toc-container\" class=\"ez-toc-v2_0_82_2 ez-toc-wrap-left counter-hierarchy ez-toc-counter ez-toc-transparent ez-toc-container-direction\">\n<div class=\"ez-toc-title-container\">\n<p class=\"ez-toc-title\" style=\"cursor:inherit\">Szakaszok<\/p>\n<span class=\"ez-toc-title-toggle\"><a href=\"#\" class=\"ez-toc-pull-right ez-toc-btn ez-toc-btn-xs ez-toc-btn-default ez-toc-toggle\" aria-label=\"Toggle Tartalomjegyz\u00e9k\"><span class=\"ez-toc-js-icon-con\"><span class=\"\"><span class=\"eztoc-hide\" style=\"display:none;\">Toggle<\/span><span class=\"ez-toc-icon-toggle-span\"><svg style=\"fill: #999;color:#999\" xmlns=\"http:\/\/www.w3.org\/2000\/svg\" class=\"list-377408\" width=\"20px\" height=\"20px\" viewbox=\"0 0 24 24\" fill=\"none\"><path d=\"M6 6H4v2h2V6zm14 0H8v2h12V6zM4 11h2v2H4v-2zm16 0H8v2h12v-2zM4 16h2v2H4v-2zm16 0H8v2h12v-2z\" fill=\"currentColor\"><\/path><\/svg><svg style=\"fill: #999;color:#999\" class=\"arrow-unsorted-368013\" xmlns=\"http:\/\/www.w3.org\/2000\/svg\" width=\"10px\" height=\"10px\" viewbox=\"0 0 24 24\" version=\"1.2\" baseprofile=\"tiny\"><path d=\"M18.2 9.3l-6.2-6.3-6.2 6.3c-.2.2-.3.4-.3.7s.1.5.3.7c.2.2.4.3.7.3h11c.3 0 .5-.1.7-.3.2-.2.3-.5.3-.7s-.1-.5-.3-.7zM5.8 14.7l6.2 6.3 6.2-6.3c.2-.2.3-.5.3-.7s-.1-.5-.3-.7c-.2-.2-.4-.3-.7-.3h-11c-.3 0-.5.1-.7.3-.2.2-.3.5-.3.7s.1.5.3.7z\"\/><\/svg><\/span><\/span><\/span><\/a><\/span><\/div>\n<nav><ul class='ez-toc-list ez-toc-list-level-1 eztoc-toggle-hide-by-default' ><li class='ez-toc-page-1 ez-toc-heading-level-2'><a class=\"ez-toc-link ez-toc-heading-1\" href=\"https:\/\/moverdb.com\/hu\/moving-companies\/moving-companies-us-alexandria\/#1_International_Moving_Service\" >1. Nemzetk\u00f6zi k\u00f6lt\u00f6ztet\u0151 szolg\u00e1ltat\u00e1s<\/a><\/li><li class='ez-toc-page-1 ez-toc-heading-level-2'><a class=\"ez-toc-link ez-toc-heading-2\" href=\"https:\/\/moverdb.com\/hu\/moving-companies\/moving-companies-us-alexandria\/#2_Kinetix_International_Logistics\" >2. Kinetix Nemzetk\u00f6zi Logisztika<\/a><\/li><li class='ez-toc-page-1 ez-toc-heading-level-2'><a class=\"ez-toc-link ez-toc-heading-3\" href=\"https:\/\/moverdb.com\/hu\/moving-companies\/moving-companies-us-alexandria\/#3_Knopf_International\" >3. Knopf International<\/a><\/li><li class='ez-toc-page-1 ez-toc-heading-level-2'><a class=\"ez-toc-link ez-toc-heading-4\" href=\"https:\/\/moverdb.com\/hu\/moving-companies\/moving-companies-us-alexandria\/#4_Victory_Van_Corporation\" >4. Victory Van Corporation<\/a><\/li><\/ul><\/nav><\/div>\n<h2><span class=\"ez-toc-section\" id=\"1_International_Moving_Service\"><\/span><strong>1. Nemzetk\u00f6zi k\u00f6lt\u00f6ztet\u0151 szolg\u00e1ltat\u00e1s<\/strong><span class=\"ez-toc-section-end\"><\/span><\/h2>\n<p><img loading=\"lazy\" decoding=\"async\" class=\"alignnone size-full wp-image-8331\" src=\"https:\/\/moverdb.com\/wp-content\/uploads\/International-Moving-Services-moving-company.png\" alt=\"Nemzetk\u00f6zi k\u00f6lt\u00f6ztet\u0151 szolg\u00e1ltat\u00e1sok k\u00f6lt\u00f6ztet\u0151 c\u00e9g\" width=\"1440\" height=\"681\" data-wp-pid=\"8331\" srcset=\"https:\/\/moverdb.com\/wp-content\/uploads\/International-Moving-Services-moving-company.png 1440w, https:\/\/moverdb.com\/wp-content\/uploads\/International-Moving-Services-moving-company-300x142.png 300w, https:\/\/moverdb.com\/wp-content\/uploads\/International-Moving-Services-moving-company-1024x484.png 1024w, https:\/\/moverdb.com\/wp-content\/uploads\/International-Moving-Services-moving-company-18x9.png 18w, https:\/\/moverdb.com\/wp-content\/uploads\/International-Moving-Services-moving-company-600x284.png 600w\" sizes=\"auto, (max-width: 1440px) 100vw, 1440px\" \/><\/p>\n<ul>\n<li>Nemzeti l\u00e9p\u00e9sek<\/li>\n<li>Nemzetk\u00f6zi k\u00f6lt\u00f6z\u00e9sek<\/li>\n<li>Lakoss\u00e1gi k\u00f6lt\u00f6z\u00e9sek<\/li>\n<li>V\u00e1llalati k\u00f6lt\u00f6z\u00e9sek<\/li>\n<li>H\u00e1zt\u00f3l-h\u00e1zig szolg\u00e1ltat\u00e1s<\/li>\n<li>Csomagol\u00e1si szolg\u00e1ltat\u00e1s<\/li>\n<li>Sz\u00e1ll\u00edt\u00e1si meg\u00e1llapod\u00e1sok<\/li>\n<li>J\u00e1rm\u0171sz\u00e1ll\u00edt\u00e1s<\/li>\n<li>Biztos\u00edt\u00e1s<\/li>\n<li>Biztons\u00e1gos r\u00f6vid \u00e9s hossz\u00fa t\u00e1v\u00fa t\u00e1rol\u00e1s<\/li>\n<\/ul>\n<p>A International Moving Service egy 1974-ben alap\u00edtott nemzetk\u00f6zi sz\u00e1ll\u00edtm\u00e1nyoz\u00e1si \u00e9s k\u00f6lt\u00f6ztet\u0151 c\u00e9g. K\u00f6zpontjuk Alexandri\u00e1ban tal\u00e1lhat\u00f3, fi\u00f3kjaik Jerseyben \u00e9s Norfolkban vannak. A vil\u00e1g minden t\u00e1j\u00e1n c\u00e9l\u00e1llom\u00e1s-\u00fcgyn\u00f6k\u00f6kkel dolgoznak egy\u00fctt, hogy h\u00e1zt\u00f3l-h\u00e1zig b\u00e1rhov\u00e1 eljuttass\u00e1k a szolg\u00e1ltat\u00e1st. Az IAM tagjak\u00e9nt 49 \u00e9ves tapasztalattal rendelkeznek.<\/p>\n<p>A Nemzetk\u00f6zi K\u00f6lt\u00f6ztet\u0151 Szolg\u00e1lat mindenre kiterjed\u0151 szolg\u00e1ltat\u00e1st k\u00edn\u00e1l a k\u00f6lt\u00f6z\u00e9shez, amely mag\u00e1ban foglalja az \u00faj lak\u00f3helyen val\u00f3 elhelyez\u00e9st \u00e9s sz\u00fcks\u00e9g eset\u00e9n a t\u00e1rol\u00e1st r\u00f6vid vagy hossz\u00fa t\u00e1v\u00fa t\u00e1rol\u00e1st biztons\u00e1gos l\u00e9tes\u00edtm\u00e9nyekben. Szem\u00e9lyre szabott h\u00e1zt\u00f3l-h\u00e1zig szolg\u00e1ltat\u00e1st ny\u00fajtanak, amely mag\u00e1ban foglalja a kiv\u00e1l\u00f3 min\u0151s\u00e9g\u0171 csomagol\u00f3anyagokat \u00e9s a t\u00f6r\u00e9keny t\u00e1rgyak sz\u00e1m\u00e1ra egyedi fa l\u00e1d\u00e1kat.<\/p>\n<p>Weboldal: <a href=\"http:\/\/www.imsmover.com\" target=\"_blank\" rel=\"noopener\">http:\/\/www.imsmover.com<\/a><\/p>\n<h2><span class=\"ez-toc-section\" id=\"2_Kinetix_International_Logistics\"><\/span><strong>2. Kinetix Nemzetk\u00f6zi Logisztika<\/strong><span class=\"ez-toc-section-end\"><\/span><\/h2>\n<p><img loading=\"lazy\" decoding=\"async\" class=\"alignnone size-full wp-image-11358\" src=\"https:\/\/moverdb.com\/wp-content\/uploads\/Kinetix-International-Logistics-moving-company.png\" alt=\"Kinetix International Logistics k\u00f6lt\u00f6ztet\u0151 c\u00e9g\" width=\"1440\" height=\"683\" data-wp-pid=\"11358\" srcset=\"https:\/\/moverdb.com\/wp-content\/uploads\/Kinetix-International-Logistics-moving-company.png 1440w, https:\/\/moverdb.com\/wp-content\/uploads\/Kinetix-International-Logistics-moving-company-300x142.png 300w, https:\/\/moverdb.com\/wp-content\/uploads\/Kinetix-International-Logistics-moving-company-1024x486.png 1024w, https:\/\/moverdb.com\/wp-content\/uploads\/Kinetix-International-Logistics-moving-company-18x9.png 18w, https:\/\/moverdb.com\/wp-content\/uploads\/Kinetix-International-Logistics-moving-company-600x285.png 600w\" sizes=\"auto, (max-width: 1440px) 100vw, 1440px\" \/><\/p>\n<ul>\n<li>Nemzeti l\u00e9p\u00e9sek<\/li>\n<li>Nemzetk\u00f6zi k\u00f6lt\u00f6z\u00e9sek<\/li>\n<li>H\u00e1ztart\u00e1si k\u00f6lt\u00f6z\u00e9sek<\/li>\n<li>V\u00e1llalati \u00e1thelyez\u00e9sek<\/li>\n<li>H\u00e1zt\u00f3l-h\u00e1zig szolg\u00e1ltat\u00e1s<\/li>\n<li>Csomagol\u00e1si szolg\u00e1ltat\u00e1s<\/li>\n<li>K\u00f6z\u00fati, tengeri \u00e9s l\u00e9gi sz\u00e1ll\u00edt\u00e1s<\/li>\n<li>V\u00e1mkezel\u00e9s<\/li>\n<li><a href=\"https:\/\/moverdb.com\/hu\/car-transport-shipping\/\" data-internallinksmanager029f6b8e52c=\"2\" title=\"2026 Nemzetk\u00f6zi aut\u00f3sz\u00e1ll\u00edt\u00e1s \u00e9s j\u00e1rm\u0171sz\u00e1ll\u00edt\u00e1s \u00e1raj\u00e1nlatok\">J\u00e1rm\u0171sz\u00e1ll\u00edt\u00e1s<\/a><\/li>\n<li>Rakt\u00e1roz\u00e1si lehet\u0151s\u00e9gek<\/li>\n<\/ul>\n<p>A Kinetix International Logistics egy 1986-ban alap\u00edtott projektlogisztikai \u00e9s glob\u00e1lis mobilit\u00e1si v\u00e1llalat, alexandriai telephellyel, <a href=\"https:\/\/moverdb.com\/hu\/moving-to-the-united-states\/moving-to-new-york\/\" data-internallinksmanager029f6b8e52c=\"332\" title=\"New Yorkba k\u00f6lt\u00f6zik? 2023 Meg\u00e9lhet\u00e9si k\u00f6lts\u00e9gek \u00e9s k\u00f6lt\u00f6z\u00e9si tippek\">New York<\/a> \u00e9s <a href=\"https:\/\/moverdb.com\/hu\/moving-to-san-francisco\/\" data-internallinksmanager029f6b8e52c=\"63\" title=\"San Francisc\u00f3ba k\u00f6lt\u00f6zik? 2022 Lakhat\u00e1si k\u00f6lts\u00e9gek \u00e9s k\u00f6lt\u00f6z\u00e9si tippek\">San Francisco<\/a>. A k\u00f6lt\u00f6ztet\u0151 \u00e9s c\u00e9l\u00e1llom\u00e1si \u00fcgyn\u00f6k\u00f6k f\u00fcggetlen h\u00e1l\u00f3zat\u00e1t haszn\u00e1lj\u00e1k fel, hogy szolg\u00e1ltat\u00e1saikat nemzetk\u00f6zi szinten, t\u00f6bb mint 140 orsz\u00e1gban ny\u00fajts\u00e1k. Az IAM tagjak\u00e9nt 13 \u00e9ves tapasztalattal rendelkeznek.<\/p>\n<p>A Kinetix International Logistics h\u00e1zt\u00f3l-h\u00e1zig szolg\u00e1ltat\u00e1st k\u00edn\u00e1l, a k\u00f6lt\u00f6z\u00e9st megel\u0151z\u0151 felm\u00e9r\u00e9ssel, hogy felm\u00e9rje az \u00d6n k\u00f6lt\u00f6z\u00e9si ig\u00e9nyeit. Csomagol\u00e1si szolg\u00e1ltat\u00e1st ny\u00fajtanak, amely biztons\u00e1gosan csomagolja \u00e9s l\u00e1d\u00e1zza t\u00e1rgyait a c\u00e9l\u00e1llom\u00e1sra t\u00f6rt\u00e9n\u0151 sz\u00e1ll\u00edt\u00e1shoz. K\u00f6z\u00fati, l\u00e9gi \u00e9s tengeri sz\u00e1ll\u00edt\u00e1st biztos\u00edtanak az egyszer\u0171 sz\u00e1ll\u00edtm\u00e1nyokt\u00f3l kezdve a 20'-os kont\u00e9nerekig.<\/p>\n<p>Weboldal: <a href=\"https:\/\/kinetixlogistics.com\/\" target=\"_blank\" rel=\"noopener\">https:\/\/kinetixlogistics.com\/<\/a><\/p>\n<h2><span class=\"ez-toc-section\" id=\"3_Knopf_International\"><\/span><strong>3. Knopf International<\/strong><span class=\"ez-toc-section-end\"><\/span><\/h2>\n<p><img loading=\"lazy\" decoding=\"async\" class=\"alignnone size-full wp-image-11359\" src=\"https:\/\/moverdb.com\/wp-content\/uploads\/Knopf-International-moving-company.png\" alt=\"Knopf International k\u00f6lt\u00f6ztet\u0151 c\u00e9g\" width=\"1440\" height=\"681\" data-wp-pid=\"11359\" srcset=\"https:\/\/moverdb.com\/wp-content\/uploads\/Knopf-International-moving-company.png 1440w, https:\/\/moverdb.com\/wp-content\/uploads\/Knopf-International-moving-company-300x142.png 300w, https:\/\/moverdb.com\/wp-content\/uploads\/Knopf-International-moving-company-1024x484.png 1024w, https:\/\/moverdb.com\/wp-content\/uploads\/Knopf-International-moving-company-18x9.png 18w, https:\/\/moverdb.com\/wp-content\/uploads\/Knopf-International-moving-company-600x284.png 600w\" sizes=\"auto, (max-width: 1440px) 100vw, 1440px\" \/><\/p>\n<ul>\n<li>Helyi \u00e9s orsz\u00e1gos k\u00f6lt\u00f6z\u00e9sek<\/li>\n<li>Nemzetk\u00f6zi \u00e1thelyez\u00e9sek<\/li>\n<li>Lakoss\u00e1gi k\u00f6lt\u00f6z\u00e9sek<\/li>\n<li>V\u00e1llalati \u00e1thelyez\u00e9sek<\/li>\n<li>H\u00e1zt\u00f3l-h\u00e1zig szolg\u00e1ltat\u00e1s<\/li>\n<li>Szem\u00e9lyes kiszolg\u00e1l\u00e1s<\/li>\n<li>Csomagol\u00e1si szolg\u00e1ltat\u00e1s<\/li>\n<li>Sz\u00e1razf\u00f6ldi, tengeri \u00e9s l\u00e9gi k\u00f6zleked\u00e9s<\/li>\n<li>Kont\u00e9ner opci\u00f3k<\/li>\n<li>Rakt\u00e1roz\u00e1si lehet\u0151s\u00e9gek<\/li>\n<\/ul>\n<p>A Knopf International egy k\u00f6lt\u00f6ztet\u0151 c\u00e9g, amelynek sz\u00e9khelye Alexandri\u00e1ban tal\u00e1lhat\u00f3. Nemzetk\u00f6zi k\u00f6lt\u00f6ztet\u0151 c\u00e9gh\u00e1l\u00f3zatuk van, amely t\u00e1mogatja \u0151ket a vil\u00e1gm\u00e9ret\u0171 k\u00f6lt\u00f6z\u00e9sek lebonyol\u00edt\u00e1s\u00e1ban. Az IAM tagjak\u00e9nt 44 \u00e9ves tapasztalattal rendelkeznek.<\/p>\n<p>A Knopf International h\u00e1zt\u00f3l h\u00e1zig tart\u00f3 k\u00f6lt\u00f6ztet\u00e9si szolg\u00e1ltat\u00e1st k\u00edn\u00e1l mag\u00e1nszem\u00e9lyek \u00e9s v\u00e1llalati alkalmazottak otthon\u00e1nak \u00e1thelyez\u00e9s\u00e9re. Olyan csomagol\u00e1si szolg\u00e1ltat\u00e1st k\u00edn\u00e1lnak, amely szak\u00e9rt\u0151 csomagol\u00f3kat \u00e9s a legjobb min\u0151s\u00e9g\u0171 csomagol\u00f3anyagokat, valamint a t\u00f6r\u00e9keny t\u00e1rgyak sz\u00e1m\u00e1ra testre szabott fal\u00e1d\u00e1kat haszn\u00e1l, hogy megv\u00e9dje t\u00e1rgyait a k\u00f6lt\u00f6z\u00e9s sor\u00e1n. Lelt\u00e1rt k\u00e9sz\u00edtenek \u00e9s felc\u00edmk\u00e9zik a dobozokat. Sz\u00e1razf\u00f6ldi, l\u00e9gi \u00e9s tengeri sz\u00e1ll\u00edt\u00e1st tudnak biztos\u00edtani, amely mag\u00e1ban foglalja a 20' vagy 40' kont\u00e9nereket is.<\/p>\n<p>Weboldal: <a href=\"http:\/\/knopfinternational.com\" target=\"_blank\" rel=\"noopener\">http:\/\/knopfinternational.com<\/a><\/p>\n<h2><span class=\"ez-toc-section\" id=\"4_Victory_Van_Corporation\"><\/span><strong>4. Victory Van Corporation<\/strong><span class=\"ez-toc-section-end\"><\/span><\/h2>\n<p><img loading=\"lazy\" decoding=\"async\" class=\"alignnone size-full wp-image-11471\" src=\"https:\/\/moverdb.com\/wp-content\/uploads\/Victory-Van-Corporation-international-moving-company.png\" alt=\"Victory Van Corporation nemzetk\u00f6zi k\u00f6lt\u00f6ztet\u0151 c\u00e9g\" width=\"1440\" height=\"678\" data-wp-pid=\"11471\" srcset=\"https:\/\/moverdb.com\/wp-content\/uploads\/Victory-Van-Corporation-international-moving-company.png 1440w, https:\/\/moverdb.com\/wp-content\/uploads\/Victory-Van-Corporation-international-moving-company-300x141.png 300w, https:\/\/moverdb.com\/wp-content\/uploads\/Victory-Van-Corporation-international-moving-company-1024x482.png 1024w, https:\/\/moverdb.com\/wp-content\/uploads\/Victory-Van-Corporation-international-moving-company-18x8.png 18w, https:\/\/moverdb.com\/wp-content\/uploads\/Victory-Van-Corporation-international-moving-company-600x283.png 600w\" sizes=\"auto, (max-width: 1440px) 100vw, 1440px\" \/><\/p>\n<ul>\n<li>Helyi \u00e9s \u00e1llamk\u00f6zi k\u00f6lt\u00f6z\u00e9sek<\/li>\n<li>Nemzetk\u00f6zi k\u00f6lt\u00f6z\u00e9sek<\/li>\n<li>Lakoss\u00e1gi k\u00f6lt\u00f6z\u00e9sek<\/li>\n<li>Irodai k\u00f6lt\u00f6z\u00e9sek<\/li>\n<li>Mozg\u00e1skoordin\u00e1tor<\/li>\n<li>Teljes k\u00f6r\u0171 szolg\u00e1ltat\u00e1si megold\u00e1s<\/li>\n<li>Csomagol\u00e1si szolg\u00e1ltat\u00e1s<\/li>\n<li>L\u00e9gi, vas\u00fati, sz\u00e1razf\u00f6ldi \u00e9s tengeri sz\u00e1ll\u00edt\u00e1s<\/li>\n<li>V\u00e1m\u00fcgyi pap\u00edrmunka<\/li>\n<li>R\u00f6vid \u00e9s hossz\u00fa t\u00e1v\u00fa t\u00e1rol\u00e1s<\/li>\n<\/ul>\n<p>A Victory Van Corporation egy 1928-ban alap\u00edtott k\u00f6lt\u00f6ztet\u0151 \u00e9s t\u00e1rol\u00f3 c\u00e9g, amely Alexandri\u00e1ban rendelkezik telephelyekkel, <a href=\"https:\/\/moverdb.com\/hu\/moving-to-the-united-states\/moving-to-maryland\/\" data-internallinksmanager029f6b8e52c=\"467\" title=\"Marylandbe k\u00f6lt\u00f6zik? 2024 Lakhat\u00e1si k\u00f6lts\u00e9gek \u00e9s k\u00f6lt\u00f6z\u00e9si tippek\">Maryland<\/a>, <a href=\"https:\/\/moverdb.com\/hu\/moving-to-the-united-states\/moving-to-florida\/\" data-internallinksmanager029f6b8e52c=\"331\" title=\"K\u00f6lt\u00f6z\u00e9s Florid\u00e1ba? 2023 \u00c9letk\u00f6lts\u00e9gek \u00e9s k\u00f6lt\u00f6z\u00e9si tippek\">Florida<\/a> \u00e9s az \u00e9szaki <a href=\"https:\/\/moverdb.com\/hu\/moving-to-the-united-states\/moving-to-virginia\/\" data-internallinksmanager029f6b8e52c=\"442\" title=\"K\u00f6lt\u00f6z\u00e9s Virgini\u00e1ba? 2023 \u00c9letk\u00f6lts\u00e9gek \u00e9s k\u00f6lt\u00f6z\u00e9si tippek\">Virginia<\/a>. \u0150k egy Allied Van Lines \u00fcgyn\u00f6k, amely hozz\u00e1f\u00e9r\u00e9st biztos\u00edt sz\u00e1mukra egy nagyobb h\u00e1l\u00f3zat mozg\u00f3 \u00fcgyn\u00f6k\u00f6k szerte a vil\u00e1gon, hogy t\u00e1mogass\u00e1k \u0151ket a nemzetk\u00f6zi mozg\u00e1sok. Tagjai az IAM-nek, 95 \u00e9ves tapasztalattal rendelkeznek.<\/p>\n<p>A Victory Van Corporation k\u00f6lt\u00f6z\u00e9si koordin\u00e1torai seg\u00edtenek megtervezni a helyi vagy t\u00e1vols\u00e1gi k\u00f6lt\u00f6z\u00e9s minden l\u00e9p\u00e9s\u00e9t. Virtu\u00e1lis vagy h\u00e1zon bel\u00fcli k\u00f6lt\u00f6z\u00e9si becsl\u00e9st k\u00edn\u00e1lnak, \u00e9s teljes k\u00f6r\u0171 szolg\u00e1ltat\u00e1st \u00e9s egy\u00e9ni k\u00f6lt\u00f6z\u00e9si tervet tudnak ny\u00fajtani, amely a k\u00f6lts\u00e9gvet\u00e9sen bel\u00fcl marad.<\/p>\n<p>Weboldal: <a href=\"http:\/\/www.victoryvan.com\" target=\"_blank\" rel=\"noopener\">http:\/\/www.victoryvan.com<\/a><\/p>","protected":false},"excerpt":{"rendered":"<p>Moving can be a busy time with so many things to organise which is why so many people get a moving company involved as they can pack your items, load and transport them and unload them at the destination. Below we have compiled a list of Alexandria based removal companies that are members of the [&hellip;]<\/p>\n","protected":false},"author":4,"featured_media":11349,"parent":190,"menu_order":0,"comment_status":"closed","ping_status":"closed","template":"","meta":{"_genesis_hide_title":false,"_genesis_hide_breadcrumbs":false,"_genesis_hide_singular_image":false,"_genesis_hide_footer_widgets":false,"_genesis_custom_body_class":"","_genesis_custom_post_class":"","_genesis_layout":"","footnotes":""},"class_list":{"0":"post-11548","1":"page","2":"type-page","3":"status-publish","4":"has-post-thumbnail","6":"entry"},"_links":{"self":[{"href":"https:\/\/moverdb.com\/hu\/wp-json\/wp\/v2\/pages\/11548","targetHints":{"allow":["GET"]}}],"collection":[{"href":"https:\/\/moverdb.com\/hu\/wp-json\/wp\/v2\/pages"}],"about":[{"href":"https:\/\/moverdb.com\/hu\/wp-json\/wp\/v2\/types\/page"}],"author":[{"embeddable":true,"href":"https:\/\/moverdb.com\/hu\/wp-json\/wp\/v2\/users\/4"}],"replies":[{"embeddable":true,"href":"https:\/\/moverdb.com\/hu\/wp-json\/wp\/v2\/comments?post=11548"}],"version-history":[{"count":1,"href":"https:\/\/moverdb.com\/hu\/wp-json\/wp\/v2\/pages\/11548\/revisions"}],"predecessor-version":[{"id":11549,"href":"https:\/\/moverdb.com\/hu\/wp-json\/wp\/v2\/pages\/11548\/revisions\/11549"}],"up":[{"embeddable":true,"href":"https:\/\/moverdb.com\/hu\/wp-json\/wp\/v2\/pages\/190"}],"wp:featuredmedia":[{"embeddable":true,"href":"https:\/\/moverdb.com\/hu\/wp-json\/wp\/v2\/media\/11349"}],"wp:attachment":[{"href":"https:\/\/moverdb.com\/hu\/wp-json\/wp\/v2\/media?parent=11548"}],"curies":[{"name":"wp","href":"https:\/\/api.w.org\/{rel}","templated":true}]}}