{"id":1076,"date":"2016-08-05T14:53:04","date_gmt":"2016-08-05T14:53:04","guid":{"rendered":"http:\/\/moverdb.com\/?page_id=1076"},"modified":"2026-01-08T15:30:39","modified_gmt":"2026-01-08T15:30:39","slug":"wheaton","status":"publish","type":"page","link":"https:\/\/moverdb.com\/hu\/wheaton\/","title":{"rendered":"Wheaton World Wide Moving: Nemzetk\u00f6zi szolg\u00e1ltat\u00e1sok \u00e9s v\u00e9lem\u00e9nyek"},"content":{"rendered":"<p>A Wheaton World Wide Moving (kor\u00e1bban Wheaton Van Lines) a nemzetk\u00f6zi k\u00f6lt\u00f6z\u00e9st\u0151l a helyi k\u00f6lt\u00f6z\u00e9sekig sz\u00e1mos szolg\u00e1ltat\u00e1st k\u00edn\u00e1l \u00fcgyfeleinek. Ezeket az al\u00e1bbiakban felsoroljuk, a c\u00e9g profilj\u00e1val \u00e9s \u00e9rt\u00e9kel\u00e9s\u00e9vel egy\u00fctt.<\/p>\n<p><strong>Nemzetk\u00f6zi k\u00f6lt\u00f6z\u00e9sek \u00e9s k\u00f6lt\u00f6z\u00e9si seg\u00edts\u00e9gny\u00fajt\u00e1s<\/strong><\/p>\n<ul>\n<li> Ajt\u00f3t\u00f3l ajt\u00f3ig t\u00f6rt\u00e9n\u0151 mozgat\u00e1s<\/li>\n<li> Csomagol\u00e1s - csin\u00e1ld magad, t\u00f6r\u00e9keny t\u00e1rgyak vagy teljes k\u00f6r\u0171 szolg\u00e1ltat\u00e1s csomagol\u00e1sa<\/li>\n<li> B\u00fatorok sz\u00e9t- \u00e9s \u00f6sszeszerel\u00e9se<\/li>\n<li> H\u00e1zi\u00e1llat \u00e1thelyez\u00e9s<\/li>\n<li> <a href=\"https:\/\/moverdb.com\/hu\/autoszallitas-szallitas-szallitas\/\">J\u00e1rm\u0171sz\u00e1ll\u00edt\u00e1s \u00e9s \u00e1thelyez\u00e9s<\/a><\/li>\n<li> Bev\u00e1ndorl\u00e1si szolg\u00e1ltat\u00e1sok<\/li>\n<li> Interkultur\u00e1lis k\u00e9pz\u00e9s<\/li>\n<li> Nyelvi k\u00e9pz\u00e9s<\/li>\n<li> Otthoni \u00e9rt\u00e9kes\u00edt\u00e9si szolg\u00e1ltat\u00e1sok<\/li>\n<li> Ingatlankezel\u00e9s<\/li>\n<li> Utaz\u00e1si szolg\u00e1ltat\u00e1sok el\u0151n\u00e9zete<\/li>\n<li> Seg\u00edts\u00e9g az otthonkeres\u00e9sben<\/li>\n<li> Iskolai keres\u00e9s<\/li>\n<li> \u00c9rkez\u00e9s ut\u00e1ni t\u00e1j\u00e9koz\u00f3d\u00e1s<\/li>\n<li> Partneri karrier-t\u00e1mogat\u00e1s<\/li>\n<li> Ezermester \u00e9s h\u00e1zi seg\u00edts\u00e9gny\u00fajt\u00e1s<\/li>\n<li> B\u00fatorb\u00e9rl\u00e9s<\/li>\n<li> Kik\u00fcldet\u00e9s k\u00f6zbeni t\u00e1mogat\u00e1s<\/li>\n<\/ul>\n<p><strong>V\u00e1llalati k\u00f6lt\u00f6z\u00e9sek<\/strong><\/p>\n<ul>\n<li> Wheaton partnerei, a Crown Relocation, seg\u00edtenek a k\u00f6lt\u00f6z\u00e9sekben<\/li>\n<\/ul>\n<p><strong>Korm\u00e1nyzati \u00e9s katonai mozg\u00e1sok<\/strong><\/p>\n<p><strong>H\u00e1ztart\u00e1si k\u00f6lt\u00f6z\u00e9sek<\/strong><\/p>\n<ul>\n<li> 350 \u00fcgyn\u00f6kb\u0151l \u00e1ll\u00f3 h\u00e1l\u00f3zat a <a href=\"https:\/\/moverdb.com\/hu\/moving-to-the-united-states\/\" data-internallinksmanager029f6b8e52c=\"94\" title=\"Az Egyes\u00fclt \u00c1llamokba k\u00f6lt\u00f6zik? 2022 Meg\u00e9lhet\u00e9si k\u00f6lts\u00e9gek \u00e9s k\u00f6lt\u00f6z\u00e9si tippek\">Egyes\u00fclt \u00c1llamok<\/a><\/li>\n<li> Csomagol\u00e1s \u00e9s kicsomagol\u00e1s<\/li>\n<li> Speci\u00e1lis csomagol\u00e1s \u00e9rz\u00e9keny elektronikai eszk\u00f6z\u00f6kh\u00f6z<\/li>\n<li> Sz\u00e1ll\u00edt\u00e1s<\/li>\n<li> Sz\u00fcks\u00e9g eset\u00e9n t\u00e1rol\u00e1s<\/li>\n<\/ul>\n<p><strong>Speci\u00e1lis \u00e9s kereskedelmi k\u00f6lt\u00f6ztet\u00e9sek<\/strong><\/p>\n<ul>\n<li> Iroda \u00e9s ipar<\/li>\n<li> Vend\u00e9gl\u00e1t\u00e1s<\/li>\n<li> K\u00fcl\u00f6nleges \u00e1ru<\/li>\n<li> Kereskedelmi mozgat\u00e1s<\/li>\n<\/ul>\n<p><strong>T\u00e1rol\u00e1s<\/strong><\/p>\n<ul>\n<li> Hossz\u00fa t\u00e1v\u00fa<\/li>\n<li> R\u00f6vid t\u00e1v\u00fa<\/li>\n<li> 207 legkorszer\u0171bb rakt\u00e1r 58 orsz\u00e1gban<\/li>\n<\/ul>\n<h2>Wheaton Worldwide Moving Company profilja<\/h2>\n<p>A Wheaton Van Lines-t 1945-ben Earnest S. Wheaton alap\u00edtotta, \u00e9s eredetileg Clipper Van Lines n\u00e9ven m\u0171k\u00f6d\u00f6tt. A v\u00e1llalat kezdetben 22 \u00e1llamot szolg\u00e1lt ki az USA keleti r\u00e9sz\u00e9n, de az 1950-es \u00e9vekben a terjeszked\u00e9s azt jelentette, hogy nemcsak az eg\u00e9sz orsz\u00e1got lefedt\u00e9k, hanem nemzetk\u00f6zi k\u00f6lt\u00f6z\u00e9sek is indultak.<\/p>\n<p>Az 1980-as \u00e9vekben a Wheaton Van Lines megv\u00e1ltoztatta nev\u00e9t Wheaton Worldwide Moving-ra. A v\u00e1llalat sz\u00e9khelye Indianapolisban, IN \u00e1llamban tal\u00e1lhat\u00f3. A Wheaton c\u00e9lja, hogy a sz\u00ednvonal\u00e1t kiv\u00e9telesen magasan tartsa, \u00e9s ennek \u00e9rdek\u00e9ben nyomon k\u00f6veti \u00e9s elemzi az adatokat. Nagyon komolyan veszik az \u00fcgyf\u00e9l\u00e9rt\u00e9kel\u00e9seket is, \u00e9s az elm\u00falt 25 \u00e9vben gy\u0171jt\u00f6tt\u00e9k az \u00fcgyfelek visszajelz\u00e9seit, hogy mindig a cs\u00facson maradhassanak.<\/p>\n<p>A Wheaton Worldwide Moving k\u00fcl\u00f6nb\u00f6z\u0151 j\u00f3t\u00e9konys\u00e1gi szervezeteken kereszt\u00fcl t\u00e1mogatja a k\u00f6z\u00f6ss\u00e9get. Emellett olyan v\u00e1llalat, amely folyamatosan t\u00f6rekszik a sz\u00e9nl\u00e1bnyom\u00e1nak cs\u00f6kkent\u00e9s\u00e9re.<\/p>\n<p>A Wheaton Worldwide Moving a k\u00f6vetkez\u0151 akkredit\u00e1ci\u00f3kkal \u00e9s kapcsolatokkal rendelkezik:<\/p>\n<ul>\n<li> <a href=\"https:\/\/moverdb.com\/hu\/amsa\/\">Amerikai K\u00f6lt\u00f6ztet\u0151 \u00e9s Rakt\u00e1roz\u00e1si Sz\u00f6vets\u00e9g<\/a> (<a href=\"https:\/\/moverdb.com\/hu\/amsa\/\" data-internallinksmanager029f6b8e52c=\"5\" title=\"Az Amerikai K\u00f6lt\u00f6ztet\u0151 \u00e9s T\u00e1rol\u00f3 Sz\u00f6vets\u00e9g (AMSA) magyar\u00e1zata\">AMSA<\/a>) - <a href=\"https:\/\/moverdb.com\/hu\/felni-elorejelzo\/\">ProMover<\/a><\/li>\n<li> A Senior Move Managers Orsz\u00e1gos Sz\u00f6vets\u00e9ge (NASMM)<\/li>\n<li> Better Business Bureau (BBB) Akkredit\u00e1lt v\u00e1llalkoz\u00e1s A+<\/li>\n<\/ul>\n<h2>Wheaton Worldwide Moving V\u00e9lem\u00e9nyek<\/h2>\n<p><strong>Pozit\u00edv:<\/strong><\/p>\n<ul>\n<li> \"<em>J\u00f3 t\u00e1rsas\u00e1g. J\u00f3 \u00e1r-\u00e9rt\u00e9k ar\u00e1ny. \u00dajra haszn\u00e1ln\u00e1m.\"<\/em> - David X kereszt\u00fcl <a href=\"http:\/\/www.yelp.com\/biz\/wheaton-world-wide-moving-indianapolis-5?hrid=i8pH5fVrzdWhgdFkPaCnlQ&#038;utm_campaign=www_review_share_popup&#038;utm_medium=copy_link&#038;utm_source=(direct)\" target=\"_blank\" rel=\"noopener\">Yelp<\/a><\/li>\n<li> \"<em>A Wheaton munkat\u00e1rsai <a href=\"https:\/\/moverdb.com\/hu\/koltozik-houston\/\">Houston<\/a> az angyalaim lettek \u00e9letem egy nagyon neh\u00e9z id\u0151szak\u00e1ban.\"<\/em> - Bonnie M kereszt\u00fcl <a href=\"http:\/\/www.bbb.org\/indy\/business-reviews\/movers\/wheaton-world-wide-moving-in-indianapolis-in-22485\/customer-reviews\" target=\"_blank\" rel=\"noopener\">BBB<\/a> <\/li>\n<li> \"<em>Az elej\u00e9t\u0151l a v\u00e9g\u00e9ig csak a legjobbak voltak.\"<\/em> - Judith via <a href=\"http:\/\/www.mymovingreviews.com\/movers\/wheaton-van-lines-255#54528\" target=\"_blank\" rel=\"noopener\">MyMovingReviews.com<\/a><\/li>\n<li> \"<em>M\u00e1r kor\u00e1bban is haszn\u00e1ltuk a Wheaton k\u00f6lt\u00f6ztet\u00e9st, \u00e9s nagyon j\u00f3l siker\u00fclt a k\u00f6lt\u00f6z\u00e9s, \u00edgy amikor elj\u00f6tt az \u00fajabb k\u00f6lt\u00f6z\u00e9s ideje, tudtuk, kit kell h\u00edvnunk.\"<\/em> - Freddy Lancaster kereszt\u00fcl <a href=\"http:\/\/reviewamover.com\/review\/Moving-Companies-Reviews\/WHEATON-WORLD-WIDE-53.php?PHPSESSID=a21a9bd572e803d73fcb5f1f02487590\" target=\"_blank\" rel=\"noopener\">Review-A-Mover<\/a> <\/li>\n<\/ul>\n<p><strong>Negat\u00edv:<\/strong><\/p>\n<ul>\n<li> <em>\"Wheaton ism\u00e9t nem hajland\u00f3 felel\u0151ss\u00e9get v\u00e1llalni a megsemmis\u00fclt t\u00e1rgyak\u00e9rt. Egyik kifog\u00e1st dobj\u00e1k ki a m\u00e1sik ut\u00e1n, \u00e9s mindegyiknek kevesebb \u00e9rtelme van, mint az el\u0151z\u0151nek.\"<\/em> - Amy T kereszt\u00fcl <a href=\"http:\/\/www.yelp.com\/biz\/wheaton-world-wide-moving-indianapolis-5?hrid=vRowN7GuFHy3k0yM5ijpgA&#038;utm_campaign=www_review_share_popup&#038;utm_medium=copy_link&#038;utm_source=(direct)\" target=\"_blank\" rel=\"noopener\">Yelp<\/a> <\/li>\n<li> \"<em>Az elej\u00e9t\u0151l a v\u00e9g\u00e9ig ez a c\u00e9g volt a legrosszabb <a href=\"https:\/\/moverdb.com\/hu\/moving-companies\/\" data-internallinksmanager029f6b8e52c=\"79\" title=\"Top 25 nemzetk\u00f6zi k\u00f6lt\u00f6ztet\u0151 c\u00e9gek online\">k\u00f6lt\u00f6ztet\u0151 c\u00e9g<\/a> akivel valaha is dolgunk volt, \u00e9s t\u00f6bb mint 6 szakmai k\u00f6lt\u00f6z\u00e9sen vagyunk t\u00fal a h\u00e1zass\u00e1gunk sor\u00e1n.\"<\/em> - Nikki F kereszt\u00fcl <a href=\"http:\/\/www.bbb.org\/indy\/business-reviews\/movers\/wheaton-world-wide-moving-in-indianapolis-in-22485\/customer-reviews\" target=\"_blank\" rel=\"noopener\">BBB<\/a><\/li>\n<li> \"<em>Azt mondt\u00e1k nek\u00fcnk, hogy a h\u00e1ztart\u00e1sunk volumene miatt az eg\u00e9sz p\u00f3tkocsira sz\u00fcks\u00e9g van, \u00e9s ez\u00e9rt fizettek nekik. Ehelyett egy m\u00e1sodik rakom\u00e1nyt is beleszor\u00edtottak a mi rakom\u00e1nyunkkal egy\u00fctt, aminek k\u00f6vetkezt\u00e9ben a t\u00e1rgyakat h\u00e1trahagyt\u00e1k, a kont\u00e9nereket \u00e9s a k\u00e9sz\u00fcl\u00e9keket \u00f6sszenyomt\u00e1k, megrong\u00e1lt\u00e1k, elvesztett\u00e9k \u00e9s megsemmis\u00edtett\u00e9k...\".<\/em> - Anthony via <a href=\"http:\/\/www.mymovingreviews.com\/movers\/wheaton-van-lines-255#51475\" target=\"_blank\" rel=\"noopener\">MyMovingReviews.com<\/a> <\/li>\n<li> <em>\"L\u00e9gy \u00f3vatos, fuss el, miel\u0151tt megb\u00edzod ezt a c\u00e9get.\"<\/em> - David Gutierrez via <a href=\"http:\/\/reviewamover.com\/review\/reviewer\/davidrafael770.php?PHPSESSID=e2ea8ab20529fed2960f446a83923af0\" target=\"_blank\" rel=\"noopener\">Review-A-Mover<\/a> <\/li>\n<\/ul>\n<div itemprop=\"review\" itemscope itemtype=\"http:\/\/schema.org\/Review\">\n<span itemprop=\"author\" itemscope=\"\" itemtype=\"http:\/\/schema.org\/Organization\"><span itemprop=\"name\">MoverDB.com<\/span><\/span> Online weboldal-fel\u00fclvizsg\u00e1lat a <span itemprop=\"itemreviewed\" itemscope=\"\" itemtype=\"http:\/\/schema.org\/Brand\"><span itemprop=\"name\">Wheaton Worldwide Moving<\/span><\/span>:<\/p>\n<ol>\n<li> Egy\u00e9rtelm\u0171 el\u00e9rhet\u0151s\u00e9gek a weboldalon (bele\u00e9rtve a telefonsz\u00e1mot is): <strong>Igen<\/strong><\/li>\n<li> K\u00f6nnyen beszerezhet\u0151 <a href=\"https:\/\/moverdb.com\/hu\/idezi\/\">nemzetk\u00f6zi mozg\u00f3 \u00e1raj\u00e1nlatok<\/a>? (Online \u00e1raj\u00e1nlatk\u00e9r\u0151 \u0171rlap): <strong>Igen<\/strong><\/li>\n<li> Egy\u00e9rtelm\u0171 inform\u00e1ci\u00f3k a honlapon: <strong>Igen,<\/strong> sz\u00e1mos \u00fatmutat\u00f3 \u00e9s forr\u00e1s tal\u00e1lhat\u00f3 az oldalon.<\/li>\n<li> Tags\u00e1g nemzetk\u00f6zi elismert mozgat\u00f3 szervezetekben: <strong>Igen<\/strong>, l\u00e1sd fentebb<\/li>\n<li> \u00dcgyfelek list\u00e1ja \u00e9s\/vagy kor\u00e1bbi v\u00e1s\u00e1rl\u00f3i aj\u00e1nl\u00e1sok. <strong>Igen,<\/strong> Az \u00fcgyf\u00e9l\u00e9rt\u00e9kel\u00e9sek \u00e9s az aj\u00e1nl\u00e1sok nagyon fontosak a v\u00e1llalat sz\u00e1m\u00e1ra.<\/li>\n<\/ol>\n<div itemprop=\"reviewRating\" itemscope itemtype=\"http:\/\/schema.org\/Rating\"><meta itemprop=\"worstRating\" content = \"0\" \/><meta itemprop=\"bestRating\" content=\"5\" \/><meta itemprop=\"ratingValue\" content=\"5\"><\/div>\n<p><strong>\u00c1ltal\u00e1nos pontsz\u00e1m: 5\/5<\/strong><br \/>\n<strong>Fel\u00fclvizsg\u00e1lat d\u00e1tuma:<\/strong> <span itemprop=\"datePublished\" content=\"2016-08-05\">05\/08\/2016<\/span>\n<\/div>\n<p>Tov\u00e1bbi inform\u00e1ci\u00f3 <a href=\"https:\/\/moverdb.com\/hu\/koltozteto-cegek\/\">nemzetk\u00f6zi k\u00f6lt\u00f6ztet\u0151 c\u00e9gek<\/a>, <a href=\"https:\/\/moverdb.com\/hu\/us-canada-movers\/\">Amerikai \u00e9s kanadai k\u00f6lt\u00f6ztet\u0151 c\u00e9gek<\/a> \u00e9s a mi <a href=\"https:\/\/moverdb.com\/hu\/ertekelesek\/\">fel\u00fclvizsg\u00e1lati folyamat<\/a>.<\/p>\n<p><strong>Weboldal:<\/strong> <a href=\"https:\/\/www.wheatonworldwide.com\/\" target=\"_blank\" rel=\"noopener\">https:\/\/www.wheatonworldwide.com<\/a><\/p>","protected":false},"excerpt":{"rendered":"<p>Wheaton World Wide Moving (formerly Wheaton Van Lines) offers its clients a range of services from international moves to local moves. These are listed below, together with a company profile and reviews. International Moves and Relocation Assistance Door to door moving Packing &#8211; do it yourself, fragile items or full service packing Disassembling and reassembling [&hellip;]<\/p>\n","protected":false},"author":1,"featured_media":0,"parent":0,"menu_order":0,"comment_status":"closed","ping_status":"closed","template":"","meta":{"_genesis_hide_title":false,"_genesis_hide_breadcrumbs":false,"_genesis_hide_singular_image":false,"_genesis_hide_footer_widgets":false,"_genesis_custom_body_class":"","_genesis_custom_post_class":"","_genesis_layout":"","footnotes":""},"class_list":{"0":"post-1076","1":"page","2":"type-page","3":"status-publish","5":"entry"},"_links":{"self":[{"href":"https:\/\/moverdb.com\/hu\/wp-json\/wp\/v2\/pages\/1076","targetHints":{"allow":["GET"]}}],"collection":[{"href":"https:\/\/moverdb.com\/hu\/wp-json\/wp\/v2\/pages"}],"about":[{"href":"https:\/\/moverdb.com\/hu\/wp-json\/wp\/v2\/types\/page"}],"author":[{"embeddable":true,"href":"https:\/\/moverdb.com\/hu\/wp-json\/wp\/v2\/users\/1"}],"replies":[{"embeddable":true,"href":"https:\/\/moverdb.com\/hu\/wp-json\/wp\/v2\/comments?post=1076"}],"version-history":[{"count":7,"href":"https:\/\/moverdb.com\/hu\/wp-json\/wp\/v2\/pages\/1076\/revisions"}],"predecessor-version":[{"id":6251,"href":"https:\/\/moverdb.com\/hu\/wp-json\/wp\/v2\/pages\/1076\/revisions\/6251"}],"wp:attachment":[{"href":"https:\/\/moverdb.com\/hu\/wp-json\/wp\/v2\/media?parent=1076"}],"curies":[{"name":"wp","href":"https:\/\/api.w.org\/{rel}","templated":true}]}}