{"id":1075,"date":"2016-08-04T14:25:42","date_gmt":"2016-08-04T14:25:42","guid":{"rendered":"http:\/\/moverdb.com\/?page_id=1075"},"modified":"2026-01-08T15:20:29","modified_gmt":"2026-01-08T15:20:29","slug":"north-american-van-lines","status":"publish","type":"page","link":"https:\/\/moverdb.com\/hu\/north-american-van-lines\/","title":{"rendered":"North American Van Lines: American American American American Moving: International Moving Reviews"},"content":{"rendered":"<p>A North American Van Lines nemzetk\u00f6zi, v\u00e1llalati \u00e9s belf\u00f6ldi k\u00f6lt\u00f6z\u00e9sekhez ny\u00fajt szolg\u00e1ltat\u00e1sokat \u00fcgyfeleinek. Ezeknek a szolg\u00e1ltat\u00e1soknak a felsorol\u00e1sa k\u00f6vetkezik, a c\u00e9g profilj\u00e1val \u00e9s \u00e9rt\u00e9kel\u00e9s\u00e9vel egy\u00fctt.<\/p>\n<p><strong>Nemzetk\u00f6zi k\u00f6lt\u00f6ztet\u00e9s mag\u00e1nszem\u00e9lyeknek \u00e9s c\u00e9geknek<\/strong><\/p>\n<ul>\n<li> H\u00e1zhoz men\u0151 szolg\u00e1ltat\u00e1s<\/li>\n<li> Csomagol\u00e1s, p\u00e1rn\u00e1z\u00e1s \u00e9s a holmik v\u00e9delme<\/li>\n<li> B\u00fatorok sz\u00e9tszerel\u00e9se<\/li>\n<li> <a href=\"https:\/\/moverdb.com\/hu\/kontenerszallitas\/\">Haj\u00f3kont\u00e9nerek<\/a> minden alkalmaz\u00e1shoz<\/li>\n<li> Tan\u00e1csad\u00e1s arr\u00f3l, hogy mit csomagoljunk \u00e9s mit adjunk el a k\u00f6lts\u00e9ghat\u00e9konys\u00e1g \u00e9rdek\u00e9ben<\/li>\n<li> Seg\u00edts\u00e9g a v\u00e1mkezel\u00e9shez<\/li>\n<li> B\u00fatorok sz\u00e1ll\u00edt\u00e1sa \u00e9s \u00f6sszeszerel\u00e9se<\/li>\n<li> 24\/7 online sz\u00e1ll\u00edt\u00e1si nyomon k\u00f6vet\u00e9s<\/li>\n<li> \u00c9rt\u00e9kv\u00e9delmi program<\/li>\n<li> R\u00f6vid \u00e9s hossz\u00fa t\u00e1v\u00fa t\u00e1rol\u00e1s<\/li>\n<\/ul>\n<p><strong>K\u00f6lt\u00f6ztet\u00e9s Speci\u00e1lis szolg\u00e1ltat\u00e1sok<\/strong><\/p>\n<ul>\n<li> Lak\u00e1sv\u00e1s\u00e1rl\u00e1si \u00e9s \u00e1tmeneti \u00e9letkezd\u00e9si t\u00e1mogat\u00e1s<\/li>\n<li> P\u00e9nz\u00fcgyi \u00e9s biztos\u00edt\u00e1si szolg\u00e1ltat\u00f3i seg\u00edts\u00e9gny\u00fajt\u00e1s<\/li>\n<li> Interkultur\u00e1lis k\u00e9pz\u00e9s<\/li>\n<li> Nyelvi k\u00e9pz\u00e9s<\/li>\n<li> Gyermekgondoz\u00e1si \u00e9s iskolai beutal\u00f3k<\/li>\n<li> Orvosi ell\u00e1t\u00e1s \u00e9s receptek kiv\u00e1lt\u00e1sa<\/li>\n<li> G\u00e9pj\u00e1rm\u0171v\u00e1s\u00e1rl\u00e1s \u00e9s szolg\u00e1ltat\u00e1sok<\/li>\n<li> Vezet\u00e9si leck\u00e9k<\/li>\n<\/ul>\n<p><strong>V\u00e1llalati k\u00f6lt\u00f6z\u00e9sek<\/strong><\/p>\n<ul>\n<li> Csomagol\u00e1s \u00e9s csomagol\u00e1s<\/li>\n<li> T\u00e1rol\u00e1s<\/li>\n<li> Sz\u00e1ll\u00edt\u00e1s<\/li>\n<li> Szem\u00e9lyi k\u00f6lt\u00f6z\u00e9si koordin\u00e1tor<\/li>\n<li> Lak\u00e1selad\u00e1s \u00e9s -v\u00e1s\u00e1rl\u00e1s t\u00e1mogat\u00e1sa<\/li>\n<li> Ter\u00fcletorient\u00e1ci\u00f3<\/li>\n<li> H\u00e1zast\u00e1rsi seg\u00edts\u00e9gny\u00fajt\u00e1s<\/li>\n<li> Jelz\u00e1loghitel-szolg\u00e1ltat\u00e1sok<\/li>\n<li> Beilleszked\u00e9si szolg\u00e1ltat\u00e1sok<\/li>\n<\/ul>\n<p><strong>K\u00f6lt\u00f6ztet\u0151 szolg\u00e1ltat\u00e1sok<\/strong><\/p>\n<ul>\n<li> Csomagol\u00e1s \u00e9s kicsomagol\u00e1s - csin\u00e1ld magad, csak t\u00f6r\u00e9keny t\u00e1rgyak vagy teljes csomagol\u00e1s<\/li>\n<li> Csomagol\u00f3anyagok nagy v\u00e1laszt\u00e9ka<\/li>\n<li> B\u00fatorok sz\u00e9t- \u00e9s \u00f6sszeszerel\u00e9se<\/li>\n<li> Kirakod\u00e1s<\/li>\n<li> Kicsomagol\u00e1s, ha sz\u00fcks\u00e9ges<\/li>\n<li> A t\u00f6rmel\u00e9k \u00e1rtalmatlan\u00edt\u00e1sa<\/li>\n<li> Hossz\u00fa t\u00e1v\u00fa \u00e9s r\u00f6vid t\u00e1v\u00fa t\u00e1rol\u00e1s<\/li>\n<li> H\u00e1ztart\u00e1si k\u00f6lt\u00f6z\u00e9s<\/li>\n<li> Helyi k\u00f6lt\u00f6z\u00e9s<\/li>\n<li> Hossz\u00fa t\u00e1v\u00fa mozgat\u00e1s<\/li>\n<li> Katonai k\u00f6lt\u00f6z\u00e9s<\/li>\n<li> Orsz\u00e1ghat\u00e1rokon \u00e1tny\u00fal\u00f3 k\u00f6lt\u00f6z\u00e9s<\/li>\n<li> \u00c1llamk\u00f6zi k\u00f6lt\u00f6z\u00e9s<\/li>\n<li> Express kis k\u00fcldem\u00e9ny<\/li>\n<li> Nemzeti k\u00f6lt\u00f6ztet\u0151k<\/li>\n<\/ul>\n<p><strong>Speci\u00e1lis mozg\u00e1sok<\/strong><\/p>\n<ul>\n<li> Zongor\u00e1k<\/li>\n<li> M\u0171v\u00e9szet \u00e9s r\u00e9gis\u00e9gek<\/li>\n<li> Cs\u00f3nakok<\/li>\n<li> <a href=\"https:\/\/moverdb.com\/hu\/autoszallitas-szallitas-szallitas\/\">J\u00e1rm\u0171vek<\/a><\/li>\n<li> Kont\u00e9nerek<\/li>\n<\/ul>\n<h2>North American Van Lines c\u00e9gprofil<\/h2>\n<p>A North American Van Lines el\u0151sz\u00f6r 1933-ban kezdte meg fuvaroz\u00e1si tev\u00e9kenys\u00e9g\u00e9t 12 \u00fcgyn\u00f6kkel. \u00d6t \u00e9vvel k\u00e9s\u0151bb m\u00e1r t\u00f6bb mint 120 \u00fcgyn\u00f6ke volt. A v\u00e1llalat helyi, orsz\u00e1gos \u00e9s nemzetk\u00f6zi szinten egyar\u00e1nt foglalkozik otthoni \u00e9s irodai k\u00f6lt\u00f6z\u00e9sekkel. A North American Van Lines 1998-ban a SIRVA Inc. le\u00e1nyv\u00e1llalata lett. <\/p>\n<p>A v\u00e1llalat k\u00f6zel 8000 alkalmazottat foglalkoztat, \u00e9s a k\u00f6vetkez\u0151 tev\u00e9kenys\u00e9geket v\u00e9gzi <strong>1,694 teheraut\u00f3<\/strong>. Becsl\u00e9sek szerint a j\u00e1rm\u0171veik <strong>37,256,707 m\u00e9rf\u00f6ld<\/strong>.<\/p>\n<p>A North American Van Lines t\u00f6bb mint 500 \u00fcgyn\u00f6kkel rendelkezik \u00c9szak-Amerik\u00e1ban. M\u0171holdas nyomon k\u00f6vet\u00e9ssel rendelkeznek, hogy minden sz\u00e1ll\u00edtm\u00e1nyt b\u00e1rmikor pontosan nyomon tudjanak k\u00f6vetni. Darus kisteheraut\u00f3kat is haszn\u00e1lnak, amelyek lehet\u0151v\u00e9 teszik sz\u00e1mukra, hogy nagym\u00e9ret\u0171 t\u00e1rgyakat rakod\u00f3dokk n\u00e9lk\u00fcl be- \u00e9s kirakodjanak. <\/p>\n<p>A v\u00e1llalat min\u0151s\u00e9g\u00fcgyi programot vezetett be az \u00f6sszes alkalmazott \u00e9s \u00fcgyn\u00f6k lehet\u0151 legmagasabb sz\u00ednvonal\u00fa k\u00e9pz\u00e9s\u00e9re.<\/p>\n<p>North American Van Lines akkredit\u00e1ci\u00f3k \u00e9s csatlakoz\u00e1sok:<\/p>\n<ul>\n<li> V\u00e1mkereskedelmi partners\u00e9g a terrorizmus ellen (C-TPAT)<\/li>\n<li> <a href=\"https:\/\/moverdb.com\/hu\/amsa\/\">Amerikai K\u00f6lt\u00f6ztet\u0151 \u00e9s Rakt\u00e1roz\u00e1si Sz\u00f6vets\u00e9g<\/a> (<a href=\"https:\/\/moverdb.com\/hu\/amsa\/\" data-internallinksmanager029f6b8e52c=\"5\" title=\"Az Amerikai K\u00f6lt\u00f6ztet\u0151 \u00e9s T\u00e1rol\u00f3 Sz\u00f6vets\u00e9g (AMSA) magyar\u00e1zata\">AMSA<\/a>) - <a href=\"https:\/\/moverdb.com\/hu\/felni-elorejelzo\/\">ProMover<\/a><\/li>\n<li> BBB akkredit\u00e1lt v\u00e1llalkoz\u00e1s<\/li>\n<li> <a href=\"https:\/\/moverdb.com\/hu\/canadian-association-of-movers\/\">Kanadai K\u00f6lt\u00f6ztet\u0151k Sz\u00f6vets\u00e9ge<\/a> (<a href=\"https:\/\/moverdb.com\/hu\/canadian-association-of-movers\/\" data-internallinksmanager029f6b8e52c=\"11\" title=\"A Kanadai K\u00f6lt\u00f6ztet\u0151k Sz\u00f6vets\u00e9ge (CAM) magyar\u00e1zata\">CAM<\/a>)<\/li>\n<\/ul>\n<h2>North American Van Lines V\u00e9lem\u00e9nyek<\/h2>\n<p><strong>Pozit\u00edv:<\/strong><\/p>\n<ul>\n<li>  <em>\"\u00c1lland\u00f3an k\u00f6lt\u00f6z\u00fcnk, \u00e9s ez volt \u00e9let\u00fcnk legjobb k\u00f6lt\u00f6z\u00e9se. Soha nem volt m\u00e9g olyan k\u00f6lt\u00f6z\u00e9s\u00fcnk, ahol a dolgok ilyen j\u00f3l mentek volna. Minden csod\u00e1latos volt.\"<\/em> - Justin P v\u00e1s\u00e1rl\u00f3 <a href=\"https:\/\/www.northamerican.com\/\" target=\"_blank\" rel=\"noopener\">aj\u00e1nl\u00f3lev\u00e9l a honlapjukr\u00f3l<\/a>.<\/li>\n<li> <em>\"Mindig id\u0151ben, hat\u00e9konyan, hat\u00e9konyan, szem\u00e9lyesen \u00e9s nagyon seg\u00edt\u0151k\u00e9szen. Kellemesen meglep\u0151dt\u00fcnk, hogy miut\u00e1n a gub\u00e1inkat berakt\u00e1k \u00e9s lem\u00e9rlegelt\u00e9k, val\u00f3j\u00e1ban kevesebbet sz\u00e1moltak fel, mint az \u00e1raj\u00e1nlatban szerepl\u0151 \u00f6sszeg! Mindenk\u00e9ppen aj\u00e1nlom \u0151ket!<\/em>\" - Candace via <a href=\"http:\/\/www.bbb.org\/northernindiana\/business-reviews\/movers\/north-american-van-lines-in-fort-wayne-in-90077877\/customer-reviews\" target=\"_blank\" rel=\"noopener\">BBB<\/a><\/li>\n<li> <em>\"Egy hossz\u00fa, szeles, keskeny felj\u00e1r\u00f3val rendelkez\u0151 h\u00e1zb\u00f3l egy t\u00f6bb sz\u00e1z kilom\u00e9terre l\u00e9v\u0151 m\u00e1sikba k\u00f6lt\u00f6zni nem volt k\u00f6nny\u0171 feladat egyetlen k\u00f6lt\u00f6ztet\u0151 sz\u00e1m\u00e1ra sem. De a North American Van Lines csod\u00e1latos \u00e9lm\u00e9nyt ny\u00fajtott, ami a k\u00f6lt\u00f6z\u00e9st kev\u00e9sb\u00e9 stresszess\u00e9 tette... \u00e9s merem azt mondani, sz\u00f3rakoztat\u00f3v\u00e1?\".<\/em> - Phyllis kereszt\u00fcl <a href=\"https:\/\/www.facebook.com\/northAmericanVL\/reviews#\" target=\"_blank\" rel=\"noopener\">Facebook<\/a><\/li>\n<\/ul>\n<p><strong>Negat\u00edv:<\/strong><\/p>\n<ul>\n<li> <em>\"Sz\u00f6rny\u0171 tapasztalatokat szereztem ezzel a c\u00e9ggel. Baltimore-b\u00f3l Baltimore-ba k\u00f6lt\u00f6ztem vel\u00fck. <a href=\"https:\/\/moverdb.com\/hu\/koltozes-san-franciscoba\/\">San Francisco<\/a>.  Helyi <a href=\"https:\/\/moverdb.com\/hu\/moving-companies\/\" data-internallinksmanager029f6b8e52c=\"79\" title=\"Top 25 nemzetk\u00f6zi k\u00f6lt\u00f6ztet\u0151 c\u00e9gek online\">k\u00f6lt\u00f6ztet\u0151 c\u00e9gek<\/a> szerz\u0151d\u00f6tt a North American-nel, hogy felvegye \u00e9s leadja a dolgait.\"<\/em> - Nick kereszt\u00fcl <a href=\"http:\/\/www.mymovingreviews.com\/movers\/north-american-van-lines-287#33438\" target=\"_blank\" rel=\"noopener\">MyMovingReviews<\/a><\/li>\n<li> <em>\"Mozg\u00e1s a <a href=\"https:\/\/moverdb.com\/hu\/moving-companies\/moving-companies-peru\/\" data-internallinksmanager029f6b8e52c=\"273\" title=\"9 legjobb nemzetk\u00f6zi k\u00f6lt\u00f6ztet\u0151 c\u00e9gek Peru-ban\">Peru<\/a> a  c\u00edmre. <a href=\"https:\/\/moverdb.com\/hu\/moving-to-the-united-states\/moving-to-iowa\/\" data-internallinksmanager029f6b8e52c=\"463\" title=\"Iow\u00e1ba k\u00f6lt\u00f6zik? 2024 Lakhat\u00e1si k\u00f6lts\u00e9gek \u00e9s k\u00f6lt\u00f6z\u00e9si tippek\">Iowa<\/a> egy r\u00e9m\u00e1lom volt. A legrosszabb az volt, hogy a teheraut\u00f3t a North American Van Lines \"szakemberei\" pakolt\u00e1k ki.\"<\/em> - Arthur via <a href=\"https:\/\/www.consumeraffairs.com\/movers\/north_american.htm\" target=\"_blank\" rel=\"noopener\">Fogyaszt\u00f3i \u00fcgyek<\/a><\/li>\n<li> <em>\"10 nap telt el az\u00f3ta, hogy a dolgaimat elhozt\u00e1k a <a href=\"https:\/\/moverdb.com\/hu\/moving-to-the-united-states\/moving-to-oklahoma\/\" data-internallinksmanager029f6b8e52c=\"453\" title=\"Oklahom\u00e1ba k\u00f6lt\u00f6zik? 2024 Lakhat\u00e1si k\u00f6lts\u00e9gek \u00e9s k\u00f6lt\u00f6z\u00e9si tippek\">Oklahoma<\/a>M\u00e1r csak 2 munkanap van h\u00e1tra a k\u00e9zbes\u00edt\u00e9si id\u0151b\u0151l, \u00e9s most der\u00fclt ki, hogy a VEZET\u0150 SEM V\u00c1LLALJA EL AZ \u00c9RDEKEMET.\"<\/em> - a <a href=\"http:\/\/north-american-van-lines.pissedconsumer.com\/left-my-stuff-behind-20160401821464.html\" target=\"_blank\" rel=\"noopener\">Pissed fogyaszt\u00f3<\/a><\/li>\n<\/ul>\n<div itemprop=\"review\" itemscope itemtype=\"http:\/\/schema.org\/Review\">\n<span itemprop=\"author\" itemscope=\"\" itemtype=\"http:\/\/schema.org\/Organization\"><span itemprop=\"name\">MoverDB.com<\/span><\/span> Online weboldal-fel\u00fclvizsg\u00e1lat a <span itemprop=\"itemreviewed\" itemscope=\"\" itemtype=\"http:\/\/schema.org\/Brand\"><span itemprop=\"name\">North American Van Lines<\/span><\/span>:<\/p>\n<ol>\n<li> Egy\u00e9rtelm\u0171 el\u00e9rhet\u0151s\u00e9gek a weboldalon (bele\u00e9rtve a telefonsz\u00e1mot is): <strong>Igen<\/strong><\/li>\n<li> K\u00f6nnyen beszerezhet\u0151 <a href=\"https:\/\/moverdb.com\/hu\/idezi\/\">nemzetk\u00f6zi mozg\u00f3 \u00e1raj\u00e1nlatok<\/a>? (Online \u00e1raj\u00e1nlatk\u00e9r\u0151 \u0171rlap): <strong>Igen<\/strong><\/li>\n<li> Egy\u00e9rtelm\u0171 inform\u00e1ci\u00f3k a honlapon: <strong>Igen<\/strong>, sok inform\u00e1ci\u00f3 a belf\u00f6ldi \u00e9s nemzetk\u00f6zi k\u00f6lt\u00f6z\u00e9sekr\u0151l.<\/li>\n<li> Tags\u00e1g nemzetk\u00f6zi elismert mozgat\u00f3 szervezetekben: <strong>Igen<\/strong>, l\u00e1sd fentebb<\/li>\n<li> \u00dcgyfelek list\u00e1ja \u00e9s\/vagy kor\u00e1bbi v\u00e1s\u00e1rl\u00f3i aj\u00e1nl\u00e1sok. <strong>Igen,<\/strong> sok aj\u00e1nl\u00f3lev\u00e9l van az oldalon, de a legt\u00f6bbj\u00fck el\u00e9g r\u00f6vid.<\/li>\n<\/ol>\n<div itemprop=\"reviewRating\" itemscope itemtype=\"http:\/\/schema.org\/Rating\"><meta itemprop=\"worstRating\" content = \"0\" \/><meta itemprop=\"bestRating\" content=\"4.5\" \/><meta itemprop=\"ratingValue\" content=\"5\"><\/div>\n<p><strong>\u00c1ltal\u00e1nos pontsz\u00e1m: 4.5\/5<\/strong><br \/>\n<strong>Fel\u00fclvizsg\u00e1lat d\u00e1tuma:<\/strong> <span itemprop=\"datePublished\" content=\"2016-08-24\">04\/08\/2016<\/span>\n<\/div>\n<p>Tov\u00e1bbi inform\u00e1ci\u00f3 <a href=\"https:\/\/moverdb.com\/hu\/koltozteto-cegek\/\">nemzetk\u00f6zi k\u00f6lt\u00f6ztet\u0151k<\/a>, <a href=\"https:\/\/moverdb.com\/hu\/us-canada-movers\/\">Kanadai \u00e9s amerikai k\u00f6lt\u00f6ztet\u0151k<\/a> \u00e9s a mi <a href=\"https:\/\/moverdb.com\/hu\/ertekelesek\/\">mozg\u00f3 fel\u00fclvizsg\u00e1lati elj\u00e1r\u00e1s<\/a>.<\/p>\n<p><strong>Weboldalak:<\/strong><br \/>\n<a href=\"https:\/\/moverdb.com\/hu\/moving-to-the-united-states\/\" data-internallinksmanager029f6b8e52c=\"94\" title=\"Az Egyes\u00fclt \u00c1llamokba k\u00f6lt\u00f6zik? 2022 Meg\u00e9lhet\u00e9si k\u00f6lts\u00e9gek \u00e9s k\u00f6lt\u00f6z\u00e9si tippek\">US<\/a>: <a href=\"https:\/\/www.northamerican.com\/\" target=\"_blank\" rel=\"noopener\">https:\/\/www.northamerican.com\/<\/a><br \/>\n<a href=\"https:\/\/moverdb.com\/hu\/moving-to-canada\/\" data-internallinksmanager029f6b8e52c=\"265\" title=\"K\u00f6lt\u00f6z\u00e9s Kanad\u00e1ba? 2023 \u00c9letk\u00f6lts\u00e9gek \u00e9s k\u00f6lt\u00f6z\u00e9si tippek\">Kanada<\/a>: <a href=\"http:\/\/www.northamericanvanlines.ca\/\" target=\"_blank\" rel=\"noopener\">http:\/\/www.northamericanvanlines.ca\/<\/a><\/p>","protected":false},"excerpt":{"rendered":"<p>North American Van Lines offer their customers services for international, corporate and domestic moves. A list of these services follows, together with a company profile and reviews. International Moving for Individuals and Companies Door to door service Packing, padding and protecting belongings Disassembling furniture Ship containers for every application Advice on what to pack and [&hellip;]<\/p>\n","protected":false},"author":1,"featured_media":0,"parent":0,"menu_order":0,"comment_status":"closed","ping_status":"closed","template":"","meta":{"_genesis_hide_title":false,"_genesis_hide_breadcrumbs":false,"_genesis_hide_singular_image":false,"_genesis_hide_footer_widgets":false,"_genesis_custom_body_class":"","_genesis_custom_post_class":"","_genesis_layout":"","footnotes":""},"class_list":{"0":"post-1075","1":"page","2":"type-page","3":"status-publish","5":"entry"},"_links":{"self":[{"href":"https:\/\/moverdb.com\/hu\/wp-json\/wp\/v2\/pages\/1075","targetHints":{"allow":["GET"]}}],"collection":[{"href":"https:\/\/moverdb.com\/hu\/wp-json\/wp\/v2\/pages"}],"about":[{"href":"https:\/\/moverdb.com\/hu\/wp-json\/wp\/v2\/types\/page"}],"author":[{"embeddable":true,"href":"https:\/\/moverdb.com\/hu\/wp-json\/wp\/v2\/users\/1"}],"replies":[{"embeddable":true,"href":"https:\/\/moverdb.com\/hu\/wp-json\/wp\/v2\/comments?post=1075"}],"version-history":[{"count":11,"href":"https:\/\/moverdb.com\/hu\/wp-json\/wp\/v2\/pages\/1075\/revisions"}],"predecessor-version":[{"id":6227,"href":"https:\/\/moverdb.com\/hu\/wp-json\/wp\/v2\/pages\/1075\/revisions\/6227"}],"wp:attachment":[{"href":"https:\/\/moverdb.com\/hu\/wp-json\/wp\/v2\/media?parent=1075"}],"curies":[{"name":"wp","href":"https:\/\/api.w.org\/{rel}","templated":true}]}}