{"id":1065,"date":"2016-08-09T14:39:24","date_gmt":"2016-08-09T14:39:24","guid":{"rendered":"http:\/\/moverdb.com\/?page_id=1065"},"modified":"2026-01-08T14:47:45","modified_gmt":"2026-01-08T14:47:45","slug":"bekins-van-lines","status":"publish","type":"page","link":"https:\/\/moverdb.com\/hu\/bekins-van-lines\/","title":{"rendered":"Bekins Van Lines: Binsins Lines Moving Services: International Moving Services &amp; Reviews"},"content":{"rendered":"<p>A Bekins Van Lines sz\u00e9khelye Indianapolis IN. Sz\u00e1mos szolg\u00e1ltat\u00e1st k\u00edn\u00e1lnak \u00fcgyfeleiknek, amelyeket az al\u00e1bbiakban felsorolunk, a v\u00e1llalati profillal \u00e9s a v\u00e9lem\u00e9nyekkel egy\u00fctt.<\/p>\n<p><strong>Nemzetk\u00f6zi k\u00f6lt\u00f6z\u00e9s<\/strong><\/p>\n<ul>\n<li> Szem\u00e9lyre szabott szolg\u00e1ltat\u00e1s a Crown Relocations-szal egy\u00fctt<\/li>\n<li> H\u00e1zhoz men\u0151 szolg\u00e1ltat\u00e1s<\/li>\n<li> Csomagol\u00e1s - csin\u00e1ld magad, kiv\u00e1lasztott t\u00e9telek vagy teljes k\u00f6r\u0171 szolg\u00e1ltat\u00e1s<\/li>\n<li> Rakt\u00e1roz\u00e1s - r\u00f6vid \u00e9s hossz\u00fa t\u00e1von<\/li>\n<li> H\u00e1zi\u00e1llat \u00e1thelyez\u00e9s<\/li>\n<li> Bev\u00e1ndorl\u00e1si szolg\u00e1ltat\u00e1sok<\/li>\n<li> Interkultur\u00e1lis k\u00e9pz\u00e9s<\/li>\n<li> Nyelvi k\u00e9pz\u00e9s<\/li>\n<li> Otthon-\u00e9rt\u00e9kes\u00edt\u00e9si szolg\u00e1ltat\u00e1sok<\/li>\n<li> Ingatlankezel\u00e9s<\/li>\n<li> Utaz\u00e1si szolg\u00e1ltat\u00e1sok el\u0151n\u00e9zete<\/li>\n<li> Seg\u00edts\u00e9g az otthonkeres\u00e9sben<\/li>\n<li> Iskolai keres\u00e9s<\/li>\n<li> \u00c9rkez\u00e9s ut\u00e1ni t\u00e1j\u00e9koz\u00f3d\u00e1s<\/li>\n<li> Partneri karrier-t\u00e1mogat\u00e1s<\/li>\n<li> Ezermester \u00e9s h\u00e1zi seg\u00edts\u00e9gny\u00fajt\u00e1s<\/li>\n<li> B\u00fatorb\u00e9rl\u00e9s<\/li>\n<li> Kik\u00fcldet\u00e9s k\u00f6zbeni t\u00e1mogat\u00e1s<\/li>\n<\/ul>\n<p><strong>Csomagol\u00e1s \u00e9s t\u00e1rol\u00e1s<\/strong><\/p>\n<ul>\n<li> Hossz\u00fa \u00e9s r\u00f6vid t\u00e1v\u00fa t\u00e1rol\u00e1s<\/li>\n<li> Biztons\u00e1gos l\u00e9tes\u00edtm\u00e9nyek<\/li>\n<li> 24 \u00f3r\u00e1s \u00e9rtes\u00edt\u00e9s a bel\u00e9p\u00e9sr\u0151l<\/li>\n<li> Csin\u00e1ld magad, kiv\u00e1lasztott t\u00e9telek vagy teljes k\u00f6r\u0171 csomagol\u00e1s<\/li>\n<li> Kartonok \u00e9s dobozok sz\u00e1ll\u00edt\u00e1sa<\/li>\n<li> V\u00e9d\u0151csomagol\u00e1s mell\u00e9kelve<\/li>\n<li> Szalag, c\u00edmk\u00e9k \u00e9s filctollak<\/li>\n<\/ul>\n<p><strong>Korm\u00e1nyzati \u00e9s katonai k\u00f6lt\u00f6ztet\u00e9si szolg\u00e1ltat\u00e1sok<\/strong><\/p>\n<ul>\n<li> GSA sz\u00e1ll\u00edt\u00e1si szolg\u00e1ltat\u00f3<\/li>\n<li> A CHAMP alapj\u00e1n jogosult \u00e9s t\u00e1mogatja a CHAMP-ot<\/li>\n<li> Ajt\u00f3t\u00f3l ajt\u00f3ig<\/li>\n<\/ul>\n<p><strong>Alkalmazottak \u00e1thelyez\u00e9se<\/strong><\/p>\n<ul>\n<li> Dedik\u00e1lt k\u00f6lt\u00f6z\u00e9si menedzser<\/li>\n<li> Ajt\u00f3t\u00f3l ajt\u00f3ig<\/li>\n<\/ul>\n<p><strong>Lakoss\u00e1gi k\u00f6lt\u00f6z\u00e9sek<\/strong><\/p>\n<ul>\n<li> Ajt\u00f3t\u00f3l ajt\u00f3ig<\/li>\n<li> In-home <a href=\"https:\/\/moverdb.com\/hu\/quotes\/\" data-internallinksmanager029f6b8e52c=\"26\" title=\"Nemzetk\u00f6zi k\u00f6lt\u00f6z\u00e9si \u00e1raj\u00e1nlatok: 12 k\u00e9rd\u00e9s, hogy k\u00e9rdezze meg a k\u00f6lt\u00f6ztet\u0151\">k\u00f6lt\u00f6z\u00e9si \u00e1raj\u00e1nlat<\/a><\/li>\n<li> Teljes k\u00f6r\u0171 csomagol\u00e1si, rakod\u00e1si \u00e9s kirakod\u00e1si szolg\u00e1ltat\u00e1s<\/li>\n<li> Csomagol\u00e1s - csin\u00e1ld magad, t\u00f6r\u00e9keny t\u00e1rgyak vagy teljes k\u00f6r\u0171 szolg\u00e1ltat\u00e1s<\/li>\n<li> Csomagol\u00f3anyagok<\/li>\n<li> El\u00e9rhet\u0151 t\u00e1rol\u00f3<\/li>\n<li> B\u00fatorok sz\u00e9t- \u00e9s \u00f6sszeszerel\u00e9se<\/li>\n<li> B\u00fatorok, berendez\u00e9si t\u00e1rgyak \u00e9s berendez\u00e9sek mozgat\u00e1sa<\/li>\n<li> Zongor\u00e1k mozgat\u00e1sa, <a href=\"https:\/\/moverdb.com\/hu\/autoszallitas-szallitas-szallitas\/\">j\u00e1rm\u0171vek<\/a>, haj\u00f3k \u00e9s egy\u00e9b<\/li>\n<li> Mozg\u00f3 v\u00e9delem<\/li>\n<\/ul>\n<p><strong>Speci\u00e1lis k\u00f6lt\u00f6ztet\u00e9si szolg\u00e1ltat\u00e1sok<\/strong><\/p>\n<ul>\n<li> Orvosi berendez\u00e9sek sz\u00e1ll\u00edt\u00e1sa<\/li>\n<li> Neh\u00e9zg\u00e9pek sz\u00e1ll\u00edt\u00e1sa<\/li>\n<li> FFE sz\u00e1ll\u00edt\u00e1s<\/li>\n<li> Irodai berendez\u00e9sek<\/li>\n<li> Sz\u00e1m\u00edt\u00f3g\u00e9pek \u00e9s informatikai berendez\u00e9sek<\/li>\n<li> Egyedi b\u00fatorelemek<\/li>\n<li> K\u00e9sz\u00fcl\u00e9k mozgat\u00e1sa<\/li>\n<li> Bolti berendez\u00e9si t\u00e1rgyak<\/li>\n<li> Vend\u00e9gl\u00e1t\u00f3ipari k\u00f6lt\u00f6ztet\u0151 szolg\u00e1ltat\u00e1sok<\/li>\n<\/ul>\n<h2>Bekins Van Lines C\u00e9gprofil<\/h2>\n<p>A Bekins Van Lines-t 125 \u00e9vvel ezel\u0151tt John \u00e9s Martin Bekins ind\u00edtotta el Sioux Cityben, <a href=\"https:\/\/moverdb.com\/hu\/moving-to-the-united-states\/moving-to-iowa\/\" data-internallinksmanager029f6b8e52c=\"463\" title=\"Iow\u00e1ba k\u00f6lt\u00f6zik? 2024 Lakhat\u00e1si k\u00f6lts\u00e9gek \u00e9s k\u00f6lt\u00f6z\u00e9si tippek\">Iowa<\/a>. 3 l\u00f3vontat\u00e1s\u00fa j\u00e1rm\u0171vel \u00e9s 12 alkalmazottal rendelkezett. Ma m\u00e1r a negyedik legnagyobb furgonvonal a vil\u00e1gon. <a href=\"https:\/\/moverdb.com\/hu\/moving-to-the-united-states\/\" data-internallinksmanager029f6b8e52c=\"94\" title=\"Az Egyes\u00fclt \u00c1llamokba k\u00f6lt\u00f6zik? 2022 Meg\u00e9lhet\u00e9si k\u00f6lts\u00e9gek \u00e9s k\u00f6lt\u00f6z\u00e9si tippek\">Egyes\u00fclt \u00c1llamok<\/a> \u00e9s az orsz\u00e1g t\u00f6bb mint 95% ter\u00fclet\u00e9t szolg\u00e1lja ki. A Bekins Van Lines szakosodott <a href=\"https:\/\/moverdb.com\/hu\/kontenerszallitas\/\" target=\"_blank\" rel=\"noopener\">nemzetk\u00f6zi sz\u00e1ll\u00edt\u00e1s<\/a>, k\u00f6lt\u00f6z\u00e9sek \u00e9s nagy \u00e9rt\u00e9k\u0171 t\u00e1rgyak mozgat\u00e1sa.<\/p>\n<p>A Bekins Van Lines jelenleg a <a href=\"https:\/\/moverdb.com\/hu\/wheaton\/\" target=\"_blank\" rel=\"noopener\">Wheaton Van Lines<\/a>. Tov\u00e1bbra is k\u00edn\u00e1l h\u00e1ztart\u00e1si mozg\u00e1sok, v\u00e1llalati mozg\u00e1sok, nemzetk\u00f6zi mozg\u00e1sok \u00e9s katonai mozg\u00e1sok. <\/p>\n<p>A Bekins a Wheaton Van Lines-szal egy\u00fctt a Crown Relocations-szel egy\u00fcttm\u0171k\u00f6dve seg\u00edti az \u00fcgyfeleket a nemzetk\u00f6zi k\u00f6lt\u00f6z\u00e9sekben. A Bekins 350 \u00fcgyn\u00f6kkel rendelkezik, \u00e9s ezek az \u00fcgyn\u00f6k\u00f6k teszik lehet\u0151v\u00e9, hogy a v\u00e1llalat teljes k\u00f6r\u0171 szolg\u00e1ltat\u00e1sk\u00e9nt m\u0171k\u00f6dj\u00f6n. <a href=\"https:\/\/moverdb.com\/hu\/moving-companies\/\" data-internallinksmanager029f6b8e52c=\"79\" title=\"Top 25 nemzetk\u00f6zi k\u00f6lt\u00f6ztet\u0151 c\u00e9gek online\">k\u00f6lt\u00f6ztet\u0151 c\u00e9g<\/a>.<\/p>\n<p>Bekins Van Lines kapcsolatok \u00e9s akkredit\u00e1ci\u00f3k:<\/p>\n<ul>\n<li> <a href=\"https:\/\/moverdb.com\/hu\/amsa\/\" target=\"_blank\" rel=\"noopener\">Amerikai K\u00f6lt\u00f6ztet\u0151 \u00e9s Rakt\u00e1roz\u00e1si Sz\u00f6vets\u00e9g<\/a> (<a href=\"https:\/\/moverdb.com\/hu\/amsa\/\" data-internallinksmanager029f6b8e52c=\"5\" title=\"Az Amerikai K\u00f6lt\u00f6ztet\u0151 \u00e9s T\u00e1rol\u00f3 Sz\u00f6vets\u00e9g (AMSA) magyar\u00e1zata\">AMSA<\/a>) - <a href=\"https:\/\/moverdb.com\/hu\/felni-elorejelzo\/\" target=\"_blank\" rel=\"noopener\">ProMover<\/a><\/li>\n<li> A Senior Move Managers Orsz\u00e1gos Sz\u00f6vets\u00e9ge (NASMM)<\/li>\n<li> Better Business Bureau (BBB) Akkredit\u00e1lt v\u00e1llalkoz\u00e1s A+<\/li>\n<\/ul>\n<h2>Bekins Van Lines V\u00e9lem\u00e9nyek<\/h2>\n<p><strong>Pozit\u00edv:<\/strong><\/p>\n<ul>\n<li> <em>\"Rettegtem att\u00f3l, hogy b\u00e1rmilyen k\u00f6lt\u00f6ztet\u0151 c\u00e9get vegyek ig\u00e9nybe a k\u00f6lt\u00f6z\u00e9semhez... <a href=\"https:\/\/moverdb.com\/hu\/koltozes-san-jose-ba\/\">San Jose<\/a> a  c\u00edmre. <a href=\"https:\/\/moverdb.com\/hu\/moving-to-the-united-states\/moving-to-oregon\/\" data-internallinksmanager029f6b8e52c=\"395\" title=\"K\u00f6lt\u00f6z\u00e9s Oregonba? 2023 Lakhat\u00e1si k\u00f6lts\u00e9gek \u00e9s k\u00f6lt\u00f6z\u00e9si tippek\">Oregon<\/a>. Rengeteg online kutat\u00e1st v\u00e9geztem, \u00e9s v\u00e9g\u00fcl a Bekins-szel mentem, mert k\u00e9t szem\u00e9lyes aj\u00e1nl\u00e1s \u00e9s a be\u00e1ll\u00edtott becsl\u00e9s\u00fck miatt. K\u00f6nny\u0171 volt a folyamat, a k\u00f6lt\u00f6ztet\u0151k nagy gondoss\u00e1ggal b\u00e1ntak a t\u00e1rgyaimmal, \u00e9s akkor sz\u00e1ll\u00edtottak, amikor azt mondt\u00e1k, hogy sz\u00e1ll\u00edtanak.\"<\/em> - S. N. via <a href=\"http:\/\/www.yelp.com\/biz\/bekins-van-lines-indianapolis-4?hrid=sAKPuUdvUtx9Pe5VoZlhZQ&#038;utm_campaign=www_review_share_popup&#038;utm_medium=copy_link&#038;utm_source=(direct)\" target=\"_blank\" rel=\"noopener\">Yelp<\/a><\/li>\n<li> <em>\"Irod\u00e1nk k\u00f6lt\u00f6ztet\u00e9s\u00e9hez beszerezt\u00fck a szok\u00e1sos \u00e1raj\u00e1nlatokat, \u00e9s a Bekins adta a legjobb \u00e9s legr\u00e9szletesebb \u00e1raj\u00e1nlatot.\"<\/em> - Wanda Tampa kereszt\u00fcl <a href=\"https:\/\/www.consumeraffairs.com\/movers\/bekins_van_lines.htm\" target=\"_blank\" rel=\"noopener\">Fogyaszt\u00f3i \u00fcgyek<\/a><\/li>\n<li> <em>\"Ez az \u00fcgyf\u00e9l aj\u00e1nlan\u00e1 az \u00fczletet egy bar\u00e1tj\u00e1nak, csal\u00e1dtagj\u00e1nak, szomsz\u00e9dj\u00e1nak vagy koll\u00e9g\u00e1j\u00e1nak.\"<\/em> - Cindy R kereszt\u00fcl <a href=\"http:\/\/www.bbb.org\/indy\/business-reviews\/movers\/bekins-van-lines-inc-in-indianapolis-in-90013818\/Customer-Reviews\" target=\"_blank\" rel=\"noopener\">BBB<\/a><\/li>\n<li> <em>\"Az eg\u00e9sz k\u00f6lt\u00f6ztet\u0151 csapat fantasztikus volt. A becsl\u0151k \u00e9s a koordin\u00e1torok nagyon figyelmesek voltak.\"<\/em> - Paul D kereszt\u00fcl <a href=\"http:\/\/www.mymovingreviews.com\/movers\/bekins-van-lines-303#54527\" target=\"_blank\" rel=\"noopener\">MyMoivingReviews.com<\/a><\/li>\n<\/ul>\n<p><strong>Negat\u00edv:<\/strong><\/p>\n<ul>\n<li> \"<em>Igaz\u00e1n sz\u00f6rny\u0171 tapasztalat - sok s\u00e9r\u00fclt \u00e1ru \u00e9s szakszer\u0171tlen kiszolg\u00e1l\u00e1s.\" <\/em>Kelly H kereszt\u00fcl <a href=\"http:\/\/www.yelp.com\/biz\/bekins-van-lines-indianapolis-4?hrid=mPlbHKmtD2adpffBELLyBA&#038;utm_campaign=www_review_share_popup&#038;utm_medium=copy_link&#038;utm_source=(direct)\" target=\"_blank\" rel=\"noopener\">Yelp<\/a> <\/li>\n<li> <em>\"Az \u00fcgyn\u00f6k \u00e1ltal le\u00edrt t\u00f6k\u00e9letes l\u00e9p\u00e9s r\u00e9m\u00e1lomm\u00e1 v\u00e1lt.\"<\/em> - Marcel of Lake Park via <a href=\"https:\/\/www.consumeraffairs.com\/movers\/bekins_van_lines.htm\" target=\"_blank\" rel=\"noopener\">Fogyaszt\u00f3i \u00fcgyek<\/a> <\/li>\n<li> <em>\"T\u00f6bb negat\u00edv dolog is volt ezzel a tapasztalattal kapcsolatban.\"<\/em> - David S kereszt\u00fcl <a href=\"http:\/\/www.bbb.org\/indy\/business-reviews\/movers\/bekins-van-lines-inc-in-indianapolis-in-90013818\/Customer-Reviews\" target=\"_blank\" rel=\"noopener\">BBB<\/a> <\/li>\n<li> \"<em>Meg\u00e1llap\u00edtottam, hogy a Bekins k\u00f6lt\u00f6ztet\u0151 \u00e9s rakt\u00e1roz\u00f3 c\u00e9g megb\u00edzhatatlan.\" <\/em> D Langdon kereszt\u00fcl <a href=\"http:\/\/www.mymovingreviews.com\/movers\/bekins-van-lines-303#37287\" target=\"_blank\" rel=\"noopener\">MyMoivingReviews.com<\/a><\/li>\n<\/ul>\n<div itemprop=\"review\" itemscope itemtype=\"http:\/\/schema.org\/Review\">\n<span itemprop=\"author\" itemscope=\"\" itemtype=\"http:\/\/schema.org\/Organization\"><span itemprop=\"name\">MoverDB.com<\/span><\/span> Online weboldal-fel\u00fclvizsg\u00e1lat a <span itemprop=\"itemreviewed\" itemscope=\"\" itemtype=\"http:\/\/schema.org\/Brand\"><span itemprop=\"name\">Bekins Van Lines<\/span><\/span>:<\/p>\n<ol>\n<li> Egy\u00e9rtelm\u0171 el\u00e9rhet\u0151s\u00e9gek a weboldalon (bele\u00e9rtve a telefonsz\u00e1mot is): <strong>Igen<\/strong><\/li>\n<li> K\u00f6nnyen beszerezhet\u0151 <a href=\"https:\/\/moverdb.com\/hu\/idezi\/\">nemzetk\u00f6zi mozg\u00f3 \u00e1raj\u00e1nlatok<\/a>? (Online \u00e1raj\u00e1nlatk\u00e9r\u0151 \u0171rlap): <strong>Igen<\/strong><\/li>\n<li> Egy\u00e9rtelm\u0171 inform\u00e1ci\u00f3k a honlapon: <strong>Igen,<\/strong> sz\u00e1mos \u00fatmutat\u00f3, vide\u00f3 \u00e9s egy\u00e9b forr\u00e1s tal\u00e1lhat\u00f3 az oldalon.<\/li>\n<li> Tags\u00e1g nemzetk\u00f6zi elismert mozgat\u00f3 szervezetekben: <strong>Igen<\/strong>, l\u00e1sd fentebb<\/li>\n<li> \u00dcgyfelek list\u00e1ja \u00e9s\/vagy kor\u00e1bbi v\u00e1s\u00e1rl\u00f3i aj\u00e1nl\u00e1sok. <strong>Igen,<\/strong> van saj\u00e1t <a href=\"https:\/\/www.bekins.com\/why-bekins\/reviews-testimonials\/\" target=\"_blank\" rel=\"noopener\">v\u00e9lem\u00e9nyek \u00e9s aj\u00e1nl\u00e1sok oldal.<\/a><\/li>\n<\/ol>\n<div itemprop=\"reviewRating\" itemscope itemtype=\"http:\/\/schema.org\/Rating\"><meta itemprop=\"worstRating\" content = \"0\" \/><meta itemprop=\"bestRating\" content=\"5\" \/><meta itemprop=\"ratingValue\" content=\"5\"><\/div>\n<p><strong>\u00c1ltal\u00e1nos pontsz\u00e1m: 5\/5<\/strong><br \/>\n<strong>Fel\u00fclvizsg\u00e1lat d\u00e1tuma:<\/strong> <span itemprop=\"datePublished\" content=\"2016-08-08\">08\/08\/2016<\/span>\n<\/div>\n<p>Tov\u00e1bbi inform\u00e1ci\u00f3 <a href=\"https:\/\/moverdb.com\/hu\/koltozteto-cegek\/\">nemzetk\u00f6zi k\u00f6lt\u00f6ztet\u0151 c\u00e9gek<\/a>, <a href=\"https:\/\/moverdb.com\/hu\/us-canada-movers\/\">Amerikai k\u00f6lt\u00f6ztet\u0151k<\/a> \u00e9s a mi <a href=\"https:\/\/moverdb.com\/hu\/ertekelesek\/\">fel\u00fclvizsg\u00e1lati folyamat<\/a>.<\/p>\n<p><strong>Weboldal:<\/strong> <a href=\"https:\/\/www.bekins.com\/\" target=\"_blank\" rel=\"noopener\">https:\/\/www.bekins.com<\/a><\/p>","protected":false},"excerpt":{"rendered":"<p>Bekins Van Lines are based in Indianapolis IN. They offer their customers a variety of services which are listed below, together with a company profile and reviews. International Moving Personalised service together with Crown Relocations Door to door service Packing &#8211; do it yourself, selected items or full service Storage &#8211; short and long term [&hellip;]<\/p>\n","protected":false},"author":1,"featured_media":0,"parent":0,"menu_order":0,"comment_status":"closed","ping_status":"closed","template":"","meta":{"_genesis_hide_title":false,"_genesis_hide_breadcrumbs":false,"_genesis_hide_singular_image":false,"_genesis_hide_footer_widgets":false,"_genesis_custom_body_class":"","_genesis_custom_post_class":"","_genesis_layout":"","footnotes":""},"class_list":{"0":"post-1065","1":"page","2":"type-page","3":"status-publish","5":"entry"},"_links":{"self":[{"href":"https:\/\/moverdb.com\/hu\/wp-json\/wp\/v2\/pages\/1065","targetHints":{"allow":["GET"]}}],"collection":[{"href":"https:\/\/moverdb.com\/hu\/wp-json\/wp\/v2\/pages"}],"about":[{"href":"https:\/\/moverdb.com\/hu\/wp-json\/wp\/v2\/types\/page"}],"author":[{"embeddable":true,"href":"https:\/\/moverdb.com\/hu\/wp-json\/wp\/v2\/users\/1"}],"replies":[{"embeddable":true,"href":"https:\/\/moverdb.com\/hu\/wp-json\/wp\/v2\/comments?post=1065"}],"version-history":[{"count":9,"href":"https:\/\/moverdb.com\/hu\/wp-json\/wp\/v2\/pages\/1065\/revisions"}],"predecessor-version":[{"id":6181,"href":"https:\/\/moverdb.com\/hu\/wp-json\/wp\/v2\/pages\/1065\/revisions\/6181"}],"wp:attachment":[{"href":"https:\/\/moverdb.com\/hu\/wp-json\/wp\/v2\/media?parent=1065"}],"curies":[{"name":"wp","href":"https:\/\/api.w.org\/{rel}","templated":true}]}}