{"id":1064,"date":"2016-08-12T14:50:41","date_gmt":"2016-08-12T14:50:41","guid":{"rendered":"http:\/\/moverdb.com\/?page_id=1064"},"modified":"2026-01-08T13:18:24","modified_gmt":"2026-01-08T13:18:24","slug":"graebel-van-lines","status":"publish","type":"page","link":"https:\/\/moverdb.com\/hu\/graebel-van-lines\/","title":{"rendered":"Graebel Van Lines: Graebel Graebel Mobel: Nemzetk\u00f6zi k\u00f6lt\u00f6ztet\u00e9si szolg\u00e1ltat\u00e1sok \u00e9s v\u00e9lem\u00e9nyek"},"content":{"rendered":"<p>A Graebel Van Lines sz\u00e9khelye Aurora, CO. A v\u00e1llalat az al\u00e1bbiakban felsorolt szolg\u00e1ltat\u00e1sok sz\u00e9les sk\u00e1l\u00e1j\u00e1t k\u00edn\u00e1lja \u00fcgyfeleinek. Tov\u00e1bb\u00e1 k\u00f6vetkezik egy c\u00e9gprofil \u00e9s \u00e9rt\u00e9kel\u00e9sek.<\/p>\n<p><strong>Nemzetk\u00f6zi k\u00f6lt\u00f6z\u00e9s<\/strong><\/p>\n<ul>\n<li> Egy dedik\u00e1lt \u00fcgyf\u00e9lszolg\u00e1lati koordin\u00e1tor van kijel\u00f6lve<\/li>\n<li> R\u00e9szletes h\u00e1zi felm\u00e9r\u00e9s<\/li>\n<li> Szem\u00e9lyre szabott k\u00f6lt\u00f6z\u00e9si terv<\/li>\n<li> Ajt\u00f3t\u00f3l ajt\u00f3ig<\/li>\n<li> nemzetk\u00f6zileg k\u00e9pzett csomagol\u00f3k \u00e9s rakod\u00f3k<\/li>\n<li> A legjobb min\u0151s\u00e9g\u0171 csomagol\u00f3anyagok<\/li>\n<li> Egyedi csomagol\u00e1s<\/li>\n<li> Koordin\u00e1ci\u00f3 a vezet\u0151, enged\u00e9lyezett glob\u00e1lis fuvaroz\u00f3kkal<\/li>\n<li> Rakt\u00e1rhelyis\u00e9gek - n\u00e9melyik klimatiz\u00e1lt<\/li>\n<li> V\u00e1mkezel\u00e9s<\/li>\n<li> Sz\u00e1ll\u00edt\u00e1s \u00e9s kicsomagol\u00e1s<\/li>\n<\/ul>\n<p><strong>Lakoss\u00e1gi k\u00f6lt\u00f6z\u00e9sek<\/strong><\/p>\n<ul>\n<li> H\u00e1zhoz men\u0151 szolg\u00e1ltat\u00e1s<\/li>\n<li> Egyetlen kapcsolattart\u00f3 pont a k\u00f6lt\u00f6z\u00e9s sor\u00e1n<\/li>\n<li> Csomagol\u00e1s \u00e9s kicsomagol\u00e1s, ha sz\u00fcks\u00e9ges<\/li>\n<li> Helyi, t\u00e1vols\u00e1gi \u00e9s nemzetk\u00f6zi k\u00f6lt\u00f6z\u00e9sek<\/li>\n<li> Hossz\u00fa \u00e9s r\u00f6vid t\u00e1v\u00fa t\u00e1rol\u00e1si lehet\u0151s\u00e9gek<\/li>\n<\/ul>\n<p><strong>Munkater\u00fclet k\u00f6lt\u00f6z\u00e9sek<\/strong><\/p>\n<ul>\n<li> Alaprajz el\u0151tte \u00e9s ut\u00e1na<\/li>\n<li> R\u00e9szletes lelt\u00e1r<\/li>\n<li> Hossz\u00fa \u00e9s r\u00f6vid t\u00e1v\u00fa t\u00e1rol\u00e1s<\/li>\n<li> Sz\u00e1m\u00edt\u00f3g\u00e9pes rendszerek le- \u00e9s visszakapcsol\u00e1sa<\/li>\n<li> B\u00fatorok sz\u00e9t- \u00e9s \u00f6sszeszerel\u00e9se<\/li>\n<li> Felel\u0151ss\u00e9gteljes eszk\u00f6zelidegen\u00edt\u00e9s<\/li>\n<li> V\u00e1llalati sz\u00e9khelyek, irod\u00e1k \u00e9s egyszeri irodai k\u00f6lt\u00f6ztet\u00e9se.<\/li>\n<li> Alv\u00e1llalkoz\u00f3i, adat-, telefonos \u00e9s elektromos koordin\u00e1ci\u00f3.<\/li>\n<li> Pontos irodak\u00f6lt\u00f6ztet\u00e9si becsl\u00e9sek a berendez\u00e9sekre, emberekre, anyagokra \u00e9s a teljes k\u00f6lts\u00e9gekre vonatkoz\u00f3an.<\/li>\n<li> Move-Add-Change (MAC) kezel\u00e9s.<\/li>\n<li> Bev\u00e1lt irodai k\u00f6lt\u00f6z\u00e9si ellen\u0151rz\u0151list\u00e1k, tervez\u00e9s \u00e9s folyamatok.<\/li>\n<li> Iratok t\u00e1rol\u00e1sa \u00e9s megsemmis\u00edt\u00e9se.<\/li>\n<li> Nagy s\u0171r\u0171s\u00e9g\u0171 iktat\u00f3rendszerek \u00e9s t\u00e1rol\u00e1si megold\u00e1sok.<\/li>\n<li> <a href=\"https:\/\/moverdb.com\/hu\/british-association-of-removers\/\" data-internallinksmanager029f6b8e52c=\"9\" title=\"A Brit K\u00f6lt\u00f6ztet\u0151k Sz\u00f6vets\u00e9ge (BAR) magyar\u00e1zata\">Bar<\/a>-k\u00f3dolt k\u00e9szletgazd\u00e1lkod\u00e1s.<\/li>\n<li> Vil\u00e1gm\u00e9ret\u0171 sz\u00e1ll\u00edt\u00e1s, bele\u00e9rtve a kevesebb, mint teheraut\u00f3-rakom\u00e1nyt, teheraut\u00f3-rakom\u00e1nyt \u00e9s a p\u00e1rn\u00e1zott teheraut\u00f3-szolg\u00e1ltat\u00e1sokat.<\/li>\n<li> Rakt\u00e1roz\u00e1si \u00e9s eloszt\u00e1si szolg\u00e1ltat\u00e1sok.<\/li>\n<li> Just-In-Time sz\u00e1ll\u00edt\u00e1si szolg\u00e1ltat\u00e1sok.<\/li>\n<li> Logisztikai szolg\u00e1ltat\u00e1sok \u00e9s ir\u00e1ny\u00edt\u00e1s egy k\u00e9zb\u0151l.<\/li>\n<li> Rendszerb\u00fatorok sz\u00e1ll\u00edt\u00e1sa, sz\u00e1ll\u00edt\u00e1sa, telep\u00edt\u00e9se \u00e9s \u00e1talak\u00edt\u00e1sa.<\/li>\n<li> Vend\u00e9gl\u00e1t\u00f3ipari b\u00fatorokkal, berendez\u00e9si t\u00e1rgyakkal \u00e9s berendez\u00e9sekkel kapcsolatos szolg\u00e1ltat\u00e1sok.<\/li>\n<li> Eg\u00e9szs\u00e9g\u00fcgyi ipar\u00e1gi k\u00f6lt\u00f6ztet\u0151 szolg\u00e1ltat\u00e1sok.<\/li>\n<\/ul>\n<p><strong>V\u00e1llalati, korm\u00e1nyzati \u00e9s katonai mozg\u00e1sok<\/strong><\/p>\n<ul>\n<li> B\u00fcntet\u00e9s-v\u00e9grehajt\u00e1si Hivatal<\/li>\n<li> Marshals Service<\/li>\n<li> K\u00e1b\u00edt\u00f3szer-ellenes hat\u00f3s\u00e1g (DEA)<\/li>\n<li> Veter\u00e1n\u00fcgyi Miniszt\u00e9rium (VA)<\/li>\n<li> Sz\u00f6vets\u00e9gi Nyomoz\u00f3 Iroda (FBI)<\/li>\n<li> N\u00e9psz\u00e1ml\u00e1l\u00e1si Hivatal<\/li>\n<li> Betegs\u00e9gellen\u0151rz\u00e9si \u00e9s -megel\u0151z\u00e9si k\u00f6zpontok (CDC)<\/li>\n<li> Internal Revenue Service (IRS)<\/li>\n<\/ul>\n<h2>Graebel Van Lines C\u00e9gprofil<\/h2>\n<p>A Graebel Van Lines a legnagyobb mag\u00e1ntulajdonban l\u00e9v\u0151 <a href=\"https:\/\/moverdb.com\/hu\/moving-companies\/\" data-internallinksmanager029f6b8e52c=\"79\" title=\"Top 25 nemzetk\u00f6zi k\u00f6lt\u00f6ztet\u0151 c\u00e9gek online\">k\u00f6lt\u00f6ztet\u0151 c\u00e9g<\/a> a <a href=\"https:\/\/moverdb.com\/hu\/moving-to-the-united-states\/\" data-internallinksmanager029f6b8e52c=\"94\" title=\"Az Egyes\u00fclt \u00c1llamokba k\u00f6lt\u00f6zik? 2022 Meg\u00e9lhet\u00e9si k\u00f6lts\u00e9gek \u00e9s k\u00f6lt\u00f6z\u00e9si tippek\">Egyes\u00fclt \u00c1llamok<\/a> \u00e9s sz\u00e9khelye a CO \u00e1llambeli Auror\u00e1ban tal\u00e1lhat\u00f3. A v\u00e1llalat 66 \u00e9ve foglalkozik csal\u00e1dok, v\u00e1llalkoz\u00e1sok, korm\u00e1nyzati \u00e9s katonai szem\u00e9lyzet k\u00f6lt\u00f6ztet\u00e9s\u00e9vel vil\u00e1gszerte \u00e9s az Egyes\u00fclt \u00c1llamokon bel\u00fcl. <\/p>\n<p>A v\u00e1llalat teljes k\u00f6r\u0171 szolg\u00e1ltat\u00e1si megold\u00e1sokat k\u00edn\u00e1l minden \u00fcgyf\u00e9l ig\u00e9ny\u00e9re, legyen sz\u00f3 ak\u00e1r egy kisebb munk\u00e1r\u00f3l, p\u00e9ld\u00e1ul egy iroda fel\u00faj\u00edt\u00e1s\u00e1r\u00f3l, ak\u00e1r egy olyan nagyszab\u00e1s\u00fa feladatr\u00f3l, mint p\u00e9ld\u00e1ul egy k\u00f3rh\u00e1z \u00faj helyis\u00e9gbe k\u00f6lt\u00f6ztet\u00e9se.<\/p>\n<p>A Graebel Van Lines 4 milli\u00f3 n\u00e9gyzetm\u00e9ternyi rakt\u00e1rhelyis\u00e9ggel rendelkezik orsz\u00e1gszerte, \u00e9s 828 k\u00f6lt\u00f6ztet\u0151 j\u00e1rm\u0171vet \u00fczemeltet. A v\u00e1llalat \u00f6sszes munkat\u00e1rsa a legmagasabb sz\u00ednvonalon k\u00e9pzett.<\/p>\n<p>A Graebel Van Lines tags\u00e1gai \u00e9s akkredit\u00e1ci\u00f3i:<\/p>\n<ul>\n<li> <a href=\"https:\/\/moverdb.com\/hu\/felni-elorejelzo\/\">ProMover<\/a><\/li>\n<li> <a href=\"https:\/\/moverdb.com\/hu\/amsa\/\" target=\"_blank\" rel=\"noopener\">Amerikai K\u00f6lt\u00f6ztet\u0151 \u00e9s Rakt\u00e1roz\u00e1si Sz\u00f6vets\u00e9g<\/a> (<a href=\"https:\/\/moverdb.com\/hu\/amsa\/\" data-internallinksmanager029f6b8e52c=\"5\" title=\"Az Amerikai K\u00f6lt\u00f6ztet\u0151 \u00e9s T\u00e1rol\u00f3 Sz\u00f6vets\u00e9g (AMSA) magyar\u00e1zata\">AMSA<\/a>)<\/li>\n<li> Nemzetk\u00f6zi Irodak\u00f6lt\u00f6ztet\u0151 Int\u00e9zet (IOMI)<\/li>\n<\/ul>\n<h2>Graebel Van Lines V\u00e9lem\u00e9nyek<\/h2>\n<p><strong>Pozit\u00edv:<\/strong><\/p>\n<ul>\n<li> <em>\"A Graebel Van Lines kiv\u00e1l\u00f3 munk\u00e1t v\u00e9gzett a k\u00f6lt\u00f6z\u00e9semmel. R\u00f6vid hat\u00e1rid\u0151vel, id\u0151ben \u00e9s minden ott landolt, ahol kellett.\" <\/em> - Michelle T kereszt\u00fcl <a href=\"https:\/\/www.yelp.com\/biz\/graebel-van-lines-kent\" target=\"_blank\" rel=\"noopener\">Yelp<\/a><\/li>\n<li>  <em>\"Az\u00e9rt teszem ezt k\u00f6zz\u00e9, mert sok rossz v\u00e9lem\u00e9nyt l\u00e1ttam a Graebel's-r\u0151l, \u00e9s az \u00e9n tapasztalataim pozit\u00edvak voltak.\"<\/em> - Sue Sok via <a href=\"http:\/\/www.mymovingreviews.com\/movers\/graebel-406#28293\" target=\"_blank\" rel=\"noopener\">MyMovingReviews.com<\/a><\/li>\n<\/ul>\n<p><strong>Negat\u00edv:<\/strong><\/p>\n<ul>\n<li> \"<em>H\u00e1romszor haszn\u00e1ltam a Graebel's-t, \u00e9s minden egyes alkalommal egyre rosszabb \u00e9s rosszabb a tapasztalatom.\"<\/em> - Michael C kereszt\u00fcl <a href=\"http:\/\/www.yelp.com\/biz\/graebel-van-lines-san-jose?hrid=KdToWSepoqbs7wLCd4UE0A&#038;utm_campaign=www_review_share_popup&#038;utm_medium=copy_link&#038;utm_source=(direct)\" target=\"_blank\" rel=\"noopener\">Yelp<\/a> <\/li>\n<li> \"<em>Nem aj\u00e1nlom ezt a c\u00e9get!!!\"<\/em> Don Mcnasby via <a href=\"http:\/\/www.mymovingreviews.com\/movers\/graebel-406#47223\" target=\"_blank\" rel=\"noopener\">MyMovingReviews.com<\/a><\/li>\n<\/ul>\n<div itemprop=\"review\" itemscope itemtype=\"http:\/\/schema.org\/Review\">\n<span itemprop=\"author\" itemscope=\"\" itemtype=\"http:\/\/schema.org\/Organization\"><span itemprop=\"name\">MoverDB.com<\/span><\/span> Online weboldal-fel\u00fclvizsg\u00e1lat a <span itemprop=\"itemreviewed\" itemscope=\"\" itemtype=\"http:\/\/schema.org\/Brand\"><span itemprop=\"name\">Graebel Van Lines<\/span><\/span>:<\/p>\n<ol>\n<li> Egy\u00e9rtelm\u0171 el\u00e9rhet\u0151s\u00e9gek a weboldalon (bele\u00e9rtve a telefonsz\u00e1mot is): <strong>Igen<\/strong><\/li>\n<li> K\u00f6nnyen beszerezhet\u0151 <a href=\"https:\/\/moverdb.com\/hu\/idezi\/\">nemzetk\u00f6zi mozg\u00f3 \u00e1raj\u00e1nlatok<\/a>? (Online \u00e1raj\u00e1nlatk\u00e9r\u0151 \u0171rlap): <strong>Igen<\/strong><\/li>\n<li> Egy\u00e9rtelm\u0171 inform\u00e1ci\u00f3k a honlapon: <strong>N\u00e9h\u00e1ny<\/strong>, A weboldal nem tartalmaz sok r\u00e9szletes inform\u00e1ci\u00f3t. Felt\u00e9telezz\u00fck, hogy ezeket a szem\u00e9lyre szabott tervvel egy\u00fctt kapja meg.<\/li>\n<li> Tags\u00e1g nemzetk\u00f6zi elismert mozgat\u00f3 szervezetekben: <strong>Igen<\/strong>, (l\u00e1sd fent)<\/li>\n<li> \u00dcgyfelek list\u00e1ja \u00e9s\/vagy kor\u00e1bbi v\u00e1s\u00e1rl\u00f3i aj\u00e1nl\u00e1sok: <strong>Nem<\/strong> A honlapon azonban azt \u00edrj\u00e1k, hogy a korm\u00e1ny \u00e9s a Fortune 500 c\u00e9gek kedvelt sz\u00e1ll\u00edt\u00f3ja.<\/li>\n<\/ol>\n<div itemprop=\"reviewRating\" itemscope itemtype=\"http:\/\/schema.org\/Rating\"><meta itemprop=\"worstRating\" content = \"0\" \/><meta itemprop=\"bestRating\" content=\"5\" \/><meta itemprop=\"ratingValue\" content=\"3.5\"><\/div>\n<p><strong>\u00c1ltal\u00e1nos pontsz\u00e1m: 3.5\/5<\/strong><br \/>\n<strong>Fel\u00fclvizsg\u00e1lat d\u00e1tuma:<\/strong> <span itemprop=\"datePublished\" content=\"2016-08-11\">11\/08\/2016<\/span>\n<\/div>\n<p>Tov\u00e1bbi inform\u00e1ci\u00f3 <a href=\"https:\/\/moverdb.com\/hu\/koltozteto-cegek\/\">nemzetk\u00f6zi k\u00f6lt\u00f6ztet\u0151k<\/a>, <a href=\"https:\/\/moverdb.com\/hu\/us-canada-movers\/\">Amerikai k\u00f6lt\u00f6ztet\u0151 c\u00e9gek<\/a> \u00e9s a mi <a href=\"https:\/\/moverdb.com\/hu\/ertekelesek\/\">fel\u00fclvizsg\u00e1lati folyamat<\/a>.<\/p>\n<p><strong>Weboldal:<\/strong> <a href=\"https:\/\/www.graebelmoving.com\" target=\"_blank\" rel=\"noopener\">https:\/\/www.graebelmoving.com<\/a><\/p>","protected":false},"excerpt":{"rendered":"<p>Graebel Van Lines is headquartered in Aurora, CO. The company offers its customers a wide range of services which are listed below. There also follows a company profile and reviews. International Moving A dedicated customer service coordinator is assigned Detailed in-home survey Customised move plan Door to door Internationally trained packers and loaders Finest quality [&hellip;]<\/p>\n","protected":false},"author":1,"featured_media":0,"parent":0,"menu_order":0,"comment_status":"closed","ping_status":"closed","template":"","meta":{"_genesis_hide_title":false,"_genesis_hide_breadcrumbs":false,"_genesis_hide_singular_image":false,"_genesis_hide_footer_widgets":false,"_genesis_custom_body_class":"","_genesis_custom_post_class":"","_genesis_layout":"","footnotes":""},"class_list":{"0":"post-1064","1":"page","2":"type-page","3":"status-publish","5":"entry"},"_links":{"self":[{"href":"https:\/\/moverdb.com\/hu\/wp-json\/wp\/v2\/pages\/1064","targetHints":{"allow":["GET"]}}],"collection":[{"href":"https:\/\/moverdb.com\/hu\/wp-json\/wp\/v2\/pages"}],"about":[{"href":"https:\/\/moverdb.com\/hu\/wp-json\/wp\/v2\/types\/page"}],"author":[{"embeddable":true,"href":"https:\/\/moverdb.com\/hu\/wp-json\/wp\/v2\/users\/1"}],"replies":[{"embeddable":true,"href":"https:\/\/moverdb.com\/hu\/wp-json\/wp\/v2\/comments?post=1064"}],"version-history":[{"count":6,"href":"https:\/\/moverdb.com\/hu\/wp-json\/wp\/v2\/pages\/1064\/revisions"}],"predecessor-version":[{"id":6216,"href":"https:\/\/moverdb.com\/hu\/wp-json\/wp\/v2\/pages\/1064\/revisions\/6216"}],"wp:attachment":[{"href":"https:\/\/moverdb.com\/hu\/wp-json\/wp\/v2\/media?parent=1064"}],"curies":[{"name":"wp","href":"https:\/\/api.w.org\/{rel}","templated":true}]}}