{"id":1062,"date":"2016-08-21T19:46:49","date_gmt":"2016-08-21T19:46:49","guid":{"rendered":"http:\/\/moverdb.com\/?page_id=1062"},"modified":"2026-01-08T14:47:31","modified_gmt":"2026-01-08T14:47:31","slug":"amj-campbell-van-lines","status":"publish","type":"page","link":"https:\/\/moverdb.com\/hu\/amj-campbell-van-lines\/","title":{"rendered":"AMJ Campbell Van Lines: Campbell Campbell International Moving Services: International Moving Services &amp; Reviews"},"content":{"rendered":"<p>Az AMJ Campbell Van Lines sz\u00e9khelye <a href=\"https:\/\/moverdb.com\/hu\/koltozes-toronto\/\">Toronto<\/a>, <a href=\"https:\/\/moverdb.com\/hu\/moving-to-canada\/\" data-internallinksmanager029f6b8e52c=\"265\" title=\"K\u00f6lt\u00f6z\u00e9s Kanad\u00e1ba? 2023 \u00c9letk\u00f6lts\u00e9gek \u00e9s k\u00f6lt\u00f6z\u00e9si tippek\">Kanada<\/a> \u00e9s az al\u00e1bbiakban felsorolt k\u00fcl\u00f6nb\u00f6z\u0151 k\u00f6lt\u00f6ztet\u00e9si \u00e9s t\u00e1rol\u00e1si szolg\u00e1ltat\u00e1sokat k\u00edn\u00e1l \u00fcgyfeleinek. A c\u00e9g profilja \u00e9s \u00e9rt\u00e9kel\u00e9sei is megtal\u00e1lhat\u00f3ak az \u00d6n t\u00e1j\u00e9koztat\u00e1s\u00e1ra.<\/p>\n<p><strong>Nemzetk\u00f6zi k\u00f6lt\u00f6z\u00e9s<\/strong><\/p>\n<ul>\n<li> Ajt\u00f3t\u00f3l ajt\u00f3ig teljes k\u00f6r\u0171 szolg\u00e1ltat\u00e1s<\/li>\n<li> Szakszer\u0171 csomagol\u00e1s \u00e9s kicsomagol\u00e1s<\/li>\n<li> A legjobb min\u0151s\u00e9g\u0171 csomagol\u00f3anyagok<\/li>\n<li> K\u00e9szletgazd\u00e1lkod\u00e1s<\/li>\n<li> <a href=\"https:\/\/moverdb.com\/hu\/kontenerszallitas\/\">K\u00f6z\u00fati, tengeri \u00e9s l\u00e9gi sz\u00e1ll\u00edtm\u00e1nyoz\u00e1s<\/a><\/li>\n<li> \u00c9lvonalbeli mozg\u00e1sir\u00e1ny\u00edt\u00e1si rendszerek<\/li>\n<\/ul>\n<p><strong>Hat\u00e1ron \u00e1tny\u00fal\u00f3 k\u00f6lt\u00f6z\u00e9si szolg\u00e1ltat\u00e1sok<\/strong><\/p>\n<ul>\n<li> Kanada a <a href=\"https:\/\/moverdb.com\/hu\/moving-to-the-united-states\/\" data-internallinksmanager029f6b8e52c=\"94\" title=\"Az Egyes\u00fclt \u00c1llamokba k\u00f6lt\u00f6zik? 2022 Meg\u00e9lhet\u00e9si k\u00f6lts\u00e9gek \u00e9s k\u00f6lt\u00f6z\u00e9si tippek\">US<\/a> \u00e9s ford\u00edtva<\/li>\n<\/ul>\n<p><strong>Lakoss\u00e1gi k\u00f6lt\u00f6ztet\u00e9s - helyi vagy hossz\u00fa t\u00e1v\u00fa<\/strong><\/p>\n<ul>\n<li> Id\u0151beni teljes\u00edt\u00e9s<\/li>\n<li> \u00cdr\u00e1sos id\u00e9zet<\/li>\n<li> Egy telefonh\u00edv\u00e1s a k\u00f6lt\u00f6z\u00e9s el\u0151tti napon a r\u00e9szletek meger\u0151s\u00edt\u00e9se \u00e9rdek\u00e9ben.<\/li>\n<li> A k\u00e1rig\u00e9nyek 30 napon bel\u00fcli rendez\u00e9se<\/li>\n<li> V\u00e9delem minden k\u00e1rpitozott b\u00fator\u00e1nak<\/li>\n<li> A sz\u00e9tszerelt b\u00fatorok \u00fajb\u00f3li \u00f6sszeszerel\u00e9se<\/li>\n<li> Padl\u00f3 \u00e9s korl\u00e1t v\u00e9delme<\/li>\n<li> Professzion\u00e1lis, udvarias munkacsapatok<\/li>\n<li> Kiv\u00e1l\u00f3 \u00fcgyf\u00e9lszolg\u00e1lat<\/li>\n<\/ul>\n<p><strong>V\u00e1llalati \u00e1thelyez\u00e9si szolg\u00e1ltat\u00e1sok<\/strong><\/p>\n<ul>\n<li> Teljes k\u00f6r\u0171 csomagol\u00e1s<\/li>\n<li> Kirakod\u00e1s<\/li>\n<li> Teljes k\u00f6r\u0171 kiszolg\u00e1l\u00e1s kicsomagol\u00e1s<\/li>\n<\/ul>\n<p><strong>Irodai k\u00f6lt\u00f6ztet\u00e9s<\/strong><\/p>\n<ul>\n<li> K\u00f6lt\u00f6z\u00e9s tervez\u00e9si szolg\u00e1ltat\u00e1s<\/li>\n<li> Minden t\u00e9tel gondos c\u00edmk\u00e9z\u00e9se<\/li>\n<li> Szak\u00e9rt\u0151i csomagol\u00e1s<\/li>\n<li> \u00c9rz\u00e9keny berendez\u00e9sek \u00e9s sz\u00e1m\u00edt\u00f3g\u00e9pek szak\u00e9rt\u0151i mozgat\u00e1sa<\/li>\n<\/ul>\n<p><strong>Speci\u00e1lis szolg\u00e1ltat\u00e1sok<\/strong><\/p>\n<ul>\n<li> Irodai bels\u0151 terek<\/li>\n<li> Rakt\u00e1r \u00e1thelyez\u00e9se<\/li>\n<li> B\u00fatorszerel\u00e9s<\/li>\n<li> Apr\u00edt\u00e1s<\/li>\n<\/ul>\n<p><strong>T\u00e1rol\u00e1s<\/strong><\/p>\n<ul>\n<li> R\u00f6vid t\u00e1v\u00fa, legfeljebb 60 nap<\/li>\n<li> Hossz\u00fa t\u00e1v\u00fa<\/li>\n<li> Tiszta, biztons\u00e1gos \u00e9s j\u00f3l kezelt l\u00e9tes\u00edtm\u00e9nyek<\/li>\n<li> Kifinomult nyomk\u00f6vet\u0151 eszk\u00f6z\u00f6k<\/li>\n<li> Self-storage<\/li>\n<li> Kereskedelmi dokumentumt\u00e1rol\u00e1s<\/li>\n<\/ul>\n<h2>AMJ Campbell Van Lines C\u00e9gprofil<\/h2>\n<p>Az AMJ Campbell Van Lines 1934-ben nyitotta meg kapuit MJ Campbell and Moving n\u00e9ven, \u00e9s csal\u00e1di v\u00e1llalkoz\u00e1sk\u00e9nt m\u0171k\u00f6d\u00f6tt. A v\u00e1llalat a kanadai tartom\u00e1nyok k\u00f6z\u00f6tti, valamint az USA \u00e9s Kanada k\u00f6z\u00f6tti k\u00f6lt\u00f6ztet\u00e9sre \u00f6sszpontos\u00edtott. Az\u00f3ta a legnagyobb sz\u00e1ll\u00edtm\u00e1nyoz\u00f3 c\u00e9gg\u00e9 n\u0151tte ki mag\u00e1t. <a href=\"https:\/\/moverdb.com\/hu\/moving-companies\/\" data-internallinksmanager029f6b8e52c=\"79\" title=\"Top 25 nemzetk\u00f6zi k\u00f6lt\u00f6ztet\u0151 c\u00e9gek online\">k\u00f6lt\u00f6ztet\u0151 c\u00e9g<\/a> Kanad\u00e1ban, helyi \u00e9s nemzetk\u00f6zi szinten is mozgatja az embereket.<\/p>\n<p>A Campbell's t\u00f6bb mint 2800 embert foglalkoztat 50 k\u00fcl\u00f6nb\u00f6z\u0151 kanadai helysz\u00ednen. Az 1980-as \u00e9vekben t\u0151zsd\u00e9re l\u00e9pett, ma m\u00e1r mag\u00e1nc\u00e9g, \u00e9s t\u00f6bb milli\u00f3 doll\u00e1ros v\u00e1llalat. <\/p>\n<p>AMJ Campbell akkredit\u00e1ci\u00f3k \u00e9s kapcsolatok:<\/p>\n<ul>\n<li> <a href=\"https:\/\/moverdb.com\/hu\/fidi-faim\/\">FIDI<\/a><\/li>\n<li> <a href=\"https:\/\/moverdb.com\/hu\/fidi-faim\/\" data-internallinksmanager029f6b8e52c=\"16\" title=\"FIDI &amp; FAIM (FIDI akkredit\u00e1lt nemzetk\u00f6zi fuvaroz\u00f3) magyar\u00e1zata\">FAIM<\/a><\/li>\n<li> <a href=\"https:\/\/moverdb.com\/hu\/canadian-association-of-movers\/\">Kanadai Tengerent\u00fali K\u00f6lt\u00f6ztet\u0151 Sz\u00f6vets\u00e9g<\/a> (COMA) <\/li>\n<li> <a href=\"https:\/\/moverdb.com\/hu\/lacma\/\">Latin-Amerikai \u00e9s Karibi K\u00f6lt\u00f6ztet\u0151k Sz\u00f6vets\u00e9ge<\/a> (<a href=\"https:\/\/moverdb.com\/hu\/lacma\/\" data-internallinksmanager029f6b8e52c=\"28\" title=\"Latin-amerikai \u00e9s Karibi Nemzetk\u00f6zi K\u00f6lt\u00f6ztet\u0151k Sz\u00f6vets\u00e9ge (LACMA)\">LACMA<\/a>)<\/li>\n<li> Householders Goods Forwarders of America (HAGFAA)<\/li>\n<li> BBB akkredit\u00e1lt v\u00e1llalkoz\u00e1s A+<\/li>\n<\/ul>\n<h2>AMJ Campbell Van Lines V\u00e9lem\u00e9nyek<\/h2>\n<p><strong>Pozit\u00edv:<\/strong><\/p>\n<ul>\n<li> <em>Nagy hat\u00e1ssal volt r\u00e1nk a hozz\u00e1\u00e1ll\u00e1s, az egy\u00fcttm\u0171k\u00f6d\u00e9s \u00e9s az \u00e1ltal\u00e1nos \u00f6r\u00f6m, hogy ilyen nagyszer\u0171 emberekkel dolgozhattunk egy\u00fctt.<\/em> - via AMJ Campbell <a href=\"http:\/\/www.amjcampbell.com\/about-us-2\/customer-reviews\/\" target=\"_blank\" rel=\"noopener\">v\u00e1s\u00e1rl\u00f3i v\u00e9lem\u00e9nyek<\/a><\/li>\n<li> <em>\"Az AMJ-vel vettem fel a kapcsolatot a v\u00e1rosb\u00f3l v\u00e1rosba k\u00f6lt\u00f6z\u00e9semhez, \u00e9s nagyon el\u00e9gedett voltam az eg\u00e9sz tapasztalattal.\"<\/em> - Rebecca G kereszt\u00fcl <a href=\"https:\/\/homestars.com\/companies\/195139-amj-campbell\/reviews\/309471\" target=\"_blank\" rel=\"noopener\">HomeStars<\/a><\/li>\n<li> <em>\"Az AMJ Campbellt v\u00e1lasztottam a b\u00fatorjaim k\u00f6lt\u00f6ztet\u00e9s\u00e9re a <a href=\"https:\/\/moverdb.com\/hu\/moving-to-toronto\/\" data-internallinksmanager029f6b8e52c=\"71\" title=\"Toront\u00f3ba k\u00f6lt\u00f6zik? 2022 Lakhat\u00e1si k\u00f6lts\u00e9gek \u00e9s k\u00f6lt\u00f6z\u00e9si tippek\">Toronto<\/a> a  c\u00edmre. <a href=\"https:\/\/moverdb.com\/hu\/moving-to-canada\/moving-to-montreal\/\" data-internallinksmanager029f6b8e52c=\"410\" title=\"Montrealba k\u00f6lt\u00f6zik? 2023 Lakhat\u00e1si k\u00f6lts\u00e9gek \u00e9s k\u00f6lt\u00f6z\u00e9si tippek\">Montreal<\/a> 2013-ban. Nem gondoltam, hogy a k\u00f6lt\u00f6z\u00e9s olyan k\u00f6nny\u0171 lesz, mint amilyennek \u0151k tett\u00e9k.\"<\/em> - Reem kereszt\u00fcl <a href=\"http:\/\/www.mymovingreviews.com\/movers\/amj-campbell-van-lines-1281#15661\" target=\"_blank\" rel=\"noopener\">MyMovingReviews.com<\/a> <\/li>\n<li> <em>Az AMJ seg\u00edtett a f\u00e9rjemnek \u00e9s nekem a Kanada-napon k\u00f6lt\u00f6zni - \u00edgy b\u00e1r fel\u00e1rat fizett\u00fcnk az\u00e9rt, hogy az \u00e1llami \u00fcnnepnapon k\u00f6lt\u00f6z\u00fcnk, minden fill\u00e9rt meg\u00e9rt.<\/em> - Renee M. via <a href=\"http:\/\/www.yelp.co.uk\/biz\/amj-campbell-van-lines-vancouver?hrid=g252Zt8_i0oO1eStByhl0A&#038;utm_campaign=www_review_share_popup&#038;utm_medium=copy_link&#038;utm_source=(direct)\" target=\"_blank\" rel=\"noopener\">Yelp<\/a><\/li>\n<\/ul>\n<p><strong>Negat\u00edv:<\/strong><\/p>\n<ul>\n<li> <em>\"Mentsd meg a j\u00f3zan eszed \u00e9s a p\u00e9nzed. Az AMJ Campbell eg\u00e9sz csapata a legrosszabb.\"<\/em> - Nagyon el\u00e9gedetlen a <a href=\"https:\/\/moverdb.com\/hu\/moving-to-canada\/moving-to-vancouver\/\" data-internallinksmanager029f6b8e52c=\"438\" title=\"Vancouverbe k\u00f6lt\u00f6zik? 2023 Lakhat\u00e1si k\u00f6lts\u00e9gek \u00e9s k\u00f6lt\u00f6z\u00e9si tippek\">Vancouver<\/a> via <a href=\"https:\/\/homestars.com\/companies\/195139-amj-campbell\/reviews\/450056\" target=\"_blank\" rel=\"noopener\">HomeStars<\/a><\/li>\n<li> <em>\"Igaz\u00e1n sajn\u00e1latos volt ezzel a tisztess\u00e9gtelen c\u00e9ggel \u00fczletelni.\"<\/em> - Maher via <a href=\"http:\/\/www.mymovingreviews.com\/movers\/amj-campbell-van-lines-1281#54125\" target=\"_blank\" rel=\"noopener\">MyMovingReviews.com<\/a> <\/li>\n<li> <em>A sof\u0151rj\u00fck rendk\u00edv\u00fcl hetyke \u00e9s szakszer\u0171tlen volt.<\/em> - SA S. via <a href=\"http:\/\/www.yelp.co.uk\/biz\/amj-campbell-van-lines-vancouver?hrid=8M5PJ1TTLqQx72k6lEsKLA&#038;utm_campaign=www_review_share_popup&#038;utm_medium=copy_link&#038;utm_source=(direct)\" target=\"_blank\" rel=\"noopener\">Yelp<\/a><\/li>\n<\/ul>\n<div itemprop=\"review\" itemscope itemtype=\"http:\/\/schema.org\/Review\">\n<span itemprop=\"author\" itemscope=\"\" itemtype=\"http:\/\/schema.org\/Organization\"><span itemprop=\"name\">MoverDB.com<\/span><\/span> Online weboldal-fel\u00fclvizsg\u00e1lat a <span itemprop=\"itemreviewed\" itemscope=\"\" itemtype=\"http:\/\/schema.org\/Brand\"><span itemprop=\"name\">AMJ Campbell Van Lines<\/span><\/span>:<\/p>\n<ol>\n<li> Egy\u00e9rtelm\u0171 el\u00e9rhet\u0151s\u00e9gek a weboldalon (bele\u00e9rtve a telefonsz\u00e1mot is): <strong>Igen<\/strong><\/li>\n<li> K\u00f6nnyen beszerezhet\u0151 <a href=\"https:\/\/moverdb.com\/hu\/idezi\/\">nemzetk\u00f6zi mozg\u00f3 \u00e1raj\u00e1nlatok<\/a>? (Online \u00e1raj\u00e1nlatk\u00e9r\u0151 \u0171rlap): <strong>Igen<\/strong><\/li>\n<li> Egy\u00e9rtelm\u0171 inform\u00e1ci\u00f3k a honlapon: <strong>Igen<\/strong>, b\u00e1r nem mindig a legk\u00f6nnyebb megtal\u00e1lni.<\/li>\n<li> Tags\u00e1g nemzetk\u00f6zi elismert mozgat\u00f3 szervezetekben: <strong>Igen<\/strong>, (l\u00e1sd fent)<\/li>\n<li> \u00dcgyfelek list\u00e1ja \u00e9s\/vagy kor\u00e1bbi v\u00e1s\u00e1rl\u00f3i aj\u00e1nl\u00e1sok. <strong>Igen,<\/strong> mindk\u00e9t weboldal tartalmaz v\u00e1s\u00e1rl\u00f3i aj\u00e1nl\u00e1sokat \u00e9s \u00e9rt\u00e9kel\u00e9seket.<\/li>\n<\/ol>\n<div itemprop=\"reviewRating\" itemscope itemtype=\"http:\/\/schema.org\/Rating\"><meta itemprop=\"worstRating\" content = \"0\" \/><meta itemprop=\"bestRating\" content=\"5\" \/><meta itemprop=\"ratingValue\" content=\"4.5\"><\/div>\n<p><strong>\u00c1ltal\u00e1nos pontsz\u00e1m: 4.5\/5<\/strong><br \/>\n<strong>Fel\u00fclvizsg\u00e1lat d\u00e1tuma:<\/strong> <span itemprop=\"datePublished\" content=\"2016-08-21\">21\/08\/2016<\/span>\n<\/div>\n<p>Tov\u00e1bbi inform\u00e1ci\u00f3 <a href=\"https:\/\/moverdb.com\/hu\/koltozteto-cegek\/\">nemzetk\u00f6zi k\u00f6lt\u00f6ztet\u0151 c\u00e9gek<\/a>, <a href=\"https:\/\/moverdb.com\/hu\/us-canada-movers\/\">Kanadai k\u00f6lt\u00f6ztet\u0151 c\u00e9gek<\/a> \u00e9s a mi <a href=\"https:\/\/moverdb.com\/hu\/ertekelesek\/\">fel\u00fclvizsg\u00e1lati folyamat<\/a>.<\/p>\n<p><strong>Weboldal:<\/strong> Belf\u00f6ldi: <a href=\"http:\/\/www.amjcampbell.com\" target=\"_blank\" rel=\"noopener\">http:\/\/www.amjcampbell.com<\/a>, Nemzetk\u00f6zi: <a href=\"http:\/\/amj-international.com\" target=\"_blank\" rel=\"noopener\">http:\/\/amj-international.com<\/a><\/p>","protected":false},"excerpt":{"rendered":"<p>AMJ Campbell Van Lines is based in Toronto, Canada and it offers its customers various moving and storage services which are listed below. There is also a company profile and reviews for your information. International Moving Door to door full service Professional packing and unpacking Highest quality packing materials Inventory management Road, sea and air [&hellip;]<\/p>\n","protected":false},"author":1,"featured_media":0,"parent":0,"menu_order":0,"comment_status":"closed","ping_status":"closed","template":"","meta":{"_genesis_hide_title":false,"_genesis_hide_breadcrumbs":false,"_genesis_hide_singular_image":false,"_genesis_hide_footer_widgets":false,"_genesis_custom_body_class":"","_genesis_custom_post_class":"","_genesis_layout":"","footnotes":""},"class_list":{"0":"post-1062","1":"page","2":"type-page","3":"status-publish","5":"entry"},"_links":{"self":[{"href":"https:\/\/moverdb.com\/hu\/wp-json\/wp\/v2\/pages\/1062","targetHints":{"allow":["GET"]}}],"collection":[{"href":"https:\/\/moverdb.com\/hu\/wp-json\/wp\/v2\/pages"}],"about":[{"href":"https:\/\/moverdb.com\/hu\/wp-json\/wp\/v2\/types\/page"}],"author":[{"embeddable":true,"href":"https:\/\/moverdb.com\/hu\/wp-json\/wp\/v2\/users\/1"}],"replies":[{"embeddable":true,"href":"https:\/\/moverdb.com\/hu\/wp-json\/wp\/v2\/comments?post=1062"}],"version-history":[{"count":6,"href":"https:\/\/moverdb.com\/hu\/wp-json\/wp\/v2\/pages\/1062\/revisions"}],"predecessor-version":[{"id":6172,"href":"https:\/\/moverdb.com\/hu\/wp-json\/wp\/v2\/pages\/1062\/revisions\/6172"}],"wp:attachment":[{"href":"https:\/\/moverdb.com\/hu\/wp-json\/wp\/v2\/media?parent=1062"}],"curies":[{"name":"wp","href":"https:\/\/api.w.org\/{rel}","templated":true}]}}