{"id":1061,"date":"2016-07-25T20:41:24","date_gmt":"2016-07-25T20:41:24","guid":{"rendered":"http:\/\/moverdb.com\/?page_id=1061"},"modified":"2026-01-08T15:30:30","modified_gmt":"2026-01-08T15:30:30","slug":"u-pack-moving","status":"publish","type":"page","link":"https:\/\/moverdb.com\/hu\/u-pack-moving\/","title":{"rendered":"U-Pack k\u00f6lt\u00f6ztet\u00e9s: Nemzetk\u00f6zi k\u00f6lt\u00f6ztet\u00e9si szolg\u00e1ltat\u00e1sok \u00e9s v\u00e9lem\u00e9nyek"},"content":{"rendered":"<p>Az ABF U-Pack Moving sz\u00e1mos szolg\u00e1ltat\u00e1st k\u00edn\u00e1l \u00fcgyfeleinek a k\u00f6lt\u00f6ztet\u00e9shez, valamint a saj\u00e1t csomagol\u00e1shoz \u00e9s kicsomagol\u00e1shoz a k\u00f6vetkez\u0151 ter\u00fcleteken <a href=\"https:\/\/moverdb.com\/hu\/moving-to-the-united-states\/\" data-internallinksmanager029f6b8e52c=\"94\" title=\"Az Egyes\u00fclt \u00c1llamokba k\u00f6lt\u00f6zik? 2022 Meg\u00e9lhet\u00e9si k\u00f6lts\u00e9gek \u00e9s k\u00f6lt\u00f6z\u00e9si tippek\">US<\/a>, <a href=\"https:\/\/moverdb.com\/hu\/moving-to-canada\/\" data-internallinksmanager029f6b8e52c=\"265\" title=\"K\u00f6lt\u00f6z\u00e9s Kanad\u00e1ba? 2023 \u00c9letk\u00f6lts\u00e9gek \u00e9s k\u00f6lt\u00f6z\u00e9si tippek\">Kanada<\/a> \u00e9s Puerto Rico. <\/p>\n<p>Ezek a szolg\u00e1ltat\u00e1sok az al\u00e1bbiakban vannak felsorolva, a v\u00e1llalati profillal \u00e9s a v\u00e9lem\u00e9nyekkel egy\u00fctt.<\/p>\n<p><strong>A k\u00edn\u00e1lt mozg\u00e1sok t\u00edpusai<\/strong><\/p>\n<ul>\n<li> Orsz\u00e1ghat\u00e1rokon \u00e1tny\u00fal\u00f3 k\u00f6lt\u00f6z\u00e9s<\/li>\n<li> Hossz\u00fa t\u00e1v\u00fa k\u00f6lt\u00f6ztet\u00e9s - USA, Kanada, Puerto Rico<\/li>\n<li> Ajt\u00f3t\u00f3l ajt\u00f3ig t\u00f6rt\u00e9n\u0151 mozgat\u00e1s<\/li>\n<li> \u00d6nmozgat\u00f3<\/li>\n<li> Rakod\u00f3k b\u00e9rl\u00e9se \u00f3r\u00e1nk\u00e9nt <\/li>\n<li> Katonai k\u00f6lt\u00f6z\u00e9s<\/li>\n<li> F\u0151iskolai k\u00f6lt\u00f6z\u00e9s<\/li>\n<li> Kis mozg\u00e1sok<\/li>\n<\/ul>\n<p><strong>K\u00f6lt\u00f6ztet\u0151 berendez\u00e9sek<\/strong><\/p>\n<ul>\n<li> K\u00f6lt\u00f6ztet\u0151 p\u00f3tkocsik<\/li>\n<li> Mozg\u00e1s &amp; <a href=\"https:\/\/moverdb.com\/hu\/kontenerszallitas\/\" target=\"_blank\" rel=\"noopener\">Sz\u00e1ll\u00edt\u00e1si kont\u00e9nerek<\/a><\/li>\n<\/ul>\n<p><strong>T\u00e1rol\u00e1s<\/strong><\/p>\n<ul>\n<li> P\u00f3tkocsi t\u00e1rol\u00e1s<\/li>\n<li> ReloCube t\u00e1rol\u00e1s<\/li>\n<li> Helysz\u00edni t\u00e1rol\u00e1s<\/li>\n<li> Hordozhat\u00f3 t\u00e1rol\u00f3<\/li>\n<\/ul>\n<h2>U-Pack K\u00f6lt\u00f6ztet\u0151 c\u00e9g profilja<\/h2>\n<p>Az ABF U-Pack az 1. napon nyitotta meg kapuit.<sup>st<\/sup> 1997 okt\u00f3bere \u00f3ta az ABF Freight r\u00e9sze. A v\u00e1llalat c\u00e9lja az volt, hogy a k\u00f6lt\u00f6z\u00e9st megfizethet\u0151bb\u00e9 tegye az\u00e1ltal, hogy az \u00fcgyfelek sz\u00e1m\u00e1ra az \"\u00d6n csomagol, mi vezet\u00fcnk\" opci\u00f3t k\u00edn\u00e1lja. Az \u00fcgyfelek maguk csomagolj\u00e1k be a saj\u00e1t holmijukat, \u00e9s rakodj\u00e1k be azokat egy p\u00f3tkocsiba vagy kont\u00e9nerbe, amelyet a v\u00e1llalat biztos\u00edt. <\/p>\n<p>A U-Pack sof\u0151rje ezut\u00e1n elviszi az \u00e1rut a c\u00e9l\u00e1llom\u00e1sra, ahol az \u00fcgyf\u00e9l kipakolja \u00e9s kicsomagolja azt. Az \u00fcgyfelek egy online nyomon k\u00f6vet\u00e9si rendszeren kereszt\u00fcl k\u00f6vethetik az \u00e1rukat.<\/p>\n<p>Az ABF Moving U-Pack 1997-es indul\u00e1sa \u00f3ta t\u00f6bb mint 850 000 csal\u00e1dot sz\u00e1ll\u00edtott \u00e9s t\u00f6bb mint 1 milli\u00e1rd m\u00e9rf\u00f6ldet tett meg. A v\u00e1llalat k\u00f6zvetlen kapcsolatot biztos\u00edt az \u00c1llamok, Kanada \u00e9s Puerto Rico szinte minden olyan v\u00e1ros\u00e1ba, amelynek lakoss\u00e1ga meghaladja a 30 000 f\u0151t - ami 44 000 k\u00fcl\u00f6nb\u00f6z\u0151 k\u00f6z\u00f6ss\u00e9get jelent.<\/p>\n<p><strong>AFB U-Pack akkredit\u00e1ci\u00f3k \u00e9s csatlakoz\u00e1sok:<\/strong><\/p>\n<ul>\n<li> BBB akkredit\u00e1lt v\u00e1llalkoz\u00e1s A+<\/li>\n<\/ul>\n<h2>U-Pack Moving V\u00e9lem\u00e9nyek<\/h2>\n<p><strong>Pozit\u00edv<\/strong><\/p>\n<ul>\n<li> \"<em>A hat\u00e1ron \u00e1tny\u00fal\u00f3 (USA\/Kanada) sz\u00e1ll\u00edt\u00e1shoz nagyon aj\u00e1nlom az U-Packet.\"<\/em> - Laura J kereszt\u00fcl <a href=\"http:\/\/www.yelp.com\/user_details?userid=MFsoomxJ9wmWksnuhEbsWQ\" target=\"_blank\" rel=\"noopener\">Yelp<\/a> <\/li>\n<li> \"<em>Ha figyelembe vessz\u00fck az Upack vs Uhaul opci\u00f3imat az aut\u00f3sz\u00e1ll\u00edt\u00f3val, k\u00e9ts\u00e9gtelen\u00fcl az Upack a legjobb megold\u00e1s.\"<\/em> - Lee via <a href=\"http:\/\/www.mymovingreviews.com\/movers\/u-pack-2041#54792\" target=\"_blank\" rel=\"noopener\">MyMovingReviews.com<\/a><\/li>\n<li> \"<em>Nagyszer\u0171 \u00e1ltal\u00e1nos \u00fcgyf\u00e9l-el\u00e9gedetts\u00e9g, valamint a legjobb \u00e1r, id\u0151szer\u0171s\u00e9g \u00e9s professzionalizmus.\"<\/em> - B Anderson kereszt\u00fcl <a href=\"https:\/\/www.trustpilot.com\/users\/563a175f0000ff0001e81099\" target=\"_blank\" rel=\"noopener\">Trustpilot<\/a> <\/li>\n<li> \"<em>Legjobb <a href=\"https:\/\/moverdb.com\/hu\/moving-companies\/\" data-internallinksmanager029f6b8e52c=\"79\" title=\"Top 25 nemzetk\u00f6zi k\u00f6lt\u00f6ztet\u0151 c\u00e9gek online\">k\u00f6lt\u00f6ztet\u0151 c\u00e9g<\/a> B\u00e1rkinek aj\u00e1nlom.\"<\/em> - Beatrice F kereszt\u00fcl <a href=\"https:\/\/www.sitejabber.com\/reviews\/www.upack.com#6\" target=\"_blank\" rel=\"noopener\">SiteJabber<\/a> <\/li>\n<\/ul>\n<p><strong>Negat\u00edv<\/strong><\/p>\n<ul>\n<li> \"<em>Ne haszn\u00e1lja ezt a c\u00e9get. Meg fogja b\u00e1nni. A legrosszabb hiba, amit elk\u00f6vettem. T\u00f6bb p\u00e9nzembe ker\u00fclt, mint amennyit meg kellett volna sp\u00f3rolnom.\"<\/em> - Christina kereszt\u00fcl <a href=\"http:\/\/www.yelp.com\/user_details?userid=h6i4pikiNvzwmw8VvAOvrw\" target=\"_blank\" rel=\"noopener\">Yelp<\/a> <\/li>\n<li> \"<em>Az eg\u00e9sz \u00e9let\u00fcnket \u00e1tk\u00f6lt\u00f6ztett\u00fck az \u00c1llamokon. Amikor elment\u00fcnk a cuccaink\u00e9rt, annyi minden megs\u00e9r\u00fclt, hogy az m\u00e1r nem volt val\u00f3s\u00e1gos.\"<\/em> - Sarah via <a href=\"http:\/\/www.mymovingreviews.com\/movers\/u-pack-2041#54608\" target=\"_blank\" rel=\"noopener\">MyMovingReviews.com<\/a> <\/li>\n<li> \"<em>A teheraut\u00f3 2 \u00e9s 6 \u00f3ra k\u00f6z\u00f6tt \u00e9rkezik. Felvett\u00fck a k\u00f6lt\u00f6ztet\u0151ket, hogy seg\u00edtsenek 17 \u00f3rakor. A teheraut\u00f3 nem jelent meg este 6-kor.\" <\/em> - Cliff Gragg via <a href=\"https:\/\/www.trustpilot.com\/users\/561008750000ff0001e06238\" target=\"_blank\" rel=\"noopener\">TrustPilot<\/a> <\/li>\n<li> \"<em>Szakszer\u0171tlen. M\u00e9g mindig a k\u00f6lt\u00f6z\u00e9s k\u00f6zep\u00e9n vagyunk az U-Packkel.\"<\/em> - Karen W kereszt\u00fcl <a href=\"https:\/\/www.sitejabber.com\/reviews\/www.upack.com#5\" target=\"_blank\" rel=\"noopener\">SiteJabber<\/a> <\/li>\n<\/ul>\n<div itemprop=\"review\" itemscope itemtype=\"http:\/\/schema.org\/Review\">\n<span itemprop=\"author\" itemscope=\"\" itemtype=\"http:\/\/schema.org\/Organization\"><span itemprop=\"name\">MoverDB.com<\/span><\/span> Online weboldal-fel\u00fclvizsg\u00e1lat a <span itemprop=\"itemreviewed\" itemscope=\"\" itemtype=\"http:\/\/schema.org\/Brand\"><span itemprop=\"name\">U-Pack k\u00f6lt\u00f6ztet\u00e9s<\/span><\/span>:<\/p>\n<ol>\n<li> Egy\u00e9rtelm\u0171 el\u00e9rhet\u0151s\u00e9gek a weboldalon (bele\u00e9rtve a telefonsz\u00e1mot is): <strong>Igen<\/strong><\/li>\n<li> K\u00f6nnyen beszerezhet\u0151 <a href=\"https:\/\/moverdb.com\/hu\/idezi\/\">nemzetk\u00f6zi mozg\u00f3 \u00e1raj\u00e1nlatok<\/a>? (Online \u00e1raj\u00e1nlatk\u00e9r\u0151 \u0171rlap): <strong>Igen<\/strong><\/li>\n<li> Egy\u00e9rtelm\u0171 inform\u00e1ci\u00f3k a honlapon: <strong>Igen,<\/strong> A weboldal kiv\u00e1l\u00f3 \u00e1ttekint\u00e9st ny\u00fajt mindarr\u00f3l, amit a v\u00e1llalat k\u00edn\u00e1l.<\/li>\n<li> Tags\u00e1g nemzetk\u00f6zi elismert mozgat\u00f3 szervezetekben: <strong>Igen<\/strong>, l\u00e1sd fentebb<\/li>\n<li> \u00dcgyfelek list\u00e1ja \u00e9s\/vagy kor\u00e1bbi v\u00e1s\u00e1rl\u00f3i aj\u00e1nl\u00e1sok: <strong>Igen,<\/strong> Az oldalon sz\u00e1mos v\u00e1s\u00e1rl\u00f3i v\u00e9lem\u00e9ny tal\u00e1lhat\u00f3.<\/li>\n<\/ol>\n<div itemprop=\"reviewRating\" itemscope itemtype=\"http:\/\/schema.org\/Rating\"><meta itemprop=\"worstRating\" content = \"0\" \/><meta itemprop=\"bestRating\" content=\"5\" \/><meta itemprop=\"ratingValue\" content=\"5\"><\/div>\n<p><strong>\u00c1ltal\u00e1nos pontsz\u00e1m: 5\/5<\/strong><br \/>\n<strong>Fel\u00fclvizsg\u00e1lat d\u00e1tuma:<\/strong> <span itemprop=\"datePublished\" content=\"2016-07-25\">25\/07\/2016<\/span>\n<\/div>\n<p>B\u0151vebben m\u00e1s <a href=\"https:\/\/moverdb.com\/hu\/koltozteto-cegek\/\">nemzetk\u00f6zi k\u00f6lt\u00f6ztet\u0151 c\u00e9gek<\/a>, <a href=\"https:\/\/moverdb.com\/hu\/us-canada-movers\/\">Amerikai k\u00f6lt\u00f6ztet\u0151 c\u00e9gek<\/a> \u00e9s a mi <a href=\"https:\/\/moverdb.com\/hu\/ertekelesek\/\">a fel\u00fclvizsg\u00e1lati folyamat magyar\u00e1zata<\/a>.<\/p>\n<p><strong>Weboldal:<\/strong> <a href=\"http:\/\/www.upack.com\" target=\"_blank\" rel=\"noopener\">http:\/\/www.upack.com<\/a><\/p>","protected":false},"excerpt":{"rendered":"<p>ABF U-Pack Moving offers its customers a variety of services for moving and self-packing and unpacking within the US, Canada and Puerto Rico. These services are listed below, together with a company profile and reviews. Types of Moves on Offer Cross-country moving Long distance moving &#8211; US, Canada, Puerto Rico Door to door moving Self-moving [&hellip;]<\/p>\n","protected":false},"author":1,"featured_media":0,"parent":0,"menu_order":0,"comment_status":"closed","ping_status":"closed","template":"","meta":{"_genesis_hide_title":false,"_genesis_hide_breadcrumbs":false,"_genesis_hide_singular_image":false,"_genesis_hide_footer_widgets":false,"_genesis_custom_body_class":"","_genesis_custom_post_class":"","_genesis_layout":"","footnotes":""},"class_list":{"0":"post-1061","1":"page","2":"type-page","3":"status-publish","5":"entry"},"_links":{"self":[{"href":"https:\/\/moverdb.com\/hu\/wp-json\/wp\/v2\/pages\/1061","targetHints":{"allow":["GET"]}}],"collection":[{"href":"https:\/\/moverdb.com\/hu\/wp-json\/wp\/v2\/pages"}],"about":[{"href":"https:\/\/moverdb.com\/hu\/wp-json\/wp\/v2\/types\/page"}],"author":[{"embeddable":true,"href":"https:\/\/moverdb.com\/hu\/wp-json\/wp\/v2\/users\/1"}],"replies":[{"embeddable":true,"href":"https:\/\/moverdb.com\/hu\/wp-json\/wp\/v2\/comments?post=1061"}],"version-history":[{"count":6,"href":"https:\/\/moverdb.com\/hu\/wp-json\/wp\/v2\/pages\/1061\/revisions"}],"predecessor-version":[{"id":6248,"href":"https:\/\/moverdb.com\/hu\/wp-json\/wp\/v2\/pages\/1061\/revisions\/6248"}],"wp:attachment":[{"href":"https:\/\/moverdb.com\/hu\/wp-json\/wp\/v2\/media?parent=1061"}],"curies":[{"name":"wp","href":"https:\/\/api.w.org\/{rel}","templated":true}]}}