{"id":1042,"date":"2016-10-24T05:23:18","date_gmt":"2016-10-24T05:23:18","guid":{"rendered":"http:\/\/moverdb.com\/?page_id=1042"},"modified":"2026-01-08T14:48:06","modified_gmt":"2026-01-08T14:48:06","slug":"covan-world-wide","status":"publish","type":"page","link":"https:\/\/moverdb.com\/hu\/covan-world-wide\/","title":{"rendered":"Covan Worldwide Moving: Nemzetk\u00f6zi k\u00f6lt\u00f6ztet\u00e9s V\u00e9lem\u00e9nyek"},"content":{"rendered":"<p>A Covan Worldwide Moving a szolg\u00e1ltat\u00e1sok sz\u00e9les sk\u00e1l\u00e1j\u00e1t k\u00edn\u00e1lja \u00fcgyfeleinek. Ezeket az al\u00e1bbiakban felsoroljuk, a c\u00e9g profilj\u00e1val \u00e9s \u00e9rt\u00e9kel\u00e9s\u00e9vel egy\u00fctt.<\/p>\n<p><strong>Nemzetk\u00f6zi k\u00f6lt\u00f6ztet\u0151k<\/strong><\/p>\n<ul>\n<li> Ingyenes h\u00e1zon bel\u00fcli becsl\u00e9s<\/li>\n<li> Teljes k\u00f6r\u0171 csomagol\u00e1s VAGY csak t\u00f6r\u00e9keny csomagol\u00e1s<\/li>\n<li> Egyedi csomagol\u00e1s<\/li>\n<li> <a href=\"https:\/\/moverdb.com\/hu\/autoszallitas-szallitas-szallitas\/\">J\u00e1rm\u0171sz\u00e1ll\u00edt\u00e1s<\/a> (egy h\u00e1ztart\u00e1s k\u00f6lt\u00f6z\u00e9s\u00e9nek r\u00e9szek\u00e9nt \u00e9s\/vagy att\u00f3l f\u00fcggetlen\u00fcl)<\/li>\n<li> Zongorasz\u00e1ll\u00edt\u00e1s (h\u00e1ztart\u00e1si k\u00f6lt\u00f6z\u00e9s r\u00e9szek\u00e9nt \u00e9s\/vagy att\u00f3l f\u00fcggetlen\u00fcl)<\/li>\n<li> Ingyenes stretch-csomagol\u00e1s a b\u00fatorok sz\u00e1m\u00e1ra; ajt\u00f3- \u00e9s padl\u00f3v\u00e9delem<\/li>\n<li> L\u00e9gi tehersz\u00e1ll\u00edt\u00e1s<\/li>\n<li> V\u00e1mkezel\u00e9s<\/li>\n<li> Rendeltet\u00e9si szolg\u00e1ltat\u00e1sok (sz\u00e9tszerel\u00e9s\/\u00fajra\u00f6sszeszerel\u00e9s stb.)<\/li>\n<li> Online k\u00fcldem\u00e9nyk\u00f6vet\u00e9s<\/li>\n<li> \u00c9rt\u00e9kel\u00e9si biztos\u00edt\u00e1si lehet\u0151s\u00e9gek<\/li>\n<li> Hossz\u00fa t\u00e1v\u00fa vagy r\u00f6vid t\u00e1v\u00fa t\u00e1rol\u00e1si szolg\u00e1ltat\u00e1sok<\/li>\n<\/ul>\n<p><strong>V\u00e1llalati \u00e1thelyez\u00e9s<\/strong><\/p>\n<ul>\n<li> Ingyenes h\u00e1zon bel\u00fcli becsl\u00e9sek<\/li>\n<li> K\u00f6lt\u00f6z\u00e9s el\u0151tti felm\u00e9r\u00e9s<\/li>\n<li> Egyetlen forr\u00e1sb\u00f3l sz\u00e1rmaz\u00f3 kapcsolat<\/li>\n<li> Teljes k\u00f6r\u0171 csomagol\u00e1s VAGY csak r\u00e9szleges csomagol\u00e1s<\/li>\n<li> Egyedi csomagol\u00e1s<\/li>\n<li> Kicsomagol\u00e1s\/kibont\u00e1s<\/li>\n<li> Sz\u00e9tszerel\u00e9si\/\u00fajra\u00f6sszeszerel\u00e9si szolg\u00e1ltat\u00e1sok k\u00e9sz\u00fcl\u00e9kekhez - \u00e1ll\u00f3\u00f3r\u00e1k, fitneszeszk\u00f6z\u00f6k stb.<\/li>\n<li> Zongorak\u00f6lt\u00f6ztet\u00e9s (Megjegyz\u00e9s: ez h\u00e1ztart\u00e1si k\u00f6lt\u00f6ztet\u00e9st\u0151l f\u00fcggetlen\u00fcl is elv\u00e9gezhet\u0151)<\/li>\n<li> J\u00e1rm\u0171mozgat\u00e1s (Megjegyz\u00e9s: ez a h\u00e1ztart\u00e1si k\u00f6lt\u00f6z\u00e9st\u0151l f\u00fcggetlen\u00fcl is elv\u00e9gezhet\u0151)<\/li>\n<li> Hossz\u00fa t\u00e1v\u00fa vagy r\u00f6vid t\u00e1v\u00fa t\u00e1rol\u00e1si lehet\u0151s\u00e9gek<\/li>\n<li> Online k\u00fcldem\u00e9nyk\u00f6vet\u00e9s<\/li>\n<li> Move Management<\/li>\n<li> \u00c9rt\u00e9kel\u00e9si biztos\u00edt\u00e1si lehet\u0151s\u00e9gek<\/li>\n<li> V\u00e1mkezel\u00e9si seg\u00edts\u00e9g k\u00fclf\u00f6ldi k\u00f6lt\u00f6z\u00e9sekhez<\/li>\n<li> C\u00e9l\u00e1llom\u00e1s szolg\u00e1ltat\u00e1sok<\/li>\n<\/ul>\n<p><strong>Korm\u00e1nyzat \u00e9s katonas\u00e1g<\/strong><\/p>\n<ul>\n<li> Ingyenes h\u00e1zon bel\u00fcli becsl\u00e9s<\/li>\n<li> Teljes k\u00f6r\u0171 csomagol\u00e1s<\/li>\n<li> Csomagol\u00f3anyagok \u00e9rt\u00e9kes\u00edt\u00e9se<\/li>\n<li> <a href=\"https:\/\/moverdb.com\/hu\/car-transport-shipping\/\" data-internallinksmanager029f6b8e52c=\"2\" title=\"2026 Nemzetk\u00f6zi aut\u00f3sz\u00e1ll\u00edt\u00e1s \u00e9s j\u00e1rm\u0171sz\u00e1ll\u00edt\u00e1s \u00e1raj\u00e1nlatok\">J\u00e1rm\u0171sz\u00e1ll\u00edt\u00e1s<\/a><\/li>\n<li> Zongora sz\u00e1ll\u00edt\u00e1s<\/li>\n<li> Hossz\u00fa t\u00e1v\u00fa vagy r\u00f6vid t\u00e1v\u00fa t\u00e1rol\u00e1si szolg\u00e1ltat\u00e1sok<\/li>\n<li> Harmadik f\u00e9l szolg\u00e1ltat\u00e1sok (mindenf\u00e9le \u00f6sszeszerel\u00e9st\/ sz\u00e9tszerel\u00e9st elv\u00e9gez\u00fcnk - mosogat\u00f3g\u00e9p, h\u0171t\u0151szekr\u00e9ny, l\u00e1mp\u00e1k, TV-k, sztere\u00f3k, festm\u00e9nyek, \u00e1gyak, szekr\u00e9nyek stb.)<\/li>\n<li> Online k\u00fcldem\u00e9nyk\u00f6vet\u00e9s t\u00e1vols\u00e1gi k\u00f6lt\u00f6z\u00e9sekhez<\/li>\n<li> \u00c9rt\u00e9kel\u00e9si biztos\u00edt\u00e1si lehet\u0151s\u00e9gek<\/li>\n<\/ul>\n<p><strong>Kereskedelmi k\u00f6lt\u00f6ztet\u0151k<\/strong><\/p>\n<ul>\n<li> Ipari k\u00f6lt\u00f6ztet\u00e9s<\/li>\n<li> Irodai k\u00f6lt\u00f6z\u00e9s<\/li>\n<li> Korm\u00e1ny mozg\u00e1sban<\/li>\n<li> Sz\u00e1m\u00edt\u00f3g\u00e9p\/elektronika mozgat\u00e1sa<\/li>\n<li> V\u00e1llalati k\u00f6lt\u00f6ztet\u00e9s - teljes k\u00f6r\u0171 szolg\u00e1ltat\u00e1s<\/li>\n<\/ul>\n<p><strong>Belf\u00f6ldi k\u00f6lt\u00f6ztet\u0151k<\/strong><\/p>\n<ul>\n<li> K\u00f6lt\u00f6z\u00e9s el\u0151tti \u00e1raj\u00e1nlat \u00e9s terv<\/li>\n<li> Csomagol\u00e1s - teljes k\u00f6r\u0171 szolg\u00e1ltat\u00e1s, t\u00f6r\u00e9keny t\u00e1rgyak vagy saj\u00e1t csomagol\u00e1s<\/li>\n<li> Kirakod\u00e1s, kicsomagol\u00e1s \u00e9s a holmik elrendez\u00e9se<\/li>\n<li> B\u00e1rmilyen t\u00e1rgy mozgat\u00e1sa - zongora, aut\u00f3, haj\u00f3 \u00e9s egy\u00e9b t\u00e1rgyak<\/li>\n<\/ul>\n<h2>Covan Worldwide Moving c\u00e9gprofil<\/h2>\n<p>A Covan Worldwide Moving 1914-ben kezd\u0151d\u00f6tt a KS-beli Hutchinsonban Merchants Transfer and Storage n\u00e9ven. J. M. Coleman, a c\u00e9g alap\u00edt\u00f3ja n\u00e9gy kocsival \u00e9s nyolc l\u00f3val kezdte. Ma m\u00e1r 50 irod\u00e1ja \u00e9s t\u00f6bb mint 400 \u00fcgyn\u00f6ke van vil\u00e1gszerte. <\/p>\n<p>A Covan t\u00f6bb mint 200 \u00e1llamk\u00f6zi \u00e9s 600 helyi mozgat\u00e1ssal foglalkoz\u00f3 egys\u00e9ggel rendelkezik. K\u00fcldet\u00e9se, hogy vezet\u0151 szerepet t\u00f6lts\u00f6n be a nemzetk\u00f6zi sz\u00e1ll\u00edt\u00e1si szolg\u00e1ltat\u00e1sok ter\u00e9n, \u00e9s el\u00e9rje az 100% \u00fcgyf\u00e9lel\u00e9gedetts\u00e9get.<\/p>\n<p>A Covan World-Wide Moving a k\u00f6vetkez\u0151 tags\u00e1gokkal \u00e9s akkredit\u00e1ci\u00f3kkal rendelkezik:<\/p>\n<ul>\n<li> <a href=\"https:\/\/moverdb.com\/hu\/amsa\/\">Amerikai K\u00f6lt\u00f6ztet\u0151 \u00e9s Rakt\u00e1roz\u00e1si Sz\u00f6vets\u00e9g<\/a> (<a href=\"https:\/\/moverdb.com\/hu\/amsa\/\" data-internallinksmanager029f6b8e52c=\"5\" title=\"Az Amerikai K\u00f6lt\u00f6ztet\u0151 \u00e9s T\u00e1rol\u00f3 Sz\u00f6vets\u00e9g (AMSA) magyar\u00e1zata\">AMSA<\/a>)<\/li>\n<li> <a href=\"https:\/\/moverdb.com\/hu\/felni-elorejelzo\/\">ProMover<\/a><\/li>\n<li> <a href=\"https:\/\/moverdb.com\/hu\/en-vagyok\/\">K\u00f6lt\u00f6ztet\u0151k Nemzetk\u00f6zi Sz\u00f6vets\u00e9ge<\/a> (<a href=\"https:\/\/moverdb.com\/hu\/iam\/\" data-internallinksmanager029f6b8e52c=\"23\" title=\"A K\u00f6lt\u00f6ztet\u0151k Nemzetk\u00f6zi Sz\u00f6vets\u00e9ge (IAM) magyar\u00e1zata\">IAM<\/a>)<\/li>\n<li> <a href=\"https:\/\/moverdb.com\/hu\/felni-elorejelzo\/\">Regisztr\u00e1lt nemzetk\u00f6zi k\u00f6lt\u00f6ztet\u0151<\/a> (<a href=\"https:\/\/moverdb.com\/hu\/rim-promover\/\" data-internallinksmanager029f6b8e52c=\"76\" title=\"A RIM International ProMover tan\u00fas\u00edt\u00e1s magyar\u00e1zata\">RIM<\/a>)<\/li>\n<li> BBB akkredit\u00e1lt<\/li>\n<\/ul>\n<p><strong>Covan Worldwide Moving V\u00e9lem\u00e9nyek<\/strong><\/p>\n<p><strong>Pozit\u00edv:<\/strong><\/p>\n<ul>\n<li> <em>\"A Covannal Norfolkban, VA-ban csomagoltattuk be a t\u00e1rgyainkat, hogy a vil\u00e1g m\u00e1sik fel\u00e9n \u00e1t Guamra sz\u00e1ll\u00edts\u00e1k \u0151ket. Hallottam r\u00e9mt\u00f6rt\u00e9neteket arr\u00f3l, hogy a k\u00f6lt\u00f6ztet\u0151kkel csomagoltattak t\u00e1rgyakat, \u00e9s a t\u00e1rgyak t\u00f6rve \u00e9rkeztek meg \u00e9s\/vagy hi\u00e1nyoztak. Minden t\u00e1rgyunk sz\u00e1mon volt tartva \u00e9s nagyszer\u0171 \u00e1llapotban SEMMI sem volt t\u00f6r\u00f6tt vagy deform\u00e1lt semmilyen m\u00f3don!!!\"<\/em> - David S <a href=\"http:\/\/www.covan.com\/moving-reviews\/alabama-2519665061024629999\/\" target=\"_blank\" rel=\"noopener\">v\u00e1s\u00e1rl\u00f3i aj\u00e1nl\u00e1s<\/a><\/li>\n<li> <em>\"Nem hiszem el, hogy csak most jutok el id\u00e1ig, de csak n\u00e9h\u00e1ny pozit\u00edv megjegyz\u00e9st szerettem volna megosztani a <a href=\"https:\/\/moverdb.com\/hu\/moving-companies\/\" data-internallinksmanager029f6b8e52c=\"79\" title=\"Top 25 nemzetk\u00f6zi k\u00f6lt\u00f6ztet\u0151 c\u00e9gek online\">k\u00f6lt\u00f6ztet\u0151 c\u00e9g<\/a> Covan Worldwide Moving. Nagyon tisztelettud\u00f3ak voltak, \u00e9s z\u00f6kken\u0151mentess\u00e9, s\u0151t, sz\u00f3rakoztat\u00f3v\u00e1 tett\u00e9k a csomagol\u00e1si folyamatot!\"<\/em> - Emily S kereszt\u00fcl <a href=\"https:\/\/www.yelp.com\/biz\/covan-world-wide-moving-kapolei?hrid=ehsMVfnz3q1xKBP5KHJCxg&#038;utm_campaign=www_review_share_popup&#038;utm_medium=copy_link&#038;utm_source=(direct)\" target=\"_blank\" rel=\"noopener\">Yelp<\/a><\/li>\n<\/ul>\n<p><strong>Negat\u00edv:<\/strong><\/p>\n<ul>\n<li> <em>\"Ha nem lehetne csillagot adni, akkor megtenn\u00e9m. Soha nem hagytam m\u00e9g rossz v\u00e9lem\u00e9nyt senkinek, mert nem vagyok panaszkod\u00f3, de ez messze a legrosszabb PCS k\u00f6lt\u00f6z\u00e9s, amit valaha tapasztaltam. Hol is kezdjem?\"<\/em> - Lillian H. via <a href=\"https:\/\/www.yelp.com\/biz\/covan-world-wide-moving-kapolei?hrid=rRlVAPr2uu0AYHtD7q-oBw&#038;utm_campaign=www_review_share_popup&#038;utm_medium=copy_link&#038;utm_source=(direct)\" target=\"_blank\" rel=\"noopener\">Yelp<\/a>.\n<\/ul>\n<div itemprop=\"review\" itemscope itemtype=\"http:\/\/schema.org\/Review\">\n<span itemprop=\"author\" itemscope=\"\" itemtype=\"http:\/\/schema.org\/Organization\"><span itemprop=\"name\">MoverDB.com<\/span><\/span> Online weboldal-fel\u00fclvizsg\u00e1lat a <span itemprop=\"itemreviewed\" itemscope=\"\" itemtype=\"http:\/\/schema.org\/Brand\"><span itemprop=\"name\">Covan Worldwide Moving<\/span><\/span>:<\/p>\n<ol>\n<li> Egy\u00e9rtelm\u0171 el\u00e9rhet\u0151s\u00e9gek a weboldalon (bele\u00e9rtve a telefonsz\u00e1mot is): <strong>Igen<\/strong><\/li>\n<li> K\u00f6nnyen beszerezhet\u0151 <a href=\"https:\/\/moverdb.com\/hu\/idezi\/\">nemzetk\u00f6zi mozg\u00f3 \u00e1raj\u00e1nlatok<\/a>? (Online \u00e1raj\u00e1nlatk\u00e9r\u0151 \u0171rlap): <strong>Igen<\/strong><\/li>\n<li> Egy\u00e9rtelm\u0171 inform\u00e1ci\u00f3k a honlapon: <strong>Igen<\/strong>, A weboldal j\u00f3 k\u00e9pet ad az \u00fcgyfeleknek arr\u00f3l, hogy mire sz\u00e1m\u00edthatnak a v\u00e1llalatt\u00f3l.<\/li>\n<li> Tags\u00e1g nemzetk\u00f6zi elismert mozgat\u00f3 szervezetekben: <strong>Igen<\/strong>, l\u00e1sd fentebb<\/li>\n<li> \u00dcgyfelek list\u00e1ja \u00e9s\/vagy kor\u00e1bbi v\u00e1s\u00e1rl\u00f3i aj\u00e1nl\u00e1sok: <strong>Igen<\/strong>, Sok pozit\u00edv \u00fcgyf\u00e9lv\u00e9lem\u00e9ny tal\u00e1lhat\u00f3 az oldalon, de a web t\u00f6bbi r\u00e9sz\u00e9n tal\u00e1lhat\u00f3 v\u00e9lem\u00e9nyek t\u00f6bbnyire negat\u00edvnak t\u0171nnek.<\/li>\n<\/ol>\n<div itemprop=\"reviewRating\" itemscope itemtype=\"http:\/\/schema.org\/Rating\"><meta itemprop=\"worstRating\" content = \"0\" \/><meta itemprop=\"bestRating\" content=\"5\" \/><meta itemprop=\"ratingValue\" content=\"4\"><\/div>\n<p><strong>\u00c1ltal\u00e1nos pontsz\u00e1m: 4\/5<\/strong><br \/>\n<strong>Fel\u00fclvizsg\u00e1lat d\u00e1tuma:<\/strong> <span itemprop=\"datePublished\" content=\"2016-10-24\">24\/10\/2016<\/span>\n<\/div>\n<p>Tov\u00e1bbi inform\u00e1ci\u00f3 <a href=\"https:\/\/moverdb.com\/hu\/koltozteto-cegek\/\">nemzetk\u00f6zi k\u00f6lt\u00f6ztet\u0151 c\u00e9gek<\/a>, <a href=\"https:\/\/moverdb.com\/hu\/us-canada-movers\/\">Amerikai k\u00f6lt\u00f6ztet\u0151k<\/a> \u00e9s a mi <a href=\"https:\/\/moverdb.com\/hu\/ertekelesek\/\">fel\u00fclvizsg\u00e1lati folyamat<\/a>.<\/p>\n<p><strong>Weboldal:<\/strong> <a href=\"http:\/\/www.covan.com\" target=\"_blank\" rel=\"noopener\">http:\/\/www.covan.com<\/a><\/p>","protected":false},"excerpt":{"rendered":"<p>Covan Worldwide Moving offers its clients a wide range of services. These are listed below, together with a company profile and reviews. International Movers Free In-Home Estimate Full-Service Packing OR Fragile-Only Packing Custom Crating Vehicle Shipping (as part of a household move and\/or independently of one) Piano Shipping (as part of a household move and\/or [&hellip;]<\/p>\n","protected":false},"author":1,"featured_media":0,"parent":0,"menu_order":0,"comment_status":"closed","ping_status":"closed","template":"","meta":{"_genesis_hide_title":false,"_genesis_hide_breadcrumbs":false,"_genesis_hide_singular_image":false,"_genesis_hide_footer_widgets":false,"_genesis_custom_body_class":"","_genesis_custom_post_class":"","_genesis_layout":"","footnotes":""},"class_list":{"0":"post-1042","1":"page","2":"type-page","3":"status-publish","5":"entry"},"_links":{"self":[{"href":"https:\/\/moverdb.com\/hu\/wp-json\/wp\/v2\/pages\/1042","targetHints":{"allow":["GET"]}}],"collection":[{"href":"https:\/\/moverdb.com\/hu\/wp-json\/wp\/v2\/pages"}],"about":[{"href":"https:\/\/moverdb.com\/hu\/wp-json\/wp\/v2\/types\/page"}],"author":[{"embeddable":true,"href":"https:\/\/moverdb.com\/hu\/wp-json\/wp\/v2\/users\/1"}],"replies":[{"embeddable":true,"href":"https:\/\/moverdb.com\/hu\/wp-json\/wp\/v2\/comments?post=1042"}],"version-history":[{"count":5,"href":"https:\/\/moverdb.com\/hu\/wp-json\/wp\/v2\/pages\/1042\/revisions"}],"predecessor-version":[{"id":6197,"href":"https:\/\/moverdb.com\/hu\/wp-json\/wp\/v2\/pages\/1042\/revisions\/6197"}],"wp:attachment":[{"href":"https:\/\/moverdb.com\/hu\/wp-json\/wp\/v2\/media?parent=1042"}],"curies":[{"name":"wp","href":"https:\/\/api.w.org\/{rel}","templated":true}]}}