{"id":1041,"date":"2016-10-25T05:39:31","date_gmt":"2016-10-25T05:39:31","guid":{"rendered":"http:\/\/moverdb.com\/?page_id=1041"},"modified":"2026-01-08T14:47:33","modified_gmt":"2026-01-08T14:47:33","slug":"armstrong-relocation","status":"publish","type":"page","link":"https:\/\/moverdb.com\/hu\/armstrong-relocation\/","title":{"rendered":"Armstrong \u00e1thelyez\u00e9s: Nemzetk\u00f6zi k\u00f6lt\u00f6ztet\u00e9s V\u00e9lem\u00e9nyek"},"content":{"rendered":"<p>Az Armstrong Relocation rengeteg k\u00f6lt\u00f6ztet\u00e9si szolg\u00e1ltat\u00e1st k\u00edn\u00e1l \u00fcgyfeleinek. Ezeket az al\u00e1bbiakban felsoroljuk a c\u00e9g profilj\u00e1val \u00e9s \u00e9rt\u00e9kel\u00e9s\u00e9vel egy\u00fctt.<\/p>\n<p><strong>Nemzetk\u00f6zi k\u00f6lt\u00f6ztet\u0151 szolg\u00e1ltat\u00e1sok<\/strong><\/p>\n<ul>\n<li> K\u00f6lt\u00f6z\u00e9s el\u0151tti tervez\u00e9s<\/li>\n<li> Szem\u00e9lyes k\u00f6lt\u00f6z\u00e9si menedzsment \u00e9s egyedi k\u00f6lt\u00f6z\u00e9stervez\u00e9s<\/li>\n<li> Ingyenes k\u00f6lt\u00f6z\u00e9si el\u0151k\u00e9sz\u00edt\u0151 csomag<\/li>\n<li> Teljes vagy r\u00e9szleges csomagol\u00e1s\/kicsomagol\u00e1s<\/li>\n<li> Csomagol\u00e1s \u00e9s speci\u00e1lis csomagol\u00e1s<\/li>\n<li> Tulajdonv\u00e9delem<\/li>\n<li> L\u00e9gi, tengeri \u00e9s\/vagy sz\u00e1razf\u00f6ldi sz\u00e1ll\u00edt\u00e1s<\/li>\n<li> Export- vagy importdokument\u00e1ci\u00f3<\/li>\n<li> <a href=\"https:\/\/moverdb.com\/hu\/szallitmanyozo\/\">Sz\u00e1ll\u00edtm\u00e1nyoz\u00e1s<\/a><\/li>\n<li> V\u00e1mkezel\u00e9s<\/li>\n<li> C\u00e9l\u00e1llom\u00e1si szolg\u00e1ltat\u00e1sok<\/li>\n<li> Online k\u00f6lt\u00f6z\u00e9s nyomon k\u00f6vet\u00e9se<\/li>\n<li> \u00c9rt\u00e9kel\u00e9si lefedetts\u00e9g<\/li>\n<li> K\u00f6vetel\u00e9skezel\u00e9s<\/li>\n<li> R\u00f6vid \u00e9s hossz\u00fa t\u00e1v\u00fa t\u00e1rol\u00e1s<\/li>\n<li> T\u00f6rmel\u00e9k elt\u00e1vol\u00edt\u00e1sa<\/li>\n<\/ul>\n<p><strong>Nemzetk\u00f6zi c\u00e9l\u00e1llom\u00e1s szolg\u00e1ltat\u00e1sok<\/strong><\/p>\n<ul>\n<li> Orient\u00e1ci\u00f3<\/li>\n<li> D\u00f6nt\u00e9s el\u0151tti konzult\u00e1ci\u00f3<\/li>\n<li> T\u00e1rsadalombiztos\u00edt\u00e1si \u00e9s jogos\u00edtv\u00e1nyt\u00e1mogat\u00e1s<\/li>\n<li> B\u00e9rleti szerz\u0151d\u00e9s al\u00e1\u00edr\u00e1s\u00e1nak t\u00e1mogat\u00e1sa<\/li>\n<li> Bek\u00f6lt\u00f6z\u00e9si ellen\u0151rz\u00e9si seg\u00edts\u00e9gny\u00fajt\u00e1s<\/li>\n<li> El\u0151zetes program\/ismertet\u0151 t\u00fara<\/li>\n<li> Lak\u00e1sv\u00e1s\u00e1rl\u00e1si t\u00e1mogat\u00e1s<\/li>\n<li> Teljes k\u00f6r\u0171 otthonkeres\u00e9s<\/li>\n<li> K\u00eds\u00e9r\u0151vel b\u00e9relt t\u00fara<\/li>\n<li> Meg\u00e9lhet\u00e9si k\u00f6lts\u00e9gelemz\u00e9s (COLA)<\/li>\n<li> Iskolai seg\u00edts\u00e9gny\u00fajt\u00e1s<\/li>\n<li> Beilleszked\u00e9si t\u00e1mogat\u00e1s<\/li>\n<li> Indul\u00e1si szolg\u00e1ltat\u00e1sok<\/li>\n<\/ul>\n<p><strong>V\u00e1llalati k\u00f6lt\u00f6z\u00e9sek<\/strong><\/p>\n<ul>\n<li> Szakpolitikai tan\u00e1csad\u00e1s \u00e9s fejleszt\u00e9s<\/li>\n<li> H\u00e1ztart\u00e1si \u00e1ruk mozgat\u00e1s\u00e1nak ir\u00e1ny\u00edt\u00e1sa<\/li>\n<li> Csoportos mozgat\u00e1s<\/li>\n<li> \u00c1tal\u00e1ny\u00f6sszeg<\/li>\n<li> H\u00e1ztart\u00e1si cikkek mozgat\u00e1sa<\/li>\n<li> <a href=\"https:\/\/moverdb.com\/hu\/kontenerszallitas\/\">Teljes k\u00f6r\u0171 kont\u00e9nersz\u00e1ll\u00edt\u00e1s<\/a><\/li>\n<li> Testreszabott jelent\u00e9s<\/li>\n<li> Online k\u00f6lt\u00f6z\u00e9s nyomon k\u00f6vet\u00e9se<\/li>\n<li> \u00c9rt\u00e9kel\u00e9si lefedetts\u00e9g<\/li>\n<li> K\u00f6vetel\u00e9skezel\u00e9s<\/li>\n<li> R\u00f6vid \u00e9s hossz\u00fa t\u00e1v\u00fa t\u00e1rol\u00e1s<\/li>\n<li> Csomagol\u00e1s \u00e9s speci\u00e1lis csomagol\u00e1s<\/li>\n<li> Executive szint\u0171 concierge szolg\u00e1ltat\u00e1sok<\/li>\n<li> Rendrak\u00e1s, rendrak\u00e1s \u00e9s szervez\u00e9s<\/li>\n<li> K\u00f6zm\u0171csatlakoz\u00e1si szolg\u00e1ltat\u00e1sok<\/li>\n<li> Ingatlan\u00fcgyn\u00f6k kiv\u00e1laszt\u00e1sa \u00e9s otthoni marketingterv<\/li>\n<li> K\u00e9szp\u00e9nz-visszat\u00e9r\u00edt\u00e9s lak\u00e1selad\u00e1s \u00e9s lak\u00e1sv\u00e1s\u00e1rl\u00e1s eset\u00e9n<\/li>\n<li> Ingyenes c\u00e9l\u00e1llom\u00e1s inform\u00e1ci\u00f3s csomag<\/li>\n<li> Ideiglenes \u00e9letvitel<\/li>\n<li> Jelz\u00e1logt\u00e1mogat\u00e1s<\/li>\n<\/ul>\n<p><strong>Lakoss\u00e1gi k\u00f6lt\u00f6z\u00e9sek<\/strong><\/p>\n<ul>\n<li> Ingyenes becsl\u00e9s<\/li>\n<li> K\u00f6lt\u00f6z\u00e9s menedzsment \u00e9s tervez\u00e9s<\/li>\n<li> Dedik\u00e1lt k\u00f6lt\u00f6z\u00e9si koordin\u00e1tor<\/li>\n<li> Teljes vagy r\u00e9szleges csomagol\u00e1s\/kicsomagol\u00e1s<\/li>\n<li> Tulajdonv\u00e9delem<\/li>\n<li> Csomagol\u00f3anyagok<\/li>\n<li> H\u00e1ztart\u00e1si cikkek mozgat\u00e1sa<\/li>\n<li> Biztos\u00edt\u00e1si fedezet<\/li>\n<li> R\u00f6vid\/hossz\u00fa t\u00e1v\u00fa t\u00e1rol\u00e1s<\/li>\n<li> Burkol\u00e1si szolg\u00e1ltat\u00e1sok<\/li>\n<li> Teljes k\u00f6r\u0171 szolg\u00e1ltat\u00e1si lehet\u0151s\u00e9g<\/li>\n<li> K\u00f6zm\u0171vek csatlakoz\u00e1si szolg\u00e1ltat\u00e1sa<\/li>\n<li> K\u00e9szp\u00e9nz-visszat\u00e9r\u00edt\u00e9ses ingatlanelad\u00e1si\/v\u00e1s\u00e1rl\u00e1si tervek<\/li>\n<li> Sz\u00ednpadra \u00e1ll\u00edt\u00e1s \u00e9s szervez\u00e9s<\/li>\n<\/ul>\n<p><strong>L\u00e9tes\u00edtm\u00e9ny \u00e1thelyez\u00e9sek<\/strong><\/p>\n<ul>\n<li> Iroda<\/li>\n<li> Ipari<\/li>\n<li> Eg\u00e9szs\u00e9g\u00fcgy<\/li>\n<li> Korm\u00e1ny<\/li>\n<\/ul>\n<h2>Armstrong Relocation C\u00e9gprofil<\/h2>\n<p>Az Armstrong Transfer and Storage v\u00e1llalatot 1922-ben alap\u00edtott\u00e1k, majd 1957-ben a s\u00f3gorok, Clyde Springer \u00e9s Jim Watson megv\u00e1s\u00e1rolt\u00e1k, \u00e9s Memphisben kezdt\u00e9k meg m\u0171k\u00f6d\u00e9s\u00e9t, <a href=\"https:\/\/moverdb.com\/hu\/moving-to-the-united-states\/moving-to-tennessee\/\" data-internallinksmanager029f6b8e52c=\"406\" title=\"Tennessee-be k\u00f6lt\u00f6zik? 2023 Lakhat\u00e1si k\u00f6lts\u00e9gek \u00e9s k\u00f6lt\u00f6z\u00e9si tippek\">Tennessee<\/a> \u00e9s az Armstrong Relocation nev\u0171 c\u00e9get h\u00edvta. Ma is csal\u00e1di v\u00e1llalkoz\u00e1s, amelyet e k\u00e9t \u00fariember harmadik gener\u00e1ci\u00f3ja vezet. <\/p>\n<p>Az Armstrong Relocation ma a legnagyobb \u00e1ruforgalmi \u00fcgyn\u00f6k a k\u00f6vetkez\u0151 c\u00e9gek sz\u00e1m\u00e1ra <a href=\"https:\/\/moverdb.com\/hu\/united-van-lines\/\">United Van Lines<\/a> \u00e9s 22 irod\u00e1val rendelkezik a <a href=\"https:\/\/moverdb.com\/hu\/moving-to-the-united-states\/\" data-internallinksmanager029f6b8e52c=\"94\" title=\"Az Egyes\u00fclt \u00c1llamokba k\u00f6lt\u00f6zik? 2022 Meg\u00e9lhet\u00e9si k\u00f6lts\u00e9gek \u00e9s k\u00f6lt\u00f6z\u00e9si tippek\">US<\/a>, valamint egy \u00fcgyn\u00f6kl\u00e1ncot vil\u00e1gszerte, amely a nemzetk\u00f6zi \u00fcgyfelekkel foglalkozik. Az Armstrong Relocation k\u00fcldet\u00e9snyilatkozat\u00e1ban szerepel a kiv\u00e1l\u00f3 min\u0151s\u00e9g \u00e9s az \u00fcgyfelek el\u00e9gedetts\u00e9g\u00e9nek el\u00e9r\u00e9se.<\/p>\n<p>Az Armstrong Relocation a k\u00f6vetkez\u0151 tags\u00e1gokkal \u00e9s akkredit\u00e1ci\u00f3kkal rendelkezik:<\/p>\n<ul>\n<li> <a href=\"https:\/\/moverdb.com\/hu\/british-association-of-removers\/\">Brit K\u00f6lt\u00f6ztet\u0151k Sz\u00f6vets\u00e9ge<\/a> (<a href=\"https:\/\/moverdb.com\/hu\/british-association-of-removers\/\" data-internallinksmanager029f6b8e52c=\"9\" title=\"A Brit K\u00f6lt\u00f6ztet\u0151k Sz\u00f6vets\u00e9ge (BAR) magyar\u00e1zata\">BAR<\/a>)<\/li>\n<li> <a href=\"https:\/\/moverdb.com\/hu\/fidi-faim\/\">Nemzetk\u00f6zi K\u00f6lt\u00f6ztet\u0151 c\u00e9gek Sz\u00f6vets\u00e9ge<\/a> (<a href=\"https:\/\/moverdb.com\/hu\/fidi-faim\/\" data-internallinksmanager029f6b8e52c=\"16\" title=\"FIDI &amp; FAIM (FIDI akkredit\u00e1lt nemzetk\u00f6zi fuvaroz\u00f3) magyar\u00e1zata\">FIDI<\/a>)<\/li>\n<li> K\u00fclf\u00f6ldi vezet\u0151k f\u00f3ruma<\/li>\n<li> K\u00f6zvetett l\u00e9gi fuvaroz\u00f3<\/li>\n<li> <a href=\"https:\/\/moverdb.com\/hu\/iata\/\">Nemzetk\u00f6zi L\u00e9gi Sz\u00e1ll\u00edt\u00e1si Sz\u00f6vets\u00e9g<\/a> (<a href=\"https:\/\/moverdb.com\/hu\/iata\/\" data-internallinksmanager029f6b8e52c=\"22\" title=\"A Nemzetk\u00f6zi L\u00e9gi Sz\u00e1ll\u00edt\u00e1si Sz\u00f6vets\u00e9g (IATA) magyar\u00e1zata\">IATA<\/a>)<\/li>\n<li> <a href=\"https:\/\/moverdb.com\/hu\/en-vagyok\/\">K\u00f6lt\u00f6ztet\u0151k Nemzetk\u00f6zi Sz\u00f6vets\u00e9ge<\/a> (<a href=\"https:\/\/moverdb.com\/hu\/iam\/\" data-internallinksmanager029f6b8e52c=\"23\" title=\"A K\u00f6lt\u00f6ztet\u0151k Nemzetk\u00f6zi Sz\u00f6vets\u00e9ge (IAM) magyar\u00e1zata\">IAM<\/a>)<\/li>\n<li> Nemzetk\u00f6zi Facility Management Sz\u00f6vets\u00e9g<\/li>\n<li> Nemzetk\u00f6zi Szabv\u00e1ny\u00fcgyi Szervezet<\/li>\n<li> <a href=\"https:\/\/moverdb.com\/hu\/lacma\/\">Latin-Amerika \u00e9s Karib-t\u00e9rs\u00e9g Nemzetk\u00f6zi K\u00f6lt\u00f6ztet\u0151k Sz\u00f6vets\u00e9ge<\/a> (<a href=\"https:\/\/moverdb.com\/hu\/lacma\/\" data-internallinksmanager029f6b8e52c=\"28\" title=\"Latin-amerikai \u00e9s Karibi Nemzetk\u00f6zi K\u00f6lt\u00f6ztet\u0151k Sz\u00f6vets\u00e9ge (LACMA)\">LACMA<\/a>)<\/li>\n<li> Overseas Moving Network International (OMNI)<\/li>\n<li> Overseas Shippers Association (OSA) - alap\u00edt\u00f3 tag<\/li>\n<li> Emberi Er\u0151forr\u00e1s Menedzsment T\u00e1rsas\u00e1g<\/li>\n<li> Amerikai v\u00e1m- \u00e9s hat\u00e1rv\u00e9delem<\/li>\n<li> <a href=\"https:\/\/moverdb.com\/hu\/employee-relocation-council\/\">Vil\u00e1gm\u00e9ret\u0171 munkav\u00e1llal\u00f3i \u00e1thelyez\u00e9si tan\u00e1cs<\/a><\/li>\n<li> Smartway<\/li>\n<li> <a href=\"https:\/\/moverdb.com\/hu\/united-van-lines\/\">United Van Lines<\/a><\/li>\n<\/ul>\n<h2>Armstrong Relocation V\u00e9lem\u00e9nyek<\/h2>\n<p><strong>Pozit\u00edv:<\/strong><\/p>\n<ul>\n<li> <em>\"Az Armstrong csapata val\u00f3ban kellemes \u00e9lm\u00e9nny\u00e9 tette a k\u00f6lt\u00f6z\u00e9st!\"<\/em> Kay T kereszt\u00fcl <a href=\"https:\/\/www.yelp.com\/biz\/armstrong-relocation-carrollton-4?hrid=LJyHKGw95UdYmBHHZwyr5Q&#038;utm_campaign=www_review_share_popup&#038;utm_medium=copy_link&#038;utm_source=(direct)\" target=\"_blank\" rel=\"noopener\">Yelp<\/a><\/li>\n<li> <em>\"El sem hiszem, milyen k\u00f6nnyen ment az \u00e1thelyez\u00e9sem. K\u00f6nny\u0171 volt, \u00e9s nem stresszeltem. Erin gondoskodott arr\u00f3l, hogy mindig minden sz\u00fcks\u00e9ges inform\u00e1ci\u00f3 a rendelkez\u00e9semre \u00e1lljon, \u00e9s gyakran h\u00edvott, hogy bejelentkezzen. Ha valaha is \u00fajra olyan helyzetbe ker\u00fcl\u00f6k, hogy \u00e1t kell k\u00f6lt\u00f6zn\u00f6m, biztosan az Armstrong Relationt fogom ig\u00e9nybe venni!\"<\/em> - Bfunte kereszt\u00fcl <a href=\"http:\/\/www.mymovingreviews.com\/movers\/armstrong-relocation-2671#50688\" target=\"_blank\" rel=\"noopener\">MyMovingReviews.com<\/a> <\/li>\n<li> <em>\"Az Armstrong csapatunk kiv\u00e1l\u00f3 volt! Kiv\u00e1l\u00f3 \u00fcgyf\u00e9lszolg\u00e1latot ny\u00fajtottak, bar\u00e1ts\u00e1gosak, seg\u00edt\u0151k\u00e9szek, j\u00f3l szervezettek, hat\u00e9konyak \u00e9s professzion\u00e1lisak voltak. \u0150k voltak a legjobb k\u00f6lt\u00f6ztet\u0151 csapat, akivel valaha is dolgunk volt!\"<\/em> - M.M v\u00e1s\u00e1rl\u00f3i v\u00e9lem\u00e9ny az Armstrong weboldal\u00e1r\u00f3l<\/li>\n<\/ul>\n<p><strong>Negat\u00edv:<\/strong><\/p>\n<ul>\n<li> \"<em>B\u00e1rcsak nulla csillagot adhatn\u00e9k nekik. Ez volt \u00e9letem legrosszabb \u00e9lm\u00e9nye.\"<\/em> Natalie M kereszt\u00fcl <a href=\"https:\/\/www.yelp.com\/biz\/armstrong-relocation-carrollton-4?hrid=caooXxcr-ZmkltnMtL6R_g&#038;utm_campaign=www_review_share_popup&#038;utm_medium=copy_link&#038;utm_source=(direct)\" target=\"_blank\" rel=\"noopener\">Yelp<\/a><\/li>\n<li> <em>\"\u00dagy gondolom, hogy helyi k\u00f6lt\u00f6z\u00e9s eset\u00e9n az Armstrong \u00e9sszer\u0171 v\u00e1laszt\u00e1s lehet. Hosszabb k\u00f6lt\u00f6z\u00e9sek eset\u00e9n azonban jobban meg kellene becs\u00fclni\u00fck a sz\u00e1ll\u00edt\u00e1si id\u0151t \u00e9s a sz\u00e1ll\u00edt\u00e1si oldalon jobban kellene kommunik\u00e1lniuk az \u00fcgyn\u00f6kkel.\"<\/em> - a <a href=\"http:\/\/www.bbb.org\/chicago\/business-reviews\/movers\/armstrong-relocation-co-in-glendale-hts-il-12008868\/customer-reviews\" target=\"_blank\" rel=\"noopener\">BBB<\/a><\/li>\n<li> <em>\"Nagyon m\u00e9rges vagyok r\u00e1juk. Kipakolt\u00e1k az \u00f6sszes cuccomat, ami a padl\u00e1son volt. Ami nem baj, mert nem akarom, hogy \u00f6sszet\u00f6rjenek. De minden \u00f6sszekeveredett.\"<\/em> - Mistie via <a href=\"https:\/\/www.facebook.com\/ArmstrongRelocationDallas\/reviews\/\" target=\"_blank\" rel=\"noopener\">Facebook<\/a><\/li>\n<\/ul>\n<div itemprop=\"review\" itemscope itemtype=\"http:\/\/schema.org\/Review\">\n<span itemprop=\"author\" itemscope=\"\" itemtype=\"http:\/\/schema.org\/Organization\"><span itemprop=\"name\">MoverDB.com<\/span><\/span> Online weboldal-fel\u00fclvizsg\u00e1lat a <span itemprop=\"itemreviewed\" itemscope=\"\" itemtype=\"http:\/\/schema.org\/Brand\"><span itemprop=\"name\">Armstrong \u00e1thelyez\u00e9s<\/span><\/span>:<\/p>\n<ol>\n<li> Egy\u00e9rtelm\u0171 el\u00e9rhet\u0151s\u00e9gek a weboldalon (bele\u00e9rtve a telefonsz\u00e1mot is): <strong>Igen<\/strong><\/li>\n<li> K\u00f6nnyen beszerezhet\u0151 <a href=\"https:\/\/moverdb.com\/hu\/idezi\/\">nemzetk\u00f6zi mozg\u00f3 \u00e1raj\u00e1nlatok<\/a>? (Online \u00e1raj\u00e1nlatk\u00e9r\u0151 \u0171rlap): <strong>Igen<\/strong><\/li>\n<li> Egy\u00e9rtelm\u0171 inform\u00e1ci\u00f3k a honlapon: <strong>Igen<\/strong>, A weboldal j\u00f3 k\u00e9pet ad az \u00fcgyfeleknek arr\u00f3l, hogy mire sz\u00e1m\u00edthatnak a v\u00e1llalatt\u00f3l.<\/li>\n<li> Tags\u00e1g nemzetk\u00f6zi elismert mozgat\u00f3 szervezetekben: <strong>Igen<\/strong>, sok, l\u00e1sd fentebb<\/li>\n<li> \u00dcgyfelek list\u00e1ja \u00e9s\/vagy kor\u00e1bbi v\u00e1s\u00e1rl\u00f3i aj\u00e1nl\u00e1sok: <strong>Igen<\/strong>, de ezek sz\u00e9tsz\u00f3rva tal\u00e1lhat\u00f3k a weboldalon, nem pedig egy k\u00fcl\u00f6n erre a c\u00e9lra l\u00e9trehozott c\u00e9loldalon. R\u00e1ad\u00e1sul a webes v\u00e9lem\u00e9ny\u00fck kiss\u00e9 vegyes.<\/li>\n<\/ol>\n<div itemprop=\"reviewRating\" itemscope itemtype=\"http:\/\/schema.org\/Rating\"><meta itemprop=\"worstRating\" content = \"0\" \/><meta itemprop=\"bestRating\" content=\"5\" \/><meta itemprop=\"ratingValue\" content=\"4\"><\/div>\n<p><strong>\u00c1ltal\u00e1nos pontsz\u00e1m: 4\/5<\/strong><br \/>\n<strong>Fel\u00fclvizsg\u00e1lat d\u00e1tuma:<\/strong> <span itemprop=\"datePublished\" content=\"2016-10-25\">25\/10\/2016<\/span>\n<\/div>\n<p>Tov\u00e1bbi inform\u00e1ci\u00f3 <a href=\"https:\/\/moverdb.com\/hu\/koltozteto-cegek\/\">nemzetk\u00f6zi k\u00f6lt\u00f6ztet\u0151 c\u00e9gek<\/a>, <a href=\"https:\/\/moverdb.com\/hu\/us-canada-movers\/\">Hossz\u00fa t\u00e1v\u00fa \u00e9s \u00e1llamk\u00f6zi k\u00f6lt\u00f6ztet\u0151k<\/a> \u00e9s a mi <a href=\"https:\/\/moverdb.com\/hu\/ertekelesek\/\">fel\u00fclvizsg\u00e1lati folyamat<\/a>.<\/p>\n<p><strong>Weboldal:<\/strong> <a href=\"http:\/\/www.armstrongrelocation.com\" target=\"_blank\" rel=\"noopener\">http:\/\/www.armstrongrelocation.com<\/a><\/p>","protected":false},"excerpt":{"rendered":"<p>Armstrong Relocation has an abundance of moving services which it offers its customers. These are listed below together with a company profile and reviews. International Moving Services Pre-move planning Personal move management and custom-designed move planning Free move preparation packet Full or partial packing\/unpacking Crating and specialty packing Property protection Air, ocean and\/or land transportation [&hellip;]<\/p>\n","protected":false},"author":1,"featured_media":0,"parent":0,"menu_order":0,"comment_status":"closed","ping_status":"closed","template":"","meta":{"_genesis_hide_title":false,"_genesis_hide_breadcrumbs":false,"_genesis_hide_singular_image":false,"_genesis_hide_footer_widgets":false,"_genesis_custom_body_class":"","_genesis_custom_post_class":"","_genesis_layout":"","footnotes":""},"class_list":{"0":"post-1041","1":"page","2":"type-page","3":"status-publish","5":"entry"},"_links":{"self":[{"href":"https:\/\/moverdb.com\/hu\/wp-json\/wp\/v2\/pages\/1041","targetHints":{"allow":["GET"]}}],"collection":[{"href":"https:\/\/moverdb.com\/hu\/wp-json\/wp\/v2\/pages"}],"about":[{"href":"https:\/\/moverdb.com\/hu\/wp-json\/wp\/v2\/types\/page"}],"author":[{"embeddable":true,"href":"https:\/\/moverdb.com\/hu\/wp-json\/wp\/v2\/users\/1"}],"replies":[{"embeddable":true,"href":"https:\/\/moverdb.com\/hu\/wp-json\/wp\/v2\/comments?post=1041"}],"version-history":[{"count":3,"href":"https:\/\/moverdb.com\/hu\/wp-json\/wp\/v2\/pages\/1041\/revisions"}],"predecessor-version":[{"id":6174,"href":"https:\/\/moverdb.com\/hu\/wp-json\/wp\/v2\/pages\/1041\/revisions\/6174"}],"wp:attachment":[{"href":"https:\/\/moverdb.com\/hu\/wp-json\/wp\/v2\/media?parent=1041"}],"curies":[{"name":"wp","href":"https:\/\/api.w.org\/{rel}","templated":true}]}}