{"id":1038,"date":"2016-11-05T17:02:13","date_gmt":"2016-11-05T17:02:13","guid":{"rendered":"http:\/\/moverdb.com\/?page_id=1038"},"modified":"2026-01-08T15:20:27","modified_gmt":"2026-01-08T15:20:27","slug":"national-van-lines","status":"publish","type":"page","link":"https:\/\/moverdb.com\/hu\/national-van-lines\/","title":{"rendered":"National Van Lines: Nemzetk\u00f6zi K\u00f6lt\u00f6ztet\u00e9s V\u00e9lem\u00e9nyek"},"content":{"rendered":"<p>A National Van Lines a k\u00f6lt\u00f6ztet\u00e9si szolg\u00e1ltat\u00e1sok sz\u00e9les sk\u00e1l\u00e1j\u00e1t k\u00edn\u00e1lja \u00fcgyfeleinek. Ezeket az al\u00e1bbiakban felsoroljuk a c\u00e9g profilj\u00e1val \u00e9s \u00e9rt\u00e9kel\u00e9s\u00e9vel egy\u00fctt.<\/p>\n<p><strong>Nemzetk\u00f6zi k\u00f6lt\u00f6z\u00e9sek<\/strong><\/p>\n<ul>\n<li> Egy\u00e9ni \u00e9s v\u00e1llalati<\/li>\n<li> Dedik\u00e1lt k\u00f6lt\u00f6z\u00e9si koordin\u00e1tor<\/li>\n<li> Tan\u00e1csad\u00e1s a k\u00f6lt\u00f6z\u00e9si folyamat minden aspektus\u00e1val kapcsolatban<\/li>\n<li> \u00datmutat\u00e1s a dokument\u00e1ci\u00f3s k\u00f6vetelm\u00e9nyekr\u0151l<\/li>\n<li> <a href=\"https:\/\/moverdb.com\/hu\/idezi\/\">H\u00e1zhoz men\u0151 k\u00f6lts\u00e9gbecsl\u00e9sek<\/a> a  oldalon. <a href=\"https:\/\/moverdb.com\/hu\/kontenerszallitas\/\">tengeri vagy l\u00e9gi sz\u00e1ll\u00edt\u00e1s<\/a><\/li>\n<li> A k\u00fcldem\u00e9ny biztons\u00e1gos meg\u00e9rkez\u00e9s\u00e9t biztos\u00edt\u00f3 nyomon k\u00f6vet\u00e9s<\/li>\n<li> A k\u00f6lt\u00f6z\u00e9s minden egyes l\u00e9p\u00e9s\u00e9nek koordin\u00e1l\u00e1sa<\/li>\n<li> Seg\u00edts\u00e9gny\u00fajt\u00e1s a k\u00e1rig\u00e9ny val\u00f3sz\u00edn\u0171tlen bek\u00f6vetkez\u00e9se eset\u00e9n<\/li>\n<\/ul>\n<p><strong>Speci\u00e1lis mozg\u00e1sok<\/strong><\/p>\n<ul>\n<li> Bolti berendez\u00e9si t\u00e1rgyak<\/li>\n<li> Elektronika<\/li>\n<li> Kereskedelmi ki\u00e1ll\u00edt\u00e1sok<\/li>\n<li> J\u00e1t\u00e9keszk\u00f6z\u00f6k<\/li>\n<li> Nyer\u0151g\u00e9pek<\/li>\n<li> Aut\u00f3sz\u00e1ll\u00edt\u00e1s<\/li>\n<li> Zongora mozgat\u00e1s<\/li>\n<li> Mozg\u00f3 m\u0171v\u00e9szet<\/li>\n<li> \u00d3ra \u00e9s r\u00e9gis\u00e9gek mozgat\u00e1sa<\/li>\n<li> Bili\u00e1rdasztal k\u00f6lt\u00f6ztet\u0151k<\/li>\n<\/ul>\n<p><strong>V\u00e1llalati \u00e1thelyez\u00e9s<\/strong><\/p>\n<ul>\n<li> Nemzetk\u00f6zi \u00e9s helyi<\/li>\n<li> Egy alkalmazott vagy az eg\u00e9sz iroda<\/li>\n<li> Sz\u00e1m\u00edt\u00f3g\u00e9p \u00e9s elektronika k\u00f6lt\u00f6ztet\u0151k<\/li>\n<li> Laborat\u00f3riumi \u00e9s orvosi berendez\u00e9sek mozgat\u00e1sa<\/li>\n<\/ul>\n<p><strong>H\u00e1ztart\u00e1si k\u00f6lt\u00f6z\u00e9sek<\/strong><\/p>\n<ul>\n<li> Helyi k\u00f6lt\u00f6z\u00e9sek<\/li>\n<li> Hossz\u00fa t\u00e1v\u00fa k\u00f6lt\u00f6z\u00e9sek<\/li>\n<li> Terepfut\u00e1s<\/li>\n<li> \u00c1llamk\u00f6zi<\/li>\n<li> \u00c1llamon bel\u00fcli<\/li>\n<li> Nemzeti<\/li>\n<li> H\u00e1zr\u00f3l h\u00e1zra j\u00e1r\u00e1s<\/li>\n<li> Teljes k\u00f6r\u0171 szolg\u00e1ltat\u00e1s<\/li>\n<\/ul>\n<p><strong>T\u00e1rol\u00e1s<\/strong><\/p>\n<ul>\n<li> Hossz\u00fa \u00e9s r\u00f6vid t\u00e1v\u00fa<\/li>\n<li> Kl\u00edmavez\u00e9relt<\/li>\n<li> 24\/7 biztons\u00e1g<\/li>\n<\/ul>\n<h2>National Van Lines C\u00e9gprofil<\/h2>\n<p>A National Van Lines jelenlegi vez\u00e9rigazgat\u00f3ja, Maureen Beal az alap\u00edt\u00f3, F. J. McKee unok\u00e1ja. McKee ind\u00edtotta el a v\u00e1llalkoz\u00e1st <a href=\"https:\/\/moverdb.com\/hu\/koltozes-chicagoba\/\">Chicago<\/a> 1901-ben egy szek\u00e9rrel \u00e9s egy p\u00f3nival jeget \u00e9s szenet sz\u00e1ll\u00edtott. <\/p>\n<p>A v\u00e1llalat az\u00f3ta vir\u00e1gzott, \u00e9s ma m\u00e1r embereket, v\u00e1llalatokat \u00e9s katonai szem\u00e9lyzetet sz\u00e1ll\u00edt helyben \u00e9s vil\u00e1gszerte. T\u00f6bb mint 400 \u00fcgyn\u00f6ke van, akik seg\u00edtik ezt a folyamatot.<\/p>\n<p>A v\u00e1llalat mott\u00f3ja \"Moving Your Memories\", amely a szem\u00e9lyzet \u00e9s az \u00fcgyfelek sz\u00e1m\u00e1ra egyar\u00e1nt eml\u00e9keztet arra, hogy a szem\u00e9lyes t\u00e1rgyak \u00e9rt\u00e9kesnek sz\u00e1m\u00edtanak, \u00e9s mindig gondosan kezelik \u0151ket.<\/p>\n<p>A National Van Lines a k\u00f6vetkez\u0151 akkredit\u00e1ci\u00f3kkal \u00e9s csatlakoz\u00e1sokkal rendelkezik:<\/p>\n<ul>\n<li> <a href=\"https:\/\/moverdb.com\/hu\/felni-elorejelzo\/\">Tan\u00fas\u00edtott ProMover<\/a><\/li>\n<li> Better Business Bureau akkredit\u00e1lt (BBB)<\/li>\n<li> Movers.Com Ellen\u0151rz\u00f6tt k\u00f6lt\u00f6ztet\u0151<\/li>\n<li> <a href=\"https:\/\/moverdb.com\/hu\/fidi-faim\/\">FIDI<\/a><\/li>\n<\/ul>\n<h2>Nemzeti Van Lines V\u00e9lem\u00e9nyek<\/h2>\n<p><strong>Pozit\u00edv:<\/strong><\/p>\n<ul>\n<li> <em>\"Nagyon el\u00e9gedett voltam a b\u00fatorok \u00e1tv\u00e9tel\u00e9vel \u00e9s kisz\u00e1ll\u00edt\u00e1s\u00e1val. Dave is nagyon profi volt, \u00e9s korrekt becsl\u00e9st adott.\"<\/em> - Bari a v\u00e1llalat aj\u00e1nl\u00f3 oldal\u00e1n kereszt\u00fcl<\/li>\n<li> <em>\"A National Van Lines id\u0151ben felvette, id\u0151ben lesz\u00e1ll\u00edtotta, \u00e9s semmi sem veszett el vagy t\u00f6rt el.\"<\/em> - Gail via <a href=\"https:\/\/www.yelp.co.uk\/biz\/national-van-lines-broadview?hrid=xrO9qdjtpdZ-DKkGynhkBw&#038;utm_campaign=www_review_share_popup&#038;utm_medium=copy_link&#038;utm_source=(direct)\" target=\"_blank\" rel=\"noopener\">Yelp<\/a><\/li>\n<li> <em>\"Csak egy sz\u00f3t tudok mondani. FANTASZTIKUS!\"<\/em> - Lori via <a href=\"http:\/\/www.mymovingreviews.com\/movers\/national-van-lines-256#59528\" target=\"_blank\" rel=\"noopener\">MyMovingReviews.com<\/a><\/li>\n<\/ul>\n<p><strong>Negat\u00edv:<\/strong><\/p>\n<ul>\n<li> <em>\"Az elm\u00falt 8 \u00e9vben 5-6 alkalommal k\u00f6lt\u00f6ztem, \u00e9s m\u00e9g soha nem volt ilyen tapasztalatom.\"<\/em> - Cindy via <a href=\"https:\/\/www.consumeraffairs.com\/movers\/national.htm\" target=\"_blank\" rel=\"noopener\">Fogyaszt\u00f3i \u00fcgyek<\/a><\/li>\n<li> <em>\"A National Van Lines nem sz\u00e1ll\u00edtotta ki a h\u00e1ztart\u00e1si ing\u00f3s\u00e1gaimat a sof\u0151r \u00e1ltal megadott id\u0151pontban. Azt mondt\u00e1k, hogy a sz\u00e1ml\u00e1mon szerepel a d\u00e1tum, de a probl\u00e9ma az volt, hogy soha nem kaptam sz\u00e1ml\u00e1t. A kisz\u00e1ll\u00edt\u00e1skor a t\u00e1rgyaim t\u00f6bb mint fele hi\u00e1nyzott.\"<\/em> - Franchon kereszt\u00fcl <a href=\"http:\/\/www.bbb.org\/chicago\/business-reviews\/movers\/national-van-lines-inc-in-broadview-il-5114\/customer-reviews\" target=\"_blank\" rel=\"noopener\">BBB<\/a><\/li>\n<li> <em>\"A National Van Lines-szal szerzett tapasztalataink egy r\u00e9m\u00e1lom voltak. A k\u00e9pvisel\u0151, aki al\u00e1\u00edrta <a href=\"https:\/\/moverdb.com\/hu\/moving-to-the-united-states\/\" data-internallinksmanager029f6b8e52c=\"94\" title=\"Az Egyes\u00fclt \u00c1llamokba k\u00f6lt\u00f6zik? 2022 Meg\u00e9lhet\u00e9si k\u00f6lts\u00e9gek \u00e9s k\u00f6lt\u00f6z\u00e9si tippek\">us<\/a> olyan profinak \u00e9s hat\u00e9konynak t\u0171nt, amikor tal\u00e1lkoztunk vele. \u00c1lmunkban sem gondoltuk volna, hogy sz\u00f6rny\u0171 z\u0171rzavarba ker\u00fcl\u00fcnk.\"<\/em> - a <a href=\"http:\/\/moving-companies.credio.com\/l\/21\/National-Van-Lines\" target=\"_blank\" rel=\"noopener\">Credio<\/a><\/li>\n<\/ul>\n<div itemprop=\"review\" itemscope itemtype=\"http:\/\/schema.org\/Review\">\n<span itemprop=\"author\" itemscope=\"\" itemtype=\"http:\/\/schema.org\/Organization\"><span itemprop=\"name\">MoverDB.com<\/span><\/span> Online weboldal-fel\u00fclvizsg\u00e1lat a <span itemprop=\"itemreviewed\" itemscope=\"\" itemtype=\"http:\/\/schema.org\/Brand\"><span itemprop=\"name\">National Van Lines<\/span><\/span>:<\/p>\n<ol>\n<li> Egy\u00e9rtelm\u0171 el\u00e9rhet\u0151s\u00e9gek a weboldalon (bele\u00e9rtve a telefonsz\u00e1mot is): <strong>Igen<\/strong><\/li>\n<li> K\u00f6nnyen beszerezhet\u0151 <a href=\"https:\/\/moverdb.com\/hu\/idezi\/\">nemzetk\u00f6zi mozg\u00f3 \u00e1raj\u00e1nlatok<\/a>? (Online \u00e1raj\u00e1nlatk\u00e9r\u0151 \u0171rlap): <strong>Igen<\/strong><\/li>\n<li> Egy\u00e9rtelm\u0171 inform\u00e1ci\u00f3k a honlapon: <strong>Igen<\/strong> a weboldal ismerteti szolg\u00e1ltat\u00e1saikat, \u00e9s hasznos \u00fatmutat\u00f3kat is k\u00edn\u00e1l.<\/li>\n<li> Tags\u00e1g nemzetk\u00f6zi elismert mozgat\u00f3 szervezetekben: <strong>Igen<\/strong><\/li>\n<li> \u00dcgyfelek list\u00e1ja \u00e9s\/vagy kor\u00e1bbi v\u00e1s\u00e1rl\u00f3i aj\u00e1nl\u00e1sok: <strong>Igen<\/strong> Vannak pozit\u00edv \u00fcgyf\u00e9lv\u00e9lem\u00e9nyek az oldalon, de n\u00e9h\u00e1ny negat\u00edv az internet t\u00f6bbi r\u00e9sz\u00e9n.<\/li>\n<\/ol>\n<div itemprop=\"reviewRating\" itemscope itemtype=\"http:\/\/schema.org\/Rating\"><meta itemprop=\"worstRating\" content = \"0\" \/><meta itemprop=\"bestRating\" content=\"5\" \/><meta itemprop=\"ratingValue\" content=\"4.5\"><\/div>\n<p><strong>\u00c1ltal\u00e1nos pontsz\u00e1m: 4.5\/5<\/strong><br \/>\n<strong>Fel\u00fclvizsg\u00e1lat d\u00e1tuma:<\/strong> <span itemprop=\"datePublished\" content=\"2016-11-05\">05\/11\/2016<\/span>\n<\/div>\n<p>Tov\u00e1bbi inform\u00e1ci\u00f3 <a href=\"https:\/\/moverdb.com\/hu\/koltozteto-cegek\/\">top nemzetk\u00f6zi k\u00f6lt\u00f6ztet\u0151 c\u00e9gek<\/a>, <a href=\"https:\/\/moverdb.com\/hu\/us-canada-movers\/\">Amerikai k\u00f6lt\u00f6ztet\u0151k<\/a> \u00e9s a mi <a href=\"https:\/\/moverdb.com\/hu\/ertekelesek\/\">fel\u00fclvizsg\u00e1lati folyamat<\/a>.<\/p>\n<p><strong>Weboldal:<\/strong> <a href=\"http:\/\/www.nationalvanlines.com\/\" target=\"_blank\" rel=\"noopener\">http:\/\/www.nationalvanlines.com\/<\/a><\/p>","protected":false},"excerpt":{"rendered":"<p>National Van Lines offers its customers a wide range of moving services. These are listed below together with a company profile and reviews. International Moves Individual and corporate Dedicated move coordinator Counselling on all aspects of the moving process Guidance on documentation requirements Door-to-door cost estimates for shipping by ocean or air Tracking to ensure [&hellip;]<\/p>\n","protected":false},"author":1,"featured_media":0,"parent":0,"menu_order":0,"comment_status":"closed","ping_status":"closed","template":"","meta":{"_genesis_hide_title":false,"_genesis_hide_breadcrumbs":false,"_genesis_hide_singular_image":false,"_genesis_hide_footer_widgets":false,"_genesis_custom_body_class":"","_genesis_custom_post_class":"","_genesis_layout":"","footnotes":""},"class_list":{"0":"post-1038","1":"page","2":"type-page","3":"status-publish","5":"entry"},"_links":{"self":[{"href":"https:\/\/moverdb.com\/hu\/wp-json\/wp\/v2\/pages\/1038","targetHints":{"allow":["GET"]}}],"collection":[{"href":"https:\/\/moverdb.com\/hu\/wp-json\/wp\/v2\/pages"}],"about":[{"href":"https:\/\/moverdb.com\/hu\/wp-json\/wp\/v2\/types\/page"}],"author":[{"embeddable":true,"href":"https:\/\/moverdb.com\/hu\/wp-json\/wp\/v2\/users\/1"}],"replies":[{"embeddable":true,"href":"https:\/\/moverdb.com\/hu\/wp-json\/wp\/v2\/comments?post=1038"}],"version-history":[{"count":6,"href":"https:\/\/moverdb.com\/hu\/wp-json\/wp\/v2\/pages\/1038\/revisions"}],"predecessor-version":[{"id":6225,"href":"https:\/\/moverdb.com\/hu\/wp-json\/wp\/v2\/pages\/1038\/revisions\/6225"}],"wp:attachment":[{"href":"https:\/\/moverdb.com\/hu\/wp-json\/wp\/v2\/media?parent=1038"}],"curies":[{"name":"wp","href":"https:\/\/api.w.org\/{rel}","templated":true}]}}