{"id":1037,"date":"2016-11-21T06:45:07","date_gmt":"2016-11-21T06:45:07","guid":{"rendered":"http:\/\/moverdb.com\/?page_id=1037"},"modified":"2026-01-08T14:47:47","modified_gmt":"2026-01-08T14:47:47","slug":"berger-szovetseges","status":"publish","type":"page","link":"https:\/\/moverdb.com\/hu\/berger-allied\/","title":{"rendered":"Berger Allied (Transzfer \u00e9s rakt\u00e1roz\u00e1s): Nemzetk\u00f6zi k\u00f6lt\u00f6ztet\u00e9s V\u00e9lem\u00e9nyek"},"content":{"rendered":"<p>A Berger Allied (hivatalosan Berger Transfer &amp; Storage) sz\u00e9khelye St. Paul, MN. \u00dcgyfeleinek sz\u00e1mos k\u00f6lt\u00f6ztet\u00e9si szolg\u00e1ltat\u00e1st k\u00edn\u00e1l, amelyeket az al\u00e1bbiakban felsorolunk, a v\u00e1llalati profillal \u00e9s az \u00e9rt\u00e9kel\u00e9sekkel egy\u00fctt.<\/p>\n<p><strong>Nemzetk\u00f6zi k\u00f6lt\u00f6z\u00e9s<\/strong><\/p>\n<ul>\n<li> Mozg\u00e1s el\u0151k\u00e9sz\u00edt\u00e9s<\/li>\n<li> Konzult\u00e1ci\u00f3 \u00e9s felm\u00e9r\u00e9s<\/li>\n<li> Dokument\u00e1ci\u00f3<\/li>\n<li> Biztons\u00e1gi megfontol\u00e1sok<\/li>\n<li> Csomagol\u00e1s \u00e9s rakod\u00e1s<\/li>\n<li> A Live k\u00f6zvetlen\u00fcl egy kont\u00e9nerbe t\u00f6lti a t\u00e1rgyakat<\/li>\n<li> V\u00e1mkezel\u00e9s<\/li>\n<li> Kisz\u00e1ll\u00edt\u00e1s \u00e9s kicsomagol\u00e1s<\/li>\n<\/ul>\n<p><strong>Lakoss\u00e1gi k\u00f6lt\u00f6ztet\u00e9s<\/strong><\/p>\n<ul>\n<li> Mozg\u00e1s tervez\u00e9s<\/li>\n<li> Hossz\u00fa t\u00e1v\u00fa k\u00f6lt\u00f6z\u00e9s<\/li>\n<li> Teljes k\u00f6r\u0171 csomagol\u00e1s<\/li>\n<li> \u00d6ncsomagol\u00f3<\/li>\n<li> <a href=\"https:\/\/moverdb.com\/hu\/autoszallitas-szallitas-szallitas\/\">J\u00e1rm\u0171<\/a>, haj\u00f3 \u00e9s motorker\u00e9kp\u00e1r sz\u00e1ll\u00edt\u00e1s<\/li>\n<li> \u00d6sszeszerel\u00e9s\/sz\u00e9tszerel\u00e9s<\/li>\n<li> A k\u00e9sz\u00fcl\u00e9kek \u00fajracsatlakoztat\u00e1sa\/lev\u00e1laszt\u00e1sa<\/li>\n<li> Kicsomagol\u00e1s \u00e9s t\u00f6rmel\u00e9k elt\u00e1vol\u00edt\u00e1sa<\/li>\n<li> Online k\u00fcldem\u00e9nyk\u00f6vet\u00e9s<\/li>\n<li> Senior k\u00f6lt\u00f6ztet\u0151 szolg\u00e1ltat\u00e1sok<\/li>\n<\/ul>\n<p><strong>V\u00e1llalati \u00e1thelyez\u00e9si szolg\u00e1ltat\u00e1sok<\/strong><\/p>\n<ul>\n<li> K\u00f6lt\u00f6z\u00e9si tan\u00e1csad\u00f3k<\/li>\n<li> Az \u00d6n v\u00e1llalat\u00e1nak egyedi kult\u00far\u00e1j\u00e1hoz, politik\u00e1j\u00e1hoz \u00e9s k\u00f6lts\u00e9gvet\u00e9si c\u00e9ljaihoz igazod\u00f3 \u00e1thelyez\u00e9si program.<\/li>\n<li> Dedik\u00e1lt k\u00f6lt\u00f6z\u00e9si koordin\u00e1torok <\/li>\n<\/ul>\n<p><strong>Kereskedelmi k\u00f6lt\u00f6ztet\u0151 szolg\u00e1ltat\u00e1sok<\/strong><\/p>\n<ul>\n<li> Irodai k\u00f6lt\u00f6z\u00e9s<\/li>\n<li> Lemezek t\u00e1rol\u00e1sa<\/li>\n<li> Rakt\u00e1roz\u00e1s<\/li>\n<li> Speci\u00e1lis sz\u00e1ll\u00edt\u00e1s<\/li>\n<li> Vagyonkezel\u00e9s<\/li>\n<li> CAD t\u00e9rtervez\u00e9s<\/li>\n<li> Helysz\u00edni projektmenedzsment<\/li>\n<\/ul>\n<h2>Berger Allied c\u00e9gprofil<\/h2>\n<p>A Berger Transfer and Storage 1910 \u00f3ta m\u0171k\u00f6dik. Mag\u00e1nszem\u00e9lyekkel, v\u00e1llalatokkal \u00e9s korm\u00e1nyzati szervekkel dolgoznak. \u00dagy v\u00e9lik, hogy legnagyobb er\u0151ss\u00e9g\u00fck a min\u0151s\u00e9gi \u00fcgyf\u00e9lszolg\u00e1latra val\u00f3 \u00f6sszpontos\u00edt\u00e1s.<\/p>\n<p>T\u00f6bb mint 600 furgonb\u00f3l \u00e9s teheraut\u00f3b\u00f3l \u00e1ll\u00f3 flott\u00e1val rendelkeznek, \u00e9s \u00e9vente mintegy 24 000 csal\u00e1di k\u00f6lt\u00f6z\u00e9st koordin\u00e1lnak. Emellett seg\u00edtenek a United Way, a Junior Achievements, az Amerikai Cserk\u00e9szek \u00e9s Cserk\u00e9szl\u00e1nyok, a March of Dimes, a Speci\u00e1lis Olimpia \u00e9s a Move For Hunger (Mozdulj az \u00e9hs\u00e9g\u00e9rt) sz\u00e1m\u00e1ra is adom\u00e1nyokat gy\u0171jteni.<\/p>\n<p>A Berger Transfer and Storage a k\u00f6vetkez\u0151 akkredit\u00e1ci\u00f3kkal \u00e9s kapcsolatokkal rendelkezik:<\/p>\n<ul>\n<li> <a href=\"https:\/\/moverdb.com\/hu\/amsa\/\">AMSA<\/a><\/li>\n<li> AHFA<\/li>\n<li> <a href=\"https:\/\/moverdb.com\/hu\/en-vagyok\/\">IAM<\/a><\/li>\n<li> ATA<\/li>\n<li> <a href=\"https:\/\/moverdb.com\/hu\/felni-elorejelzo\/\">Promover<\/a><\/li>\n<li> <a href=\"https:\/\/moverdb.com\/hu\/employee-relocation-council\/\">Vil\u00e1gszerte ERC<\/a><\/li>\n<li> PSA<\/li>\n<li> Mozdulj az \u00e9hez\u00e9s\u00e9rt<\/li>\n<li> BBB akkredit\u00e1lt v\u00e1llalkoz\u00e1s<\/li>\n<\/ul>\n<h2>Berger Allied (Transzfer \u00e9s rakt\u00e1roz\u00e1s) V\u00e9lem\u00e9nyek<\/h2>\n<p><strong>Pozit\u00edv:<\/strong><\/p>\n<ul>\n<li> <em>\"A Berger Allied c\u00e9ggel v\u00e9gzett orsz\u00e1ghat\u00e1rokon \u00e1t\u00edvel\u0151 k\u00f6lt\u00f6ztet\u00e9s\u00fcnk olyan j\u00f3 volt, amilyen csak lehet!\"<\/em> - Paul M kereszt\u00fcl <a href=\"https:\/\/www.yelp.com\/biz\/berger-allied-van-lines-austin?hrid=r3MbhX4j_6c1VOPPSbKe_g&#038;utm_campaign=www_review_share_popup&#038;utm_medium=copy_link&#038;utm_source=(direct)\" target=\"_blank\" rel=\"noopener\">Yelp<\/a> <\/li>\n<li> <em>\"A Berger csapata Las Vegasban egyszer\u0171en csod\u00e1latos. Nemcsak hozz\u00e1\u00e9rt\u0151ek \u00e9s szimpatikusak, de az \u00fcgyf\u00e9lszolg\u00e1latuk val\u00f3sz\u00edn\u0171leg a legjobb, amivel valaha is tal\u00e1lkoztam.\"<\/em> - Viki kereszt\u00fcl <a href=\"https:\/\/www.facebook.com\/pg\/bergermoving\/reviews\/\" target=\"_blank\" rel=\"noopener\">Facebook<\/a><\/li>\n<li> <em>\"Id\u0151ben megjelentek. Minden b\u00fatort betekertek p\u00e1rn\u00e1ba, \u00e9s extra id\u0151t sz\u00e1ntak arra, hogy mindent rendben elv\u00e9gezzenek. Id\u0151t sz\u00e1ntak arra, hogy megbizonyosodjanak arr\u00f3l, hogy a falak nem s\u00e9r\u00fcltek meg.\"<\/em> - Daniel via <a href=\"http:\/\/www.movingcompanyreviews.com\/MN\/St-Paul\/berger-transfer-storage-60973\" target=\"_blank\" rel=\"noopener\">MovingCompanyReviews.com<\/a><\/li>\n<\/ul>\n<p><strong>Negat\u00edv:<\/strong><\/p>\n<ul>\n<li> <em>\"Aj\u00e1nl\u00e1sra vettem fel Bergert egy k\u00f6lt\u00f6z\u00e9shez a <a href=\"https:\/\/moverdb.com\/hu\/moving-to-the-united-states\/moving-to-minnesota\/\" data-internallinksmanager029f6b8e52c=\"443\" title=\"Minnesot\u00e1ba k\u00f6lt\u00f6zik? 2023 Lakhat\u00e1si k\u00f6lts\u00e9gek \u00e9s k\u00f6lt\u00f6z\u00e9si tippek\">Minnesota<\/a> a  c\u00edmre. <a href=\"https:\/\/moverdb.com\/hu\/moving-to-the-united-states\/moving-to-california\/\" data-internallinksmanager029f6b8e52c=\"330\" title=\"Kaliforni\u00e1ba k\u00f6lt\u00f6zik? 2023 \u00c9letk\u00f6lts\u00e9gek \u00e9s k\u00f6lt\u00f6z\u00e9si tippek\">Kalifornia<\/a>. M\u00e1s c\u00e9geket \u00e9s \u00e1raj\u00e1nlatokat is kerestem, de sajnos a Berger c\u00e9get v\u00e1lasztottam az \u00e1raj\u00e1nlatot k\u00e9sz\u00edt\u0151 szem\u00e9ly alapj\u00e1n.\"<\/em> - Via <a href=\"https:\/\/www.bbb.org\/minnesota\/business-reviews\/movers\/berger-transfer-storage-inc-in-saint-paul-mn-103\/reviews-and-complaints\" target=\"_blank\" rel=\"noopener\">BBB wesbite<\/a><\/li>\n<li> <em>\"A valaha volt legrosszabb \u00fcgyf\u00e9lszolg\u00e1lat. Miut\u00e1n hat h\u00f3napig t\u00e9vesen sz\u00e1ml\u00e1ztak, \u00e9s sz\u00e1mtalan e-mailt \u00e9s telefonh\u00edv\u00e1st pr\u00f3b\u00e1ltam megoldani, azt mondt\u00e1k, hogy a t\u00e1rgyaimat \u00e1rver\u00e9sre bocs\u00e1tj\u00e1k.\"<\/em> - Kyle vi <a href=\"https:\/\/www.facebook.com\/pg\/bergermoving\/reviews\/\" target=\"_blank\" rel=\"noopener\">Facebook<\/a><\/li>\n<\/li>\n<li> <em>\"A Berger Allied Van Lines a legrosszabb csomagol\u00e1si, k\u00f6lt\u00f6ztet\u00e9si \u00e9s t\u00e1rol\u00e1si munk\u00e1t v\u00e9gezte el a <a href=\"https:\/\/moverdb.com\/hu\/moving-to-the-united-states\/\" data-internallinksmanager029f6b8e52c=\"94\" title=\"Az Egyes\u00fclt \u00c1llamokba k\u00f6lt\u00f6zik? 2022 Meg\u00e9lhet\u00e9si k\u00f6lts\u00e9gek \u00e9s k\u00f6lt\u00f6z\u00e9si tippek\">us<\/a>.\"<\/em> - Letty via <a href=\"https:\/\/www.yelp.com\/biz\/berger-allied-van-lines-austin?hrid=AMtotqlDmWIUelyZT7YKAw&#038;utm_campaign=www_review_share_popup&#038;utm_medium=copy_link&#038;utm_source=(direct)\" target=\"_blank\" rel=\"noopener\">Yelp<\/a><\/li>\n<\/ul>\n<div itemprop=\"review\" itemscope itemtype=\"http:\/\/schema.org\/Review\">\n<span itemprop=\"author\" itemscope=\"\" itemtype=\"http:\/\/schema.org\/Organization\"><span itemprop=\"name\">MoverDB.com<\/span><\/span> Online weboldal-fel\u00fclvizsg\u00e1lat a <span itemprop=\"itemreviewed\" itemscope=\"\" itemtype=\"http:\/\/schema.org\/Brand\"><span itemprop=\"name\">Berger Allied<\/span><\/span>:<\/p>\n<ol>\n<li> Egy\u00e9rtelm\u0171 el\u00e9rhet\u0151s\u00e9gek a weboldalon (bele\u00e9rtve a telefonsz\u00e1mot is): <strong>Igen<\/strong><\/li>\n<li> K\u00f6nnyen beszerezhet\u0151 <a href=\"https:\/\/moverdb.com\/hu\/idezi\/\">nemzetk\u00f6zi mozg\u00f3 \u00e1raj\u00e1nlatok<\/a>? (Online \u00e1raj\u00e1nlatk\u00e9r\u0151 \u0171rlap): <strong>Igen<\/strong><\/li>\n<li> Egy\u00e9rtelm\u0171 inform\u00e1ci\u00f3k a honlapon: <strong>R\u00e9szleges<\/strong>, van egy j\u00f3 adag \u00e1ltal\u00e1nos mozg\u00e1ssal kapcsolatos inform\u00e1ci\u00f3, de semmi t\u00fal specifikus.<\/li>\n<li> Tags\u00e1g nemzetk\u00f6zi elismert mozgat\u00f3 szervezetekben: <strong>Igen<\/strong>, sok, l\u00e1sd fentebb<\/li>\n<li> \u00dcgyfelek list\u00e1ja \u00e9s\/vagy kor\u00e1bbi v\u00e1s\u00e1rl\u00f3i aj\u00e1nl\u00e1sok: <strong>Nem<\/strong>, nincsenek aj\u00e1nl\u00e1sok a weboldalon, amit tal\u00e1ltunk, \u00e9s a webes v\u00e9lem\u00e9nyek kiss\u00e9 vegyesek. <\/li>\n<\/ol>\n<div itemprop=\"reviewRating\" itemscope itemtype=\"http:\/\/schema.org\/Rating\"><meta itemprop=\"worstRating\" content = \"0\" \/><meta itemprop=\"bestRating\" content=\"5\" \/><meta itemprop=\"ratingValue\" content=\"3.5\"><\/div>\n<p><strong>\u00c1ltal\u00e1nos pontsz\u00e1m: 3.5\/5<\/strong><br \/>\n<strong>Fel\u00fclvizsg\u00e1lat d\u00e1tuma:<\/strong> <span itemprop=\"datePublished\" content=\"2016-11-21\">21\/11\/2016<\/span>\n<\/div>\n<p>Tov\u00e1bbi inform\u00e1ci\u00f3 <a href=\"https:\/\/moverdb.com\/hu\/koltozteto-cegek\/\">nemzetk\u00f6zi k\u00f6lt\u00f6ztet\u0151 c\u00e9gek<\/a>, <a href=\"https:\/\/moverdb.com\/hu\/us-canada-movers\/\">Amerikai k\u00f6lt\u00f6ztet\u0151k<\/a> \u00e9s a mi <a href=\"https:\/\/moverdb.com\/hu\/ertekelesek\/\">fel\u00fclvizsg\u00e1lati folyamat<\/a>.<\/p>\n<p><strong>Weboldal:<\/strong> <a href=\"https:\/\/www.bergerallied.com\" target=\"_blank\" rel=\"noopener\">https:\/\/www.bergerallied.com<\/a><\/p>","protected":false},"excerpt":{"rendered":"<p>Berger Allied (officially Berger Transfer &#038; Storage) is based in St. Paul, MN. It offers its customers a range of moving services which are listed below, together with a company profile and reviews. International Moving Move Preparation Consultation and Survey Documentation Safety Considerations Packing and Loading Live loads your items directly into a shipping container [&hellip;]<\/p>\n","protected":false},"author":1,"featured_media":0,"parent":0,"menu_order":0,"comment_status":"closed","ping_status":"closed","template":"","meta":{"_genesis_hide_title":false,"_genesis_hide_breadcrumbs":false,"_genesis_hide_singular_image":false,"_genesis_hide_footer_widgets":false,"_genesis_custom_body_class":"","_genesis_custom_post_class":"","_genesis_layout":"","footnotes":""},"class_list":{"0":"post-1037","1":"page","2":"type-page","3":"status-publish","5":"entry"},"_links":{"self":[{"href":"https:\/\/moverdb.com\/hu\/wp-json\/wp\/v2\/pages\/1037","targetHints":{"allow":["GET"]}}],"collection":[{"href":"https:\/\/moverdb.com\/hu\/wp-json\/wp\/v2\/pages"}],"about":[{"href":"https:\/\/moverdb.com\/hu\/wp-json\/wp\/v2\/types\/page"}],"author":[{"embeddable":true,"href":"https:\/\/moverdb.com\/hu\/wp-json\/wp\/v2\/users\/1"}],"replies":[{"embeddable":true,"href":"https:\/\/moverdb.com\/hu\/wp-json\/wp\/v2\/comments?post=1037"}],"version-history":[{"count":6,"href":"https:\/\/moverdb.com\/hu\/wp-json\/wp\/v2\/pages\/1037\/revisions"}],"predecessor-version":[{"id":6183,"href":"https:\/\/moverdb.com\/hu\/wp-json\/wp\/v2\/pages\/1037\/revisions\/6183"}],"wp:attachment":[{"href":"https:\/\/moverdb.com\/hu\/wp-json\/wp\/v2\/media?parent=1037"}],"curies":[{"name":"wp","href":"https:\/\/api.w.org\/{rel}","templated":true}]}}