{"id":1036,"date":"2016-11-05T16:39:46","date_gmt":"2016-11-05T16:39:46","guid":{"rendered":"http:\/\/moverdb.com\/?page_id=1036"},"modified":"2026-01-08T14:47:46","modified_gmt":"2026-01-08T14:47:46","slug":"beltmann-relocation","status":"publish","type":"page","link":"https:\/\/moverdb.com\/hu\/beltmann-relocation\/","title":{"rendered":"Beltmann Relocation Group: Beltmann K\u00f6lt\u00f6ztet\u00e9s: Nemzetk\u00f6zi K\u00f6lt\u00f6ztet\u00e9s V\u00e9lem\u00e9nyek"},"content":{"rendered":"<p>A Beltmann Relocation Group sz\u00e1mos nemzetk\u00f6zi \u00e9s helyi k\u00f6lt\u00f6ztet\u00e9si szolg\u00e1ltat\u00e1st k\u00edn\u00e1l \u00fcgyfeleinek. Ezek a szolg\u00e1ltat\u00e1sok az al\u00e1bbiakban a c\u00e9g profilj\u00e1val \u00e9s \u00e9rt\u00e9kel\u00e9s\u00e9vel egy\u00fctt szerepelnek.<\/p>\n<p><strong>Nemzetk\u00f6zi k\u00f6lt\u00f6z\u00e9sek<\/strong><\/p>\n<ul>\n<li> Nemzetk\u00f6zi v\u00e1llalati k\u00f6lt\u00f6z\u00e9sek<\/li>\n<li> Egy\u00e9ni mozg\u00e1sok<\/li>\n<li> Egyes\u00fclt Nemzetek Szervezete<\/li>\n<li> Seg\u00edts\u00e9g \u00e9s \u00fatmutat\u00e1s a v\u00e1m- \u00e9s bev\u00e1ndorl\u00e1si \u00fcgyekben<\/li>\n<li> Seg\u00edts\u00e9g a h\u00e1zi\u00e1llatok \u00e1thelyez\u00e9s\u00e9ben<\/li>\n<li> H\u00e1zr\u00f3l h\u00e1zra j\u00e1r\u00e1s<\/li>\n<li> Move manager kiosztva<\/li>\n<li> Teljes k\u00f6r\u0171 szolg\u00e1ltat\u00e1s el\u00e9rhet\u0151<\/li>\n<li> Megszervezett biztos\u00edt\u00e1s<\/li>\n<\/ul>\n<p><strong>Irodai \u00e9s ipari k\u00f6lt\u00f6ztet\u00e9s<\/strong><\/p>\n<ul>\n<li> Helyi \u00e9s t\u00e1vols\u00e1gi irodai k\u00f6lt\u00f6ztet\u00e9s<\/li>\n<li> Szolg\u00e1latk\u00f6zi k\u00f6lt\u00f6z\u00e9s<\/li>\n<li> Sz\u00e1m\u00edt\u00f3g\u00e9pek \u00e9s elektronika mozgat\u00e1sa<\/li>\n<li> Helyis\u00e9gtervez\u00e9s \u00e9s -tervez\u00e9s<\/li>\n<li> K\u00f6lt\u00f6z\u00e9s el\u0151tti tervez\u00e9si megbesz\u00e9l\u00e9sek<\/li>\n<li> Helysz\u00edni fel\u00fcgyelet<\/li>\n<li> K\u00f6lt\u00f6z\u00e9s ut\u00e1ni szolg\u00e1ltat\u00e1sok<\/li>\n<li> Ipari k\u00f6lt\u00f6ztet\u00e9s t\u00e1mogat\u00e1sa<\/li>\n<li> Nagy biztons\u00e1g\u00fa mozgat\u00e1s<\/li>\n<li> \u00c9rz\u00e9keny inform\u00e1ci\u00f3k mozgat\u00e1sa<\/li>\n<li> Megszervezett biztos\u00edt\u00e1s<\/li>\n<\/ul>\n<p><strong>V\u00e1llalati \u00e1thelyez\u00e9s<\/strong><\/p>\n<ul>\n<li> Vezet\u0151i k\u00f6lt\u00f6z\u00e9si szolg\u00e1ltat\u00e1sok fels\u0151vezet\u0151k sz\u00e1m\u00e1ra<\/li>\n<li> Move manager <\/li>\n<li> H\u00e1zr\u00f3l h\u00e1zra j\u00e1r\u00e1s<\/li>\n<li> Csomagol\u00e1s \u00e9s kicsomagol\u00e1s<\/li>\n<li> Sz\u00e1ll\u00edt\u00e1s nyomon k\u00f6vet\u00e9se<\/li>\n<li> Megszervezett biztos\u00edt\u00e1s<\/li>\n<\/ul>\n<p><strong>H\u00e1ztart\u00e1si k\u00f6lt\u00f6z\u00e9sek<\/strong><\/p>\n<ul>\n<li> Helyi k\u00f6lt\u00f6z\u00e9sek<\/li>\n<li> Hossz\u00fa t\u00e1v\u00fa k\u00f6lt\u00f6z\u00e9sek<\/li>\n<li> H\u00e1zr\u00f3l h\u00e1zra j\u00e1r\u00e1s<\/li>\n<li> Csomagol\u00e1s \u00e9s kicsomagol\u00e1s<\/li>\n<li> Megszervezett biztos\u00edt\u00e1s<\/li>\n<\/ul>\n<p><strong>T\u00e1rol\u00e1s<\/strong><\/p>\n<ul>\n<li> Hossz\u00fa vagy r\u00f6vid t\u00e1v\u00fa<\/li>\n<li> F\u0171t\u00f6tt rakt\u00e1r <\/li>\n<li> Z\u00e1rt t\u00e1rol\u00f3 p\u00e1nc\u00e9lteremben t\u00e1rolva<\/li>\n<li> CCTV<\/li>\n<li> T\u0171z- \u00e9s k\u00e1rtev\u0151v\u00e9delem<\/li>\n<\/ul>\n<h2>Beltmann Relocation C\u00e9gprofil<\/h2>\n<p>A Beltmann Csoportot a Battina csal\u00e1d alap\u00edtotta 1955-ben, \u00e9s m\u00e9g mindig csal\u00e1di tulajdonban van. A c\u00e9g az egyik legnagyobb \u00e9s legr\u00e9gebbi \u00fcgyn\u00f6ki tev\u00e9kenys\u00e9get folytat\u00f3 <a href=\"https:\/\/moverdb.com\/hu\/north-american-van-lines\/\">North American Van Lines<\/a> \u00e9s sz\u00e9khelye <a href=\"https:\/\/moverdb.com\/hu\/koltozik-ba-minneapolis\/\">Minneapolis<\/a>. <\/p>\n<p>A Beltmann csoport t\u00f6bb mint 700 k\u00fcl\u00f6nb\u00f6z\u0151 t\u00edpus\u00fa sz\u00e1ll\u00edt\u00f3j\u00e1rm\u0171b\u0151l \u00e1ll\u00f3 flotta b\u00fcszke tulajdonosa, \u00e9s 14 fi\u00f3kteleppel rendelkezik.<\/p>\n<p>A Beltmann fogadalma: \"L\u00e9gy te az \u00fcgyf\u00e9l\". Minden alkalmazottat arra \u00f6szt\u00f6n\u00f6z\u00fcnk, hogy k\u00e9pzelje mag\u00e1t az \u00fcgyf\u00e9l hely\u00e9be, \u00e9s \u00fagy b\u00e1njon vele, ahogyan \u0151 maga szeretn\u00e9, hogy b\u00e1njanak vele. A v\u00e1llalat b\u00fcszke t\u00e1mogat\u00f3ja a Habitat for Humanitynek.<\/p>\n<p>A Beltmann Relocation a k\u00f6vetkez\u0151 kapcsolatokkal \u00e9s akkredit\u00e1ci\u00f3kkal rendelkezik:<\/p>\n<ul>\n<li> <a href=\"https:\/\/moverdb.com\/hu\/felni-elorejelzo\/\">Regisztr\u00e1lt nemzetk\u00f6zi k\u00f6lt\u00f6ztet\u0151<\/a> (<a href=\"https:\/\/moverdb.com\/hu\/rim-promover\/\" data-internallinksmanager029f6b8e52c=\"76\" title=\"A RIM International ProMover tan\u00fas\u00edt\u00e1s magyar\u00e1zata\">RIM<\/a>)<\/li>\n<li> <a href=\"https:\/\/moverdb.com\/hu\/felni-elorejelzo\/\">ProMover<\/a><\/li>\n<li> <a href=\"https:\/\/moverdb.com\/hu\/amsa\/\">Amerikai K\u00f6lt\u00f6ztet\u0151 \u00e9s Rakt\u00e1roz\u00e1si Sz\u00f6vets\u00e9g<\/a> (<a href=\"https:\/\/moverdb.com\/hu\/amsa\/\" data-internallinksmanager029f6b8e52c=\"5\" title=\"Az Amerikai K\u00f6lt\u00f6ztet\u0151 \u00e9s T\u00e1rol\u00f3 Sz\u00f6vets\u00e9g (AMSA) magyar\u00e1zata\">AMSA<\/a>)<\/li>\n<li> \u00c9szak-amerikai Min\u0151s\u00e9gi D\u00edj nyertese<\/li>\n<li> Better Business Bureau akkredit\u00e1lt (BBB)<\/li>\n<\/ul>\n<p><strong>Beltmann Relocation V\u00e9lem\u00e9nyek<\/strong><\/p>\n<p><strong>Pozit\u00edv:<\/strong><\/p>\n<ul>\n<li> <em>\"Minden nagyszer\u0171en ment a k\u00f6lt\u00f6z\u00e9s\u00fcnkkel. A sof\u0151r \u00e9s a szem\u00e9lyzet mindk\u00e9t oldalon j\u00f3l dolgozott.\"<\/em> - Craig a Beltmann aj\u00e1nl\u00f3oldalon kereszt\u00fcl<\/li>\n<li> <em>\"Az \u00e9vek sor\u00e1n t\u00f6bbsz\u00f6r k\u00f6lt\u00f6zt\u00fcnk, \u00e9s azt kell mondanom, hogy a Beltman messze a legjobb volt. Az a gondoss\u00e1g, amellyel a csomagol\u00e1st \u00e9s a holmink felrakod\u00e1s\u00e1t a sz\u00e1ll\u00edt\u00e1sig v\u00e9gezt\u00e9k, figyelemre m\u00e9lt\u00f3 volt.\"<\/em> - Abby kereszt\u00fcl <a href=\"https:\/\/www.facebook.com\/pg\/BeltmannRelocation\/reviews\/\" target=\"_blank\" rel=\"noopener\">Facebook<\/a><\/li>\n<\/ul>\n<p><strong>Negat\u00edv:<\/strong><\/p>\n<ul>\n<li> <em>\"M\u00e9g a kicsomagol\u00e1s 1\/3-\u00e1n\u00e1l tartunk, \u00e9s m\u00e1ris van egy legal\u00e1bb 15 darabos lista, ami s\u00e9r\u00fclt vagy t\u00f6r\u00f6tt. N\u00e9h\u00e1ny dobozba csak \u00fagy beledob\u00e1lt\u00e1k a dolgokat, nem csomagolt\u00e1k be \u00e9s nem r\u00f6gz\u00edtett\u00e9k.\"<\/em> Amy via <a href=\"https:\/\/www.facebook.com\/pg\/BeltmannRelocation\/reviews\/\" target=\"_blank\" rel=\"noopener\">Facebook<\/a><\/li>\n<li> <em>\"Tegy\u00e9l magadnak egy sz\u00edvess\u00e9get. Ne haszn\u00e1lja ezt a c\u00e9get. T\u00f6r\u00f6lje a sz\u00e1mukat, blokkolja, hogy ne h\u00edvhass\u00e1k \u00d6nt. Az id\u00e9zet r\u00e9sze (tudod, ahol megpr\u00f3b\u00e1lj\u00e1k megnyerni az \u00fczletedet) nagyszer\u0171 volt. \u00c1rufelv\u00e9tel- h\u00fcvelykujj felfel\u00e9.cuccok kisz\u00e1ll\u00edt\u00e1sa- nagy h\u00fcvelykujj lefel\u00e9.\"<\/em> - Kim kereszt\u00fcl <a href=\"https:\/\/www.yelp.com\/biz\/beltmann-relocation-group-glendale-heights?hrid=tJAoAv--s6WetooAeYOQew&#038;utm_campaign=www_review_share_popup&#038;utm_medium=copy_link&#038;utm_source=(direct)\" target=\"_blank\" rel=\"noopener\">Yelp<\/a><\/li>\n<\/ul>\n<div itemprop=\"review\" itemscope itemtype=\"http:\/\/schema.org\/Review\">\n<span itemprop=\"author\" itemscope=\"\" itemtype=\"http:\/\/schema.org\/Organization\"><span itemprop=\"name\">MoverDB.com<\/span><\/span> Online weboldal-fel\u00fclvizsg\u00e1lat a <span itemprop=\"itemreviewed\" itemscope=\"\" itemtype=\"http:\/\/schema.org\/Brand\"><span itemprop=\"name\">Beltmann Relocation Group<\/span><\/span>:<\/p>\n<ol>\n<li> Egy\u00e9rtelm\u0171 el\u00e9rhet\u0151s\u00e9gek a weboldalon (bele\u00e9rtve a telefonsz\u00e1mot is): <strong>Igen<\/strong><\/li>\n<li> K\u00f6nnyen beszerezhet\u0151 <a href=\"https:\/\/moverdb.com\/hu\/idezi\/\">nemzetk\u00f6zi mozg\u00f3 \u00e1raj\u00e1nlatok<\/a>? (Online \u00e1raj\u00e1nlatk\u00e9r\u0151 \u0171rlap): <strong>Igen<\/strong><\/li>\n<li> Egy\u00e9rtelm\u0171 inform\u00e1ci\u00f3k a honlapon: <strong>Igen<\/strong>, A weboldal hasznos forr\u00e1sokat tartalmaz a k\u00f6lt\u00f6z\u00e9sekhez, bele\u00e9rtve a GYIK-et \u00e9s tippeket.<\/li>\n<li> Tags\u00e1g nemzetk\u00f6zi elismert mozgat\u00f3 szervezetekben: <strong>Igen<\/strong>, sok, l\u00e1sd fentebb<\/li>\n<li> \u00dcgyfelek list\u00e1ja \u00e9s\/vagy kor\u00e1bbi v\u00e1s\u00e1rl\u00f3i aj\u00e1nl\u00e1sok: <strong>Igen,<\/strong> vannak pozit\u00edv v\u00e9lem\u00e9nyek a honlapon, de a webes v\u00e9lem\u00e9nyek egy kicsit vegyesebbek.<\/li>\n<\/ol>\n<div itemprop=\"reviewRating\" itemscope itemtype=\"http:\/\/schema.org\/Rating\"><meta itemprop=\"worstRating\" content = \"0\" \/><meta itemprop=\"bestRating\" content=\"5\" \/><meta itemprop=\"ratingValue\" content=\"4.5\"><\/div>\n<p><strong>\u00c1ltal\u00e1nos pontsz\u00e1m: 4.5\/5<\/strong><br \/>\n<strong>Fel\u00fclvizsg\u00e1lat d\u00e1tuma:<\/strong> <span itemprop=\"datePublished\" content=\"2016-11-05\">05\/11\/2016<\/span>\n<\/div>\n<p>Tov\u00e1bbi inform\u00e1ci\u00f3 <a href=\"https:\/\/moverdb.com\/hu\/koltozteto-cegek\/\">nemzetk\u00f6zi k\u00f6lt\u00f6ztet\u0151k<\/a>, <a href=\"https:\/\/moverdb.com\/hu\/us-canada-movers\/\">Amerikai belf\u00f6ldi k\u00f6lt\u00f6ztet\u0151k<\/a> \u00e9s a mi <a href=\"https:\/\/moverdb.com\/hu\/ertekelesek\/\">fel\u00fclvizsg\u00e1lati folyamat<\/a>.<\/p>\n<p><strong>Weboldal:<\/strong> <a href=\"http:\/\/www.beltmann.com\/\" target=\"_blank\" rel=\"noopener\">http:\/\/www.beltmann.com\/<\/a><\/p>","protected":false},"excerpt":{"rendered":"<p>The Beltmann Relocation Group offers its customers a variety of moving services internationally and locally. These services are listed below together with a company profile and reviews. International Moves International corporate moves Individual moves United Nations Assistance and guidance with customs and immigration Assistance with pet relocation Door-to-door Move manager allocated Full service available Insurance [&hellip;]<\/p>\n","protected":false},"author":1,"featured_media":0,"parent":0,"menu_order":0,"comment_status":"closed","ping_status":"closed","template":"","meta":{"_genesis_hide_title":false,"_genesis_hide_breadcrumbs":false,"_genesis_hide_singular_image":false,"_genesis_hide_footer_widgets":false,"_genesis_custom_body_class":"","_genesis_custom_post_class":"","_genesis_layout":"","footnotes":""},"class_list":{"0":"post-1036","1":"page","2":"type-page","3":"status-publish","5":"entry"},"_links":{"self":[{"href":"https:\/\/moverdb.com\/hu\/wp-json\/wp\/v2\/pages\/1036","targetHints":{"allow":["GET"]}}],"collection":[{"href":"https:\/\/moverdb.com\/hu\/wp-json\/wp\/v2\/pages"}],"about":[{"href":"https:\/\/moverdb.com\/hu\/wp-json\/wp\/v2\/types\/page"}],"author":[{"embeddable":true,"href":"https:\/\/moverdb.com\/hu\/wp-json\/wp\/v2\/users\/1"}],"replies":[{"embeddable":true,"href":"https:\/\/moverdb.com\/hu\/wp-json\/wp\/v2\/comments?post=1036"}],"version-history":[{"count":6,"href":"https:\/\/moverdb.com\/hu\/wp-json\/wp\/v2\/pages\/1036\/revisions"}],"predecessor-version":[{"id":6182,"href":"https:\/\/moverdb.com\/hu\/wp-json\/wp\/v2\/pages\/1036\/revisions\/6182"}],"wp:attachment":[{"href":"https:\/\/moverdb.com\/hu\/wp-json\/wp\/v2\/media?parent=1036"}],"curies":[{"name":"wp","href":"https:\/\/api.w.org\/{rel}","templated":true}]}}