{"id":1034,"date":"2017-01-10T06:29:27","date_gmt":"2017-01-10T06:29:27","guid":{"rendered":"http:\/\/moverdb.com\/?page_id=1034"},"modified":"2026-01-08T13:18:31","modified_gmt":"2026-01-08T13:18:31","slug":"hilldrup-moving-storage","status":"publish","type":"page","link":"https:\/\/moverdb.com\/hu\/hilldrup-moving-storage\/","title":{"rendered":"Hilldrup k\u00f6lt\u00f6ztet\u00e9s \u00e9s rakt\u00e1roz\u00e1s: Hilldrup Hilldrup Hill Hilldrup Hilldrup: Nemzetk\u00f6zi K\u00f6lt\u00f6ztet\u00e9s V\u00e9lem\u00e9nyek"},"content":{"rendered":"<p>A Hilldrup Moving and Storage sz\u00e9khelye Stafford VA. A v\u00e1llalat sz\u00e1mos szolg\u00e1ltat\u00e1st k\u00edn\u00e1l \u00fcgyfeleinek, amelyeket az al\u00e1bbiakban felsorolunk, a v\u00e1llalati profillal \u00e9s a v\u00e9lem\u00e9nyekkel egy\u00fctt.<\/p>\n<p><strong>Nemzetk\u00f6zi k\u00f6lt\u00f6ztet\u0151 szolg\u00e1ltat\u00e1sok<\/strong><\/p>\n<p>\u00c1thelyez\u00e9si t\u00e1mogat\u00e1s<\/p>\n<ul>\n<li> Hum\u00e1ner\u0151forr\u00e1s-tan\u00e1csad\u00e1s \u00e9s strat\u00e9giai tervez\u00e9s<\/li>\n<li> Marketing t\u00e1mogat\u00e1s<\/li>\n<li> Otthoni \u00e9rt\u00e9kes\u00edt\u00e9si program<\/li>\n<li> K\u00f6lts\u00e9gek kezel\u00e9se<\/li>\n<li> Ideiglenes \u00e9letvitelszer\u0171 tart\u00f3zkod\u00e1s<\/li>\n<li> Nemzetk\u00f6zi megb\u00edz\u00e1si szolg\u00e1ltat\u00e1sok<\/li>\n<li> C\u00e9l\u00e1llom\u00e1s \u00e9s leteleped\u00e9si szolg\u00e1ltat\u00e1sok<\/li>\n<li> Mozg\u00e1smenedzsment programok<\/li>\n<li> Javadalmaz\u00e1si, ad\u00f3- \u00e9s b\u00e9rsz\u00e1mfejt\u00e9si megfontol\u00e1sok<\/li>\n<li> Testreszabott jelent\u00e9sk\u00e9sz\u00edt\u00e9s<\/li>\n<li> Egy\u00f6sszeg\u0171 adminisztr\u00e1ci\u00f3<\/li>\n<\/ul>\n<p>Move Management<\/p>\n<ul>\n<li> Dedik\u00e1lt nemzetk\u00f6zi k\u00f6lt\u00f6z\u00e9si tan\u00e1csad\u00f3<\/li>\n<li> Az \u00f6sszes sz\u00e1razf\u00f6ldi \u00e9s tengeri\/l\u00e9gi sz\u00e1ll\u00edt\u00e1s ir\u00e1ny\u00edt\u00e1sa.<\/li>\n<li> Seg\u00edts\u00e9g az \u00fatlev\u00e9llel, v\u00edzummal, v\u00e1mmal kapcsolatban<\/li>\n<\/ul>\n<p>T\u00e1rol\u00e1si k\u00e9pess\u00e9gek<\/p>\n<ul>\n<li> Hossz\u00fa t\u00e1v\u00fa \u00e9s r\u00f6vid t\u00e1v\u00fa t\u00e1rol\u00e1s<\/li>\n<li> Korl\u00e1tlan hozz\u00e1f\u00e9r\u00e9s a rakt\u00e1rakhoz vil\u00e1gszerte<\/li>\n<li> 24\/7 biztons\u00e1g<\/li>\n<li> Sprinklerek \u00e9s t\u0171zolt\u00f3 rendszerek<\/li>\n<li> DOD tan\u00fas\u00edtv\u00e1nnyal<\/li>\n<li> 200,000 n\u00e9gyzetm\u00e9ternyi klimatiz\u00e1lt rakt\u00e1r \u00e1ll rendelkez\u00e9sre<\/li>\n<li> G\u00e9pj\u00e1rm\u0171vek, cs\u00f3nakok \u00e9s lak\u00f3aut\u00f3k<\/li>\n<li> Hossz\u00fa t\u00e1v\u00fa t\u00e1rol\u00e1sra sz\u00e1nt j\u00e1rm\u0171vek karbantart\u00e1sa.<\/li>\n<\/ul>\n<p><strong>V\u00e1llalati k\u00f6lt\u00f6ztet\u00e9s - nemzetk\u00f6zi \u00e9s helyi<\/strong><\/p>\n<p>Indul\u00e1si szolg\u00e1ltat\u00e1sok<\/p>\n<ul>\n<li> Home Marketing t\u00e1mogat\u00e1s<\/li>\n<li> Ingatlankezel\u00e9s<\/li>\n<li> H\u00e1ztart\u00e1si cikkek sz\u00e1ll\u00edt\u00e1sa<\/li>\n<li> Utaz\u00e1si t\u00e1mogat\u00e1s<\/li>\n<\/ul>\n<p>C\u00e9l\u00e1llom\u00e1s szolg\u00e1ltat\u00e1sok<\/p>\n<ul>\n<li> \u00datic\u00e9l orient\u00e1ci\u00f3<\/li>\n<li> Seg\u00edts\u00e9g az otthonkeres\u00e9shez<\/li>\n<li> Jelz\u00e1logt\u00e1mogat\u00e1s<\/li>\n<li> Ideiglenes lakhat\u00e1s<\/li>\n<li> B\u00e9rleti t\u00e1mogat\u00e1s<\/li>\n<li> Csal\u00e1di \u00e1tmenet t\u00e1mogat\u00e1sa<\/li>\n<\/ul>\n<p>Glob\u00e1lis megb\u00edz\u00e1s<\/p>\n<ul>\n<li> Ter\u00fcleti t\u00e1j\u00e9koz\u00f3d\u00e1s<\/li>\n<li> Ideiglenes \u00e9letvitel<\/li>\n<li> Nyelvi k\u00e9pz\u00e9s<\/li>\n<li> V\u00edzum- \u00e9s bev\u00e1ndorl\u00e1si szolg\u00e1ltat\u00e1sok<\/li>\n<li> B\u00e9rletkezel\u00e9s<\/li>\n<li> K\u00f6lts\u00e9gel\u0151rejelz\u00e9sek<\/li>\n<li> Home Finding<\/li>\n<li> Beilleszked\u00e9si szolg\u00e1ltat\u00e1sok<\/li>\n<li> Interkultur\u00e1lis k\u00e9pz\u00e9s<\/li>\n<li> Iskolai \u00e9s oktat\u00e1si keres\u00e9si t\u00e1mogat\u00e1s<\/li>\n<li> H\u00e1zast\u00e1rsat\/partnert t\u00e1mogat\u00f3 programok<\/li>\n<\/ul>\n<p><strong>Korm\u00e1nyzat \u00e9s katonas\u00e1g<\/strong><\/p>\n<ul>\n<li> CHAMP<\/li>\n<li> DOD H\u00e1ztart\u00e1si k\u00f6lt\u00f6ztet\u00e9s<\/li>\n<li> Teljes \u00e1thelyez\u00e9s sz\u00f6vets\u00e9gi ell\u00e1t\u00e1si \u00fctemterv<\/li>\n<li> Irodai k\u00f6lt\u00f6z\u00e9s sz\u00f6vets\u00e9gi ell\u00e1t\u00e1si \u00fctemterv<\/li>\n<\/ul>\n<p><strong>Lakoss\u00e1gi k\u00f6lt\u00f6ztet\u00e9si szolg\u00e1ltat\u00e1sok<\/strong><\/p>\n<ul>\n<li> H\u00e1zr\u00f3l h\u00e1zra j\u00e1r\u00e1s<\/li>\n<li> Teljes k\u00f6r\u0171 szolg\u00e1ltat\u00e1s el\u00e9rhet\u0151<\/li>\n<li> Hossz\u00fa \u00e9s r\u00f6vid t\u00e1v\u00fa t\u00e1rol\u00e1s el\u00e9rhet\u0151<\/li>\n<li> Csomagol\u00e1s \u00e9s kicsomagol\u00e1s<\/li>\n<li> Megszervezett biztos\u00edt\u00e1s<\/li>\n<li> Aut\u00f3k\u00f6zleked\u00e9s<\/li>\n<\/ul>\n<p><strong>Kereskedelmi k\u00f6lt\u00f6ztet\u0151 szolg\u00e1ltat\u00e1sok<\/strong><\/p>\n<ul>\n<li> Vil\u00e1gm\u00e9ret\u0171 \u00e1thelyez\u00e9s menedzsment<\/li>\n<li> Orsz\u00e1gos iroda\u00e1tk\u00f6lt\u00f6ztet\u00e9sek<\/li>\n<li> Campus be\u00e1ll\u00edt\u00e1sok<\/li>\n<li> K\u00f6lts\u00e9gvet\u00e9s\/k\u00f6lts\u00e9gelemz\u00e9s<\/li>\n<li> Telep\u00edt\u00e9s<\/li>\n<li> \u00c1talak\u00edt\u00e1s<\/li>\n<li> Vagyonkezel\u00e9s<\/li>\n<li> Rakt\u00e1roz\u00e1s<\/li>\n<li> IT lekapcsol\u00e1s\/visszakapcsol\u00e1s<\/li>\n<li> Egyedi tervez\u00e9si ig\u00e9nyelemz\u00e9s az IT sz\u00e1m\u00e1ra<\/li>\n<li> Webalap\u00fa felsz\u00e1mol\u00e1s<\/li>\n<\/ul>\n<h2>Hilldrup Moving &amp; Storage C\u00e9gprofil<\/h2>\n<p>R. G. Hilldrup \u00far 1903-ban kezdte meg a mai Hilldrup K\u00f6lt\u00f6ztet\u0151 \u00e9s Rakt\u00e1roz\u00e1si V\u00e1llalatot. Az 1940-es \u00e9vekben a v\u00e1llalatot eladt\u00e1k egyik alkalmazottj\u00e1nak, C. B. McDaniel \u00farnak. 1964-ben a Hilldrup t\u00e1rsult a <a href=\"https:\/\/moverdb.com\/hu\/united-van-lines\/\">United Van Lines<\/a> ami lehet\u0151v\u00e9 tette a v\u00e1llalat sz\u00e1m\u00e1ra, hogy jelent\u0151sen kib\u0151v\u00edtse szolg\u00e1ltat\u00e1sait. A v\u00e1llalat ma m\u00e1r helyi, orsz\u00e1gos \u00e9s nemzetk\u00f6zi k\u00f6lt\u00f6ztet\u00e9seket k\u00edn\u00e1l mag\u00e1nszem\u00e9lyek \u00e9s v\u00e1llalati \u00fcgyfelek sz\u00e1m\u00e1ra, valamint kiterjedt rakt\u00e1roz\u00e1si lehet\u0151s\u00e9geket. <\/p>\n<p>A Hilldrupot ma m\u00e1r a McDanielek harmadik gener\u00e1ci\u00f3ja vezeti, \u00e9s a v\u00e1llalat er\u0151sen hisz a csal\u00e1d erej\u00e9ben. Ezt az erk\u00f6lcs\u00f6t viszik \u00e1t \u00fcgyfeleikre is. A Hilldrup szeret visszaadni, \u00e9s sz\u00e1mos j\u00f3t\u00e9konys\u00e1gi szervezetet t\u00e1mogat k\u00f6z\u00f6ss\u00e9g\u00fck\u00f6n bel\u00fcl.<\/p>\n<p>A Hilldrup K\u00f6lt\u00f6ztet\u00e9s \u00e9s Rakt\u00e1roz\u00e1s a k\u00f6vetkez\u0151 akkredit\u00e1ci\u00f3kkal \u00e9s csatlakoz\u00e1sokkal rendelkezik:<\/p>\n<ul>\n<li> <a href=\"https:\/\/moverdb.com\/hu\/amsa\/\">Amerikai K\u00f6lt\u00f6ztet\u0151 \u00e9s Rakt\u00e1roz\u00e1si Sz\u00f6vets\u00e9g<\/a> (<a href=\"https:\/\/moverdb.com\/hu\/amsa\/\" data-internallinksmanager029f6b8e52c=\"5\" title=\"Az Amerikai K\u00f6lt\u00f6ztet\u0151 \u00e9s T\u00e1rol\u00f3 Sz\u00f6vets\u00e9g (AMSA) magyar\u00e1zata\">AMSA<\/a>)<\/li>\n<li> <a href=\"https:\/\/moverdb.com\/hu\/felni-elorejelzo\/\">Az AMSA regisztr\u00e1lt nemzetk\u00f6zi sz\u00e1ll\u00edtm\u00e1nyoz\u00f3 (RIM) tan\u00fas\u00edt\u00e1sa<\/a><\/li>\n<li> Amerikai Kamionsz\u00f6vets\u00e9g (ATA)<\/li>\n<li> Better Business Bureau az \u00f6sszes fi\u00f3ktelep eset\u00e9ben<\/li>\n<li> K\u00f6zpont a nemzetk\u00f6zi megb\u00edz\u00e1s menedzsment (CIAM)<\/li>\n<li> H\u00e1ztart\u00e1si \u00e1ruk k\u00f6zponti forgalomir\u00e1ny\u00edt\u00e1si programja (CHAMP)<\/li>\n<li> Tan\u00fas\u00edtott k\u00f6lt\u00f6z\u00e9si szakember (CRP) megnevez\u00e9sek<\/li>\n<li> CoreNet Global<\/li>\n<li> <a href=\"https:\/\/moverdb.com\/hu\/employee-relocation-council\/\">Alkalmazottak \u00e1thelyez\u00e9si tan\u00e1csa<\/a> (<a href=\"https:\/\/moverdb.com\/hu\/employee-relocation-council\/\" data-internallinksmanager029f6b8e52c=\"83\" title=\"A vil\u00e1gm\u00e9ret\u0171 munkav\u00e1llal\u00f3i \u00e1thelyez\u00e9si tan\u00e1cs (ERC) magyar\u00e1zata\">ERC<\/a>)<\/li>\n<li> Sz\u00f6vets\u00e9gi Tenger\u00e9szeti Bizotts\u00e1g<\/li>\n<li> <a href=\"https:\/\/moverdb.com\/hu\/fidi-faim\/\">F\u00e9d\u00e9ration Internationale des D\u00e9m\u00e9nageurs Internationaux \/ Nemzetk\u00f6zi K\u00f6lt\u00f6ztet\u0151 c\u00e9gek Sz\u00f6vets\u00e9ge<\/a> (<a href=\"https:\/\/moverdb.com\/hu\/fidi-faim\/\" data-internallinksmanager029f6b8e52c=\"16\" title=\"FIDI &amp; FAIM (FIDI akkredit\u00e1lt nemzetk\u00f6zi fuvaroz\u00f3) magyar\u00e1zata\">FIDI<\/a>)<\/li>\n<li> FIDI FAIM\/ISO tan\u00fas\u00edt\u00e1s<\/li>\n<li> Glob\u00e1lis mobilit\u00e1si szak\u00e9rt\u0151 (GMS) megnevez\u00e9sek<\/li>\n<li> <a href=\"https:\/\/moverdb.com\/hu\/hgfaa\/\">H\u00e1ztart\u00e1si \u00e1rusz\u00e1ll\u00edt\u00f3k sz\u00f6vets\u00e9ge<\/a> (HHGFA)<\/li>\n<li> <a href=\"https:\/\/moverdb.com\/hu\/iata\/\">Nemzetk\u00f6zi L\u00e9gi Sz\u00e1ll\u00edt\u00e1si Sz\u00f6vets\u00e9g<\/a> (<a href=\"https:\/\/moverdb.com\/hu\/iata\/\" data-internallinksmanager029f6b8e52c=\"22\" title=\"A Nemzetk\u00f6zi L\u00e9gi Sz\u00e1ll\u00edt\u00e1si Sz\u00f6vets\u00e9g (IATA) magyar\u00e1zata\">IATA<\/a>)<\/li>\n<li> <a href=\"https:\/\/moverdb.com\/hu\/en-vagyok\/\">K\u00f6lt\u00f6ztet\u0151k Nemzetk\u00f6zi Sz\u00f6vets\u00e9ge<\/a> (<a href=\"https:\/\/moverdb.com\/hu\/iam\/\" data-internallinksmanager029f6b8e52c=\"23\" title=\"A K\u00f6lt\u00f6ztet\u0151k Nemzetk\u00f6zi Sz\u00f6vets\u00e9ge (IAM) magyar\u00e1zata\">IAM<\/a>)<\/li>\n<li> Nemzetk\u00f6zi l\u00e9tes\u00edtm\u00e9nygazd\u00e1lkod\u00e1si sz\u00f6vets\u00e9g (IFMA)<\/li>\n<li> ISO 9001:2000 tan\u00fas\u00edt\u00e1s<\/li>\n<li> <a href=\"https:\/\/moverdb.com\/hu\/lacma\/\">Latin-Amerikai \u00e9s Karibi K\u00f6lt\u00f6ztet\u0151k Sz\u00f6vets\u00e9ge<\/a> (<a href=\"https:\/\/moverdb.com\/hu\/lacma\/\" data-internallinksmanager029f6b8e52c=\"28\" title=\"Latin-amerikai \u00e9s Karibi Nemzetk\u00f6zi K\u00f6lt\u00f6ztet\u0151k Sz\u00f6vets\u00e9ge (LACMA)\">LACMA<\/a>)<\/li>\n<li> Nemzetk\u00f6zi Szakmai Munkav\u00e1llal\u00f3i \u00c1thelyez\u00e9si Tan\u00e1cs (PERC International)<\/li>\n<li> <a href=\"https:\/\/moverdb.com\/hu\/felni-elorejelzo\/\">ProMover<\/a><\/li>\n<li> UniGroup Worldwide Certified International Agent Spedit\u0151r<\/li>\n<li> UniGroup Worldwide UTS Agent Forwarder<\/li>\n<\/ul>\n<h2>Hilldrup K\u00f6lt\u00f6ztet\u00e9s \u00e9s rakt\u00e1roz\u00e1s V\u00e9lem\u00e9nyek<\/h2>\n<p><strong>Pozit\u00edv:<\/strong><\/p>\n<ul>\n<li> <em>\"Mindent behoztak, \u00e9s nagyszer\u0171 munk\u00e1t v\u00e9geztek.  A h\u00e1ts\u00f3 iroda is el\u00e9g csod\u00e1latos volt, v\u00e1laszoltak a k\u00e9rd\u00e9sekre, \u00e9s gondoskodtak arr\u00f3l, hogy mindent tudjunk a k\u00f6lt\u00f6z\u00e9ssel kapcsolatban.\"<\/em> - Michael S. via <a href=\"https:\/\/www.yelp.co.uk\/biz\/hilldrup-moving-and-storage-stafford?hrid=hESxKCc7GvTBdlp-kN4udw&#038;utm_campaign=www_review_share_popup&#038;utm_medium=copy_link&#038;utm_source=(direct)\" target=\"_blank\" rel=\"noopener\">Yelp<\/a>.<\/li>\n<li> <em>\"Nem is lehett\u00fcnk volna boldogabbak ezzel a c\u00e9ggel, a becsl\u00e9st\u0151l a v\u00e9gs\u0151 sz\u00e1ll\u00edt\u00e1sig id\u0151ben \u00e9rkeztek, profik, udvariasak \u00e9s nagyon bar\u00e1ts\u00e1gosak voltak.\"<\/em> - A Yarbs kereszt\u00fcl <a href=\"https:\/\/www.bbb.org\/richmond\/business-reviews\/movers\/hilldrup-moving-storage-in-stafford-va-37026248\/reviews-and-complaints\" target=\"_blank\" rel=\"noopener\">BBB<\/a><\/li>\n<\/ul>\n<p><strong>Negat\u00edv:<\/strong><\/p>\n<ul>\n<li> <em>\"Ezek a fick\u00f3k sz\u00f6rny\u0171ek. Tudom, hogy ha profi k\u00f6lt\u00f6ztet\u0151ket fogadsz, sz\u00e1m\u00edtasz arra, hogy n\u00e9h\u00e1ny dolog el fog t\u00f6rni, ez a folyamat r\u00e9sze. A probl\u00e9ma az, hogy nagyon ostoba hib\u00e1k miatt tal\u00e1ltunk olyan dolgokat, amelyek elt\u00f6rtek.\"<\/em> - Nick T. via <a href=\"https:\/\/www.yelp.co.uk\/biz\/hilldrup-moving-and-storage-stafford?hrid=tgu5ZfofrNJ6h_HXaIX9PQ&#038;utm_campaign=www_review_share_popup&#038;utm_medium=copy_link&#038;utm_source=(direct)\" target=\"_blank\" rel=\"noopener\">Yelp<\/a><\/li>\n<li> <em>\"Teh\u00e1t a Hilldrupb\u00f3l \u00e9rkez\u0151 sof\u0151rnek nem volt tapasztalata a kirakod\u00e1sban, \u00e9s magas \u00e9p\u00fcletekbe viszi a cuccot. Ez nagyon rossz \u00e9s annyira szakszer\u0171tlen.\"<\/em> - Sharad kereszt\u00fcl <a href=\"https:\/\/www.mymovingreviews.com\/movers\/hilldrup-3657\" target=\"_blank\" rel=\"noopener\">MyMoingReviews.com<\/a><\/li>\n<\/ul>\n<div itemprop=\"review\" itemscope itemtype=\"http:\/\/schema.org\/Review\">\n<span itemprop=\"author\" itemscope=\"\" itemtype=\"http:\/\/schema.org\/Organization\"><span itemprop=\"name\">MoverDB.com<\/span><\/span> Online weboldal-fel\u00fclvizsg\u00e1lat a <span itemprop=\"itemreviewed\" itemscope=\"\" itemtype=\"http:\/\/schema.org\/Brand\"><span itemprop=\"name\">Hilldrup K\u00f6lt\u00f6ztet\u00e9s \u00e9s rakt\u00e1roz\u00e1s<\/span><\/span>:<\/p>\n<ol>\n<li> Egy\u00e9rtelm\u0171 el\u00e9rhet\u0151s\u00e9gek a weboldalon (bele\u00e9rtve a telefonsz\u00e1mot is): <strong>Igen<\/strong><\/li>\n<li> K\u00f6nnyen beszerezhet\u0151 <a href=\"https:\/\/moverdb.com\/hu\/idezi\/\">nemzetk\u00f6zi mozg\u00f3 \u00e1raj\u00e1nlatok<\/a>? (Online \u00e1raj\u00e1nlatk\u00e9r\u0151 \u0171rlap): <strong>Igen<\/strong><\/li>\n<li> Egy\u00e9rtelm\u0171 inform\u00e1ci\u00f3k a honlapon: <strong>Igen,<\/strong> A weboldal j\u00f3l megtervezett, \u00e9s vil\u00e1gosan bemutatja a k\u00edn\u00e1lt term\u00e9keket \u00e9s szolg\u00e1ltat\u00e1sokat.<\/li>\n<li> Tags\u00e1g nemzetk\u00f6zi elismert mozgat\u00f3 szervezetekben: <strong>Igen<\/strong>, sok, l\u00e1sd fentebb<\/li>\n<li> \u00dcgyfelek list\u00e1ja \u00e9s\/vagy kor\u00e1bbi v\u00e1s\u00e1rl\u00f3i aj\u00e1nl\u00e1sok. <strong>Igen,<\/strong> mik\u00f6zben a weboldalukon felsorolj\u00e1k a d\u00edjakat \u00e9s a tags\u00e1gukat, nem tal\u00e1ltunk \u00fcgyf\u00e9lv\u00e9lem\u00e9nyeket. Azonban \u00e1ltal\u00e1ban postai v\u00e9lem\u00e9nyeket kaptak a vil\u00e1gh\u00e1l\u00f3n.<\/li>\n<\/ol>\n<div itemprop=\"reviewRating\" itemscope itemtype=\"http:\/\/schema.org\/Rating\"><meta itemprop=\"worstRating\" content = \"0\" \/><meta itemprop=\"bestRating\" content=\"5\" \/><meta itemprop=\"ratingValue\" content=\"4.5\"><\/div>\n<p><strong>\u00c1ltal\u00e1nos pontsz\u00e1m: 4.5\/5<\/strong><br \/>\n<strong>Fel\u00fclvizsg\u00e1lat d\u00e1tuma:<\/strong> <span itemprop=\"datePublished\" content=\"2017-01-10\">10\/01\/2017<\/span>\n<\/div>\n<p>Tov\u00e1bbi inform\u00e1ci\u00f3 <a href=\"https:\/\/moverdb.com\/hu\/koltozteto-cegek\/\">nemzetk\u00f6zi k\u00f6lt\u00f6ztet\u0151 c\u00e9gek<\/a>, <a href=\"https:\/\/moverdb.com\/hu\/us-canada-movers\/\">hazai k\u00f6lt\u00f6ztet\u0151 c\u00e9gek<\/a> \u00e9s a mi <a href=\"https:\/\/moverdb.com\/hu\/ertekelesek\/\">a fel\u00fclvizsg\u00e1lati folyamat magyar\u00e1zata<\/a>.<\/p>\n<p><strong>Weboldal:<\/strong> <a href=\"https:\/\/www.hilldrup.com\/\" target=\"_blank\" rel=\"noopener\">https:\/\/www.hilldrup.com\/<\/a><\/p>","protected":false},"excerpt":{"rendered":"<p>Hilldrup Moving and Storage is based in Stafford VA. The company offers its client a variety of services which are listed below, together with a company profile and reviews. International Moving Services Relocation Assistance Human Resource Consulting and Strategic Planning Marketing Assistance Home Sales Program Expense Administration Temporary Living Arrangement International Assignment Services Destination and [&hellip;]<\/p>\n","protected":false},"author":1,"featured_media":0,"parent":0,"menu_order":0,"comment_status":"closed","ping_status":"closed","template":"","meta":{"_genesis_hide_title":false,"_genesis_hide_breadcrumbs":false,"_genesis_hide_singular_image":false,"_genesis_hide_footer_widgets":false,"_genesis_custom_body_class":"","_genesis_custom_post_class":"","_genesis_layout":"","footnotes":""},"class_list":{"0":"post-1034","1":"page","2":"type-page","3":"status-publish","5":"entry"},"_links":{"self":[{"href":"https:\/\/moverdb.com\/hu\/wp-json\/wp\/v2\/pages\/1034","targetHints":{"allow":["GET"]}}],"collection":[{"href":"https:\/\/moverdb.com\/hu\/wp-json\/wp\/v2\/pages"}],"about":[{"href":"https:\/\/moverdb.com\/hu\/wp-json\/wp\/v2\/types\/page"}],"author":[{"embeddable":true,"href":"https:\/\/moverdb.com\/hu\/wp-json\/wp\/v2\/users\/1"}],"replies":[{"embeddable":true,"href":"https:\/\/moverdb.com\/hu\/wp-json\/wp\/v2\/comments?post=1034"}],"version-history":[{"count":3,"href":"https:\/\/moverdb.com\/hu\/wp-json\/wp\/v2\/pages\/1034\/revisions"}],"predecessor-version":[{"id":6220,"href":"https:\/\/moverdb.com\/hu\/wp-json\/wp\/v2\/pages\/1034\/revisions\/6220"}],"wp:attachment":[{"href":"https:\/\/moverdb.com\/hu\/wp-json\/wp\/v2\/media?parent=1034"}],"curies":[{"name":"wp","href":"https:\/\/api.w.org\/{rel}","templated":true}]}}