{"id":1032,"date":"2016-11-24T06:36:56","date_gmt":"2016-11-24T06:36:56","guid":{"rendered":"http:\/\/moverdb.com\/?page_id=1032"},"modified":"2026-01-08T14:47:59","modified_gmt":"2026-01-08T14:47:59","slug":"coleman-worldwide-moving","status":"publish","type":"page","link":"https:\/\/moverdb.com\/hu\/coleman-worldwide-moving\/","title":{"rendered":"Coleman Worldwide Moving: Nemzetk\u00f6zi K\u00f6lt\u00f6ztet\u00e9s V\u00e9lem\u00e9nyek"},"content":{"rendered":"<p>A Coleman Worldwide Moving, m\u00e1s n\u00e9ven Coleman American Moving Services &amp; Coleman Allied sz\u00e1mos nemzetk\u00f6zi k\u00f6lt\u00f6z\u00e9si szolg\u00e1ltat\u00e1st k\u00edn\u00e1l. Ezeket az al\u00e1bbiakban felsoroljuk, a c\u00e9g profilj\u00e1val \u00e9s \u00e9rt\u00e9kel\u00e9s\u00e9vel egy\u00fctt.<\/p>\n<p><strong>Nemzetk\u00f6zi k\u00f6lt\u00f6ztet\u0151k<\/strong><\/p>\n<ul>\n<li> Teljes k\u00f6r\u0171 csomagol\u00e1s<\/li>\n<li> Szem\u00e9lyes k\u00f6lt\u00f6z\u00e9si koordin\u00e1tor<\/li>\n<li> Egyedi csomagol\u00e1s<\/li>\n<li> <a href=\"https:\/\/moverdb.com\/hu\/autoszallitas-szallitas-szallitas\/\">J\u00e1rm\u0171sz\u00e1ll\u00edt\u00e1s<\/a><\/li>\n<li> Online k\u00fcldem\u00e9nyk\u00f6vet\u00e9s<\/li>\n<li> Hossz\u00fa \u00e9s r\u00f6vid t\u00e1v\u00fa t\u00e1rol\u00e1s<\/li>\n<li> Kicsomagol\u00e1s<\/li>\n<li> T\u00f6rmel\u00e9k elt\u00e1vol\u00edt\u00e1sa<\/li>\n<\/ul>\n<p><strong>V\u00e1llalati \u00e1thelyez\u00e9s<\/strong><\/p>\n<ul>\n<li> Teljes k\u00f6r\u0171 csomagol\u00e1s<\/li>\n<li> Szem\u00e9lyes k\u00f6lt\u00f6z\u00e9si koordin\u00e1tor<\/li>\n<li> Egy alkalmazott\u00f3l az eg\u00e9sz szem\u00e9lyzetig<\/li>\n<li> Kicsomagol\u00e1s<\/li>\n<li> <a href=\"https:\/\/moverdb.com\/hu\/car-transport-shipping\/\" data-internallinksmanager029f6b8e52c=\"2\" title=\"2026 Nemzetk\u00f6zi aut\u00f3sz\u00e1ll\u00edt\u00e1s \u00e9s j\u00e1rm\u0171sz\u00e1ll\u00edt\u00e1s \u00e1raj\u00e1nlatok\">J\u00e1rm\u0171sz\u00e1ll\u00edt\u00e1s<\/a><\/li>\n<li> Kicsomagol\u00e1s \u00e9s t\u00f6rmel\u00e9k elt\u00e1vol\u00edt\u00e1sa<\/li>\n<li> Online k\u00fcldem\u00e9nyk\u00f6vet\u00e9s<\/li>\n<\/ul>\n<p><strong>Kereskedelmi k\u00f6lt\u00f6ztet\u0151k<\/strong><\/p>\n<ul>\n<li> Ipari k\u00f6lt\u00f6ztet\u00e9s<\/li>\n<li> Korm\u00e1ny mozg\u00e1sban<\/li>\n<li> Irodai k\u00f6lt\u00f6z\u00e9s<\/li>\n<li> Sz\u00e1m\u00edt\u00f3g\u00e9pek \u00e9s elektronika mozgat\u00e1sa<\/li>\n<li> V\u00e1llalati \u00e1thelyez\u00e9s<\/li>\n<\/ul>\n<p><strong>Korm\u00e1nyzati \u00e9s katonai k\u00f6lt\u00f6ztet\u0151k<\/strong><\/p>\n<ul>\n<li> Szem\u00e9lyes k\u00f6lt\u00f6z\u00e9si koordin\u00e1tor<\/li>\n<li> Teljes k\u00f6r\u0171 csomagol\u00e1s<\/li>\n<li> K\u00f6vesse a szigor\u00fa mozg\u00e1sprotokollokat<\/li>\n<\/ul>\n<p><strong>H\u00e1ztart\u00e1si k\u00f6lt\u00f6ztet\u0151k<\/strong><\/p>\n<ul>\n<li> Szem\u00e9lyes k\u00f6lt\u00f6z\u00e9si koordin\u00e1tor<\/li>\n<li> B\u00e1rmilyen m\u00e9ret\u0171 munka<\/li>\n<li> Teljes k\u00f6r\u0171 szolg\u00e1ltat\u00e1s<\/li>\n<li> Csomagol\u00e1s \u00e9s kicsomagol\u00e1s<\/li>\n<li> R\u00f6vid \u00e9s hossz\u00fa t\u00e1v\u00fa t\u00e1rol\u00e1s<\/li>\n<\/ul>\n<h2>Coleman Worldwide Moving Company profilja<\/h2>\n<p>A Coleman Worldwide Moving 1914 \u00f3ta l\u00e9tezik, \u00e9s jelenleg a Coleman World Group r\u00e9sze. Az \u00e9let 8 l\u00f3val \u00e9s k\u00e9t kocsival kezd\u0151d\u00f6tt, ma a c\u00e9g nemzetk\u00f6zi, t\u00e1vols\u00e1gi, helyi \u00e9s orsz\u00e1gos k\u00f6lt\u00f6ztet\u00e9sekre \u00f6sszpontos\u00edt mag\u00e1nszem\u00e9lyek \u00e9s v\u00e1llalatok sz\u00e1m\u00e1ra.<\/p>\n<p>Ez is ismert, mint Coleman American Moving Services \u00e9s r\u00e9sze a <a href=\"https:\/\/moverdb.com\/hu\/allied-van-lines\/\">Sz\u00f6vets\u00e9ges k\u00f6lt\u00f6ztet\u00e9s<\/a> a csoport kapcsolt v\u00e1llalkoz\u00e1sai.<\/p>\n<p>A Coleman t\u00f6bb mint 50 v\u00e1llalati tulajdon\u00fa irod\u00e1val rendelkezik a <a href=\"https:\/\/moverdb.com\/hu\/moving-to-the-united-states\/\" data-internallinksmanager029f6b8e52c=\"94\" title=\"Az Egyes\u00fclt \u00c1llamokba k\u00f6lt\u00f6zik? 2022 Meg\u00e9lhet\u00e9si k\u00f6lts\u00e9gek \u00e9s k\u00f6lt\u00f6z\u00e9si tippek\">US<\/a> \u00e9s a vil\u00e1g 175 orsz\u00e1g\u00e1ban t\u00f6bb mint 400 \u00fcgyn\u00f6kkel. Csal\u00e1di tulajdonban l\u00e9v\u0151 v\u00e1llalat, amely elt\u00f6k\u00e9lt sz\u00e1nd\u00e9ka, hogy ugyanazt a szolg\u00e1ltat\u00e1st ny\u00fajtsa, mint alap\u00edt\u00f3i 1914-ben. <\/p>\n<p>A Coleman Worldwide Moving a k\u00f6vetkez\u0151 akkredit\u00e1ci\u00f3kkal \u00e9s kapcsolatokkal rendelkezik:<\/p>\n<ul>\n<li> <a href=\"https:\/\/moverdb.com\/hu\/felni-elorejelzo\/\">ProMover<\/a><\/li>\n<li> <a href=\"https:\/\/moverdb.com\/hu\/amsa\/\">AMSA<\/a><\/li>\n<li> BBB akkredit\u00e1lt<\/li>\n<li> Allied Quality Award gy\u0151ztes<\/li>\n<li> Move For Hunger<\/li>\n<\/ul>\n<p><strong>Coleman Worldwide Moving V\u00e9lem\u00e9nyek<\/strong><\/p>\n<p><strong>Pozit\u00edv:<\/strong><\/p>\n<ul>\n<li> <em>\"Nagyszer\u0171 szolg\u00e1ltat\u00e1s...K\u00f6nny\u0171...Stresszmentes k\u00f6lt\u00f6z\u00e9s. Pontos becsl\u00e9st adott a k\u00f6lt\u00f6z\u00e9sr\u0151l. Professzion\u00e1lis szem\u00e9lyzet minden\u00fctt. A becsl\u00e9st\u0151l a sz\u00e1ll\u00edt\u00e1sig. Professzion\u00e1lis \u00e9s bar\u00e1ts\u00e1gos felszed\u00e9s,sz\u00e1ll\u00edt\u00e1s \u00e9s kisz\u00e1ll\u00edt\u00e1s. Thank You so Much.\"<\/em>  - Anthony via <a href=\"http:\/\/www.colemanallied.com\/moving-reviews\/\" target=\"_blank\" rel=\"noopener\">a v\u00e1llalat honlapja<\/a><\/li>\n<li> <em>\"A 90 \u00e9ves \u00e9desap\u00e1m \u00e9s \u00e9n nem is lehetn\u00e9nk el\u00e9gedettebbek a Coleman Worldwide Movinggal.\"<\/em> - Tori via <a href=\"https:\/\/www.yelp.com\/biz\/coleman-american-moving-services-san-diego?hrid=Ofenf__KAOD4xnvo73xHNw&#038;utm_campaign=www_review_share_popup&#038;utm_medium=copy_link&#038;utm_source=(direct)\" target=\"_blank\" rel=\"noopener\">Yelp<\/a> (a Coleman American Moving Services eset\u00e9ben)<\/li>\n<li> <em>\"M\u00e1r dolgoztam a k\u00f6lt\u00f6ztet\u0151i szakm\u00e1ban, de ez volt az els\u0151 alkalom, hogy \u00fcgyf\u00e9l voltam. A rakod\u00e1sra k\u00fcld\u00f6tt sr\u00e1cok udvariasak, j\u00f3l neveltek \u00e9s szorgalmasak voltak. Pontosan olyan t\u00edpus\u00fa sr\u00e1cok, akiket \u00e9n magam is felb\u00e9reltem volna, amikor helyi seg\u00edts\u00e9get kerestem.\"<\/em> - Donna via <a href=\"https:\/\/www.facebook.com\/pg\/colemanallied\/reviews\/\" target=\"_blank\" rel=\"noopener\">Facebook oldal<\/a><\/li>\n<li> <em>\"Mindig j\u00f3 tapasztalataim voltak az Allieddel val\u00f3 k\u00f6lt\u00f6z\u00e9ssel, de ez a k\u00f6lt\u00f6z\u00e9s messze fel\u00fclm\u00falta a t\u00f6bbit! Ez val\u00f3ban stresszmentes k\u00f6lt\u00f6z\u00e9s volt sz\u00e1momra.\"<\/em> - Marlena via <a href=\"http:\/\/www.mymovingreviews.com\/movers\/coleman-worldwide-moving-3905#59102\" target=\"_blank\" rel=\"noopener\">MyMovingReviews<\/a><\/li>\n<\/ul>\n<p><strong>Negat\u00edv:<\/strong><\/p>\n<ul>\n<li> <em>\"Tapasztalataink a Coleman\/Allied Worldwide-nak az \u00e1llamk\u00f6zi k\u00f6lt\u00f6z\u00e9s\u00fcnk lebonyol\u00edt\u00e1s\u00e1val (<a href=\"https:\/\/moverdb.com\/hu\/moving-to-the-united-states\/moving-to-alabama\/\" data-internallinksmanager029f6b8e52c=\"448\" title=\"Alabam\u00e1ba k\u00f6lt\u00f6zik? 2024 Lakhat\u00e1si k\u00f6lts\u00e9gek \u00e9s k\u00f6lt\u00f6z\u00e9si tippek\">Alabama<\/a> a  c\u00edmre. <a href=\"https:\/\/moverdb.com\/hu\/moving-to-the-united-states\/moving-to-north-carolina\/\" data-internallinksmanager029f6b8e52c=\"411\" title=\"K\u00f6lt\u00f6z\u00e9s \u00c9szak-Karolin\u00e1ba? 2023 \u00c9letk\u00f6lts\u00e9gek \u00e9s k\u00f6lt\u00f6z\u00e9si tippek\">\u00c9szak-Karolina<\/a>) tele volt probl\u00e9m\u00e1kkal.\"<\/em> - Sarah via <a href=\"https:\/\/www.bbb.org\/csal\/business-reviews\/movers\/coleman-worldwide-moving-in-midland-city-al-4001673\/reviews-and-complaints\" target=\"_blank\" rel=\"noopener\">BBB<\/a><\/li>\n<li> <em>\"M\u00e9g csak a felsz\u00ednt sem karcoltam meg ezzel a tapasztalattal. Annyi minden van m\u00e9g, amit el lehetne mondani, de legal\u00e1bb a legrosszabbat akartam elmondani.\"<\/em> - Kristin via <a href=\"https:\/\/www.consumeraffairs.com\/movers\/allied_van_lines.htm\" target=\"_blank\" rel=\"noopener\">ConsumerAffairs<\/a><\/li>\n<li> <em>\"NE HASZN\u00c1LJ\u00c1K EZT <a href=\"https:\/\/moverdb.com\/hu\/moving-companies\/\" data-internallinksmanager029f6b8e52c=\"79\" title=\"Top 25 nemzetk\u00f6zi k\u00f6lt\u00f6ztet\u0151 c\u00e9gek online\">K\u00d6LT\u00d6ZTET\u0150 C\u00c9G<\/a>.  Ragaszkodtak ahhoz, hogy a tr\u00f3pusi vihar alatt St Pete-ben egy nagyon k\u00e9sleltetett indul\u00e1s ut\u00e1n St Pete-ben k\u00f6lt\u00f6zz\u00fcnk be. <a href=\"https:\/\/moverdb.com\/hu\/koltozes-atlantaba\/\">Atlanta<\/a>.\"<\/em> - Becky via <a href=\"https:\/\/www.yelp.com\/biz\/coleman-worldwide-moving-fairburn\" target=\"_blank\" rel=\"noopener\">Yelp<\/a><\/li>\n<li> <em>\"A hadseregnek el kell t\u00e1vol\u00edtania ezt a v\u00e1llalatot, mint fuvaroz\u00f3t. Szem\u00e9lyesen tapasztaltam probl\u00e9m\u00e1kat ezzel a c\u00e9ggel a h\u00e1zam becsomagol\u00e1s\u00e1t\u00f3l a sz\u00e1ll\u00edt\u00e1sig \u00e9s a sz\u00e1ml\u00e1kig.\"<\/em> - Shawni kereszt\u00fcl <a href=\"https:\/\/www.facebook.com\/pg\/colemanallied\/reviews\/\" target=\"_blank\" rel=\"noopener\">Facebook oldal<\/a><\/li>\n<\/ul>\n<div itemprop=\"review\" itemscope itemtype=\"http:\/\/schema.org\/Review\">\n<span itemprop=\"author\" itemscope=\"\" itemtype=\"http:\/\/schema.org\/Organization\"><span itemprop=\"name\">MoverDB.com<\/span><\/span> Online weboldal-fel\u00fclvizsg\u00e1lat a <span itemprop=\"itemreviewed\" itemscope=\"\" itemtype=\"http:\/\/schema.org\/Brand\"><span itemprop=\"name\">Coleman Worldwide Moving<\/span><\/span>:<\/p>\n<ol>\n<li> Egy\u00e9rtelm\u0171 el\u00e9rhet\u0151s\u00e9gek a weboldalon (bele\u00e9rtve a telefonsz\u00e1mot is): <strong>Igen<\/strong><\/li>\n<li> K\u00f6nnyen beszerezhet\u0151 <a href=\"https:\/\/moverdb.com\/hu\/idezi\/\">nemzetk\u00f6zi mozg\u00f3 \u00e1raj\u00e1nlatok<\/a>? (Online \u00e1raj\u00e1nlatk\u00e9r\u0151 \u0171rlap): <strong>Igen<\/strong><\/li>\n<li> Egy\u00e9rtelm\u0171 inform\u00e1ci\u00f3k a honlapon: <strong>N\u00e9h\u00e1ny<\/strong>, mik\u00f6zben van inform\u00e1ci\u00f3 a szolg\u00e1ltat\u00e1saikr\u00f3l, de ezen t\u00fal nem sok minden.<\/li>\n<li> Tags\u00e1g nemzetk\u00f6zi elismert mozgat\u00f3 szervezetekben: <strong>Igen<\/strong>, b\u00e1r nem olyan sok, mint sok m\u00e1s k\u00f6lt\u00f6ztet\u0151 c\u00e9g.<\/li>\n<li> \u00dcgyfelek list\u00e1ja \u00e9s\/vagy kor\u00e1bbi v\u00e1s\u00e1rl\u00f3i aj\u00e1nl\u00e1sok: <strong>Igen<\/strong>, A weboldalon sok pozit\u00edv \u00fcgyf\u00e9lv\u00e9lem\u00e9ny tal\u00e1lhat\u00f3, b\u00e1r a web t\u00f6bbi r\u00e9sz\u00e9b\u0151l sz\u00e1rmaz\u00f3 v\u00e9lem\u00e9nyek kicsit vegyesebbek.<\/li>\n<\/ol>\n<div itemprop=\"reviewRating\" itemscope itemtype=\"http:\/\/schema.org\/Rating\"><meta itemprop=\"worstRating\" content = \"0\" \/><meta itemprop=\"bestRating\" content=\"5\" \/><meta itemprop=\"ratingValue\" content=\"4\"><\/div>\n<p><strong>\u00c1ltal\u00e1nos pontsz\u00e1m: 4\/5<\/strong><br \/>\n<strong>Fel\u00fclvizsg\u00e1lat d\u00e1tuma:<\/strong> <span itemprop=\"datePublished\" content=\"2016-11-24\">24\/11\/2016<\/span>\n<\/div>\n<p>Tov\u00e1bbi inform\u00e1ci\u00f3 <a href=\"https:\/\/moverdb.com\/hu\/koltozteto-cegek\/\">top nemzetk\u00f6zi k\u00f6lt\u00f6ztet\u0151k<\/a>, <a href=\"https:\/\/moverdb.com\/hu\/us-canada-movers\/\">k\u00f6lt\u00f6ztet\u0151k az Egyes\u00fclt \u00c1llamokban<\/a> \u00e9s a mi <a href=\"https:\/\/moverdb.com\/hu\/ertekelesek\/\">fel\u00fclvizsg\u00e1lati folyamat<\/a>.<\/p>\n<p><strong>Weboldal:<\/strong> <a href=\"http:\/\/www.colemanallied.com\/\" target=\"_blank\" rel=\"noopener\">http:\/\/www.colemanallied.com\/<\/a><\/p>","protected":false},"excerpt":{"rendered":"<p>Coleman Worldwide Moving also known as Coleman American Moving Services &#038; Coleman Allied offers many international moving services. These are listed below, together with a company profile and reviews. International Movers Full service packing Personal move coordinator Custom crating Vehicle shipping On line shipment tracking Long and short term storage Unpacking Debris removal Corporate Relocation [&hellip;]<\/p>\n","protected":false},"author":1,"featured_media":0,"parent":0,"menu_order":0,"comment_status":"closed","ping_status":"closed","template":"","meta":{"_genesis_hide_title":false,"_genesis_hide_breadcrumbs":false,"_genesis_hide_singular_image":false,"_genesis_hide_footer_widgets":false,"_genesis_custom_body_class":"","_genesis_custom_post_class":"","_genesis_layout":"","footnotes":""},"class_list":{"0":"post-1032","1":"page","2":"type-page","3":"status-publish","5":"entry"},"_links":{"self":[{"href":"https:\/\/moverdb.com\/hu\/wp-json\/wp\/v2\/pages\/1032","targetHints":{"allow":["GET"]}}],"collection":[{"href":"https:\/\/moverdb.com\/hu\/wp-json\/wp\/v2\/pages"}],"about":[{"href":"https:\/\/moverdb.com\/hu\/wp-json\/wp\/v2\/types\/page"}],"author":[{"embeddable":true,"href":"https:\/\/moverdb.com\/hu\/wp-json\/wp\/v2\/users\/1"}],"replies":[{"embeddable":true,"href":"https:\/\/moverdb.com\/hu\/wp-json\/wp\/v2\/comments?post=1032"}],"version-history":[{"count":5,"href":"https:\/\/moverdb.com\/hu\/wp-json\/wp\/v2\/pages\/1032\/revisions"}],"predecessor-version":[{"id":6193,"href":"https:\/\/moverdb.com\/hu\/wp-json\/wp\/v2\/pages\/1032\/revisions\/6193"}],"wp:attachment":[{"href":"https:\/\/moverdb.com\/hu\/wp-json\/wp\/v2\/media?parent=1032"}],"curies":[{"name":"wp","href":"https:\/\/api.w.org\/{rel}","templated":true}]}}