{"id":10263,"date":"2023-06-22T15:31:17","date_gmt":"2023-06-22T15:31:17","guid":{"rendered":"https:\/\/moverdb.com\/?page_id=10263"},"modified":"2026-01-08T15:24:56","modified_gmt":"2026-01-08T15:24:56","slug":"moving-companies-zimbabwe","status":"publish","type":"page","link":"https:\/\/moverdb.com\/hu\/moving-companies\/moving-companies-zimbabwe\/","title":{"rendered":"4 legjobb nemzetk\u00f6zi k\u00f6lt\u00f6ztet\u0151 c\u00e9gek Zimbabw\u00e9ban"},"content":{"rendered":"<p>Ha k\u00f6lt\u00f6z\u00e9st tervezel, k\u00fcl\u00f6n\u00f6sen orsz\u00e1gok k\u00f6z\u00f6tt, sok mindent kell megtenned, ami megterhel\u0151 lehet. Egy <a href=\"https:\/\/moverdb.com\/hu\/moving-companies\/\" data-internallinksmanager029f6b8e52c=\"79\" title=\"Top 25 nemzetk\u00f6zi k\u00f6lt\u00f6ztet\u0151 c\u00e9gek online\">k\u00f6lt\u00f6ztet\u0151 c\u00e9g<\/a> megk\u00f6nny\u00edtheti ezt a terhet, \u00e9s z\u00f6kken\u0151mentesebb\u00e9 teheti a k\u00f6lt\u00f6z\u00e9st. Az al\u00e1bbiakban \u00f6ssze\u00e1ll\u00edtottunk egy list\u00e1t a zimbabwei sz\u00e9khely\u0171 <a href=\"https:\/\/moverdb.com\/hu\/international-removals\/\" data-internallinksmanager029f6b8e52c=\"27\" title=\"36 legjobb nemzetk\u00f6zi k\u00f6lt\u00f6ztet\u0151 c\u00e9gek az Egyes\u00fclt Kir\u00e1lys\u00e1gban\">k\u00f6lt\u00f6ztet\u0151 c\u00e9gek<\/a> amelyek tagjai a <a href=\"https:\/\/moverdb.com\/hu\/iam\/\" data-internallinksmanager029f6b8e52c=\"23\" title=\"A K\u00f6lt\u00f6ztet\u0151k Nemzetk\u00f6zi Sz\u00f6vets\u00e9ge (IAM) magyar\u00e1zata\">K\u00f6lt\u00f6ztet\u0151k Nemzetk\u00f6zi Sz\u00f6vets\u00e9ge<\/a> (IAM) \u00e9s\/vagy <a href=\"https:\/\/moverdb.com\/hu\/fidi-faim\/\" data-internallinksmanager029f6b8e52c=\"16\" title=\"FIDI &amp; FAIM (FIDI akkredit\u00e1lt nemzetk\u00f6zi fuvaroz\u00f3) magyar\u00e1zata\">FIDI<\/a> Akkredit\u00e1lt nemzetk\u00f6zi k\u00f6lt\u00f6ztet\u0151 (FAIM), aki seg\u00edthet \u00d6nnek a k\u00f6lt\u00f6z\u00e9sben.<\/p>\n<div id=\"ez-toc-container\" class=\"ez-toc-v2_0_82_2 ez-toc-wrap-left counter-hierarchy ez-toc-counter ez-toc-transparent ez-toc-container-direction\">\n<div class=\"ez-toc-title-container\">\n<p class=\"ez-toc-title\" style=\"cursor:inherit\">Szakaszok<\/p>\n<span class=\"ez-toc-title-toggle\"><a href=\"#\" class=\"ez-toc-pull-right ez-toc-btn ez-toc-btn-xs ez-toc-btn-default ez-toc-toggle\" aria-label=\"Toggle Tartalomjegyz\u00e9k\"><span class=\"ez-toc-js-icon-con\"><span class=\"\"><span class=\"eztoc-hide\" style=\"display:none;\">Toggle<\/span><span class=\"ez-toc-icon-toggle-span\"><svg style=\"fill: #999;color:#999\" xmlns=\"http:\/\/www.w3.org\/2000\/svg\" class=\"list-377408\" width=\"20px\" height=\"20px\" viewbox=\"0 0 24 24\" fill=\"none\"><path d=\"M6 6H4v2h2V6zm14 0H8v2h12V6zM4 11h2v2H4v-2zm16 0H8v2h12v-2zM4 16h2v2H4v-2zm16 0H8v2h12v-2z\" fill=\"currentColor\"><\/path><\/svg><svg style=\"fill: #999;color:#999\" class=\"arrow-unsorted-368013\" xmlns=\"http:\/\/www.w3.org\/2000\/svg\" width=\"10px\" height=\"10px\" viewbox=\"0 0 24 24\" version=\"1.2\" baseprofile=\"tiny\"><path d=\"M18.2 9.3l-6.2-6.3-6.2 6.3c-.2.2-.3.4-.3.7s.1.5.3.7c.2.2.4.3.7.3h11c.3 0 .5-.1.7-.3.2-.2.3-.5.3-.7s-.1-.5-.3-.7zM5.8 14.7l6.2 6.3 6.2-6.3c.2-.2.3-.5.3-.7s-.1-.5-.3-.7c-.2-.2-.4-.3-.7-.3h-11c-.3 0-.5.1-.7.3-.2.2-.3.5-.3.7s.1.5.3.7z\"\/><\/svg><\/span><\/span><\/span><\/a><\/span><\/div>\n<nav><ul class='ez-toc-list ez-toc-list-level-1 eztoc-toggle-hide-by-default' ><li class='ez-toc-page-1 ez-toc-heading-level-2'><a class=\"ez-toc-link ez-toc-heading-1\" href=\"https:\/\/moverdb.com\/hu\/moving-companies\/moving-companies-zimbabwe\/#1_Biddulphs_International\" >1. Biddulphs International<\/a><\/li><li class='ez-toc-page-1 ez-toc-heading-level-2'><a class=\"ez-toc-link ez-toc-heading-2\" href=\"https:\/\/moverdb.com\/hu\/moving-companies\/moving-companies-zimbabwe\/#2_Chavilon_International_Movers_Logistics\" >2. Chavilon International Movers &amp; Logistics<\/a><\/li><li class='ez-toc-page-1 ez-toc-heading-level-2'><a class=\"ez-toc-link ez-toc-heading-3\" href=\"https:\/\/moverdb.com\/hu\/moving-companies\/moving-companies-zimbabwe\/#3_Glens_Removal_Storage\" >3. Glens Removal &amp; Storage<\/a><\/li><li class='ez-toc-page-1 ez-toc-heading-level-2'><a class=\"ez-toc-link ez-toc-heading-4\" href=\"https:\/\/moverdb.com\/hu\/moving-companies\/moving-companies-zimbabwe\/#4_Stuttafords\" >4. Stuttafords<\/a><\/li><\/ul><\/nav><\/div>\n<h2><span class=\"ez-toc-section\" id=\"1_Biddulphs_International\"><\/span><strong>1. Biddulphs International<\/strong><img loading=\"lazy\" decoding=\"async\" class=\"alignnone size-full wp-image-10090\" style=\"font-size: 16px;\" src=\"https:\/\/moverdb.com\/wp-content\/uploads\/Biddulphs-International-Zimbabwe-moving-company.png\" alt=\"Biddulphs International zimbabwei k\u00f6lt\u00f6ztet\u0151 c\u00e9g\" width=\"1440\" height=\"670\" data-wp-pid=\"10090\" srcset=\"https:\/\/moverdb.com\/wp-content\/uploads\/Biddulphs-International-Zimbabwe-moving-company.png 1440w, https:\/\/moverdb.com\/wp-content\/uploads\/Biddulphs-International-Zimbabwe-moving-company-300x140.png 300w, https:\/\/moverdb.com\/wp-content\/uploads\/Biddulphs-International-Zimbabwe-moving-company-1024x476.png 1024w, https:\/\/moverdb.com\/wp-content\/uploads\/Biddulphs-International-Zimbabwe-moving-company-18x8.png 18w, https:\/\/moverdb.com\/wp-content\/uploads\/Biddulphs-International-Zimbabwe-moving-company-600x279.png 600w\" sizes=\"auto, (max-width: 1440px) 100vw, 1440px\" \/><span class=\"ez-toc-section-end\"><\/span><\/h2>\n<ul>\n<li>Helyi k\u00f6lt\u00f6z\u00e9sek<\/li>\n<li>Nemzetk\u00f6zi k\u00f6lt\u00f6z\u00e9sek<\/li>\n<li>H\u00e1ztart\u00e1si k\u00f6lt\u00f6z\u00e9sek<\/li>\n<li>\u00dczleti \u00e1thelyez\u00e9sek<\/li>\n<li>Csomagol\u00e1si szolg\u00e1ltat\u00e1s<\/li>\n<li>Sz\u00e1razf\u00f6ldi, l\u00e9gi \u00e9s tengeri sz\u00e1ll\u00edt\u00e1s<\/li>\n<li>Kont\u00e9ner opci\u00f3k<\/li>\n<li>V\u00e1mkezel\u00e9s<\/li>\n<li>Tranzitbiztos\u00edt\u00e1s<\/li>\n<li>Rakt\u00e1roz\u00e1si lehet\u0151s\u00e9gek<\/li>\n<\/ul>\n<p>A Biddulphs International egy 1928-ban alap\u00edtott nemzetk\u00f6zi k\u00f6lt\u00f6ztet\u0151 c\u00e9g, amelynek sz\u00e9khelye Harar\u00e9ban tal\u00e1lhat\u00f3. A nemzetk\u00f6zi min\u0151s\u00e9gi szabv\u00e1nyoknak megfelel\u0151 k\u00f6lt\u00f6ztet\u0151 partnerek vil\u00e1gm\u00e9ret\u0171 h\u00e1l\u00f3zata seg\u00edti \u0151ket a nemzetk\u00f6zi k\u00f6lt\u00f6z\u00e9sekben. Az IAM tagja, 87 \u00e9ves tapasztalattal rendelkeznek.<\/p>\n<p>A Biddulphs International k\u00f6lt\u00f6z\u00e9si tan\u00e1csad\u00f3i tan\u00e1csot adnak \u00d6nnek a k\u00f6lt\u00f6z\u00e9s leggazdas\u00e1gosabb lehet\u0151s\u00e9geir\u0151l. Profi csomagol\u00f3kat biztos\u00edtanak, akik megv\u00e9dik a t\u00e1rgyait a sz\u00e1ll\u00edt\u00e1s sor\u00e1n. Megszervezik a sz\u00e1ll\u00edt\u00e1st \u00e9s fel\u00fcgyelik a v\u00e1mkezel\u00e9st, valamint tranzitbiztos\u00edt\u00e1st ny\u00fajtanak. Teljes kont\u00e9nerrakom\u00e1nyok, r\u00e9szkont\u00e9nerrakom\u00e1nyok \u00e9s gy\u0171jt\u0151sz\u00e1ll\u00edtm\u00e1nyok k\u00f6z\u00fcl v\u00e1laszthat.<\/p>\n<p>Weboldal: <a href=\"https:\/\/www.biddulphs.co.zw\/\" target=\"_blank\" rel=\"noopener\">https:\/\/www.biddulphs.co.zw\/<\/a><\/p>\n<h2><span class=\"ez-toc-section\" id=\"2_Chavilon_International_Movers_Logistics\"><\/span><strong>2. Chavilon International Movers &amp; Logistics<\/strong><span class=\"ez-toc-section-end\"><\/span><\/h2>\n<p><img loading=\"lazy\" decoding=\"async\" class=\"alignnone size-full wp-image-10093\" src=\"https:\/\/moverdb.com\/wp-content\/uploads\/Chavilon-International-moving-company.png\" alt=\"Chavilon Nemzetk\u00f6zi k\u00f6lt\u00f6ztet\u0151 c\u00e9g\" width=\"1440\" height=\"679\" data-wp-pid=\"10093\" srcset=\"https:\/\/moverdb.com\/wp-content\/uploads\/Chavilon-International-moving-company.png 1440w, https:\/\/moverdb.com\/wp-content\/uploads\/Chavilon-International-moving-company-300x141.png 300w, https:\/\/moverdb.com\/wp-content\/uploads\/Chavilon-International-moving-company-1024x483.png 1024w, https:\/\/moverdb.com\/wp-content\/uploads\/Chavilon-International-moving-company-18x8.png 18w, https:\/\/moverdb.com\/wp-content\/uploads\/Chavilon-International-moving-company-600x283.png 600w\" sizes=\"auto, (max-width: 1440px) 100vw, 1440px\" \/><\/p>\n<ul>\n<li>Nemzeti l\u00e9p\u00e9sek<\/li>\n<li>Nemzetk\u00f6zi k\u00f6lt\u00f6z\u00e9sek<\/li>\n<li>H\u00e1ztart\u00e1s \u00e1thelyez\u00e9se<\/li>\n<li>V\u00e1llalati \u00e9s irodai k\u00f6lt\u00f6ztet\u00e9sek<\/li>\n<li>Csomagol\u00e1si szolg\u00e1ltat\u00e1s<\/li>\n<li>K\u00f6z\u00fati, vas\u00fati, l\u00e9gi \u00e9s tengeri \u00e1rufuvaroz\u00e1s<\/li>\n<li>V\u00e1mkezel\u00e9s<\/li>\n<li>K\u00e9pz\u0151m\u0171v\u00e9szeti \u00e9s antik t\u00e1rgyak \u00e1thelyez\u00e9se<\/li>\n<li>Aut\u00f3 \u00e1thelyez\u00e9s<\/li>\n<li>Rakt\u00e1roz\u00e1si lehet\u0151s\u00e9gek<\/li>\n<\/ul>\n<p>A Chavilon International Movers &amp; Logistics egy k\u00f6lt\u00f6ztet\u00e9si \u00e9s logisztikai v\u00e1llalat, amelynek sz\u00e9khelye Harar\u00e9ban van, anyav\u00e1llalata \u00e9s testv\u00e9rv\u00e1llalatai pedig a k\u00f6vetkez\u0151 helyeken m\u0171k\u00f6dnek. <a href=\"https:\/\/moverdb.com\/hu\/moving-companies\/moving-companies-mozambique\/\" data-internallinksmanager029f6b8e52c=\"286\" title=\"4 legjobb nemzetk\u00f6zi k\u00f6lt\u00f6ztet\u0151 c\u00e9gek Mozambikban\">Mozambik<\/a>, Angola, <a href=\"https:\/\/moverdb.com\/hu\/moving-companies\/botswana-moving-companies\/\" data-internallinksmanager029f6b8e52c=\"167\" title=\"A legjobb nemzetk\u00f6zi k\u00f6lt\u00f6ztet\u0151 c\u00e9gek Botswan\u00e1ban\">Botswana<\/a>, <a href=\"https:\/\/moverdb.com\/hu\/moving-companies\/moving-companies-malawi\/\" data-internallinksmanager029f6b8e52c=\"295\" title=\"A legjobb nemzetk\u00f6zi k\u00f6lt\u00f6ztet\u0151 c\u00e9gek Malawiban\">Malawi<\/a> \u00e9s Zambi\u00e1ban. Emellett hozz\u00e1f\u00e9rnek a k\u00f6lt\u00f6ztet\u0151 c\u00e9gek nemzetk\u00f6zi h\u00e1l\u00f3zat\u00e1hoz is, hogy a vil\u00e1g minden t\u00e1j\u00e1n ny\u00fajthassanak szolg\u00e1ltat\u00e1sokat. H\u00e9t\u00e9ves tapasztalattal rendelkez\u0151 IAM-tagok.<\/p>\n<p>A Chavilon International Movers &amp; Logistics szem\u00e9lyre szabott szolg\u00e1ltat\u00e1st k\u00edn\u00e1l h\u00e1zt\u00f3l-h\u00e1zig tart\u00f3 k\u00f6lt\u00f6ztet\u00e9si szolg\u00e1ltat\u00e1sokhoz Zimbabw\u00e9n bel\u00fcl, Zimbabw\u00e9ba \u00e9s Zimbabw\u00e9b\u00f3l. Emellett h\u00e1zr\u00f3l h\u00e1zra t\u00f6rt\u00e9n\u0151 sz\u00e1ll\u00edt\u00e1st is k\u00edn\u00e1lnak.<a href=\"https:\/\/moverdb.com\/hu\/top-49-container-ports\/\" data-internallinksmanager029f6b8e52c=\"80\" title=\"Top 49 legnagyobb \u00e9s legforgalmasabb kont\u00e9nerkik\u00f6t\u0151 2025-ben\">port<\/a> \u00e9s a kik\u00f6t\u0151t\u0151l kik\u00f6t\u0151ig tart\u00f3 szolg\u00e1ltat\u00e1sok, amelyek lehet\u0151v\u00e9 teszik, hogy a k\u00f6lt\u00f6z\u00e9s nagyobb r\u00e9sz\u00e9t - p\u00e9ld\u00e1ul a csomagol\u00e1st \u00e9s a kicsomagol\u00e1st - maga v\u00e9gezze el. Csomagol\u00e1si szolg\u00e1ltat\u00e1suk nemzetk\u00f6zileg elismert anyagokat haszn\u00e1l, hogy megv\u00e9dje t\u00e1rgyait a sz\u00e1ll\u00edt\u00e1s sor\u00e1n.<\/p>\n<p>Weboldal: <a href=\"http:\/\/www.chavilonmovers.com\/\" target=\"_blank\" rel=\"noopener\">http:\/\/www.chavilonmovers.com\/<\/a><\/p>\n<h2><span class=\"ez-toc-section\" id=\"3_Glens_Removal_Storage\"><\/span><strong>3. Glens Removal &amp; Storage<\/strong><span class=\"ez-toc-section-end\"><\/span><\/h2>\n<p><img loading=\"lazy\" decoding=\"async\" class=\"alignnone size-full wp-image-10128\" src=\"https:\/\/moverdb.com\/wp-content\/uploads\/Glens-Removals-Storage-international-moving-company.png\" alt=\"Glens Removals &amp; Storage nemzetk\u00f6zi k\u00f6lt\u00f6ztet\u0151 c\u00e9g\" width=\"1440\" height=\"680\" data-wp-pid=\"10128\" srcset=\"https:\/\/moverdb.com\/wp-content\/uploads\/Glens-Removals-Storage-international-moving-company.png 1440w, https:\/\/moverdb.com\/wp-content\/uploads\/Glens-Removals-Storage-international-moving-company-300x142.png 300w, https:\/\/moverdb.com\/wp-content\/uploads\/Glens-Removals-Storage-international-moving-company-1024x484.png 1024w, https:\/\/moverdb.com\/wp-content\/uploads\/Glens-Removals-Storage-international-moving-company-18x9.png 18w, https:\/\/moverdb.com\/wp-content\/uploads\/Glens-Removals-Storage-international-moving-company-600x283.png 600w\" sizes=\"auto, (max-width: 1440px) 100vw, 1440px\" \/><\/p>\n<ul>\n<li>Helyi \u00e9s orsz\u00e1gos k\u00f6lt\u00f6z\u00e9sek<\/li>\n<li>Nemzetk\u00f6zi k\u00f6lt\u00f6z\u00e9sek<\/li>\n<li>H\u00e1ztart\u00e1si k\u00f6lt\u00f6z\u00e9sek<\/li>\n<li>Irodai k\u00f6lt\u00f6z\u00e9sek<\/li>\n<li>H\u00e1zr\u00f3l h\u00e1zra t\u00f6rt\u00e9n\u0151 \u00e1thelyez\u00e9sek<\/li>\n<li>Csomagol\u00e1si szolg\u00e1ltat\u00e1s<\/li>\n<li>Sz\u00e1ll\u00edt\u00e1s<\/li>\n<li>V\u00e1mkezel\u00e9s<\/li>\n<li>Biztos\u00edt\u00e1s<\/li>\n<li>R\u00f6vid \u00e9s hossz\u00fa t\u00e1v\u00fa t\u00e1rol\u00e1s<\/li>\n<\/ul>\n<p>A Glens Removal &amp; Storage egy 1952 \u00f3ta m\u0171k\u00f6d\u0151 k\u00f6lt\u00f6ztet\u0151 c\u00e9g, amelynek irod\u00e1i \u00e9s rakt\u00e1rai eg\u00e9sz Zimbabw\u00e9ben, valamint fi\u00f3kjai vannak a k\u00f6vetkez\u0151 helyeken <a href=\"https:\/\/moverdb.com\/hu\/moving-to-south-africa\/\" data-internallinksmanager029f6b8e52c=\"347\" title=\"D\u00e9l-Afrik\u00e1ba k\u00f6lt\u00f6zik? 2023 Meg\u00e9lhet\u00e9si k\u00f6lts\u00e9gek \u00e9s k\u00f6lt\u00f6z\u00e9si tippek\">D\u00e9l-Afrika<\/a>, Zambia, Malawi \u00e9s Mozambik. Nemzetk\u00f6zi \u00fcgyn\u00f6k\u00f6kkel \u00e9s sz\u00e1ll\u00edtm\u00e1nyoz\u00f3 c\u00e9gekkel dolgoznak egy\u00fctt, hogy az eg\u00e9sz vil\u00e1gra kiterjed\u0151 szolg\u00e1ltat\u00e1st ny\u00fajtsanak. Az IAM tagja, 71 \u00e9ves tapasztalattal rendelkeznek, \u00e9s a FIDI \u00e1ltal akkredit\u00e1ltak.<\/p>\n<p>A Glens Removal &amp; Storage a nemzetk\u00f6zi k\u00f6lt\u00f6ztet\u00e9si szabv\u00e1nyoknak megfelel\u0151 h\u00e1zt\u00f3l-h\u00e1zig szolg\u00e1ltat\u00e1st ny\u00fajt. Professzion\u00e1lis csomagol\u00e1si szolg\u00e1ltat\u00e1sokat ny\u00fajtanak, bele\u00e9rtve a dobozol\u00e1st is, hogy biztons\u00e1gosan eljuttass\u00e1k a holmij\u00e1t a c\u00e9l\u00e1llom\u00e1sra. Megszervezik a holmik sz\u00e1ll\u00edt\u00e1s\u00e1t, \u00e9s a k\u00f6vetkez\u0151k k\u00f6z\u00fcl v\u00e1laszthatnak <a href=\"https:\/\/moverdb.com\/hu\/shipping-container-sizes-and-dimensions\/\" data-internallinksmanager029f6b8e52c=\"247\" title=\"A haj\u00f3z\u00e1si kont\u00e9nerek m\u00e9ret\u00e9nek \u00e9s m\u00e9reteinek v\u00e9gs\u0151 \u00fatmutat\u00f3ja\">tart\u00e1lym\u00e9retek<\/a> \u00e9s konszolid\u00e1ci\u00f3s szolg\u00e1ltat\u00e1sok az \u00d6n k\u00f6lt\u00f6z\u00e9s\u00e9hez.<\/p>\n<p>Weboldal: <a href=\"http:\/\/www.glensremovals.com\" target=\"_blank\" rel=\"noopener\">http:\/\/www.glensremovals.com<\/a><\/p>\n<h2><span class=\"ez-toc-section\" id=\"4_Stuttafords\"><\/span><strong>4. Stuttafords<\/strong><span class=\"ez-toc-section-end\"><\/span><\/h2>\n<p><img loading=\"lazy\" decoding=\"async\" class=\"alignnone size-full wp-image-10188\" src=\"https:\/\/moverdb.com\/wp-content\/uploads\/Stuttafords-Zimbabwe-international-moving-company.png\" alt=\"Stuttafords Zimbabwe nemzetk\u00f6zi k\u00f6lt\u00f6ztet\u0151 c\u00e9g\" width=\"1440\" height=\"681\" data-wp-pid=\"10188\" srcset=\"https:\/\/moverdb.com\/wp-content\/uploads\/Stuttafords-Zimbabwe-international-moving-company.png 1440w, https:\/\/moverdb.com\/wp-content\/uploads\/Stuttafords-Zimbabwe-international-moving-company-300x142.png 300w, https:\/\/moverdb.com\/wp-content\/uploads\/Stuttafords-Zimbabwe-international-moving-company-1024x484.png 1024w, https:\/\/moverdb.com\/wp-content\/uploads\/Stuttafords-Zimbabwe-international-moving-company-18x9.png 18w, https:\/\/moverdb.com\/wp-content\/uploads\/Stuttafords-Zimbabwe-international-moving-company-600x284.png 600w\" sizes=\"auto, (max-width: 1440px) 100vw, 1440px\" \/><\/p>\n<ul>\n<li>Helyi \u00e9s orsz\u00e1gos \u00e1thelyez\u00e9sek<\/li>\n<li>Nemzetk\u00f6zi \u00e1thelyez\u00e9sek<\/li>\n<li>Lakoss\u00e1gi k\u00f6lt\u00f6z\u00e9sek<\/li>\n<li>V\u00e1llalati \u00e1thelyez\u00e9sek<\/li>\n<li>H\u00e1zr\u00f3l h\u00e1zra t\u00f6rt\u00e9n\u0151 \u00e1thelyez\u00e9sek<\/li>\n<li>Csomagol\u00e1si szolg\u00e1ltat\u00e1s<\/li>\n<li>K\u00f6z\u00fati, l\u00e9gi \u00e9s tengeri fuvaroz\u00e1s<\/li>\n<li>V\u00e1laszthat\u00f3 tart\u00e1lym\u00e9retek<\/li>\n<li>V\u00e1mkezel\u00e9s<\/li>\n<li>Rakt\u00e1roz\u00e1si lehet\u0151s\u00e9gek<\/li>\n<\/ul>\n<p>A Stuttafords egy logisztikai \u00e9s \u00e1rufuvaroz\u00e1si v\u00e1llalat, amely Zimbabw\u00e9ban, Malawiban \u00e9s Zambi\u00e1ban rendelkezik kirendelts\u00e9gekkel. A zimbabwei irod\u00e1k Harar\u00e9ban \u00e9s Bulaway\u00f3ban tal\u00e1lhat\u00f3k. A 66 \u00e9ves tapasztalattal rendelkez\u0151 IAM tagja, \u00e9s a FIDI \u00e1ltal akkredit\u00e1lt, ami azt jelenti, hogy szolg\u00e1ltat\u00e1saikat nemzetk\u00f6zi szabv\u00e1nyok szerint ny\u00fajtj\u00e1k, \u00e9s olyan k\u00f6lt\u00f6ztet\u0151 c\u00e9gek h\u00e1l\u00f3zat\u00e1ra t\u00e1maszkodhatnak, amelyek ugyanezeket a szabv\u00e1nyokat k\u00edn\u00e1lj\u00e1k.<\/p>\n<p>A Stuttafords h\u00e1zt\u00f3l-h\u00e1zig tart\u00f3 k\u00f6lt\u00f6z\u00e9si \u00e9s \u00e1thelyez\u00e9si szolg\u00e1ltat\u00e1sokat k\u00edn\u00e1l lakoss\u00e1gi \u00e9s v\u00e1llalati \u00fcgyfelek sz\u00e1m\u00e1ra Zimbabw\u00e9n bel\u00fcl, Zimbabw\u00e9be \u00e9s Zimbabw\u00e9b\u0151l. Professzion\u00e1lis csomagol\u00e1si szolg\u00e1ltat\u00e1st ny\u00fajtanak, amely biztos\u00edtja, hogy az \u00e1ru nem s\u00e9r\u00fcl meg a sz\u00e1ll\u00edt\u00e1s sor\u00e1n. Megszervezik a sz\u00e1ll\u00edt\u00e1st v\u00e1mkezel\u00e9ssel egy\u00fctt.<\/p>\n<p>Weboldal: <a href=\"http:\/\/www.stuttafordszim.com\" target=\"_blank\" rel=\"noopener\">http:\/\/www.stuttafordszim.com<\/a><\/p>","protected":false},"excerpt":{"rendered":"<p>When you are planning a move, especially between countries it can be overwhelming with so much to do. Employing a moving company can ease this burden and make your move smoother. Below we have compiled a list of Zimbabwe based removal companies that are members of the International Association of Movers (IAM) and\/or FIDI Accredited [&hellip;]<\/p>\n","protected":false},"author":4,"featured_media":10090,"parent":190,"menu_order":0,"comment_status":"closed","ping_status":"closed","template":"","meta":{"_genesis_hide_title":false,"_genesis_hide_breadcrumbs":false,"_genesis_hide_singular_image":false,"_genesis_hide_footer_widgets":false,"_genesis_custom_body_class":"","_genesis_custom_post_class":"","_genesis_layout":"","footnotes":""},"class_list":{"0":"post-10263","1":"page","2":"type-page","3":"status-publish","4":"has-post-thumbnail","6":"entry"},"_links":{"self":[{"href":"https:\/\/moverdb.com\/hu\/wp-json\/wp\/v2\/pages\/10263","targetHints":{"allow":["GET"]}}],"collection":[{"href":"https:\/\/moverdb.com\/hu\/wp-json\/wp\/v2\/pages"}],"about":[{"href":"https:\/\/moverdb.com\/hu\/wp-json\/wp\/v2\/types\/page"}],"author":[{"embeddable":true,"href":"https:\/\/moverdb.com\/hu\/wp-json\/wp\/v2\/users\/4"}],"replies":[{"embeddable":true,"href":"https:\/\/moverdb.com\/hu\/wp-json\/wp\/v2\/comments?post=10263"}],"version-history":[{"count":2,"href":"https:\/\/moverdb.com\/hu\/wp-json\/wp\/v2\/pages\/10263\/revisions"}],"predecessor-version":[{"id":10265,"href":"https:\/\/moverdb.com\/hu\/wp-json\/wp\/v2\/pages\/10263\/revisions\/10265"}],"up":[{"embeddable":true,"href":"https:\/\/moverdb.com\/hu\/wp-json\/wp\/v2\/pages\/190"}],"wp:featuredmedia":[{"embeddable":true,"href":"https:\/\/moverdb.com\/hu\/wp-json\/wp\/v2\/media\/10090"}],"wp:attachment":[{"href":"https:\/\/moverdb.com\/hu\/wp-json\/wp\/v2\/media?parent=10263"}],"curies":[{"name":"wp","href":"https:\/\/api.w.org\/{rel}","templated":true}]}}