{"id":10257,"date":"2023-06-22T15:34:17","date_gmt":"2023-06-22T15:34:17","guid":{"rendered":"https:\/\/moverdb.com\/?page_id=10257"},"modified":"2026-01-08T15:29:05","modified_gmt":"2026-01-08T15:29:05","slug":"moving-companies-vietnam","status":"publish","type":"page","link":"https:\/\/moverdb.com\/hu\/moving-companies\/moving-companies-vietnam\/","title":{"rendered":"5 legjobb nemzetk\u00f6zi k\u00f6lt\u00f6ztet\u0151 c\u00e9gek Vietnamban"},"content":{"rendered":"<p>Gondolkodik azon, hogy k\u00f6lt\u00f6zz\u00f6n a k\u00f6vetkez\u0151 helyre, a k\u00f6vetkez\u0151 helyr\u0151l vagy a k\u00f6vetkez\u0151 helyeken bel\u00fclre <a href=\"https:\/\/moverdb.com\/hu\/moving-to-vietnam\/\" data-internallinksmanager029f6b8e52c=\"390\" title=\"Vietn\u00e1mba k\u00f6lt\u00f6zik? 2023 Meg\u00e9lhet\u00e9si k\u00f6lts\u00e9gek \u00e9s k\u00f6lt\u00f6z\u00e9si tippek\">Vietnam<\/a>? Megszerezni egy <a href=\"https:\/\/moverdb.com\/hu\/moving-companies\/\" data-internallinksmanager029f6b8e52c=\"79\" title=\"Top 25 nemzetk\u00f6zi k\u00f6lt\u00f6ztet\u0151 c\u00e9gek online\">k\u00f6lt\u00f6ztet\u0151 c\u00e9g<\/a> seg\u00edthet a folyamat megk\u00f6nny\u00edt\u00e9s\u00e9ben, mivel \u0151k csomagolhatj\u00e1k a holmij\u00e1t, megszervezhetik a sz\u00e1ll\u00edt\u00e1st \u00e9s lebonyol\u00edthatj\u00e1k a v\u00e1melj\u00e1r\u00e1sokat. Az al\u00e1bbiakban \u00f6ssze\u00e1ll\u00edtottunk egy list\u00e1t a vietn\u00e1mi sz\u00e9khely\u0171 <a href=\"https:\/\/moverdb.com\/hu\/international-removals\/\" data-internallinksmanager029f6b8e52c=\"27\" title=\"36 legjobb nemzetk\u00f6zi k\u00f6lt\u00f6ztet\u0151 c\u00e9gek az Egyes\u00fclt Kir\u00e1lys\u00e1gban\">k\u00f6lt\u00f6ztet\u0151 c\u00e9gek<\/a> amelyek tagjai a <a href=\"https:\/\/moverdb.com\/hu\/iam\/\" data-internallinksmanager029f6b8e52c=\"23\" title=\"A K\u00f6lt\u00f6ztet\u0151k Nemzetk\u00f6zi Sz\u00f6vets\u00e9ge (IAM) magyar\u00e1zata\">K\u00f6lt\u00f6ztet\u0151k Nemzetk\u00f6zi Sz\u00f6vets\u00e9ge<\/a> (IAM) \u00e9s\/vagy <a href=\"https:\/\/moverdb.com\/hu\/fidi-faim\/\" data-internallinksmanager029f6b8e52c=\"16\" title=\"FIDI &amp; FAIM (FIDI akkredit\u00e1lt nemzetk\u00f6zi fuvaroz\u00f3) magyar\u00e1zata\">FIDI<\/a> Akkredit\u00e1lt nemzetk\u00f6zi k\u00f6lt\u00f6ztet\u0151 (FAIM), aki seg\u00edthet \u00d6nnek a k\u00f6lt\u00f6z\u00e9sben.<\/p>\n<div id=\"ez-toc-container\" class=\"ez-toc-v2_0_82_2 ez-toc-wrap-left counter-hierarchy ez-toc-counter ez-toc-transparent ez-toc-container-direction\">\n<div class=\"ez-toc-title-container\">\n<p class=\"ez-toc-title\" style=\"cursor:inherit\">Szakaszok<\/p>\n<span class=\"ez-toc-title-toggle\"><a href=\"#\" class=\"ez-toc-pull-right ez-toc-btn ez-toc-btn-xs ez-toc-btn-default ez-toc-toggle\" aria-label=\"Toggle Tartalomjegyz\u00e9k\"><span class=\"ez-toc-js-icon-con\"><span class=\"\"><span class=\"eztoc-hide\" style=\"display:none;\">Toggle<\/span><span class=\"ez-toc-icon-toggle-span\"><svg style=\"fill: #999;color:#999\" xmlns=\"http:\/\/www.w3.org\/2000\/svg\" class=\"list-377408\" width=\"20px\" height=\"20px\" viewbox=\"0 0 24 24\" fill=\"none\"><path d=\"M6 6H4v2h2V6zm14 0H8v2h12V6zM4 11h2v2H4v-2zm16 0H8v2h12v-2zM4 16h2v2H4v-2zm16 0H8v2h12v-2z\" fill=\"currentColor\"><\/path><\/svg><svg style=\"fill: #999;color:#999\" class=\"arrow-unsorted-368013\" xmlns=\"http:\/\/www.w3.org\/2000\/svg\" width=\"10px\" height=\"10px\" viewbox=\"0 0 24 24\" version=\"1.2\" baseprofile=\"tiny\"><path d=\"M18.2 9.3l-6.2-6.3-6.2 6.3c-.2.2-.3.4-.3.7s.1.5.3.7c.2.2.4.3.7.3h11c.3 0 .5-.1.7-.3.2-.2.3-.5.3-.7s-.1-.5-.3-.7zM5.8 14.7l6.2 6.3 6.2-6.3c.2-.2.3-.5.3-.7s-.1-.5-.3-.7c-.2-.2-.4-.3-.7-.3h-11c-.3 0-.5.1-.7.3-.2.2-.3.5-.3.7s.1.5.3.7z\"\/><\/svg><\/span><\/span><\/span><\/a><\/span><\/div>\n<nav><ul class='ez-toc-list ez-toc-list-level-1 eztoc-toggle-hide-by-default' ><li class='ez-toc-page-1 ez-toc-heading-level-2'><a class=\"ez-toc-link ez-toc-heading-1\" href=\"https:\/\/moverdb.com\/hu\/moving-companies\/moving-companies-vietnam\/#1_EVo_Moves\" >1. EVo Moves<\/a><\/li><li class='ez-toc-page-1 ez-toc-heading-level-2'><a class=\"ez-toc-link ez-toc-heading-2\" href=\"https:\/\/moverdb.com\/hu\/moving-companies\/moving-companies-vietnam\/#2_Prime_Relocations_Asia\" >2. Prime Relocations \u00c1zsia<\/a><\/li><li class='ez-toc-page-1 ez-toc-heading-level-2'><a class=\"ez-toc-link ez-toc-heading-3\" href=\"https:\/\/moverdb.com\/hu\/moving-companies\/moving-companies-vietnam\/#3_Logical_Moves\" >3. Logikai mozg\u00e1sok<\/a><\/li><li class='ez-toc-page-1 ez-toc-heading-level-2'><a class=\"ez-toc-link ez-toc-heading-4\" href=\"https:\/\/moverdb.com\/hu\/moving-companies\/moving-companies-vietnam\/#4_Santa_Fe_Relocation\" >4. Santa Fe \u00e1thelyez\u00e9se<\/a><\/li><li class='ez-toc-page-1 ez-toc-heading-level-2'><a class=\"ez-toc-link ez-toc-heading-5\" href=\"https:\/\/moverdb.com\/hu\/moving-companies\/moving-companies-vietnam\/#5_Saigon_Van\" >5. Saigon Van<\/a><\/li><li class='ez-toc-page-1 ez-toc-heading-level-2'><a class=\"ez-toc-link ez-toc-heading-6\" href=\"https:\/\/moverdb.com\/hu\/moving-companies\/moving-companies-vietnam\/#Other_Useful_Guides_to_Vietnam\" >Egy\u00e9b hasznos \u00fatmutat\u00f3k Vietnamhoz<\/a><\/li><\/ul><\/nav><\/div>\n<h2><span class=\"ez-toc-section\" id=\"1_EVo_Moves\"><\/span><strong>1. EVo Moves<\/strong><span class=\"ez-toc-section-end\"><\/span><\/h2>\n<p><img loading=\"lazy\" decoding=\"async\" class=\"alignnone size-full wp-image-10115\" src=\"https:\/\/moverdb.com\/wp-content\/uploads\/EVo-Moves-international-moving-company.png\" alt=\"EVo Moves nemzetk\u00f6zi k\u00f6lt\u00f6ztet\u0151 c\u00e9g\" width=\"1440\" height=\"683\" data-wp-pid=\"10115\" srcset=\"https:\/\/moverdb.com\/wp-content\/uploads\/EVo-Moves-international-moving-company.png 1440w, https:\/\/moverdb.com\/wp-content\/uploads\/EVo-Moves-international-moving-company-300x142.png 300w, https:\/\/moverdb.com\/wp-content\/uploads\/EVo-Moves-international-moving-company-1024x486.png 1024w, https:\/\/moverdb.com\/wp-content\/uploads\/EVo-Moves-international-moving-company-18x9.png 18w, https:\/\/moverdb.com\/wp-content\/uploads\/EVo-Moves-international-moving-company-600x285.png 600w\" sizes=\"auto, (max-width: 1440px) 100vw, 1440px\" \/><\/p>\n<ul>\n<li>Nemzeti l\u00e9p\u00e9sek<\/li>\n<li>Nemzetk\u00f6zi k\u00f6lt\u00f6z\u00e9sek<\/li>\n<li>H\u00e1ztart\u00e1si k\u00f6lt\u00f6z\u00e9sek<\/li>\n<li>Irodai k\u00f6lt\u00f6z\u00e9sek<\/li>\n<li>H\u00e1zt\u00f3l-h\u00e1zig szolg\u00e1ltat\u00e1s<\/li>\n<li>Export csomagol\u00e1s<\/li>\n<li>V\u00e1mkezel\u00e9s<\/li>\n<li>\u00c1llatsz\u00e1ll\u00edt\u00e1s<\/li>\n<li>Biztos\u00edt\u00e1s<\/li>\n<li>R\u00f6vid \u00e9s hossz\u00fa t\u00e1v\u00fa t\u00e1rol\u00e1s<\/li>\n<\/ul>\n<p>Az EVo Moves egy Ho Si Minh-v\u00e1rosban m\u0171k\u00f6d\u0151 nemzetk\u00f6zi k\u00f6lt\u00f6ztet\u0151 c\u00e9g. N\u00e9gy\u00e9ves tapasztalattal az IAM tagja, ami azt jelenti, hogy hozz\u00e1f\u00e9rnek a k\u00f6lt\u00f6ztet\u0151 c\u00e9gek nemzetk\u00f6zi h\u00e1l\u00f3zat\u00e1hoz, amely seg\u00edthet nekik.<\/p>\n<p>Az EVo Moves ingyenes k\u00f6lt\u00f6z\u00e9s el\u0151tti felm\u00e9r\u00e9st k\u00edn\u00e1l a vietnamiaknak, hogy felm\u00e9rj\u00e9k k\u00f6lt\u00f6z\u00e9si ig\u00e9nyeiket, \u00e9s h\u00e1zhoz men\u0151 \u00e1raj\u00e1nlatot adnak. Olyan csomagol\u00e1si szolg\u00e1ltat\u00e1st ny\u00fajtanak, amely megfelel a nemzetk\u00f6zi szabv\u00e1nyoknak \u00e9s min\u0151s\u00e9gnek, hogy megv\u00e9dje a t\u00e1rgyait a sz\u00e1ll\u00edt\u00e1s sor\u00e1n. Megszervezik a nemzetk\u00f6zi tengeri vagy l\u00e9gi sz\u00e1ll\u00edt\u00e1st, minden kock\u00e1zatra kiterjed\u0151 tengeri biztos\u00edt\u00e1ssal \u00e9s v\u00e1mkezel\u00e9ssel egy\u00fctt. A tov\u00e1bbi szolg\u00e1ltat\u00e1sok k\u00f6z\u00e9 tartozik a kis\u00e1llatsz\u00e1ll\u00edt\u00e1s, a f\u00fcst\u00f6l\u00e9s \u00e9s a t\u00e1rol\u00e1s.<\/p>\n<p>Weboldal: <a href=\"http:\/\/www.evomoves.com\" target=\"_blank\" rel=\"noopener\">http:\/\/www.evomoves.com<\/a><\/p>\n<h2><span class=\"ez-toc-section\" id=\"2_Prime_Relocations_Asia\"><\/span><strong>2. Prime Relocations \u00c1zsia<\/strong><span class=\"ez-toc-section-end\"><\/span><\/h2>\n<p><img loading=\"lazy\" decoding=\"async\" class=\"alignnone size-full wp-image-10170\" src=\"https:\/\/moverdb.com\/wp-content\/uploads\/Prime-Relocations-Asia-international-moving-company.png\" alt=\"Prime Relocations Asia nemzetk\u00f6zi k\u00f6lt\u00f6ztet\u0151 c\u00e9g\" width=\"1440\" height=\"680\" data-wp-pid=\"10170\" srcset=\"https:\/\/moverdb.com\/wp-content\/uploads\/Prime-Relocations-Asia-international-moving-company.png 1440w, https:\/\/moverdb.com\/wp-content\/uploads\/Prime-Relocations-Asia-international-moving-company-300x142.png 300w, https:\/\/moverdb.com\/wp-content\/uploads\/Prime-Relocations-Asia-international-moving-company-1024x484.png 1024w, https:\/\/moverdb.com\/wp-content\/uploads\/Prime-Relocations-Asia-international-moving-company-18x9.png 18w, https:\/\/moverdb.com\/wp-content\/uploads\/Prime-Relocations-Asia-international-moving-company-600x283.png 600w\" sizes=\"auto, (max-width: 1440px) 100vw, 1440px\" \/><\/p>\n<ul>\n<li>Helyi \u00e9s orsz\u00e1gos k\u00f6lt\u00f6ztet\u00e9sek<\/li>\n<li>Nemzetk\u00f6zi k\u00f6lt\u00f6ztet\u00e9sek<\/li>\n<li>H\u00e1ztart\u00e1si k\u00f6lt\u00f6ztet\u00e9sek<\/li>\n<li>\u00dczleti k\u00f6lt\u00f6z\u00e9sek<\/li>\n<li>H\u00e1zt\u00f3l-h\u00e1zig szolg\u00e1ltat\u00e1s<\/li>\n<li>Teljes k\u00f6lt\u00f6ztet\u0151 csomag<\/li>\n<li>H\u00e1zi\u00e1llatok \u00e9s j\u00e1rm\u0171vek \u00e1thelyez\u00e9se<\/li>\n<li>Ezermester szolg\u00e1ltat\u00e1s<\/li>\n<li>Biztos\u00edt\u00e1s<\/li>\n<li>R\u00f6vid \u00e9s hossz\u00fa t\u00e1v\u00fa t\u00e1rol\u00e1si lehet\u0151s\u00e9gek<\/li>\n<\/ul>\n<p>A Prime Relocations Asia egy nemzetk\u00f6zi k\u00f6lt\u00f6ztet\u0151 c\u00e9g vietnami irod\u00e1kkal Hanoi \u00e9s Ho Si Minh-v\u00e1rosban, valamint laoszi \u00e9s laoszi irod\u00e1kkal. <a href=\"https:\/\/moverdb.com\/hu\/moving-to-cambodia\/\" data-internallinksmanager029f6b8e52c=\"340\" title=\"Kambodzs\u00e1ba k\u00f6lt\u00f6zik? 2023 Meg\u00e9lhet\u00e9si k\u00f6lts\u00e9gek \u00e9s k\u00f6lt\u00f6z\u00e9si tippek\">Kambodzsa<\/a>. A tengerent\u00fali k\u00f6lt\u00f6ztet\u00e9sek lebonyol\u00edt\u00e1s\u00e1hoz \u00e9s a v\u00e1mszab\u00e1lyok kezel\u00e9s\u00e9hez kiemelt partnerek \u00e9s le\u00e1nyv\u00e1llalatok h\u00e1l\u00f3zata \u00e1ll rendelkez\u00e9s\u00fckre. Az IAM tagja, 15 \u00e9ves tapasztalattal rendelkeznek.<\/p>\n<p>A Prime Relocations Asia egyetlen kapcsolattart\u00e1si pontot k\u00edn\u00e1l a k\u00f6lt\u00f6z\u00e9s lebonyol\u00edt\u00e1s\u00e1hoz, amely mag\u00e1ban foglalhatja otthona vagy v\u00e1llalkoz\u00e1sa, h\u00e1zi\u00e1llatai \u00e9s j\u00e1rm\u0171vei k\u00f6lt\u00f6ztet\u00e9s\u00e9t, \u00e1tfog\u00f3 tranzitbiztos\u00edt\u00e1ssal egy\u00fctt. Tov\u00e1bbi szolg\u00e1ltat\u00e1sokat ny\u00fajtanak, amelyek magukban foglalj\u00e1k az ezermester-, inas- \u00e9s takar\u00edt\u00f3szolg\u00e1latot, a sz\u00e1ll\u00e1skeres\u00e9st, az eligazod\u00e1st, az indul\u00e1si \u00e9s \u00e9rkez\u00e9si t\u00e1mogat\u00e1st.<\/p>\n<p>Weboldal: <a href=\"http:\/\/www.primerelo.asia\" target=\"_blank\" rel=\"noopener\">http:\/\/www.primerelo.asia<\/a><\/p>\n<h2><span class=\"ez-toc-section\" id=\"3_Logical_Moves\"><\/span><strong>3. Logikai mozg\u00e1sok<\/strong><span class=\"ez-toc-section-end\"><\/span><\/h2>\n<p><img loading=\"lazy\" decoding=\"async\" class=\"alignnone size-full wp-image-10149\" src=\"https:\/\/moverdb.com\/wp-content\/uploads\/Logical-Moves-international-moving-company.png\" alt=\"Logical Moves nemzetk\u00f6zi k\u00f6lt\u00f6ztet\u0151 c\u00e9g\" width=\"1440\" height=\"670\" data-wp-pid=\"10149\" srcset=\"https:\/\/moverdb.com\/wp-content\/uploads\/Logical-Moves-international-moving-company.png 1440w, https:\/\/moverdb.com\/wp-content\/uploads\/Logical-Moves-international-moving-company-300x140.png 300w, https:\/\/moverdb.com\/wp-content\/uploads\/Logical-Moves-international-moving-company-1024x476.png 1024w, https:\/\/moverdb.com\/wp-content\/uploads\/Logical-Moves-international-moving-company-18x8.png 18w, https:\/\/moverdb.com\/wp-content\/uploads\/Logical-Moves-international-moving-company-600x279.png 600w\" sizes=\"auto, (max-width: 1440px) 100vw, 1440px\" \/><\/p>\n<ul>\n<li>Helyi k\u00f6lt\u00f6z\u00e9sek<\/li>\n<li>Nemzetk\u00f6zi k\u00f6lt\u00f6z\u00e9sek<\/li>\n<li>H\u00e1ztart\u00e1si k\u00f6lt\u00f6z\u00e9sek<\/li>\n<li>V\u00e1llalati k\u00f6lt\u00f6z\u00e9sek<\/li>\n<li>K\u00f6lt\u00f6ztet\u00e9si szolg\u00e1ltat\u00e1sok<\/li>\n<li>Csomagol\u00e1si szolg\u00e1ltat\u00e1s<\/li>\n<li>V\u00e1mkezel\u00e9s<\/li>\n<li>Indul\u00e1si \u00e9s leteleped\u00e9si szolg\u00e1ltat\u00e1sok<\/li>\n<li>H\u00e1zi\u00e1llat mozog<\/li>\n<li>Biztons\u00e1gos t\u00e1rol\u00e1s<\/li>\n<\/ul>\n<p>A Logical Moves egy 2005-ben alap\u00edtott f\u00fcggetlen nemzetk\u00f6zi k\u00f6lt\u00f6ztet\u0151 c\u00e9g, amelynek sz\u00e9khelye Ho Si Minh-v\u00e1rosban tal\u00e1lhat\u00f3. Glob\u00e1lis h\u00e1l\u00f3zattal \u00e9s helyi er\u0151forr\u00e1sokkal rendelkeznek, amelyek lehet\u0151v\u00e9 teszik sz\u00e1mukra, hogy helyi \u00e9s nemzetk\u00f6zi k\u00f6lt\u00f6z\u00e9sekhez magas sz\u00ednvonal\u00fa szolg\u00e1ltat\u00e1sokat ny\u00fajtsanak. Az IAM tagjak\u00e9nt 18 \u00e9ves tapasztalattal rendelkeznek.<\/p>\n<p>A Logical Moves k\u00f6lt\u00f6z\u00e9s el\u0151tti konzult\u00e1ci\u00f3t \u00e9s lak\u00e1sfelm\u00e9r\u00e9st k\u00edn\u00e1l az \u00d6n k\u00f6lt\u00f6z\u00e9si ig\u00e9nyeinek meg\u00e1llap\u00edt\u00e1s\u00e1hoz. Csomagol\u00e1si szolg\u00e1ltat\u00e1st ny\u00fajtanak, hogy biztos\u00edts\u00e1k a holmij\u00e1nak biztons\u00e1gos sz\u00e1ll\u00edt\u00e1s\u00e1t, valamint gondoskodnak a sz\u00e1ll\u00edtm\u00e1ny v\u00e9delm\u00e9r\u0151l \u00e9s a v\u00e1mkezel\u00e9sr\u0151l, \u00e9rkez\u00e9skor pedig kicsomagolnak. Tov\u00e1bbi szolg\u00e1ltat\u00e1sokat k\u00edn\u00e1lnak, t\u00f6bbek k\u00f6z\u00f6tt v\u00edzum- \u00e9s bev\u00e1ndorl\u00e1si t\u00e1mogat\u00e1st, lakhely- \u00e9s iskolakeres\u00e9st, indul\u00e1si t\u00e1mogat\u00e1st, ezermester-szolg\u00e1ltat\u00e1st \u00e9s beilleszked\u00e9si szolg\u00e1ltat\u00e1sokat.<\/p>\n<p>Weboldal: <a href=\"http:\/\/www.logicalmoves.net\" target=\"_blank\" rel=\"noopener\">http:\/\/www.logicalmoves.net<\/a><\/p>\n<h2><span class=\"ez-toc-section\" id=\"4_Santa_Fe_Relocation\"><\/span><strong>4. Santa Fe \u00e1thelyez\u00e9se<\/strong><span class=\"ez-toc-section-end\"><\/span><\/h2>\n<p><img loading=\"lazy\" decoding=\"async\" class=\"alignnone size-full wp-image-10181\" src=\"https:\/\/moverdb.com\/wp-content\/uploads\/Santa-Fe-Relocations-Vietnam-international-moving-company.png\" alt=\"Santa Fe Relocations Vietnam nemzetk\u00f6zi k\u00f6lt\u00f6ztet\u0151 c\u00e9g\" width=\"1440\" height=\"681\" data-wp-pid=\"10181\" srcset=\"https:\/\/moverdb.com\/wp-content\/uploads\/Santa-Fe-Relocations-Vietnam-international-moving-company.png 1440w, https:\/\/moverdb.com\/wp-content\/uploads\/Santa-Fe-Relocations-Vietnam-international-moving-company-300x142.png 300w, https:\/\/moverdb.com\/wp-content\/uploads\/Santa-Fe-Relocations-Vietnam-international-moving-company-1024x484.png 1024w, https:\/\/moverdb.com\/wp-content\/uploads\/Santa-Fe-Relocations-Vietnam-international-moving-company-18x9.png 18w, https:\/\/moverdb.com\/wp-content\/uploads\/Santa-Fe-Relocations-Vietnam-international-moving-company-600x284.png 600w\" sizes=\"auto, (max-width: 1440px) 100vw, 1440px\" \/><\/p>\n<ul>\n<li>Helyi \u00e9s orsz\u00e1gos \u00e1thelyez\u00e9sek<\/li>\n<li>Nemzetk\u00f6zi \u00e1thelyez\u00e9sek<\/li>\n<li>H\u00e1ztart\u00e1s \u00e1thelyez\u00e9se<\/li>\n<li>V\u00e1llalati \u00e1thelyez\u00e9sek<\/li>\n<li>H\u00e1zt\u00f3l-h\u00e1zig szolg\u00e1ltat\u00e1s<\/li>\n<li>Speci\u00e1lis csomagol\u00e1s<\/li>\n<li>V\u00e1mkezel\u00e9s<\/li>\n<li>V\u00edzumok \u00e9s bev\u00e1ndorl\u00e1s<\/li>\n<li>C\u00e9l\u00e1llom\u00e1si szolg\u00e1ltat\u00e1sok<\/li>\n<li>Biztons\u00e1gos t\u00e1rol\u00e1s<\/li>\n<\/ul>\n<p>A Santa Fe Relocation egy nemzetk\u00f6zi k\u00f6lt\u00f6ztet\u0151 \u00e9s k\u00f6lt\u00f6ztet\u0151 c\u00e9g, amely t\u00f6bb mint 130 \u00e9ves tapasztalattal rendelkezik, \u00e9s 64 irod\u00e1val 38 orsz\u00e1gban, k\u00f6zt\u00fck a vietnami Hanoiban \u00e9s Ho Si Minh-v\u00e1rosban. Az IAM tagja 17 \u00e9ves tapasztalattal \u00e9s a FIDI akkredit\u00e1ci\u00f3j\u00e1val.<\/p>\n<p>A Santa Fe Relocation h\u00e1zt\u00f3l-h\u00e1zig tart\u00f3 k\u00f6lt\u00f6ztet\u00e9si szolg\u00e1ltat\u00e1sokat k\u00edn\u00e1l egy profi csapattal, amely t\u00e1mogatja \u00d6nt a k\u00f6lt\u00f6z\u00e9s sor\u00e1n. Speci\u00e1lis csomagol\u00e1si szolg\u00e1ltat\u00e1st ny\u00fajtanak, hogy megv\u00e9dj\u00e9k a holmij\u00e1t a k\u00f6lt\u00f6ztet\u00e9s sor\u00e1n, de \u00e1tfog\u00f3 sz\u00e1ll\u00edtm\u00e1nyv\u00e9delmi terveket is k\u00edn\u00e1lnak. Tov\u00e1bbi szolg\u00e1ltat\u00e1sokat k\u00edn\u00e1lnak, amelyek magukban foglalj\u00e1k a v\u00edzum- \u00e9s bev\u00e1ndorl\u00e1si szolg\u00e1ltat\u00e1sokat, a lakhelykeres\u00e9st \u00e9s egy\u00e9b c\u00e9l\u00e1llom\u00e1s-szolg\u00e1ltat\u00e1sokat.<\/p>\n<p>Weboldal: <a href=\"https:\/\/www.santaferelo.com\/en\/contact\/our-offices\/vietnam-ho-chi-minh\/\" target=\"_blank\" rel=\"noopener\">https:\/\/www.santaferelo.com\/en\/contact\/our-offices\/vietnam-ho-chi-minh\/<\/a><\/p>\n<h2><span class=\"ez-toc-section\" id=\"5_Saigon_Van\"><\/span><strong>5. Saigon Van<\/strong><span class=\"ez-toc-section-end\"><\/span><\/h2>\n<p><img loading=\"lazy\" decoding=\"async\" class=\"alignnone size-full wp-image-10258\" src=\"https:\/\/moverdb.com\/wp-content\/uploads\/Saigon-Van-international-moving-company.png\" alt=\"Saigon Van nemzetk\u00f6zi k\u00f6lt\u00f6ztet\u0151 c\u00e9g\" width=\"1440\" height=\"700\" data-wp-pid=\"10258\" srcset=\"https:\/\/moverdb.com\/wp-content\/uploads\/Saigon-Van-international-moving-company.png 1440w, https:\/\/moverdb.com\/wp-content\/uploads\/Saigon-Van-international-moving-company-300x146.png 300w, https:\/\/moverdb.com\/wp-content\/uploads\/Saigon-Van-international-moving-company-1024x498.png 1024w, https:\/\/moverdb.com\/wp-content\/uploads\/Saigon-Van-international-moving-company-18x9.png 18w, https:\/\/moverdb.com\/wp-content\/uploads\/Saigon-Van-international-moving-company-600x292.png 600w\" sizes=\"auto, (max-width: 1440px) 100vw, 1440px\" \/><\/p>\n<ul>\n<li>Helyi \u00e9s orsz\u00e1gos k\u00f6lt\u00f6z\u00e9sek<\/li>\n<li>Nemzetk\u00f6zi k\u00f6lt\u00f6z\u00e9sek<\/li>\n<li>H\u00e1ztart\u00e1si k\u00f6lt\u00f6z\u00e9sek<\/li>\n<li>Irodai k\u00f6lt\u00f6z\u00e9sek<\/li>\n<li>Csomagol\u00e1si szolg\u00e1ltat\u00e1s<\/li>\n<li>V\u00e1mkezel\u00e9s<\/li>\n<li>H\u00e1zi\u00e1llat \u00e1thelyez\u00e9sek<\/li>\n<li>Ezermester szolg\u00e1ltat\u00e1s<\/li>\n<li>Biztos\u00edt\u00e1s<\/li>\n<li>T\u00e1rol\u00e1s<\/li>\n<\/ul>\n<p>A Saigon Van egy 1990-ben alap\u00edtott nemzetk\u00f6zi k\u00f6lt\u00f6ztet\u0151 c\u00e9g, amelynek sz\u00e9khelye Ho Si Minh-v\u00e1rosban tal\u00e1lhat\u00f3, \u00e9s van egy fi\u00f3kja Ha Noiban. Nemzetk\u00f6zi koll\u00e9g\u00e1kkal dolgoznak egy\u00fctt, hogy seg\u00edts\u00e9k \u0151ket a Vietn\u00e1mon k\u00edv\u00fcli szolg\u00e1ltat\u00e1sok ny\u00fajt\u00e1s\u00e1ban. Az IAM tagjak\u00e9nt 33 \u00e9ves tapasztalattal rendelkeznek, \u00e9s a FIDI \u00e1ltal akkredit\u00e1ltak.<\/p>\n<p>A Saigon Van helyi, orsz\u00e1gos \u00e9s nemzetk\u00f6zi k\u00f6lt\u00f6ztet\u00e9si \u00e9s \u00e1thelyez\u00e9si szolg\u00e1ltat\u00e1sokat k\u00edn\u00e1l, amelyek a k\u00f6lt\u00f6z\u00e9s el\u0151tti felm\u00e9r\u00e9ssel kezd\u0151dnek. Tapasztalt csomagol\u00f3 szem\u00e9lyzetet biztos\u00edtanak, amely becsomagolja \u00e9s megv\u00e9di a holmij\u00e1t. Megszervezik a sz\u00e1ll\u00edt\u00e1st v\u00e1mkezel\u00e9ssel \u00e9s biztos\u00edt\u00e1ssal. K\u00f6lt\u00f6ztet\u00e9si szolg\u00e1ltat\u00e1saik k\u00f6z\u00e9 tartozik a v\u00edzum, iskolai beiratkoz\u00e1s, ezermesteri szolg\u00e1ltat\u00e1sok, takar\u00edt\u00e1si szolg\u00e1ltat\u00e1sok \u00e9s rakt\u00e1roz\u00e1s.<\/p>\n<p>Weboldal: <a href=\"http:\/\/www.saigonvan.com\/\" target=\"_blank\" rel=\"noopener\">http:\/\/www.saigonvan.com\/<\/a><\/p>\n<h2><span class=\"ez-toc-section\" id=\"Other_Useful_Guides_to_Vietnam\"><\/span>Egy\u00e9b hasznos \u00fatmutat\u00f3k Vietnamhoz<span class=\"ez-toc-section-end\"><\/span><\/h2>\n<ul>\n<li> <a href=\"https:\/\/moverdb.com\/hu\/kontenerszallitas\/vietnam\/\">2024 Tengeri tehersz\u00e1ll\u00edt\u00e1si kont\u00e9ner \u00e1rak Vietnamba \u00e9s Vietnamb\u00f3l<\/a><\/li>\n<li> <a href=\"https:\/\/moverdb.com\/hu\/moving-to-vietnam\/\">Vietn\u00e1mba k\u00f6lt\u00f6zik? 2023 Meg\u00e9lhet\u00e9si k\u00f6lts\u00e9gek \u00e9s k\u00f6lt\u00f6z\u00e9si tippek<\/a><\/li>\n<li> <a href=\"https:\/\/moverdb.com\/hu\/moving-to-vietnam\/best-places-to-live-vietnam\/\">12 legjobb helyeken \u00e9lni Vietnamban<\/a><\/li>\n<\/ul>","protected":false},"excerpt":{"rendered":"<p>Are you thinking of moving to, from or within Vietnam? Getting a moving company to assist you can help ease the process as they can pack your effects, arrange transportation and manage customs procedures. Below we have compiled a list of Vietnam based removal companies that are members of the International Association of Movers (IAM) [&hellip;]<\/p>\n","protected":false},"author":4,"featured_media":10115,"parent":190,"menu_order":0,"comment_status":"closed","ping_status":"closed","template":"","meta":{"_genesis_hide_title":false,"_genesis_hide_breadcrumbs":false,"_genesis_hide_singular_image":false,"_genesis_hide_footer_widgets":false,"_genesis_custom_body_class":"","_genesis_custom_post_class":"","_genesis_layout":"","footnotes":""},"class_list":{"0":"post-10257","1":"page","2":"type-page","3":"status-publish","4":"has-post-thumbnail","6":"entry"},"_links":{"self":[{"href":"https:\/\/moverdb.com\/hu\/wp-json\/wp\/v2\/pages\/10257","targetHints":{"allow":["GET"]}}],"collection":[{"href":"https:\/\/moverdb.com\/hu\/wp-json\/wp\/v2\/pages"}],"about":[{"href":"https:\/\/moverdb.com\/hu\/wp-json\/wp\/v2\/types\/page"}],"author":[{"embeddable":true,"href":"https:\/\/moverdb.com\/hu\/wp-json\/wp\/v2\/users\/4"}],"replies":[{"embeddable":true,"href":"https:\/\/moverdb.com\/hu\/wp-json\/wp\/v2\/comments?post=10257"}],"version-history":[{"count":3,"href":"https:\/\/moverdb.com\/hu\/wp-json\/wp\/v2\/pages\/10257\/revisions"}],"predecessor-version":[{"id":16500,"href":"https:\/\/moverdb.com\/hu\/wp-json\/wp\/v2\/pages\/10257\/revisions\/16500"}],"up":[{"embeddable":true,"href":"https:\/\/moverdb.com\/hu\/wp-json\/wp\/v2\/pages\/190"}],"wp:featuredmedia":[{"embeddable":true,"href":"https:\/\/moverdb.com\/hu\/wp-json\/wp\/v2\/media\/10115"}],"wp:attachment":[{"href":"https:\/\/moverdb.com\/hu\/wp-json\/wp\/v2\/media?parent=10257"}],"curies":[{"name":"wp","href":"https:\/\/api.w.org\/{rel}","templated":true}]}}