{"id":10253,"date":"2023-06-22T15:36:35","date_gmt":"2023-06-22T15:36:35","guid":{"rendered":"https:\/\/moverdb.com\/?page_id=10253"},"modified":"2026-01-08T15:23:53","modified_gmt":"2026-01-08T15:23:53","slug":"moving-companies-uzbekistan","status":"publish","type":"page","link":"https:\/\/moverdb.com\/hu\/moving-companies\/moving-companies-uzbekistan\/","title":{"rendered":"2 A legjobb nemzetk\u00f6zi k\u00f6lt\u00f6ztet\u0151 c\u00e9gek \u00dczbegiszt\u00e1nban"},"content":{"rendered":"<p>\u00dczbegiszt\u00e1nban, \u00dczbegiszt\u00e1nba vagy \u00dczbegiszt\u00e1nb\u00f3l tervez k\u00f6lt\u00f6zni? Akkor vegyen ig\u00e9nybe egy <a href=\"https:\/\/moverdb.com\/hu\/moving-companies\/\" data-internallinksmanager029f6b8e52c=\"79\" title=\"Top 25 nemzetk\u00f6zi k\u00f6lt\u00f6ztet\u0151 c\u00e9gek online\">k\u00f6lt\u00f6ztet\u0151 c\u00e9g<\/a> aki seg\u00edthet \u00d6nnek a csomagol\u00e1sban, a sz\u00e1ll\u00edt\u00e1s megszervez\u00e9s\u00e9ben \u00e9s a nemzetk\u00f6zi k\u00f6lt\u00f6z\u00e9sek v\u00e1mkezel\u00e9s\u00e9ben, val\u00f3ban megk\u00f6nny\u00edtheti a k\u00f6lt\u00f6z\u00e9st. Az al\u00e1bbiakban \u00f6ssze\u00e1ll\u00edtottunk egy list\u00e1t az \u00fczbegiszt\u00e1ni sz\u00e9khely\u0171 <a href=\"https:\/\/moverdb.com\/hu\/international-removals\/\" data-internallinksmanager029f6b8e52c=\"27\" title=\"36 legjobb nemzetk\u00f6zi k\u00f6lt\u00f6ztet\u0151 c\u00e9gek az Egyes\u00fclt Kir\u00e1lys\u00e1gban\">k\u00f6lt\u00f6ztet\u0151 c\u00e9gek<\/a> amelyek tagjai a <a href=\"https:\/\/moverdb.com\/hu\/iam\/\" data-internallinksmanager029f6b8e52c=\"23\" title=\"A K\u00f6lt\u00f6ztet\u0151k Nemzetk\u00f6zi Sz\u00f6vets\u00e9ge (IAM) magyar\u00e1zata\">K\u00f6lt\u00f6ztet\u0151k Nemzetk\u00f6zi Sz\u00f6vets\u00e9ge<\/a> (IAM) \u00e9s\/vagy <a href=\"https:\/\/moverdb.com\/hu\/fidi-faim\/\" data-internallinksmanager029f6b8e52c=\"16\" title=\"FIDI &amp; FAIM (FIDI akkredit\u00e1lt nemzetk\u00f6zi fuvaroz\u00f3) magyar\u00e1zata\">FIDI<\/a> Akkredit\u00e1lt nemzetk\u00f6zi k\u00f6lt\u00f6ztet\u0151 (FAIM), aki seg\u00edthet \u00d6nnek a k\u00f6lt\u00f6z\u00e9sben.<\/p>\n<h2><strong>1. Move One<\/strong><\/h2>\n<p><img loading=\"lazy\" decoding=\"async\" class=\"alignnone size-full wp-image-10159\" src=\"https:\/\/moverdb.com\/wp-content\/uploads\/Move-One-international-moving-company-1.png\" alt=\"Move One nemzetk\u00f6zi k\u00f6lt\u00f6ztet\u0151 c\u00e9g\" width=\"1440\" height=\"676\" data-wp-pid=\"10159\" srcset=\"https:\/\/moverdb.com\/wp-content\/uploads\/Move-One-international-moving-company-1.png 1440w, https:\/\/moverdb.com\/wp-content\/uploads\/Move-One-international-moving-company-1-300x141.png 300w, https:\/\/moverdb.com\/wp-content\/uploads\/Move-One-international-moving-company-1-1024x481.png 1024w, https:\/\/moverdb.com\/wp-content\/uploads\/Move-One-international-moving-company-1-18x8.png 18w, https:\/\/moverdb.com\/wp-content\/uploads\/Move-One-international-moving-company-1-600x282.png 600w\" sizes=\"auto, (max-width: 1440px) 100vw, 1440px\" \/><\/p>\n<ul>\n<li>Nemzeti l\u00e9p\u00e9sek<\/li>\n<li>Nemzetk\u00f6zi k\u00f6lt\u00f6z\u00e9sek<\/li>\n<li>H\u00e1ztart\u00e1si k\u00f6lt\u00f6z\u00e9sek<\/li>\n<li>Kereskedelmi logisztika<\/li>\n<li>K\u00f6lt\u00f6ztet\u00e9si szolg\u00e1ltat\u00e1sok<\/li>\n<li>Csomagol\u00e1si szolg\u00e1ltat\u00e1s<\/li>\n<li>Sz\u00e1ll\u00edt\u00e1si meg\u00e1llapod\u00e1sok<\/li>\n<li>V\u00e1mt\u00e1mogat\u00e1s<\/li>\n<li>H\u00e1zi\u00e1llat- \u00e9s j\u00e1rm\u0171sz\u00e1ll\u00edt\u00e1s<\/li>\n<li>Rakt\u00e1roz\u00e1si lehet\u0151s\u00e9gek<\/li>\n<\/ul>\n<p>A Move One egy 1992-ben alakult logisztikai, k\u00f6lt\u00f6ztet\u00e9si \u00e9s glob\u00e1lis mobilit\u00e1si megold\u00e1sokkal foglalkoz\u00f3 v\u00e1llalat, amely t\u00f6bb mint 80 irod\u00e1val rendelkezik Kelet-Eur\u00f3p\u00e1ban, Afrik\u00e1ban, a K\u00f6zel-Keleten, a Balk\u00e1non \u00e9s a F\u00c1K-ban. \u00dczbegiszt\u00e1ni irod\u00e1juk Taskentben tal\u00e1lhat\u00f3. Irod\u00e1k \u00e9s \u00fcgyn\u00f6k\u00f6k h\u00e1l\u00f3zata biztos\u00edtja a nemzetk\u00f6zi szolg\u00e1ltat\u00e1sokat. H\u00e9t \u00e9ve tagjai az IAM-nek.<\/p>\n<p>A Move One koordin\u00e1lja a k\u00f6lt\u00f6z\u00e9st, biztos\u00edtva a z\u00f6kken\u0151mentes csomagol\u00e1si szolg\u00e1ltat\u00e1st, a sz\u00e1ll\u00edt\u00e1s megszervez\u00e9s\u00e9t \u00e9s a v\u00e1m\u00fcgyint\u00e9z\u00e9st. Tov\u00e1bbi szolg\u00e1ltat\u00e1sokat k\u00edn\u00e1lnak, bele\u00e9rtve az enged\u00e9lyeket \u00e9s v\u00edzumokat, az \u00e1llatsz\u00e1ll\u00edt\u00e1st, az aut\u00f3sz\u00e1ll\u00edt\u00e1st, a felesleges poggy\u00e1szt \u00e9s a t\u00e1rol\u00e1st. A k\u00f6lt\u00f6z\u00e9si szolg\u00e1ltat\u00e1sok k\u00f6z\u00e9 tartozik az otthon- \u00e9s iskolakeres\u00e9s, az ideiglenes sz\u00e1ll\u00e1s, a t\u00e1j\u00e9koz\u00f3d\u00e1s \u00e9s a beilleszked\u00e9s t\u00e1mogat\u00e1sa.<\/p>\n<p>Weboldal: <a href=\"https:\/\/www.moveoneinc.com\" target=\"_blank\" rel=\"noopener\">https:\/\/www.moveoneinc.com<\/a><\/p>\n<h2><strong>2. Gosselin<\/strong><\/h2>\n<p><img loading=\"lazy\" decoding=\"async\" class=\"alignnone size-full wp-image-10132\" src=\"https:\/\/moverdb.com\/wp-content\/uploads\/Gosselin-Uzbekistan-international-moving-company.png\" alt=\"Gosselin \u00dczbegiszt\u00e1n nemzetk\u00f6zi k\u00f6lt\u00f6ztet\u0151 c\u00e9g\" width=\"1440\" height=\"680\" data-wp-pid=\"10132\" srcset=\"https:\/\/moverdb.com\/wp-content\/uploads\/Gosselin-Uzbekistan-international-moving-company.png 1440w, https:\/\/moverdb.com\/wp-content\/uploads\/Gosselin-Uzbekistan-international-moving-company-300x142.png 300w, https:\/\/moverdb.com\/wp-content\/uploads\/Gosselin-Uzbekistan-international-moving-company-1024x484.png 1024w, https:\/\/moverdb.com\/wp-content\/uploads\/Gosselin-Uzbekistan-international-moving-company-18x9.png 18w, https:\/\/moverdb.com\/wp-content\/uploads\/Gosselin-Uzbekistan-international-moving-company-600x283.png 600w\" sizes=\"auto, (max-width: 1440px) 100vw, 1440px\" \/><\/p>\n<ul>\n<li>Nemzeti l\u00e9p\u00e9sek<\/li>\n<li>Nemzetk\u00f6zi k\u00f6lt\u00f6z\u00e9sek<\/li>\n<li>H\u00e1ztart\u00e1si k\u00f6lt\u00f6z\u00e9sek<\/li>\n<li>Irodai k\u00f6lt\u00f6z\u00e9sek<\/li>\n<li>H\u00e1zt\u00f3l-h\u00e1zig szolg\u00e1ltat\u00e1s<\/li>\n<li>Csomagol\u00e1si szolg\u00e1ltat\u00e1s<\/li>\n<li>Sz\u00e1ll\u00edt\u00e1si szab\u00e1lyok<\/li>\n<li>K\u00e9pz\u0151m\u0171v\u00e9szeti mozg\u00e1sok<\/li>\n<li>Aut\u00f3 \u00e9s kis\u00e1llat k\u00f6lt\u00f6ztet\u00e9s<\/li>\n<li>T\u00e1rol\u00e1si megold\u00e1sok<\/li>\n<\/ul>\n<p>A Gosselin egy 1930-ban alap\u00edtott nemzetk\u00f6zi k\u00f6lt\u00f6ztet\u0151 c\u00e9g, amely 34 orsz\u00e1gban rendelkezik irod\u00e1kkal Eur\u00f3p\u00e1ban, a Kauk\u00e1zusban \u00e9s K\u00f6z\u00e9p-\u00c1zsi\u00e1ban, bele\u00e9rtve az \u00fczbegiszt\u00e1ni Taskentet is. A nemzetk\u00f6zi szolg\u00e1ltat\u00e1sok ny\u00fajt\u00e1s\u00e1hoz saj\u00e1t irod\u00e1ikat \u00e9s vil\u00e1gszerte m\u0171k\u00f6d\u0151 k\u00f6lt\u00f6ztet\u0151 partnerek h\u00e1l\u00f3zat\u00e1t haszn\u00e1lj\u00e1k fel. Az IAM tagja.<\/p>\n<p>A Gosselin h\u00e1zt\u00f3l h\u00e1zig tart\u00f3 k\u00f6lt\u00f6ztet\u00e9si szolg\u00e1ltat\u00e1st k\u00edn\u00e1l profi k\u00f6lt\u00f6ztet\u0151kkel, akik seg\u00edtenek \u00d6nnek a vil\u00e1g b\u00e1rmely pontj\u00e1ra k\u00f6lt\u00f6zni. Biztons\u00e1gosan becsomagolj\u00e1k ing\u00f3s\u00e1gait, sz\u00e9tszerelik \u00e9s \u00f6sszeszerelik a b\u00fatorokat, \u00e9s \u00e9rkez\u00e9skor kicsomagolj\u00e1k. K\u00f6rnyezetbar\u00e1t csomagol\u00f3anyagokat haszn\u00e1lnak, \u00e9s sz\u00e1ll\u00edtm\u00e1nyoz\u00e1si biztos\u00edt\u00e1st is k\u00f6tnek. Tov\u00e1bbi szolg\u00e1ltat\u00e1sokat k\u00edn\u00e1lnak, bele\u00e9rtve a k\u00e9pz\u0151m\u0171v\u00e9szeti t\u00e1rgyak kezel\u00e9s\u00e9t is, <a href=\"https:\/\/moverdb.com\/hu\/car-transport-shipping\/\" data-internallinksmanager029f6b8e52c=\"2\" title=\"2026 Nemzetk\u00f6zi aut\u00f3sz\u00e1ll\u00edt\u00e1s \u00e9s j\u00e1rm\u0171sz\u00e1ll\u00edt\u00e1s \u00e1raj\u00e1nlatok\">aut\u00f3sz\u00e1ll\u00edt\u00e1s<\/a>, kis\u00e1llat k\u00f6lt\u00f6ztet\u00e9si \u00e9s t\u00e1rol\u00e1si megold\u00e1sok.<\/p>\n<p>Weboldal: <a href=\"https:\/\/gosselin-moving.com\/uzbekistan\" target=\"_blank\" rel=\"noopener\">https:\/\/gosselin-moving.com\/uzbekistan<\/a><\/p>","protected":false},"excerpt":{"rendered":"<p>Are you planning on moving within, to or from Uzbekistan? Then engaging a moving company who can assist you with packing, arranging transport and handling customs for international moves can really ease your move. Below we have compiled a list of Uzbekistan based removal companies that are members of the International Association of Movers (IAM) [&hellip;]<\/p>\n","protected":false},"author":4,"featured_media":10159,"parent":190,"menu_order":0,"comment_status":"closed","ping_status":"closed","template":"","meta":{"_genesis_hide_title":false,"_genesis_hide_breadcrumbs":false,"_genesis_hide_singular_image":false,"_genesis_hide_footer_widgets":false,"_genesis_custom_body_class":"","_genesis_custom_post_class":"","_genesis_layout":"","footnotes":""},"class_list":{"0":"post-10253","1":"page","2":"type-page","3":"status-publish","4":"has-post-thumbnail","6":"entry"},"_links":{"self":[{"href":"https:\/\/moverdb.com\/hu\/wp-json\/wp\/v2\/pages\/10253","targetHints":{"allow":["GET"]}}],"collection":[{"href":"https:\/\/moverdb.com\/hu\/wp-json\/wp\/v2\/pages"}],"about":[{"href":"https:\/\/moverdb.com\/hu\/wp-json\/wp\/v2\/types\/page"}],"author":[{"embeddable":true,"href":"https:\/\/moverdb.com\/hu\/wp-json\/wp\/v2\/users\/4"}],"replies":[{"embeddable":true,"href":"https:\/\/moverdb.com\/hu\/wp-json\/wp\/v2\/comments?post=10253"}],"version-history":[{"count":1,"href":"https:\/\/moverdb.com\/hu\/wp-json\/wp\/v2\/pages\/10253\/revisions"}],"predecessor-version":[{"id":10254,"href":"https:\/\/moverdb.com\/hu\/wp-json\/wp\/v2\/pages\/10253\/revisions\/10254"}],"up":[{"embeddable":true,"href":"https:\/\/moverdb.com\/hu\/wp-json\/wp\/v2\/pages\/190"}],"wp:featuredmedia":[{"embeddable":true,"href":"https:\/\/moverdb.com\/hu\/wp-json\/wp\/v2\/media\/10159"}],"wp:attachment":[{"href":"https:\/\/moverdb.com\/hu\/wp-json\/wp\/v2\/media?parent=10253"}],"curies":[{"name":"wp","href":"https:\/\/api.w.org\/{rel}","templated":true}]}}