{"id":10249,"date":"2023-06-22T15:38:39","date_gmt":"2023-06-22T15:38:39","guid":{"rendered":"https:\/\/moverdb.com\/?page_id=10249"},"modified":"2026-01-08T15:24:29","modified_gmt":"2026-01-08T15:24:29","slug":"moving-companies-uruguay","status":"publish","type":"page","link":"https:\/\/moverdb.com\/hu\/moving-companies\/moving-companies-uruguay\/","title":{"rendered":"3 legjobb nemzetk\u00f6zi k\u00f6lt\u00f6ztet\u0151 c\u00e9g Uruguayban"},"content":{"rendered":"<p>A k\u00f6lt\u00f6z\u00e9s vagy a v\u00e1llalkoz\u00e1s k\u00f6lt\u00f6z\u00e9se hektikus \u00e9s stresszes id\u0151szak lehet, sok a tennival\u00f3 \u00e9s az elint\u00e9znival\u00f3. Ez az a ter\u00fclet, ahol egy <a href=\"https:\/\/moverdb.com\/hu\/moving-companies\/\" data-internallinksmanager029f6b8e52c=\"79\" title=\"Top 25 nemzetk\u00f6zi k\u00f6lt\u00f6ztet\u0151 c\u00e9gek online\">k\u00f6lt\u00f6ztet\u0151 c\u00e9g<\/a> seg\u00edthet \u00d6nnek sz\u00e1mos feladat \u00e1tv\u00e1llal\u00e1s\u00e1val, mint p\u00e9ld\u00e1ul a csomagol\u00e1s, a sz\u00e1ll\u00edt\u00e1s megszervez\u00e9se \u00e9s a v\u00e1m\u00fcgyint\u00e9z\u00e9s az orsz\u00e1gok k\u00f6z\u00f6tti k\u00f6lt\u00f6z\u00e9sek sor\u00e1n. Az al\u00e1bbiakban \u00f6ssze\u00e1ll\u00edtottunk egy list\u00e1t az uruguayi sz\u00e9khely\u0171 <a href=\"https:\/\/moverdb.com\/hu\/international-removals\/\" data-internallinksmanager029f6b8e52c=\"27\" title=\"36 legjobb nemzetk\u00f6zi k\u00f6lt\u00f6ztet\u0151 c\u00e9gek az Egyes\u00fclt Kir\u00e1lys\u00e1gban\">k\u00f6lt\u00f6ztet\u0151 c\u00e9gek<\/a> amelyek tagjai a <a href=\"https:\/\/moverdb.com\/hu\/iam\/\" data-internallinksmanager029f6b8e52c=\"23\" title=\"A K\u00f6lt\u00f6ztet\u0151k Nemzetk\u00f6zi Sz\u00f6vets\u00e9ge (IAM) magyar\u00e1zata\">K\u00f6lt\u00f6ztet\u0151k Nemzetk\u00f6zi Sz\u00f6vets\u00e9ge<\/a> (IAM) \u00e9s\/vagy <a href=\"https:\/\/moverdb.com\/hu\/fidi-faim\/\" data-internallinksmanager029f6b8e52c=\"16\" title=\"FIDI &amp; FAIM (FIDI akkredit\u00e1lt nemzetk\u00f6zi fuvaroz\u00f3) magyar\u00e1zata\">FIDI<\/a> Akkredit\u00e1lt nemzetk\u00f6zi k\u00f6lt\u00f6ztet\u0151 (FAIM), aki seg\u00edthet \u00d6nnek a k\u00f6lt\u00f6z\u00e9sben.<\/p>\n<h2><strong>1. AB mozgat\u00e1s<\/strong><\/h2>\n<p><img loading=\"lazy\" decoding=\"async\" class=\"alignnone size-full wp-image-10064\" src=\"https:\/\/moverdb.com\/wp-content\/uploads\/AB-Moving-international-moving-company.png\" alt=\"AB Moving nemzetk\u00f6zi k\u00f6lt\u00f6ztet\u0151 c\u00e9g\" width=\"1440\" height=\"679\" data-wp-pid=\"10064\" srcset=\"https:\/\/moverdb.com\/wp-content\/uploads\/AB-Moving-international-moving-company.png 1440w, https:\/\/moverdb.com\/wp-content\/uploads\/AB-Moving-international-moving-company-300x141.png 300w, https:\/\/moverdb.com\/wp-content\/uploads\/AB-Moving-international-moving-company-1024x483.png 1024w, https:\/\/moverdb.com\/wp-content\/uploads\/AB-Moving-international-moving-company-18x8.png 18w, https:\/\/moverdb.com\/wp-content\/uploads\/AB-Moving-international-moving-company-600x283.png 600w\" sizes=\"auto, (max-width: 1440px) 100vw, 1440px\" \/><\/p>\n<ul>\n<li>Nemzeti l\u00e9p\u00e9sek<\/li>\n<li>Nemzetk\u00f6zi k\u00f6lt\u00f6z\u00e9sek<\/li>\n<li>H\u00e1ztart\u00e1si k\u00f6lt\u00f6z\u00e9sek<\/li>\n<li>\u00dczleti l\u00e9p\u00e9sek<\/li>\n<li>K\u00f6lt\u00f6ztet\u00e9si szolg\u00e1ltat\u00e1sok<\/li>\n<li>Professzion\u00e1lis csomagol\u00e1s<\/li>\n<li>L\u00e9gi, tengeri \u00e9s sz\u00e1razf\u00f6ldi sz\u00e1ll\u00edt\u00e1s<\/li>\n<li>M\u0171v\u00e9szet kezel\u00e9se<\/li>\n<li>H\u00e1zi\u00e1llat \u00e1thelyez\u00e9sek<\/li>\n<li>Biztons\u00e1gos t\u00e1rol\u00e1s<\/li>\n<\/ul>\n<p>Az AB Moving egy t\u00f6bb mint 25 \u00e9ves tapasztalattal rendelkez\u0151 nemzetk\u00f6zi k\u00f6lt\u00f6ztet\u0151 \u00e9s k\u00f6lt\u00f6ztet\u0151 c\u00e9g, amelynek sz\u00e9khelye Montevide\u00f3ban tal\u00e1lhat\u00f3. \u00dcgyn\u00f6kh\u00e1l\u00f3zattal rendelkeznek szerte a vil\u00e1gon, amely lehet\u0151v\u00e9 teszi sz\u00e1mukra, hogy a vil\u00e1g b\u00e1rmely pontj\u00e1ra sz\u00e1ll\u00edthassanak k\u00f6lt\u00f6z\u00e9seket. Az IAM tagjak\u00e9nt 15 \u00e9ves szolg\u00e1lati id\u0151vel rendelkeznek.<\/p>\n<p>Az AB Moving szem\u00e9lyre szabott szolg\u00e1ltat\u00e1sokat ny\u00fajt, amelyek az \u00d6n ig\u00e9nyeihez igazodnak, \u00e9s h\u00e1zt\u00f3l-h\u00e1zig szolg\u00e1ltat\u00e1st ny\u00fajtanak. Professzion\u00e1lis csomagol\u00e1si szolg\u00e1ltat\u00e1st ny\u00fajtanak, amely kiv\u00e1l\u00f3 min\u0151s\u00e9g\u0171 anyagokat \u00e9s egyedi fa v\u00e1zakat haszn\u00e1l a t\u00e1rgyak v\u00e9delm\u00e9re. Megszervezik a l\u00e9gi, tengeri vagy k\u00f6z\u00fati sz\u00e1ll\u00edt\u00e1st az \u00f6sszes sz\u00fcks\u00e9ges dokument\u00e1ci\u00f3val egy\u00fctt.<\/p>\n<p>Weboldal: <a href=\"http:\/\/www.ab.com.uy\" target=\"_blank\" rel=\"noopener\">http:\/\/www.ab.com.uy<\/a><\/p>\n<h2><strong>2. Autogiro<\/strong><\/h2>\n<p><img loading=\"lazy\" decoding=\"async\" class=\"alignnone size-full wp-image-10085\" src=\"https:\/\/moverdb.com\/wp-content\/uploads\/Autogiro-international-moving-company.png\" alt=\"Autogiro nemzetk\u00f6zi k\u00f6lt\u00f6ztet\u0151 c\u00e9g\" width=\"1440\" height=\"682\" data-wp-pid=\"10085\" srcset=\"https:\/\/moverdb.com\/wp-content\/uploads\/Autogiro-international-moving-company.png 1440w, https:\/\/moverdb.com\/wp-content\/uploads\/Autogiro-international-moving-company-300x142.png 300w, https:\/\/moverdb.com\/wp-content\/uploads\/Autogiro-international-moving-company-1024x485.png 1024w, https:\/\/moverdb.com\/wp-content\/uploads\/Autogiro-international-moving-company-18x9.png 18w, https:\/\/moverdb.com\/wp-content\/uploads\/Autogiro-international-moving-company-600x284.png 600w\" sizes=\"auto, (max-width: 1440px) 100vw, 1440px\" \/><\/p>\n<ul>\n<li>Nemzeti l\u00e9p\u00e9sek<\/li>\n<li>Nemzetk\u00f6zi k\u00f6lt\u00f6z\u00e9sek<\/li>\n<li>Lakoss\u00e1gi k\u00f6lt\u00f6z\u00e9sek<\/li>\n<li>V\u00e1llalati k\u00f6lt\u00f6ztet\u00e9sek<\/li>\n<li>K\u00f6lt\u00f6ztet\u00e9si szolg\u00e1ltat\u00e1sok<\/li>\n<li>Csomagol\u00e1si szolg\u00e1ltat\u00e1s<\/li>\n<li>Sz\u00e1ll\u00edt\u00e1si meg\u00e1llapod\u00e1sok<\/li>\n<li>M\u0171v\u00e9szi munka kezel\u00e9se<\/li>\n<li>H\u00e1zi\u00e1llat sz\u00e1ll\u00edt\u00e1s<\/li>\n<li>Biztons\u00e1gos t\u00e1rol\u00e1s<\/li>\n<\/ul>\n<p>Az Autogiro egy 1925-ben alap\u00edtott, Montevide\u00f3ban sz\u00e9khellyel rendelkez\u0151 k\u00f6lt\u00f6ztet\u0151 \u00e9s tehersz\u00e1ll\u00edt\u00f3 v\u00e1llalat. Olyan \u00fcgyn\u00f6k\u00f6kkel alak\u00edtottak ki kapcsolatokat szerte a vil\u00e1gon, akik magas sz\u00ednvonalon sz\u00e1ll\u00edtanak, hogy seg\u00edts\u00e9k \u0151ket a nemzetk\u00f6zi szolg\u00e1ltat\u00e1sok ny\u00fajt\u00e1s\u00e1ban. Az IAM tagja 98 \u00e9ves szolg\u00e1lati id\u0151vel, \u00e9s a FIDI \u00e1ltal akkredit\u00e1ltak.<\/p>\n<p>Az Autogiro el\u0151sz\u00f6r megbecs\u00fcli a k\u00f6lt\u00f6z\u00e9s volumen\u00e9t, \u00e9s \u00e1raj\u00e1nlatot ad a h\u00e1zt\u00f3l-h\u00e1zig t\u00f6rt\u00e9n\u0151 k\u00f6lt\u00f6z\u00e9sre, v\u00e1m\u00fcgyi tan\u00e1csad\u00e1ssal egy\u00fctt. Becsomagolj\u00e1k \u00e9s MDF-fi\u00f3kokba v\u00e9dik ing\u00f3s\u00e1gait, \u00e9s megfelelnek a t\u00f6r\u00e9keny t\u00e1rgyakra vonatkoz\u00f3 nemzetk\u00f6zi el\u0151\u00edr\u00e1soknak. A kont\u00e9nerekbe vagy fal\u00e1d\u00e1kba rakodnak, \u00e9s lelt\u00e1rral ell\u00e1tva elsz\u00e1ll\u00edtj\u00e1k azokat a c\u00e9l\u00e1llom\u00e1sra.<\/p>\n<p>Weboldal: <a href=\"http:\/\/www.autogiro.com.uy\" target=\"_blank\" rel=\"noopener\">http:\/\/www.autogiro.com.uy<\/a><\/p>\n<h2><strong>3. Uruvan<\/strong><\/h2>\n<p><img loading=\"lazy\" decoding=\"async\" class=\"alignnone size-full wp-image-10251\" src=\"https:\/\/moverdb.com\/wp-content\/uploads\/Uruvan-international-moving-company-1.png\" alt=\"Uruvan nemzetk\u00f6zi k\u00f6lt\u00f6ztet\u0151 c\u00e9g\" width=\"1440\" height=\"709\" data-wp-pid=\"10251\" srcset=\"https:\/\/moverdb.com\/wp-content\/uploads\/Uruvan-international-moving-company-1.png 1440w, https:\/\/moverdb.com\/wp-content\/uploads\/Uruvan-international-moving-company-1-300x148.png 300w, https:\/\/moverdb.com\/wp-content\/uploads\/Uruvan-international-moving-company-1-1024x504.png 1024w, https:\/\/moverdb.com\/wp-content\/uploads\/Uruvan-international-moving-company-1-18x9.png 18w, https:\/\/moverdb.com\/wp-content\/uploads\/Uruvan-international-moving-company-1-600x295.png 600w\" sizes=\"auto, (max-width: 1440px) 100vw, 1440px\" \/><\/p>\n<ul>\n<li>Nemzeti k\u00f6lt\u00f6ztet\u00e9sek<\/li>\n<li>Nemzetk\u00f6zi k\u00f6lt\u00f6ztet\u00e9sek<\/li>\n<li>H\u00e1ztart\u00e1si k\u00f6lt\u00f6z\u00e9sek<\/li>\n<li>V\u00e1llalati k\u00f6lt\u00f6ztet\u00e9sek<\/li>\n<li>K\u00f6lt\u00f6ztet\u00e9si szolg\u00e1ltat\u00e1sok<\/li>\n<li>Csomagol\u00e1si szolg\u00e1ltat\u00e1s<\/li>\n<li>V\u00e1mkezel\u00e9s<\/li>\n<li>M\u0171v\u00e9szeti sz\u00e1ll\u00edt\u00e1s<\/li>\n<li>\u00c1llatsz\u00e1ll\u00edt\u00e1s<\/li>\n<li>Rakt\u00e1roz\u00e1si lehet\u0151s\u00e9gek<\/li>\n<\/ul>\n<p>Az Uruvan egy 1982-ben alakult, Montevide\u00f3ban sz\u00e9khellyel \u00e9s egy Punta del Etse-i irod\u00e1val rendelkez\u0151 nemzeti \u00e9s nemzetk\u00f6zi k\u00f6lt\u00f6ztet\u0151 c\u00e9g, amely sz\u00e1ll\u00edtm\u00e1nyoz\u00e1si \u00e9s rakt\u00e1roz\u00e1si szolg\u00e1ltat\u00e1sokat k\u00edn\u00e1l. Vil\u00e1gszerte \u00fcgyn\u00f6ks\u00e9gekkel dolgoznak egy\u00fctt, hogy szolg\u00e1ltat\u00e1sokat ny\u00fajtsanak Uruguayban \u00e9s nemzetk\u00f6zi szinten. Az IAM tagja, 41 \u00e9ves szolg\u00e1lati id\u0151vel, \u00e9s a FIDI \u00e1ltal akkredit\u00e1lt.<\/p>\n<p>Az Uruvan h\u00e1zt\u00f3l-h\u00e1zig tart\u00f3 k\u00f6lt\u00f6ztet\u00e9si szolg\u00e1ltat\u00e1sokat k\u00edn\u00e1l, amelyek egy otthoni felm\u00e9r\u00e9ssel kezd\u0151dnek, hogy felm\u00e9rj\u00fck az \u00d6n ig\u00e9nyeit \u00e9s \u00e1raj\u00e1nlatot adjunk. \u0150k koordin\u00e1lj\u00e1k a k\u00f6lt\u00f6z\u00e9st, megszervezik a sz\u00e1ll\u00edt\u00e1st, a csomagol\u00e1st \u00e9s a v\u00e1mkezel\u00e9st. Professzion\u00e1lis k\u00f6lt\u00f6ztet\u0151 csapatuk megfelel\u0151 csomagol\u00f3anyagokkal csomagolja be a t\u00e1rgyait, hogy megv\u00e9dje azokat az \u00faj otthon\u00e1ba t\u00f6rt\u00e9n\u0151 sz\u00e1ll\u00edt\u00e1s sor\u00e1n.<\/p>\n<p>Weboldal: <a href=\"http:\/\/www.uruvan.com.uy\" target=\"_blank\" rel=\"noopener\">http:\/\/www.uruvan.com.uy<\/a><\/p>","protected":false},"excerpt":{"rendered":"<p>Moving home or your business can be a hectic and stressful time with a lot to do and arrange. This is where a moving company can help you by taking on many of the tasks such as packing, arranging transportation and handling customs arrangements for inter-country moves. Below we have compiled a list of Uruguay [&hellip;]<\/p>\n","protected":false},"author":4,"featured_media":10064,"parent":190,"menu_order":0,"comment_status":"closed","ping_status":"closed","template":"","meta":{"_genesis_hide_title":false,"_genesis_hide_breadcrumbs":false,"_genesis_hide_singular_image":false,"_genesis_hide_footer_widgets":false,"_genesis_custom_body_class":"","_genesis_custom_post_class":"","_genesis_layout":"","footnotes":""},"class_list":{"0":"post-10249","1":"page","2":"type-page","3":"status-publish","4":"has-post-thumbnail","6":"entry"},"_links":{"self":[{"href":"https:\/\/moverdb.com\/hu\/wp-json\/wp\/v2\/pages\/10249","targetHints":{"allow":["GET"]}}],"collection":[{"href":"https:\/\/moverdb.com\/hu\/wp-json\/wp\/v2\/pages"}],"about":[{"href":"https:\/\/moverdb.com\/hu\/wp-json\/wp\/v2\/types\/page"}],"author":[{"embeddable":true,"href":"https:\/\/moverdb.com\/hu\/wp-json\/wp\/v2\/users\/4"}],"replies":[{"embeddable":true,"href":"https:\/\/moverdb.com\/hu\/wp-json\/wp\/v2\/comments?post=10249"}],"version-history":[{"count":1,"href":"https:\/\/moverdb.com\/hu\/wp-json\/wp\/v2\/pages\/10249\/revisions"}],"predecessor-version":[{"id":10252,"href":"https:\/\/moverdb.com\/hu\/wp-json\/wp\/v2\/pages\/10249\/revisions\/10252"}],"up":[{"embeddable":true,"href":"https:\/\/moverdb.com\/hu\/wp-json\/wp\/v2\/pages\/190"}],"wp:featuredmedia":[{"embeddable":true,"href":"https:\/\/moverdb.com\/hu\/wp-json\/wp\/v2\/media\/10064"}],"wp:attachment":[{"href":"https:\/\/moverdb.com\/hu\/wp-json\/wp\/v2\/media?parent=10249"}],"curies":[{"name":"wp","href":"https:\/\/api.w.org\/{rel}","templated":true}]}}