{"id":10236,"date":"2023-06-22T15:46:14","date_gmt":"2023-06-22T15:46:14","guid":{"rendered":"https:\/\/moverdb.com\/?page_id=10236"},"modified":"2026-01-08T15:23:51","modified_gmt":"2026-01-08T15:23:51","slug":"moving-companies-trinidad-and-tobago","status":"publish","type":"page","link":"https:\/\/moverdb.com\/hu\/moving-companies\/moving-companies-trinidad-and-tobago\/","title":{"rendered":"2 A legjobb nemzetk\u00f6zi k\u00f6lt\u00f6ztet\u0151 c\u00e9gek Trinidad \u00e9s Tobago ter\u00fclet\u00e9n"},"content":{"rendered":"<p>Trinidad \u00e9s Tobag\u00f3n bel\u00fcl, oda vagy onnan tervez k\u00f6lt\u00f6zni? A szolg\u00e1ltat\u00e1sainak ig\u00e9nybev\u00e9tele egy <a href=\"https:\/\/moverdb.com\/hu\/moving-companies\/\" data-internallinksmanager029f6b8e52c=\"79\" title=\"Top 25 nemzetk\u00f6zi k\u00f6lt\u00f6ztet\u0151 c\u00e9gek online\">k\u00f6lt\u00f6ztet\u0151 c\u00e9g<\/a> megk\u00f6nny\u00edtheti a k\u00f6lt\u00f6z\u00e9si folyamatot \u00e9s cs\u00f6kkentheti a stresszt. Az al\u00e1bbiakban \u00f6ssze\u00e1ll\u00edtottunk egy list\u00e1t a Trinidad \u00e9s Tobago sz\u00e9khely\u0171 <a href=\"https:\/\/moverdb.com\/hu\/international-removals\/\" data-internallinksmanager029f6b8e52c=\"27\" title=\"36 legjobb nemzetk\u00f6zi k\u00f6lt\u00f6ztet\u0151 c\u00e9gek az Egyes\u00fclt Kir\u00e1lys\u00e1gban\">k\u00f6lt\u00f6ztet\u0151 c\u00e9gek<\/a> amelyek tagjai a <a href=\"https:\/\/moverdb.com\/hu\/iam\/\" data-internallinksmanager029f6b8e52c=\"23\" title=\"A K\u00f6lt\u00f6ztet\u0151k Nemzetk\u00f6zi Sz\u00f6vets\u00e9ge (IAM) magyar\u00e1zata\">K\u00f6lt\u00f6ztet\u0151k Nemzetk\u00f6zi Sz\u00f6vets\u00e9ge<\/a> (IAM) \u00e9s\/vagy <a href=\"https:\/\/moverdb.com\/hu\/fidi-faim\/\" data-internallinksmanager029f6b8e52c=\"16\" title=\"FIDI &amp; FAIM (FIDI akkredit\u00e1lt nemzetk\u00f6zi fuvaroz\u00f3) magyar\u00e1zata\">FIDI<\/a> Akkredit\u00e1lt nemzetk\u00f6zi k\u00f6lt\u00f6ztet\u0151 (FAIM), aki seg\u00edthet \u00d6nnek a k\u00f6lt\u00f6z\u00e9sben.<\/p>\n<h2><strong>1. AJ Mauritzen<\/strong><\/h2>\n<p><img loading=\"lazy\" decoding=\"async\" class=\"alignnone size-full wp-image-10072\" src=\"https:\/\/moverdb.com\/wp-content\/uploads\/AJ-Mauritzen-international-moving-company.png\" alt=\"AJ Mauritzen nemzetk\u00f6zi k\u00f6lt\u00f6ztet\u0151 c\u00e9g\" width=\"1440\" height=\"680\" data-wp-pid=\"10072\" srcset=\"https:\/\/moverdb.com\/wp-content\/uploads\/AJ-Mauritzen-international-moving-company.png 1440w, https:\/\/moverdb.com\/wp-content\/uploads\/AJ-Mauritzen-international-moving-company-300x142.png 300w, https:\/\/moverdb.com\/wp-content\/uploads\/AJ-Mauritzen-international-moving-company-1024x484.png 1024w, https:\/\/moverdb.com\/wp-content\/uploads\/AJ-Mauritzen-international-moving-company-18x9.png 18w, https:\/\/moverdb.com\/wp-content\/uploads\/AJ-Mauritzen-international-moving-company-600x283.png 600w\" sizes=\"auto, (max-width: 1440px) 100vw, 1440px\" \/><\/p>\n<ul>\n<li>Nemzetk\u00f6zi k\u00f6lt\u00f6z\u00e9sek<\/li>\n<li>H\u00e1ztart\u00e1si k\u00f6lt\u00f6z\u00e9sek<\/li>\n<li>Kereskedelmi k\u00f6lt\u00f6z\u00e9sek<\/li>\n<li>K\u00f6lt\u00f6ztet\u00e9si szolg\u00e1ltat\u00e1sok<\/li>\n<li>Csomagol\u00e1si szolg\u00e1ltat\u00e1s<\/li>\n<li>Sz\u00e1razf\u00f6ldi, tengeri \u00e9s l\u00e9gi k\u00f6zleked\u00e9s<\/li>\n<li>V\u00e1mkezel\u00e9s<\/li>\n<li>Biztos\u00edt\u00e1s<\/li>\n<li>H\u00e1zi\u00e1llat sz\u00e1ll\u00edt\u00e1s<\/li>\n<li>Rakt\u00e1roz\u00e1si lehet\u0151s\u00e9gek<\/li>\n<\/ul>\n<p>Az AJ Mauritzen egy 1948-ban alap\u00edtott, vil\u00e1gszerte m\u0171k\u00f6d\u0151 k\u00f6lt\u00f6ztet\u0151 c\u00e9g. <a href=\"https:\/\/moverdb.com\/hu\/top-49-container-ports\/\" data-internallinksmanager029f6b8e52c=\"80\" title=\"Top 49 legnagyobb \u00e9s legforgalmasabb kont\u00e9nerkik\u00f6t\u0151 2025-ben\">Port<\/a> of <a href=\"https:\/\/moverdb.com\/hu\/moving-to-spain\/\" data-internallinksmanager029f6b8e52c=\"266\" title=\"Spanyolorsz\u00e1gba k\u00f6lt\u00f6zik? 2023 \u00c9letk\u00f6lts\u00e9gek \u00e9s k\u00f6lt\u00f6z\u00e9si tippek\">Spanyolorsz\u00e1g<\/a>. Hozz\u00e1f\u00e9r\u00e9s\u00fck van mintegy 600 nemzetk\u00f6zi k\u00f6lt\u00f6ztet\u0151 szervezethez, amelyek a vil\u00e1g minden t\u00e1j\u00e1n tudnak seg\u00edteni nekik k\u00f6lt\u00f6ztet\u00e9si szolg\u00e1ltat\u00e1sokkal. Tagjai az IAM-nek \u00e9s a FIDI \u00e1ltal akkredit\u00e1ltak.<\/p>\n<p>Az AJ Mauritzen csomagol\u00e1si szolg\u00e1ltat\u00e1st k\u00edn\u00e1l, amely mag\u00e1ban foglalja a t\u00e1rgyak v\u00e9delm\u00e9t \u00e9s a t\u00f6r\u00e9keny t\u00e1rgyakra vonatkoz\u00f3 extra gondoskod\u00e1st, mint p\u00e9ld\u00e1ul az egyedi k\u00e9sz\u00edt\u00e9s\u0171 tokok \u00e9s l\u00e1d\u00e1k. Sz\u00e1razf\u00f6ldi, tengeri vagy l\u00e9gi sz\u00e1ll\u00edt\u00e1st biztos\u00edtanak v\u00e1mkezel\u00e9ssel egy\u00fctt. \u00c1llat\u00e1tk\u00f6lt\u00f6ztet\u00e9st \u00e9s c\u00e9l\u00e1llom\u00e1s-\u00e1thelyez\u00e9si menedzsmentet is k\u00edn\u00e1lnak, bele\u00e9rtve az otthon- \u00e9s iskolakeres\u00e9st, t\u00e1j\u00e9koz\u00f3d\u00e1st, v\u00edzumokat \u00e9s enged\u00e9lyeket.<\/p>\n<p>Weboldal: <a href=\"http:\/\/www.ajmauritzen.com\" target=\"_blank\" rel=\"noopener\">http:\/\/www.ajmauritzen.com<\/a><\/p>\n<h2><strong>2. Azee Shipping &amp; Trading<\/strong><\/h2>\n<p><img loading=\"lazy\" decoding=\"async\" class=\"alignnone size-full wp-image-10086\" src=\"https:\/\/moverdb.com\/wp-content\/uploads\/Azee-Shipping-international-moving-company.png\" alt=\"Azee Shipping nemzetk\u00f6zi k\u00f6lt\u00f6ztet\u0151 c\u00e9g\" width=\"1440\" height=\"680\" data-wp-pid=\"10086\" srcset=\"https:\/\/moverdb.com\/wp-content\/uploads\/Azee-Shipping-international-moving-company.png 1440w, https:\/\/moverdb.com\/wp-content\/uploads\/Azee-Shipping-international-moving-company-300x142.png 300w, https:\/\/moverdb.com\/wp-content\/uploads\/Azee-Shipping-international-moving-company-1024x484.png 1024w, https:\/\/moverdb.com\/wp-content\/uploads\/Azee-Shipping-international-moving-company-18x9.png 18w, https:\/\/moverdb.com\/wp-content\/uploads\/Azee-Shipping-international-moving-company-600x283.png 600w\" sizes=\"auto, (max-width: 1440px) 100vw, 1440px\" \/><\/p>\n<ul>\n<li>Nemzeti l\u00e9p\u00e9sek<\/li>\n<li>Nemzetk\u00f6zi k\u00f6lt\u00f6z\u00e9sek<\/li>\n<li>H\u00e1ztart\u00e1si k\u00f6lt\u00f6z\u00e9sek<\/li>\n<li>H\u00e1zt\u00f3l h\u00e1zig vagy kik\u00f6t\u0151ig tart\u00f3 szolg\u00e1ltat\u00e1s<\/li>\n<li>Speci\u00e1lis csomagol\u00e1s<\/li>\n<li>L\u00e9gi, tengeri \u00e9s sz\u00e1razf\u00f6ldi sz\u00e1ll\u00edt\u00e1s<\/li>\n<li>V\u00e1m\u00fcgyn\u00f6ki tev\u00e9kenys\u00e9g<\/li>\n<li><a href=\"https:\/\/moverdb.com\/hu\/car-transport-shipping\/\" data-internallinksmanager029f6b8e52c=\"2\" title=\"2026 Nemzetk\u00f6zi aut\u00f3sz\u00e1ll\u00edt\u00e1s \u00e9s j\u00e1rm\u0171sz\u00e1ll\u00edt\u00e1s \u00e1raj\u00e1nlatok\">J\u00e1rm\u0171sz\u00e1ll\u00edt\u00e1s<\/a><\/li>\n<li>H\u00e1zi\u00e1llat \u00e1thelyez\u00e9s<\/li>\n<li>Rakt\u00e1roz\u00e1si lehet\u0151s\u00e9gek<\/li>\n<\/ul>\n<p>Az Azee Shipping &amp; Trading egy <a href=\"https:\/\/moverdb.com\/hu\/freight-forwarder\/\" data-internallinksmanager029f6b8e52c=\"17\" title=\"Sz\u00e1ll\u00edtm\u00e1nyoz\u00f3 \u00e9s NVOCC nemzetk\u00f6zi k\u00f6lts\u00e9g \u00e9s c\u00e9gek \u00fatmutat\u00f3ja\">sz\u00e1ll\u00edtm\u00e1nyoz\u00f3<\/a> \u00e9s k\u00f6lt\u00f6ztet\u0151 \u00fcgyn\u00f6k, amely m\u00e1s k\u00f6lt\u00f6ztet\u0151 c\u00e9gek nev\u00e9ben j\u00e1r el, \u00e9s sz\u00e9khelye San Juanban van. Egy nemzetk\u00f6zi k\u00f6lt\u00f6ztet\u0151\u00fcgyn\u00f6k-h\u00e1l\u00f3zat r\u00e9szei, amelyek egy\u00fcttm\u0171k\u00f6dve ny\u00fajtanak szolg\u00e1ltat\u00e1sokat az eg\u00e9sz vil\u00e1gon. Az IAM tagja.<\/p>\n<p>Az Azee Shipping &amp; Trading h\u00e1zt\u00f3l-h\u00e1zig vagy h\u00e1zt\u00f3l-kik\u00f6t\u0151ig k\u00f6lt\u00f6ztet\u00e9si szolg\u00e1ltat\u00e1sokat k\u00edn\u00e1l, amelyek magukban foglalj\u00e1k a szakk\u00e9pzett csomagol\u00f3 szem\u00e9lyzet \u00e1ltal ny\u00fajtott speci\u00e1lis csomagol\u00e1si \u00e9s l\u00e1d\u00e1z\u00e1si szolg\u00e1ltat\u00e1sokat. \u0150k a kiv\u00e1lasztott sz\u00e1ll\u00edt\u00e1si m\u00f3dnak megfelel\u0151en csomagolj\u00e1k be a holmij\u00e1t, legyen az l\u00e9gi, tengeri vagy k\u00f6z\u00fati sz\u00e1ll\u00edt\u00e1s. Alkalmazottak \u00e9s diplomat\u00e1k sz\u00e1m\u00e1ra is k\u00edn\u00e1lnak k\u00f6lt\u00f6ztet\u00e9si szolg\u00e1ltat\u00e1sokat.<\/p>\n<p>Weboldal: <a href=\"http:\/\/www.azeeshipping.com\" target=\"_blank\" rel=\"noopener\">http:\/\/www.azeeshipping.com<\/a><\/p>","protected":false},"excerpt":{"rendered":"<p>Are you planning on moving within, to or from Trinidad and Tobago? Enlisting the services of a moving company can ease the moving process and reduce the stress involved. Below we have compiled a list of Trinidad and Tobago based removal companies that are members of the International Association of Movers (IAM) and\/or FIDI Accredited [&hellip;]<\/p>\n","protected":false},"author":4,"featured_media":10072,"parent":190,"menu_order":0,"comment_status":"closed","ping_status":"closed","template":"","meta":{"_genesis_hide_title":false,"_genesis_hide_breadcrumbs":false,"_genesis_hide_singular_image":false,"_genesis_hide_footer_widgets":false,"_genesis_custom_body_class":"","_genesis_custom_post_class":"","_genesis_layout":"","footnotes":""},"class_list":{"0":"post-10236","1":"page","2":"type-page","3":"status-publish","4":"has-post-thumbnail","6":"entry"},"_links":{"self":[{"href":"https:\/\/moverdb.com\/hu\/wp-json\/wp\/v2\/pages\/10236","targetHints":{"allow":["GET"]}}],"collection":[{"href":"https:\/\/moverdb.com\/hu\/wp-json\/wp\/v2\/pages"}],"about":[{"href":"https:\/\/moverdb.com\/hu\/wp-json\/wp\/v2\/types\/page"}],"author":[{"embeddable":true,"href":"https:\/\/moverdb.com\/hu\/wp-json\/wp\/v2\/users\/4"}],"replies":[{"embeddable":true,"href":"https:\/\/moverdb.com\/hu\/wp-json\/wp\/v2\/comments?post=10236"}],"version-history":[{"count":3,"href":"https:\/\/moverdb.com\/hu\/wp-json\/wp\/v2\/pages\/10236\/revisions"}],"predecessor-version":[{"id":10284,"href":"https:\/\/moverdb.com\/hu\/wp-json\/wp\/v2\/pages\/10236\/revisions\/10284"}],"up":[{"embeddable":true,"href":"https:\/\/moverdb.com\/hu\/wp-json\/wp\/v2\/pages\/190"}],"wp:featuredmedia":[{"embeddable":true,"href":"https:\/\/moverdb.com\/hu\/wp-json\/wp\/v2\/media\/10072"}],"wp:attachment":[{"href":"https:\/\/moverdb.com\/hu\/wp-json\/wp\/v2\/media?parent=10236"}],"curies":[{"name":"wp","href":"https:\/\/api.w.org\/{rel}","templated":true}]}}