{"id":10223,"date":"2023-06-22T15:50:48","date_gmt":"2023-06-22T15:50:48","guid":{"rendered":"https:\/\/moverdb.com\/?page_id=10223"},"modified":"2026-01-08T15:30:17","modified_gmt":"2026-01-08T15:30:17","slug":"moving-companies-syria","status":"publish","type":"page","link":"https:\/\/moverdb.com\/hu\/moving-companies\/moving-companies-syria\/","title":{"rendered":"A legjobb nemzetk\u00f6zi k\u00f6lt\u00f6ztet\u0151 c\u00e9gek Sz\u00edri\u00e1ban"},"content":{"rendered":"<p>A k\u00f6lt\u00f6z\u00e9s stresszes \u00e9s \u00f6sszetett lehet, ha egy m\u00e1sik orsz\u00e1gba k\u00f6lt\u00f6zik, \u00edgy a k\u00f6lt\u00f6ztet\u00e9s egy <a href=\"https:\/\/moverdb.com\/hu\/moving-companies\/\" data-internallinksmanager029f6b8e52c=\"79\" title=\"Top 25 nemzetk\u00f6zi k\u00f6lt\u00f6ztet\u0151 c\u00e9gek online\">k\u00f6lt\u00f6ztet\u0151 c\u00e9g<\/a> hogy seg\u00edtsen \u00d6nnek, seg\u00edthet k\u00f6nny\u00edteni a terheken. Az al\u00e1bbiakban \u00f6ssze\u00e1ll\u00edtottunk egy list\u00e1t a sz\u00edriai <a href=\"https:\/\/moverdb.com\/hu\/international-removals\/\" data-internallinksmanager029f6b8e52c=\"27\" title=\"36 legjobb nemzetk\u00f6zi k\u00f6lt\u00f6ztet\u0151 c\u00e9gek az Egyes\u00fclt Kir\u00e1lys\u00e1gban\">k\u00f6lt\u00f6ztet\u0151 c\u00e9gek<\/a> amelyek tagjai a <a href=\"https:\/\/moverdb.com\/hu\/iam\/\" data-internallinksmanager029f6b8e52c=\"23\" title=\"A K\u00f6lt\u00f6ztet\u0151k Nemzetk\u00f6zi Sz\u00f6vets\u00e9ge (IAM) magyar\u00e1zata\">K\u00f6lt\u00f6ztet\u0151k Nemzetk\u00f6zi Sz\u00f6vets\u00e9ge<\/a> (IAM) \u00e9s\/vagy <a href=\"https:\/\/moverdb.com\/hu\/fidi-faim\/\" data-internallinksmanager029f6b8e52c=\"16\" title=\"FIDI &amp; FAIM (FIDI akkredit\u00e1lt nemzetk\u00f6zi fuvaroz\u00f3) magyar\u00e1zata\">FIDI<\/a> Akkredit\u00e1lt nemzetk\u00f6zi k\u00f6lt\u00f6ztet\u0151 (FAIM), aki seg\u00edthet \u00d6nnek a k\u00f6lt\u00f6z\u00e9sben.<\/p>\n<h2><strong>Dahbar International<\/strong><\/h2>\n<p><img loading=\"lazy\" decoding=\"async\" class=\"alignnone size-full wp-image-10096\" src=\"https:\/\/moverdb.com\/wp-content\/uploads\/Dahbar-International-moving-company.png\" alt=\"Dahbar Nemzetk\u00f6zi k\u00f6lt\u00f6ztet\u0151 c\u00e9g\" width=\"1440\" height=\"882\" data-wp-pid=\"10096\" srcset=\"https:\/\/moverdb.com\/wp-content\/uploads\/Dahbar-International-moving-company.png 1440w, https:\/\/moverdb.com\/wp-content\/uploads\/Dahbar-International-moving-company-300x184.png 300w, https:\/\/moverdb.com\/wp-content\/uploads\/Dahbar-International-moving-company-1024x627.png 1024w, https:\/\/moverdb.com\/wp-content\/uploads\/Dahbar-International-moving-company-18x12.png 18w, https:\/\/moverdb.com\/wp-content\/uploads\/Dahbar-International-moving-company-600x368.png 600w\" sizes=\"auto, (max-width: 1440px) 100vw, 1440px\" \/><\/p>\n<ul>\n<li>Nemzeti l\u00e9p\u00e9sek<\/li>\n<li>Nemzetk\u00f6zi k\u00f6lt\u00f6z\u00e9sek<\/li>\n<li>H\u00e1ztart\u00e1si k\u00f6lt\u00f6z\u00e9sek<\/li>\n<li>Kijel\u00f6lt k\u00f6lt\u00f6z\u00e9si koordin\u00e1tor<\/li>\n<li>H\u00e1zt\u00f3l-h\u00e1zig szolg\u00e1ltat\u00e1s<\/li>\n<li>Csomagol\u00e1si szolg\u00e1ltat\u00e1s<\/li>\n<li>Tengeri, l\u00e9gi \u00e9s sz\u00e1razf\u00f6ldi \u00e1rusz\u00e1ll\u00edt\u00e1s<\/li>\n<li>V\u00e1mkezel\u00e9s<\/li>\n<li>Biztos\u00edt\u00e1s<\/li>\n<li>Biztons\u00e1gos rakt\u00e1rhelyis\u00e9gek<\/li>\n<\/ul>\n<p>A Dahbar International egy 1963-ban alap\u00edtott nemzetk\u00f6zi k\u00f6lt\u00f6ztet\u0151 c\u00e9g, amelynek sz\u00e9khelye Damaszkuszban tal\u00e1lhat\u00f3. Szinte minden nagyobb v\u00e1rosban 900 szolg\u00e1ltat\u00f3 partnerb\u0151l \u00e1ll\u00f3 glob\u00e1lis h\u00e1l\u00f3zattal \u00e1llnak a seg\u00edts\u00e9g\u00fckre. Az IAM tagjak\u00e9nt 60 \u00e9ves szolg\u00e1lati id\u0151vel rendelkeznek.<\/p>\n<p>A Dahbar International h\u00e1zt\u00f3l-h\u00e1zig tart\u00f3 k\u00f6lt\u00f6z\u00e9si szolg\u00e1ltat\u00e1st \u00e9s kijel\u00f6lt k\u00f6lt\u00f6z\u00e9si koordin\u00e1tort k\u00edn\u00e1l, aki egy\u00e9ni tervez\u00e9si tan\u00e1csokat ad. Csomagol\u00e1si szolg\u00e1ltat\u00e1st ny\u00fajtanak a holmij\u00e1nak v\u00e9delme \u00e9rdek\u00e9ben, bele\u00e9rtve a t\u00f6r\u00e9keny t\u00e1rgyak l\u00e1d\u00e1it, \u00e9s mindent vonalk\u00f3ddal jel\u00f6lnek. Tengeri, l\u00e9gi vagy sz\u00e1razf\u00f6ldi sz\u00e1ll\u00edt\u00e1st biztos\u00edtanak, import \u00e9s export v\u00e1mkezel\u00e9ssel.<\/p>\n<p>Weboldal: <a href=\"http:\/\/www.dahbar.com\" target=\"_blank\" rel=\"noopener\">http:\/\/www.dahbar.com<\/a><\/p>","protected":false},"excerpt":{"rendered":"<p>Moving can be stressful and complex if you are moving to another country so employing a moving company to assist you can help lighten your load. Below we have compiled a list of Syrian removal companies that are members of the International Association of Movers (IAM) and\/or FIDI Accredited International Mover (FAIM) who could help [&hellip;]<\/p>\n","protected":false},"author":4,"featured_media":10096,"parent":190,"menu_order":0,"comment_status":"closed","ping_status":"closed","template":"","meta":{"_genesis_hide_title":false,"_genesis_hide_breadcrumbs":false,"_genesis_hide_singular_image":false,"_genesis_hide_footer_widgets":false,"_genesis_custom_body_class":"","_genesis_custom_post_class":"","_genesis_layout":"","footnotes":""},"class_list":{"0":"post-10223","1":"page","2":"type-page","3":"status-publish","4":"has-post-thumbnail","6":"entry"},"_links":{"self":[{"href":"https:\/\/moverdb.com\/hu\/wp-json\/wp\/v2\/pages\/10223","targetHints":{"allow":["GET"]}}],"collection":[{"href":"https:\/\/moverdb.com\/hu\/wp-json\/wp\/v2\/pages"}],"about":[{"href":"https:\/\/moverdb.com\/hu\/wp-json\/wp\/v2\/types\/page"}],"author":[{"embeddable":true,"href":"https:\/\/moverdb.com\/hu\/wp-json\/wp\/v2\/users\/4"}],"replies":[{"embeddable":true,"href":"https:\/\/moverdb.com\/hu\/wp-json\/wp\/v2\/comments?post=10223"}],"version-history":[{"count":1,"href":"https:\/\/moverdb.com\/hu\/wp-json\/wp\/v2\/pages\/10223\/revisions"}],"predecessor-version":[{"id":10224,"href":"https:\/\/moverdb.com\/hu\/wp-json\/wp\/v2\/pages\/10223\/revisions\/10224"}],"up":[{"embeddable":true,"href":"https:\/\/moverdb.com\/hu\/wp-json\/wp\/v2\/pages\/190"}],"wp:featuredmedia":[{"embeddable":true,"href":"https:\/\/moverdb.com\/hu\/wp-json\/wp\/v2\/media\/10096"}],"wp:attachment":[{"href":"https:\/\/moverdb.com\/hu\/wp-json\/wp\/v2\/media?parent=10223"}],"curies":[{"name":"wp","href":"https:\/\/api.w.org\/{rel}","templated":true}]}}