{"id":988,"date":"2017-02-24T08:48:27","date_gmt":"2017-02-24T08:48:27","guid":{"rendered":"http:\/\/moverdb.com\/?page_id=988"},"modified":"2026-01-08T14:40:00","modified_gmt":"2026-01-08T14:40:00","slug":"demenageurs-diles","status":"publish","type":"page","link":"https:\/\/moverdb.com\/fr\/island-movers\/","title":{"rendered":"Island Movers - Avis sur les d\u00e9m\u00e9nagements internationaux"},"content":{"rendered":"<p>Island Movers est bas\u00e9e \u00e0 Honolulu et propose \u00e0 ses clients une gamme de services de d\u00e9m\u00e9nagement dont la liste figure ci-dessous, ainsi qu'un profil de l'entreprise et des avis. <\/p>\n<p><strong>D\u00e9m\u00e9nagements internationaux - <a href=\"https:\/\/moverdb.com\/fr\/moving-to-the-united-states\/\" data-internallinksmanager029f6b8e52c=\"94\" title=\"Vous partez aux \u00c9tats-Unis ? 2026 Co\u00fbt de la vie et conseils de relocalisation\">US<\/a> et le monde<\/strong><\/p>\n<ul>\n<li> Coordinateur de d\u00e9m\u00e9nagement personnel<\/li>\n<li> Service de porte \u00e0 porte<\/li>\n<li> Emballage individuel ou service d'emballage complet<\/li>\n<li> Cartons fournis<\/li>\n<li> Service de d\u00e9ballage<\/li>\n<li> Fret maritime et fret a\u00e9rien<\/li>\n<li> Assistance en mati\u00e8re de douane<\/li>\n<li> Assurance souscrite<\/li>\n<\/ul>\n<p><strong>D\u00e9m\u00e9nagements personnels<\/strong><\/p>\n<ul>\n<li> Dans la m\u00eame \u00eele - co\u00fbt en fonction du temps<\/li>\n<li> Vers une autre \u00eele - co\u00fbt bas\u00e9 sur le poids<\/li>\n<li> Globalement<\/li>\n<li> Emballage individuel ou service d'emballage complet<\/li>\n<li> Cartons fournis<\/li>\n<li> Service de d\u00e9ballage<\/li>\n<li> Possibilit\u00e9 de stockage \u00e0 court et \u00e0 long terme<\/li>\n<li> Stockage portable disponible<\/li>\n<\/ul>\n<p><strong>D\u00e9m\u00e9nagement d'entreprises<\/strong><\/p>\n<ul>\n<li> Petits ou grands d\u00e9m\u00e9nagements<\/li>\n<li> Il est recommand\u00e9 d'emballer ses propres documents<\/li>\n<li> Possibilit\u00e9 de stockage \u00e0 court et \u00e0 long terme<\/li>\n<li> Stockage portable disponible<\/li>\n<li> D\u00e9montage et remontage de meubles<\/li>\n<\/ul>\n<p><strong>Autres services<\/strong><\/p>\n<ul>\n<li> Installations de stockage et unit\u00e9s de stockage<\/li>\n<li> Services de camionnage et de transport<\/li>\n<li> Fret inter-\u00eeles consolid\u00e9<\/li>\n<li> Services d'entreposage et de distribution<\/li>\n<li> US Customs and Agriculture - Central Examination Station<\/li>\n<li> R\u00e9novation de l'h\u00f4tel <\/li>\n<li> Services contractuels de livraison \u00e0 domicile<\/li>\n<li> Services de conventions internationales<\/li>\n<li> Syst\u00e8mes d'enregistrement Pro-File<\/li>\n<li> Services de messagerie et de v\u00e9hicules blind\u00e9s<\/li>\n<li> Stockage et vente de conteneurs<\/li>\n<\/ul>\n<h2>Profil de l'entreprise Island Movers<\/h2>\n<p>Island Movers Inc. est une entreprise familiale situ\u00e9e dans le nord de l'Angleterre. <a href=\"https:\/\/moverdb.com\/fr\/moving-to-the-united-states\/moving-to-hawaii\/\" data-internallinksmanager029f6b8e52c=\"403\" title=\"Vous d\u00e9m\u00e9nagez \u00e0 Hawa\u00ef ? 2026 Co\u00fbts de la vie et conseils de relocalisation\">Hawa\u00ef<\/a> qui a \u00e9t\u00e9 cr\u00e9\u00e9e en 1958. Dans les ann\u00e9es 1960, l'entreprise a \u00e9t\u00e9 reprise par Donald Takaki et est rest\u00e9e dans la famille depuis lors. Il s'agit d'une entreprise fi\u00e8rement hawa\u00efenne qui entretient des liens \u00e9troits avec le continent et l'\u00e9tranger. Island Movers fait partie des 250 premi\u00e8res entreprises de l'\u00c9tat d'Hawa\u00ef. C'est la plus grande entreprise de services de transport diversifi\u00e9s de la r\u00e9gion. <\/p>\n<p>Island Movers est sp\u00e9cialis\u00e9e dans le camionnage g\u00e9n\u00e9ral, le d\u00e9m\u00e9nagement (local et international) et les livraisons \u00e0 domicile. Island Movers fait partie du groupe Hawktree International et emploie plus de 250 personnes. La majorit\u00e9 des activit\u00e9s d'Island Movers concerne les entreprises, y compris la relocalisation des employ\u00e9s \u00e0 l'\u00e9chelle internationale. Les d\u00e9m\u00e9nagements internationaux sont organis\u00e9s par le biais de partenariats mondiaux. <\/p>\n<p>Island Movers Inc poss\u00e8de les accr\u00e9ditations et affiliations suivantes :<\/p>\n<ul>\n<li> Association panam\u00e9ricaine des d\u00e9m\u00e9nageurs internationaux (PAIMA)<\/li>\n<li> <a href=\"https:\/\/moverdb.com\/fr\/je-suis\/\">Association internationale des d\u00e9m\u00e9nageurs<\/a> (<a href=\"https:\/\/moverdb.com\/fr\/iam\/\" data-internallinksmanager029f6b8e52c=\"23\" title=\"L&#039;Association internationale des d\u00e9m\u00e9nageurs (IAM) expliqu\u00e9e\">IAM<\/a>)<\/li>\n<li> <a href=\"https:\/\/moverdb.com\/fr\/amsa\/\">Association am\u00e9ricaine des d\u00e9m\u00e9nageurs et des entrepositaires<\/a> (<a href=\"https:\/\/moverdb.com\/fr\/amsa\/\" data-internallinksmanager029f6b8e52c=\"5\" title=\"Explication de l&#039;Association am\u00e9ricaine de d\u00e9m\u00e9nagement et d&#039;entreposage (AMSA)\">AMSA<\/a>)<\/li>\n<li> Bureau d'\u00e9thique commerciale (BBB)<\/li>\n<\/ul>\n<h2>Avis sur Island Movers<\/h2>\n<p><strong>Positif :<\/strong><\/p>\n<ul>\n<li> <em>\"Le stress et l'inqui\u00e9tude que nous avons ressentis lors de notre d\u00e9m\u00e9nagement transpacifique ont \u00e9t\u00e9 att\u00e9nu\u00e9s lorsque Island Movers a pris en charge notre d\u00e9m\u00e9nagement, en nous aidant \u00e0 superviser les op\u00e9rations sur le continent. <a href=\"https:\/\/moverdb.com\/fr\/moving-companies\/\" data-internallinksmanager029f6b8e52c=\"79\" title=\"Les 25 meilleures soci\u00e9t\u00e9s de d\u00e9m\u00e9nagement international en ligne\">soci\u00e9t\u00e9 de d\u00e9m\u00e9nagement<\/a> ainsi qu'en nous donnant de bons conseils, en faisant preuve de comp\u00e9tence, en offrant un service client chaleureux et en respectant les d\u00e9lais. Je suis favorablement impressionn\u00e9 non seulement par le professionnalisme et la fiabilit\u00e9 d'Island Movers, mais aussi par l'esprit aloha chaleureux de tout le personnel d'Island Movers qui nous a aid\u00e9s \u00e0 d\u00e9m\u00e9nager !\"<\/em> - Jackie <a href=\"http:\/\/www.islandmovers.com\/personal-moves\/customer-testimonials\/\" target=\"_blank\" rel=\"noopener\">t\u00e9moignage d'un client<\/a><\/li>\n<li> <em>\"Un service vraiment exceptionnel !  Je suis si heureux d'avoir choisi le meilleur d'Hawa\u00ef !\"<\/em> - Gifford via <a href=\"https:\/\/www.yelp.com\/biz\/island-movers-inc-honolulu-4?hrid=Ew3UirYLCqyK2kHDFhwl1A&#038;utm_campaign=www_review_share_popup&#038;utm_medium=copy_link&#038;utm_source=(direct)\" target=\"_blank\" rel=\"noopener\">Yelp<\/a><\/li>\n<\/ul>\n<p><strong>N\u00e9gatif :<\/strong><\/p>\n<ul>\n<li> <em>\"Je ne pense pas que je les appellerais un jour pour me livrer ou me d\u00e9placer mais dans l'ensemble l'exp\u00e9rience \u00e9tait correcte.\"<\/em> - Angela via <a href=\"https:\/\/www.yelp.com\/biz\/island-movers-inc-honolulu-4?hrid=TFkdEA1IDuuzBJ-Psl0q_w&#038;utm_campaign=www_review_share_popup&#038;utm_medium=copy_link&#038;utm_source=(direct)\" target=\"_blank\" rel=\"noopener\">Yelp<\/a><\/li>\n<\/ul>\n<div itemprop=\"review\" itemscope itemtype=\"http:\/\/schema.org\/Review\">\n<span itemprop=\"author\" itemscope=\"\" itemtype=\"http:\/\/schema.org\/Organization\"><span itemprop=\"name\">MoverDB.com<\/span><\/span> Examen en ligne du site Web pour <span itemprop=\"itemreviewed\" itemscope=\"\" itemtype=\"http:\/\/schema.org\/Brand\"><span itemprop=\"name\">D\u00e9m\u00e9nageurs de l'\u00eele<\/span><\/span>:<\/p>\n<ol>\n<li> Coordonn\u00e9es claires sur le site web (y compris le num\u00e9ro de t\u00e9l\u00e9phone) : <strong>Oui<\/strong><\/li>\n<li> Facile \u00e0 obtenir <a href=\"https:\/\/moverdb.com\/fr\/citations\/\">devis de d\u00e9m\u00e9nagement<\/a>? (Formulaire de demande de devis en ligne) : <strong>Oui<\/strong><\/li>\n<li> Informations claires sur le site web : <strong>Oui,<\/strong> le site web \u00e9num\u00e8re les services qu'ils proposent, mais n'entre pas dans les d\u00e9tails.<\/li>\n<li> Adh\u00e9sion \u00e0 des organisations internationales de d\u00e9m\u00e9nagement reconnues : <strong>Oui<\/strong>(voir ci-dessus)<\/li>\n<li> Liste de clients et\/ou t\u00e9moignages de clients pr\u00e9c\u00e9dents : <strong>Oui,<\/strong> mais seulement quelques-uns sur leur site Web gagn\u00e9. Les commentaires des internautes sont g\u00e9n\u00e9ralement positifs.<\/li>\n<\/ol>\n<div itemprop=\"reviewRating\" itemscope itemtype=\"http:\/\/schema.org\/Rating\"><meta itemprop=\"worstRating\" content = \"0\" \/><meta itemprop=\"bestRating\" content=\"5\" \/><meta itemprop=\"ratingValue\" content=\"4.5\"><\/div>\n<p><strong>Note globale : 4,5\/5<\/strong><br \/>\n<strong>Date de r\u00e9vision :<\/strong> <span itemprop=\"datePublished\" content=\"2017-02-24\">24\/02\/2017<\/span>\n<\/div>\n<p>Plus d'informations sur <a href=\"https:\/\/moverdb.com\/fr\/entreprises-de-demenagement\/\">d\u00e9m\u00e9nageurs internationaux<\/a> et notre <a href=\"https:\/\/moverdb.com\/fr\/revues\/\">processus de r\u00e9vision<\/a>.<\/p>\n<p><strong>Site web :<\/strong> <a href=\"http:\/\/www.islandmovers.com\/\" target=\"_blank\" rel=\"noopener\">http:\/\/www.islandmovers.com\/<\/a><\/p>","protected":false},"excerpt":{"rendered":"<p>Island Movers is based in Honolulu and offers its customers a range of moving services which are list below, together with a company profile and reviews. International Moves &#8211; US and the World Personal move coordinator Door to door service Self-packing or full packing service Cartons provided Unpacking service Sea freight and air freight Assistance [&hellip;]<\/p>\n","protected":false},"author":1,"featured_media":0,"parent":0,"menu_order":0,"comment_status":"closed","ping_status":"closed","template":"","meta":{"_genesis_hide_title":false,"_genesis_hide_breadcrumbs":false,"_genesis_hide_singular_image":false,"_genesis_hide_footer_widgets":false,"_genesis_custom_body_class":"","_genesis_custom_post_class":"","_genesis_layout":"","footnotes":""},"class_list":{"0":"post-988","1":"page","2":"type-page","3":"status-publish","5":"entry"},"_links":{"self":[{"href":"https:\/\/moverdb.com\/fr\/wp-json\/wp\/v2\/pages\/988","targetHints":{"allow":["GET"]}}],"collection":[{"href":"https:\/\/moverdb.com\/fr\/wp-json\/wp\/v2\/pages"}],"about":[{"href":"https:\/\/moverdb.com\/fr\/wp-json\/wp\/v2\/types\/page"}],"author":[{"embeddable":true,"href":"https:\/\/moverdb.com\/fr\/wp-json\/wp\/v2\/users\/1"}],"replies":[{"embeddable":true,"href":"https:\/\/moverdb.com\/fr\/wp-json\/wp\/v2\/comments?post=988"}],"version-history":[{"count":4,"href":"https:\/\/moverdb.com\/fr\/wp-json\/wp\/v2\/pages\/988\/revisions"}],"predecessor-version":[{"id":13166,"href":"https:\/\/moverdb.com\/fr\/wp-json\/wp\/v2\/pages\/988\/revisions\/13166"}],"wp:attachment":[{"href":"https:\/\/moverdb.com\/fr\/wp-json\/wp\/v2\/media?parent=988"}],"curies":[{"name":"wp","href":"https:\/\/api.w.org\/{rel}","templated":true}]}}