{"id":955,"date":"2016-07-24T19:52:53","date_gmt":"2016-07-24T19:52:53","guid":{"rendered":"http:\/\/moverdb.com\/?page_id=955"},"modified":"2026-01-08T15:21:02","modified_gmt":"2026-01-08T15:21:02","slug":"demenageurs-us-canada","status":"publish","type":"page","link":"https:\/\/moverdb.com\/fr\/us-canada-movers\/","title":{"rendered":"Les 100 meilleurs d\u00e9m\u00e9nageurs nationaux et internationaux aux \u00c9tats-Unis et au Canada"},"content":{"rendered":"<p>Vous trouverez ci-dessous une liste des 100 plus grandes entreprises nationales et internationales. <a href=\"https:\/\/moverdb.com\/fr\/entreprises-de-demenagement\/\">soci\u00e9t\u00e9s de d\u00e9m\u00e9nagement international<\/a> le site <a href=\"https:\/\/moverdb.com\/fr\/moving-to-the-united-states\/\" data-internallinksmanager029f6b8e52c=\"94\" title=\"Vous partez aux \u00c9tats-Unis ? 2026 Co\u00fbt de la vie et conseils de relocalisation\">\u00c9tats-Unis<\/a> et <a href=\"https:\/\/moverdb.com\/fr\/moving-to-canada\/\" data-internallinksmanager029f6b8e52c=\"265\" title=\"D\u00e9m\u00e9nager au Canada ? 2026 Co\u00fbt de la vie et conseils de relocalisation\">Canada<\/a> sur la base du nombre de camions enregistr\u00e9s dans leur flotte. <\/p>\n<p>L'une de ces entreprises est susceptible d'\u00eatre la bonne pour votre d\u00e9m\u00e9nagement international, longue distance et\/ou inter-\u00c9tats.<\/p>\n<p><img loading=\"lazy\" decoding=\"async\" width=\"720\" height=\"480\" src=\"https:\/\/moverdb.com\/wp-content\/uploads\/Moving-truck.jpeg\" alt=\"Camion de d\u00e9m\u00e9nagement\" class=\"aligncenter size-full wp-image-1083\" srcset=\"https:\/\/moverdb.com\/wp-content\/uploads\/Moving-truck.jpeg 720w, https:\/\/moverdb.com\/wp-content\/uploads\/Moving-truck-300x200.jpeg 300w, https:\/\/moverdb.com\/wp-content\/uploads\/Moving-truck-600x400.jpeg 600w\" sizes=\"auto, (max-width: 720px) 100vw, 720px\" \/><\/p>\n<p>Les donn\u00e9es proviennent de <a href=\"http:\/\/www.movingcompanyreviews.com\/100-largest-moving-companies-of-the-us-and-canada\" target=\"_blank\" rel=\"noopener\">MovingCompanyReviews.com<\/a> qui indique les derni\u00e8res tailles de flotte ainsi que l'emplacement du si\u00e8ge social de chaque entreprise.<\/p>\n<p>Vous pouvez lire les profils de chaque entreprise ci-dessous : <\/p>\n<ol>\n<li> <a href=\"https:\/\/moverdb.com\/fr\/united-van-lines\/\"><strong>United Van Lines<\/strong><\/a> - Offre des d\u00e9m\u00e9nagements nationaux aux \u00c9tats-Unis et au Canada ainsi que des d\u00e9m\u00e9nagements internationaux dans le monde entier.<\/li>\n<li> <a href=\"https:\/\/moverdb.com\/fr\/u-pack-moving\/\"><strong>D\u00e9m\u00e9nagement U-Pack<\/strong><\/a> - ABF U-Pack Moving offre \u00e0 ses clients une vari\u00e9t\u00e9 de services pour le d\u00e9m\u00e9nagement et l'auto-emballage et le d\u00e9ballage aux \u00c9tats-Unis, au Canada et \u00e0 Porto Rico. <\/li>\n<li> <a href=\"https:\/\/moverdb.com\/fr\/atlas-van-lines-international\/\"><strong>Atlas Van Lines<\/strong><\/a> - Propose des d\u00e9m\u00e9nagements nationaux sous la marque Atlas Van Lines et des d\u00e9m\u00e9nagements internationaux sous la marque Atlas Van Lines International. Ces deux marques sont d\u00e9tenues par le Groupe Atlas World.<\/li>\n<li> <a href=\"https:\/\/moverdb.com\/fr\/mayflower-transit\/\"><strong>Mayflower Transit<\/strong><\/a> - Mayflower Transit propose une grande vari\u00e9t\u00e9 de services, allant du d\u00e9m\u00e9nagement et de l'entreposage \u00e0 faire soi-m\u00eame au service international complet sur mesure. <\/li>\n<li> <a href=\"https:\/\/moverdb.com\/fr\/allied-van-lines\/\"><strong>Allied Van Lines<\/strong><\/a> - Allied Van Lines Inc est situ\u00e9e \u00e0 Fort Wayne, IN et la soci\u00e9t\u00e9 offre \u00e0 ses clients une vari\u00e9t\u00e9 de services, notamment le suivi des exp\u00e9ditions 24 heures sur 24 et 7 jours sur 7, l'aide au d\u00e9douanement, un personnel parlant anglais aux deux extr\u00e9mit\u00e9s du d\u00e9m\u00e9nagement et l'enl\u00e8vement du mat\u00e9riel d'emballage.<\/li>\n<li> <a href=\"https:\/\/moverdb.com\/fr\/north-american-van-lines\/\"><strong>North American Van Lines<\/strong><\/a> - North American Van Lines offre \u00e0 ses clients des services pour les d\u00e9m\u00e9nagements internationaux, d'entreprise et nationaux.<\/li>\n<li> <a href=\"https:\/\/moverdb.com\/fr\/wheaton\/\"><strong>Wheaton World Wide Moving<\/strong><\/a> - Wheaton World Wide Moving (anciennement Wheaton Van Lines) offre \u00e0 ses clients une gamme de services allant du d\u00e9m\u00e9nagement international au d\u00e9m\u00e9nagement local.<\/li>\n<li> <a href=\"https:\/\/moverdb.com\/fr\/bekins-van-lines\/\"><strong>Bekins Van Lines<\/strong><\/a> - Bekins Van Lines est bas\u00e9e \u00e0 Indianapolis IN. Elle offre \u00e0 ses clients une vari\u00e9t\u00e9 de services de d\u00e9m\u00e9nagement, y compris les d\u00e9m\u00e9nagements internationaux et les d\u00e9m\u00e9nagements de grande valeur.<\/li>\n<li> <a href=\"https:\/\/moverdb.com\/fr\/graebel-van-lines\/\"><strong>Graebel Van Lines<\/strong><\/a> - Graebel Van Lines a son si\u00e8ge \u00e0 Aurora, CO, et compte parmi ses clients des entreprises Fortune 500 ainsi que la DEA, le FBI, l'IRS et le CDC.<\/li>\n<li> <a href=\"https:\/\/moverdb.com\/fr\/arpin-van-lines\/\"><strong>Arpin Van Lines<\/strong><\/a> - Arpin Van Lines est bas\u00e9e \u00e0 West Warwick, RI et effectue des d\u00e9m\u00e9nagements militaires et domestiques \u00e0 l'\u00e9chelle nationale et internationale. Elle offre \u00e9galement des services d'entreposage tels que l'entreposage \u00e0 temp\u00e9rature contr\u00f4l\u00e9e et l'entreposage en conteneurs.<\/li>\n<li> <a href=\"https:\/\/moverdb.com\/fr\/stevens-worldwide-van-lines\/\">Stevens Worldwide Van Lines<\/a> - Stevens Worldwide Van Lines est bas\u00e9e \u00e0 Saginaw MI et propose des d\u00e9m\u00e9nagements locaux, hors de l'\u00c9tat, longue distance et internationaux pour les m\u00e9nages, les entreprises, l'arm\u00e9e et le clerg\u00e9.<\/li>\n<li> <a href=\"https:\/\/moverdb.com\/fr\/amj-campbell-van-lines\/\">AMJ Campbell Van Lines<\/a> - AMJ Campbell Van Lines est bas\u00e9e \u00e0 <a href=\"https:\/\/moverdb.com\/fr\/demenagement-a-toronto\/\">Toronto<\/a>Il s'agit de l'une des plus grandes entreprises canadiennes du secteur de la sant\u00e9. <a href=\"https:\/\/moverdb.com\/fr\/moving-companies\/\" data-internallinksmanager029f6b8e52c=\"79\" title=\"Les 25 meilleures soci\u00e9t\u00e9s de d\u00e9m\u00e9nagement international en ligne\">entreprises de d\u00e9m\u00e9nagement<\/a> pour les d\u00e9m\u00e9nagements nationaux et internationaux.<\/li>\n<li> <a href=\"https:\/\/moverdb.com\/fr\/suddath\/\">Suddath<\/a> - Une famille d'entreprises qui offre une gamme de services de d\u00e9m\u00e9nagement nationaux et internationaux, notamment des d\u00e9m\u00e9nagements r\u00e9sidentiels, d'entreprise et gouvernementaux.<\/li>\n<li> <a href=\"https:\/\/moverdb.com\/fr\/covan-monde-entier\/\">Covan WorldWide Moving<\/a> - Covan dispose de plus de 200 unit\u00e9s op\u00e9rationnelles inter-\u00e9tats et 600 pour les d\u00e9m\u00e9nagements locaux. Sa mission est d'\u00eatre le leader des services de transport international.<\/li>\n<li> <a href=\"https:\/\/moverdb.com\/fr\/armstrong-relocation\/\">D\u00e9m\u00e9nagement Armstrong<\/a> - Armstrong Relocation est aujourd'hui le plus grand agent de marchandises de United Van Lines et poss\u00e8de 22 bureaux aux \u00c9tats-Unis.<\/li>\n<li> <a href=\"https:\/\/moverdb.com\/fr\/williams-moving-storage\/\">D\u00e9m\u00e9nagement et stockage Williams<\/a> - Williams Moving and Storage est une entreprise de d\u00e9m\u00e9nagement canadienne qui d\u00e9m\u00e9nage des particuliers et des entreprises tant au niveau local qu'international.<\/li>\n<li> <a href=\"https:\/\/moverdb.com\/fr\/beltmann-relocation\/\">Groupe de relocalisation Beltmann<\/a> - Fond\u00e9e par la famille Battina en 1955, elle est toujours d\u00e9tenue et g\u00e9r\u00e9e par la famille. C'est l'un des agents les plus importants et les plus anciens de North American Van Lines.<\/li>\n<li> <a href=\"https:\/\/moverdb.com\/fr\/national-van-lines\/\">National Van Lines<\/a> - La devise de la soci\u00e9t\u00e9 est \"Moving Your Memories\", qui rappelle au personnel et aux clients que les biens personnels sont pr\u00e9cieux et qu'ils seront toujours trait\u00e9s avec soin.<\/li>\n<li> <a href=\"https:\/\/moverdb.com\/fr\/allies-de-berger\/\">Berger Allied (transfert et stockage)<\/a> - Berger Transfer and Storage est en activit\u00e9 depuis 1910. Elle travaille avec des particuliers, des entreprises et des agences gouvernementales. <\/li>\n<li> Syst\u00e8mes de transport de Lawrence<\/li>\n<li> <a href=\"https:\/\/moverdb.com\/fr\/mccollisters-demenagement\/\">Groupe de transport McCollister<\/a> - McCollister's est une soci\u00e9t\u00e9 priv\u00e9e et est un agent d'UniGroup Inc, qui comprend United Van Lines et Mayflower Transit. (voir ci-dessus)<\/li>\n<li> <a href=\"https:\/\/moverdb.com\/fr\/coleman-worldwide-moving\/\">Coleman Worldwide Moving<\/a> - Coleman Worldwide Moving, \u00e9galement connu sous le nom de Coleman American Moving Services et Coleman Allied, propose des d\u00e9m\u00e9nagements nationaux et internationaux.<\/li>\n<li> <a href=\"https:\/\/moverdb.com\/fr\/hilldrup-moving-storage\/\">D\u00e9m\u00e9nagement et stockage Hilldrup<\/a> - Offre des services tels que l'assistance au d\u00e9m\u00e9nagement, la gestion des d\u00e9m\u00e9nagements, le stockage, les services de d\u00e9part, les services de destination et plus encore.<\/li>\n<li> <a href=\"https:\/\/moverdb.com\/fr\/american-red-ball-transit\/\">Compagnie de transport American Red Ball<\/a> - Bas\u00e9 \u00e0 Indianapolis, il se concentre sur les services domestiques aux \u00c9tats-Unis.<\/li>\n<li> New World Van Lines<\/li>\n<li> D\u00e9m\u00e9nagement et stockage Palmer<\/li>\n<li> Transfert et stockage de Mergenthaler<\/li>\n<li> Scobey Moving and Storage LTD<\/li>\n<li> Syst\u00e8mes de d\u00e9m\u00e9nagement Corrigan<\/li>\n<li> Tri Star Freight System<\/li>\n<li> Des \u00e9tudiants affam\u00e9s<\/li>\n<li> Soci\u00e9t\u00e9s de d\u00e9m\u00e9nagement A-1 Freeman<\/li>\n<li> Daryl Flood Relocation &amp; Logistics<\/li>\n<li> JK Moving &amp; Storage<\/li>\n<li> Ace Relocation Systems<\/li>\n<li> Compagnie de d\u00e9m\u00e9nagement et de stockage Ford<\/li>\n<li> Budd Van Lines<\/li>\n<li> Planes Moving and Storage<\/li>\n<li> Compagnie de d\u00e9m\u00e9nagement Gentle Giant<\/li>\n<li> <a href=\"https:\/\/moverdb.com\/fr\/demenageurs-diles\/\">D\u00e9m\u00e9nageurs de l'\u00eele<\/a> - Offre des services de d\u00e9m\u00e9nagement vers et depuis les \u00eeles hawa\u00efennes, depuis les \u00c9tats-Unis et \u00e0 l'international.<\/li>\n<li> D\u00e9m\u00e9nagement et stockage \u00e0 Mesa<\/li>\n<li> D\u00e9m\u00e9nageurs internationaux am\u00e9ricains<\/li>\n<li> D\u00e9m\u00e9nageurs am\u00e9ricains<\/li>\n<li> Arnoff Moving &amp; Storage,<\/li>\n<li> Compagnie Fidelity Moving &amp; Storage<\/li>\n<li> Soci\u00e9t\u00e9s de Lile International<\/li>\n<li> Carlyle Van Lines<\/li>\n<li> Le bon d\u00e9m\u00e9nageur<\/li>\n<li> Andrews Van Lines<\/li>\n<li> Sherwood Van Lines<\/li>\n<li> D\u00e9m\u00e9nagement et stockage Bisson<\/li>\n<li> Bohren's Moving &amp; Storage,<\/li>\n<li> Select Van &amp; Storage<\/li>\n<li> Broadway Express<\/li>\n<li> D\u00e9m\u00e9nagement FlatRate<\/li>\n<li> Smith Dray Line &amp; Storage<\/li>\n<li> Sourdough Express<\/li>\n<li> D\u00e9m\u00e9nageurs de South Hills<\/li>\n<li> Fisher Am\u00e9rique du Nord<\/li>\n<li> Interstate Van Lines\/Interstate Worldwide<\/li>\n<li> Ward Am\u00e9rique du Nord<\/li>\n<li> Est <a href=\"https:\/\/moverdb.com\/fr\/moving-to-the-united-states\/moving-to-tennessee\/\" data-internallinksmanager029f6b8e52c=\"406\" title=\"D\u00e9m\u00e9nager au Tennessee ? 2026 Co\u00fbts de la vie et conseils de relocalisation\">Tennessee<\/a> D\u00e9m\u00e9nagement\/Deux hommes et un camion<\/li>\n<li> Groupe Imlach<\/li>\n<li> Air Van Moving<\/li>\n<li> Legacy Transportation Services<\/li>\n<li> Tippet-Richardson<\/li>\n<li> Atlantic Relocation Systems<\/li>\n<li> D\u00e9m\u00e9nagement et stockage Carey<\/li>\n<li> A Arnold World Class Relocation<\/li>\n<li> William B. Meyer<\/li>\n<li> Horizon Moving Systems<\/li>\n<li> D\u00e9m\u00e9nagement et entreposage Parks<\/li>\n<li> D\u00e9m\u00e9nagement et stockage Highland<\/li>\n<li> D\u00e9m\u00e9nagement et transport de la rue Delancey<\/li>\n<li> D\u00e9m\u00e9nagement Armstrong<\/li>\n<li> Entreprises f\u00e9d\u00e9rales<\/li>\n<li> Hoyt's Moving &amp; Storage<\/li>\n<li> Entreposage et d\u00e9m\u00e9nagement Johnson<\/li>\n<li> Services de d\u00e9m\u00e9nagement Nor-Cal<\/li>\n<li> <a href=\"https:\/\/moverdb.com\/fr\/royal-hawaiian-movers\/\">D\u00e9m\u00e9nageurs Royal Hawaiian<\/a> - Royal Hawaiian Movers fait partie du groupe de soci\u00e9t\u00e9s DeWitt qui propose \u00e0 ses clients divers d\u00e9m\u00e9nagements locaux, inter-\u00eeles, continentaux et internationaux.<\/li>\n<li> Central Van &amp; Storage,<\/li>\n<li> <a href=\"https:\/\/moverdb.com\/fr\/deplacement-de-la-couronne\/\">Crown Moving Co<\/a> - Aujourd'hui ferm\u00e9, bas\u00e9 \u00e0 <a href=\"https:\/\/moverdb.com\/fr\/moving-to-seattle\/\" data-internallinksmanager029f6b8e52c=\"65\" title=\"Vous d\u00e9m\u00e9nagez \u00e0 Seattle ? 2026 Co\u00fbt de la vie et conseils de relocalisation\">Seattle<\/a>.<\/li>\n<li> Fry-Wagner Moving and Storage Co<\/li>\n<li> B. Von <a href=\"https:\/\/moverdb.com\/fr\/moving-to-france\/moving-to-paris\/\" data-internallinksmanager029f6b8e52c=\"407\" title=\"D\u00e9m\u00e9nager \u00e0 Paris ? 2026 Co\u00fbts de la vie et conseils de relocalisation\">Paris<\/a> D\u00e9m\u00e9nagement et entreposage<\/li>\n<li> O'Brien's Moving &amp; Storage<\/li>\n<li> Soci\u00e9t\u00e9 de transfert et de stockage de Piqua<\/li>\n<li> Joyce Van Lines,<\/li>\n<li> Groupe de transport Plycon<\/li>\n<li> AAA Moving &amp; Storage<\/li>\n<li> Aaction Moving &amp; Storage<\/li>\n<li> D\u00e9m\u00e9nagement et stockage \u00e0 Alero<\/li>\n<li> DMS Moving Systems<\/li>\n<li> D\u00e9m\u00e9nagement et stockage George<\/li>\n<li> Glen Ellyn Storage Corporation<\/li>\n<li> D\u00e9m\u00e9nagement et entreposage Piepho<\/li>\n<li> Eagle Van Lines<\/li>\n<li> Roadrunner Moving and Storage<\/li>\n<li> Lint Van Lines<\/li>\n<li> Transfert du Pacifique<\/li>\n<li> Paxton Van Lines<\/li>\n<\/ol>","protected":false},"excerpt":{"rendered":"<p>Below you will find a list of the top 100 largest domestic and international moving companies the United States and Canada based on the number of registered trucks in their fleet. One of these companies is likely to be the right one for your international, long distance and\/or interstate move. The data comes from MovingCompanyReviews.com [&hellip;]<\/p>\n","protected":false},"author":1,"featured_media":1083,"parent":0,"menu_order":0,"comment_status":"closed","ping_status":"closed","template":"","meta":{"_genesis_hide_title":false,"_genesis_hide_breadcrumbs":false,"_genesis_hide_singular_image":false,"_genesis_hide_footer_widgets":false,"_genesis_custom_body_class":"","_genesis_custom_post_class":"","_genesis_layout":"","footnotes":""},"class_list":{"0":"post-955","1":"page","2":"type-page","3":"status-publish","4":"has-post-thumbnail","6":"entry"},"_links":{"self":[{"href":"https:\/\/moverdb.com\/fr\/wp-json\/wp\/v2\/pages\/955","targetHints":{"allow":["GET"]}}],"collection":[{"href":"https:\/\/moverdb.com\/fr\/wp-json\/wp\/v2\/pages"}],"about":[{"href":"https:\/\/moverdb.com\/fr\/wp-json\/wp\/v2\/types\/page"}],"author":[{"embeddable":true,"href":"https:\/\/moverdb.com\/fr\/wp-json\/wp\/v2\/users\/1"}],"replies":[{"embeddable":true,"href":"https:\/\/moverdb.com\/fr\/wp-json\/wp\/v2\/comments?post=955"}],"version-history":[{"count":40,"href":"https:\/\/moverdb.com\/fr\/wp-json\/wp\/v2\/pages\/955\/revisions"}],"predecessor-version":[{"id":6247,"href":"https:\/\/moverdb.com\/fr\/wp-json\/wp\/v2\/pages\/955\/revisions\/6247"}],"wp:featuredmedia":[{"embeddable":true,"href":"https:\/\/moverdb.com\/fr\/wp-json\/wp\/v2\/media\/1083"}],"wp:attachment":[{"href":"https:\/\/moverdb.com\/fr\/wp-json\/wp\/v2\/media?parent=955"}],"curies":[{"name":"wp","href":"https:\/\/api.w.org\/{rel}","templated":true}]}}