{"id":9525,"date":"2023-06-08T12:37:11","date_gmt":"2023-06-08T12:37:11","guid":{"rendered":"https:\/\/moverdb.com\/?page_id=9525"},"modified":"2026-01-08T15:24:26","modified_gmt":"2026-01-08T15:24:26","slug":"moving-companies-slovenia","status":"publish","type":"page","link":"https:\/\/moverdb.com\/fr\/moving-companies\/moving-companies-slovenia\/","title":{"rendered":"3 meilleures entreprises de d\u00e9m\u00e9nagements internationaux en Slov\u00e9nie"},"content":{"rendered":"<p>Un d\u00e9m\u00e9nagement peut \u00eatre une p\u00e9riode stressante, avec beaucoup de choses \u00e0 organiser, surtout si vous d\u00e9m\u00e9nagez \u00e0 l'\u00e9tranger. Si vous pr\u00e9voyez de d\u00e9m\u00e9nager \u00e0 l'int\u00e9rieur, \u00e0 destination ou en provenance de <a href=\"https:\/\/moverdb.com\/fr\/moving-to-slovenia\/\" data-internallinksmanager029f6b8e52c=\"392\" title=\"D\u00e9m\u00e9nager en Slov\u00e9nie ? 2026 Co\u00fbts de la vie et conseils de relocalisation\">Slov\u00e9nie<\/a> alors faire appel aux services d'un <a href=\"https:\/\/moverdb.com\/fr\/moving-companies\/\" data-internallinksmanager029f6b8e52c=\"79\" title=\"Les 25 meilleures soci\u00e9t\u00e9s de d\u00e9m\u00e9nagement international en ligne\">soci\u00e9t\u00e9 de d\u00e9m\u00e9nagement<\/a> peut contribuer \u00e0 all\u00e9ger la charge. Nous avons dress\u00e9 ci-dessous une liste d'entreprises bas\u00e9es en Slov\u00e9nie. <a href=\"https:\/\/moverdb.com\/fr\/international-removals\/\" data-internallinksmanager029f6b8e52c=\"27\" title=\"36 meilleures entreprises de d\u00e9m\u00e9nagements internationaux au Royaume-Uni\">entreprises de d\u00e9m\u00e9nagement<\/a> qui sont membres de la <a href=\"https:\/\/moverdb.com\/fr\/iam\/\" data-internallinksmanager029f6b8e52c=\"23\" title=\"L&#039;Association internationale des d\u00e9m\u00e9nageurs (IAM) expliqu\u00e9e\">Association internationale des d\u00e9m\u00e9nageurs<\/a> (IAM) et\/ou <a href=\"https:\/\/moverdb.com\/fr\/fidi-faim\/\" data-internallinksmanager029f6b8e52c=\"16\" title=\"Explication de la FIDI et du FAIM (FIDI Accredited International Mover)\">FIDI<\/a> D\u00e9m\u00e9nageur international accr\u00e9dit\u00e9 (FAIM) qui pourrait vous aider dans votre d\u00e9m\u00e9nagement.<\/p>\n<h2><strong>1. DB Schenker<\/strong><\/h2>\n<p><img loading=\"lazy\" decoding=\"async\" class=\"alignnone size-full wp-image-9351\" src=\"https:\/\/moverdb.com\/wp-content\/uploads\/DB-Schenker-Slovenvia-international-moving-company.png\" alt=\"DB Schenker Slovenvia, soci\u00e9t\u00e9 de d\u00e9m\u00e9nagements internationaux\" width=\"1440\" height=\"673\" data-wp-pid=\"9351\" srcset=\"https:\/\/moverdb.com\/wp-content\/uploads\/DB-Schenker-Slovenvia-international-moving-company.png 1440w, https:\/\/moverdb.com\/wp-content\/uploads\/DB-Schenker-Slovenvia-international-moving-company-300x140.png 300w, https:\/\/moverdb.com\/wp-content\/uploads\/DB-Schenker-Slovenvia-international-moving-company-1024x479.png 1024w, https:\/\/moverdb.com\/wp-content\/uploads\/DB-Schenker-Slovenvia-international-moving-company-18x8.png 18w, https:\/\/moverdb.com\/wp-content\/uploads\/DB-Schenker-Slovenvia-international-moving-company-600x280.png 600w\" sizes=\"auto, (max-width: 1440px) 100vw, 1440px\" \/><\/p>\n<ul>\n<li>Mouvements nationaux<\/li>\n<li>D\u00e9m\u00e9nagements internationaux<\/li>\n<li>D\u00e9m\u00e9nagements de m\u00e9nages<\/li>\n<li>Mouvements de l'entreprise<\/li>\n<li>Emballage sur mesure<\/li>\n<li>Fret terrestre, ferroviaire, a\u00e9rien et maritime<\/li>\n<li>D\u00e9douanement<\/li>\n<li>Traitement des \u0153uvres d'art<\/li>\n<li>Flotte et \u00e9quipement sp\u00e9cialis\u00e9s<\/li>\n<li>Installations de stockage<\/li>\n<\/ul>\n<p>DB Schenker est un fournisseur mondial de services logistiques qui poss\u00e8de environ 1 850 sites dans le monde entier et qui op\u00e8re depuis 1872. <a href=\"https:\/\/moverdb.com\/fr\/moving-to-austria\/\" data-internallinksmanager029f6b8e52c=\"343\" title=\"D\u00e9m\u00e9nager en Autriche ? 2026 Co\u00fbts de la vie et conseils de relocalisation\">Autriche<\/a>. Elle poss\u00e8de plusieurs sites en Slov\u00e9nie, notamment \u00e0 Ljubljana, Maribor, Koper, Brnik et Skofja Loka. Ils sont membres de l'IAM.<\/p>\n<p>DB Schenker propose des services de d\u00e9m\u00e9nagement et de r\u00e9installation en Slov\u00e9nie, \u00e0 destination et en provenance de ce pays. Ces services comprennent un service d'emballage professionnel avec des emballages sur mesure respectueux de l'environnement. Ils disposent de leur propre flotte de v\u00e9hicules de d\u00e9m\u00e9nagement \u00e0 suspension a\u00e9rienne et de plates-formes \u00e9l\u00e9vatrices pour d\u00e9placer vos biens. Ils organisent le transport par voie terrestre, ferroviaire, a\u00e9rienne et maritime, ainsi que le d\u00e9douanement des plans de r\u00e9installation.<\/p>\n<p>Site web : <a href=\"https:\/\/www.dbschenker.com\/si-en\/products\/removals\" target=\"_blank\" rel=\"noopener\">https:\/\/www.dbschenker.com\/si-en\/products\/removals<\/a><\/p>\n<h2><strong>2. Relocations Ltd<\/strong><\/h2>\n<p><img loading=\"lazy\" decoding=\"async\" class=\"alignnone size-full wp-image-9417\" src=\"https:\/\/moverdb.com\/wp-content\/uploads\/Relocations-Ltd-international-moving-company.png\" alt=\"Relocations Ltd soci\u00e9t\u00e9 de d\u00e9m\u00e9nagement international\" width=\"1440\" height=\"673\" data-wp-pid=\"9417\" srcset=\"https:\/\/moverdb.com\/wp-content\/uploads\/Relocations-Ltd-international-moving-company.png 1440w, https:\/\/moverdb.com\/wp-content\/uploads\/Relocations-Ltd-international-moving-company-300x140.png 300w, https:\/\/moverdb.com\/wp-content\/uploads\/Relocations-Ltd-international-moving-company-1024x479.png 1024w, https:\/\/moverdb.com\/wp-content\/uploads\/Relocations-Ltd-international-moving-company-18x8.png 18w, https:\/\/moverdb.com\/wp-content\/uploads\/Relocations-Ltd-international-moving-company-600x280.png 600w\" sizes=\"auto, (max-width: 1440px) 100vw, 1440px\" \/><\/p>\n<ul>\n<li>Mouvements nationaux<\/li>\n<li>D\u00e9m\u00e9nagements internationaux<\/li>\n<li>D\u00e9m\u00e9nagements de m\u00e9nages<\/li>\n<li>D\u00e9m\u00e9nagements d'entreprises<\/li>\n<li>Emballage de qualit\u00e9<\/li>\n<li>Organisation du transport<\/li>\n<li>D\u00e9douanement<\/li>\n<li>Transport de v\u00e9hicules<\/li>\n<li>Services d'immigration<\/li>\n<li>Installations de stockage<\/li>\n<\/ul>\n<p>Relocations Ltd est une soci\u00e9t\u00e9 de relocation fond\u00e9e en 2006 et bas\u00e9e \u00e0 Ljubljana. Elle dispose d'une \u00e9quipe de professionnels du d\u00e9m\u00e9nagement en Slov\u00e9nie et fait appel \u00e0 des partenaires v\u00e9rifi\u00e9s \u00e0 l'\u00e9tranger qui fournissent des services ind\u00e9pendants de coordination de la gestion des d\u00e9m\u00e9nagements. Elle est membre de l'IAM.<\/p>\n<p>Relocations Ltd propose une assistance locale ou un service de d\u00e9m\u00e9nagement complet pour g\u00e9rer les d\u00e9m\u00e9nagements \u00e0 l'int\u00e9rieur, \u00e0 destination ou en provenance de la Slov\u00e9nie. Elle propose des services pour les m\u00e9nages et les entreprises, y compris le transport de v\u00e9hicules et les services d'immigration. Ils organisent le transport de vos biens avec d\u00e9douanement. Ils proposent des services suppl\u00e9mentaires, notamment des services d'installation, de d\u00e9part, de recherche de logement et d'\u00e9cole, d'orientation, de formation culturelle et de bricolage.<\/p>\n<p>Site web : <a href=\"http:\/\/www.relocations.si\" target=\"_blank\" rel=\"noopener\">http:\/\/www.relocations.si<\/a><\/p>\n<h2><strong>3. Vatovec<\/strong><\/h2>\n<p><img loading=\"lazy\" decoding=\"async\" class=\"alignnone size-full wp-image-9443\" src=\"https:\/\/moverdb.com\/wp-content\/uploads\/Vatovec-international-moving-company.png\" alt=\"Vatovec international moving company\" width=\"1440\" height=\"680\" data-wp-pid=\"9443\" srcset=\"https:\/\/moverdb.com\/wp-content\/uploads\/Vatovec-international-moving-company.png 1440w, https:\/\/moverdb.com\/wp-content\/uploads\/Vatovec-international-moving-company-300x142.png 300w, https:\/\/moverdb.com\/wp-content\/uploads\/Vatovec-international-moving-company-1024x484.png 1024w, https:\/\/moverdb.com\/wp-content\/uploads\/Vatovec-international-moving-company-18x9.png 18w, https:\/\/moverdb.com\/wp-content\/uploads\/Vatovec-international-moving-company-600x283.png 600w\" sizes=\"auto, (max-width: 1440px) 100vw, 1440px\" \/><\/p>\n<ul>\n<li>Mouvements nationaux<\/li>\n<li>D\u00e9localisations internationales<\/li>\n<li>D\u00e9m\u00e9nagements de m\u00e9nages<\/li>\n<li>D\u00e9m\u00e9nagement de bureaux<\/li>\n<li>Service d'emballage professionnel<\/li>\n<li>Transports terrestres, a\u00e9riens et maritimes<\/li>\n<li>Formalit\u00e9s douani\u00e8res<\/li>\n<li>Objets d'art en mouvement<\/li>\n<li>Transport de petits animaux<\/li>\n<li>Installations de stockage<\/li>\n<\/ul>\n<p>Vatovec est une soci\u00e9t\u00e9 de d\u00e9m\u00e9nagement fond\u00e9e en 1998 et bas\u00e9e \u00e0 Ljubljana. Elle dispose d'un r\u00e9seau de partenaires internationaux de qualit\u00e9 dans le monde entier pour l'assister dans ses d\u00e9m\u00e9nagements internationaux. Elle est membre de l'IAM avec 25 ans de service et est accr\u00e9dit\u00e9e par la FIDI.<\/p>\n<p>Vatovec propose des services de d\u00e9m\u00e9nagement et de r\u00e9installation en Slov\u00e9nie, \u00e0 destination et en provenance de ce pays. Ils fournissent des services d'emballage professionnels qui garantissent que vos biens sont emball\u00e9s en toute s\u00e9curit\u00e9 et transport\u00e9s jusqu'\u00e0 votre destination par voie terrestre, a\u00e9rienne ou maritime, les formalit\u00e9s douani\u00e8res \u00e9tant prises en charge. Leurs services de relocalisation comprennent les permis de r\u00e9sidence et de travail, la recherche de logement et d'\u00e9cole, l'orientation, la recherche de r\u00e9parateurs et d'artisans.<\/p>\n<p>Site web : <a href=\"http:\/\/www.vatovec.si\" target=\"_blank\" rel=\"noopener\">http:\/\/www.vatovec.si<\/a><\/p>","protected":false},"excerpt":{"rendered":"<p>Moving can be a stressful time with a lot of things to arrange especially if you are moving overseas. If you are planning a move within, to or from Slovenia then employing the services of a moving company can help lighten the load. Below we have compiled a list of Slovenia based removal companies that [&hellip;]<\/p>\n","protected":false},"author":4,"featured_media":9351,"parent":190,"menu_order":0,"comment_status":"closed","ping_status":"closed","template":"","meta":{"_genesis_hide_title":false,"_genesis_hide_breadcrumbs":false,"_genesis_hide_singular_image":false,"_genesis_hide_footer_widgets":false,"_genesis_custom_body_class":"","_genesis_custom_post_class":"","_genesis_layout":"","footnotes":""},"class_list":{"0":"post-9525","1":"page","2":"type-page","3":"status-publish","4":"has-post-thumbnail","6":"entry"},"_links":{"self":[{"href":"https:\/\/moverdb.com\/fr\/wp-json\/wp\/v2\/pages\/9525","targetHints":{"allow":["GET"]}}],"collection":[{"href":"https:\/\/moverdb.com\/fr\/wp-json\/wp\/v2\/pages"}],"about":[{"href":"https:\/\/moverdb.com\/fr\/wp-json\/wp\/v2\/types\/page"}],"author":[{"embeddable":true,"href":"https:\/\/moverdb.com\/fr\/wp-json\/wp\/v2\/users\/4"}],"replies":[{"embeddable":true,"href":"https:\/\/moverdb.com\/fr\/wp-json\/wp\/v2\/comments?post=9525"}],"version-history":[{"count":1,"href":"https:\/\/moverdb.com\/fr\/wp-json\/wp\/v2\/pages\/9525\/revisions"}],"predecessor-version":[{"id":9526,"href":"https:\/\/moverdb.com\/fr\/wp-json\/wp\/v2\/pages\/9525\/revisions\/9526"}],"up":[{"embeddable":true,"href":"https:\/\/moverdb.com\/fr\/wp-json\/wp\/v2\/pages\/190"}],"wp:featuredmedia":[{"embeddable":true,"href":"https:\/\/moverdb.com\/fr\/wp-json\/wp\/v2\/media\/9351"}],"wp:attachment":[{"href":"https:\/\/moverdb.com\/fr\/wp-json\/wp\/v2\/media?parent=9525"}],"curies":[{"name":"wp","href":"https:\/\/api.w.org\/{rel}","templated":true}]}}