{"id":9523,"date":"2023-06-08T12:38:02","date_gmt":"2023-06-08T12:38:02","guid":{"rendered":"https:\/\/moverdb.com\/?page_id=9523"},"modified":"2026-01-08T15:30:15","modified_gmt":"2026-01-08T15:30:15","slug":"moving-companies-slovakia","status":"publish","type":"page","link":"https:\/\/moverdb.com\/fr\/moving-companies\/moving-companies-slovakia\/","title":{"rendered":"Meilleures entreprises de d\u00e9m\u00e9nagements internationaux en Slovaquie"},"content":{"rendered":"<p>Vous envisagez de d\u00e9m\u00e9nager votre domicile ou votre entreprise \u00e0 l'int\u00e9rieur, \u00e0 l'ext\u00e9rieur ou \u00e0 l'int\u00e9rieur du pays ? <a href=\"https:\/\/moverdb.com\/fr\/moving-to-slovakia\/\" data-internallinksmanager029f6b8e52c=\"338\" title=\"D\u00e9m\u00e9nager en Slovaquie ? 2026 Co\u00fbts de la vie et conseils de relocalisation\">Slovaquie<\/a>? Si c'est le cas, vous pouvez faire appel aux services d'un agent de d\u00e9m\u00e9nagement pour r\u00e9duire la charge de travail et le stress. Nous avons dress\u00e9 ci-dessous une liste d'agences de d\u00e9m\u00e9nagement slovaques. <a href=\"https:\/\/moverdb.com\/fr\/international-removals\/\" data-internallinksmanager029f6b8e52c=\"27\" title=\"36 meilleures entreprises de d\u00e9m\u00e9nagements internationaux au Royaume-Uni\">entreprises de d\u00e9m\u00e9nagement<\/a> qui sont membres de la <a href=\"https:\/\/moverdb.com\/fr\/iam\/\" data-internallinksmanager029f6b8e52c=\"23\" title=\"L&#039;Association internationale des d\u00e9m\u00e9nageurs (IAM) expliqu\u00e9e\">Association internationale des d\u00e9m\u00e9nageurs<\/a> (IAM) et\/ou <a href=\"https:\/\/moverdb.com\/fr\/fidi-faim\/\" data-internallinksmanager029f6b8e52c=\"16\" title=\"Explication de la FIDI et du FAIM (FIDI Accredited International Mover)\">FIDI<\/a> D\u00e9m\u00e9nageur international accr\u00e9dit\u00e9 (FAIM) qui pourrait vous aider dans votre d\u00e9m\u00e9nagement.<\/p>\n<h2><strong>D\u00e9m\u00e9nagement \u00e0 Santa Fe<\/strong><\/h2>\n<p><img loading=\"lazy\" decoding=\"async\" class=\"alignnone size-full wp-image-9422\" src=\"https:\/\/moverdb.com\/wp-content\/uploads\/Santa-Fe-Relocation-Slovakia-international-moving-company.png\" alt=\"Santa Fe Relocation Slovaquie entreprise de d\u00e9m\u00e9nagement international\" width=\"1440\" height=\"677\" data-wp-pid=\"9422\" srcset=\"https:\/\/moverdb.com\/wp-content\/uploads\/Santa-Fe-Relocation-Slovakia-international-moving-company.png 1440w, https:\/\/moverdb.com\/wp-content\/uploads\/Santa-Fe-Relocation-Slovakia-international-moving-company-300x141.png 300w, https:\/\/moverdb.com\/wp-content\/uploads\/Santa-Fe-Relocation-Slovakia-international-moving-company-1024x481.png 1024w, https:\/\/moverdb.com\/wp-content\/uploads\/Santa-Fe-Relocation-Slovakia-international-moving-company-18x8.png 18w, https:\/\/moverdb.com\/wp-content\/uploads\/Santa-Fe-Relocation-Slovakia-international-moving-company-600x282.png 600w\" sizes=\"auto, (max-width: 1440px) 100vw, 1440px\" \/><\/p>\n<ul>\n<li>Mouvement national<\/li>\n<li>D\u00e9localisations internationales<\/li>\n<li>D\u00e9m\u00e9nagements de m\u00e9nages<\/li>\n<li>D\u00e9localisations d'entreprises<\/li>\n<li>Service d'emballage<\/li>\n<li>Transport a\u00e9rien, maritime et routier<\/li>\n<li>D\u00e9douanement<\/li>\n<li>D\u00e9placement d'un animal de compagnie<\/li>\n<li>Visa et immigration<\/li>\n<li>Stockage \u00e0 court et \u00e0 long terme<\/li>\n<\/ul>\n<p>Santa Fe Relocation est une soci\u00e9t\u00e9 de relocation internationale qui poss\u00e8de 64 bureaux dans 38 pays. Elle a ouvert son bureau slovaque en 2002 \u00e0 Bratislava. Elle est membre de l'IAM avec 21 ans de service et est accr\u00e9dit\u00e9e par la FIDI.<\/p>\n<p>Santa Fe Relocation offre le choix d'une enqu\u00eate \u00e0 domicile ou par vid\u00e9o et d'une consultation pr\u00e9alable au d\u00e9m\u00e9nagement pour d\u00e9finir vos besoins. Ils fournissent un service d'emballage pour vos objets et vos meubles et organisent le transport par voie a\u00e9rienne, maritime ou routi\u00e8re avec d\u00e9douanement.  Elle propose une vari\u00e9t\u00e9 d'options suppl\u00e9mentaires, notamment la protection des envois, le stockage, la recherche de logement et d'\u00e9cole, les services d'installation, l'aide au d\u00e9part et le transfert d'animaux de compagnie, <a href=\"https:\/\/moverdb.com\/fr\/car-transport-shipping\/\" data-internallinksmanager029f6b8e52c=\"2\" title=\"2026 Devis pour le transport international de voitures et l&#039;exp\u00e9dition de v\u00e9hicules\">transport de v\u00e9hicules<\/a>et l'aide \u00e0 l'obtention de visas et \u00e0 l'immigration.<\/p>\n<p>Site web : <a href=\"https:\/\/www.santaferelo.com\/en\/contact\/our-offices\/slovakia-bratislava\/\" target=\"_blank\" rel=\"noopener\">https:\/\/www.santaferelo.com\/en\/contact\/our-offices\/slovakia-bratislava\/<\/a><\/p>\n<h2>Autres guides utiles sur la Slovaquie<\/h2>\n<ul>\n<li> <a href=\"https:\/\/moverdb.com\/fr\/moving-to-slovakia\/moving-to-slovakia-from-the-uk\/\">D\u00e9m\u00e9nager en Slovaquie depuis le Royaume-Uni<\/a><\/li>\n<li> <a href=\"https:\/\/moverdb.com\/fr\/moving-to-slovakia\/\">D\u00e9m\u00e9nager en Slovaquie ? 2024 Co\u00fbts de la vie et conseils de relocalisation<\/a><\/li>\n<\/ul>","protected":false},"excerpt":{"rendered":"<p>Are you thinking of moving home or your business within, to or from Slovakia? If you are then you may want to enlist the services of a moving agent to reduce the work involved and the stress. Below we have compiled a list of Slovakian removal companies that are members of the International Association of [&hellip;]<\/p>\n","protected":false},"author":4,"featured_media":9422,"parent":190,"menu_order":0,"comment_status":"closed","ping_status":"closed","template":"","meta":{"_genesis_hide_title":false,"_genesis_hide_breadcrumbs":false,"_genesis_hide_singular_image":false,"_genesis_hide_footer_widgets":false,"_genesis_custom_body_class":"","_genesis_custom_post_class":"","_genesis_layout":"","footnotes":""},"class_list":{"0":"post-9523","1":"page","2":"type-page","3":"status-publish","4":"has-post-thumbnail","6":"entry"},"_links":{"self":[{"href":"https:\/\/moverdb.com\/fr\/wp-json\/wp\/v2\/pages\/9523","targetHints":{"allow":["GET"]}}],"collection":[{"href":"https:\/\/moverdb.com\/fr\/wp-json\/wp\/v2\/pages"}],"about":[{"href":"https:\/\/moverdb.com\/fr\/wp-json\/wp\/v2\/types\/page"}],"author":[{"embeddable":true,"href":"https:\/\/moverdb.com\/fr\/wp-json\/wp\/v2\/users\/4"}],"replies":[{"embeddable":true,"href":"https:\/\/moverdb.com\/fr\/wp-json\/wp\/v2\/comments?post=9523"}],"version-history":[{"count":3,"href":"https:\/\/moverdb.com\/fr\/wp-json\/wp\/v2\/pages\/9523\/revisions"}],"predecessor-version":[{"id":17867,"href":"https:\/\/moverdb.com\/fr\/wp-json\/wp\/v2\/pages\/9523\/revisions\/17867"}],"up":[{"embeddable":true,"href":"https:\/\/moverdb.com\/fr\/wp-json\/wp\/v2\/pages\/190"}],"wp:featuredmedia":[{"embeddable":true,"href":"https:\/\/moverdb.com\/fr\/wp-json\/wp\/v2\/media\/9422"}],"wp:attachment":[{"href":"https:\/\/moverdb.com\/fr\/wp-json\/wp\/v2\/media?parent=9523"}],"curies":[{"name":"wp","href":"https:\/\/api.w.org\/{rel}","templated":true}]}}