{"id":9518,"date":"2023-06-08T12:39:44","date_gmt":"2023-06-08T12:39:44","guid":{"rendered":"https:\/\/moverdb.com\/?page_id=9518"},"modified":"2026-01-08T15:24:25","modified_gmt":"2026-01-08T15:24:25","slug":"moving-companies-serbia","status":"publish","type":"page","link":"https:\/\/moverdb.com\/fr\/moving-companies\/moving-companies-serbia\/","title":{"rendered":"3 meilleures entreprises de d\u00e9m\u00e9nagements internationaux en Serbie"},"content":{"rendered":"<p>Si vous envisagez de d\u00e9m\u00e9nager \u00e0 l'int\u00e9rieur, \u00e0 destination ou en provenance de la Serbie, vous pouvez envisager d'avoir recours aux services d'une agence de voyage. <a href=\"https:\/\/moverdb.com\/fr\/moving-companies\/\" data-internallinksmanager029f6b8e52c=\"79\" title=\"Les 25 meilleures soci\u00e9t\u00e9s de d\u00e9m\u00e9nagement international en ligne\">soci\u00e9t\u00e9 de d\u00e9m\u00e9nagement<\/a> pour vous aider dans l'emballage, le transport et la documentation. Nous avons dress\u00e9 ci-dessous une liste d'entreprises serbes qui peuvent vous aider. <a href=\"https:\/\/moverdb.com\/fr\/international-removals\/\" data-internallinksmanager029f6b8e52c=\"27\" title=\"36 meilleures entreprises de d\u00e9m\u00e9nagements internationaux au Royaume-Uni\">entreprises de d\u00e9m\u00e9nagement<\/a> qui sont membres de la <a href=\"https:\/\/moverdb.com\/fr\/iam\/\" data-internallinksmanager029f6b8e52c=\"23\" title=\"L&#039;Association internationale des d\u00e9m\u00e9nageurs (IAM) expliqu\u00e9e\">Association internationale des d\u00e9m\u00e9nageurs<\/a> (IAM) et\/ou <a href=\"https:\/\/moverdb.com\/fr\/fidi-faim\/\" data-internallinksmanager029f6b8e52c=\"16\" title=\"Explication de la FIDI et du FAIM (FIDI Accredited International Mover)\">FIDI<\/a> D\u00e9m\u00e9nageur international accr\u00e9dit\u00e9 (FAIM) qui pourrait vous aider dans votre d\u00e9m\u00e9nagement.<\/p>\n<h2><strong>1. D\u00e9localisations dans les Balkans<\/strong><\/h2>\n<p><img loading=\"lazy\" decoding=\"async\" class=\"alignnone size-full wp-image-9337\" src=\"https:\/\/moverdb.com\/wp-content\/uploads\/Balkan-Relocations-international-moving-company.png\" alt=\"Balkan Relocations soci\u00e9t\u00e9 de d\u00e9m\u00e9nagement international\" width=\"1440\" height=\"677\" data-wp-pid=\"9337\" srcset=\"https:\/\/moverdb.com\/wp-content\/uploads\/Balkan-Relocations-international-moving-company.png 1440w, https:\/\/moverdb.com\/wp-content\/uploads\/Balkan-Relocations-international-moving-company-300x141.png 300w, https:\/\/moverdb.com\/wp-content\/uploads\/Balkan-Relocations-international-moving-company-1024x481.png 1024w, https:\/\/moverdb.com\/wp-content\/uploads\/Balkan-Relocations-international-moving-company-18x8.png 18w, https:\/\/moverdb.com\/wp-content\/uploads\/Balkan-Relocations-international-moving-company-600x282.png 600w\" sizes=\"auto, (max-width: 1440px) 100vw, 1440px\" \/><\/p>\n<ul>\n<li>D\u00e9placements locaux<\/li>\n<li>D\u00e9m\u00e9nagements internationaux<\/li>\n<li>D\u00e9m\u00e9nagements de m\u00e9nages<\/li>\n<li>D\u00e9m\u00e9nagements d'entreprises<\/li>\n<li>Options d'emballage<\/li>\n<li>Transports terrestres, maritimes et a\u00e9riens<\/li>\n<li>Services douaniers<\/li>\n<li>Mouvements d'animaux<\/li>\n<li>Assurance<\/li>\n<li>Installations de stockage<\/li>\n<\/ul>\n<p>Balkan Relocations est un service de d\u00e9m\u00e9nagement, de logistique et de transport qui op\u00e8re \u00e0 partir de Belgrade. Il fait partie d'un r\u00e9seau mondial d'agents de d\u00e9m\u00e9nagement et de partenaires de services qui l'aident \u00e0 fournir des services en dehors de la Serbie. Elle est membre de l'AIM depuis six ans.<\/p>\n<p>Balkan Relocations propose un service de d\u00e9m\u00e9nagement porte \u00e0 porte avec un choix d'options d'emballage comprenant l'emballage fragile uniquement, l'auto-emballage avec du mat\u00e9riel d'emballage fourni et un service d'emballage complet. Ils assurent le transport dans le monde entier par voie terrestre, maritime ou a\u00e9rienne, avec assistance douani\u00e8re et assurance. Ils proposent \u00e9galement des services d'installation et d'assemblage, des d\u00e9m\u00e9nagements d'animaux domestiques, des services de relocalisation et une aide \u00e0 l'immigration.<\/p>\n<p>Site web : <a href=\"http:\/\/www.balkanrelocations.com\" target=\"_blank\" rel=\"noopener\">http:\/\/www.balkanrelocations.com<\/a><\/p>\n<h2><strong>2. Orph\u00e9e Beinoglou<\/strong><\/h2>\n<p><img loading=\"lazy\" decoding=\"async\" class=\"alignnone size-full wp-image-9408\" src=\"https:\/\/moverdb.com\/wp-content\/uploads\/Orphee-Beinoglou-Serbia-international-moving-company.png\" alt=\"Orphee Beinoglou Serbie entreprise de d\u00e9m\u00e9nagement international\" width=\"1440\" height=\"680\" data-wp-pid=\"9408\" srcset=\"https:\/\/moverdb.com\/wp-content\/uploads\/Orphee-Beinoglou-Serbia-international-moving-company.png 1440w, https:\/\/moverdb.com\/wp-content\/uploads\/Orphee-Beinoglou-Serbia-international-moving-company-300x142.png 300w, https:\/\/moverdb.com\/wp-content\/uploads\/Orphee-Beinoglou-Serbia-international-moving-company-1024x484.png 1024w, https:\/\/moverdb.com\/wp-content\/uploads\/Orphee-Beinoglou-Serbia-international-moving-company-18x9.png 18w, https:\/\/moverdb.com\/wp-content\/uploads\/Orphee-Beinoglou-Serbia-international-moving-company-600x283.png 600w\" sizes=\"auto, (max-width: 1440px) 100vw, 1440px\" \/><\/p>\n<ul>\n<li>D\u00e9m\u00e9nagements locaux et nationaux<\/li>\n<li>D\u00e9m\u00e9nagements internationaux<\/li>\n<li>D\u00e9m\u00e9nagements de m\u00e9nages<\/li>\n<li>D\u00e9m\u00e9nagements de bureaux<\/li>\n<li>Service porte-\u00e0-porte<\/li>\n<li>Service d'emballage<\/li>\n<li>Transports maritimes, a\u00e9riens et terrestres<\/li>\n<li>D\u00e9douanement<\/li>\n<li>Assurance<\/li>\n<li>Services de stockage<\/li>\n<\/ul>\n<p>Orphee Beinoglou est un prestataire de services de transport de marchandises et de logistique fond\u00e9 en 1923 dans la ville de Kiev. <a href=\"https:\/\/moverdb.com\/fr\/moving-to-greece\/\" data-internallinksmanager029f6b8e52c=\"353\" title=\"D\u00e9m\u00e9nager en Gr\u00e8ce ? 2026 Co\u00fbts de la vie et conseils de relocalisation\">Gr\u00e8ce<\/a> avec des filiales dans les Balkans et en M\u00e9diterran\u00e9e orientale. Le bureau de Serbie se trouve \u00e0 Belgrade. Elle utilise un r\u00e9seau mondial pour l'aider \u00e0 fournir des services dans d'autres pays. Elle est membre de l'IAM depuis quatre ans.<\/p>\n<p>Orphee Beinglou propose un service de d\u00e9m\u00e9nagement personnalis\u00e9 de porte \u00e0 porte, avec une \u00e9tude pr\u00e9alable pour vous aider \u00e0 planifier votre d\u00e9m\u00e9nagement. Ils fournissent un service d'emballage en utilisant des mat\u00e9riaux d'emballage sp\u00e9cialis\u00e9s et des \u00e9quipes form\u00e9es. Ils transporteront vos biens par voie maritime, a\u00e9rienne ou terrestre et vous aideront \u00e0 effectuer les formalit\u00e9s douani\u00e8res avant de vous livrer vos biens et de vous aider \u00e0 les d\u00e9baller.<\/p>\n<p>Site web : <a href=\"https:\/\/orbit.rs\" target=\"_blank\" rel=\"noopener\">https:\/\/orbit.rs<\/a><\/p>\n<h2><strong>3. Vision 4 Logistique<\/strong><\/h2>\n<p><img loading=\"lazy\" decoding=\"async\" class=\"alignnone size-full wp-image-9444\" src=\"https:\/\/moverdb.com\/wp-content\/uploads\/Vision-4-Logistics-international-moving-company.png\" alt=\"Vision 4 Logistics soci\u00e9t\u00e9 de d\u00e9m\u00e9nagement international\" width=\"1440\" height=\"678\" data-wp-pid=\"9444\" srcset=\"https:\/\/moverdb.com\/wp-content\/uploads\/Vision-4-Logistics-international-moving-company.png 1440w, https:\/\/moverdb.com\/wp-content\/uploads\/Vision-4-Logistics-international-moving-company-300x141.png 300w, https:\/\/moverdb.com\/wp-content\/uploads\/Vision-4-Logistics-international-moving-company-1024x482.png 1024w, https:\/\/moverdb.com\/wp-content\/uploads\/Vision-4-Logistics-international-moving-company-18x8.png 18w, https:\/\/moverdb.com\/wp-content\/uploads\/Vision-4-Logistics-international-moving-company-600x283.png 600w\" sizes=\"auto, (max-width: 1440px) 100vw, 1440px\" \/><\/p>\n<ul>\n<li>D\u00e9placements locaux<\/li>\n<li>D\u00e9m\u00e9nagements internationaux<\/li>\n<li>D\u00e9m\u00e9nagements de m\u00e9nages<\/li>\n<li>D\u00e9m\u00e9nagements d'entreprises<\/li>\n<li>Service porte-\u00e0-porte<\/li>\n<li>Fret maritime, routier, ferroviaire et a\u00e9rien<\/li>\n<li>Choix des options de charge<\/li>\n<li>Courtage en douane<\/li>\n<li>Assurance tous risques<\/li>\n<li>Installations de stockage<\/li>\n<\/ul>\n<p>Vision 4 Logistics est une soci\u00e9t\u00e9 de transport de fret cr\u00e9\u00e9e en 2018 et bas\u00e9e \u00e0 Belgrade. Elle propose des d\u00e9m\u00e9nagements internationaux gr\u00e2ce \u00e0 son r\u00e9seau d'agents s\u00e9lectionn\u00e9s dans le monde entier. Elle est membre de l'IAM avec cinq ans d'anciennet\u00e9.<\/p>\n<p>Vision 4 Logistics fournit des services de d\u00e9m\u00e9nagement de porte \u00e0 porte pour les d\u00e9m\u00e9nagements locaux et internationaux. Elle dispose d'un personnel professionnel et d'un \u00e9quipement con\u00e7u pour l'aider \u00e0 d\u00e9m\u00e9nager les m\u00e9nages et les entreprises. Ils proposent des transports ferroviaires, a\u00e9riens, routiers et maritimes, y compris des chargements complets de conteneurs, des chargements inf\u00e9rieurs \u00e0 un conteneur, des chargements complets de camions et des chargements inf\u00e9rieurs \u00e0 un camion. Ils fournissent une assurance tous risques \u00e0 titre pr\u00e9ventif.<\/p>\n<p>Site web : <a href=\"http:\/\/www.v4l.rs\" target=\"_blank\" rel=\"noopener\">http:\/\/www.v4l.rs<\/a><\/p>","protected":false},"excerpt":{"rendered":"<p>If you are planning a move within, to or from Serbia, you may be considering employing the services of a moving company to assist you with packing, transportation and documentation. Below we have compiled a list of Serbian removal companies that are members of the International Association of Movers (IAM) and\/or FIDI Accredited International Mover [&hellip;]<\/p>\n","protected":false},"author":4,"featured_media":9337,"parent":190,"menu_order":0,"comment_status":"closed","ping_status":"closed","template":"","meta":{"_genesis_hide_title":false,"_genesis_hide_breadcrumbs":false,"_genesis_hide_singular_image":false,"_genesis_hide_footer_widgets":false,"_genesis_custom_body_class":"","_genesis_custom_post_class":"","_genesis_layout":"","footnotes":""},"class_list":{"0":"post-9518","1":"page","2":"type-page","3":"status-publish","4":"has-post-thumbnail","6":"entry"},"_links":{"self":[{"href":"https:\/\/moverdb.com\/fr\/wp-json\/wp\/v2\/pages\/9518","targetHints":{"allow":["GET"]}}],"collection":[{"href":"https:\/\/moverdb.com\/fr\/wp-json\/wp\/v2\/pages"}],"about":[{"href":"https:\/\/moverdb.com\/fr\/wp-json\/wp\/v2\/types\/page"}],"author":[{"embeddable":true,"href":"https:\/\/moverdb.com\/fr\/wp-json\/wp\/v2\/users\/4"}],"replies":[{"embeddable":true,"href":"https:\/\/moverdb.com\/fr\/wp-json\/wp\/v2\/comments?post=9518"}],"version-history":[{"count":1,"href":"https:\/\/moverdb.com\/fr\/wp-json\/wp\/v2\/pages\/9518\/revisions"}],"predecessor-version":[{"id":9519,"href":"https:\/\/moverdb.com\/fr\/wp-json\/wp\/v2\/pages\/9518\/revisions\/9519"}],"up":[{"embeddable":true,"href":"https:\/\/moverdb.com\/fr\/wp-json\/wp\/v2\/pages\/190"}],"wp:featuredmedia":[{"embeddable":true,"href":"https:\/\/moverdb.com\/fr\/wp-json\/wp\/v2\/media\/9337"}],"wp:attachment":[{"href":"https:\/\/moverdb.com\/fr\/wp-json\/wp\/v2\/media?parent=9518"}],"curies":[{"name":"wp","href":"https:\/\/api.w.org\/{rel}","templated":true}]}}