{"id":945,"date":"2016-09-03T20:39:51","date_gmt":"2016-09-03T20:39:51","guid":{"rendered":"http:\/\/moverdb.com\/?page_id=945"},"modified":"2026-01-08T14:48:12","modified_gmt":"2026-01-08T14:48:12","slug":"dt-moving","status":"publish","type":"page","link":"https:\/\/moverdb.com\/fr\/dt-moving\/","title":{"rendered":"DT Moving : Revues sur la relocation internationale et les d\u00e9m\u00e9nagements"},"content":{"rendered":"<p>DT Moving est un <a href=\"https:\/\/moverdb.com\/fr\/moving-to-the-uk\/\" data-internallinksmanager029f6b8e52c=\"93\" title=\"Vous partez au Royaume-Uni ? 2026 Co\u00fbt de la vie et conseils de relocalisation\">ROYAUME-UNI<\/a> bas\u00e9 sur <a href=\"https:\/\/moverdb.com\/fr\/moving-companies\/\" data-internallinksmanager029f6b8e52c=\"79\" title=\"Les 25 meilleures soci\u00e9t\u00e9s de d\u00e9m\u00e9nagement international en ligne\">soci\u00e9t\u00e9 de d\u00e9m\u00e9nagement international<\/a> qui offre \u00e0 ses clients une gamme compl\u00e8te de services dont la liste figure ci-dessous, ainsi qu'un profil de l'entreprise et des commentaires.<\/p>\n<p><strong><a href=\"https:\/\/moverdb.com\/fr\/international-removals\/\" data-internallinksmanager029f6b8e52c=\"27\" title=\"36 meilleures entreprises de d\u00e9m\u00e9nagements internationaux au Royaume-Uni\">D\u00e9m\u00e9nagements internationaux<\/a><\/strong><\/p>\n<ul>\n<li> Enqu\u00eate pr\u00e9alable au d\u00e9m\u00e9nagement, devis et ressources<\/li>\n<li> Emballage \u00e0 la r\u00e9sidence<\/li>\n<li> Transport par air, mer ou route<\/li>\n<li> Assurance souscrite<\/li>\n<li> Un service continu comprenant un gestionnaire de d\u00e9m\u00e9nagement et un service de suivi.<\/li>\n<li> Livraison \u00e0 domicile<\/li>\n<li> D\u00e9chargez vos biens du conteneur \/ camion \/ caisse et placez-les dans la pi\u00e8ce de votre choix.<\/li>\n<li> Placez des mat\u00e9riaux de protection pour entretenir les sols et les murs si n\u00e9cessaire<\/li>\n<li> V\u00e9rifier chaque article livr\u00e9 par rapport \u00e0 l'inventaire de l'emballage d'origine (pour comptabiliser chaque colis).<\/li>\n<li> D\u00e9ballez tout le papier, le rembourrage et les mat\u00e9riaux d'emballage en carton, puis retirez-les pour les recycler.<\/li>\n<li> Nous r\u00e9assemblons pour vous tous les \u00e9l\u00e9ments pr\u00e9indiqu\u00e9s, ce qui vous \u00e9vite de vous inqui\u00e9ter. Nous pouvons \u00e9galement faire appel \u00e0 un homme \u00e0 tout faire pour vous aider \u00e0 effectuer des travaux suppl\u00e9mentaires si vous le souhaitez.<\/li>\n<li> Vous permettre de v\u00e9rifier l'inventaire, article par article, et de signer lorsque vous \u00eates satisfait de la livraison.<\/li>\n<li> D\u00e9douanement<\/li>\n<\/ul>\n<p><strong>Services de destination<\/strong><\/p>\n<ul>\n<li> Recherche de location de maison<\/li>\n<li> Recherche d'\u00e9cole<\/li>\n<li> Tour d'orientation<\/li>\n<li> S'installer<\/li>\n<li> Formation culturelle<\/li>\n<li> Pension alimentaire pour \u00e9poux<\/li>\n<li> Location de meubles<\/li>\n<li> Logement temporaire<\/li>\n<li> Services de d\u00e9part<\/li>\n<li> Conseils en mati\u00e8re de fiscalit\u00e9 et d'immigration<\/li>\n<\/ul>\n<p><strong>Beaux-arts et antiquit\u00e9s<\/strong><\/p>\n<ul>\n<li> Un service adapt\u00e9 \u00e0 chaque client<\/li>\n<li> Service de conseil<\/li>\n<li> Organiser les h\u00f4tels, etc. pour l'achat\/la livraison du voyage.<\/li>\n<li> Collection d'antiquit\u00e9s<\/li>\n<li> Service d'emballage<\/li>\n<li> Exp\u00e9dition<\/li>\n<li> Assurance<\/li>\n<\/ul>\n<p><strong>Stockage<\/strong><\/p>\n<ul>\n<li> Royaume-Uni et <a href=\"https:\/\/moverdb.com\/fr\/moving-to-france\/\" data-internallinksmanager029f6b8e52c=\"315\" title=\"D\u00e9m\u00e9nager en France ? 2026 Co\u00fbts de la vie et conseils de relocalisation\">France<\/a> - stockage \u00e0 court et \u00e0 long terme dans des conteneurs de stockage sp\u00e9cialement con\u00e7us \u00e0 cet effet<\/li>\n<li> S\u00e9curit\u00e9 24 heures sur 24 et acc\u00e8s cod\u00e9<\/li>\n<li> Temp\u00e9rature contr\u00f4l\u00e9e<\/li>\n<li> Pr\u00e9vention des incendies et syst\u00e8me de gicleurs arm\u00e9s<\/li>\n<li> Reste du monde - les partenaires du r\u00e9seau fourniront un stockage s\u00e9curis\u00e9.<\/li>\n<\/ul>\n<p><strong>Services auxiliaires<\/strong><\/p>\n<ul>\n<li> Bricoleur (d\u00e9montage et montage de meubles, \u00e9quipements, \u00e9tag\u00e8res, autres articles)<\/li>\n<li> Accrochage de photos<\/li>\n<li> Mise en caisse sp\u00e9ciale (pour les articles fragiles ou de grande valeur)<\/li>\n<li> Nettoyage de la maison<\/li>\n<li> Service de nettoyage (d\u00e9baller, laver, ranger le linge) <a href=\"https:\/\/moverdb.com\/fr\/moving-to-china\/\" data-internallinksmanager029f6b8e52c=\"357\" title=\"D\u00e9m\u00e9nager en Chine ? 2026 Co\u00fbts de la vie et conseils de relocalisation\">chine<\/a>verrerie, v\u00eatements, articles m\u00e9nagers divers)<\/li>\n<li> \u00c9lectricien ou plombier<\/li>\n<li> D\u00e9sinstallation et installation de l'antenne de t\u00e9l\u00e9vision par satellite<\/li>\n<li> D\u00e9m\u00e9nagement s\u00e9curis\u00e9 par un sp\u00e9cialiste<\/li>\n<li> D\u00e9montage et r\u00e9installation des cadres de fen\u00eatres et de portes<\/li>\n<li> Ascenseur ext\u00e9rieur (palan sp\u00e9cialis\u00e9) pour acc\u00e9der \u00e0 la r\u00e9sidence par la fen\u00eatre ou le balcon de l'\u00e9tage sup\u00e9rieur.<\/li>\n<li> Location de meubles<\/li>\n<li> Restauration et r\u00e9paration de meubles<\/li>\n<li> Stockage des voitures<\/li>\n<\/ul>\n<h2>Profil de la soci\u00e9t\u00e9 DT Moving<\/h2>\n<p>DT Moving, anciennement connu sous le nom de David Turner Worldwide Movers, d\u00e9place des personnes dans le monde entier depuis 1870. La famille fondatrice est toujours impliqu\u00e9e dans l'entreprise qui d\u00e9m\u00e9nage des entreprises et des particuliers de premier plan dans le monde entier. <\/p>\n<p>DT Moving a des bureaux dans les deux pays <a href=\"https:\/\/moverdb.com\/fr\/moving-to-london\/\">Londres<\/a> et <a href=\"https:\/\/moverdb.com\/fr\/moving-to-france\/moving-to-paris\/\" data-internallinksmanager029f6b8e52c=\"407\" title=\"D\u00e9m\u00e9nager \u00e0 Paris ? 2026 Co\u00fbts de la vie et conseils de relocalisation\">Paris<\/a>. Elle est fi\u00e8re de son exp\u00e9rience et de son int\u00e9grit\u00e9 et affirme que l'anciennet\u00e9 moyenne de chacun de ses employ\u00e9s est d'environ 15 ans. Les valeurs de l'entreprise sont la qualit\u00e9 du service, la responsabilit\u00e9, la conformit\u00e9 et l'am\u00e9lioration continue.<\/p>\n<p>DT Moving dit qu'il avait un <strong>Satisfaction du client 97%<\/strong> pour 2015, en hausse par rapport aux 95% de 2014.<\/p>\n<p>DT Moving poss\u00e8de les accr\u00e9ditations et affiliations suivantes :<\/p>\n<ul>\n<li> Accr\u00e9ditation FAIMPLUS ; audit ind\u00e9pendant par Ernst &amp; Young<\/li>\n<li> Accr\u00e9ditation ISO 9001-2008, y compris BS EN 12522\/1 BS EN 12522\/2<\/li>\n<li> Membre fondateur de l'OMNI (The Overseas Moving Network International)<\/li>\n<li> <a href=\"https:\/\/moverdb.com\/fr\/fidi-faim\/\">FIDI<\/a> affili\u00e9 depuis 1950 (F\u00e9d\u00e9ration Internationale des D\u00e9m\u00e9nageurs Internationaux)<\/li>\n<li> inspect\u00e9 par le C-TPAT <a href=\"https:\/\/moverdb.com\/fr\/moving-to-the-united-states\/\" data-internallinksmanager029f6b8e52c=\"94\" title=\"Vous partez aux \u00c9tats-Unis ? 2026 Co\u00fbt de la vie et conseils de relocalisation\">US<\/a> douanes<\/li>\n<li> Membre autoris\u00e9 de la <a href=\"https:\/\/moverdb.com\/fr\/british-association-of-removers\/\">Association britannique des d\u00e9m\u00e9nageurs<\/a>DBA, le <a href=\"https:\/\/moverdb.com\/fr\/mtc\/\">Movers Trading Club<\/a> (<a href=\"https:\/\/moverdb.com\/fr\/mtc\/\" data-internallinksmanager029f6b8e52c=\"30\" title=\"Le Movers Trading Club (MTC) expliqu\u00e9\">MTC<\/a>)<\/li>\n<li> Membre de <a href=\"https:\/\/moverdb.com\/fr\/eura\/\">EuRA<\/a> (Le <a href=\"https:\/\/moverdb.com\/fr\/eura\/\" data-internallinksmanager029f6b8e52c=\"13\" title=\"L&#039;Association europ\u00e9enne de relocation (EuRA) expliqu\u00e9e\">Association europ\u00e9enne de relocation<\/a>)<\/li>\n<li> Membre de <a href=\"https:\/\/moverdb.com\/fr\/association-relogement-professionnels\/\">ARP<\/a> (Le <a href=\"https:\/\/moverdb.com\/fr\/association-relocation-professionals\/\" data-internallinksmanager029f6b8e52c=\"6\" title=\"Explication de l&#039;Association of Relocation Professionals (ARP)\">Association des professionnels de la relocation<\/a>)<\/li>\n<li> Membre de <a href=\"https:\/\/moverdb.com\/fr\/je-suis\/\">IAM<\/a> (<a href=\"https:\/\/moverdb.com\/fr\/iam\/\" data-internallinksmanager029f6b8e52c=\"23\" title=\"L&#039;Association internationale des d\u00e9m\u00e9nageurs (IAM) expliqu\u00e9e\">Association internationale des d\u00e9m\u00e9nageurs<\/a>)<\/li>\n<li> Membre de <a href=\"https:\/\/moverdb.com\/fr\/lacma\/\">LACMA<\/a> (Association des d\u00e9m\u00e9nageurs d'Am\u00e9rique latine et des Cara\u00efbes)<\/li>\n<li> Membre de <a href=\"https:\/\/moverdb.com\/fr\/conseil-de-relocation-des-employes\/\">ERC dans le monde<\/a> (The Workforce Mobility Association)<\/li>\n<li> Toute premi\u00e8re <a href=\"https:\/\/moverdb.com\/fr\/fidi-faim\/\" data-internallinksmanager029f6b8e52c=\"16\" title=\"Explication de la FIDI et du FAIM (FIDI Accredited International Mover)\">FAIM<\/a> Organisation accr\u00e9dit\u00e9e ISO (d\u00e9sormais FAIMPLUS)<\/li>\n<\/ul>\n<h2>Commentaires sur DT Moving<\/h2>\n<p><strong>Positif<\/strong><\/p>\n<ul>\n<li> <em>\"Ils \u00e9taient incroyablement professionnels, polis, rapides et efficaces. Ils ont tout expliqu\u00e9 et je ne peux pas imaginer comment ils auraient pu rendre l'exp\u00e9rience plus facile.\"<\/em> - Z. COHEN via DT Moving <a href=\"http:\/\/www.dtmoving.com\/about-us\/what-our-customers-say\" target=\"_blank\" rel=\"noopener\">Ce que disent nos clients<\/a>.<\/li>\n<li> \"<em>Je viens de d\u00e9m\u00e9nager de Londres \u00e0 <a href=\"https:\/\/moverdb.com\/fr\/demenagement-a-nyc\/\">New York<\/a> et j'ai \u00e9t\u00e9 tr\u00e8s impressionn\u00e9 par le service de d\u00e9m\u00e9nagement du d\u00e9but \u00e0 la fin. Ce qui aurait pu \u00eatre un moment tr\u00e8s stressant a \u00e9t\u00e9 rendu tr\u00e8s facile.\"<\/em> - Utilisateur de Qype, Dan via <a href=\"https:\/\/www.yelp.co.uk\/biz\/dt-moving-london?hrid=_lnG2UpJr3NSw73UR115Pw&#038;utm_campaign=www_review_share_popup&#038;utm_medium=copy_link&#038;utm_source=(direct)\" target=\"_blank\" rel=\"noopener\">Yelp<\/a><\/li>\n<li> \"DT Moving a \u00e9t\u00e9 excellent du d\u00e9but \u00e0 la fin\". - MCalder via <a href=\"https:\/\/www.yell.com\/biz\/dt-moving-mitcham-3825953\/\" target=\"_blank\" rel=\"noopener\">Yell<\/a><\/li>\n<li> \"C'est la troisi\u00e8me fois que mon mari et moi-m\u00eame d\u00e9m\u00e9nageons pour des raisons professionnelles et c'\u00e9tait le meilleur service jusqu'\u00e0 pr\u00e9sent.\" - Chris via <a href=\"http:\/\/www.allinlondon.co.uk\/directory\/1318\/74781.php\" target=\"_blank\" rel=\"noopener\">Tous \u00e0 Londres<\/a>.<\/li>\n<\/ul>\n<p><strong>N\u00e9gatif<\/strong><\/p>\n<p><em>Nous n'avons pas trouv\u00e9 d'avis n\u00e9gatifs en ligne<\/em>.<\/p>\n<div itemprop=\"review\" itemscope itemtype=\"http:\/\/schema.org\/Review\">\n<span itemprop=\"author\" itemscope=\"\" itemtype=\"http:\/\/schema.org\/Organization\"><span itemprop=\"name\">MoverDB.com<\/span><\/span> Examen en ligne du site Web pour <span itemprop=\"itemreviewed\" itemscope=\"\" itemtype=\"http:\/\/schema.org\/Brand\"><span itemprop=\"name\">D\u00e9m\u00e9nagement DT<\/span><\/span>:<\/p>\n<ol>\n<li> Coordonn\u00e9es claires sur le site web (y compris le num\u00e9ro de t\u00e9l\u00e9phone) : <strong>Oui<\/strong><\/li>\n<li> Facile \u00e0 obtenir <a href=\"https:\/\/moverdb.com\/fr\/citations\/\">devis de d\u00e9m\u00e9nagements internationaux<\/a>? (Formulaire de demande de devis en ligne) : <strong>Oui<\/strong><\/li>\n<li> Informations claires sur le site web : <strong>Oui,<\/strong> Le site web est assez complet et donne aux clients potentiels une bonne id\u00e9e de ce que l'entreprise peut offrir.<\/li>\n<li> Adh\u00e9sion \u00e0 des organisations internationales de d\u00e9m\u00e9nagement reconnues : <strong>Oui<\/strong>voir ci-dessus.<\/li>\n<li> Liste de clients et\/ou t\u00e9moignages de clients pr\u00e9c\u00e9dents : <strong>Oui,<\/strong>Il y a beaucoup de t\u00e9moignages de clients sur le site et les autres critiques en ligne sont positives.<\/li>\n<\/ol>\n<div itemprop=\"reviewRating\" itemscope itemtype=\"http:\/\/schema.org\/Rating\"><meta itemprop=\"worstRating\" content = \"0\" \/><meta itemprop=\"bestRating\" content=\"5\" \/><meta itemprop=\"ratingValue\" content=\"5\"><\/div>\n<p><strong>Note globale : 5\/5<\/strong><br \/>\n<strong>Date de r\u00e9vision :<\/strong> <span itemprop=\"datePublished\" content=\"2016-09-03\">03\/09\/2016<\/span>\n<\/div>\n<p>En savoir plus sur <a href=\"https:\/\/moverdb.com\/fr\/demenagements-internationaux\/\">d\u00e9m\u00e9nagements internationaux<\/a> et notre <a href=\"https:\/\/moverdb.com\/fr\/revues\/\">processus de r\u00e9vision<\/a>.<\/p>\n<p><strong>Site web :<\/strong> <a href=\"http:\/\/www.dtmoving.com\" target=\"_blank\" rel=\"noopener\">http:\/\/www.dtmoving.com<\/a><\/p>","protected":false},"excerpt":{"rendered":"<p>DT Moving is a UK based international moving company which offers its clients a full range of services which are listed below, together with a company profile and reviews. International Removals Pre-move survey, quotation and resources Packing at residence Transport by air, sea or road Insurance arranged Ongoing service including a move manager and a [&hellip;]<\/p>\n","protected":false},"author":1,"featured_media":0,"parent":0,"menu_order":0,"comment_status":"closed","ping_status":"closed","template":"","meta":{"_genesis_hide_title":false,"_genesis_hide_breadcrumbs":false,"_genesis_hide_singular_image":false,"_genesis_hide_footer_widgets":false,"_genesis_custom_body_class":"","_genesis_custom_post_class":"","_genesis_layout":"","footnotes":""},"class_list":{"0":"post-945","1":"page","2":"type-page","3":"status-publish","5":"entry"},"_links":{"self":[{"href":"https:\/\/moverdb.com\/fr\/wp-json\/wp\/v2\/pages\/945","targetHints":{"allow":["GET"]}}],"collection":[{"href":"https:\/\/moverdb.com\/fr\/wp-json\/wp\/v2\/pages"}],"about":[{"href":"https:\/\/moverdb.com\/fr\/wp-json\/wp\/v2\/types\/page"}],"author":[{"embeddable":true,"href":"https:\/\/moverdb.com\/fr\/wp-json\/wp\/v2\/users\/1"}],"replies":[{"embeddable":true,"href":"https:\/\/moverdb.com\/fr\/wp-json\/wp\/v2\/comments?post=945"}],"version-history":[{"count":8,"href":"https:\/\/moverdb.com\/fr\/wp-json\/wp\/v2\/pages\/945\/revisions"}],"predecessor-version":[{"id":6201,"href":"https:\/\/moverdb.com\/fr\/wp-json\/wp\/v2\/pages\/945\/revisions\/6201"}],"wp:attachment":[{"href":"https:\/\/moverdb.com\/fr\/wp-json\/wp\/v2\/media?parent=945"}],"curies":[{"name":"wp","href":"https:\/\/api.w.org\/{rel}","templated":true}]}}