{"id":944,"date":"2016-09-04T13:58:08","date_gmt":"2016-09-04T13:58:08","guid":{"rendered":"http:\/\/moverdb.com\/?page_id=944"},"modified":"2026-01-08T14:48:19","modified_gmt":"2026-01-08T14:48:19","slug":"excess-international-movers","status":"publish","type":"page","link":"https:\/\/moverdb.com\/fr\/excess-international-movers\/","title":{"rendered":"Excess International Movers : Avis sur les d\u00e9m\u00e9nagements internationaux"},"content":{"rendered":"<p>Excess International Movers offre aux entreprises, aux particuliers et aux familles un large \u00e9ventail de services, \u00e9num\u00e9r\u00e9s ci-dessous. Vous trouverez \u00e9galement un profil de l'entreprise et des commentaires.<\/p>\n<p><strong><a href=\"https:\/\/moverdb.com\/fr\/international-removals\/\" data-internallinksmanager029f6b8e52c=\"27\" title=\"36 meilleures entreprises de d\u00e9m\u00e9nagements internationaux au Royaume-Uni\">D\u00e9m\u00e9nagements internationaux<\/a><\/strong><\/p>\n<ul>\n<li> Air, mer ou route<\/li>\n<li> Service de porte \u00e0 porte<\/li>\n<li> Un service d\u00e9di\u00e9 aux d\u00e9m\u00e9nagements internationaux<\/li>\n<li> Un coordinateur de d\u00e9m\u00e9nagement pour organiser les d\u00e9m\u00e9nagements du d\u00e9but \u00e0 la fin et r\u00e9pondre \u00e0 toutes les questions.<\/li>\n<li> Emballeurs et d\u00e9m\u00e9nageurs pour emballer les biens dans les meilleurs mat\u00e9riaux d'emballage approuv\u00e9s par l'industrie - \u00e9galement fournis par Excess International Movers.<\/li>\n<li> D\u00e9m\u00e9nagements charg\u00e9s sur <a href=\"https:\/\/moverdb.com\/fr\/expedition-par-conteneur\/\">conteneur d'exp\u00e9dition<\/a> ou pris pour \u00eatre charg\u00e9s sur des avions<\/li>\n<li> Les marchandises sont d\u00e9douan\u00e9es, livr\u00e9es et d\u00e9charg\u00e9es \u00e0 votre nouveau domicile, bureau, h\u00f4tel ou autre lieu final - ou mises \u00e0 disposition pour \u00eatre retir\u00e9es \u00e0 l'a\u00e9roport choisi.<\/li>\n<li> Frais de d\u00e9m\u00e9nagement international, d\u00e9douanement et frais de terminal<\/li>\n<\/ul>\n<p><strong>D\u00e9m\u00e9nagements europ\u00e9ens<\/strong><\/p>\n<ul>\n<li> Service de porte \u00e0 porte<\/li>\n<li> Un service direct d\u00e9di\u00e9. Vos effets sont emball\u00e9s \u00e0 votre domicile, puis charg\u00e9s et transport\u00e9s directement vers votre nouveau domicile en Europe. Vous choisissez la date de livraison en fonction de vos besoins. <\/li>\n<li> Chargement partag\u00e9. Cette formule convient si vous souhaitez transporter des marchandises en petits lots pour lesquels les d\u00e9lais sont moins importants. Tout en offrant aux clients une date fixe pour la collecte, vous disposez d'une fen\u00eatre de temps pour la livraison avant la collecte et la date de livraison est confirm\u00e9e une fois que le programme de chargement partag\u00e9 est finalis\u00e9.<\/li>\n<li> Un coordinateur de d\u00e9m\u00e9nagement d\u00e9di\u00e9 pour r\u00e9pondre aux questions et organiser le d\u00e9m\u00e9nagement de l'UE du d\u00e9but \u00e0 la fin.<\/li>\n<li> European Removals comprend un service d'emballage professionnel utilisant des mat\u00e9riaux d'emballage approuv\u00e9s par l'industrie pour garantir la s\u00e9curit\u00e9 de vos biens pendant le transport.<\/li>\n<li> Les d\u00e9m\u00e9nagements sont collect\u00e9s, livr\u00e9s et ensuite d\u00e9ball\u00e9s dans votre nouveau domicile avec tout le contenu positionn\u00e9 selon les besoins.<\/li>\n<\/ul>\n<p><strong>Services de stockage<\/strong><\/p>\n<ul>\n<li> S\u00e9curit\u00e9 24 heures sur 24<\/li>\n<li> L'acc\u00e8s aux biens n\u00e9cessite un pr\u00e9avis et peut entra\u00eener des frais suppl\u00e9mentaires.<\/li>\n<li> Remises sur le stockage pour les \u00e9tudiants<\/li>\n<li> Stockage en conteneur<\/li>\n<\/ul>\n<p><strong>Services aux \u00e9tudiants<\/strong><\/p>\n<ul>\n<li> Des mini-mouvements \u00e0 prix r\u00e9duit<\/li>\n<li> Option de stockage de 5 bo\u00eetes \u00e0 prix r\u00e9duit<\/li>\n<li> \u00c9tudiant <a href=\"https:\/\/moverdb.com\/fr\/compagnies-maritimes\/\">exp\u00e9dition internationale<\/a><\/li>\n<\/ul>\n<p><strong>Services suppl\u00e9mentaires<\/strong><\/p>\n<ul>\n<li> Transport de bagages<\/li>\n<li> Bagages non accompagn\u00e9s<\/li>\n<li> Bagages exc\u00e9dentaires<\/li>\n<li> <a href=\"https:\/\/moverdb.com\/fr\/voiture-transport-expedition\/\">Exp\u00e9dition de v\u00e9hicules<\/a><\/li>\n<li> D\u00e9m\u00e9nagement d'entreprise<\/li>\n<li> Exp\u00e9dition d'\u0153uvres d'art<\/li>\n<li> Importations<\/li>\n<\/ul>\n<h2>Profil de la soci\u00e9t\u00e9 Excess International Movers<\/h2>\n<p>Excess International Movers existe depuis plus de 30 ans et traite plus de 50 000 envois par an, tant au niveau international que local. Ils affirment pouvoir g\u00e9rer des d\u00e9m\u00e9nagements de toutes tailles et dans des d\u00e9lais raisonnables. Excess International Movers affirme exp\u00e9dier vers plus de 25 000 destinations dans le monde entier.<\/p>\n<p>La soci\u00e9t\u00e9 couvre tous les aspects d'un d\u00e9m\u00e9nagement \u00e0 l'\u00e9tranger, du devis initial aux services d'installation dans le pays de destination. Elle propose des solutions d'exp\u00e9dition aux particuliers, aux familles et aux entreprises, y compris \u00e0 de nombreuses soci\u00e9t\u00e9s de premier ordre.<\/p>\n<p>Accr\u00e9ditations et affiliations d'Excess International Movers :<\/p>\n<ul>\n<li> <a href=\"https:\/\/moverdb.com\/fr\/british-association-of-removers\/\">L'association britannique des d\u00e9m\u00e9nageurs<\/a> (<a href=\"https:\/\/moverdb.com\/fr\/british-association-of-removers\/\" data-internallinksmanager029f6b8e52c=\"9\" title=\"Explication de la British Association of Removers (BAR)\">BAR<\/a>)<\/li>\n<li> <a href=\"https:\/\/moverdb.com\/fr\/fidi-faim\/\">La F\u00e9d\u00e9ration internationale des d\u00e9m\u00e9nageurs de meubles<\/a> (<a href=\"https:\/\/moverdb.com\/fr\/fidi-faim\/\" data-internallinksmanager029f6b8e52c=\"16\" title=\"Explication de la FIDI et du FAIM (FIDI Accredited International Mover)\">FIDI<\/a>)<\/li>\n<li> <a href=\"https:\/\/moverdb.com\/fr\/hgfaa\/\">Association am\u00e9ricaine des transitaires d'articles m\u00e9nagers<\/a> (HHGFAA)<\/li>\n<li> <a href=\"https:\/\/moverdb.com\/fr\/fidi-faim\/\">FAIM Plus<\/a><\/li>\n<li> <a href=\"https:\/\/moverdb.com\/fr\/mtc\/\">The Movers Trading Club<\/a> (<a href=\"https:\/\/moverdb.com\/fr\/mtc\/\" data-internallinksmanager029f6b8e52c=\"30\" title=\"Le Movers Trading Club (MTC) expliqu\u00e9\">MTC<\/a>)<\/li>\n<li> Le site <a href=\"https:\/\/moverdb.com\/fr\/je-suis\/\">Association internationale des d\u00e9m\u00e9nageurs<\/a> (<a href=\"https:\/\/moverdb.com\/fr\/iam\/\" data-internallinksmanager029f6b8e52c=\"23\" title=\"L&#039;Association internationale des d\u00e9m\u00e9nageurs (IAM) expliqu\u00e9e\">IAM<\/a>)<\/li>\n<li> ISO 9001<\/li>\n<\/ul>\n<h2>Avis sur Excess International Movers<\/h2>\n<p><strong>Positif<\/strong><\/p>\n<ul>\n<li> <em>\"D\u00e8s le d\u00e9but, ce fut un plaisir de faire affaire avec Excess Internationl Movers. Leurs prix sont tr\u00e8s raisonnables et ils vous guident tout au long du processus. L'enl\u00e8vement et la livraison se sont d\u00e9roul\u00e9s sans probl\u00e8me et je ne pourrais pas \u00eatre plus satisfait du service. Je vous recommande vivement.\"<\/em> - Mme Sophie Hay via <a href=\"http:\/\/www.excess-international.com\/reviews\" target=\"_blank\" rel=\"noopener\">page de pr\u00e9sentation de l'entreprise<\/a><\/li>\n<li> <em>\"Service impeccable, du devis \u00e0 l'exp\u00e9dition. Nous recommandons vivement cette soci\u00e9t\u00e9.\"<\/em> - Lisa via <a href=\"https:\/\/uk.trustpilot.com\/reviews\/57bc88a00000ff00097f3cfc\" target=\"_blank\" rel=\"noopener\">Trustpilot<\/a>.<\/li>\n<li> <em>\"Nous avons r\u00e9cemment d\u00e9m\u00e9nag\u00e9 de la <a href=\"https:\/\/moverdb.com\/fr\/moving-to-the-uk\/\" data-internallinksmanager029f6b8e52c=\"93\" title=\"Vous partez au Royaume-Uni ? 2026 Co\u00fbt de la vie et conseils de relocalisation\">ROYAUME-UNI<\/a> \u00e0 <a href=\"https:\/\/moverdb.com\/fr\/moving-to-canada\/\" data-internallinksmanager029f6b8e52c=\"265\" title=\"D\u00e9m\u00e9nager au Canada ? 2026 Co\u00fbt de la vie et conseils de relocalisation\">Canada<\/a>et Excess International a rendu l'ensemble du processus tr\u00e8s facile. Le devis \u00e9tait assez pr\u00e9cis (le co\u00fbt final \u00e9tait en fait l\u00e9g\u00e8rement inf\u00e9rieur au devis initial, ce qui \u00e9tait une bonne chose - pas de mauvaises surprises \u00e0 la derni\u00e8re minute), les emballeurs ont fait un excellent travail et Attila \u00e9tait heureux de r\u00e9pondre \u00e0 toutes nos questions.\"<\/em> - via <a href=\"http:\/\/www.reviewcentre.com\/Removal-Companies\/Excess-International-Movers-www-excess-international-com-review_2391382\" target=\"_blank\" rel=\"noopener\">Centre de r\u00e9vision<\/a><\/li>\n<li> <em>\"Les hommes qui sont venus faire le d\u00e9m\u00e9nagement et l'emballage \u00e9taient absolument #1 - de premi\u00e8re classe avec tout, des travailleurs acharn\u00e9s et tr\u00e8s courtois.\"<\/em> - Anton via <a href=\"http:\/\/www.shipping-international.com\/companies\/excess-international-movers.html\" target=\"_blank\" rel=\"noopener\">Exp\u00e9dition-International.com<\/a><\/li>\n<\/ul>\n<p><strong>N\u00e9gatif<\/strong><\/p>\n<ul>\n<li> <em>\"Nous pensions avoir pris une bonne d\u00e9cision apr\u00e8s avoir obtenu quelques devis, mais malheureusement les choses ne se sont pas d\u00e9roul\u00e9es comme pr\u00e9vu.\"<\/em> - Lee\/Mme Alexandria via <a href=\"https:\/\/uk.trustpilot.com\/reviews\/57b38afd0000ff00097cab0e\" target=\"_blank\" rel=\"noopener\">Trustpilot<\/a><\/li>\n<li> <em>\"Nous avons toujours un probl\u00e8me qui remonte au d\u00e9but de l'ann\u00e9e(2015) avec EIM lorsque notre conteneur est arriv\u00e9 en NZ depuis le Royaume-Uni. Le personnel d'EIM de retour au Royaume-Uni a scotch\u00e9 un trou dans le toit du conteneur avec son propre ruban d'emballage.\"<\/em> - Robert Snijders via <a href=\"http:\/\/www.removalreviews.co.uk\/movingreviews\/move-from-uk-to-nz-10229\" target=\"_blank\" rel=\"noopener\">Revues de d\u00e9m\u00e9nagement<\/a><\/li>\n<li> <em>\"Service path\u00e9tique et aucune communication appropri\u00e9e. Je ne recommanderais pas du tout d'utiliser ces gars-l\u00e0. Mon interaction a \u00e9t\u00e9 tr\u00e8s d\u00e9cevante et frustrante.\"<\/em> - via <a href=\"http:\/\/www.reviewcentre.com\/Removal-Companies\/Excess-International-Movers-www-excess-international-com-review_3918175\" target=\"_blank\" rel=\"noopener\">Centre de r\u00e9vision<\/a><\/li>\n<li> <em>\"Une soci\u00e9t\u00e9 absolument horrible \u00e0 traiter, j'avais l'impression de traiter avec un agent de recouvrement en leur parlant au t\u00e9l\u00e9phone.\" -<br \/>\nWill B. via <a href=\"https:\/\/www.yelp.co.uk\/biz\/excess-international-movers-london-2?hrid=gh9RC6mlebc__fP5wR0Q8g&#038;utm_campaign=www_review_share_popup&#038;utm_medium=copy_link&#038;utm_source=(direct)\" target=\"_blank\" rel=\"noopener\">Yelp<\/a><\/em><\/li>\n<\/ul>\n<div itemprop=\"review\" itemscope itemtype=\"http:\/\/schema.org\/Review\">\n<span itemprop=\"author\" itemscope=\"\" itemtype=\"http:\/\/schema.org\/Organization\"><span itemprop=\"name\">MoverDB.com<\/span><\/span> Examen en ligne du site Web pour <span itemprop=\"itemreviewed\" itemscope=\"\" itemtype=\"http:\/\/schema.org\/Brand\"><span itemprop=\"name\">Excess International Movers<\/span><\/span>:<\/p>\n<ol>\n<li> Coordonn\u00e9es claires sur le site web (y compris le num\u00e9ro de t\u00e9l\u00e9phone) : <strong>Oui<\/strong><\/li>\n<li> Facile \u00e0 obtenir <a href=\"https:\/\/moverdb.com\/fr\/citations\/\">devis de d\u00e9m\u00e9nagements internationaux<\/a>? (Formulaire de demande de devis en ligne) : <strong>Oui<\/strong><\/li>\n<li> Informations claires sur le site web : <strong>Oui,<\/strong> Les informations figurant sur le site web sont assez d\u00e9taill\u00e9es et donnent aux clients potentiels une bonne id\u00e9e de ce qui est propos\u00e9.<\/li>\n<li> Adh\u00e9sion \u00e0 des organisations internationales de d\u00e9m\u00e9nagement reconnues : <strong>Oui<\/strong>voir ci-dessus.<\/li>\n<li> Liste de clients et\/ou t\u00e9moignages de clients pr\u00e9c\u00e9dents : <strong>Oui,<\/strong> Le site Web de l'entreprise contient de nombreux t\u00e9moignages positifs de clients, mais les avis sont un peu plus mitig\u00e9s ailleurs.<\/li>\n<\/ol>\n<div itemprop=\"reviewRating\" itemscope itemtype=\"http:\/\/schema.org\/Rating\"><meta itemprop=\"worstRating\" content = \"0\" \/><meta itemprop=\"bestRating\" content=\"5\" \/><meta itemprop=\"ratingValue\" content=\"4\"><\/div>\n<p><strong>Note globale : 4\/5<\/strong><br \/>\n<strong>Date de r\u00e9vision :<\/strong> <span itemprop=\"datePublished\" content=\"2016-09-04\">04\/09\/2016<\/span>\n<\/div>\n<p>En savoir plus sur <a href=\"https:\/\/moverdb.com\/fr\/demenagements-internationaux\/\">d\u00e9m\u00e9nagements internationaux<\/a> et notre <a href=\"https:\/\/moverdb.com\/fr\/revues\/\">processus de r\u00e9vision<\/a>.<\/p>\n<p><strong>Site web :<\/strong> <a href=\"http:\/\/www.excess-international.com\/\" target=\"_blank\" rel=\"noopener\">http:\/\/www.excess-international.com<\/a><\/p>","protected":false},"excerpt":{"rendered":"<p>Excess International Movers offer corporate clients, individuals and families a wide range of services which are listed below. There also follows a company profile and reviews. International Removals Air, sea or road Door to door service Dedicated service for international relocations A move co-ordinator to organise removals from start to finish and answer any queries [&hellip;]<\/p>\n","protected":false},"author":1,"featured_media":0,"parent":0,"menu_order":0,"comment_status":"closed","ping_status":"closed","template":"","meta":{"_genesis_hide_title":false,"_genesis_hide_breadcrumbs":false,"_genesis_hide_singular_image":false,"_genesis_hide_footer_widgets":false,"_genesis_custom_body_class":"","_genesis_custom_post_class":"","_genesis_layout":"","footnotes":""},"class_list":{"0":"post-944","1":"page","2":"type-page","3":"status-publish","5":"entry"},"_links":{"self":[{"href":"https:\/\/moverdb.com\/fr\/wp-json\/wp\/v2\/pages\/944","targetHints":{"allow":["GET"]}}],"collection":[{"href":"https:\/\/moverdb.com\/fr\/wp-json\/wp\/v2\/pages"}],"about":[{"href":"https:\/\/moverdb.com\/fr\/wp-json\/wp\/v2\/types\/page"}],"author":[{"embeddable":true,"href":"https:\/\/moverdb.com\/fr\/wp-json\/wp\/v2\/users\/1"}],"replies":[{"embeddable":true,"href":"https:\/\/moverdb.com\/fr\/wp-json\/wp\/v2\/comments?post=944"}],"version-history":[{"count":8,"href":"https:\/\/moverdb.com\/fr\/wp-json\/wp\/v2\/pages\/944\/revisions"}],"predecessor-version":[{"id":6207,"href":"https:\/\/moverdb.com\/fr\/wp-json\/wp\/v2\/pages\/944\/revisions\/6207"}],"wp:attachment":[{"href":"https:\/\/moverdb.com\/fr\/wp-json\/wp\/v2\/media?parent=944"}],"curies":[{"name":"wp","href":"https:\/\/api.w.org\/{rel}","templated":true}]}}