{"id":943,"date":"2016-09-03T18:19:36","date_gmt":"2016-09-03T18:19:36","guid":{"rendered":"http:\/\/moverdb.com\/?page_id=943"},"modified":"2026-01-08T15:20:36","modified_gmt":"2026-01-08T15:20:36","slug":"robinsons","status":"publish","type":"page","link":"https:\/\/moverdb.com\/fr\/robinsons\/","title":{"rendered":"Robinsons Relocation : Avis sur les d\u00e9m\u00e9nagements et d\u00e9m\u00e9nagements internationaux"},"content":{"rendered":"<p>Robinsons Relocation est une soci\u00e9t\u00e9 internationale <a href=\"https:\/\/moverdb.com\/fr\/international-removals\/\" data-internallinksmanager029f6b8e52c=\"27\" title=\"36 meilleures entreprises de d\u00e9m\u00e9nagements internationaux au Royaume-Uni\">entreprise de d\u00e9m\u00e9nagement<\/a> qui offrent \u00e0 leurs clients de nombreux services pour les aider \u00e0 s'installer \u00e0 l'\u00e9tranger. Ces services sont \u00e9num\u00e9r\u00e9s ci-dessous, accompagn\u00e9s d'un profil de l'entreprise et de commentaires.<\/p>\n<p><strong>D\u00e9m\u00e9nagements internationaux<\/strong><\/p>\n<ul>\n<li> Un responsable du d\u00e9m\u00e9nagement d\u00e9di\u00e9<\/li>\n<li> Porte \u00e0 porte<\/li>\n<li> Emballage individuel ou professionnel<\/li>\n<li> Fret a\u00e9rien ou maritime <a href=\"https:\/\/moverdb.com\/fr\/expedition-par-conteneur\/\">transport international par conteneurs<\/a><\/li>\n<li> options de charge compl\u00e8te et de charge partielle<\/li>\n<li> D\u00e9ballage et remontage<\/li>\n<li> Assistance douani\u00e8re<\/li>\n<li> Assurance souscrite<\/li>\n<li> Transport de voitures<\/li>\n<li> Envoi d'animaux<\/li>\n<li> Exp\u00e9dition d'objets d'art et d'antiquit\u00e9s<\/li>\n<li> D\u00e9placement d'entreprise<\/li>\n<\/ul>\n<p><strong>Services de relocalisation<\/strong><\/p>\n<ul>\n<li> Orientation de la zone<\/li>\n<li> Recherche \u00e0 domicile<\/li>\n<li> Recherche d'\u00e9cole<\/li>\n<li> Services d'installation<\/li>\n<li> Soutien continu et gestion de la location<\/li>\n<li> Services de d\u00e9part<\/li>\n<li> Visa et immigration<\/li>\n<li> Interculturel et langues<\/li>\n<li> Pension alimentaire pour \u00e9poux<\/li>\n<\/ul>\n<p><strong>Stockage<\/strong><\/p>\n<ul>\n<li> Long et court terme<\/li>\n<li> Rangement des meubles<\/li>\n<li> Stockage des v\u00e9hicules<\/li>\n<li> Stockage commercial<\/li>\n<li> Stockage des documents<\/li>\n<li> 8 branches au choix<\/li>\n<li> Emballage professionnel<\/li>\n<li> Assurance automatique<\/li>\n<li> CCTV 24 heures sur 24<\/li>\n<\/ul>\n<p><strong><a href=\"https:\/\/moverdb.com\/fr\/moving-to-the-uk\/\" data-internallinksmanager029f6b8e52c=\"93\" title=\"Vous partez au Royaume-Uni ? 2026 Co\u00fbt de la vie et conseils de relocalisation\">ROYAUME-UNI<\/a> D\u00e9m\u00e9nagements de maisons<\/strong><\/p>\n<ul>\n<li> Porte \u00e0 porte<\/li>\n<li> Service complet<\/li>\n<li> D\u00e9placement d'entreprise<\/li>\n<\/ul>\n<h2>Profil de l'entreprise Robinsons Relocation<\/h2>\n<p>Robinsons a \u00e9t\u00e9 fond\u00e9e en 1895 par Alfred Robinson et l'entreprise a commenc\u00e9 par d\u00e9placer du charbon. La concurrence \u00e9tant forte, Alfred Robinson a d\u00e9cid\u00e9 de se tourner vers le secteur du d\u00e9m\u00e9nagement. <\/p>\n<p>L'entreprise s'est d\u00e9velopp\u00e9e dans les d\u00e9m\u00e9nagements internationaux dans les ann\u00e9es 1960, avec l'av\u00e8nement de l'\u00e9migration massive vers l'Europe. <a href=\"https:\/\/moverdb.com\/fr\/moving-to-australia\/living-in-australia\/\" data-internallinksmanager029f6b8e52c=\"240\" title=\"21 secrets sur la vie en Australie \u00e0 conna\u00eetre avant de d\u00e9m\u00e9nager\">Australie<\/a>. Le petit-fils d'Alfred Robinson est aujourd'hui le pr\u00e9sident de la soci\u00e9t\u00e9.<\/p>\n<p>Robinsons est l'un des cinq premiers exportateurs de biens personnels au Royaume-Uni. Son objectif est d'offrir \u00e0 ses clients, qu'il s'agisse de particuliers ou d'entreprises, un plan sur mesure pour que leur d\u00e9m\u00e9nagement se fasse sans effort et sans co\u00fbts cach\u00e9s. <\/p>\n<p>L'entreprise dispose de six entrep\u00f4ts sp\u00e9cialis\u00e9s dans les principaux centres du Royaume-Uni. Elle dispose \u00e9galement d'une flotte de 60 v\u00e9hicules et d'un personnel de plus de 150 personnes hautement qualifi\u00e9es.<\/p>\n<p>Une liste des affiliations et accr\u00e9ditations de Robinsons :<\/p>\n<ul>\n<li> <a href=\"https:\/\/moverdb.com\/fr\/british-association-of-removers\/\">L'association britannique des d\u00e9m\u00e9nageurs<\/a> (<a href=\"https:\/\/moverdb.com\/fr\/british-association-of-removers\/\" data-internallinksmanager029f6b8e52c=\"9\" title=\"Explication de la British Association of Removers (BAR)\">BAR<\/a>)<\/li>\n<li> <a href=\"https:\/\/moverdb.com\/fr\/bar-overseas\/\">L'association britannique des d\u00e9m\u00e9nageurs d'outre-mer<\/a><\/li>\n<li> Association britannique du fret international (BIFA)<\/li>\n<li> R\u00e9assurance mondiale<\/li>\n<li> <a href=\"https:\/\/moverdb.com\/fr\/fidi-faim\/\">F\u00e9d\u00e9ration internationale des d\u00e9m\u00e9nageurs internationaux<\/a> (<a href=\"https:\/\/moverdb.com\/fr\/fidi-faim\/\" data-internallinksmanager029f6b8e52c=\"16\" title=\"Explication de la FIDI et du FAIM (FIDI Accredited International Mover)\">FIDI<\/a>)<\/li>\n<li> R\u00e9seau de d\u00e9m\u00e9nageurs d'outre-mer Incorpor\u00e9 (OMNI)<\/li>\n<li> FAIM Plus<\/li>\n<li> <a href=\"https:\/\/moverdb.com\/fr\/eura\/\">EuRA<\/a><\/li>\n<li> ISO 9901:2008<\/li>\n<li> ISO 14001 :2004<\/li>\n<li> L'Association des marchands d'art et d'antiquit\u00e9s (LAPADA)<\/li>\n<li> British Furniture Manufacturers (BFM)<\/li>\n<\/ul>\n<h2>Avis de Robinsons Relocation<\/h2>\n<p><strong>Positif :<\/strong><\/p>\n<ul>\n<li> <em>\"Robinsons a \u00e9t\u00e9 tr\u00e8s patient avec notre parcours parfois \"difficile\" pour arriver \u00e0 une date de d\u00e9m\u00e9nagement effective, en se coordonnant heureusement avec moi. Le personnel du bureau a \u00e9t\u00e9 utile, sympathique et amical. Et quand le jour est arriv\u00e9, les gars qui sont venus emballer la maison pour le d\u00e9m\u00e9nagement ont \u00e9t\u00e9 tr\u00e8s gentils. <a href=\"https:\/\/moverdb.com\/fr\/moving-to-the-united-states\/\" data-internallinksmanager029f6b8e52c=\"94\" title=\"Vous partez aux \u00c9tats-Unis ? 2026 Co\u00fbt de la vie et conseils de relocalisation\">nous<\/a> \u00e9taient amicaux, professionnels, mais surtout consciencieux\".<\/em> - Charlie K B Brisker via <a href=\"https:\/\/uk.trustpilot.com\/reviews\/57c6b04b0000ff000982140f\" target=\"_blank\" rel=\"noopener\">Trustpilot<\/a><\/li>\n<li> <em>\"Nous avons eu une excellente exp\u00e9rience avec Robinsons et nous avons donc \u00e9t\u00e9 assez surpris lorsque j'ai vu un avis contraire. Pour notre propre exp\u00e9rience, nous avons d\u00e9m\u00e9nag\u00e9 plusieurs fois dans diff\u00e9rentes parties du monde et nous avons fait confiance \u00e0 Robinsons pour notre d\u00e9m\u00e9nagement \u00e0 chaque fois depuis que nous les avons utilis\u00e9s pour la premi\u00e8re fois dans les ann\u00e9es 90.\"<\/em> - Aiden Roberts via <a href=\"http:\/\/www.removalreviews.co.uk\/movingreviews\/really-great-service-thank-you-robinsons-6974\" target=\"_blank\" rel=\"noopener\">Revues de d\u00e9m\u00e9nagement<\/a> <\/li>\n<\/ul>\n<p><strong>N\u00e9gatif :<\/strong><\/p>\n<ul>\n<li> <em>\"Les deux premiers gars qui sont arriv\u00e9s \u00e9taient fantastiques. Puis trois autres sont arriv\u00e9s ! Ils ont branch\u00e9 leurs t\u00e9l\u00e9phones portables dans nos prises pour diffuser de la musique ! !! L'emballage des petits objets a \u00e9t\u00e9 formidable ! Pas de casse ! Cependant, le manque de soin et de respect pour les objets plus importants \u00e9tait choquant ! \"<\/em> - Sharon Card via <a href=\"https:\/\/www.trustpilot.com\/users\/55ed817e0000ff0001d9df65\" target=\"_blank\" rel=\"noopener\">Trustpilot<\/a> <\/li>\n<li> \"<em>Apr\u00e8s quelques recherches, je pensais avoir choisi une soci\u00e9t\u00e9 r\u00e9put\u00e9e pour s'occuper de ma relocalisation internationale. Je n'aurais pas pu me tromper davantage.\" <\/em>Eric via <a href=\"http:\/\/www.removalreviews.co.uk\/movingreviews\/absolute-disgrace-2741\" target=\"_blank\" rel=\"noopener\">Revues de d\u00e9m\u00e9nagement<\/a> <\/li>\n<\/ul>\n<div itemprop=\"review\" itemscope itemtype=\"http:\/\/schema.org\/Review\">\n<span itemprop=\"author\" itemscope=\"\" itemtype=\"http:\/\/schema.org\/Organization\"><span itemprop=\"name\">MoverDB.com<\/span><\/span> Examen en ligne du site Web pour <span itemprop=\"itemreviewed\" itemscope=\"\" itemtype=\"http:\/\/schema.org\/Brand\"><span itemprop=\"name\">Robinsons Relocation<\/span><\/span>:<\/p>\n<ol>\n<li> Coordonn\u00e9es claires sur le site web (y compris le num\u00e9ro de t\u00e9l\u00e9phone) : <strong>Oui<\/strong><\/li>\n<li> Facile \u00e0 obtenir <a href=\"https:\/\/moverdb.com\/fr\/citations\/\">devis de d\u00e9m\u00e9nagements internationaux<\/a>? (Formulaire de demande de devis en ligne) : <strong>Oui<\/strong><\/li>\n<li> Informations claires sur le site web : <strong>Oui,<\/strong> une bonne quantit\u00e9 d'informations sur tous les services qu'ils proposent.<\/li>\n<li> Adh\u00e9sion \u00e0 des organisations internationales de d\u00e9m\u00e9nagement reconnues : <strong>Oui<\/strong>, voir ci-dessus.<\/li>\n<li> Liste de clients et\/ou t\u00e9moignages de clients pr\u00e9c\u00e9dents : <strong>Oui,<\/strong> mais pas sur leur site web, les clients laissent plut\u00f4t des avis sur TrustPilot, o\u00f9 ils ont une note tr\u00e8s positive.<\/li>\n<\/ol>\n<div itemprop=\"reviewRating\" itemscope itemtype=\"http:\/\/schema.org\/Rating\"><meta itemprop=\"worstRating\" content = \"0\" \/><meta itemprop=\"bestRating\" content=\"5\" \/><meta itemprop=\"ratingValue\" content=\"5\"><\/div>\n<p><strong>Note globale : 5\/5<\/strong><br \/>\n<strong>Date de r\u00e9vision :<\/strong> <span itemprop=\"datePublished\" content=\"2016-09-03\">03\/09\/2016<\/span>\n<\/div>\n<p>En savoir plus sur <a href=\"https:\/\/moverdb.com\/fr\/demenagements-internationaux\/\">soci\u00e9t\u00e9s de d\u00e9m\u00e9nagements internationaux<\/a> et notre <a href=\"https:\/\/moverdb.com\/fr\/revues\/\">processus de r\u00e9vision<\/a>.<\/p>\n<p><strong>Site web :<\/strong> <a href=\"http:\/\/www.robinsonsrelo.com\" target=\"_blank\" rel=\"noopener\">http:\/\/www.robinsonsrelo.com<\/a><\/p>","protected":false},"excerpt":{"rendered":"<p>Robinsons Relocation are an international removal company which offer their clients many services to assist them in relocating abroad. The services are listed below together with a company profile and reviews. International Removals Dedicated move manager Door to door Self-packing or professionally packed Air freight or sea freight international container shipping full load and part [&hellip;]<\/p>\n","protected":false},"author":1,"featured_media":0,"parent":0,"menu_order":0,"comment_status":"closed","ping_status":"closed","template":"","meta":{"_genesis_hide_title":false,"_genesis_hide_breadcrumbs":false,"_genesis_hide_singular_image":false,"_genesis_hide_footer_widgets":false,"_genesis_custom_body_class":"","_genesis_custom_post_class":"","_genesis_layout":"","footnotes":""},"class_list":{"0":"post-943","1":"page","2":"type-page","3":"status-publish","5":"entry"},"_links":{"self":[{"href":"https:\/\/moverdb.com\/fr\/wp-json\/wp\/v2\/pages\/943","targetHints":{"allow":["GET"]}}],"collection":[{"href":"https:\/\/moverdb.com\/fr\/wp-json\/wp\/v2\/pages"}],"about":[{"href":"https:\/\/moverdb.com\/fr\/wp-json\/wp\/v2\/types\/page"}],"author":[{"embeddable":true,"href":"https:\/\/moverdb.com\/fr\/wp-json\/wp\/v2\/users\/1"}],"replies":[{"embeddable":true,"href":"https:\/\/moverdb.com\/fr\/wp-json\/wp\/v2\/comments?post=943"}],"version-history":[{"count":5,"href":"https:\/\/moverdb.com\/fr\/wp-json\/wp\/v2\/pages\/943\/revisions"}],"predecessor-version":[{"id":6233,"href":"https:\/\/moverdb.com\/fr\/wp-json\/wp\/v2\/pages\/943\/revisions\/6233"}],"wp:attachment":[{"href":"https:\/\/moverdb.com\/fr\/wp-json\/wp\/v2\/media?parent=943"}],"curies":[{"name":"wp","href":"https:\/\/api.w.org\/{rel}","templated":true}]}}