{"id":942,"date":"2016-09-04T17:22:17","date_gmt":"2016-09-04T17:22:17","guid":{"rendered":"http:\/\/moverdb.com\/?page_id=942"},"modified":"2026-01-08T14:47:57","modified_gmt":"2026-01-08T14:47:57","slug":"ville-demenagement-stockage","status":"publish","type":"page","link":"https:\/\/moverdb.com\/fr\/city-moving-storage\/","title":{"rendered":"City Moving and Storage : Avis sur les d\u00e9m\u00e9nagements internationaux"},"content":{"rendered":"<p>City Moving and Storage propose des d\u00e9m\u00e9nagements locaux et \u00e0 l'\u00e9tranger aux entreprises et aux particuliers. Vous trouverez ci-dessous une liste de ces services, ainsi qu'un profil de l'entreprise et des commentaires.<\/p>\n<p><strong>Note :<\/strong> City Moving and Storage ne doit pas \u00eatre confondu avec City Removals, qui est une soci\u00e9t\u00e9 distincte proposant \u00e9galement, de mani\u00e8re confuse, les services suivants <a href=\"https:\/\/moverdb.com\/fr\/demenagements-internationaux\/\">d\u00e9m\u00e9nagements internationaux<\/a>.<\/p>\n<p><strong>Services de d\u00e9m\u00e9nagement<\/strong><\/p>\n<ul>\n<li> D\u00e9ballage et enl\u00e8vement des d\u00e9bris Service d'emballage complet<\/li>\n<li> Mise en caisse d'antiquit\u00e9s et d'objets d'art<\/li>\n<li> Services de fret maritime par LCL (less than container load) ou FCL (full container load) <a href=\"https:\/\/moverdb.com\/fr\/expedition-par-conteneur\/\">transport par conteneurs<\/a>.<\/li>\n<li> Services hebdomadaires de camions de d\u00e9m\u00e9nagement vers l'Europe<\/li>\n<li> D\u00e9douanement et formalit\u00e9s<\/li>\n<li> D\u00e9ballage et enl\u00e8vement des d\u00e9bris<\/li>\n<\/ul>\n<p><strong>Services de stockage<\/strong><\/p>\n<ul>\n<li> Conteneurs de chargement<\/li>\n<li> Conteneurs d'emballage<\/li>\n<li> Sceller les conteneurs<\/li>\n<li> Rangement des conteneurs<\/li>\n<\/ul>\n<h2>Profil de la soci\u00e9t\u00e9 City Moving and Storage<\/h2>\n<p>City Moving and Storage est une soci\u00e9t\u00e9 priv\u00e9e \u00e0 responsabilit\u00e9 limit\u00e9e qui a d\u00e9but\u00e9 ses activit\u00e9s en 1986. Son si\u00e8ge social se trouve \u00e0 <a href=\"https:\/\/moverdb.com\/fr\/moving-to-london\/\">Londres<\/a> avec des partenaires commerciaux internationaux dans le monde entier. La soci\u00e9t\u00e9 exp\u00e9die des effets personnels et professionnels dans le monde entier et s'enorgueillit d'avoir un personnel professionnel et bien form\u00e9 qui suit le processus de porte \u00e0 porte.<\/p>\n<p>La soci\u00e9t\u00e9 est sp\u00e9cialis\u00e9e dans l'exp\u00e9dition d'antiquit\u00e9s, d'\u0153uvres d'art, de pianos et de voitures dans le monde entier. Elle dispose d'un d\u00e9partement sp\u00e9cialis\u00e9 pour la Scandinavie, avec des d\u00e9parts hebdomadaires de Londres. Les clients sont tenus inform\u00e9s de l'\u00e9volution de leurs exp\u00e9ditions, avec des notifications \u00e0 chaque \u00e9tape du voyage. <\/p>\n<p>City Moving and Storage est accr\u00e9dit\u00e9 par :<\/p>\n<ul>\n<li> <a href=\"https:\/\/moverdb.com\/fr\/british-association-of-removers\/\">L'association britannique des d\u00e9m\u00e9nageurs<\/a> (<a href=\"https:\/\/moverdb.com\/fr\/british-association-of-removers\/\" data-internallinksmanager029f6b8e52c=\"9\" title=\"Explication de la British Association of Removers (BAR)\">BAR<\/a>)<\/li>\n<li> <a href=\"https:\/\/moverdb.com\/fr\/fidi-faim\/\">La F\u00e9d\u00e9ration internationale des d\u00e9m\u00e9nageurs<\/a> (<a href=\"https:\/\/moverdb.com\/fr\/fidi-faim\/\" data-internallinksmanager029f6b8e52c=\"16\" title=\"Explication de la FIDI et du FAIM (FIDI Accredited International Mover)\">FIDI<\/a>)<\/li>\n<li> Norme de service de qualit\u00e9 assur\u00e9e - BS EN 12522<\/li>\n<\/ul>\n<p><strong>Avis sur City Moving and Storage<\/strong><\/p>\n<p>Nous n'avons pas pu trouver d'avis positifs ou n\u00e9gatifs en ligne pour City Moving and Storage.<\/p>\n<div itemprop=\"review\" itemscope itemtype=\"http:\/\/schema.org\/Review\">\n<span itemprop=\"author\" itemscope=\"\" itemtype=\"http:\/\/schema.org\/Organization\"><span itemprop=\"name\">MoverDB.com<\/span><\/span> Examen en ligne du site Web pour <span itemprop=\"itemreviewed\" itemscope=\"\" itemtype=\"http:\/\/schema.org\/Brand\"><span itemprop=\"name\">City Moving and Storage<\/span><\/span>:<\/p>\n<ol>\n<li> Coordonn\u00e9es claires sur le site web (y compris le num\u00e9ro de t\u00e9l\u00e9phone) : <strong>Oui<\/strong><\/li>\n<li> Facile \u00e0 obtenir <a href=\"https:\/\/moverdb.com\/fr\/citations\/\">devis de d\u00e9m\u00e9nagement international<\/a>? (Formulaire de demande de devis en ligne) : <strong>Base<\/strong>Ils ont un formulaire de contact sur leur page d'accueil mais ne pr\u00e9cisent pas s'ils proposent des devis.<\/li>\n<li> Informations claires sur le site web : <strong>Non,<\/strong> Le site web a \u00e9t\u00e9 cr\u00e9\u00e9 en 2008 et ne donne que tr\u00e8s peu d'informations sur l'entreprise ou les mouvements qu'elle propose.<\/li>\n<li> Adh\u00e9sion \u00e0 des organisations internationales de d\u00e9m\u00e9nagement reconnues : <strong>Oui<\/strong>voir ci-dessus.<\/li>\n<li> Liste de clients et\/ou t\u00e9moignages de clients pr\u00e9c\u00e9dents : <strong>Non,<\/strong> L\u00e0 encore, le contenu du site Web est minimal et ne comprend aucun t\u00e9moignage de client ni aucune liste de clients, et aucune critique ne semble exister en ligne.<\/li>\n<\/ol>\n<div itemprop=\"reviewRating\" itemscope itemtype=\"http:\/\/schema.org\/Rating\"><meta itemprop=\"worstRating\" content = \"0\" \/><meta itemprop=\"bestRating\" content=\"5\" \/><meta itemprop=\"ratingValue\" content=\"2.5\"><\/div>\n<p><strong>Note globale : 2,5\/5<\/strong><br \/>\n<strong>Date de r\u00e9vision :<\/strong> <span itemprop=\"datePublished\" content=\"2016-09-04\">04\/09\/2016<\/span>\n<\/div>\n<p>En savoir plus <a href=\"https:\/\/moverdb.com\/fr\/entreprises-de-demenagement\/\">soci\u00e9t\u00e9s de d\u00e9m\u00e9nagement international<\/a> et notre <a href=\"https:\/\/moverdb.com\/fr\/revues\/\">processus de r\u00e9vision<\/a>.<\/p>\n<p><strong>Site web :<\/strong> <a href=\"http:\/\/www.citymoving.co.uk\" target=\"_blank\" rel=\"noopener\">http:\/\/www.citymoving.co.uk<\/a><\/p>","protected":false},"excerpt":{"rendered":"<p>City Moving and Storage offer both overseas and local moves to both business and private clients. There follows a list of these services, together with a company profile and reviews. Note: City Moving and Storage, should not be confused with City Removals, which is a separate company that also confusingly offers international removals. Moving Services [&hellip;]<\/p>\n","protected":false},"author":1,"featured_media":0,"parent":0,"menu_order":0,"comment_status":"closed","ping_status":"closed","template":"","meta":{"_genesis_hide_title":false,"_genesis_hide_breadcrumbs":false,"_genesis_hide_singular_image":false,"_genesis_hide_footer_widgets":false,"_genesis_custom_body_class":"","_genesis_custom_post_class":"","_genesis_layout":"","footnotes":""},"class_list":{"0":"post-942","1":"page","2":"type-page","3":"status-publish","5":"entry"},"_links":{"self":[{"href":"https:\/\/moverdb.com\/fr\/wp-json\/wp\/v2\/pages\/942","targetHints":{"allow":["GET"]}}],"collection":[{"href":"https:\/\/moverdb.com\/fr\/wp-json\/wp\/v2\/pages"}],"about":[{"href":"https:\/\/moverdb.com\/fr\/wp-json\/wp\/v2\/types\/page"}],"author":[{"embeddable":true,"href":"https:\/\/moverdb.com\/fr\/wp-json\/wp\/v2\/users\/1"}],"replies":[{"embeddable":true,"href":"https:\/\/moverdb.com\/fr\/wp-json\/wp\/v2\/comments?post=942"}],"version-history":[{"count":5,"href":"https:\/\/moverdb.com\/fr\/wp-json\/wp\/v2\/pages\/942\/revisions"}],"predecessor-version":[{"id":6191,"href":"https:\/\/moverdb.com\/fr\/wp-json\/wp\/v2\/pages\/942\/revisions\/6191"}],"wp:attachment":[{"href":"https:\/\/moverdb.com\/fr\/wp-json\/wp\/v2\/media?parent=942"}],"curies":[{"name":"wp","href":"https:\/\/api.w.org\/{rel}","templated":true}]}}