{"id":941,"date":"2016-07-25T11:02:02","date_gmt":"2016-07-25T11:02:02","guid":{"rendered":"http:\/\/moverdb.com\/?page_id=941"},"modified":"2026-01-08T15:30:36","modified_gmt":"2026-01-08T15:30:36","slug":"united-van-lines","status":"publish","type":"page","link":"https:\/\/moverdb.com\/fr\/united-van-lines\/","title":{"rendered":"United Van Lines : Services de d\u00e9m\u00e9nagement international et commentaires"},"content":{"rendered":"<p>United Van Lines offre \u00e0 ses clients de nombreux services de d\u00e9m\u00e9nagement, tant \u00e0 l'international qu'\u00e0 l'int\u00e9rieur du pays. <a href=\"https:\/\/moverdb.com\/fr\/moving-to-the-united-states\/\" data-internallinksmanager029f6b8e52c=\"94\" title=\"Vous partez aux \u00c9tats-Unis ? 2026 Co\u00fbt de la vie et conseils de relocalisation\">US<\/a>. Vous trouverez ci-dessous une liste de ces services, ainsi qu'un profil d'entreprise et des commentaires.<\/p>\n<p><strong>D\u00e9m\u00e9nagements internationaux<\/strong><\/p>\n<ul>\n<li> Planification et pr\u00e9paration du d\u00e9m\u00e9nagement<\/li>\n<li> \u00c9valuation et estimation des besoins<\/li>\n<li> Voyage de pr\u00e9paration \u00e0 la destination<\/li>\n<li> Formation linguistique et orientation culturelle<\/li>\n<li> Gestion des d\u00e9m\u00e9nagements<\/li>\n<li> Services de planification<\/li>\n<li> Transit international<\/li>\n<li> Suivi et livraison<\/li>\n<li> Services d'aide \u00e0 l'installation - banques, m\u00e9decins, etc.<\/li>\n<li> Services de visa et d'immigration<\/li>\n<li> Processus d'immigration des entreprises<\/li>\n<li> Processus d'immigration individuels<\/li>\n<li> Aide au logement - temporaire ou permanent<\/li>\n<li> Services de recherche de logement<\/li>\n<li> Logement temporaire<\/li>\n<li> Gestion des biens et des locations<\/li>\n<li> Aide \u00e0 la r\u00e9installation des familles<\/li>\n<li> Proc\u00e9dure de visa et de passeport<\/li>\n<li> Soutien du partenaire\/conjoint<\/li>\n<li> Assistance scolaire<\/li>\n<li> Formation culturelle et linguistique<\/li>\n<li> D\u00e9placement d'un animal de compagnie<\/li>\n<li> Assurance<\/li>\n<\/ul>\n<p><strong>D\u00e9m\u00e9nager avec United<\/strong><\/p>\n<ul>\n<li> D\u00e9placements locaux<\/li>\n<li> D\u00e9m\u00e9nagements internationaux<\/li>\n<li> D\u00e9m\u00e9nagements longue distance<\/li>\n<li> D\u00e9m\u00e9nagements d'entreprises<\/li>\n<li> D\u00e9m\u00e9nagements militaires et gouvernementaux<\/li>\n<li> Mouvements automobiles<\/li>\n<\/ul>\n<p><strong>Emballage et stockage<\/strong><\/p>\n<ul>\n<li> Self-packing<\/li>\n<li> Emballage personnalis\u00e9<\/li>\n<li> Emballage \u00e0 service complet<\/li>\n<li> D\u00e9ballez vos affaires<\/li>\n<li> D\u00e9ballage sur mesure<\/li>\n<li> D\u00e9ballage complet<\/li>\n<li> Stockage en transit pendant 90 jours<\/li>\n<li> Stockage en chambre forte<\/li>\n<li> Stockage et entreposage de courte et longue dur\u00e9e<\/li>\n<\/ul>\n<h2>Profil de l'entreprise United Van Lines<\/h2>\n<p>United Van Lines a ouvert ses portes en 1928 sous le nom de Return Loads Service \u00e0 Cleveland, <a href=\"https:\/\/moverdb.com\/fr\/moving-to-the-united-states\/moving-to-ohio\/\" data-internallinksmanager029f6b8e52c=\"409\" title=\"Vous d\u00e9m\u00e9nagez dans l&#039;Ohio ? 2026 Co\u00fbts de la vie et conseils de relocalisation\">Ohio<\/a>. La soci\u00e9t\u00e9 n'a cess\u00e9 de se renforcer, s'\u00e9tendant au march\u00e9 international. En 1995, elle a r\u00e9alis\u00e9 sa premi\u00e8re ann\u00e9e de chiffre d'affaires d'un milliard de dollars. <\/p>\n<p>United Van Lines est #1 en part de march\u00e9 des d\u00e9m\u00e9nageurs dans le pays.<\/p>\n<p>United dispose de 340 agents locaux dans tout le pays qui proposent des d\u00e9m\u00e9nagements et des installations de stockage. La soci\u00e9t\u00e9 fait appel \u00e0 plus de 1000 agents professionnels dans 128 pays pour ses d\u00e9m\u00e9nagements internationaux.<\/p>\n<p>United Van Lines poss\u00e8de les accr\u00e9ditations et affiliations suivantes :<\/p>\n<ul>\n<li> <a href=\"https:\/\/moverdb.com\/fr\/amsa\/\">Association am\u00e9ricaine de d\u00e9m\u00e9nagement et de stockage<\/a> (<a href=\"https:\/\/moverdb.com\/fr\/amsa\/\" data-internallinksmanager029f6b8e52c=\"5\" title=\"Explication de l&#039;Association am\u00e9ricaine de d\u00e9m\u00e9nagement et d&#039;entreposage (AMSA)\">AMSA<\/a>)<\/li>\n<li> <a href=\"https:\/\/moverdb.com\/fr\/jante-promoteur\/\">ProMover<\/a> (AMSA)<\/li>\n<li> National Quality Assurance USA ISO 9001 2008<\/li>\n<li> <a href=\"https:\/\/moverdb.com\/fr\/association-canadienne-des-demenageurs\/\">Association canadienne des d\u00e9m\u00e9nageurs<\/a> (<a href=\"https:\/\/moverdb.com\/fr\/canadian-association-of-movers\/\" data-internallinksmanager029f6b8e52c=\"11\" title=\"Explication de l&#039;Association canadienne des d\u00e9m\u00e9nageurs (ACD)\">CAM<\/a>)<\/li>\n<\/ul>\n<h2>Commentaires sur United Van Lines<\/h2>\n<p><strong>Positif :<\/strong><\/p>\n<ul>\n<li> \"<em>United Van Lines et ses partenaires locaux ont \u00e9t\u00e9 formidables\".<\/em> - Julia via <a href=\"http:\/\/www.yelp.com\/user_details?userid=nPUhNLstAOJEWjHLAb1rpA\" target=\"_blank\" rel=\"noopener\">Yelp<\/a><\/li>\n<li> \"<em>Si vous d\u00e9m\u00e9nagez \u00e0 Omaha, vous vous devez d'utiliser cette entreprise.\"<\/em> - Dean S via <a href=\"http:\/\/www.movingcompanyreviews.com\/MO\/Fenton\/united-van-lines-llc-61144\" target=\"_blank\" rel=\"noopener\">MovingCompanyReviews.com<\/a><\/li>\n<\/ul>\n<p><strong>N\u00e9gatif :<\/strong><\/p>\n<ul>\n<li> \"<em>Un service client horrible.\"<\/em> - Ally via <a href=\"http:\/\/www.yelp.com\/user_details?userid=ab4N7Z9Che1cq3g-QrONUw\" target=\"_blank\" rel=\"noopener\">Yelp<\/a> <\/li>\n<li> \"<em>Un cauchemar. Nous avons travaill\u00e9 avec John Silvernail de Corrigan United pour d\u00e9m\u00e9nager notre famille de <a href=\"https:\/\/moverdb.com\/fr\/moving-to-the-united-states\/moving-to-colorado\/\" data-internallinksmanager029f6b8e52c=\"399\" title=\"Vous d\u00e9m\u00e9nagez au Colorado ? 2026 Co\u00fbts de la vie et conseils de relocalisation\">Colorado<\/a> \u00e0 <a href=\"https:\/\/moverdb.com\/fr\/moving-to-the-united-states\/moving-to-california\/\" data-internallinksmanager029f6b8e52c=\"330\" title=\"D\u00e9m\u00e9nager en Californie ? 2026 Co\u00fbts de la vie et conseils de relocalisation\">Californie<\/a> en juin 2014\".<\/em> - Gaea M via <a href=\"http:\/\/www.movingcompanyreviews.com\/MO\/Fenton\/united-van-lines-llc-61144\" target=\"_blank\" rel=\"noopener\">MovingCompanyReviews.com<\/a><\/li>\n<\/ul>\n<div itemprop=\"review\" itemscope itemtype=\"http:\/\/schema.org\/Review\">\n<span itemprop=\"author\" itemscope=\"\" itemtype=\"http:\/\/schema.org\/Organization\"><span itemprop=\"name\">MoverDB.com<\/span><\/span> Examen en ligne du site Web pour <span itemprop=\"itemreviewed\" itemscope=\"\" itemtype=\"http:\/\/schema.org\/Brand\"><span itemprop=\"name\">United Van Lines<\/span><\/span>:<\/p>\n<ol>\n<li> Coordonn\u00e9es claires sur le site web (y compris le num\u00e9ro de t\u00e9l\u00e9phone) : <strong>Oui<\/strong><\/li>\n<li> Facile \u00e0 obtenir <a href=\"https:\/\/moverdb.com\/fr\/citations\/\">devis de d\u00e9m\u00e9nagement international<\/a>? (Formulaire de demande de devis en ligne) : <strong>Oui<\/strong><\/li>\n<li> Informations claires sur le site web : <strong>Oui.<\/strong> Le site web pr\u00e9sente clairement tous les services propos\u00e9s par l'entreprise.<\/li>\n<li> Adh\u00e9sion \u00e0 des organisations internationales de d\u00e9m\u00e9nagement reconnues : <strong>Oui<\/strong>(voir ci-dessus)<\/li>\n<li> Liste de clients et\/ou t\u00e9moignages de clients pr\u00e9c\u00e9dents. <strong>Oui,<\/strong> Burke Inc. a proc\u00e9d\u00e9 \u00e0 un audit ind\u00e9pendant des fiches de satisfaction de la client\u00e8le de la soci\u00e9t\u00e9 et, sur la base de celles-ci, la soci\u00e9t\u00e9 a un taux de satisfaction de la client\u00e8le de 4,22 sur 5.<\/li>\n<\/ol>\n<div itemprop=\"reviewRating\" itemscope itemtype=\"http:\/\/schema.org\/Rating\"><meta itemprop=\"worstRating\" content = \"0\" \/><meta itemprop=\"bestRating\" content=\"5\" \/><meta itemprop=\"ratingValue\" content=\"5\"><\/div>\n<p><strong>Note globale : 5\/5<\/strong><br \/>\n<strong>Date de r\u00e9vision :<\/strong> <span itemprop=\"datePublished\" content=\"2016-07-25\">25\/07\/2016<\/span>\n<\/div>\n<p>Plus d'informations sur <a href=\"https:\/\/moverdb.com\/fr\/entreprises-de-demenagement\/\">soci\u00e9t\u00e9s de d\u00e9m\u00e9nagement international<\/a>, <a href=\"https:\/\/moverdb.com\/fr\/demenageurs-us-canada\/\">entreprises de d\u00e9m\u00e9nagement national<\/a> et notre <a href=\"https:\/\/moverdb.com\/fr\/revues\/\">le processus de r\u00e9vision expliqu\u00e9<\/a>.<\/p>\n<p><strong>Sites web :<\/strong> US : <a href=\"http:\/\/www.unitedvanlines.com\/\" target=\"_blank\" rel=\"noopener\">http:\/\/www.unitedvanlines.com\/<\/a>; <a href=\"https:\/\/moverdb.com\/fr\/moving-to-canada\/\" data-internallinksmanager029f6b8e52c=\"265\" title=\"D\u00e9m\u00e9nager au Canada ? 2026 Co\u00fbt de la vie et conseils de relocalisation\">Canada<\/a>: <a href=\"http:\/\/www.uvl.ca\/\" target=\"_blank\" rel=\"noopener\">http:\/\/www.uvl.ca\/<\/a> <\/p>","protected":false},"excerpt":{"rendered":"<p>United Van Lines offers its clients many moving services both international and within the US. Below is a list of these services, plus a company profile and reviews. International Moves Move planning and preparation Needs assessment and estimate Destination preview trip Language training and cultural orientation Move management Planning services International transit Tracking and delivery [&hellip;]<\/p>\n","protected":false},"author":1,"featured_media":0,"parent":0,"menu_order":0,"comment_status":"closed","ping_status":"closed","template":"","meta":{"_genesis_hide_title":false,"_genesis_hide_breadcrumbs":false,"_genesis_hide_singular_image":false,"_genesis_hide_footer_widgets":false,"_genesis_custom_body_class":"","_genesis_custom_post_class":"","_genesis_layout":"","footnotes":""},"class_list":{"0":"post-941","1":"page","2":"type-page","3":"status-publish","5":"entry"},"_links":{"self":[{"href":"https:\/\/moverdb.com\/fr\/wp-json\/wp\/v2\/pages\/941","targetHints":{"allow":["GET"]}}],"collection":[{"href":"https:\/\/moverdb.com\/fr\/wp-json\/wp\/v2\/pages"}],"about":[{"href":"https:\/\/moverdb.com\/fr\/wp-json\/wp\/v2\/types\/page"}],"author":[{"embeddable":true,"href":"https:\/\/moverdb.com\/fr\/wp-json\/wp\/v2\/users\/1"}],"replies":[{"embeddable":true,"href":"https:\/\/moverdb.com\/fr\/wp-json\/wp\/v2\/comments?post=941"}],"version-history":[{"count":10,"href":"https:\/\/moverdb.com\/fr\/wp-json\/wp\/v2\/pages\/941\/revisions"}],"predecessor-version":[{"id":6249,"href":"https:\/\/moverdb.com\/fr\/wp-json\/wp\/v2\/pages\/941\/revisions\/6249"}],"wp:attachment":[{"href":"https:\/\/moverdb.com\/fr\/wp-json\/wp\/v2\/media?parent=941"}],"curies":[{"name":"wp","href":"https:\/\/api.w.org\/{rel}","templated":true}]}}