{"id":940,"date":"2016-09-04T19:16:26","date_gmt":"2016-09-04T19:16:26","guid":{"rendered":"http:\/\/moverdb.com\/?page_id=940"},"modified":"2026-01-08T14:47:53","modified_gmt":"2026-01-08T14:47:53","slug":"btr-international","status":"publish","type":"page","link":"https:\/\/moverdb.com\/fr\/btr-international\/","title":{"rendered":"BTR International : Mobilit\u00e9 de la main-d'\u0153uvre : Relocation &amp; Removals Reviews"},"content":{"rendered":"<p>BTR International offre au monde de l'entreprise de nombreux services afin de leur permettre de relocaliser leur personnel ou leur entreprise \u00e0 l'\u00e9tranger.<\/p>\n<p><strong>Services de d\u00e9m\u00e9nagement international<\/strong><\/p>\n<ul type=\"circle\">\n<li class=\"m_7262227758002368167MsoListParagraph\"><b>Services de conseil<\/b><u><\/u><u><\/u>\n<ul type=\"square\">\n<li class=\"m_7262227758002368167MsoListParagraph\">Conception et d\u00e9veloppement de la politique<u><\/u><u><\/u><\/li>\n<li class=\"m_7262227758002368167MsoListParagraph\">Analyse comparative<u><\/u><u><\/u><\/li>\n<li class=\"m_7262227758002368167MsoListParagraph\">Conseils<u><\/u><u><\/u><\/li>\n<\/ul>\n<\/li>\n<li class=\"m_7262227758002368167MsoListParagraph\"><b>Services de pr\u00e9-affectation<u><\/u><u><\/u><\/b>\n<ul type=\"square\">\n<li class=\"m_7262227758002368167MsoListParagraph\">Conseils pr\u00e9alables \u00e0 l'affectation<u><\/u><u><\/u><\/li>\n<li class=\"m_7262227758002368167MsoListParagraph\">Planification de la r\u00e9mun\u00e9ration<u><\/u><u><\/u><\/li>\n<li class=\"m_7262227758002368167MsoListParagraph\">Projections des co\u00fbts d'affectation<u><\/u><u><\/u><\/li>\n<li class=\"m_7262227758002368167MsoListParagraph\">Pr\u00e9paration de la lettre de mission<u><\/u><u><\/u><\/li>\n<li class=\"m_7262227758002368167MsoListParagraph\">Planification et strat\u00e9gie fiscales<u><\/u><u><\/u><\/li>\n<li class=\"m_7262227758002368167MsoListParagraph\">Calcul de la feuille de calcul de la r\u00e9mun\u00e9ration initiale<u><\/u><u><\/u><\/li>\n<li class=\"m_7262227758002368167MsoListParagraph\">Coordination des visas et de l'immigration<u><\/u><u><\/u><\/li>\n<li class=\"m_7262227758002368167MsoListParagraph\">D\u00e9claration de l'indemnit\u00e9 de vie ch\u00e8re<u><\/u><u><\/u><\/li>\n<li class=\"m_7262227758002368167MsoListParagraph\">Formation culturelle et linguistique<u><\/u><u><\/u><\/li>\n<li class=\"m_7262227758002368167MsoListParagraph\">Conseil en \u00e9ducation et placement<u><\/u><u><\/u><\/li>\n<li class=\"m_7262227758002368167MsoListParagraph\">Assistance marketing \u00e0 domicile<u><\/u><u><\/u><\/li>\n<\/ul>\n<\/li>\n<li class=\"m_7262227758002368167MsoListParagraph\"><b>Gestion des d\u00e9penses<\/b><u><\/u><u><\/u>\n<ul type=\"square\">\n<li class=\"m_7262227758002368167MsoListParagraph\">Audit des d\u00e9penses et d\u00e9caissement<u><\/u><u><\/u><\/li>\n<li class=\"m_7262227758002368167MsoListParagraph\">Paiement direct des d\u00e9penses<u><\/u><u><\/u><\/li>\n<li class=\"m_7262227758002368167MsoListParagraph\">Rapprochement et rapports d\u00e9taill\u00e9s<u><\/u><u><\/u><\/li>\n<li class=\"m_7262227758002368167MsoListParagraph\">Conformit\u00e9 de la politique de mobilit\u00e9 mondiale<u><\/u><u><\/u><\/li>\n<li class=\"m_7262227758002368167MsoListParagraph\">Exception \u00e0 la politique de d\u00e9claration des co\u00fbts<u><\/u><u><\/u><\/li>\n<\/ul>\n<\/li>\n<li class=\"m_7262227758002368167MsoListParagraph\"><b>Gestion des d\u00e9m\u00e9nagements<\/b><u><\/u><u><\/u>\n<ul type=\"square\">\n<li class=\"m_7262227758002368167MsoListParagraph\">Gestion des d\u00e9m\u00e9nagements collectifs<u><\/u><u><\/u><\/li>\n<li class=\"m_7262227758002368167MsoListParagraph\">Solution forfaitaire<u><\/u><u><\/u><\/li>\n<li class=\"m_7262227758002368167MsoListParagraph\">Services de stockage<u><\/u><u><\/u><\/li>\n<li class=\"m_7262227758002368167MsoListParagraph\">Programme de mobilit\u00e9 mondiale<u><\/u><u><\/u><\/li>\n<li class=\"m_7262227758002368167MsoListParagraph\">Transport international de marchandises<u><\/u><u><\/u><\/li>\n<li class=\"m_7262227758002368167MsoListParagraph\">Programme d'assurance<u><\/u><u><\/u><\/li>\n<li class=\"m_7262227758002368167MsoListParagraph\">Services VIP<u><\/u><u><\/u><\/li>\n<li class=\"m_7262227758002368167MsoListParagraph\">Gestion des stocks<u><\/u><u><\/u><\/li>\n<li class=\"m_7262227758002368167MsoListParagraph\">D\u00e9m\u00e9nagement commercial<u><\/u><u><\/u><\/li>\n<li class=\"m_7262227758002368167MsoListParagraph\">Services de d\u00e9m\u00e9nagement d'animaux de compagnie<u><\/u><u><\/u><\/li>\n<\/ul>\n<\/li>\n<li class=\"m_7262227758002368167MsoListParagraph\"><b>Services de destination<\/b><u><\/u><u><\/u>\n<ul type=\"square\">\n<li class=\"m_7262227758002368167MsoListParagraph\">Assistance \u00e0 la recherche de logement<u><\/u><u><\/u><\/li>\n<li class=\"m_7262227758002368167MsoListParagraph\">Aide \u00e0 la recherche de logement<u><\/u><u><\/u><\/li>\n<li class=\"m_7262227758002368167MsoListParagraph\">Aide \u00e0 la recherche d'une \u00e9cole<u><\/u><u><\/u><\/li>\n<li class=\"m_7262227758002368167MsoListParagraph\">Vie temporaire<u><\/u><u><\/u><\/li>\n<li class=\"m_7262227758002368167MsoListParagraph\">Orientation professionnelle du conjoint<u><\/u><u><\/u><\/li>\n<li class=\"m_7262227758002368167MsoListParagraph\">Gestion de la location<u><\/u><u><\/u><\/li>\n<li class=\"m_7262227758002368167MsoListParagraph\">Gestion de la propri\u00e9t\u00e9<u><\/u><u><\/u><\/li>\n<li class=\"m_7262227758002368167MsoListParagraph\">Services d'aide \u00e0 l'installation<u><\/u><u><\/u><\/li>\n<\/ul>\n<\/li>\n<li class=\"m_7262227758002368167MsoListParagraph\"><b>Services d'information<\/b><u><\/u><u><\/u>\n<ul type=\"square\">\n<li class=\"m_7262227758002368167MsoListParagraph\">Rapports d'affectation sur mesure<u><\/u><u><\/u><\/li>\n<li class=\"m_7262227758002368167MsoListParagraph\">Gestion des co\u00fbts et imp\u00f4ts de fin d'ann\u00e9e<u><\/u><u><\/u><\/li>\n<li class=\"m_7262227758002368167MsoListParagraph\">Exception \u00e0 la politique de suivi<u><\/u><u><\/u><\/li>\n<li class=\"m_7262227758002368167MsoListParagraph\">Suivi et rapports sur les voyageurs d'affaires<u><\/u><u><\/u><\/li>\n<li class=\"m_7262227758002368167MsoListParagraph\">Examens trimestriels et de fin d'ann\u00e9e des clients<\/li>\n<\/ul>\n<\/li>\n<\/ul>\n<h2>Profil de l'entreprise BTR International<\/h2>\n<p>BTR International est une soci\u00e9t\u00e9 de gestion de la relocalisation internationale prim\u00e9e qui compte plus de 35 ans d'exp\u00e9rience dans le domaine de la mobilit\u00e9 de la main-d'\u0153uvre. BTR International vise \u00e0 soulager le d\u00e9partement des ressources humaines d'une entreprise en organisant la plus grande partie possible du d\u00e9m\u00e9nagement et en soutenant \u00e0 la fois l'entreprise et le personnel qui d\u00e9m\u00e9nage.<\/p>\n<p>En 2019, BTR a \u00e9t\u00e9 rachet\u00e9 par Writer Corporation, une organisation mondiale qui compte plus de 60 ans d'expertise dans le secteur de la relocalisation. Leur collaboration a permis de renforcer leur r\u00e9seau mondial et la qualit\u00e9 de leurs services.<\/p>\n<p>Voici une liste des accr\u00e9ditations et des affiliations de BTR International :<\/p>\n<ul>\n<li><a href=\"https:\/\/moverdb.com\/fr\/british-association-of-removers\/\">L'association britannique des d\u00e9m\u00e9nageurs<\/a> (<a href=\"https:\/\/moverdb.com\/fr\/british-association-of-removers\/\" data-internallinksmanager029f6b8e52c=\"9\" title=\"Explication de la British Association of Removers (BAR)\">BAR<\/a>)<\/li>\n<li><a href=\"https:\/\/moverdb.com\/fr\/bar-overseas\/\">L'association britannique des d\u00e9m\u00e9nageurs d'outre-mer<\/a><\/li>\n<li><a href=\"https:\/\/moverdb.com\/fr\/fidi-faim\/\">F\u00e9d\u00e9ration internationale des d\u00e9m\u00e9nageurs<\/a> (<a href=\"https:\/\/moverdb.com\/fr\/fidi-faim\/\" data-internallinksmanager029f6b8e52c=\"16\" title=\"Explication de la FIDI et du FAIM (FIDI Accredited International Mover)\">FIDI<\/a>)<\/li>\n<li><a href=\"https:\/\/moverdb.com\/fr\/fidi-faim\/\">FAIM Plus<\/a><\/li>\n<li><a href=\"https:\/\/moverdb.com\/fr\/je-suis\/\">Association internationale des d\u00e9m\u00e9nageurs<\/a> (<a href=\"https:\/\/moverdb.com\/fr\/iam\/\" data-internallinksmanager029f6b8e52c=\"23\" title=\"L&#039;Association internationale des d\u00e9m\u00e9nageurs (IAM) expliqu\u00e9e\">IAM<\/a>)<\/li>\n<li><a href=\"https:\/\/moverdb.com\/fr\/fedemac\/\">FEDEMAC<\/a><\/li>\n<li><a href=\"https:\/\/moverdb.com\/fr\/lacma\/\">LACMA<\/a><\/li>\n<li><a href=\"https:\/\/moverdb.com\/fr\/mtc\/\">The Movers Trading Club<\/a> (<a href=\"https:\/\/moverdb.com\/fr\/mtc\/\" data-internallinksmanager029f6b8e52c=\"30\" title=\"Le Movers Trading Club (MTC) expliqu\u00e9\">MTC<\/a>)<\/li>\n<li><a href=\"https:\/\/moverdb.com\/fr\/conseil-de-relocation-des-employes\/\">ERC dans le monde<\/a><\/li>\n<li><a href=\"https:\/\/moverdb.com\/fr\/association-relogement-professionnels\/\">L'Association des professionnels de la relocation<\/a> (<a href=\"https:\/\/moverdb.com\/fr\/association-relocation-professionals\/\" data-internallinksmanager029f6b8e52c=\"6\" title=\"Explication de l&#039;Association of Relocation Professionals (ARP)\">ARP<\/a>)<\/li>\n<li><a href=\"https:\/\/moverdb.com\/fr\/eura\/\">Association europ\u00e9enne de relocation<\/a> (<a href=\"https:\/\/moverdb.com\/fr\/eura\/\" data-internallinksmanager029f6b8e52c=\"13\" title=\"L&#039;Association europ\u00e9enne de relocation (EuRA) expliqu\u00e9e\">EuRA<\/a>)<\/li>\n<li>Le Forum pour la gestion des expatri\u00e9s<\/li>\n<li>ISO 9001<\/li>\n<li>ISO 14001<\/li>\n<\/ul>\n<p><strong>Critiques de BTR International<\/strong><\/p>\n<p>L'entreprise a fait l'objet de plusieurs \u00e9valuations positives <a href=\"https:\/\/www.google.com\/search?q=btr+international&#038;rlz=1C1GCEU_en-GBGB955GB973&#038;oq=btr+international&#038;aqs=chrome.0.0i355i512j46i175i199i512j69i59l3j69i60l3.8906j0j7&#038;sourceid=chrome&#038;ie=UTF-8#lrd=0x48764eb31a41d6d7:0xb3d5c304f795d7ad,1,,,\" target=\"_blank\" rel=\"noopener\">vous pouvez voir ici<\/a>.<\/p>\n<p><strong>Positif<\/strong><\/p>\n<p><em>\"Nous n'aurions pas pu r\u00eaver d'une meilleure exp\u00e9rience pour notre d\u00e9m\u00e9nagement international avec BTR. Les professionnels du d\u00e9m\u00e9nagement des deux c\u00f4t\u00e9s \u00e9taient m\u00e9ticuleux, agr\u00e9ables et hautement qualifi\u00e9s. Tous les objets ont \u00e9t\u00e9 soigneusement emball\u00e9s, stock\u00e9s et d\u00e9ball\u00e9s\/remont\u00e9s \u00e0 destination dans les d\u00e9lais promis. Notre coordinatrice de d\u00e9m\u00e9nagement, Sarah, a \u00e9t\u00e9 extr\u00eamement proactive, r\u00e9active et attentionn\u00e9e. A recommander vivement !\"<\/em> - Tina Cachules<\/p>\n<p><em>\"Nous avons fait appel \u00e0 cette soci\u00e9t\u00e9 pour nos deux d\u00e9m\u00e9nagements au fil des ans. Nous avons trouv\u00e9 leur service excellent. Prix comp\u00e9titifs \u00e0 chaque fois. Leur service client\u00e8le est tr\u00e8s accessible et leurs \u00e9quipes de d\u00e9m\u00e9nageurs sont tr\u00e8s flexibles et efficaces. Je n'h\u00e9site pas \u00e0 recommander BTR.\"<\/em> - Geoff White<\/p>\n<p><em>\"Comme mon d\u00e9m\u00e9nagement \u00e9tait pr\u00e9vu \u00e0 tr\u00e8s court terme et \u00e0 des dates pr\u00e9cises, je n'ai pas pu le r\u00e9server aupr\u00e8s de BTR. Mais l'agent a \u00e9t\u00e9 tr\u00e8s serviable et plein d'informations et de conseils. Je ferais certainement appel \u00e0 eux \u00e0 l'avenir.<\/em> - Rachael<\/p>\n<p><strong>N\u00e9gatif :<\/strong><\/p>\n<ul>\n<li><em>\"Nous avons eu une bonne premi\u00e8re exp\u00e9rience avec BTR en tant qu'agent de livraison de notre envoi d'articles m\u00e9nagers de l'Union europ\u00e9enne. <a href=\"https:\/\/moverdb.com\/fr\/moving-to-the-united-states\/\" data-internallinksmanager029f6b8e52c=\"94\" title=\"Vous partez aux \u00c9tats-Unis ? 2026 Co\u00fbt de la vie et conseils de relocalisation\">US<\/a> en mai 2011, mais ils ont \u00e9t\u00e9 un cauchemar lors d'un d\u00e9m\u00e9nagement local en d\u00e9cembre 2012.\"<\/em> - Tim Emrich via <a href=\"http:\/\/www.removalreviews.co.uk\/movingreviews\/avoid-these-movers-1874\" target=\"_blank\" rel=\"noopener\">Revues de d\u00e9m\u00e9nagement<\/a><\/li>\n<\/ul>\n<div>\n<p>MoverDB.com a pass\u00e9 en revue le site Web de BTR International :<\/p>\n<ol>\n<li>Coordonn\u00e9es claires sur le site web (y compris le num\u00e9ro de t\u00e9l\u00e9phone) : <strong>Oui<\/strong><\/li>\n<li>Facile \u00e0 obtenir <a href=\"https:\/\/moverdb.com\/fr\/citations\/\">devis de d\u00e9m\u00e9nagements internationaux<\/a>? (Formulaire de demande de devis en ligne) : <strong>Oui<\/strong><\/li>\n<li>Informations claires sur le site web : <strong>Certains,<\/strong> Le site web ne contient pas beaucoup d'informations d\u00e9taill\u00e9es et il est un peu difficile d'y naviguer, mais les d\u00e9tails de base sont clairement pr\u00e9sent\u00e9s.<\/li>\n<li>Adh\u00e9sion \u00e0 des organisations internationales de d\u00e9m\u00e9nagement reconnues : <strong>Oui<\/strong>voir ci-dessus.<\/li>\n<li>Liste de clients et\/ou t\u00e9moignages de clients pr\u00e9c\u00e9dents : <strong>Oui,<\/strong> Le site web contient des t\u00e9moignages<\/li>\n<\/ol>\n<div>&nbsp;<\/div>\n<p><strong>Note globale : 4,5\/5<\/strong><br \/>\n<strong>Date de r\u00e9vision :<\/strong>03\/04\/2023<\/p>\n<\/div>\n<p>En savoir plus <a href=\"https:\/\/moverdb.com\/fr\/demenagements-internationaux\/\">soci\u00e9t\u00e9s de d\u00e9m\u00e9nagements internationaux<\/a> et notre <a href=\"https:\/\/moverdb.com\/fr\/revues\/\">processus de r\u00e9vision<\/a>.<\/p>\n<p><strong>Site web :<\/strong> <a href=\"https:\/\/www.btrinternational.com\/\" target=\"_blank\" rel=\"noopener\">https:\/\/www.btrinternational.com\/<\/a><\/p>","protected":false},"excerpt":{"rendered":"<p>BTR International offers the corporate world many services in order for them to relocate their staff or their business abroad. International Moving Services Consulting Services Policy Design &amp; Development Benchmarking Counselling Pre-Assignment Services Pre-Assignment Counselling Compensation Planning Assignment Cost Projections Assignment Letter Preparation Tax Planning &amp; Strategy Initial Compensation Worksheet Calculation Visa\/Immigration Co-ordination Cost Of [&hellip;]<\/p>\n","protected":false},"author":1,"featured_media":0,"parent":0,"menu_order":0,"comment_status":"closed","ping_status":"closed","template":"","meta":{"_genesis_hide_title":false,"_genesis_hide_breadcrumbs":false,"_genesis_hide_singular_image":false,"_genesis_hide_footer_widgets":false,"_genesis_custom_body_class":"","_genesis_custom_post_class":"","_genesis_layout":"","footnotes":""},"class_list":{"0":"post-940","1":"page","2":"type-page","3":"status-publish","5":"entry"},"_links":{"self":[{"href":"https:\/\/moverdb.com\/fr\/wp-json\/wp\/v2\/pages\/940","targetHints":{"allow":["GET"]}}],"collection":[{"href":"https:\/\/moverdb.com\/fr\/wp-json\/wp\/v2\/pages"}],"about":[{"href":"https:\/\/moverdb.com\/fr\/wp-json\/wp\/v2\/types\/page"}],"author":[{"embeddable":true,"href":"https:\/\/moverdb.com\/fr\/wp-json\/wp\/v2\/users\/1"}],"replies":[{"embeddable":true,"href":"https:\/\/moverdb.com\/fr\/wp-json\/wp\/v2\/comments?post=940"}],"version-history":[{"count":8,"href":"https:\/\/moverdb.com\/fr\/wp-json\/wp\/v2\/pages\/940\/revisions"}],"predecessor-version":[{"id":8598,"href":"https:\/\/moverdb.com\/fr\/wp-json\/wp\/v2\/pages\/940\/revisions\/8598"}],"wp:attachment":[{"href":"https:\/\/moverdb.com\/fr\/wp-json\/wp\/v2\/media?parent=940"}],"curies":[{"name":"wp","href":"https:\/\/api.w.org\/{rel}","templated":true}]}}